{"id":3380,"date":"2017-02-02T14:27:30","date_gmt":"2017-02-02T14:27:30","guid":{"rendered":"https:\/\/enfold.norbou.com\/kontakt\/"},"modified":"2024-08-24T12:29:46","modified_gmt":"2024-08-24T12:29:46","slug":"kontakt","status":"publish","type":"page","link":"https:\/\/enfold.norbou.com\/cs\/stranky\/kontakt\/","title":{"rendered":"Kontakt"},"content":{"rendered":"\n\n<style type=\"text\/css\" data-created_by=\"avia_inline_auto\" id=\"style-css-av-16av4-c003b781b1bfbee47fbf118f6d63bca2\">\n.avia-section.av-16av4-c003b781b1bfbee47fbf118f6d63bca2 .av-extra-border-element .av-extra-border-inner{\nbackground-color:#ffffff;\n}\n<\/style>\n<div id='av_section_1'  class='avia-section av-16av4-c003b781b1bfbee47fbf118f6d63bca2 main_color avia-section-large avia-no-border-styling  avia-builder-el-1  el_after_av_google_map  el_before_av_section  avia-bg-style-scroll av-arrow-down-section container_wrap sidebar_right'  ><div class='container av-section-cont-open' ><div class='template-page content  av-content-small alpha units'><div class='post-entry post-entry-type-page post-entry-3380'><div class='entry-content-wrapper clearfix'>\n\n<style type=\"text\/css\" data-created_by=\"avia_inline_auto\" id=\"style-css-av-339kc0-240aa7e350fc78c21fde6f5fddbabe43\">\n#top .av-special-heading.av-339kc0-240aa7e350fc78c21fde6f5fddbabe43{\npadding-bottom:20px;\nfont-size:40px;\n}\nbody .av-special-heading.av-339kc0-240aa7e350fc78c21fde6f5fddbabe43 .av-special-heading-tag .heading-char{\nfont-size:25px;\n}\n#top #wrap_all .av-special-heading.av-339kc0-240aa7e350fc78c21fde6f5fddbabe43 .av-special-heading-tag{\nfont-size:40px;\n}\n.av-special-heading.av-339kc0-240aa7e350fc78c21fde6f5fddbabe43 .av-subheading{\nfont-size:15px;\n}\n\n@media only screen and (min-width: 480px) and (max-width: 767px){ \n#top #wrap_all .av-special-heading.av-339kc0-240aa7e350fc78c21fde6f5fddbabe43 .av-special-heading-tag{\nfont-size:0.8em;\n}\n}\n\n@media only screen and (max-width: 479px){ \n#top #wrap_all .av-special-heading.av-339kc0-240aa7e350fc78c21fde6f5fddbabe43 .av-special-heading-tag{\nfont-size:0.8em;\n}\n}\n<\/style>\n<div  class='av-special-heading av-339kc0-240aa7e350fc78c21fde6f5fddbabe43 av-special-heading-h2 blockquote modern-quote  avia-builder-el-2  el_before_av_one_half  avia-builder-el-first  av-inherit-size'><h2 class='av-special-heading-tag '  itemprop=\"headline\"  >Kontakt<\/h2><div class=\"special-heading-border\"><div class=\"special-heading-inner-border\"><\/div><\/div><\/div>\n\n<style type=\"text\/css\" data-created_by=\"avia_inline_auto\" id=\"style-css-av-2ujfow-ec33026fd57bce9473a6ec0c5c1f827a\">\n.flex_column.av-2ujfow-ec33026fd57bce9473a6ec0c5c1f827a{\nborder-radius:0px 0px 0px 0px;\npadding:0px 0px 0px 0px;\n}\n<\/style>\n<div  class='flex_column av-2ujfow-ec33026fd57bce9473a6ec0c5c1f827a av_one_half  avia-builder-el-3  el_after_av_heading  el_before_av_one_half  first flex_column_div av-zero-column-padding  '     ><form action=\"https:\/\/enfold.norbou.com\/cs\/stranky\/kontakt\/\" method=\"post\" data-fields-with-error=\"Nalezeny chyby v n\u00e1sleduj\u00edc\u00edch pol\u00edch:\" class=\"avia_ajax_form av-form-labels-hidden   avia-builder-el-4  avia-builder-el-no-sibling   \" data-avia-form-id=\"1\" data-avia-redirect='' ><fieldset><p class='  first_form  form_element form_element_half' id='element_avia_1_1'><label for=\"avia_1_1\">Jm\u00e9no <abbr class=\"required\" title=\"po\u017eadov\u00e1no\">*<\/abbr><\/label> <input name=\"avia_1_1\" class=\"text_input is_empty\" type=\"text\" id=\"avia_1_1\" value=\"\"  placeholder='Jm\u00e9no*'\/><\/p><p class='  form_element form_element_half' id='element_avia_2_1'><label for=\"avia_2_1\">E-Mail <abbr class=\"required\" title=\"po\u017eadov\u00e1no\">*<\/abbr><\/label> <input name=\"avia_2_1\" class=\"text_input is_email\" type=\"text\" id=\"avia_2_1\" value=\"\"  placeholder='E-Mail*'\/><\/p><p class='  first_form  form_element form_fullwidth' id='element_avia_3_1'><label for=\"avia_3_1\">P\u0159edm\u011bt <abbr class=\"required\" title=\"po\u017eadov\u00e1no\">*<\/abbr><\/label> <input name=\"avia_3_1\" class=\"text_input is_empty\" type=\"text\" id=\"avia_3_1\" value=\"\"  placeholder='P\u0159edm\u011bt*'\/><\/p><p class='  first_form  form_element form_fullwidth av-last-visible-form-element' id='element_avia_4_1'><label for=\"avia_4_1\" class=\"textare_label hidden textare_label_avia_4_1\">Zpr\u00e1va <abbr class=\"required\" title=\"po\u017eadov\u00e1no\">*<\/abbr><\/label><textarea  placeholder='Zpr\u00e1va*' name=\"avia_4_1\" class=\"text_area is_empty\" cols=\"40\" rows=\"7\" id=\"avia_4_1\" ><\/textarea><\/p><p class=\"hidden\"><input type=\"text\" name=\"avia_5_1\" class=\"hidden \" id=\"avia_5_1\" value=\"\" \/><\/p><p class=\"form_element \"><input type=\"hidden\" value=\"1\" name=\"avia_generated_form1\" \/><input type=\"submit\" value=\"Odeslat\" class=\"button\"  data-sending-label=\"Odesl\u00e1n\u00ed na\"\/><\/p><\/fieldset><\/form><div id=\"ajaxresponse_1\" class=\"ajaxresponse ajaxresponse_1 hidden\"><\/div><\/div>\n<style type=\"text\/css\" data-created_by=\"avia_inline_auto\" id=\"style-css-av-1ybfns-700c2339d4fa037d2bdffa126dde058a\">\n.flex_column.av-1ybfns-700c2339d4fa037d2bdffa126dde058a{\nborder-radius:0px 0px 0px 0px;\npadding:0px 0px 0px 0px;\n}\n<\/style>\n<div  class='flex_column av-1ybfns-700c2339d4fa037d2bdffa126dde058a av_one_half  avia-builder-el-5  el_after_av_one_half  avia-builder-el-last  flex_column_div av-zero-column-padding  '     ><section  class='av_textblock_section av-1qugsg-0fbac75cb5b7e889f7a359edff6e9d4b '   itemscope=\"itemscope\" itemtype=\"https:\/\/schema.org\/CreativeWork\" ><div class='avia_textblock'  itemprop=\"text\" ><p>Lorem ipsum dolor sit amet, consectetuer adipiscing elit. Aenean commodo ligula eget dolor. Aenean massa. Cum sociis natoque penatibus et magnis dis <a href=\"#\">parturient montes<\/a>, nascetur ridiculus mus.<\/p>\n<h4>ADRESA<\/h4>\n<p>10800 West Pico Boulevard Infinity Loop<br \/>\nCupertino, Los Angeles, USA<\/p>\n<h4>KONTAKT<\/h4>\n<p>office@en-co.com<br \/>\n555-3587 347<\/p>\n<h4><\/h4>\n<\/div><\/section><\/div>\n\n<\/div><\/div><\/div><!-- close content main div --><\/div><div class='av-extra-border-element border-extra-arrow-down'><div class='av-extra-border-outer'><div class='av-extra-border-inner'><\/div><\/div><\/div><\/div>\n<style type=\"text\/css\" data-created_by=\"avia_inline_auto\" id=\"style-css-av-1m7lug-6a3c4235e34def51ab72e610e2d102df\">\n.avia-section.av-1m7lug-6a3c4235e34def51ab72e610e2d102df{\nbackground-repeat:no-repeat;\nbackground-image:url(https:\/\/enfold.norbou.com\/wp-content\/uploads\/2015\/07\/business-office-work.jpg);\nbackground-position:50% 50%;\nbackground-attachment:fixed;\n}\n.avia-section.av-1m7lug-6a3c4235e34def51ab72e610e2d102df .av-section-color-overlay{\nopacity:0.9;\nbackground-color:#35383c;\n}\n<\/style>\n<div id='newsletter'  class='avia-section av-1m7lug-6a3c4235e34def51ab72e610e2d102df main_color avia-section-huge avia-no-border-styling  avia-builder-el-7  el_after_av_section  avia-builder-el-last  avia-full-stretch avia-bg-style-fixed av-section-color-overlay-active container_wrap sidebar_right'  data-section-bg-repeat='stretch'><div class=\"av-section-color-overlay-wrap\"><div class=\"av-section-color-overlay\"><\/div><div class='container av-section-cont-open' ><div class='template-page content  av-content-small alpha units'><div class='post-entry post-entry-type-page post-entry-3380'><div class='entry-content-wrapper clearfix'>\n\n<style type=\"text\/css\" data-created_by=\"avia_inline_auto\" id=\"style-css-av-1fedww-8622772a907275c316b062d74c609c99\">\n#top .av-special-heading.av-1fedww-8622772a907275c316b062d74c609c99{\npadding-bottom:20px;\ncolor:#ffffff;\nfont-size:40px;\n}\nbody .av-special-heading.av-1fedww-8622772a907275c316b062d74c609c99 .av-special-heading-tag .heading-char{\nfont-size:25px;\n}\n#top #wrap_all .av-special-heading.av-1fedww-8622772a907275c316b062d74c609c99 .av-special-heading-tag{\nfont-size:40px;\n}\n.av-special-heading.av-1fedww-8622772a907275c316b062d74c609c99 .special-heading-inner-border{\nborder-color:#ffffff;\n}\n.av-special-heading.av-1fedww-8622772a907275c316b062d74c609c99 .av-subheading{\nfont-size:15px;\n}\n\n@media only screen and (min-width: 480px) and (max-width: 767px){ \n#top #wrap_all .av-special-heading.av-1fedww-8622772a907275c316b062d74c609c99 .av-special-heading-tag{\nfont-size:0.8em;\n}\n}\n\n@media only screen and (max-width: 479px){ \n#top #wrap_all .av-special-heading.av-1fedww-8622772a907275c316b062d74c609c99 .av-special-heading-tag{\nfont-size:0.8em;\n}\n}\n<\/style>\n<div  class='av-special-heading av-1fedww-8622772a907275c316b062d74c609c99 av-special-heading-h1 custom-color-heading blockquote modern-quote modern-centered  avia-builder-el-8  el_before_av_one_fifth  avia-builder-el-first  av-inherit-size'><h1 class='av-special-heading-tag '  itemprop=\"headline\"  >Chcete b\u00fdt v obraze?<br \/>P\u0159ihlaste se k odb\u011bru na\u0161eho zpravodaje<\/h1><div class=\"special-heading-border\"><div class=\"special-heading-inner-border\"><\/div><\/div><\/div>\n\n<style type=\"text\/css\" data-created_by=\"avia_inline_auto\" id=\"style-css-av-1ahy28-8fc8de5b1795938e999fc5e410654d11\">\n.flex_column.av-1ahy28-8fc8de5b1795938e999fc5e410654d11{\nborder-radius:0px 0px 0px 0px;\npadding:0px 0px 0px 0px;\n}\n<\/style>\n<div  class='flex_column av-1ahy28-8fc8de5b1795938e999fc5e410654d11 av_one_fifth  avia-builder-el-9  el_after_av_heading  el_before_av_three_fifth  first flex_column_div av-animated-generic fade-in av-zero-column-padding  '     ><\/div>\n<style type=\"text\/css\" data-created_by=\"avia_inline_auto\" id=\"style-css-av-13pjg8-10fe74ecb8ea7b0322dd33408af37b6d\">\n.flex_column.av-13pjg8-10fe74ecb8ea7b0322dd33408af37b6d{\nborder-radius:0px 0px 0px 0px;\npadding:0px 0px 0px 0px;\n}\n<\/style>\n<div  class='flex_column av-13pjg8-10fe74ecb8ea7b0322dd33408af37b6d av_three_fifth  avia-builder-el-10  el_after_av_one_fifth  el_before_av_one_fifth  flex_column_div av-animated-generic fade-in av-zero-column-padding  '     ><p><form action=\"https:\/\/enfold.norbou.com\/cs\/stranky\/kontakt\/\" method=\"post\" data-fields-with-error=\"Nalezeny chyby v n\u00e1sleduj\u00edc\u00edch pol\u00edch:\" class=\"avia_ajax_form av-form-labels-hidden   avia-builder-el-11  el_before_av_textblock  avia-builder-el-first  av-custom-form-color av-light-form \" data-avia-form-id=\"2\" data-avia-redirect='' ><fieldset><p class='  first_form  form_element form_element_third' id='element_avia_1_2'><label for=\"avia_1_2\">Jm\u00e9no <abbr class=\"required\" title=\"po\u017eadov\u00e1no\">*<\/abbr><\/label> <input name=\"avia_1_2\" class=\"text_input is_empty\" type=\"text\" id=\"avia_1_2\" value=\"\"  placeholder='Jm\u00e9no*'\/><\/p><p class='  form_element form_element_third av-last-visible-form-element' id='element_avia_2_2'><label for=\"avia_2_2\">E-Mail <abbr class=\"required\" title=\"po\u017eadov\u00e1no\">*<\/abbr><\/label> <input name=\"avia_2_2\" class=\"text_input is_email\" type=\"text\" id=\"avia_2_2\" value=\"\"  placeholder='E-Mail*'\/><\/p><p class=\"hidden\"><input type=\"text\" name=\"avia_3_2\" class=\"hidden \" id=\"avia_3_2\" value=\"\" \/><\/p><p class=\"form_element form_element_third modified_width\"><input type=\"hidden\" value=\"1\" name=\"avia_generated_form2\" \/><input type=\"submit\" value=\"P\u0159ihl\u00e1sit se k odb\u011bru\" class=\"button\"  data-sending-label=\"Odesl\u00e1n\u00ed na\"\/><\/p><\/fieldset><\/form><div id=\"ajaxresponse_2\" class=\"ajaxresponse ajaxresponse_2 hidden\"><\/div><br \/>\n\n<style type=\"text\/css\" data-created_by=\"avia_inline_auto\" id=\"style-css-av-g0pag-e34ccade03895dd835c465bea20c873a\">\n#top .av_textblock_section.av-g0pag-e34ccade03895dd835c465bea20c873a .avia_textblock{\ncolor:#cecece;\n}\n<\/style>\n<section  class='av_textblock_section av-g0pag-e34ccade03895dd835c465bea20c873a '   itemscope=\"itemscope\" itemtype=\"https:\/\/schema.org\/CreativeWork\" ><div class='avia_textblock av_inherit_color'  itemprop=\"text\" ><p style=\"text-align: center;\">V\u00e1\u017e\u00edme si va\u0161eho soukrom\u00ed. Nikdy v\u00e1m nebudeme pos\u00edlat spam ani p\u0159ed\u00e1vat va\u0161e informace t\u0159et\u00edm stran\u00e1m.<\/p>\n<\/div><\/section><\/p><\/div>\n<style type=\"text\/css\" data-created_by=\"avia_inline_auto\" id=\"style-css-av-bk920-cc062d7d38a7f2b83ce51660a2a66f9c\">\n.flex_column.av-bk920-cc062d7d38a7f2b83ce51660a2a66f9c{\nborder-radius:0px 0px 0px 0px;\npadding:0px 0px 0px 0px;\n}\n<\/style>\n<div  class='flex_column av-bk920-cc062d7d38a7f2b83ce51660a2a66f9c av_one_fifth  avia-builder-el-13  el_after_av_three_fifth  avia-builder-el-last  flex_column_div av-animated-generic fade-in av-zero-column-padding  '     ><\/div>\n<\/div><\/div><\/div><!-- close content main div --><\/div><\/div><\/div><div id='after_section_2'  class='main_color av_default_container_wrap container_wrap sidebar_right'  ><div class='container av-section-cont-open' ><div class='template-page content  av-content-small alpha units'><div class='post-entry post-entry-type-page post-entry-3380'><div class='entry-content-wrapper clearfix'>\n","protected":false},"excerpt":{"rendered":"","protected":false},"author":1,"featured_media":0,"parent":3404,"menu_order":0,"comment_status":"closed","ping_status":"closed","template":"","meta":{"_bbp_topic_count":0,"_bbp_reply_count":0,"_bbp_total_topic_count":0,"_bbp_total_reply_count":0,"_bbp_voice_count":0,"_bbp_anonymous_reply_count":0,"_bbp_topic_count_hidden":0,"_bbp_reply_count_hidden":0,"_bbp_forum_subforum_count":0,"footnotes":""},"class_list":["post-3380","page","type-page","status-publish","hentry"],"_links":{"self":[{"href":"https:\/\/enfold.norbou.com\/cs\/wp-json\/wp\/v2\/pages\/3380","targetHints":{"allow":["GET"]}}],"collection":[{"href":"https:\/\/enfold.norbou.com\/cs\/wp-json\/wp\/v2\/pages"}],"about":[{"href":"https:\/\/enfold.norbou.com\/cs\/wp-json\/wp\/v2\/types\/page"}],"author":[{"embeddable":true,"href":"https:\/\/enfold.norbou.com\/cs\/wp-json\/wp\/v2\/users\/1"}],"replies":[{"embeddable":true,"href":"https:\/\/enfold.norbou.com\/cs\/wp-json\/wp\/v2\/comments?post=3380"}],"version-history":[{"count":667,"href":"https:\/\/enfold.norbou.com\/cs\/wp-json\/wp\/v2\/pages\/3380\/revisions"}],"predecessor-version":[{"id":5013,"href":"https:\/\/enfold.norbou.com\/cs\/wp-json\/wp\/v2\/pages\/3380\/revisions\/5013"}],"up":[{"embeddable":true,"href":"https:\/\/enfold.norbou.com\/cs\/wp-json\/wp\/v2\/pages\/3404"}],"wp:attachment":[{"href":"https:\/\/enfold.norbou.com\/cs\/wp-json\/wp\/v2\/media?parent=3380"}],"curies":[{"name":"wp","href":"https:\/\/api.w.org\/{rel}","templated":true}]}}