{"id":3383,"date":"2017-02-02T14:27:17","date_gmt":"2017-02-02T14:27:17","guid":{"rendered":"https:\/\/enfold.norbou.com\/prazdne-stranky\/"},"modified":"2024-08-24T12:29:46","modified_gmt":"2024-08-24T12:29:46","slug":"prazdne-stranky","status":"publish","type":"page","link":"https:\/\/enfold.norbou.com\/cs\/stranky\/prazdne-stranky\/","title":{"rendered":"Pr\u00e1zdn\u00e9 str\u00e1nky"},"content":{"rendered":"<div id='av_section_1'  class='avia-section av-w1fmt-11f9c8cf71a43e2f12c814efea5858cf alternate_color avia-section-default avia-no-shadow  avia-builder-el-0  avia-builder-el-no-sibling  avia-bg-style-scroll av-minimum-height av-minimum-height-75 av-height-75  container_wrap sidebar_right'   data-av_minimum_height_pc='75' data-av_min_height_opt='75'><div class='container av-section-cont-open' ><main  role=\"main\" itemprop=\"mainContentOfPage\"  class='template-page content  av-content-small alpha units'><div class='post-entry post-entry-type-page post-entry-3383'><div class='entry-content-wrapper clearfix'>\n\n<style type=\"text\/css\" data-created_by=\"avia_inline_auto\" id=\"style-css-av-rmuj1-0c88e1a7badfe790179055b5d84012ed\">\n#top .av-special-heading.av-rmuj1-0c88e1a7badfe790179055b5d84012ed{\npadding-bottom:10px;\nfont-size:40px;\n}\nbody .av-special-heading.av-rmuj1-0c88e1a7badfe790179055b5d84012ed .av-special-heading-tag .heading-char{\nfont-size:25px;\n}\n#top #wrap_all .av-special-heading.av-rmuj1-0c88e1a7badfe790179055b5d84012ed .av-special-heading-tag{\nfont-size:40px;\n}\n.av-special-heading.av-rmuj1-0c88e1a7badfe790179055b5d84012ed .av-subheading{\nfont-size:15px;\n}\n\n@media only screen and (min-width: 480px) and (max-width: 767px){ \n#top #wrap_all .av-special-heading.av-rmuj1-0c88e1a7badfe790179055b5d84012ed .av-special-heading-tag{\nfont-size:0.8em;\n}\n}\n\n@media only screen and (max-width: 479px){ \n#top #wrap_all .av-special-heading.av-rmuj1-0c88e1a7badfe790179055b5d84012ed .av-special-heading-tag{\nfont-size:0.8em;\n}\n}\n<\/style>\n<div  class='av-special-heading av-rmuj1-0c88e1a7badfe790179055b5d84012ed av-special-heading-h2 blockquote modern-quote modern-centered  avia-builder-el-1  el_before_av_textblock  avia-builder-el-first  av-inherit-size'><h2 class='av-special-heading-tag '  itemprop=\"headline\"  >Pr\u00e1zdn\u00e9 str\u00e1nky<\/h2><div class=\"special-heading-border\"><div class=\"special-heading-inner-border\"><\/div><\/div><\/div>\n<section  class='av_textblock_section av-25aw5-1579c33be8e3278f2f6d1342ea542e8b '   itemscope=\"itemscope\" itemtype=\"https:\/\/schema.org\/CreativeWork\" ><div class='avia_textblock'  itemprop=\"text\" ><p style=\"text-align: center;\">S \u0161ablonou Blank Page m\u016f\u017eete vytv\u00e1\u0159et zaj\u00edmav\u00e9 str\u00e1nky mimo b\u011b\u017en\u00e9 \u0161ablony, jako jsou str\u00e1nky s ozn\u00e1men\u00edm o brzk\u00e9m spu\u0161t\u011bn\u00ed nebo str\u00e1nky \u00fadr\u017eby.<br \/>\nM\u016f\u017eete pou\u017e\u00edt v\u0161echny prvky a shortcody b\u011b\u017en\u00e9 str\u00e1nky, jedin\u00fd rozd\u00edl je, \u017ee se nezobrazuj\u00ed ani z\u00e1hlav\u00ed, ani z\u00e1pat\u00ed<\/p>\n<\/div><\/section>\n\n<style type=\"text\/css\" data-created_by=\"avia_inline_auto\" id=\"style-css-av-csurh-50245d27724cc5d18fb2a1078f715ab2\">\n#top .hr.hr-invisible.av-csurh-50245d27724cc5d18fb2a1078f715ab2{\nheight:30px;\n}\n<\/style>\n<div  class='hr av-csurh-50245d27724cc5d18fb2a1078f715ab2 hr-invisible  avia-builder-el-3  el_after_av_textblock  el_before_av_button '><span class='hr-inner '><span class=\"hr-inner-style\"><\/span><\/span><\/div>\n<div  class='avia-button-wrap av-8qlbx-edbe9fcb445fbb4ff94b761af3495cf4-wrap avia-button-center  avia-builder-el-4  el_after_av_hr  avia-builder-el-last '><a href='https:\/\/enfold.norbou.com\/cs\/stranky\/'  class='avia-button av-8qlbx-edbe9fcb445fbb4ff94b761af3495cf4 av-link-btn avia-icon_select-yes-left-icon avia-size-large avia-position-center avia-color-dark'   aria-label=\"Zp\u011bt na uk\u00e1zku motivu\"><span class='avia_button_icon avia_button_icon_left avia-iconfont avia-font-entypo-fontello' data-av_icon='' data-av_iconfont='entypo-fontello' ><\/span><span class='avia_iconbox_title' >Zp\u011bt na uk\u00e1zku motivu<\/span><\/a><\/div>\n<\/div><\/div><\/main><!-- close content main element --><\/div><\/div><div id='after_section_1'  class='main_color av_default_container_wrap container_wrap sidebar_right'  ><div class='container av-section-cont-open' ><div class='template-page content  av-content-small alpha units'><div class='post-entry post-entry-type-page post-entry-3383'><div class='entry-content-wrapper clearfix'>\n","protected":false},"excerpt":{"rendered":"","protected":false},"author":1,"featured_media":0,"parent":3404,"menu_order":0,"comment_status":"closed","ping_status":"closed","template":"template-blank.php","meta":{"_bbp_topic_count":0,"_bbp_reply_count":0,"_bbp_total_topic_count":0,"_bbp_total_reply_count":0,"_bbp_voice_count":0,"_bbp_anonymous_reply_count":0,"_bbp_topic_count_hidden":0,"_bbp_reply_count_hidden":0,"_bbp_forum_subforum_count":0,"footnotes":""},"class_list":["post-3383","page","type-page","status-publish","hentry"],"_links":{"self":[{"href":"https:\/\/enfold.norbou.com\/cs\/wp-json\/wp\/v2\/pages\/3383","targetHints":{"allow":["GET"]}}],"collection":[{"href":"https:\/\/enfold.norbou.com\/cs\/wp-json\/wp\/v2\/pages"}],"about":[{"href":"https:\/\/enfold.norbou.com\/cs\/wp-json\/wp\/v2\/types\/page"}],"author":[{"embeddable":true,"href":"https:\/\/enfold.norbou.com\/cs\/wp-json\/wp\/v2\/users\/1"}],"replies":[{"embeddable":true,"href":"https:\/\/enfold.norbou.com\/cs\/wp-json\/wp\/v2\/comments?post=3383"}],"version-history":[{"count":10,"href":"https:\/\/enfold.norbou.com\/cs\/wp-json\/wp\/v2\/pages\/3383\/revisions"}],"predecessor-version":[{"id":4889,"href":"https:\/\/enfold.norbou.com\/cs\/wp-json\/wp\/v2\/pages\/3383\/revisions\/4889"}],"up":[{"embeddable":true,"href":"https:\/\/enfold.norbou.com\/cs\/wp-json\/wp\/v2\/pages\/3404"}],"wp:attachment":[{"href":"https:\/\/enfold.norbou.com\/cs\/wp-json\/wp\/v2\/media?parent=3383"}],"curies":[{"name":"wp","href":"https:\/\/api.w.org\/{rel}","templated":true}]}}