{"id":3391,"date":"2017-02-02T12:29:24","date_gmt":"2017-02-02T12:29:24","guid":{"rendered":"https:\/\/enfold.norbou.com\/pravni-upozorneni\/"},"modified":"2024-08-24T12:29:46","modified_gmt":"2024-08-24T12:29:46","slug":"pravni-upozorneni","status":"publish","type":"page","link":"https:\/\/enfold.norbou.com\/cs\/pravni-upozorneni\/","title":{"rendered":"Pr\u00e1vn\u00ed upozorn\u011bn\u00ed"},"content":{"rendered":"<div id='av_section_1'  class='avia-section av-21nxlx-a94f6070617e45b6c293d056bab95991 main_color avia-section-large avia-no-border-styling  avia-builder-el-0  el_before_av_section  avia-builder-el-first  avia-bg-style-scroll container_wrap sidebar_right'  ><div class='container av-section-cont-open' ><main  role=\"main\" itemprop=\"mainContentOfPage\"  class='template-page content  av-content-small alpha units'><div class='post-entry post-entry-type-page post-entry-3391'><div class='entry-content-wrapper clearfix'>\n\n<style type=\"text\/css\" data-created_by=\"avia_inline_auto\" id=\"style-css-av-om9x-156a9f4e57fe4f779b061d2e466d5976\">\n#top .av-special-heading.av-om9x-156a9f4e57fe4f779b061d2e466d5976{\npadding-bottom:20px;\nfont-size:40px;\n}\nbody .av-special-heading.av-om9x-156a9f4e57fe4f779b061d2e466d5976 .av-special-heading-tag .heading-char{\nfont-size:25px;\n}\n#top #wrap_all .av-special-heading.av-om9x-156a9f4e57fe4f779b061d2e466d5976 .av-special-heading-tag{\nfont-size:40px;\n}\n.av-special-heading.av-om9x-156a9f4e57fe4f779b061d2e466d5976 .av-subheading{\nfont-size:15px;\n}\n\n@media only screen and (min-width: 480px) and (max-width: 767px){ \n#top #wrap_all .av-special-heading.av-om9x-156a9f4e57fe4f779b061d2e466d5976 .av-special-heading-tag{\nfont-size:0.8em;\n}\n}\n\n@media only screen and (max-width: 479px){ \n#top #wrap_all .av-special-heading.av-om9x-156a9f4e57fe4f779b061d2e466d5976 .av-special-heading-tag{\nfont-size:0.8em;\n}\n}\n<\/style>\n<div  class='av-special-heading av-om9x-156a9f4e57fe4f779b061d2e466d5976 av-special-heading-h2 blockquote modern-quote  avia-builder-el-1  el_before_av_hr  avia-builder-el-first  av-inherit-size'><h2 class='av-special-heading-tag '  itemprop=\"headline\"  >Pr\u00e1vn\u00ed upozorn\u011bn\u00ed<\/h2><div class=\"special-heading-border\"><div class=\"special-heading-inner-border\"><\/div><\/div><\/div>\n\n<style type=\"text\/css\" data-created_by=\"avia_inline_auto\" id=\"style-css-av-1r695p-e8c70e3370342cd2dd2af12133398049\">\n#top .hr.av-1r695p-e8c70e3370342cd2dd2af12133398049{\nmargin-top:10px;\nmargin-bottom:10px;\n}\n.hr.av-1r695p-e8c70e3370342cd2dd2af12133398049 .hr-inner{\nwidth:50px;\nborder-color:#000000;\n}\n<\/style>\n<div  class='hr av-1r695p-e8c70e3370342cd2dd2af12133398049 hr-custom  avia-builder-el-2  el_after_av_heading  el_before_av_one_half  hr-left hr-icon-no'><span class='hr-inner inner-border-av-border-fat'><span class=\"hr-inner-style\"><\/span><\/span><\/div>\n\n<style type=\"text\/css\" data-created_by=\"avia_inline_auto\" id=\"style-css-av-1ixxpx-0400fab111f4862856c0ec31f7b95ead\">\n.flex_column.av-1ixxpx-0400fab111f4862856c0ec31f7b95ead{\nborder-radius:0px 0px 0px 0px;\npadding:0px 0px 0px 0px;\n}\n<\/style>\n<div  class='flex_column av-1ixxpx-0400fab111f4862856c0ec31f7b95ead av_one_half  avia-builder-el-3  el_after_av_hr  el_before_av_one_half  first flex_column_div av-zero-column-padding  '     ><section  class='av_textblock_section av-1da7m5-a712be54d1169c1e314b7b0e4fb48b6a '   itemscope=\"itemscope\" itemtype=\"https:\/\/schema.org\/CreativeWork\" ><div class='avia_textblock'  itemprop=\"text\" ><p>Lorem ipsum dolor sit amet, consectetuer adipiscing elit. Aenean commodo ligula eget dolor. Aenean massa. Cum sociis natoque penatibus et magnis dis <a href=\"#\">parturient montes<\/a>, nascetur ridiculus mus.<br \/>\nDonec quam felis, ultricies nec, pellentesque eu, pretium quis, sem. Nulla consequat massa quis enim.<\/p>\n<\/div><\/section><\/div>\n<style type=\"text\/css\" data-created_by=\"avia_inline_auto\" id=\"style-css-av-18wp39-53f280d16703a2bd2288988ddb5de586\">\n.flex_column.av-18wp39-53f280d16703a2bd2288988ddb5de586{\nborder-radius:0px 0px 0px 0px;\npadding:0px 0px 0px 0px;\n}\n<\/style>\n<div  class='flex_column av-18wp39-53f280d16703a2bd2288988ddb5de586 av_one_half  avia-builder-el-5  el_after_av_one_half  avia-builder-el-last  flex_column_div av-zero-column-padding  '     ><section  class='av_textblock_section av-11rmgl-5ca878b046053c85d72c191d7023a4a2 '   itemscope=\"itemscope\" itemtype=\"https:\/\/schema.org\/CreativeWork\" ><div class='avia_textblock'  itemprop=\"text\" ><p>Donec pede justo, fringilla vel, aliquet nec, vulputate eget, arcu. In enim justo, rhoncus ut, imperdiet a, venenatis vitae, justo. Nullam dictum felis eu pede mollis pretium. Integer tincidunt.<br \/>\nCras dapibus. <strong>Vivamus elementum<\/strong> semper nisi. Aenean vulputate eleifend tellus. Aenean leo ligula.<\/p>\n<\/div><\/section><\/div><\/div><\/div><\/main><!-- close content main element --><\/div><\/div><div id='av_section_2'  class='avia-section av-zp0i5-010245ef7994a728e46b0d10a94074ba main_color avia-section-large avia-no-border-styling  avia-builder-el-7  el_after_av_section  avia-builder-el-last  avia-bg-style-scroll container_wrap sidebar_right'  ><div class='container av-section-cont-open' ><div class='template-page content  av-content-small alpha units'><div class='post-entry post-entry-type-page post-entry-3391'><div class='entry-content-wrapper clearfix'>\n\n<style type=\"text\/css\" data-created_by=\"avia_inline_auto\" id=\"style-css-av-2lf4l-7399c6072e423d05b19bba26b902102d\">\n.flex_column.av-2lf4l-7399c6072e423d05b19bba26b902102d{\nborder-radius:0px 0px 0px 0px;\npadding:0px 0px 0px 0px;\n}\n<\/style>\n<div  class='flex_column av-2lf4l-7399c6072e423d05b19bba26b902102d av_one_half  avia-builder-el-8  el_before_av_one_half  avia-builder-el-first  first flex_column_div av-zero-column-padding  '     ><section  class='av_textblock_section av-ko6lh-50564cc947fdea3f8a730fc1d5093bd0 '   itemscope=\"itemscope\" itemtype=\"https:\/\/schema.org\/CreativeWork\" ><div class='avia_textblock'  itemprop=\"text\" ><p>Lorem ipsum dolor sit amet, consectetuer adipiscing elit. Aenean commodo ligula eget dolor. Aenean massa. Cum sociis natoque penatibus et magnis dis parturient montes, nascetur ridiculus mus.<br \/>\nDonec quam felis, ultricies nec, pellentesque eu, pretium quis, sem. Nulla consequat massa quis enim.<\/p>\n<\/div><\/section><\/div>\n<style type=\"text\/css\" data-created_by=\"avia_inline_auto\" id=\"style-css-av-hl0a5-0bf8ab33701323e96b05c3d57fa86c3d\">\n.flex_column.av-hl0a5-0bf8ab33701323e96b05c3d57fa86c3d{\nborder-radius:0px 0px 0px 0px;\npadding:0px 0px 0px 0px;\n}\n<\/style>\n<div  class='flex_column av-hl0a5-0bf8ab33701323e96b05c3d57fa86c3d av_one_half  avia-builder-el-10  el_after_av_one_half  avia-builder-el-last  flex_column_div av-zero-column-padding  '     ><section  class='av_textblock_section av-9j86l-518146a3be1f533755d976a544fab0c0 '   itemscope=\"itemscope\" itemtype=\"https:\/\/schema.org\/CreativeWork\" ><div class='avia_textblock'  itemprop=\"text\" ><p>Donec quam felis, ultricies nec, pellentesque eu, pretium quis, sem. Nulla consequat massa quis enim.<br \/>\nLorem ipsum dolor sit amet, consectetuer adipiscing elit. Aenean commodo ligula eget dolor. Aenean massa. Cum sociis natoque penatibus et magnis dis parturient montes, nascetur ridiculus mus.<\/p>\n<\/div><\/section><\/div><\/div><\/div><\/div><!-- close content main div --><\/div><\/div><div id='after_section_2'  class='main_color av_default_container_wrap container_wrap sidebar_right'  ><div class='container av-section-cont-open' ><div class='template-page content  av-content-small alpha units'><div class='post-entry post-entry-type-page post-entry-3391'><div class='entry-content-wrapper clearfix'><\/p>\n","protected":false},"excerpt":{"rendered":"","protected":false},"author":1,"featured_media":0,"parent":0,"menu_order":0,"comment_status":"closed","ping_status":"closed","template":"","meta":{"_bbp_topic_count":0,"_bbp_reply_count":0,"_bbp_total_topic_count":0,"_bbp_total_reply_count":0,"_bbp_voice_count":0,"_bbp_anonymous_reply_count":0,"_bbp_topic_count_hidden":0,"_bbp_reply_count_hidden":0,"_bbp_forum_subforum_count":0,"footnotes":""},"class_list":["post-3391","page","type-page","status-publish","hentry"],"_links":{"self":[{"href":"https:\/\/enfold.norbou.com\/cs\/wp-json\/wp\/v2\/pages\/3391","targetHints":{"allow":["GET"]}}],"collection":[{"href":"https:\/\/enfold.norbou.com\/cs\/wp-json\/wp\/v2\/pages"}],"about":[{"href":"https:\/\/enfold.norbou.com\/cs\/wp-json\/wp\/v2\/types\/page"}],"author":[{"embeddable":true,"href":"https:\/\/enfold.norbou.com\/cs\/wp-json\/wp\/v2\/users\/1"}],"replies":[{"embeddable":true,"href":"https:\/\/enfold.norbou.com\/cs\/wp-json\/wp\/v2\/comments?post=3391"}],"version-history":[{"count":9,"href":"https:\/\/enfold.norbou.com\/cs\/wp-json\/wp\/v2\/pages\/3391\/revisions"}],"predecessor-version":[{"id":4897,"href":"https:\/\/enfold.norbou.com\/cs\/wp-json\/wp\/v2\/pages\/3391\/revisions\/4897"}],"wp:attachment":[{"href":"https:\/\/enfold.norbou.com\/cs\/wp-json\/wp\/v2\/media?parent=3391"}],"curies":[{"name":"wp","href":"https:\/\/api.w.org\/{rel}","templated":true}]}}