{"id":3413,"date":"2017-02-02T12:27:50","date_gmt":"2017-02-02T12:27:50","guid":{"rendered":"https:\/\/enfold.norbou.com\/portfolio\/"},"modified":"2024-08-24T12:29:46","modified_gmt":"2024-08-24T12:29:46","slug":"portfolio","status":"publish","type":"page","link":"https:\/\/enfold.norbou.com\/cs\/portfolio\/","title":{"rendered":"Portfolio"},"content":{"rendered":"\n<style type=\"text\/css\" data-created_by=\"avia_inline_auto\" id=\"style-css-av-x79s5-8eff06e709a29d76f60df809cba6e905\">\n.avia-section.av-x79s5-8eff06e709a29d76f60df809cba6e905{\nbackground-repeat:no-repeat;\nbackground-image:url(https:\/\/enfold.norbou.com\/wp-content\/uploads\/2017\/02\/business-office-work-blurred.jpg);\nbackground-position:50% 0%;\nbackground-attachment:scroll;\n}\n.avia-section.av-x79s5-8eff06e709a29d76f60df809cba6e905 .av-section-color-overlay{\nopacity:0.6;\nbackground-color:#000000;\n}\n<\/style>\n<div id='av_section_1'  class='avia-section av-x79s5-8eff06e709a29d76f60df809cba6e905 main_color avia-section-huge avia-no-shadow  avia-builder-el-0  el_before_av_portfolio  avia-builder-el-first  avia-full-stretch avia-bg-style-scroll av-section-color-overlay-active container_wrap sidebar_right'  data-section-bg-repeat='stretch'><div class=\"av-section-color-overlay-wrap\"><div class=\"av-section-color-overlay\"><\/div><div class='container av-section-cont-open' ><main  role=\"main\" itemprop=\"mainContentOfPage\"  class='template-page content  av-content-small alpha units'><div class='post-entry post-entry-type-page post-entry-3413'><div class='entry-content-wrapper clearfix'>\n\n<style type=\"text\/css\" data-created_by=\"avia_inline_auto\" id=\"style-css-av-riu7p-1dc1efa32653ddfc938e846f564b8a9b\">\n#top .av-special-heading.av-riu7p-1dc1efa32653ddfc938e846f564b8a9b{\npadding-bottom:0;\ncolor:#ffffff;\nfont-size:40px;\n}\nbody .av-special-heading.av-riu7p-1dc1efa32653ddfc938e846f564b8a9b .av-special-heading-tag .heading-char{\nfont-size:25px;\n}\n#top #wrap_all .av-special-heading.av-riu7p-1dc1efa32653ddfc938e846f564b8a9b .av-special-heading-tag{\nfont-size:40px;\n}\n.av-special-heading.av-riu7p-1dc1efa32653ddfc938e846f564b8a9b .special-heading-inner-border{\nborder-color:#ffffff;\n}\n.av-special-heading.av-riu7p-1dc1efa32653ddfc938e846f564b8a9b .av-subheading{\nfont-size:15px;\n}\n\n@media only screen and (min-width: 480px) and (max-width: 767px){ \n#top #wrap_all .av-special-heading.av-riu7p-1dc1efa32653ddfc938e846f564b8a9b .av-special-heading-tag{\nfont-size:0.8em;\n}\n}\n\n@media only screen and (max-width: 479px){ \n#top #wrap_all .av-special-heading.av-riu7p-1dc1efa32653ddfc938e846f564b8a9b .av-special-heading-tag{\nfont-size:0.8em;\n}\n}\n<\/style>\n<div  class='av-special-heading av-riu7p-1dc1efa32653ddfc938e846f564b8a9b av-special-heading-h1 custom-color-heading blockquote modern-quote modern-centered  avia-builder-el-1  el_before_av_hr  avia-builder-el-first  av-inherit-size'><h1 class='av-special-heading-tag '  itemprop=\"headline\"  >Portfolio P\u0159\u00edklad:<br \/>Klasick\u00fd 3 sloupcov\u00fd pln\u00fd \u0161\u00ed\u0159ka<\/h1><div class=\"special-heading-border\"><div class=\"special-heading-inner-border\"><\/div><\/div><\/div>\n\n<style type=\"text\/css\" data-created_by=\"avia_inline_auto\" id=\"style-css-av-inv6t-579876a20ee52668e87c76b6a826c64f\">\n#top .hr.av-inv6t-579876a20ee52668e87c76b6a826c64f{\nmargin-top:30px;\nmargin-bottom:30px;\n}\n.hr.av-inv6t-579876a20ee52668e87c76b6a826c64f .hr-inner{\nwidth:50px;\nborder-color:#ffffff;\n}\n<\/style>\n<div  class='hr av-inv6t-579876a20ee52668e87c76b6a826c64f hr-custom  avia-builder-el-2  el_after_av_heading  el_before_av_textblock  hr-center hr-icon-no'><span class='hr-inner inner-border-av-border-fat'><span class=\"hr-inner-style\"><\/span><\/span><\/div>\n\n<style type=\"text\/css\" data-created_by=\"avia_inline_auto\" id=\"style-css-av-d9ak5-ff3814047585e9b9ee89ef1a43117003\">\n#top .av_textblock_section.av-d9ak5-ff3814047585e9b9ee89ef1a43117003 .avia_textblock{\ncolor:#dddddd;\n}\n<\/style>\n<section  class='av_textblock_section av-d9ak5-ff3814047585e9b9ee89ef1a43117003 '   itemscope=\"itemscope\" itemtype=\"https:\/\/schema.org\/CreativeWork\" ><div class='avia_textblock av_inherit_color'  itemprop=\"text\" ><p style=\"text-align: center;\">Ahoj! Jsme Enfold a vytv\u00e1\u0159\u00edme opravdu kr\u00e1sn\u00e9 a \u00fa\u017easn\u00e9 v\u011bci.<br \/>\nToto lze pou\u017e\u00edt k popisu toho, co d\u011bl\u00e1te, jak to d\u011bl\u00e1te a pro koho to d\u011bl\u00e1te.<\/p>\n<\/div><\/section>\n\n<div  id=\"av-sc-portfolio-1\"  class=\"av-portfolio-grid-sorting-container\"><div class='sort_width_container  av-sort-yes' data-portfolio-id='1' ><div id='js_sort_items' ><div class='sort_by_cat '><a href=\"#\" data-filter=\"all_sort\" class=\"all_sort_button active_sort\"><span class=\"inner_sort_button\"><span>V\u0161echny<\/span><small class=\"av-cat-count\"> 9 <\/small><\/span><\/a><span class=\"text-sep design-cs_sort_sep\">\/<\/span><a href=\"#\" data-filter=\"design-cs_sort\" class=\"design-cs_sort_button\" ><span class=\"inner_sort_button\"><span>Design<\/span><small class=\"av-cat-count\"> 5 <\/small><\/span><\/a><span class=\"text-sep fotografie_sort_sep\">\/<\/span><a href=\"#\" data-filter=\"fotografie_sort\" class=\"fotografie_sort_button\" ><span class=\"inner_sort_button\"><span>Fotografie<\/span><small class=\"av-cat-count\"> 5 <\/small><\/span><\/a><span class=\"text-sep ilustrace_sort_sep\">\/<\/span><a href=\"#\" data-filter=\"ilustrace_sort\" class=\"ilustrace_sort_button\" ><span class=\"inner_sort_button\"><span>Ilustrace<\/span><small class=\"av-cat-count\"> 5 <\/small><\/span><\/a><\/div><\/div><\/div><div  class=' grid-sort-container isotope   no_margin-container with-title-container grid-total-odd grid-col-3 grid-links-' data-portfolio-id='1'><div data-ajax-id='3430' class=' grid-entry flex_column isotope-item all_sort no_margin post-entry post-entry-3430 grid-entry-overview grid-loop-1 grid-parity-odd  fotografie_sort ilustrace_sort  av_one_third first default_av_fullwidth '><article class='main_color inner-entry'  itemscope=\"itemscope\" itemtype=\"https:\/\/schema.org\/CreativeWork\" ><a href=\"https:\/\/enfold.norbou.com\/cs\/portfolio-item\/moderni-jednoduchy-vstup\/\" title='Modern\u00ed jednoduch\u00fd vstup'  data-rel='grid-1' class='grid-image avia-hover-fx'> <img decoding=\"async\" fetchpriority=\"high\" width=\"800\" height=\"570\" src=\"https:\/\/enfold.norbou.com\/wp-content\/uploads\/2015\/07\/portfolio-10.jpg\" class=\"wp-image-3431 avia-img-lazy-loading-not-3431 attachment-no scaling size-no scaling wp-post-image\" alt=\"\" srcset=\"https:\/\/enfold.norbou.com\/wp-content\/uploads\/2015\/07\/portfolio-10.jpg 800w, https:\/\/enfold.norbou.com\/wp-content\/uploads\/2015\/07\/portfolio-10-300x214.jpg 300w, https:\/\/enfold.norbou.com\/wp-content\/uploads\/2015\/07\/portfolio-10-768x547.jpg 768w, https:\/\/enfold.norbou.com\/wp-content\/uploads\/2015\/07\/portfolio-10-260x185.jpg 260w, https:\/\/enfold.norbou.com\/wp-content\/uploads\/2015\/07\/portfolio-10-705x502.jpg 705w, https:\/\/enfold.norbou.com\/wp-content\/uploads\/2015\/07\/portfolio-10-450x321.jpg 450w, https:\/\/enfold.norbou.com\/wp-content\/uploads\/2015\/07\/portfolio-10-600x428.jpg 600w\" sizes=\"(max-width: 800px) 100vw, 800px\" \/><\/a><div class='grid-content'><div class='avia-arrow'><\/div><header class=\"entry-content-header\" aria-label=\"Portfolio: Modern\u00ed jednoduch\u00fd vstup\"><h3 class='grid-entry-title entry-title '  itemprop=\"headline\" ><a href='https:\/\/enfold.norbou.com\/cs\/portfolio-item\/moderni-jednoduchy-vstup\/' title='Modern\u00ed jednoduch\u00fd vstup'>Modern\u00ed jednoduch\u00fd vstup<\/a><\/h3><\/header><\/div><footer class=\"entry-footer\"><\/footer><\/article><\/div><div data-ajax-id='3435' class=' grid-entry flex_column isotope-item all_sort no_margin post-entry post-entry-3435 grid-entry-overview grid-loop-2 grid-parity-even  design-cs_sort  av_one_third  default_av_fullwidth '><article class='main_color inner-entry'  itemscope=\"itemscope\" itemtype=\"https:\/\/schema.org\/CreativeWork\" ><a href=\"https:\/\/enfold.norbou.com\/cs\/portfolio-item\/klasicky-jednoduchy-vstup\/\" title='Klasick\u00fd jednoduch\u00fd vstup'  data-rel='grid-1' class='grid-image avia-hover-fx'> <img decoding=\"async\" fetchpriority=\"high\" width=\"800\" height=\"570\" src=\"https:\/\/enfold.norbou.com\/wp-content\/uploads\/2015\/07\/portfolio-9.jpg\" class=\"wp-image-3436 avia-img-lazy-loading-not-3436 attachment-no scaling size-no scaling wp-post-image\" alt=\"\" srcset=\"https:\/\/enfold.norbou.com\/wp-content\/uploads\/2015\/07\/portfolio-9.jpg 800w, https:\/\/enfold.norbou.com\/wp-content\/uploads\/2015\/07\/portfolio-9-300x214.jpg 300w, https:\/\/enfold.norbou.com\/wp-content\/uploads\/2015\/07\/portfolio-9-768x547.jpg 768w, https:\/\/enfold.norbou.com\/wp-content\/uploads\/2015\/07\/portfolio-9-260x185.jpg 260w, https:\/\/enfold.norbou.com\/wp-content\/uploads\/2015\/07\/portfolio-9-705x502.jpg 705w, https:\/\/enfold.norbou.com\/wp-content\/uploads\/2015\/07\/portfolio-9-450x321.jpg 450w, https:\/\/enfold.norbou.com\/wp-content\/uploads\/2015\/07\/portfolio-9-600x428.jpg 600w\" sizes=\"(max-width: 800px) 100vw, 800px\" \/><\/a><div class='grid-content'><div class='avia-arrow'><\/div><header class=\"entry-content-header\" aria-label=\"Portfolio: Klasick\u00fd jednoduch\u00fd vstup\"><h3 class='grid-entry-title entry-title '  itemprop=\"headline\" ><a href='https:\/\/enfold.norbou.com\/cs\/portfolio-item\/klasicky-jednoduchy-vstup\/' title='Klasick\u00fd jednoduch\u00fd vstup'>Klasick\u00fd jednoduch\u00fd vstup<\/a><\/h3><\/header><\/div><footer class=\"entry-footer\"><\/footer><\/article><\/div><div data-ajax-id='3440' class=' grid-entry flex_column isotope-item all_sort no_margin post-entry post-entry-3440 grid-entry-overview grid-loop-3 grid-parity-odd  design-cs_sort  av_one_third  default_av_fullwidth '><article class='main_color inner-entry'  itemscope=\"itemscope\" itemtype=\"https:\/\/schema.org\/CreativeWork\" ><a href=\"https:\/\/enfold.norbou.com\/cs\/portfolio-item\/klasicka-jednotliva-polozka-c-2\/\" title='Klasick\u00e1 jednotliv\u00e1 polo\u017eka \u010d. 2'  data-rel='grid-1' class='grid-image avia-hover-fx'> <img decoding=\"async\" fetchpriority=\"high\" width=\"800\" height=\"570\" src=\"https:\/\/enfold.norbou.com\/wp-content\/uploads\/2015\/07\/portfolio-5.jpg\" class=\"wp-image-3441 avia-img-lazy-loading-not-3441 attachment-no scaling size-no scaling wp-post-image\" alt=\"\" srcset=\"https:\/\/enfold.norbou.com\/wp-content\/uploads\/2015\/07\/portfolio-5.jpg 800w, https:\/\/enfold.norbou.com\/wp-content\/uploads\/2015\/07\/portfolio-5-300x214.jpg 300w, https:\/\/enfold.norbou.com\/wp-content\/uploads\/2015\/07\/portfolio-5-768x547.jpg 768w, https:\/\/enfold.norbou.com\/wp-content\/uploads\/2015\/07\/portfolio-5-260x185.jpg 260w, https:\/\/enfold.norbou.com\/wp-content\/uploads\/2015\/07\/portfolio-5-705x502.jpg 705w, https:\/\/enfold.norbou.com\/wp-content\/uploads\/2015\/07\/portfolio-5-450x321.jpg 450w, https:\/\/enfold.norbou.com\/wp-content\/uploads\/2015\/07\/portfolio-5-600x428.jpg 600w\" sizes=\"(max-width: 800px) 100vw, 800px\" \/><\/a><div class='grid-content'><div class='avia-arrow'><\/div><header class=\"entry-content-header\" aria-label=\"Portfolio: Klasick\u00e1 jednotliv\u00e1 polo\u017eka \u010d. 2\"><h3 class='grid-entry-title entry-title '  itemprop=\"headline\" ><a href='https:\/\/enfold.norbou.com\/cs\/portfolio-item\/klasicka-jednotliva-polozka-c-2\/' title='Klasick\u00e1 jednotliv\u00e1 polo\u017eka \u010d. 2'>Klasick\u00e1 jednotliv\u00e1 polo\u017eka \u010d. 2<\/a><\/h3><\/header><\/div><footer class=\"entry-footer\"><\/footer><\/article><\/div><div data-ajax-id='3445' class=' grid-entry flex_column isotope-item all_sort no_margin post-entry post-entry-3445 grid-entry-overview grid-loop-4 grid-parity-even  design-cs_sort ilustrace_sort  av_one_third first default_av_fullwidth '><article class='main_color inner-entry'  itemscope=\"itemscope\" itemtype=\"https:\/\/schema.org\/CreativeWork\" ><a href=\"https:\/\/enfold.norbou.com\/cs\/portfolio-item\/macbook-pro-a-ssd\/\" title='MacBook PRO a SSD'  data-rel='grid-1' class='grid-image avia-hover-fx'> <img decoding=\"async\" fetchpriority=\"high\" width=\"800\" height=\"570\" src=\"https:\/\/enfold.norbou.com\/wp-content\/uploads\/2015\/07\/portfolio-6.jpg\" class=\"wp-image-3446 avia-img-lazy-loading-not-3446 attachment-no scaling size-no scaling wp-post-image\" alt=\"\" srcset=\"https:\/\/enfold.norbou.com\/wp-content\/uploads\/2015\/07\/portfolio-6.jpg 800w, https:\/\/enfold.norbou.com\/wp-content\/uploads\/2015\/07\/portfolio-6-300x214.jpg 300w, https:\/\/enfold.norbou.com\/wp-content\/uploads\/2015\/07\/portfolio-6-768x547.jpg 768w, https:\/\/enfold.norbou.com\/wp-content\/uploads\/2015\/07\/portfolio-6-260x185.jpg 260w, https:\/\/enfold.norbou.com\/wp-content\/uploads\/2015\/07\/portfolio-6-705x502.jpg 705w, https:\/\/enfold.norbou.com\/wp-content\/uploads\/2015\/07\/portfolio-6-450x321.jpg 450w, https:\/\/enfold.norbou.com\/wp-content\/uploads\/2015\/07\/portfolio-6-600x428.jpg 600w\" sizes=\"(max-width: 800px) 100vw, 800px\" \/><\/a><div class='grid-content'><div class='avia-arrow'><\/div><header class=\"entry-content-header\" aria-label=\"Portfolio: MacBook PRO a SSD\"><h3 class='grid-entry-title entry-title '  itemprop=\"headline\" ><a href='https:\/\/enfold.norbou.com\/cs\/portfolio-item\/macbook-pro-a-ssd\/' title='MacBook PRO a SSD'>MacBook PRO a SSD<\/a><\/h3><\/header><\/div><footer class=\"entry-footer\"><\/footer><\/article><\/div><div data-ajax-id='3454' class=' grid-entry flex_column isotope-item all_sort no_margin post-entry post-entry-3454 grid-entry-overview grid-loop-5 grid-parity-odd  fotografie_sort ilustrace_sort  av_one_third  default_av_fullwidth '><article class='main_color inner-entry'  itemscope=\"itemscope\" itemtype=\"https:\/\/schema.org\/CreativeWork\" ><a href=\"https:\/\/enfold.norbou.com\/cs\/portfolio-item\/plant-plant\/\" title='Plant &#038; Plant'  data-rel='grid-1' class='grid-image avia-hover-fx'> <img decoding=\"async\" fetchpriority=\"high\" width=\"800\" height=\"570\" src=\"https:\/\/enfold.norbou.com\/wp-content\/uploads\/2015\/07\/portfolio-1.jpg\" class=\"wp-image-3455 avia-img-lazy-loading-not-3455 attachment-no scaling size-no scaling wp-post-image\" alt=\"\" srcset=\"https:\/\/enfold.norbou.com\/wp-content\/uploads\/2015\/07\/portfolio-1.jpg 800w, https:\/\/enfold.norbou.com\/wp-content\/uploads\/2015\/07\/portfolio-1-300x214.jpg 300w, https:\/\/enfold.norbou.com\/wp-content\/uploads\/2015\/07\/portfolio-1-768x547.jpg 768w, https:\/\/enfold.norbou.com\/wp-content\/uploads\/2015\/07\/portfolio-1-260x185.jpg 260w, https:\/\/enfold.norbou.com\/wp-content\/uploads\/2015\/07\/portfolio-1-705x502.jpg 705w, https:\/\/enfold.norbou.com\/wp-content\/uploads\/2015\/07\/portfolio-1-450x321.jpg 450w, https:\/\/enfold.norbou.com\/wp-content\/uploads\/2015\/07\/portfolio-1-600x428.jpg 600w\" sizes=\"(max-width: 800px) 100vw, 800px\" \/><\/a><div class='grid-content'><div class='avia-arrow'><\/div><header class=\"entry-content-header\" aria-label=\"Portfolio: Plant &#038; Plant\"><h3 class='grid-entry-title entry-title '  itemprop=\"headline\" ><a href='https:\/\/enfold.norbou.com\/cs\/portfolio-item\/plant-plant\/' title='Plant &#038; Plant'>Plant &#038; Plant<\/a><\/h3><\/header><\/div><footer class=\"entry-footer\"><\/footer><\/article><\/div><div data-ajax-id='3459' class=' grid-entry flex_column isotope-item all_sort no_margin post-entry post-entry-3459 grid-entry-overview grid-loop-6 grid-parity-even  design-cs_sort ilustrace_sort  av_one_third  default_av_fullwidth '><article class='main_color inner-entry'  itemscope=\"itemscope\" itemtype=\"https:\/\/schema.org\/CreativeWork\" ><a href=\"https:\/\/enfold.norbou.com\/cs\/portfolio-item\/slunecni-bryle\/\" title='Slune\u010dn\u00ed br\u00fdle'  data-rel='grid-1' class='grid-image avia-hover-fx'> <img decoding=\"async\" fetchpriority=\"high\" width=\"800\" height=\"570\" src=\"https:\/\/enfold.norbou.com\/wp-content\/uploads\/2015\/07\/portfolio-7.jpg\" class=\"wp-image-3460 avia-img-lazy-loading-not-3460 attachment-no scaling size-no scaling wp-post-image\" alt=\"\" srcset=\"https:\/\/enfold.norbou.com\/wp-content\/uploads\/2015\/07\/portfolio-7.jpg 800w, https:\/\/enfold.norbou.com\/wp-content\/uploads\/2015\/07\/portfolio-7-300x214.jpg 300w, https:\/\/enfold.norbou.com\/wp-content\/uploads\/2015\/07\/portfolio-7-768x547.jpg 768w, https:\/\/enfold.norbou.com\/wp-content\/uploads\/2015\/07\/portfolio-7-260x185.jpg 260w, https:\/\/enfold.norbou.com\/wp-content\/uploads\/2015\/07\/portfolio-7-705x502.jpg 705w, https:\/\/enfold.norbou.com\/wp-content\/uploads\/2015\/07\/portfolio-7-450x321.jpg 450w, https:\/\/enfold.norbou.com\/wp-content\/uploads\/2015\/07\/portfolio-7-600x428.jpg 600w\" sizes=\"(max-width: 800px) 100vw, 800px\" \/><\/a><div class='grid-content'><div class='avia-arrow'><\/div><header class=\"entry-content-header\" aria-label=\"Portfolio: Slune\u010dn\u00ed br\u00fdle\"><h3 class='grid-entry-title entry-title '  itemprop=\"headline\" ><a href='https:\/\/enfold.norbou.com\/cs\/portfolio-item\/slunecni-bryle\/' title='Slune\u010dn\u00ed br\u00fdle'>Slune\u010dn\u00ed br\u00fdle<\/a><\/h3><\/header><\/div><footer class=\"entry-footer\"><\/footer><\/article><\/div><div data-ajax-id='3464' class=' grid-entry flex_column isotope-item all_sort no_margin post-entry post-entry-3464 grid-entry-overview grid-loop-7 grid-parity-odd  design-cs_sort fotografie_sort  av_one_third first default_av_fullwidth '><article class='main_color inner-entry'  itemscope=\"itemscope\" itemtype=\"https:\/\/schema.org\/CreativeWork\" ><a href=\"https:\/\/enfold.norbou.com\/cs\/portfolio-item\/mapa-pokladu\/\" title='Mapa poklad\u016f'  data-rel='grid-1' class='grid-image avia-hover-fx'> <img decoding=\"async\" fetchpriority=\"high\" width=\"800\" height=\"570\" src=\"https:\/\/enfold.norbou.com\/wp-content\/uploads\/2015\/07\/portfolio-4.jpg\" class=\"wp-image-3465 avia-img-lazy-loading-not-3465 attachment-no scaling size-no scaling wp-post-image\" alt=\"\" srcset=\"https:\/\/enfold.norbou.com\/wp-content\/uploads\/2015\/07\/portfolio-4.jpg 800w, https:\/\/enfold.norbou.com\/wp-content\/uploads\/2015\/07\/portfolio-4-300x214.jpg 300w, https:\/\/enfold.norbou.com\/wp-content\/uploads\/2015\/07\/portfolio-4-768x547.jpg 768w, https:\/\/enfold.norbou.com\/wp-content\/uploads\/2015\/07\/portfolio-4-260x185.jpg 260w, https:\/\/enfold.norbou.com\/wp-content\/uploads\/2015\/07\/portfolio-4-705x502.jpg 705w, https:\/\/enfold.norbou.com\/wp-content\/uploads\/2015\/07\/portfolio-4-450x321.jpg 450w, https:\/\/enfold.norbou.com\/wp-content\/uploads\/2015\/07\/portfolio-4-600x428.jpg 600w\" sizes=\"(max-width: 800px) 100vw, 800px\" \/><\/a><div class='grid-content'><div class='avia-arrow'><\/div><header class=\"entry-content-header\" aria-label=\"Portfolio: Mapa poklad\u016f\"><h3 class='grid-entry-title entry-title '  itemprop=\"headline\" ><a href='https:\/\/enfold.norbou.com\/cs\/portfolio-item\/mapa-pokladu\/' title='Mapa poklad\u016f'>Mapa poklad\u016f<\/a><\/h3><\/header><\/div><footer class=\"entry-footer\"><\/footer><\/article><\/div><div data-ajax-id='3469' class=' grid-entry flex_column isotope-item all_sort no_margin post-entry post-entry-3469 grid-entry-overview grid-loop-8 grid-parity-even  fotografie_sort ilustrace_sort  av_one_third  default_av_fullwidth '><article class='main_color inner-entry'  itemscope=\"itemscope\" itemtype=\"https:\/\/schema.org\/CreativeWork\" ><a href=\"https:\/\/enfold.norbou.com\/cs\/portfolio-item\/obedovy-balicek\/\" title='Ob\u011bdov\u00fd bal\u00ed\u010dek'  data-rel='grid-1' class='grid-image avia-hover-fx'> <img decoding=\"async\" fetchpriority=\"high\" width=\"800\" height=\"570\" src=\"https:\/\/enfold.norbou.com\/wp-content\/uploads\/2015\/07\/portfolio-3.jpg\" class=\"wp-image-3470 avia-img-lazy-loading-not-3470 attachment-no scaling size-no scaling wp-post-image\" alt=\"\" srcset=\"https:\/\/enfold.norbou.com\/wp-content\/uploads\/2015\/07\/portfolio-3.jpg 800w, https:\/\/enfold.norbou.com\/wp-content\/uploads\/2015\/07\/portfolio-3-300x214.jpg 300w, https:\/\/enfold.norbou.com\/wp-content\/uploads\/2015\/07\/portfolio-3-768x547.jpg 768w, https:\/\/enfold.norbou.com\/wp-content\/uploads\/2015\/07\/portfolio-3-260x185.jpg 260w, https:\/\/enfold.norbou.com\/wp-content\/uploads\/2015\/07\/portfolio-3-705x502.jpg 705w, https:\/\/enfold.norbou.com\/wp-content\/uploads\/2015\/07\/portfolio-3-450x321.jpg 450w, https:\/\/enfold.norbou.com\/wp-content\/uploads\/2015\/07\/portfolio-3-600x428.jpg 600w\" sizes=\"(max-width: 800px) 100vw, 800px\" \/><\/a><div class='grid-content'><div class='avia-arrow'><\/div><header class=\"entry-content-header\" aria-label=\"Portfolio: Ob\u011bdov\u00fd bal\u00ed\u010dek\"><h3 class='grid-entry-title entry-title '  itemprop=\"headline\" ><a href='https:\/\/enfold.norbou.com\/cs\/portfolio-item\/obedovy-balicek\/' title='Ob\u011bdov\u00fd bal\u00ed\u010dek'>Ob\u011bdov\u00fd bal\u00ed\u010dek<\/a><\/h3><\/header><\/div><footer class=\"entry-footer\"><\/footer><\/article><\/div><div data-ajax-id='3476' class=' grid-entry flex_column isotope-item all_sort no_margin post-entry post-entry-3476 grid-entry-overview grid-loop-9 grid-parity-odd  post-entry-last  fotografie_sort  av_one_third  default_av_fullwidth '><article class='main_color inner-entry'  itemscope=\"itemscope\" itemtype=\"https:\/\/schema.org\/CreativeWork\" ><a href=\"https:\/\/enfold.norbou.com\/cs\/portfolio-item\/smlouva\/\" title='Smlouva'  data-rel='grid-1' class='grid-image avia-hover-fx'> <img decoding=\"async\" fetchpriority=\"high\" width=\"800\" height=\"570\" src=\"https:\/\/enfold.norbou.com\/wp-content\/uploads\/2015\/07\/portfolio-2.jpg\" class=\"wp-image-3477 avia-img-lazy-loading-not-3477 attachment-no scaling size-no scaling wp-post-image\" alt=\"\" srcset=\"https:\/\/enfold.norbou.com\/wp-content\/uploads\/2015\/07\/portfolio-2.jpg 800w, https:\/\/enfold.norbou.com\/wp-content\/uploads\/2015\/07\/portfolio-2-300x214.jpg 300w, https:\/\/enfold.norbou.com\/wp-content\/uploads\/2015\/07\/portfolio-2-768x547.jpg 768w, https:\/\/enfold.norbou.com\/wp-content\/uploads\/2015\/07\/portfolio-2-260x185.jpg 260w, https:\/\/enfold.norbou.com\/wp-content\/uploads\/2015\/07\/portfolio-2-705x502.jpg 705w, https:\/\/enfold.norbou.com\/wp-content\/uploads\/2015\/07\/portfolio-2-450x321.jpg 450w, https:\/\/enfold.norbou.com\/wp-content\/uploads\/2015\/07\/portfolio-2-600x428.jpg 600w\" sizes=\"(max-width: 800px) 100vw, 800px\" \/><\/a><div class='grid-content'><div class='avia-arrow'><\/div><header class=\"entry-content-header\" aria-label=\"Portfolio: Smlouva\"><h3 class='grid-entry-title entry-title '  itemprop=\"headline\" ><a href='https:\/\/enfold.norbou.com\/cs\/portfolio-item\/smlouva\/' title='Smlouva'>Smlouva<\/a><\/h3><\/header><\/div><footer class=\"entry-footer\"><\/footer><\/article><\/div><\/div><\/div>   <!--   class=\"av-portfolio-grid-sorting-container\"  -->\n","protected":false},"excerpt":{"rendered":"","protected":false},"author":1,"featured_media":0,"parent":0,"menu_order":0,"comment_status":"closed","ping_status":"closed","template":"","meta":{"_bbp_topic_count":0,"_bbp_reply_count":0,"_bbp_total_topic_count":0,"_bbp_total_reply_count":0,"_bbp_voice_count":0,"_bbp_anonymous_reply_count":0,"_bbp_topic_count_hidden":0,"_bbp_reply_count_hidden":0,"_bbp_forum_subforum_count":0,"footnotes":""},"class_list":["post-3413","page","type-page","status-publish","hentry"],"_links":{"self":[{"href":"https:\/\/enfold.norbou.com\/cs\/wp-json\/wp\/v2\/pages\/3413","targetHints":{"allow":["GET"]}}],"collection":[{"href":"https:\/\/enfold.norbou.com\/cs\/wp-json\/wp\/v2\/pages"}],"about":[{"href":"https:\/\/enfold.norbou.com\/cs\/wp-json\/wp\/v2\/types\/page"}],"author":[{"embeddable":true,"href":"https:\/\/enfold.norbou.com\/cs\/wp-json\/wp\/v2\/users\/1"}],"replies":[{"embeddable":true,"href":"https:\/\/enfold.norbou.com\/cs\/wp-json\/wp\/v2\/comments?post=3413"}],"version-history":[{"count":9,"href":"https:\/\/enfold.norbou.com\/cs\/wp-json\/wp\/v2\/pages\/3413\/revisions"}],"predecessor-version":[{"id":4918,"href":"https:\/\/enfold.norbou.com\/cs\/wp-json\/wp\/v2\/pages\/3413\/revisions\/4918"}],"wp:attachment":[{"href":"https:\/\/enfold.norbou.com\/cs\/wp-json\/wp\/v2\/media?parent=3413"}],"curies":[{"name":"wp","href":"https:\/\/api.w.org\/{rel}","templated":true}]}}