{"id":3499,"date":"2022-08-26T13:35:16","date_gmt":"2022-08-26T13:35:16","guid":{"rendered":"https:\/\/enfold.norbou.com\/udalosti\/"},"modified":"2024-08-24T12:29:30","modified_gmt":"2024-08-24T12:29:30","slug":"udalosti","status":"publish","type":"page","link":"https:\/\/enfold.norbou.com\/cs\/udalosti\/","title":{"rendered":"Ud\u00e1losti"},"content":{"rendered":"<p>Tuto str\u00e1nku pou\u017e\u00edv\u00e1 slu\u017eba Events Made Easy. Nem\u011b\u0148te ji, nepou\u017e\u00edvejte ji ve sv\u00e9m menu, nema\u017ete ji. Jen se ujist\u011bte, \u017ee nastaven\u00ed EME nazvan\u00e9 &#8222;Str\u00e1nka ud\u00e1lost\u00ed&#8220; ukazuje na tuto str\u00e1nku. EME pou\u017e\u00edv\u00e1 tuto str\u00e1nku k vykreslov\u00e1n\u00ed v\u0161ech ud\u00e1lost\u00ed, m\u00edst, rezervac\u00ed, map, &#8230; \u010dehokoli. Pokud chcete tuto str\u00e1nku odstranit, vytvo\u0159te novou, kterou m\u016f\u017ee EME pou\u017e\u00edvat, a odpov\u00eddaj\u00edc\u00edm zp\u016fsobem aktualizujte nastaven\u00ed EME &#8222;Str\u00e1nka ud\u00e1lost\u00ed&#8220;.<\/p>\n","protected":false},"excerpt":{"rendered":"<p>Tuto str\u00e1nku pou\u017e\u00edv\u00e1 slu\u017eba Events Made Easy. Nem\u011b\u0148te ji, nepou\u017e\u00edvejte ji ve sv\u00e9m menu, nema\u017ete ji. Jen se ujist\u011bte, \u017ee nastaven\u00ed EME nazvan\u00e9 &#8222;Str\u00e1nka ud\u00e1lost\u00ed&#8220; ukazuje na tuto str\u00e1nku. EME pou\u017e\u00edv\u00e1 tuto str\u00e1nku k vykreslov\u00e1n\u00ed v\u0161ech ud\u00e1lost\u00ed, m\u00edst, rezervac\u00ed, map, &#8230; \u010dehokoli. Pokud chcete tuto str\u00e1nku odstranit, vytvo\u0159te novou, kterou m\u016f\u017ee EME pou\u017e\u00edvat, a odpov\u00eddaj\u00edc\u00edm [&hellip;]<\/p>\n","protected":false},"author":1,"featured_media":0,"parent":0,"menu_order":0,"comment_status":"closed","ping_status":"closed","template":"","meta":{"_bbp_topic_count":0,"_bbp_reply_count":0,"_bbp_total_topic_count":0,"_bbp_total_reply_count":0,"_bbp_voice_count":0,"_bbp_anonymous_reply_count":0,"_bbp_topic_count_hidden":0,"_bbp_reply_count_hidden":0,"_bbp_forum_subforum_count":0,"footnotes":""},"class_list":["post-3499","page","type-page","status-publish","hentry"],"_links":{"self":[{"href":"https:\/\/enfold.norbou.com\/cs\/wp-json\/wp\/v2\/pages\/3499","targetHints":{"allow":["GET"]}}],"collection":[{"href":"https:\/\/enfold.norbou.com\/cs\/wp-json\/wp\/v2\/pages"}],"about":[{"href":"https:\/\/enfold.norbou.com\/cs\/wp-json\/wp\/v2\/types\/page"}],"author":[{"embeddable":true,"href":"https:\/\/enfold.norbou.com\/cs\/wp-json\/wp\/v2\/users\/1"}],"replies":[{"embeddable":true,"href":"https:\/\/enfold.norbou.com\/cs\/wp-json\/wp\/v2\/comments?post=3499"}],"version-history":[{"count":2,"href":"https:\/\/enfold.norbou.com\/cs\/wp-json\/wp\/v2\/pages\/3499\/revisions"}],"predecessor-version":[{"id":5221,"href":"https:\/\/enfold.norbou.com\/cs\/wp-json\/wp\/v2\/pages\/3499\/revisions\/5221"}],"wp:attachment":[{"href":"https:\/\/enfold.norbou.com\/cs\/wp-json\/wp\/v2\/media?parent=3499"}],"curies":[{"name":"wp","href":"https:\/\/api.w.org\/{rel}","templated":true}]}}