{"id":3509,"date":"2022-08-23T20:16:11","date_gmt":"2022-08-23T20:16:11","guid":{"rendered":"https:\/\/enfold.norbou.com\/stranka-s-ukazkami\/"},"modified":"2024-08-24T12:29:46","modified_gmt":"2024-08-24T12:29:46","slug":"stranka-s-ukazkami","status":"publish","type":"page","link":"https:\/\/enfold.norbou.com\/cs\/stranka-s-ukazkami\/","title":{"rendered":"Str\u00e1nka s uk\u00e1zkami"},"content":{"rendered":"\n<p>Toto je uk\u00e1zkov\u00e1 str\u00e1nka. Je odli\u0161n\u00e1 od blogov\u00e9ho p\u0159\u00edsp\u011bvku, proto\u017ee z\u016fstane na jednom m\u00edst\u011b a zobraz\u00ed se v navigaci va\u0161eho webu (ve v\u011bt\u0161in\u011b \u0161ablon). V\u011bt\u0161ina lid\u00ed za\u010d\u00edn\u00e1 str\u00e1nkou O n\u00e1s, kter\u00e1 je p\u0159edstav\u00ed potenci\u00e1ln\u00edm n\u00e1v\u0161t\u011bvn\u00edk\u016fm webu. M\u016f\u017ee to vypadat n\u011bjak takto:<\/p>\n\n<blockquote class=\"wp-block-quote is-layout-flow wp-block-quote-is-layout-flow\"><p>Ahoj! P\u0159es den jsem kur\u00fdr na kole, v noci za\u010d\u00ednaj\u00edc\u00ed herec, a toto jsou moje webov\u00e9 str\u00e1nky. \u017diji v Los Angeles, m\u00e1m skv\u011bl\u00e9ho psa jm\u00e9nem Jack a m\u00e1m r\u00e1d pi\u00f1a coladas. (A chyt\u00e1n\u00ed se v de\u0161ti.)<\/p><\/blockquote>\n\n<p>&#8230;nebo n\u011bco takov\u00e9ho:<\/p>\n\n<blockquote class=\"wp-block-quote is-layout-flow wp-block-quote-is-layout-flow\"><p>Spole\u010dnost XYZ Doohickey byla zalo\u017eena v roce 1971 a od t\u00e9 doby poskytuje ve\u0159ejnosti kvalitn\u00ed doohickeys. Nach\u00e1z\u00ed se v Gotham City, XYZ zam\u011bstn\u00e1v\u00e1 v\u00edce ne\u017e 2 000 lid\u00ed a d\u011bl\u00e1 v\u0161echny druhy \u00fa\u017easn\u00fdch v\u011bc\u00ed pro komunitu Gotham.<\/p><\/blockquote>\n\n<p>Jako nov\u00fd u\u017eivatel WordPressu byste m\u011bli j\u00edt na <a href=\"https:\/\/enfold.norbou.com\/wp-admin\/\">sv\u016fj dashboard<\/a>, abyste smazali tuto str\u00e1nku a vytvo\u0159ili nov\u00e9 str\u00e1nky pro sv\u016fj obsah. Bavte se!<\/p>\n","protected":false},"excerpt":{"rendered":"<p>Toto je uk\u00e1zkov\u00e1 str\u00e1nka. Je odli\u0161n\u00e1 od blogov\u00e9ho p\u0159\u00edsp\u011bvku, proto\u017ee z\u016fstane na jednom m\u00edst\u011b a zobraz\u00ed se v navigaci va\u0161eho webu (ve v\u011bt\u0161in\u011b \u0161ablon). V\u011bt\u0161ina lid\u00ed za\u010d\u00edn\u00e1 str\u00e1nkou O n\u00e1s, kter\u00e1 je p\u0159edstav\u00ed potenci\u00e1ln\u00edm n\u00e1v\u0161t\u011bvn\u00edk\u016fm webu. M\u016f\u017ee to vypadat n\u011bjak takto: Ahoj! P\u0159es den jsem kur\u00fdr na kole, v noci za\u010d\u00ednaj\u00edc\u00ed herec, a toto jsou [&hellip;]<\/p>\n","protected":false},"author":1,"featured_media":0,"parent":0,"menu_order":0,"comment_status":"closed","ping_status":"open","template":"","meta":{"_bbp_topic_count":0,"_bbp_reply_count":0,"_bbp_total_topic_count":0,"_bbp_total_reply_count":0,"_bbp_voice_count":0,"_bbp_anonymous_reply_count":0,"_bbp_topic_count_hidden":0,"_bbp_reply_count_hidden":0,"_bbp_forum_subforum_count":0,"footnotes":""},"class_list":["post-3509","page","type-page","status-publish","hentry"],"_links":{"self":[{"href":"https:\/\/enfold.norbou.com\/cs\/wp-json\/wp\/v2\/pages\/3509","targetHints":{"allow":["GET"]}}],"collection":[{"href":"https:\/\/enfold.norbou.com\/cs\/wp-json\/wp\/v2\/pages"}],"about":[{"href":"https:\/\/enfold.norbou.com\/cs\/wp-json\/wp\/v2\/types\/page"}],"author":[{"embeddable":true,"href":"https:\/\/enfold.norbou.com\/cs\/wp-json\/wp\/v2\/users\/1"}],"replies":[{"embeddable":true,"href":"https:\/\/enfold.norbou.com\/cs\/wp-json\/wp\/v2\/comments?post=3509"}],"version-history":[{"count":9,"href":"https:\/\/enfold.norbou.com\/cs\/wp-json\/wp\/v2\/pages\/3509\/revisions"}],"predecessor-version":[{"id":4985,"href":"https:\/\/enfold.norbou.com\/cs\/wp-json\/wp\/v2\/pages\/3509\/revisions\/4985"}],"wp:attachment":[{"href":"https:\/\/enfold.norbou.com\/cs\/wp-json\/wp\/v2\/media?parent=3509"}],"curies":[{"name":"wp","href":"https:\/\/api.w.org\/{rel}","templated":true}]}}