{"id":3517,"date":"2017-02-14T14:40:03","date_gmt":"2017-02-14T14:40:03","guid":{"rendered":"https:\/\/enfold.norbou.com\/prvky\/tlacitka-pro-sdileni-na-socialnich-sitich\/"},"modified":"2024-08-24T12:29:47","modified_gmt":"2024-08-24T12:29:47","slug":"tlacitka-pro-sdileni-na-socialnich-sitich","status":"publish","type":"page","link":"https:\/\/enfold.norbou.com\/cs\/prvky\/tlacitka-pro-sdileni-na-socialnich-sitich\/","title":{"rendered":"Tla\u010d\u00edtka pro sd\u00edlen\u00ed na soci\u00e1ln\u00edch s\u00edt\u00edch"},"content":{"rendered":"\n<style type=\"text\/css\" data-created_by=\"avia_inline_auto\" id=\"style-css-av-iqsau1-f1102d071cd4af78d7c43b09be5dde1a\">\n#top .av-special-heading.av-iqsau1-f1102d071cd4af78d7c43b09be5dde1a{\npadding-bottom:15px;\ncolor:#000000;\nfont-size:40px;\n}\nbody .av-special-heading.av-iqsau1-f1102d071cd4af78d7c43b09be5dde1a .av-special-heading-tag .heading-char{\nfont-size:25px;\n}\n#top #wrap_all .av-special-heading.av-iqsau1-f1102d071cd4af78d7c43b09be5dde1a .av-special-heading-tag{\nfont-size:40px;\n}\n.av-special-heading.av-iqsau1-f1102d071cd4af78d7c43b09be5dde1a .special-heading-inner-border{\nborder-color:#000000;\n}\n.av-special-heading.av-iqsau1-f1102d071cd4af78d7c43b09be5dde1a .av-subheading{\nfont-size:15px;\n}\n\n@media only screen and (min-width: 480px) and (max-width: 767px){ \n#top #wrap_all .av-special-heading.av-iqsau1-f1102d071cd4af78d7c43b09be5dde1a .av-special-heading-tag{\nfont-size:0.8em;\n}\n}\n\n@media only screen and (max-width: 479px){ \n#top #wrap_all .av-special-heading.av-iqsau1-f1102d071cd4af78d7c43b09be5dde1a .av-special-heading-tag{\nfont-size:0.8em;\n}\n}\n<\/style>\n<div  class='av-special-heading av-iqsau1-f1102d071cd4af78d7c43b09be5dde1a av-special-heading-h1 custom-color-heading blockquote modern-quote  avia-builder-el-0  el_before_av_textblock  avia-builder-el-first  av-inherit-size'><h1 class='av-special-heading-tag '  itemprop=\"headline\"  >Prvek tla\u010d\u00edtka pro sd\u00edlen\u00ed na soci\u00e1ln\u00edch s\u00edt\u00edch<\/h1><div class=\"special-heading-border\"><div class=\"special-heading-inner-border\"><\/div><\/div><\/div>\n<section  class='av_textblock_section av-hmrbu1-0255b5d19434fc18870e520d11c15deb '   itemscope=\"itemscope\" itemtype=\"https:\/\/schema.org\/CreativeWork\" ><div class='avia_textblock'  itemprop=\"text\" ><p>Tento prvek v\u00e1m umo\u017e\u0148uje zobrazit seznam tla\u010d\u00edtek pro sd\u00edlen\u00ed na soci\u00e1ln\u00edch s\u00edt\u00edch, kter\u00e1 jsou u\u017eite\u010dn\u00e1 ve va\u0161ich p\u0159\u00edsp\u011bvc\u00edch na blogu nebo v portfoliu. Existuj\u00ed 2 r\u016fzn\u00e9 styly a velk\u00e9 mno\u017estv\u00ed tla\u010d\u00edtek, ze kter\u00fdch si m\u016f\u017eete vybrat.<\/p>\n<\/div><\/section>\n\n<style type=\"text\/css\" data-created_by=\"avia_inline_auto\" id=\"style-css-av-flyvex-ed9351d25b541a43919f3a47d250c70b\">\n#top .hr.hr-invisible.av-flyvex-ed9351d25b541a43919f3a47d250c70b{\nheight:50px;\n}\n<\/style>\n<div  class='hr av-flyvex-ed9351d25b541a43919f3a47d250c70b hr-invisible  avia-builder-el-2  el_after_av_textblock  el_before_av_heading '><span class='hr-inner '><span class=\"hr-inner-style\"><\/span><\/span><\/div>\n\n<style type=\"text\/css\" data-created_by=\"avia_inline_auto\" id=\"style-css-av-1ei8h5-da975c57c2c8efdd5ed3f3a4d06cb761\">\n#top .av-special-heading.av-1ei8h5-da975c57c2c8efdd5ed3f3a4d06cb761{\npadding-bottom:15px;\ncolor:#000000;\nfont-size:30px;\n}\nbody .av-special-heading.av-1ei8h5-da975c57c2c8efdd5ed3f3a4d06cb761 .av-special-heading-tag .heading-char{\nfont-size:25px;\n}\n#top #wrap_all .av-special-heading.av-1ei8h5-da975c57c2c8efdd5ed3f3a4d06cb761 .av-special-heading-tag{\nfont-size:30px;\n}\n.av-special-heading.av-1ei8h5-da975c57c2c8efdd5ed3f3a4d06cb761 .special-heading-inner-border{\nborder-color:#000000;\n}\n.av-special-heading.av-1ei8h5-da975c57c2c8efdd5ed3f3a4d06cb761 .av-subheading{\nfont-size:15px;\n}\n\n@media only screen and (min-width: 480px) and (max-width: 767px){ \n#top #wrap_all .av-special-heading.av-1ei8h5-da975c57c2c8efdd5ed3f3a4d06cb761 .av-special-heading-tag{\nfont-size:0.8em;\n}\n}\n\n@media only screen and (max-width: 479px){ \n#top #wrap_all .av-special-heading.av-1ei8h5-da975c57c2c8efdd5ed3f3a4d06cb761 .av-special-heading-tag{\nfont-size:0.8em;\n}\n}\n<\/style>\n<div  class='av-special-heading av-1ei8h5-da975c57c2c8efdd5ed3f3a4d06cb761 av-special-heading-h1 custom-color-heading blockquote modern-quote  avia-builder-el-3  el_after_av_hr  el_before_av_social_share  av-inherit-size'><h1 class='av-special-heading-tag '  itemprop=\"headline\"  >V\u00fdchoz\u00ed tla\u010d\u00edtka<\/h1><div class=\"special-heading-border\"><div class=\"special-heading-inner-border\"><\/div><\/div><\/div>\n<div  class='av-social-sharing-box av-bxba49-8e72ae74947ca0d63cfb0a33f6c16d4a av-social-sharing-box-default  avia-builder-el-4  el_after_av_heading  el_before_av_hr  av-social-sharing-box-fullwidth'><div class=\"av-share-box\"><h5 class='av-share-link-description av-no-toc '>Sd\u00edlet tento p\u0159\u00edsp\u011bvek<\/h5><ul class=\"av-share-box-list noLightbox\"><li class='av-share-link av-social-link-facebook avia_social_iconfont' ><a target=\"_blank\" aria-label=\"Sd\u00edlet na Facebook\" href='https:\/\/www.facebook.com\/sharer.php?u=https:\/\/enfold.norbou.com\/cs\/prvky\/tlacitka-pro-sdileni-na-socialnich-sitich\/&#038;t=Tla%C4%8D%C3%ADtka%20pro%20sd%C3%ADlen%C3%AD%20na%20soci%C3%A1ln%C3%ADch%20s%C3%ADt%C3%ADch' data-av_icon='\ue8f3' data-av_iconfont='entypo-fontello'  title='' data-avia-related-tooltip='Sd\u00edlet na Facebook'><span class='avia_hidden_link_text'>Sd\u00edlet na Facebook<\/span><\/a><\/li><li class='av-share-link av-social-link-twitter avia_social_iconfont' ><a target=\"_blank\" aria-label=\"Sd\u00edlet na X\" href='https:\/\/twitter.com\/share?text=Tla%C4%8D%C3%ADtka%20pro%20sd%C3%ADlen%C3%AD%20na%20soci%C3%A1ln%C3%ADch%20s%C3%ADt%C3%ADch&#038;url=https:\/\/enfold.norbou.com\/cs\/?p=3517' data-av_icon='\ue932' data-av_iconfont='entypo-fontello'  title='' data-avia-related-tooltip='Sd\u00edlet na X'><span class='avia_hidden_link_text'>Sd\u00edlet na X<\/span><\/a><\/li><li class='av-share-link av-social-link-pinterest avia_social_iconfont' ><a target=\"_blank\" aria-label=\"Sd\u00edlet na Pinterest\" href='https:\/\/pinterest.com\/pin\/create\/button\/?url=https%3A%2F%2Fenfold.norbou.com%2Fcs%2Fprvky%2Ftlacitka-pro-sdileni-na-socialnich-sitich%2F&#038;description=Tla%C4%8D%C3%ADtka%20pro%20sd%C3%ADlen%C3%AD%20na%20soci%C3%A1ln%C3%ADch%20s%C3%ADt%C3%ADch&#038;media=' data-av_icon='\ue8f8' data-av_iconfont='entypo-fontello'  title='' data-avia-related-tooltip='Sd\u00edlet na Pinterest'><span class='avia_hidden_link_text'>Sd\u00edlet na Pinterest<\/span><\/a><\/li><li class='av-share-link av-social-link-linkedin avia_social_iconfont' ><a target=\"_blank\" aria-label=\"Sd\u00edlet na LinkedIn\" href='https:\/\/linkedin.com\/shareArticle?mini=true&#038;title=Tla%C4%8D%C3%ADtka%20pro%20sd%C3%ADlen%C3%AD%20na%20soci%C3%A1ln%C3%ADch%20s%C3%ADt%C3%ADch&#038;url=https:\/\/enfold.norbou.com\/cs\/prvky\/tlacitka-pro-sdileni-na-socialnich-sitich\/' data-av_icon='\ue8fc' data-av_iconfont='entypo-fontello'  title='' data-avia-related-tooltip='Sd\u00edlet na LinkedIn'><span class='avia_hidden_link_text'>Sd\u00edlet na LinkedIn<\/span><\/a><\/li><li class='av-share-link av-social-link-tumblr avia_social_iconfont' ><a target=\"_blank\" aria-label=\"Sd\u00edlet na Tumblr\" href='https:\/\/www.tumblr.com\/share\/link?url=https%3A%2F%2Fenfold.norbou.com%2Fcs%2Fprvky%2Ftlacitka-pro-sdileni-na-socialnich-sitich%2F&#038;name=Tla%C4%8D%C3%ADtka%20pro%20sd%C3%ADlen%C3%AD%20na%20soci%C3%A1ln%C3%ADch%20s%C3%ADt%C3%ADch&#038;description=' data-av_icon='\ue8fa' data-av_iconfont='entypo-fontello'  title='' data-avia-related-tooltip='Sd\u00edlet na Tumblr'><span class='avia_hidden_link_text'>Sd\u00edlet na Tumblr<\/span><\/a><\/li><li class='av-share-link av-social-link-vk avia_social_iconfont' ><a target=\"_blank\" aria-label=\"Sd\u00edlet na Vk\" href='https:\/\/vk.com\/share.php?url=https:\/\/enfold.norbou.com\/cs\/prvky\/tlacitka-pro-sdileni-na-socialnich-sitich\/' data-av_icon='\ue926' data-av_iconfont='entypo-fontello'  title='' data-avia-related-tooltip='Sd\u00edlet na Vk'><span class='avia_hidden_link_text'>Sd\u00edlet na Vk<\/span><\/a><\/li><li class='av-share-link av-social-link-reddit avia_social_iconfont' ><a target=\"_blank\" aria-label=\"Sd\u00edlet na Reddit\" href='https:\/\/reddit.com\/submit?url=https:\/\/enfold.norbou.com\/cs\/prvky\/tlacitka-pro-sdileni-na-socialnich-sitich\/&#038;title=Tla%C4%8D%C3%ADtka%20pro%20sd%C3%ADlen%C3%AD%20na%20soci%C3%A1ln%C3%ADch%20s%C3%ADt%C3%ADch' data-av_icon='\ue927' data-av_iconfont='entypo-fontello'  title='' data-avia-related-tooltip='Sd\u00edlet na Reddit'><span class='avia_hidden_link_text'>Sd\u00edlet na Reddit<\/span><\/a><\/li><li class='av-share-link av-social-link-mail avia_social_iconfont' ><a  aria-label=\"Sd\u00edlet po\u0161tou\" href='mailto:?subject=Tla%C4%8D%C3%ADtka%20pro%20sd%C3%ADlen%C3%AD%20na%20soci%C3%A1ln%C3%ADch%20s%C3%ADt%C3%ADch&#038;body=https:\/\/enfold.norbou.com\/cs\/prvky\/tlacitka-pro-sdileni-na-socialnich-sitich\/' data-av_icon='\ue805' data-av_iconfont='entypo-fontello'  title='' data-avia-related-tooltip='Sd\u00edlet po\u0161tou'><span class='avia_hidden_link_text'>Sd\u00edlet po\u0161tou<\/span><\/a><\/li><\/ul><\/div><\/div>\n\n<style type=\"text\/css\" data-created_by=\"avia_inline_auto\" id=\"style-css-av-akm0u1-1737c0820b2629f7565a24277c85bfb7\">\n#top .hr.hr-invisible.av-akm0u1-1737c0820b2629f7565a24277c85bfb7{\nheight:50px;\n}\n<\/style>\n<div  class='hr av-akm0u1-1737c0820b2629f7565a24277c85bfb7 hr-invisible  avia-builder-el-5  el_after_av_social_share  el_before_av_heading '><span class='hr-inner '><span class=\"hr-inner-style\"><\/span><\/span><\/div>\n\n<style type=\"text\/css\" data-created_by=\"avia_inline_auto\" id=\"style-css-av-8yw9g9-0a6bda0f613b37cd61972e169dd00e6e\">\n#top .av-special-heading.av-8yw9g9-0a6bda0f613b37cd61972e169dd00e6e{\npadding-bottom:15px;\ncolor:#000000;\nfont-size:30px;\n}\nbody .av-special-heading.av-8yw9g9-0a6bda0f613b37cd61972e169dd00e6e .av-special-heading-tag .heading-char{\nfont-size:25px;\n}\n#top #wrap_all .av-special-heading.av-8yw9g9-0a6bda0f613b37cd61972e169dd00e6e .av-special-heading-tag{\nfont-size:30px;\n}\n.av-special-heading.av-8yw9g9-0a6bda0f613b37cd61972e169dd00e6e .special-heading-inner-border{\nborder-color:#000000;\n}\n.av-special-heading.av-8yw9g9-0a6bda0f613b37cd61972e169dd00e6e .av-subheading{\nfont-size:15px;\n}\n\n@media only screen and (min-width: 480px) and (max-width: 767px){ \n#top #wrap_all .av-special-heading.av-8yw9g9-0a6bda0f613b37cd61972e169dd00e6e .av-special-heading-tag{\nfont-size:0.8em;\n}\n}\n\n@media only screen and (max-width: 479px){ \n#top #wrap_all .av-special-heading.av-8yw9g9-0a6bda0f613b37cd61972e169dd00e6e .av-special-heading-tag{\nfont-size:0.8em;\n}\n}\n<\/style>\n<div  class='av-special-heading av-8yw9g9-0a6bda0f613b37cd61972e169dd00e6e av-special-heading-h1 custom-color-heading blockquote modern-quote  avia-builder-el-6  el_after_av_hr  el_before_av_social_share  av-inherit-size'><h1 class='av-special-heading-tag '  itemprop=\"headline\"  >Minim\u00e1ln\u00ed tla\u010d\u00edtka<\/h1><div class=\"special-heading-border\"><div class=\"special-heading-inner-border\"><\/div><\/div><\/div>\n<div  class='av-social-sharing-box av-7yn6fd-7db4afdcdc9c9317dc16107e89c18d73 av-social-sharing-box-minimal  avia-builder-el-7  el_after_av_heading  el_before_av_hr  av-social-sharing-box-fullwidth'><div class=\"av-share-box\"><h5 class='av-share-link-description av-no-toc '>Sd\u00edlet tento p\u0159\u00edsp\u011bvek<\/h5><ul class=\"av-share-box-list noLightbox\"><li class='av-share-link av-social-link-facebook avia_social_iconfont' ><a target=\"_blank\" aria-label=\"Sd\u00edlet na Facebook\" href='https:\/\/www.facebook.com\/sharer.php?u=https:\/\/enfold.norbou.com\/cs\/prvky\/tlacitka-pro-sdileni-na-socialnich-sitich\/&#038;t=Tla%C4%8D%C3%ADtka%20pro%20sd%C3%ADlen%C3%AD%20na%20soci%C3%A1ln%C3%ADch%20s%C3%ADt%C3%ADch' data-av_icon='\ue8f3' data-av_iconfont='entypo-fontello'  title='' data-avia-related-tooltip='Sd\u00edlet na Facebook'><span class='avia_hidden_link_text'>Sd\u00edlet na Facebook<\/span><\/a><\/li><li class='av-share-link av-social-link-twitter avia_social_iconfont' ><a target=\"_blank\" aria-label=\"Sd\u00edlet na X\" href='https:\/\/twitter.com\/share?text=Tla%C4%8D%C3%ADtka%20pro%20sd%C3%ADlen%C3%AD%20na%20soci%C3%A1ln%C3%ADch%20s%C3%ADt%C3%ADch&#038;url=https:\/\/enfold.norbou.com\/cs\/?p=3517' data-av_icon='\ue932' data-av_iconfont='entypo-fontello'  title='' data-avia-related-tooltip='Sd\u00edlet na X'><span class='avia_hidden_link_text'>Sd\u00edlet na X<\/span><\/a><\/li><li class='av-share-link av-social-link-tumblr avia_social_iconfont' ><a target=\"_blank\" aria-label=\"Sd\u00edlet na Tumblr\" href='https:\/\/www.tumblr.com\/share\/link?url=https%3A%2F%2Fenfold.norbou.com%2Fcs%2Fprvky%2Ftlacitka-pro-sdileni-na-socialnich-sitich%2F&#038;name=Tla%C4%8D%C3%ADtka%20pro%20sd%C3%ADlen%C3%AD%20na%20soci%C3%A1ln%C3%ADch%20s%C3%ADt%C3%ADch&#038;description=' data-av_icon='\ue8fa' data-av_iconfont='entypo-fontello'  title='' data-avia-related-tooltip='Sd\u00edlet na Tumblr'><span class='avia_hidden_link_text'>Sd\u00edlet na Tumblr<\/span><\/a><\/li><li class='av-share-link av-social-link-reddit avia_social_iconfont' ><a target=\"_blank\" aria-label=\"Sd\u00edlet na Reddit\" href='https:\/\/reddit.com\/submit?url=https:\/\/enfold.norbou.com\/cs\/prvky\/tlacitka-pro-sdileni-na-socialnich-sitich\/&#038;title=Tla%C4%8D%C3%ADtka%20pro%20sd%C3%ADlen%C3%AD%20na%20soci%C3%A1ln%C3%ADch%20s%C3%ADt%C3%ADch' data-av_icon='\ue927' data-av_iconfont='entypo-fontello'  title='' data-avia-related-tooltip='Sd\u00edlet na Reddit'><span class='avia_hidden_link_text'>Sd\u00edlet na Reddit<\/span><\/a><\/li><li class='av-share-link av-social-link-mail avia_social_iconfont' ><a  aria-label=\"Sd\u00edlet po\u0161tou\" href='mailto:?subject=Tla%C4%8D%C3%ADtka%20pro%20sd%C3%ADlen%C3%AD%20na%20soci%C3%A1ln%C3%ADch%20s%C3%ADt%C3%ADch&#038;body=https:\/\/enfold.norbou.com\/cs\/prvky\/tlacitka-pro-sdileni-na-socialnich-sitich\/' data-av_icon='\ue805' data-av_iconfont='entypo-fontello'  title='' data-avia-related-tooltip='Sd\u00edlet po\u0161tou'><span class='avia_hidden_link_text'>Sd\u00edlet po\u0161tou<\/span><\/a><\/li><\/ul><\/div><\/div>\n\n<style type=\"text\/css\" data-created_by=\"avia_inline_auto\" id=\"style-css-av-67afy1-fb7404cf3b36805bc223726766fd4522\">\n#top .hr.hr-invisible.av-67afy1-fb7404cf3b36805bc223726766fd4522{\nheight:50px;\n}\n<\/style>\n<div  class='hr av-67afy1-fb7404cf3b36805bc223726766fd4522 hr-invisible  avia-builder-el-8  el_after_av_social_share  el_before_av_heading '><span class='hr-inner '><span class=\"hr-inner-style\"><\/span><\/span><\/div>\n\n<style type=\"text\/css\" data-created_by=\"avia_inline_auto\" id=\"style-css-av-4up1jt-dc625c8582e1c8c1bada768084651837\">\n#top .av-special-heading.av-4up1jt-dc625c8582e1c8c1bada768084651837{\npadding-bottom:15px;\ncolor:#000000;\nfont-size:30px;\n}\nbody .av-special-heading.av-4up1jt-dc625c8582e1c8c1bada768084651837 .av-special-heading-tag .heading-char{\nfont-size:25px;\n}\n#top #wrap_all .av-special-heading.av-4up1jt-dc625c8582e1c8c1bada768084651837 .av-special-heading-tag{\nfont-size:30px;\n}\n.av-special-heading.av-4up1jt-dc625c8582e1c8c1bada768084651837 .special-heading-inner-border{\nborder-color:#000000;\n}\n.av-special-heading.av-4up1jt-dc625c8582e1c8c1bada768084651837 .av-subheading{\nfont-size:15px;\n}\n\n@media only screen and (min-width: 480px) and (max-width: 767px){ \n#top #wrap_all .av-special-heading.av-4up1jt-dc625c8582e1c8c1bada768084651837 .av-special-heading-tag{\nfont-size:0.8em;\n}\n}\n\n@media only screen and (max-width: 479px){ \n#top #wrap_all .av-special-heading.av-4up1jt-dc625c8582e1c8c1bada768084651837 .av-special-heading-tag{\nfont-size:0.8em;\n}\n}\n<\/style>\n<div  class='av-special-heading av-4up1jt-dc625c8582e1c8c1bada768084651837 av-special-heading-h1 custom-color-heading blockquote modern-quote  avia-builder-el-9  el_after_av_hr  el_before_av_social_share  av-inherit-size'><h1 class='av-special-heading-tag '  itemprop=\"headline\"  >Bez nadpisu<\/h1><div class=\"special-heading-border\"><div class=\"special-heading-inner-border\"><\/div><\/div><\/div>\n<div  class='av-social-sharing-box av-2xjz2h-055aa237ffc16559230384c16cbec411 av-social-sharing-box-default  avia-builder-el-10  el_after_av_heading  avia-builder-el-last  av-social-sharing-box-fullwidth'><div class=\"av-share-box\"><ul class=\"av-share-box-list noLightbox\"><li class='av-share-link av-social-link-facebook avia_social_iconfont' ><a target=\"_blank\" aria-label=\"Sd\u00edlet na Facebook\" href='https:\/\/www.facebook.com\/sharer.php?u=https:\/\/enfold.norbou.com\/cs\/prvky\/tlacitka-pro-sdileni-na-socialnich-sitich\/&#038;t=Tla%C4%8D%C3%ADtka%20pro%20sd%C3%ADlen%C3%AD%20na%20soci%C3%A1ln%C3%ADch%20s%C3%ADt%C3%ADch' data-av_icon='\ue8f3' data-av_iconfont='entypo-fontello'  title='' data-avia-related-tooltip='Sd\u00edlet na Facebook'><span class='avia_hidden_link_text'>Sd\u00edlet na Facebook<\/span><\/a><\/li><li class='av-share-link av-social-link-twitter avia_social_iconfont' ><a target=\"_blank\" aria-label=\"Sd\u00edlet na X\" href='https:\/\/twitter.com\/share?text=Tla%C4%8D%C3%ADtka%20pro%20sd%C3%ADlen%C3%AD%20na%20soci%C3%A1ln%C3%ADch%20s%C3%ADt%C3%ADch&#038;url=https:\/\/enfold.norbou.com\/cs\/?p=3517' data-av_icon='\ue932' data-av_iconfont='entypo-fontello'  title='' data-avia-related-tooltip='Sd\u00edlet na X'><span class='avia_hidden_link_text'>Sd\u00edlet na X<\/span><\/a><\/li><li class='av-share-link av-social-link-tumblr avia_social_iconfont' ><a target=\"_blank\" aria-label=\"Sd\u00edlet na Tumblr\" href='https:\/\/www.tumblr.com\/share\/link?url=https%3A%2F%2Fenfold.norbou.com%2Fcs%2Fprvky%2Ftlacitka-pro-sdileni-na-socialnich-sitich%2F&#038;name=Tla%C4%8D%C3%ADtka%20pro%20sd%C3%ADlen%C3%AD%20na%20soci%C3%A1ln%C3%ADch%20s%C3%ADt%C3%ADch&#038;description=' data-av_icon='\ue8fa' data-av_iconfont='entypo-fontello'  title='' data-avia-related-tooltip='Sd\u00edlet na Tumblr'><span class='avia_hidden_link_text'>Sd\u00edlet na Tumblr<\/span><\/a><\/li><\/ul><\/div><\/div>\n","protected":false},"excerpt":{"rendered":"","protected":false},"author":1,"featured_media":0,"parent":3400,"menu_order":0,"comment_status":"closed","ping_status":"closed","template":"","meta":{"_bbp_topic_count":0,"_bbp_reply_count":0,"_bbp_total_topic_count":0,"_bbp_total_reply_count":0,"_bbp_voice_count":0,"_bbp_anonymous_reply_count":0,"_bbp_topic_count_hidden":0,"_bbp_reply_count_hidden":0,"_bbp_forum_subforum_count":0,"footnotes":""},"class_list":["post-3517","page","type-page","status-publish","hentry"],"_links":{"self":[{"href":"https:\/\/enfold.norbou.com\/cs\/wp-json\/wp\/v2\/pages\/3517","targetHints":{"allow":["GET"]}}],"collection":[{"href":"https:\/\/enfold.norbou.com\/cs\/wp-json\/wp\/v2\/pages"}],"about":[{"href":"https:\/\/enfold.norbou.com\/cs\/wp-json\/wp\/v2\/types\/page"}],"author":[{"embeddable":true,"href":"https:\/\/enfold.norbou.com\/cs\/wp-json\/wp\/v2\/users\/1"}],"replies":[{"embeddable":true,"href":"https:\/\/enfold.norbou.com\/cs\/wp-json\/wp\/v2\/comments?post=3517"}],"version-history":[{"count":9,"href":"https:\/\/enfold.norbou.com\/cs\/wp-json\/wp\/v2\/pages\/3517\/revisions"}],"predecessor-version":[{"id":4994,"href":"https:\/\/enfold.norbou.com\/cs\/wp-json\/wp\/v2\/pages\/3517\/revisions\/4994"}],"up":[{"embeddable":true,"href":"https:\/\/enfold.norbou.com\/cs\/wp-json\/wp\/v2\/pages\/3400"}],"wp:attachment":[{"href":"https:\/\/enfold.norbou.com\/cs\/wp-json\/wp\/v2\/media?parent=3517"}],"curies":[{"name":"wp","href":"https:\/\/api.w.org\/{rel}","templated":true}]}}