{"id":3521,"date":"2017-02-13T15:07:49","date_gmt":"2017-02-13T15:07:49","guid":{"rendered":"https:\/\/enfold.norbou.com\/prvky\/mapy-google\/"},"modified":"2024-08-24T12:25:23","modified_gmt":"2024-08-24T12:25:23","slug":"mapy-google","status":"publish","type":"page","link":"https:\/\/enfold.norbou.com\/cs\/prvky\/mapy-google\/","title":{"rendered":"Mapy Google"},"content":{"rendered":"\n<div  class='flex_column av-u1zago-15988d68929f94e882e1fc46dcc79e2e av_one_full  avia-builder-el-1  el_after_av_google_map  el_before_av_one_half  avia-builder-el-first  first flex_column_div  '     ><p>\n<style type=\"text\/css\" data-created_by=\"avia_inline_auto\" id=\"style-css-av-tni8qw-de2547a031724148f4d146b854414b91\">\n#top .av-special-heading.av-tni8qw-de2547a031724148f4d146b854414b91{\npadding-bottom:15px;\ncolor:#000000;\nfont-size:40px;\n}\nbody .av-special-heading.av-tni8qw-de2547a031724148f4d146b854414b91 .av-special-heading-tag .heading-char{\nfont-size:25px;\n}\n#top #wrap_all .av-special-heading.av-tni8qw-de2547a031724148f4d146b854414b91 .av-special-heading-tag{\nfont-size:40px;\n}\n.av-special-heading.av-tni8qw-de2547a031724148f4d146b854414b91 .special-heading-inner-border{\nborder-color:#000000;\n}\n.av-special-heading.av-tni8qw-de2547a031724148f4d146b854414b91 .av-subheading{\nfont-size:15px;\n}\n\n@media only screen and (min-width: 480px) and (max-width: 767px){ \n#top #wrap_all .av-special-heading.av-tni8qw-de2547a031724148f4d146b854414b91 .av-special-heading-tag{\nfont-size:0.8em;\n}\n}\n\n@media only screen and (max-width: 479px){ \n#top #wrap_all .av-special-heading.av-tni8qw-de2547a031724148f4d146b854414b91 .av-special-heading-tag{\nfont-size:0.8em;\n}\n}\n<\/style>\n<div  class='av-special-heading av-tni8qw-de2547a031724148f4d146b854414b91 av-special-heading-h1 custom-color-heading blockquote modern-quote  avia-builder-el-2  el_before_av_textblock  avia-builder-el-first  av-inherit-size'><h1 class='av-special-heading-tag '  itemprop=\"headline\"  >Google Maps<\/h1><div class=\"special-heading-border\"><div class=\"special-heading-inner-border\"><\/div><\/div><\/div><br \/>\n<section  class='av_textblock_section av-qrjyiw-8e01c61545ab4ad9a3b066fd058f55b1 '   itemscope=\"itemscope\" itemtype=\"https:\/\/schema.org\/CreativeWork\" ><div class='avia_textblock'  itemprop=\"text\" ><p>Tento shortcode v\u00e1m umo\u017e\u0148uje zobrazit prvek Google Maps s v\u00edce zna\u010dkami a \u0159adou mo\u017enost\u00ed p\u0159izp\u016fsoben\u00ed, jako je barevn\u00fd p\u0159ekryv, velikost, \u00farove\u0148 p\u0159ibl\u00ed\u017een\u00ed atd.<\/p>\n<\/div><\/section><br \/>\n\n<style type=\"text\/css\" data-created_by=\"avia_inline_auto\" id=\"style-css-av-pacvmg-49b072c4edf033cb85803a77bfd0ec48\">\n#top .hr.hr-invisible.av-pacvmg-49b072c4edf033cb85803a77bfd0ec48{\nheight:50px;\n}\n<\/style>\n<div  class='hr av-pacvmg-49b072c4edf033cb85803a77bfd0ec48 hr-invisible  avia-builder-el-4  el_after_av_textblock  el_before_av_google_map  avia-builder-el-last '><span class='hr-inner '><span class=\"hr-inner-style\"><\/span><\/span><\/div><br \/>\n<\/p><\/div><div  class='flex_column av-lgodzc-24d1dd7cc0f4899e57e412828c97fd7d av_one_half  avia-builder-el-6  el_after_av_one_full  el_before_av_one_half  first flex_column_div  column-top-margin'     ><p><section  class='av_textblock_section av-j2egpk-feea17c49e2223aee6073a7f502de9aa '   itemscope=\"itemscope\" itemtype=\"https:\/\/schema.org\/CreativeWork\" ><div class='avia_textblock'  itemprop=\"text\" ><p>Nev\u00e1hejte um\u00edstit libovoln\u00fd po\u010det mapov\u00fdch prvk\u016f na sv\u016fj web s libovoln\u00fdm po\u010dtem mapov\u00fdch mo\u017enost\u00ed. Existuje pom\u011brn\u011b mnoho mo\u017enost\u00ed p\u0159izp\u016fsoben\u00ed.<\/p>\n<\/div><\/section><br \/>\n\n<style type=\"text\/css\" data-created_by=\"avia_inline_auto\" id=\"style-css-av-h7x7aw-0154ef6d69c68f89bcbb703fead13a10\">\n#top .hr.hr-invisible.av-h7x7aw-0154ef6d69c68f89bcbb703fead13a10{\nheight:50px;\n}\n<\/style>\n<div  class='hr av-h7x7aw-0154ef6d69c68f89bcbb703fead13a10 hr-invisible  avia-builder-el-8  el_after_av_textblock  el_before_av_google_map  avia-builder-el-last '><span class='hr-inner '><span class=\"hr-inner-style\"><\/span><\/span><\/div><br \/>\n<\/p><\/div><\/p>\n\n<style type=\"text\/css\" data-created_by=\"avia_inline_auto\" id=\"style-css-av-afnwns-217084da88bad3ecacfeb60102d39ea0\">\n.flex_column.av-afnwns-217084da88bad3ecacfeb60102d39ea0{\nborder-radius:0px 0px 0px 0px;\npadding:0px 0px 0px 0px;\n}\n<\/style>\n<div  class='flex_column av-afnwns-217084da88bad3ecacfeb60102d39ea0 av_one_half  avia-builder-el-10  el_after_av_one_half  avia-builder-el-last  flex_column_div av-zero-column-padding  column-top-margin'     ><p><section  class='av_textblock_section av-w6ic8-f84360bf5a4a75d2dc95560930c0a85b '   itemscope=\"itemscope\" itemtype=\"https:\/\/schema.org\/CreativeWork\" ><div class='avia_textblock'  itemprop=\"text\" ><p>Vezm\u011bte pros\u00edm na v\u011bdom\u00ed, \u017ee pro pou\u017eit\u00ed prvku map mus\u00edte zaregistrovat bezplatn\u00fd kl\u00ed\u010d google api a zadat jej do administra\u010dn\u00edho panelu va\u0161eho\u00a0t\u00e9matu.<\/p>\n<\/div><\/section><br \/>\n\n<style type=\"text\/css\" data-created_by=\"avia_inline_auto\" id=\"style-css-av-7hhoco-14a894f283e9f35356e0faabe4fafebf\">\n#top .hr.hr-invisible.av-7hhoco-14a894f283e9f35356e0faabe4fafebf{\nheight:50px;\n}\n<\/style>\n<div  class='hr av-7hhoco-14a894f283e9f35356e0faabe4fafebf hr-invisible  avia-builder-el-12  el_after_av_textblock  el_before_av_google_map  avia-builder-el-last '><span class='hr-inner '><span class=\"hr-inner-style\"><\/span><\/span><\/div><br \/>\n<\/p><\/div>\n","protected":false},"excerpt":{"rendered":"","protected":false},"author":1,"featured_media":0,"parent":3400,"menu_order":0,"comment_status":"closed","ping_status":"closed","template":"","meta":{"_bbp_topic_count":0,"_bbp_reply_count":0,"_bbp_total_topic_count":0,"_bbp_total_reply_count":0,"_bbp_voice_count":0,"_bbp_anonymous_reply_count":0,"_bbp_topic_count_hidden":0,"_bbp_reply_count_hidden":0,"_bbp_forum_subforum_count":0,"footnotes":""},"class_list":["post-3521","page","type-page","status-publish","hentry"],"_links":{"self":[{"href":"https:\/\/enfold.norbou.com\/cs\/wp-json\/wp\/v2\/pages\/3521","targetHints":{"allow":["GET"]}}],"collection":[{"href":"https:\/\/enfold.norbou.com\/cs\/wp-json\/wp\/v2\/pages"}],"about":[{"href":"https:\/\/enfold.norbou.com\/cs\/wp-json\/wp\/v2\/types\/page"}],"author":[{"embeddable":true,"href":"https:\/\/enfold.norbou.com\/cs\/wp-json\/wp\/v2\/users\/1"}],"replies":[{"embeddable":true,"href":"https:\/\/enfold.norbou.com\/cs\/wp-json\/wp\/v2\/comments?post=3521"}],"version-history":[{"count":92,"href":"https:\/\/enfold.norbou.com\/cs\/wp-json\/wp\/v2\/pages\/3521\/revisions"}],"predecessor-version":[{"id":4881,"href":"https:\/\/enfold.norbou.com\/cs\/wp-json\/wp\/v2\/pages\/3521\/revisions\/4881"}],"up":[{"embeddable":true,"href":"https:\/\/enfold.norbou.com\/cs\/wp-json\/wp\/v2\/pages\/3400"}],"wp:attachment":[{"href":"https:\/\/enfold.norbou.com\/cs\/wp-json\/wp\/v2\/media?parent=3521"}],"curies":[{"name":"wp","href":"https:\/\/api.w.org\/{rel}","templated":true}]}}