{"id":3533,"date":"2017-02-13T15:07:14","date_gmt":"2017-02-13T15:07:14","guid":{"rendered":"https:\/\/enfold.norbou.com\/prvky\/prvek-partner-logo\/"},"modified":"2024-08-24T12:29:47","modified_gmt":"2024-08-24T12:29:47","slug":"prvek-partner-logo","status":"publish","type":"page","link":"https:\/\/enfold.norbou.com\/cs\/prvky\/prvek-partner-logo\/","title":{"rendered":"Prvek Partner\/Logo"},"content":{"rendered":"\n<style type=\"text\/css\" data-created_by=\"avia_inline_auto\" id=\"style-css-av-11zccpb-af43da956ef6df362ca07a98d6404dc9\">\n#top .av-special-heading.av-11zccpb-af43da956ef6df362ca07a98d6404dc9{\npadding-bottom:15px;\ncolor:#000000;\nfont-size:40px;\n}\nbody .av-special-heading.av-11zccpb-af43da956ef6df362ca07a98d6404dc9 .av-special-heading-tag .heading-char{\nfont-size:25px;\n}\n#top #wrap_all .av-special-heading.av-11zccpb-af43da956ef6df362ca07a98d6404dc9 .av-special-heading-tag{\nfont-size:40px;\n}\n.av-special-heading.av-11zccpb-af43da956ef6df362ca07a98d6404dc9 .special-heading-inner-border{\nborder-color:#000000;\n}\n.av-special-heading.av-11zccpb-af43da956ef6df362ca07a98d6404dc9 .av-subheading{\nfont-size:15px;\n}\n\n@media only screen and (min-width: 480px) and (max-width: 767px){ \n#top #wrap_all .av-special-heading.av-11zccpb-af43da956ef6df362ca07a98d6404dc9 .av-special-heading-tag{\nfont-size:0.8em;\n}\n}\n\n@media only screen and (max-width: 479px){ \n#top #wrap_all .av-special-heading.av-11zccpb-af43da956ef6df362ca07a98d6404dc9 .av-special-heading-tag{\nfont-size:0.8em;\n}\n}\n<\/style>\n<div  class='av-special-heading av-11zccpb-af43da956ef6df362ca07a98d6404dc9 av-special-heading-h1 custom-color-heading blockquote modern-quote  avia-builder-el-0  el_before_av_textblock  avia-builder-el-first  av-inherit-size'><h1 class='av-special-heading-tag '  itemprop=\"headline\"  >Prvek Partner\/Logo<\/h1><div class=\"special-heading-border\"><div class=\"special-heading-inner-border\"><\/div><\/div><\/div>\n<section  class='av_textblock_section av-10a7kb3-b0778eecaf8994aaf55c39a70d576be9 '   itemscope=\"itemscope\" itemtype=\"https:\/\/schema.org\/CreativeWork\" ><div class='avia_textblock'  itemprop=\"text\" ><p>Element Partner\/Logo v\u00e1m umo\u017e\u0148uje zobrazit posuvn\u00edk nebo m\u0159\u00ed\u017eku s obr\u00e1zky, kter\u00e9 mohou b\u00fdt propojeny s jakoukoli URL. Mo\u017enosti jsou:<\/p>\n<ul>\n<li>1-8 sloupc\u016f<\/li>\n<li>Zobrazen\u00ed posuvn\u00edku nebo m\u0159\u00ed\u017eky<\/li>\n<li>S okrajem nebo bez okraje<\/li>\n<li>Zobrazit\/Skr\u00fdt \u0161ipky slideshow<\/li>\n<li>Propojen\u00ed s jakoukoli URL, bu\u010f v existuj\u00edc\u00edm nebo nov\u00e9m okn\u011b<\/li>\n<li>Zobrazit popisek obr\u00e1zku p\u0159i najet\u00ed my\u0161\u00ed<\/li>\n<li>Pod\u00edvejte se na v\u00edce p\u0159\u00edklad\u016f s r\u016fzn\u00fdmi logy na <a href=\"http:\/\/www.kriesi.at\/themes\/enfold\/shortcodes\/partnerlogo-element\/\">Enfold Classic Demo<\/a><\/li>\n<\/ul>\n<\/div><\/section>\n\n<style type=\"text\/css\" data-created_by=\"avia_inline_auto\" id=\"style-css-av-ymbzzz-5a4f8a1496807716b1234089ca57c696\">\n.flex_column.av-ymbzzz-5a4f8a1496807716b1234089ca57c696{\nborder-radius:0px 0px 0px 0px;\npadding:0px 0px 0px 0px;\n}\n<\/style>\n<div  class='flex_column av-ymbzzz-5a4f8a1496807716b1234089ca57c696 av_one_half  avia-builder-el-2  el_after_av_textblock  el_before_av_one_half  first flex_column_div av-zero-column-padding  column-top-margin'     ><div  class='avia-logo-element-container av-381ubj-22babbf11bbb86d23a5c5e246a47cc76 av-border-deactivate avia-logo-grid avia-content-slider avia-smallarrow-slider avia-content-grid-active noHover avia-content-slider-even  avia-builder-el-3  avia-builder-el-no-sibling  avia-content-slider1' ><div class='avia-smallarrow-slider-heading '><div class='new-special-heading'><h3 class='av-logo-special-heading-text '>Zobrazen\u00ed m\u0159\u00ed\u017eky<\/h3><\/div><\/div><div class=\"avia-content-slider-inner\"><div class=\"slide-entry-wrap\"><div  class='slide-entry av-u8u7cf-db68d5ad5470284b7c9a00b0f08e79bf flex_column no_margin av_one_fourth real-thumbnail post-entry slide-entry-overview slide-loop-1 slide-parity-odd  first'><span class='av-partner-fake-img' style='padding-bottom:100%; background-image:url(https:\/\/enfold.norbou.com\/wp-content\/uploads\/2017\/02\/logosquare-wpseo-mini-180x180.jpg);'><\/span><\/div><div  class='slide-entry av-swrg8v-ccb70c354abca92eff6975afdfa5c80b flex_column no_margin av_one_fourth real-thumbnail post-entry slide-entry-overview slide-loop-2 slide-parity-even  '><span class='av-partner-fake-img' style='padding-bottom:100%; background-image:url(https:\/\/enfold.norbou.com\/wp-content\/uploads\/2017\/02\/logosquare-wpml-mini-180x180.jpg);'><\/span><\/div><div  class='slide-entry av-rctryn-24914e13ab60105e23a899c372ecaa52 flex_column no_margin av_one_fourth real-thumbnail post-entry slide-entry-overview slide-loop-3 slide-parity-odd  '><span class='av-partner-fake-img' style='padding-bottom:100%; background-image:url(https:\/\/enfold.norbou.com\/wp-content\/uploads\/2017\/02\/logosquare-rev-mini-180x180.jpg);'><\/span><\/div><div  class='slide-entry av-2n363z-8c93b2b01e0a4f426696dd09d9a5f16f flex_column no_margin av_one_fourth real-thumbnail post-entry slide-entry-overview slide-loop-4 slide-parity-even  '><span class='av-partner-fake-img' style='padding-bottom:100%; background-image:url(https:\/\/enfold.norbou.com\/wp-content\/uploads\/2017\/02\/logosquare-woo-mini-180x180.jpg);'><\/span><\/div><\/div><div class=\"slide-entry-wrap\"><div  class='slide-entry av-oa6d6n-8c667fadad02b828d8b6ab686eb35859 flex_column no_margin av_one_fourth real-thumbnail post-entry slide-entry-overview slide-loop-5 slide-parity-odd  first'><span class='av-partner-fake-img' style='padding-bottom:100%; background-image:url(https:\/\/enfold.norbou.com\/wp-content\/uploads\/2017\/02\/logosquare-gravity-mini-180x180.jpg);'><\/span><\/div><div  class='slide-entry av-ludcvz-6bb6ae4522fa425546b73da665de1033 flex_column no_margin av_one_fourth real-thumbnail post-entry slide-entry-overview slide-loop-6 slide-parity-even  '><span class='av-partner-fake-img' style='padding-bottom:100%; background-image:url(https:\/\/enfold.norbou.com\/wp-content\/uploads\/2017\/02\/logosquare-layer-mini-180x180.jpg);'><\/span><\/div><div  class='slide-entry av-k9xogf-32efa73125088177bead4cff159454d2 flex_column no_margin av_one_fourth real-thumbnail post-entry slide-entry-overview slide-loop-7 slide-parity-odd  '><span class='av-partner-fake-img' style='padding-bottom:100%; background-image:url(https:\/\/enfold.norbou.com\/wp-content\/uploads\/2017\/02\/logosquare-chimp-mini-180x180.jpg);'><\/span><\/div><div  class='slide-entry av-isio27-29354f13526264477c364ba753ec307f flex_column no_margin av_one_fourth real-thumbnail post-entry slide-entry-overview slide-loop-8 slide-parity-even post-entry-last '><span class='av-partner-fake-img' style='padding-bottom:100%; background-image:url(https:\/\/enfold.norbou.com\/wp-content\/uploads\/2017\/02\/logosquare-events-mini-180x180.jpg);'><\/span><\/div><\/div><\/div><\/div><\/div>\n<style type=\"text\/css\" data-created_by=\"avia_inline_auto\" id=\"style-css-av-1sbpa7-ba28d0144d50885ce8e60d5ca3b3bc0d\">\n.flex_column.av-1sbpa7-ba28d0144d50885ce8e60d5ca3b3bc0d{\nborder-radius:0px 0px 0px 0px;\npadding:0px 0px 0px 0px;\n}\n<\/style>\n<div  class='flex_column av-1sbpa7-ba28d0144d50885ce8e60d5ca3b3bc0d av_one_half  avia-builder-el-4  el_after_av_one_half  el_before_av_hr  flex_column_div av-zero-column-padding  column-top-margin'     ><div  class='avia-logo-element-container av-fplecf-a73e4af8bd42ed5f32965e46473f2d73 av-border-deactivate avia-logo-slider avia-content-slider avia-smallarrow-slider avia-content-slider-active noHover avia-content-slider-even  avia-builder-el-5  avia-builder-el-no-sibling  av-slideshow-ui av-control-default av-nav-arrows-visible av-nav-dots-visible av-no-slider-navigation av-slideshow-autoplay av-loop-endless av-loop-manual-endless avia-content-slider2' data-slideshow-options=\"{&quot;animation&quot;:&quot;slide&quot;,&quot;autoplay&quot;:true,&quot;loop_autoplay&quot;:&quot;endless&quot;,&quot;interval&quot;:10,&quot;loop_manual&quot;:&quot;manual-endless&quot;,&quot;autoplay_stopper&quot;:false,&quot;noNavigation&quot;:false,&quot;bg_slider&quot;:false,&quot;keep_padding&quot;:&quot;&quot;,&quot;hoverpause&quot;:false,&quot;show_slide_delay&quot;:0}\"><div class='avia-smallarrow-slider-heading '><div class='new-special-heading'><h3 class='av-logo-special-heading-text '>Mal\u00fd posuvn\u00edk se \u0161ipkami<\/h3><\/div><div class='avia-slideshow-arrows avia-slideshow-controls' ><a href='#prev' class='prev-slide  avia-svg-icon avia-font-svg_entypo-fontello' data-av_svg_icon='left-open-big' data-av_iconset='svg_entypo-fontello' tabindex='-1' title=\"P\u0159edchoz\u00ed\"><svg version=\"1.1\" xmlns=\"http:\/\/www.w3.org\/2000\/svg\" width=\"15\" height=\"32\" viewBox=\"0 0 15 32\" preserveAspectRatio=\"xMidYMid meet\" aria-labelledby='av-svg-title-1' aria-describedby='av-svg-desc-1' role=\"graphics-symbol\" aria-hidden=\"true\">\n<title id='av-svg-title-1'>P\u0159edchoz\u00ed<\/title>\n<desc id='av-svg-desc-1'>P\u0159edchoz\u00ed<\/desc>\n<path d=\"M14.464 27.84q0.832 0.832 0 1.536-0.832 0.832-1.536 0l-12.544-12.608q-0.768-0.768 0-1.6l12.544-12.608q0.704-0.832 1.536 0 0.832 0.704 0 1.536l-11.456 11.904z\"><\/path>\n<\/svg><span class='avia_hidden_link_text'>P\u0159edchoz\u00ed<\/span><\/a><a href='#next' class='next-slide  avia-svg-icon avia-font-svg_entypo-fontello' data-av_svg_icon='right-open-big' data-av_iconset='svg_entypo-fontello' tabindex='-1' title=\"Dal\u0161\u00ed\"><svg version=\"1.1\" xmlns=\"http:\/\/www.w3.org\/2000\/svg\" width=\"15\" height=\"32\" viewBox=\"0 0 15 32\" preserveAspectRatio=\"xMidYMid meet\" aria-labelledby='av-svg-title-2' aria-describedby='av-svg-desc-2' role=\"graphics-symbol\" aria-hidden=\"true\">\n<title id='av-svg-title-2'>Dal\u0161\u00ed<\/title>\n<desc id='av-svg-desc-2'>Dal\u0161\u00ed<\/desc>\n<path d=\"M0.416 27.84l11.456-11.84-11.456-11.904q-0.832-0.832 0-1.536 0.832-0.832 1.536 0l12.544 12.608q0.768 0.832 0 1.6l-12.544 12.608q-0.704 0.832-1.536 0-0.832-0.704 0-1.536z\"><\/path>\n<\/svg><span class='avia_hidden_link_text'>Dal\u0161\u00ed<\/span><\/a><\/div><\/div><div class=\"avia-content-slider-inner\"><div class=\"slide-entry-wrap\"><div  class='slide-entry av-eljcrj-581703616c4d9d1d00312282073ec536 flex_column no_margin av_one_fourth real-thumbnail post-entry slide-entry-overview slide-loop-1 slide-parity-odd  first'><span class='av-partner-fake-img' style='padding-bottom:100%; background-image:url(https:\/\/enfold.norbou.com\/wp-content\/uploads\/2017\/02\/logosquare-woo-mini.jpg);'><\/span><\/div><div  class='slide-entry av-c25ben-9ec57bf54ab0fa8f698c6c74c6e21d8c flex_column no_margin av_one_fourth real-thumbnail post-entry slide-entry-overview slide-loop-2 slide-parity-even  '><span class='av-partner-fake-img' style='padding-bottom:100%; background-image:url(https:\/\/enfold.norbou.com\/wp-content\/uploads\/2017\/02\/logosquare-gravity-mini.jpg);'><\/span><\/div><div  class='slide-entry av-11petr-1d3a94ff658aa1d87436ede673b1be34 flex_column no_margin av_one_fourth real-thumbnail post-entry slide-entry-overview slide-loop-3 slide-parity-odd  '><span class='av-partner-fake-img' style='padding-bottom:100%; background-image:url(https:\/\/enfold.norbou.com\/wp-content\/uploads\/2017\/02\/logosquare-layer-mini.jpg);'><\/span><\/div><div  class='slide-entry av-9nve4v-6d41305f0ff3642966dc3f86a8f5fc8e flex_column no_margin av_one_fourth real-thumbnail post-entry slide-entry-overview slide-loop-4 slide-parity-even  '><span class='av-partner-fake-img' style='padding-bottom:100%; background-image:url(https:\/\/enfold.norbou.com\/wp-content\/uploads\/2017\/02\/logosquare-events-mini.jpg);'><\/span><\/div><\/div><div class=\"slide-entry-wrap\"><div  class='slide-entry av-7x3g3z-8e8d228e9cb8e828ebd5311d03f7f52b flex_column no_margin av_one_fourth real-thumbnail post-entry slide-entry-overview slide-loop-5 slide-parity-odd  first'><span class='av-partner-fake-img' style='padding-bottom:100%; background-image:url(https:\/\/enfold.norbou.com\/wp-content\/uploads\/2017\/02\/logosquare-bbpress-mini.jpg);'><\/span><\/div><div  class='slide-entry av-6abj9r-44a33acab3e9b04f5d7d801cdc81eb07 flex_column no_margin av_one_fourth real-thumbnail post-entry slide-entry-overview slide-loop-6 slide-parity-even  '><span class='av-partner-fake-img' style='padding-bottom:100%; background-image:url(https:\/\/enfold.norbou.com\/wp-content\/uploads\/2017\/02\/logosquare-rev-mini.jpg);'><\/span><\/div><div  class='slide-entry av-4v8bun-6d7ea3594ae8000412cb29300b2db8c8 flex_column no_margin av_one_fourth real-thumbnail post-entry slide-entry-overview slide-loop-7 slide-parity-odd post-entry-last '><span class='av-partner-fake-img' style='padding-bottom:100%; background-image:url(https:\/\/enfold.norbou.com\/wp-content\/uploads\/2017\/02\/logosquare-wpml-mini.jpg);'><\/span><\/div><\/div><\/div><\/div><\/div><div  class='hr av-2sda8v-6b105bb6c3f076a00f7f6a63e86ba35e hr-full  avia-builder-el-6  el_after_av_one_half  avia-builder-el-last  hr-no-shadow'><span class='hr-inner '><span class=\"hr-inner-style\"><\/span><\/span><\/div><\/p>\n","protected":false},"excerpt":{"rendered":"","protected":false},"author":1,"featured_media":0,"parent":3400,"menu_order":0,"comment_status":"closed","ping_status":"closed","template":"","meta":{"_bbp_topic_count":0,"_bbp_reply_count":0,"_bbp_total_topic_count":0,"_bbp_total_reply_count":0,"_bbp_voice_count":0,"_bbp_anonymous_reply_count":0,"_bbp_topic_count_hidden":0,"_bbp_reply_count_hidden":0,"_bbp_forum_subforum_count":0,"footnotes":""},"class_list":["post-3533","page","type-page","status-publish","hentry"],"_links":{"self":[{"href":"https:\/\/enfold.norbou.com\/cs\/wp-json\/wp\/v2\/pages\/3533","targetHints":{"allow":["GET"]}}],"collection":[{"href":"https:\/\/enfold.norbou.com\/cs\/wp-json\/wp\/v2\/pages"}],"about":[{"href":"https:\/\/enfold.norbou.com\/cs\/wp-json\/wp\/v2\/types\/page"}],"author":[{"embeddable":true,"href":"https:\/\/enfold.norbou.com\/cs\/wp-json\/wp\/v2\/users\/1"}],"replies":[{"embeddable":true,"href":"https:\/\/enfold.norbou.com\/cs\/wp-json\/wp\/v2\/comments?post=3533"}],"version-history":[{"count":9,"href":"https:\/\/enfold.norbou.com\/cs\/wp-json\/wp\/v2\/pages\/3533\/revisions"}],"predecessor-version":[{"id":5002,"href":"https:\/\/enfold.norbou.com\/cs\/wp-json\/wp\/v2\/pages\/3533\/revisions\/5002"}],"up":[{"embeddable":true,"href":"https:\/\/enfold.norbou.com\/cs\/wp-json\/wp\/v2\/pages\/3400"}],"wp:attachment":[{"href":"https:\/\/enfold.norbou.com\/cs\/wp-json\/wp\/v2\/media?parent=3533"}],"curies":[{"name":"wp","href":"https:\/\/api.w.org\/{rel}","templated":true}]}}