{"id":3537,"date":"2017-02-13T15:07:00","date_gmt":"2017-02-13T15:07:00","guid":{"rendered":"https:\/\/enfold.norbou.com\/prvky\/posuvnik-s-vrstvami\/"},"modified":"2024-08-24T12:29:47","modified_gmt":"2024-08-24T12:29:47","slug":"posuvnik-s-vrstvami","status":"publish","type":"page","link":"https:\/\/enfold.norbou.com\/cs\/prvky\/posuvnik-s-vrstvami\/","title":{"rendered":"Posuvn\u00edk s vrstvami"},"content":{"rendered":"<div id='layer_slider_1'  class='avia-layerslider main_color avia-shadow  avia-builder-el-0  el_before_av_two_third  avia-builder-el-first  container_wrap sidebar_right'  style='height: 851px; max-width: 1410px; margin: 0 auto;'  ><\/div><div id='after_layer_slider_1'  class='main_color av_default_container_wrap container_wrap sidebar_right'  ><div class='container av-section-cont-open' ><div class='template-page content  av-content-small alpha units'><div class='post-entry post-entry-type-page post-entry-3537'><div class='entry-content-wrapper clearfix'>\n<div class='flex_column_table av-96ue8c-63c538b464e14426cbc40b26937607a5 sc-av_two_third av-equal-height-column-flextable'>\n<style type=\"text\/css\" data-created_by=\"avia_inline_auto\" id=\"style-css-av-96ue8c-63c538b464e14426cbc40b26937607a5\">\n.flex_column.av-96ue8c-63c538b464e14426cbc40b26937607a5{\nborder-radius:0px 0px 0px 0px;\npadding:0px 0px 0px 0px;\n}\n<\/style>\n<div  class='flex_column av-96ue8c-63c538b464e14426cbc40b26937607a5 av_two_third  avia-builder-el-1  el_after_av_layerslider  el_before_av_one_third  avia-builder-el-first  first flex_column_table_cell av-equal-height-column av-align-middle av-zero-column-padding  '     ><p>\n<style type=\"text\/css\" data-created_by=\"avia_inline_auto\" id=\"style-css-av-7qtboc-a44fd2d3e6e36f6471aaaea1e39ccd9d\">\n#top .av-special-heading.av-7qtboc-a44fd2d3e6e36f6471aaaea1e39ccd9d{\npadding-bottom:15px;\ncolor:#000000;\nfont-size:40px;\n}\nbody .av-special-heading.av-7qtboc-a44fd2d3e6e36f6471aaaea1e39ccd9d .av-special-heading-tag .heading-char{\nfont-size:25px;\n}\n#top #wrap_all .av-special-heading.av-7qtboc-a44fd2d3e6e36f6471aaaea1e39ccd9d .av-special-heading-tag{\nfont-size:40px;\n}\n.av-special-heading.av-7qtboc-a44fd2d3e6e36f6471aaaea1e39ccd9d .special-heading-inner-border{\nborder-color:#000000;\n}\n.av-special-heading.av-7qtboc-a44fd2d3e6e36f6471aaaea1e39ccd9d .av-subheading{\nfont-size:15px;\n}\n\n@media only screen and (min-width: 480px) and (max-width: 767px){ \n#top #wrap_all .av-special-heading.av-7qtboc-a44fd2d3e6e36f6471aaaea1e39ccd9d .av-special-heading-tag{\nfont-size:0.8em;\n}\n}\n\n@media only screen and (max-width: 479px){ \n#top #wrap_all .av-special-heading.av-7qtboc-a44fd2d3e6e36f6471aaaea1e39ccd9d .av-special-heading-tag{\nfont-size:0.8em;\n}\n}\n<\/style>\n<div  class='av-special-heading av-7qtboc-a44fd2d3e6e36f6471aaaea1e39ccd9d av-special-heading-h1 custom-color-heading blockquote modern-quote  avia-builder-el-2  el_before_av_textblock  avia-builder-el-first  av-inherit-size'><h1 class='av-special-heading-tag '  itemprop=\"headline\"  >Layer Slider<\/h1><div class=\"special-heading-border\"><div class=\"special-heading-inner-border\"><\/div><\/div><\/div><br \/>\n<section  class='av_textblock_section av-5ta3xo-4abc23e3fa1e94fbe32a355b3e48007d '   itemscope=\"itemscope\" itemtype=\"https:\/\/schema.org\/CreativeWork\" ><div class='avia_textblock'  itemprop=\"text\" ><p>M\u016f\u017eete zobrazit nejen jeden Layerposuvn\u00edk, ale i v\u00edce na ka\u017ed\u00e9 str\u00e1nce. M\u00e1te v\u0161echny \u00fa\u017easn\u00e9 mo\u017enosti Layerlsider pro ka\u017ed\u00fd posuvn\u00edk, po\u010d\u00ednaje v\u00fd\u0161kou, stylem, p\u0159echody atd. P\u0159echody pro ka\u017ed\u00fd prvek lze nastavit v elegantn\u00edm editoru drag and drop, m\u00e1te \u00fa\u017easn\u00e9 mo\u017enosti jako efekty paralaxy my\u0161\u00ed a spoustu demo posuvn\u00edk\u016f k importu.<\/p>\n<\/div><\/section><\/p><\/div>\n<div class='av-flex-placeholder'><\/div>\n<style type=\"text\/css\" data-created_by=\"avia_inline_auto\" id=\"style-css-av-3nm42k-1109305ab9ea3c4a58d8c8c8ea3f9407\">\n.flex_column.av-3nm42k-1109305ab9ea3c4a58d8c8c8ea3f9407{\nborder-radius:0px 0px 0px 0px;\npadding:0px 0px 0px 0px;\n}\n<\/style>\n<div  class='flex_column av-3nm42k-1109305ab9ea3c4a58d8c8c8ea3f9407 av_one_third  avia-builder-el-4  el_after_av_two_third  avia-builder-el-last  flex_column_table_cell av-equal-height-column av-align-middle av-zero-column-padding  '     ><div  class='avia-button-wrap av-1wjnyk-cc1bd99cc9bdb99ce8dbcd5e1fa3c32a-wrap avia-button-left  avia-builder-el-5  avia-builder-el-no-sibling '><a href='https:\/\/layerposuvn\u00edk.kreaturamedia.com\/posuvn\u00edks\/'  class='avia-button av-1wjnyk-cc1bd99cc9bdb99ce8dbcd5e1fa3c32a av-link-btn avia-icon_select-no avia-size-x-large avia-position-left avia-color-dark'   aria-label=\"Zobrazit uk\u00e1zkov\u00e9 sn\u00edmky Layderposuvn\u00edk\"><span class='avia_iconbox_title' >Zobrazit uk\u00e1zkov\u00e9 sn\u00edmky Layderposuvn\u00edk<\/span><\/a><\/div><\/div><\/div><!--close column table wrapper. Autoclose: 1 -->\n","protected":false},"excerpt":{"rendered":"","protected":false},"author":1,"featured_media":0,"parent":3400,"menu_order":0,"comment_status":"closed","ping_status":"closed","template":"","meta":{"_bbp_topic_count":0,"_bbp_reply_count":0,"_bbp_total_topic_count":0,"_bbp_total_reply_count":0,"_bbp_voice_count":0,"_bbp_anonymous_reply_count":0,"_bbp_topic_count_hidden":0,"_bbp_reply_count_hidden":0,"_bbp_forum_subforum_count":0,"footnotes":""},"class_list":["post-3537","page","type-page","status-publish","hentry"],"_links":{"self":[{"href":"https:\/\/enfold.norbou.com\/cs\/wp-json\/wp\/v2\/pages\/3537","targetHints":{"allow":["GET"]}}],"collection":[{"href":"https:\/\/enfold.norbou.com\/cs\/wp-json\/wp\/v2\/pages"}],"about":[{"href":"https:\/\/enfold.norbou.com\/cs\/wp-json\/wp\/v2\/types\/page"}],"author":[{"embeddable":true,"href":"https:\/\/enfold.norbou.com\/cs\/wp-json\/wp\/v2\/users\/1"}],"replies":[{"embeddable":true,"href":"https:\/\/enfold.norbou.com\/cs\/wp-json\/wp\/v2\/comments?post=3537"}],"version-history":[{"count":9,"href":"https:\/\/enfold.norbou.com\/cs\/wp-json\/wp\/v2\/pages\/3537\/revisions"}],"predecessor-version":[{"id":5006,"href":"https:\/\/enfold.norbou.com\/cs\/wp-json\/wp\/v2\/pages\/3537\/revisions\/5006"}],"up":[{"embeddable":true,"href":"https:\/\/enfold.norbou.com\/cs\/wp-json\/wp\/v2\/pages\/3400"}],"wp:attachment":[{"href":"https:\/\/enfold.norbou.com\/cs\/wp-json\/wp\/v2\/media?parent=3537"}],"curies":[{"name":"wp","href":"https:\/\/api.w.org\/{rel}","templated":true}]}}