{"id":3545,"date":"2017-02-13T15:06:33","date_gmt":"2017-02-13T15:06:33","guid":{"rendered":"https:\/\/enfold.norbou.com\/prvky\/posuvnik-nahledovych-obrazku\/"},"modified":"2024-08-24T12:29:47","modified_gmt":"2024-08-24T12:29:47","slug":"posuvnik-nahledovych-obrazku","status":"publish","type":"page","link":"https:\/\/enfold.norbou.com\/cs\/prvky\/posuvnik-nahledovych-obrazku\/","title":{"rendered":"Posuvn\u00edk n\u00e1hledov\u00fdch obr\u00e1zk\u016f"},"content":{"rendered":"\n\n<style type=\"text\/css\" data-created_by=\"avia_inline_auto\" id=\"style-css-av-cevs12-8b1498ae5719c14586f514e9fab0029c\">\n#top .av-special-heading.av-cevs12-8b1498ae5719c14586f514e9fab0029c{\npadding-bottom:15px;\ncolor:#000000;\nfont-size:40px;\n}\nbody .av-special-heading.av-cevs12-8b1498ae5719c14586f514e9fab0029c .av-special-heading-tag .heading-char{\nfont-size:25px;\n}\n#top #wrap_all .av-special-heading.av-cevs12-8b1498ae5719c14586f514e9fab0029c .av-special-heading-tag{\nfont-size:40px;\n}\n.av-special-heading.av-cevs12-8b1498ae5719c14586f514e9fab0029c .special-heading-inner-border{\nborder-color:#000000;\n}\n.av-special-heading.av-cevs12-8b1498ae5719c14586f514e9fab0029c .av-subheading{\nfont-size:15px;\n}\n\n@media only screen and (min-width: 480px) and (max-width: 767px){ \n#top #wrap_all .av-special-heading.av-cevs12-8b1498ae5719c14586f514e9fab0029c .av-special-heading-tag{\nfont-size:0.8em;\n}\n}\n\n@media only screen and (max-width: 479px){ \n#top #wrap_all .av-special-heading.av-cevs12-8b1498ae5719c14586f514e9fab0029c .av-special-heading-tag{\nfont-size:0.8em;\n}\n}\n<\/style>\n<div  class='av-special-heading av-cevs12-8b1498ae5719c14586f514e9fab0029c av-special-heading-h1 custom-color-heading blockquote modern-quote  avia-builder-el-1  el_after_av_feature_image_slider  el_before_av_textblock  avia-builder-el-first  av-inherit-size'><h1 class='av-special-heading-tag '  itemprop=\"headline\"  >Slider s Hlavn\u00edm Obr\u00e1zkem<\/h1><div class=\"special-heading-border\"><div class=\"special-heading-inner-border\"><\/div><\/div><\/div>\n<section  class='av_textblock_section av-b2t8na-3104bc958033b77537c91f496c29fb8f '   itemscope=\"itemscope\" itemtype=\"https:\/\/schema.org\/CreativeWork\" ><div class='avia_textblock'  itemprop=\"text\" ><p>Tento prvek v\u00e1m umo\u017e\u0148uje zobrazit posuvn\u00edk, kter\u00fd ukazuje n\u011bkolik p\u0159\u00edsp\u011bvk\u016f a jejich n\u00e1hledov\u00e9 obr\u00e1zky. M\u016f\u017eete pou\u017e\u00edt jak\u00fdkoli registrovan\u00fd typ p\u0159\u00edsp\u011bvku, jako jsou blogov\u00e9 p\u0159\u00edsp\u011bvky, produkty, polo\u017eky portfolia a dokonce i typy p\u0159\u00edsp\u011bvk\u016f <strong>p\u0159idan\u00e9 jin\u00fdmi pluginy<\/strong>.<br \/>\nSlider m\u016f\u017ee b\u00fdt zobrazen bu\u010f jako prvek na celou \u0161\u00ed\u0159ku, jak je vid\u011bt v\u00fd\u0161e, nebo jako men\u0161\u00ed obsahov\u00fd prvek.<\/p>\n<\/div><\/section>\n\n<style type=\"text\/css\" data-created_by=\"avia_inline_auto\" id=\"style-css-av-9bcn9y-15682bcdc5d3bd709d90a746a695e8d6\">\n#top .hr.hr-invisible.av-9bcn9y-15682bcdc5d3bd709d90a746a695e8d6{\nheight:50px;\n}\n<\/style>\n<div  class='hr av-9bcn9y-15682bcdc5d3bd709d90a746a695e8d6 hr-invisible  avia-builder-el-3  el_after_av_textblock  el_before_av_one_full '><span class='hr-inner '><span class=\"hr-inner-style\"><\/span><\/span><\/div>\n\n<style type=\"text\/css\" data-created_by=\"avia_inline_auto\" id=\"style-css-av-r8eae-bafcee7dd3a9ba58c9455635b8370065\">\n.flex_column.av-r8eae-bafcee7dd3a9ba58c9455635b8370065{\nborder-radius:0px 0px 0px 0px;\npadding:0px 0px 0px 0px;\n}\n<\/style>\n<div  class='flex_column av-r8eae-bafcee7dd3a9ba58c9455635b8370065 av_one_full  avia-builder-el-4  el_after_av_hr  el_before_av_hr  first flex_column_div av-zero-column-padding  '     ><style type=\"text\/css\" data-created_by=\"avia_inline_auto\" id=\"style-css-av-5wd4ue-35d95b60d9e604dcee698d4360afcf7e\">\n.avia-featureimage-slideshow.av-5wd4ue-35d95b60d9e604dcee698d4360afcf7e .avia-slideshow-inner{\npadding-bottom:56.25%;\n}\n<\/style>\n<div  id=\"avia_feature_image_slider_2\"  class='avia-slideshow avia-featureimage-slideshow av-5wd4ue-35d95b60d9e604dcee698d4360afcf7e avia-animated-caption avia-slideshow-no scaling avia-fade-slider av-slideshow-ui av-control-minimal av-slideshow-manual av-loop-once av-loop-manual-endless avia-slideshow-2' data-slideshow-options=\"{&quot;animation&quot;:&quot;fade&quot;,&quot;autoplay&quot;:false,&quot;loop_autoplay&quot;:&quot;once&quot;,&quot;interval&quot;:5,&quot;loop_manual&quot;:&quot;manual-endless&quot;,&quot;autoplay_stopper&quot;:false,&quot;noNavigation&quot;:false,&quot;bg_slider&quot;:true,&quot;keep_padding&quot;:true,&quot;hoverpause&quot;:false,&quot;show_slide_delay&quot;:0}\"  itemprop=\"image\" itemscope=\"itemscope\" itemtype=\"https:\/\/schema.org\/ImageObject\" ><ul class=\"avia-slideshow-inner avia-slideshow-fixed-height\"><li data-img-url='https:\/\/enfold.norbou.com\/wp-content\/uploads\/2015\/07\/portfolio-10.jpg' class='avia-featureimage-slide av-5wd4ue-35d95b60d9e604dcee698d4360afcf7e__0 slide-1  slide-id-3430'><div class=\"caption_fullwidth av-slideshow-caption caption_center\"><div class=\"container caption_container\"><div class=\"slideshow_caption\"><div class=\"slideshow_inner_caption\"><div class=\"slideshow_align_caption\"><h2 class='avia-caption-title '><a href='https:\/\/enfold.norbou.com\/cs\/portfolio-item\/moderni-jednoduchy-vstup\/'  itemprop=\"thumbnailUrl\" >Modern\u00ed jednoduch\u00fd vstup<\/a><\/h2><\/div><\/div><\/div><\/div><div class='av-section-color-overlay' style='opacity: 0.4; background-color: #000000; '><\/div><\/div><\/li><li data-img-url='https:\/\/enfold.norbou.com\/wp-content\/uploads\/2015\/07\/portfolio-9.jpg' class='avia-featureimage-slide av-5wd4ue-35d95b60d9e604dcee698d4360afcf7e__1 slide-2  slide-id-3435'><div class=\"caption_fullwidth av-slideshow-caption caption_center\"><div class=\"container caption_container\"><div class=\"slideshow_caption\"><div class=\"slideshow_inner_caption\"><div class=\"slideshow_align_caption\"><h2 class='avia-caption-title '><a href='https:\/\/enfold.norbou.com\/cs\/portfolio-item\/klasicky-jednoduchy-vstup\/'  itemprop=\"thumbnailUrl\" >Klasick\u00fd jednoduch\u00fd vstup<\/a><\/h2><\/div><\/div><\/div><\/div><div class='av-section-color-overlay' style='opacity: 0.4; background-color: #000000; '><\/div><\/div><\/li><\/ul><div class='avia-slideshow-arrows avia-slideshow-controls' ><a href='#prev' class='prev-slide  avia-svg-icon avia-font-svg_entypo-fontello' data-av_svg_icon='left-open-big' data-av_iconset='svg_entypo-fontello' tabindex='-1' title=\"P\u0159edchoz\u00ed\"><svg version=\"1.1\" xmlns=\"http:\/\/www.w3.org\/2000\/svg\" width=\"15\" height=\"32\" viewBox=\"0 0 15 32\" preserveAspectRatio=\"xMidYMid meet\" aria-labelledby='av-svg-title-1' aria-describedby='av-svg-desc-1' role=\"graphics-symbol\" aria-hidden=\"true\">\n<title id='av-svg-title-1'>P\u0159edchoz\u00ed<\/title>\n<desc id='av-svg-desc-1'>P\u0159edchoz\u00ed<\/desc>\n<path d=\"M14.464 27.84q0.832 0.832 0 1.536-0.832 0.832-1.536 0l-12.544-12.608q-0.768-0.768 0-1.6l12.544-12.608q0.704-0.832 1.536 0 0.832 0.704 0 1.536l-11.456 11.904z\"><\/path>\n<\/svg><span class='avia_hidden_link_text'>P\u0159edchoz\u00ed<\/span><\/a><a href='#next' class='next-slide  avia-svg-icon avia-font-svg_entypo-fontello' data-av_svg_icon='right-open-big' data-av_iconset='svg_entypo-fontello' tabindex='-1' title=\"Dal\u0161\u00ed\"><svg version=\"1.1\" xmlns=\"http:\/\/www.w3.org\/2000\/svg\" width=\"15\" height=\"32\" viewBox=\"0 0 15 32\" preserveAspectRatio=\"xMidYMid meet\" aria-labelledby='av-svg-title-2' aria-describedby='av-svg-desc-2' role=\"graphics-symbol\" aria-hidden=\"true\">\n<title id='av-svg-title-2'>Dal\u0161\u00ed<\/title>\n<desc id='av-svg-desc-2'>Dal\u0161\u00ed<\/desc>\n<path d=\"M0.416 27.84l11.456-11.84-11.456-11.904q-0.832-0.832 0-1.536 0.832-0.832 1.536 0l12.544 12.608q0.768 0.832 0 1.6l-12.544 12.608q-0.704 0.832-1.536 0-0.832-0.704 0-1.536z\"><\/path>\n<\/svg><span class='avia_hidden_link_text'>Dal\u0161\u00ed<\/span><\/a><\/div><div class='avia-slideshow-dots avia-slideshow-controls'><a href='#1' class='goto-slide active' >1<\/a><a href='#2' class='goto-slide ' >2<\/a><\/div><\/div><\/div>\n\n<style type=\"text\/css\" data-created_by=\"avia_inline_auto\" id=\"style-css-av-4c2dvq-59a46080c334986a098e5088ec4ce9a1\">\n#top .hr.hr-invisible.av-4c2dvq-59a46080c334986a098e5088ec4ce9a1{\nheight:50px;\n}\n<\/style>\n<div  class='hr av-4c2dvq-59a46080c334986a098e5088ec4ce9a1 hr-invisible  avia-builder-el-6  el_after_av_one_full  el_before_av_textblock '><span class='hr-inner '><span class=\"hr-inner-style\"><\/span><\/span><\/div>\n<section  class='av_textblock_section av-1yg93a-b66e185cfd1dd5c7a65392a68979e0e8 '   itemscope=\"itemscope\" itemtype=\"https:\/\/schema.org\/CreativeWork\" ><div class='avia_textblock'  itemprop=\"text\" ><p>Lorem ipsum dolor sit amet, consectetuer adipiscing elit. Aenean commodo ligula eget dolor. Aenean massa. Cum sociis natoque penatibus et magnis dis parturient montes, nascetur ridiculus mus. Donec quam felis, <strong>ultricies<\/strong> nec, pellentesque eu, pretium quis, sem. Nulla consequat massa quis enim.<br \/>\nDonec pede justo, fringilla vel, aliquet nec, vulputate eget, arcu. In enim justo, rhoncus ut, imperdiet a, venenatis vitae, justo. Nullam dictum felis eu pede mollis pretium. Integer tincidunt. Cras dapibus. Vivamus <strong>elementum<\/strong> semper nisi. Aenean vulputate eleifend tellus. Aenean leo ligula, porttitor eu, consequat vitae, eleifend ac, enim. Aliquam lorem ante, dapibus in, viverra quis, feugiat a, tellus.<\/p>\n<\/div><\/section>\n","protected":false},"excerpt":{"rendered":"","protected":false},"author":1,"featured_media":0,"parent":3400,"menu_order":0,"comment_status":"closed","ping_status":"closed","template":"","meta":{"_bbp_topic_count":0,"_bbp_reply_count":0,"_bbp_total_topic_count":0,"_bbp_total_reply_count":0,"_bbp_voice_count":0,"_bbp_anonymous_reply_count":0,"_bbp_topic_count_hidden":0,"_bbp_reply_count_hidden":0,"_bbp_forum_subforum_count":0,"footnotes":""},"class_list":["post-3545","page","type-page","status-publish","hentry"],"_links":{"self":[{"href":"https:\/\/enfold.norbou.com\/cs\/wp-json\/wp\/v2\/pages\/3545","targetHints":{"allow":["GET"]}}],"collection":[{"href":"https:\/\/enfold.norbou.com\/cs\/wp-json\/wp\/v2\/pages"}],"about":[{"href":"https:\/\/enfold.norbou.com\/cs\/wp-json\/wp\/v2\/types\/page"}],"author":[{"embeddable":true,"href":"https:\/\/enfold.norbou.com\/cs\/wp-json\/wp\/v2\/users\/1"}],"replies":[{"embeddable":true,"href":"https:\/\/enfold.norbou.com\/cs\/wp-json\/wp\/v2\/comments?post=3545"}],"version-history":[{"count":9,"href":"https:\/\/enfold.norbou.com\/cs\/wp-json\/wp\/v2\/pages\/3545\/revisions"}],"predecessor-version":[{"id":5014,"href":"https:\/\/enfold.norbou.com\/cs\/wp-json\/wp\/v2\/pages\/3545\/revisions\/5014"}],"up":[{"embeddable":true,"href":"https:\/\/enfold.norbou.com\/cs\/wp-json\/wp\/v2\/pages\/3400"}],"wp:attachment":[{"href":"https:\/\/enfold.norbou.com\/cs\/wp-json\/wp\/v2\/media?parent=3545"}],"curies":[{"name":"wp","href":"https:\/\/api.w.org\/{rel}","templated":true}]}}