{"id":3549,"date":"2017-02-13T15:06:04","date_gmt":"2017-02-13T15:06:04","guid":{"rendered":"https:\/\/enfold.norbou.com\/prvky\/slider-pres-celou-obrazovku\/"},"modified":"2024-08-24T12:25:23","modified_gmt":"2024-08-24T12:25:23","slug":"slider-pres-celou-obrazovku","status":"publish","type":"page","link":"https:\/\/enfold.norbou.com\/cs\/prvky\/slider-pres-celou-obrazovku\/","title":{"rendered":"Slider p\u0159es celou obrazovku"},"content":{"rendered":"<div   class='avia-fullscreen-slider main_color   avia-builder-el-0  el_before_av_section  avia-builder-el-first  container_wrap sidebar_right'  >\n<style type=\"text\/css\" data-created_by=\"avia_inline_auto\" id=\"style-css-av-f30n2r-8461f69f9ae8b8f6a2f9919786a203b6\">\n#top #wrap_all .avia-slideshow .av-slideshow-caption.av-f30n2r-8461f69f9ae8b8f6a2f9919786a203b6__0 .avia-caption-title{\nfont-size:55px;\n}\n#top #wrap_all .avia-slideshow .av-slideshow-caption.av-f30n2r-8461f69f9ae8b8f6a2f9919786a203b6__1 .avia-caption-title{\nfont-size:55px;\n}\n<\/style>\n<a href='#next-section' title='' class='scroll-down-link av-control-minimal avia-svg-icon avia-font-svg_entypo-fontello' data-av_svg_icon='down-open-mini' data-av_iconset='svg_entypo-fontello'><svg version=\"1.1\" xmlns=\"http:\/\/www.w3.org\/2000\/svg\" width=\"15\" height=\"32\" viewBox=\"0 0 15 32\" preserveAspectRatio=\"xMidYMid meet\" aria-labelledby='av-svg-title-1' aria-describedby='av-svg-desc-1' role=\"graphics-symbol\" aria-hidden=\"true\">\n<title id='av-svg-title-1'>Scroll to next section<\/title>\n<desc id='av-svg-desc-1'>Scroll to next section<\/desc>\n<path d=\"M12.96 12.16q0.704-0.832 1.536 0 0.832 0.704 0 1.536l-6.272 6.144q-0.704 0.704-1.536 0l-6.272-6.144q-0.832-0.832 0-1.536 0.768-0.768 1.6 0l5.44 4.992z\"><\/path>\n<\/svg><\/a><div  class='avia-slideshow av-f30n2r-8461f69f9ae8b8f6a2f9919786a203b6 avia-slideshow-extra_large av_fullscreen avia-fade-slider av-slideshow-ui av-control-minimal av-slideshow-manual av-loop-once av-loop-manual-endless av-slider-scroll-down-active av-default-height-applied   avia-slideshow-1' data-slideshow-options=\"{&quot;animation&quot;:&quot;fade&quot;,&quot;autoplay&quot;:false,&quot;loop_autoplay&quot;:&quot;once&quot;,&quot;interval&quot;:5,&quot;loop_manual&quot;:&quot;manual-endless&quot;,&quot;autoplay_stopper&quot;:false,&quot;noNavigation&quot;:false,&quot;bg_slider&quot;:true,&quot;keep_padding&quot;:false,&quot;hoverpause&quot;:false,&quot;show_slide_delay&quot;:0,&quot;slide_height&quot;:&quot;100&quot;,&quot;image_attachment&quot;:&quot;fixed&quot;}\"  itemprop=\"image\" itemscope=\"itemscope\" itemtype=\"https:\/\/schema.org\/ImageObject\" ><ul class='avia-slideshow-inner ' style='padding-bottom: 50%;'><li style='background-position:center center;' data-img-url='https:\/\/enfold.norbou.com\/wp-content\/uploads\/2017\/02\/banner-news-alt-1500x750.jpg' class='avia-slideshow-slide av-f30n2r-8461f69f9ae8b8f6a2f9919786a203b6__0  slide-1 slide-odd'><div data-rel='slideshow-1' class='avia-slide-wrap '   ><div class='av-section-color-overlay' style='opacity: 0.7; background-color: #000000; '><\/div><\/div><\/li><li style='background-position:center center;' data-img-url='https:\/\/enfold.norbou.com\/wp-content\/uploads\/2015\/07\/business-office-work.jpg' class='avia-slideshow-slide av-f30n2r-8461f69f9ae8b8f6a2f9919786a203b6__1  slide-2 slide-even'><div data-rel='slideshow-1' class='avia-slide-wrap '   ><div class='av-section-color-overlay' style='opacity: 0.7; background-color: #000000; '><\/div><\/div><\/li><\/ul><div class='avia-slideshow-arrows avia-slideshow-controls' ><a href='#prev' class='prev-slide  avia-svg-icon avia-font-svg_entypo-fontello' data-av_svg_icon='left-open-big' data-av_iconset='svg_entypo-fontello' tabindex='-1' title=\"P\u0159edchoz\u00ed\"><svg version=\"1.1\" xmlns=\"http:\/\/www.w3.org\/2000\/svg\" width=\"15\" height=\"32\" viewBox=\"0 0 15 32\" preserveAspectRatio=\"xMidYMid meet\" aria-labelledby='av-svg-title-2' aria-describedby='av-svg-desc-2' role=\"graphics-symbol\" aria-hidden=\"true\">\n<title id='av-svg-title-2'>P\u0159edchoz\u00ed<\/title>\n<desc id='av-svg-desc-2'>P\u0159edchoz\u00ed<\/desc>\n<path d=\"M14.464 27.84q0.832 0.832 0 1.536-0.832 0.832-1.536 0l-12.544-12.608q-0.768-0.768 0-1.6l12.544-12.608q0.704-0.832 1.536 0 0.832 0.704 0 1.536l-11.456 11.904z\"><\/path>\n<\/svg><span class='avia_hidden_link_text'>P\u0159edchoz\u00ed<\/span><\/a><a href='#next' class='next-slide  avia-svg-icon avia-font-svg_entypo-fontello' data-av_svg_icon='right-open-big' data-av_iconset='svg_entypo-fontello' tabindex='-1' title=\"Dal\u0161\u00ed\"><svg version=\"1.1\" xmlns=\"http:\/\/www.w3.org\/2000\/svg\" width=\"15\" height=\"32\" viewBox=\"0 0 15 32\" preserveAspectRatio=\"xMidYMid meet\" aria-labelledby='av-svg-title-3' aria-describedby='av-svg-desc-3' role=\"graphics-symbol\" aria-hidden=\"true\">\n<title id='av-svg-title-3'>Dal\u0161\u00ed<\/title>\n<desc id='av-svg-desc-3'>Dal\u0161\u00ed<\/desc>\n<path d=\"M0.416 27.84l11.456-11.84-11.456-11.904q-0.832-0.832 0-1.536 0.832-0.832 1.536 0l12.544 12.608q0.768 0.832 0 1.6l-12.544 12.608q-0.704 0.832-1.536 0-0.832-0.704 0-1.536z\"><\/path>\n<\/svg><span class='avia_hidden_link_text'>Dal\u0161\u00ed<\/span><\/a><\/div><div class='avia-slideshow-dots avia-slideshow-controls'><a href='#1' class='goto-slide active' >1<\/a><a href='#2' class='goto-slide ' >2<\/a><\/div><div class='av-slideshow-caption av-f30n2r-8461f69f9ae8b8f6a2f9919786a203b6__0 caption_fullwidth caption_center'><div class=\"container caption_container\"><div class=\"slideshow_caption\"><div class=\"slideshow_inner_caption\"><div class=\"slideshow_align_caption\"><h2 class='avia-caption-title '  itemprop=\"name\" >TOTO JE CELOOBRAZOVKOV\u00dd SLIDER<\/h2><div class='avia-caption-content '  itemprop=\"description\" ><p>Slider se rozprost\u00edr\u00e1 p\u0159es celou obrazovku. Pokud chcete, m\u016f\u017eete na str\u00e1nku nastavit v\u00edce fullscreen posuvn\u00edk\u016f.<\/p>\n<\/div><a href='#next-section'  class='avia-slideshow-button avia-button avia-color-light avia-multi-slideshow-button' data-duration='800' data-easing='easeInOutQuad'>Zjistit v\u00edce<\/a><a href='#next-section'  class='avia-slideshow-button avia-button avia-color-light avia-multi-slideshow-button avia-slideshow-button-2' data-duration='800' data-easing='easeInOutQuad'>Koupit nyn\u00ed<\/a><\/div><\/div><\/div><\/div><\/div><\/div><\/div>\n<div id='av_section_1'  class='avia-section av-ao79gj-b7268a4fe7b79cbb93ab0fb5e6660dba main_color avia-section-huge avia-no-border-styling  avia-builder-el-1  el_after_av_fullscreen  avia-builder-el-last  avia-bg-style-scroll container_wrap sidebar_right'  ><div class='container av-section-cont-open' ><div class='template-page content  av-content-small alpha units'><div class='post-entry post-entry-type-page post-entry-3549'><div class='entry-content-wrapper clearfix'>\n\n<style type=\"text\/css\" data-created_by=\"avia_inline_auto\" id=\"style-css-av-8x9bdv-5aa4f4f54bdd27a0a65add08d7f0d0be\">\n#top .av-special-heading.av-8x9bdv-5aa4f4f54bdd27a0a65add08d7f0d0be{\npadding-bottom:15px;\ncolor:#000000;\nfont-size:40px;\n}\nbody .av-special-heading.av-8x9bdv-5aa4f4f54bdd27a0a65add08d7f0d0be .av-special-heading-tag .heading-char{\nfont-size:25px;\n}\n#top #wrap_all .av-special-heading.av-8x9bdv-5aa4f4f54bdd27a0a65add08d7f0d0be .av-special-heading-tag{\nfont-size:40px;\n}\n.av-special-heading.av-8x9bdv-5aa4f4f54bdd27a0a65add08d7f0d0be .special-heading-inner-border{\nborder-color:#000000;\n}\n.av-special-heading.av-8x9bdv-5aa4f4f54bdd27a0a65add08d7f0d0be .av-subheading{\nfont-size:15px;\n}\n\n@media only screen and (min-width: 480px) and (max-width: 767px){ \n#top #wrap_all .av-special-heading.av-8x9bdv-5aa4f4f54bdd27a0a65add08d7f0d0be .av-special-heading-tag{\nfont-size:0.8em;\n}\n}\n\n@media only screen and (max-width: 479px){ \n#top #wrap_all .av-special-heading.av-8x9bdv-5aa4f4f54bdd27a0a65add08d7f0d0be .av-special-heading-tag{\nfont-size:0.8em;\n}\n}\n<\/style>\n<div  class='av-special-heading av-8x9bdv-5aa4f4f54bdd27a0a65add08d7f0d0be av-special-heading-h1 custom-color-heading blockquote modern-quote  avia-builder-el-2  el_before_av_one_half  avia-builder-el-first  av-inherit-size'><h1 class='av-special-heading-tag '  itemprop=\"headline\"  >Cel\u00e1 obrazovka Slider<\/h1><div class=\"special-heading-border\"><div class=\"special-heading-inner-border\"><\/div><\/div><\/div>\n\n<style type=\"text\/css\" data-created_by=\"avia_inline_auto\" id=\"style-css-av-72nzdf-6ed9e5df0e87e56325cf7e2a48662895\">\n.flex_column.av-72nzdf-6ed9e5df0e87e56325cf7e2a48662895{\nborder-radius:0px 0px 0px 0px;\npadding:0px 0px 0px 0px;\n}\n<\/style>\n<div  class='flex_column av-72nzdf-6ed9e5df0e87e56325cf7e2a48662895 av_one_half  avia-builder-el-3  el_after_av_heading  el_before_av_one_half  first flex_column_div av-zero-column-padding  '     ><section  class='av_textblock_section av-5crz1f-49c624a8aa983b4056f750ff5d343bdb '   itemscope=\"itemscope\" itemtype=\"https:\/\/schema.org\/CreativeWork\" ><div class='avia_textblock'  itemprop=\"text\" ><p>Tento posuvn\u00edk se rozprost\u00edr\u00e1 p\u0159es celou obrazovku. M\u016f\u017eete nastavit v\u00edce posuvn\u00edk\u016f na str\u00e1nku a tak\u00e9 nastavit jejich vlastnosti jednotliv\u011b. Nap\u0159\u00edklad chov\u00e1n\u00ed pozad\u00ed obr\u00e1zku (parallax, n\u011bkdo?), p\u0159ekryvy barev obr\u00e1zk\u016f, titulky atd.<\/p>\n<\/div><\/section><\/div>\n<style type=\"text\/css\" data-created_by=\"avia_inline_auto\" id=\"style-css-av-4rm0hf-396df4e252d5dee867a85bdd5ffbbc24\">\n.flex_column.av-4rm0hf-396df4e252d5dee867a85bdd5ffbbc24{\nborder-radius:0px 0px 0px 0px;\npadding:0px 0px 0px 0px;\n}\n<\/style>\n<div  class='flex_column av-4rm0hf-396df4e252d5dee867a85bdd5ffbbc24 av_one_half  avia-builder-el-5  el_after_av_one_half  avia-builder-el-last  flex_column_div av-zero-column-padding  '     ><section  class='av_textblock_section av-21079v-3ee64b8cbac9b6d35f982570395860d7 '   itemscope=\"itemscope\" itemtype=\"https:\/\/schema.org\/CreativeWork\" ><div class='avia_textblock'  itemprop=\"text\" ><p>Lorem ipsum dolor sit amet, consectetuer adipiscing elit. Aenean commodo ligula eget dolor. Aenean massa. Cum sociis natoque <strong>penatibus<\/strong> et magnis dis parturient montes, nascetur <strong>ridiculus<\/strong> mus.<\/p>\n<\/div><\/section><\/div>\n<\/div><\/div><\/div><!-- close content main div --><\/div><\/div><div id='after_section_1'  class='main_color av_default_container_wrap container_wrap sidebar_right'  ><div class='container av-section-cont-open' ><div class='template-page content  av-content-small alpha units'><div class='post-entry post-entry-type-page post-entry-3549'><div class='entry-content-wrapper clearfix'>\n","protected":false},"excerpt":{"rendered":"","protected":false},"author":1,"featured_media":0,"parent":3400,"menu_order":0,"comment_status":"closed","ping_status":"closed","template":"","meta":{"_bbp_topic_count":0,"_bbp_reply_count":0,"_bbp_total_topic_count":0,"_bbp_total_reply_count":0,"_bbp_voice_count":0,"_bbp_anonymous_reply_count":0,"_bbp_topic_count_hidden":0,"_bbp_reply_count_hidden":0,"_bbp_forum_subforum_count":0,"footnotes":""},"class_list":["post-3549","page","type-page","status-publish","hentry"],"_links":{"self":[{"href":"https:\/\/enfold.norbou.com\/cs\/wp-json\/wp\/v2\/pages\/3549","targetHints":{"allow":["GET"]}}],"collection":[{"href":"https:\/\/enfold.norbou.com\/cs\/wp-json\/wp\/v2\/pages"}],"about":[{"href":"https:\/\/enfold.norbou.com\/cs\/wp-json\/wp\/v2\/types\/page"}],"author":[{"embeddable":true,"href":"https:\/\/enfold.norbou.com\/cs\/wp-json\/wp\/v2\/users\/1"}],"replies":[{"embeddable":true,"href":"https:\/\/enfold.norbou.com\/cs\/wp-json\/wp\/v2\/comments?post=3549"}],"version-history":[{"count":9,"href":"https:\/\/enfold.norbou.com\/cs\/wp-json\/wp\/v2\/pages\/3549\/revisions"}],"predecessor-version":[{"id":4726,"href":"https:\/\/enfold.norbou.com\/cs\/wp-json\/wp\/v2\/pages\/3549\/revisions\/4726"}],"up":[{"embeddable":true,"href":"https:\/\/enfold.norbou.com\/cs\/wp-json\/wp\/v2\/pages\/3400"}],"wp:attachment":[{"href":"https:\/\/enfold.norbou.com\/cs\/wp-json\/wp\/v2\/media?parent=3549"}],"curies":[{"name":"wp","href":"https:\/\/api.w.org\/{rel}","templated":true}]}}