{"id":3557,"date":"2017-02-13T15:05:32","date_gmt":"2017-02-13T15:05:32","guid":{"rendered":"https:\/\/enfold.norbou.com\/prvky\/video\/"},"modified":"2024-08-24T12:25:23","modified_gmt":"2024-08-24T12:25:23","slug":"video","status":"publish","type":"page","link":"https:\/\/enfold.norbou.com\/cs\/prvky\/video\/","title":{"rendered":"Video"},"content":{"rendered":"\n<style type=\"text\/css\" data-created_by=\"avia_inline_auto\" id=\"style-css-av-c8danx-18a13febe51775a6b9e3fa959ee4f916\">\n#top .av-special-heading.av-c8danx-18a13febe51775a6b9e3fa959ee4f916{\npadding-bottom:15px;\ncolor:#000000;\nfont-size:40px;\n}\nbody .av-special-heading.av-c8danx-18a13febe51775a6b9e3fa959ee4f916 .av-special-heading-tag .heading-char{\nfont-size:25px;\n}\n#top #wrap_all .av-special-heading.av-c8danx-18a13febe51775a6b9e3fa959ee4f916 .av-special-heading-tag{\nfont-size:40px;\n}\n.av-special-heading.av-c8danx-18a13febe51775a6b9e3fa959ee4f916 .special-heading-inner-border{\nborder-color:#000000;\n}\n.av-special-heading.av-c8danx-18a13febe51775a6b9e3fa959ee4f916 .av-subheading{\nfont-size:15px;\n}\n\n@media only screen and (min-width: 480px) and (max-width: 767px){ \n#top #wrap_all .av-special-heading.av-c8danx-18a13febe51775a6b9e3fa959ee4f916 .av-special-heading-tag{\nfont-size:0.8em;\n}\n}\n\n@media only screen and (max-width: 479px){ \n#top #wrap_all .av-special-heading.av-c8danx-18a13febe51775a6b9e3fa959ee4f916 .av-special-heading-tag{\nfont-size:0.8em;\n}\n}\n<\/style>\n<div  class='av-special-heading av-c8danx-18a13febe51775a6b9e3fa959ee4f916 av-special-heading-h1 custom-color-heading blockquote modern-quote  avia-builder-el-0  el_before_av_textblock  avia-builder-el-first  av-inherit-size'><h1 class='av-special-heading-tag '  itemprop=\"headline\"  >Video Element<\/h1><div class=\"special-heading-border\"><div class=\"special-heading-inner-border\"><\/div><\/div><\/div>\n<section  class='av_textblock_section av-bkio65-d6d7abbc56e011519f9d55f28be21282 '   itemscope=\"itemscope\" itemtype=\"https:\/\/schema.org\/CreativeWork\" ><div class='avia_textblock'  itemprop=\"text\" ><p>Vlo\u017ete libovoln\u00fd po\u010det vide\u00ed do sv\u00fdch str\u00e1nek. M\u016f\u017eete si vybrat pom\u011br stran a zobrazit vlastn\u00ed hostovan\u00e1 videa HTML5, stejn\u011b jako videa z Youtube a Vimeo.<\/p>\n<\/div><\/section>\n\n<style type=\"text\/css\" data-created_by=\"avia_inline_auto\" id=\"style-css-av-9jnn5p-256417378b6bd660e6551d982e1b8248\">\n#top .hr.hr-invisible.av-9jnn5p-256417378b6bd660e6551d982e1b8248{\nheight:50px;\n}\n<\/style>\n<div  class='hr av-9jnn5p-256417378b6bd660e6551d982e1b8248 hr-invisible  avia-builder-el-2  el_after_av_textblock  el_before_av_one_full '><span class='hr-inner '><span class=\"hr-inner-style\"><\/span><\/span><\/div>\n<div  class='flex_column av-73lf2l-7e51957e7355952f600234bd3565fb1a av_one_full  avia-builder-el-3  el_after_av_hr  el_before_av_one_full  first flex_column_div  '     ><div  class='avia-video av-5kwr5p-8da5f38c9550dbd4802bf5021886d811 avia-video-16-9 av-no-preview-image avia-video-load-always av-lazyload-immediate av-lazyload-video-embed'  itemprop=\"video\" itemtype=\"https:\/\/schema.org\/VideoObject\"  data-original_url='http:\/\/vimeo.com\/1084537'><script type='text\/html' class='av-video-tmpl'><div class='avia-iframe-wrap'><iframe loading=\"lazy\" title=\"Big Buck Bunny\" src=\"https:\/\/player.vimeo.com\/video\/1084537?dnt=1&amp;app_id=122963&autoplay=0&loop=0&controls=1&muted=0\" width=\"1280\" height=\"720\" frameborder=\"0\" allow=\"autoplay; fullscreen; picture-in-picture; clipboard-write; encrypted-media\"><\/iframe><\/div><\/script><div class='av-click-to-play-overlay'><div class=\"avia_playpause_icon\"><\/div><\/div><\/div><\/div>\n\n<style type=\"text\/css\" data-created_by=\"avia_inline_auto\" id=\"style-css-av-4ykkjh-a2f2d5d6a813c001b2d063dbd814d880\">\n.flex_column.av-4ykkjh-a2f2d5d6a813c001b2d063dbd814d880{\nborder-radius:0px 0px 0px 0px;\npadding:0px 0px 0px 0px;\n}\n<\/style>\n<div  class='flex_column av-4ykkjh-a2f2d5d6a813c001b2d063dbd814d880 av_one_full  avia-builder-el-5  el_after_av_one_full  avia-builder-el-last  first flex_column_div av-zero-column-padding  column-top-margin'     ><div  class='avia-video av-21rmx9-11447a526246a61962b145e7c044514f avia-video-4-3 av-no-preview-image avia-video-load-always av-lazyload-immediate av-lazyload-video-embed'  itemprop=\"video\" itemtype=\"https:\/\/schema.org\/VideoObject\"  data-original_url='http:\/\/www.youtube.com\/watch?v=G0k3kHtyoqc'><script type='text\/html' class='av-video-tmpl'><div class='avia-iframe-wrap'><iframe loading=\"lazy\" title=\"The Hobbit-Official Trailer\" width=\"1500\" height=\"844\" src=\"https:\/\/www.youtube.com\/embed\/G0k3kHtyoqc?feature=oembed&autoplay=0&loop=0&controls=1&mute=0\" frameborder=\"0\" allow=\"accelerometer; autoplay; clipboard-write; encrypted-media; gyroscope; picture-in-picture; web-share\" referrerpolicy=\"strict-origin-when-cross-origin\" allowfullscreen><\/iframe><\/div><\/script><div class='av-click-to-play-overlay'><div class=\"avia_playpause_icon\"><\/div><\/div><\/div><\/div>\n","protected":false},"excerpt":{"rendered":"","protected":false},"author":1,"featured_media":0,"parent":3400,"menu_order":0,"comment_status":"closed","ping_status":"closed","template":"","meta":{"_bbp_topic_count":0,"_bbp_reply_count":0,"_bbp_total_topic_count":0,"_bbp_total_reply_count":0,"_bbp_voice_count":0,"_bbp_anonymous_reply_count":0,"_bbp_topic_count_hidden":0,"_bbp_reply_count_hidden":0,"_bbp_forum_subforum_count":0,"footnotes":""},"class_list":["post-3557","page","type-page","status-publish","hentry"],"_links":{"self":[{"href":"https:\/\/enfold.norbou.com\/cs\/wp-json\/wp\/v2\/pages\/3557","targetHints":{"allow":["GET"]}}],"collection":[{"href":"https:\/\/enfold.norbou.com\/cs\/wp-json\/wp\/v2\/pages"}],"about":[{"href":"https:\/\/enfold.norbou.com\/cs\/wp-json\/wp\/v2\/types\/page"}],"author":[{"embeddable":true,"href":"https:\/\/enfold.norbou.com\/cs\/wp-json\/wp\/v2\/users\/1"}],"replies":[{"embeddable":true,"href":"https:\/\/enfold.norbou.com\/cs\/wp-json\/wp\/v2\/comments?post=3557"}],"version-history":[{"count":9,"href":"https:\/\/enfold.norbou.com\/cs\/wp-json\/wp\/v2\/pages\/3557\/revisions"}],"predecessor-version":[{"id":4734,"href":"https:\/\/enfold.norbou.com\/cs\/wp-json\/wp\/v2\/pages\/3557\/revisions\/4734"}],"up":[{"embeddable":true,"href":"https:\/\/enfold.norbou.com\/cs\/wp-json\/wp\/v2\/pages\/3400"}],"wp:attachment":[{"href":"https:\/\/enfold.norbou.com\/cs\/wp-json\/wp\/v2\/media?parent=3557"}],"curies":[{"name":"wp","href":"https:\/\/api.w.org\/{rel}","templated":true}]}}