{"id":3561,"date":"2017-02-13T15:05:23","date_gmt":"2017-02-13T15:05:23","guid":{"rendered":"https:\/\/enfold.norbou.com\/prvky\/obrazek-s-aktivnimi-body\/"},"modified":"2024-08-24T12:25:23","modified_gmt":"2024-08-24T12:25:23","slug":"obrazek-s-aktivnimi-body","status":"publish","type":"page","link":"https:\/\/enfold.norbou.com\/cs\/prvky\/obrazek-s-aktivnimi-body\/","title":{"rendered":"Obr\u00e1zek s aktivn\u00edmi body"},"content":{"rendered":"<div id='intro'  class='avia-section av-3agfl6-dcb1a0b4bc69fb45a8e2f7e06ecaa93f main_color avia-section-default avia-no-border-styling  avia-builder-el-0  el_before_av_one_full  avia-builder-el-first  avia-bg-style-scroll container_wrap sidebar_right'  ><div class='container av-section-cont-open' ><main  role=\"main\" itemprop=\"mainContentOfPage\"  class='template-page content  av-content-small alpha units'><div class='post-entry post-entry-type-page post-entry-3561'><div class='entry-content-wrapper clearfix'>\n\n<style type=\"text\/css\" data-created_by=\"avia_inline_auto\" id=\"style-css-av-unvm2i-84280c9c21c2fcc91303b2e3c14caee0\">\n#top .av-special-heading.av-unvm2i-84280c9c21c2fcc91303b2e3c14caee0{\npadding-bottom:20px;\ncolor:#000000;\nfont-size:40px;\n}\nbody .av-special-heading.av-unvm2i-84280c9c21c2fcc91303b2e3c14caee0 .av-special-heading-tag .heading-char{\nfont-size:25px;\n}\n#top #wrap_all .av-special-heading.av-unvm2i-84280c9c21c2fcc91303b2e3c14caee0 .av-special-heading-tag{\nfont-size:40px;\n}\n.av-special-heading.av-unvm2i-84280c9c21c2fcc91303b2e3c14caee0 .special-heading-inner-border{\nborder-color:#000000;\n}\n.av-special-heading.av-unvm2i-84280c9c21c2fcc91303b2e3c14caee0 .av-subheading{\nfont-size:15px;\n}\n\n@media only screen and (min-width: 480px) and (max-width: 767px){ \n#top #wrap_all .av-special-heading.av-unvm2i-84280c9c21c2fcc91303b2e3c14caee0 .av-special-heading-tag{\nfont-size:0.8em;\n}\n}\n\n@media only screen and (max-width: 479px){ \n#top #wrap_all .av-special-heading.av-unvm2i-84280c9c21c2fcc91303b2e3c14caee0 .av-special-heading-tag{\nfont-size:0.8em;\n}\n}\n<\/style>\n<div  class='av-special-heading av-unvm2i-84280c9c21c2fcc91303b2e3c14caee0 av-special-heading-h1 custom-color-heading blockquote modern-quote modern-centered  avia-builder-el-1  el_before_av_hr  avia-builder-el-first  av-inherit-size'><h1 class='av-special-heading-tag '  itemprop=\"headline\"  >Obr\u00e1zek s hork\u00fdmi m\u00edsty<\/h1><div class=\"special-heading-border\"><div class=\"special-heading-inner-border\"><\/div><\/div><\/div>\n\n<style type=\"text\/css\" data-created_by=\"avia_inline_auto\" id=\"style-css-av-saip2i-7f2ac13795879e9d49865d8fc3cd1b94\">\n#top .hr.av-saip2i-7f2ac13795879e9d49865d8fc3cd1b94{\nmargin-top:30px;\nmargin-bottom:30px;\n}\n.hr.av-saip2i-7f2ac13795879e9d49865d8fc3cd1b94 .hr-inner{\nwidth:50px;\nborder-color:#000000;\n}\n<\/style>\n<div  class='hr av-saip2i-7f2ac13795879e9d49865d8fc3cd1b94 hr-custom  avia-builder-el-2  el_after_av_heading  el_before_av_image_hotspot  avia-builder-el-last  hr-center hr-icon-no'><span class='hr-inner inner-border-av-border-fat'><span class=\"hr-inner-style\"><\/span><\/span><\/div>\n\n<style type=\"text\/css\" data-created_by=\"avia_inline_auto\" id=\"style-css-sub-av-rojdey-00f0426365cd3fa8e567bfde04ab1e56\">\n.av-hotspot-image-container .av-image-hotspot.av-pgkn5m-85abeaef045bd83bf29a582e7f5f2463{\ntop:13.7%;\nleft:27.8%;\n}\n.av-hotspot-image-container .av-image-hotspot.av-ndr3ka-86affcfa103184af27198b9a8f14e534{\ntop:21%;\nleft:69.9%;\n}\n.av-hotspot-image-container .av-image-hotspot.av-lsgk0q-4a6bdc218c76414ead9228c21c35ab06{\ntop:48.6%;\nleft:85.3%;\n}\n.av-hotspot-image-container .av-image-hotspot.av-kajr6y-44d605a4a4d819d3ae23ed8b57eb7073{\ntop:87.1%;\nleft:40.1%;\n}\n.av-hotspot-image-container .av-image-hotspot.av-inf73u-3c1bf2f77f4d5252dd6e763947552b65{\ntop:63.2%;\nleft:11.3%;\n}\n<\/style>\n<div  class='av-hotspot-image-container av-rojdey-00f0426365cd3fa8e567bfde04ab1e56  avia-builder-el-3  el_after_av_hr  el_before_av_hr  av-hotspot-numbered av-permanent-tooltip avia_animated_image avia_animate_when_almost_visible bottom-to-top av-mobile-fallback-active  av-non-fullwidth-hotspot-image'  itemprop=\"image\" itemscope=\"itemscope\" itemtype=\"https:\/\/schema.org\/ImageObject\" ><div class='av-hotspot-container'><div class='av-hotspot-container-inner-cell'><div class='av-hotspot-container-inner-wrap'><div class='av-image-hotspot av-pgkn5m-85abeaef045bd83bf29a582e7f5f2463 av-image-hotspot-1 av-permanent-tooltip' data-avia-tooltip-position='top' data-avia-tooltip-alignment='centered' data-avia-tooltip-class='av-tt-large-width av-tt-pos-above av-tt-align-centered  av-mobile-fallback-active  av-permanent-tooltip-single  main_color av-tooltip-shadow av-tt-hotspot' data-avia-tooltip='&lt;p&gt;Kr\u00e1sn\u00e9 nov\u00e9 uk\u00e1zky s ka\u017ed\u00fdm vyd\u00e1n\u00edm&lt;\/p&gt;\n'><div class='av-image-hotspot_inner'>1<\/div><div class='av-image-hotspot-pulse'><\/div><\/div><div class='av-image-hotspot av-ndr3ka-86affcfa103184af27198b9a8f14e534 av-image-hotspot-2 av-permanent-tooltip' data-avia-tooltip-position='top' data-avia-tooltip-alignment='centered' data-avia-tooltip-class='av-tt-large-width av-tt-pos-above av-tt-align-centered  av-mobile-fallback-active  av-permanent-tooltip-single  main_color av-tooltip-shadow av-tt-hotspot' data-avia-tooltip='&lt;p&gt;Bezplatn\u00e9 akciov\u00e9 obr\u00e1zky zahrnut\u00e9 ve v\u0161ech demoverz\u00edch&lt;\/p&gt;\n'><div class='av-image-hotspot_inner'>2<\/div><div class='av-image-hotspot-pulse'><\/div><\/div><div class='av-image-hotspot av-lsgk0q-4a6bdc218c76414ead9228c21c35ab06 av-image-hotspot-3 av-permanent-tooltip' data-avia-tooltip-position='top' data-avia-tooltip-alignment='centered' data-avia-tooltip-class='av-tt-large-width av-tt-pos-above av-tt-align-centered  av-mobile-fallback-active  av-permanent-tooltip-single  main_color av-tooltip-shadow av-tt-hotspot' data-avia-tooltip='&lt;p&gt;Retina p\u0159ipraven\u00e9 a responzivn\u00ed &#8211; funguje skv\u011ble na za\u0159\u00edzen\u00edch jak\u00e9koli velikosti&lt;\/p&gt;\n'><div class='av-image-hotspot_inner'>3<\/div><div class='av-image-hotspot-pulse'><\/div><\/div><div class='av-image-hotspot av-kajr6y-44d605a4a4d819d3ae23ed8b57eb7073 av-image-hotspot-4 av-permanent-tooltip' data-avia-tooltip-position='top' data-avia-tooltip-alignment='centered' data-avia-tooltip-class='av-tt-large-width av-tt-pos-above av-tt-align-centered  av-mobile-fallback-active  av-permanent-tooltip-single  main_color av-tooltip-shadow av-tt-hotspot' data-avia-tooltip='&lt;p&gt;\u00da\u017easn\u00e9 mo\u017enosti motivu pro neomezen\u00e9 barvy a styly&lt;\/p&gt;\n'><div class='av-image-hotspot_inner'>4<\/div><div class='av-image-hotspot-pulse'><\/div><\/div><div class='av-image-hotspot av-inf73u-3c1bf2f77f4d5252dd6e763947552b65 av-image-hotspot-5 av-permanent-tooltip' data-avia-tooltip-position='top' data-avia-tooltip-alignment='centered' data-avia-tooltip-class='av-tt-large-width av-tt-pos-above av-tt-align-centered  av-mobile-fallback-active  av-permanent-tooltip-single  main_color av-tooltip-shadow av-tt-hotspot' data-avia-tooltip='&lt;p&gt;V\u00fdkonn\u00fd vizu\u00e1ln\u00ed editor rozvr\u017een\u00ed&lt;\/p&gt;\n'><div class='av-image-hotspot_inner'>5<\/div><div class='av-image-hotspot-pulse'><\/div><\/div><img decoding=\"async\" fetchpriority=\"high\" class='wp-image-5165 avia-img-lazy-loading-not-5165 avia_image' src=\"https:\/\/enfold.norbou.com\/wp-content\/uploads\/2015\/07\/multi_apple-1.jpg\" alt='' title=''  height=\"775\" width=\"1500\"  itemprop=\"thumbnailUrl\" srcset=\"https:\/\/enfold.norbou.com\/wp-content\/uploads\/2015\/07\/multi_apple-1.jpg 1500w, https:\/\/enfold.norbou.com\/wp-content\/uploads\/2015\/07\/multi_apple-1-300x155.jpg 300w, https:\/\/enfold.norbou.com\/wp-content\/uploads\/2015\/07\/multi_apple-1-1030x532.jpg 1030w, https:\/\/enfold.norbou.com\/wp-content\/uploads\/2015\/07\/multi_apple-1-768x397.jpg 768w, https:\/\/enfold.norbou.com\/wp-content\/uploads\/2015\/07\/multi_apple-1-705x364.jpg 705w, https:\/\/enfold.norbou.com\/wp-content\/uploads\/2015\/07\/multi_apple-1-450x233.jpg 450w, https:\/\/enfold.norbou.com\/wp-content\/uploads\/2015\/07\/multi_apple-1-600x310.jpg 600w\" sizes=\"(max-width: 1500px) 100vw, 1500px\" \/><\/div><\/div><\/div><div class='av-hotspot-fallback-tooltip av-image-hotspot-1 av-permanent-tooltip'><div class=\"av-hotspot-fallback-tooltip-count\">1<div class=\"avia-arrow\"><\/div><\/div><div class=\"av-hotspot-fallback-tooltip-inner clearfix\"><p>Kr\u00e1sn\u00e9 nov\u00e9 uk\u00e1zky s ka\u017ed\u00fdm vyd\u00e1n\u00edm<\/p>\n<\/div><\/div><div class='av-hotspot-fallback-tooltip av-image-hotspot-2 av-permanent-tooltip'><div class=\"av-hotspot-fallback-tooltip-count\">2<div class=\"avia-arrow\"><\/div><\/div><div class=\"av-hotspot-fallback-tooltip-inner clearfix\"><p>Bezplatn\u00e9 akciov\u00e9 obr\u00e1zky zahrnut\u00e9 ve v\u0161ech demoverz\u00edch<\/p>\n<\/div><\/div><div class='av-hotspot-fallback-tooltip av-image-hotspot-3 av-permanent-tooltip'><div class=\"av-hotspot-fallback-tooltip-count\">3<div class=\"avia-arrow\"><\/div><\/div><div class=\"av-hotspot-fallback-tooltip-inner clearfix\"><p>Retina p\u0159ipraven\u00e9 a responzivn\u00ed &#8211; funguje skv\u011ble na za\u0159\u00edzen\u00edch jak\u00e9koli velikosti<\/p>\n<\/div><\/div><div class='av-hotspot-fallback-tooltip av-image-hotspot-4 av-permanent-tooltip'><div class=\"av-hotspot-fallback-tooltip-count\">4<div class=\"avia-arrow\"><\/div><\/div><div class=\"av-hotspot-fallback-tooltip-inner clearfix\"><p>\u00da\u017easn\u00e9 mo\u017enosti motivu pro neomezen\u00e9 barvy a styly<\/p>\n<\/div><\/div><div class='av-hotspot-fallback-tooltip av-image-hotspot-5 av-permanent-tooltip'><div class=\"av-hotspot-fallback-tooltip-count\">5<div class=\"avia-arrow\"><\/div><\/div><div class=\"av-hotspot-fallback-tooltip-inner clearfix\"><p>V\u00fdkonn\u00fd vizu\u00e1ln\u00ed editor rozvr\u017een\u00ed<\/p>\n<\/div><\/div><\/div>\n\n<style type=\"text\/css\" data-created_by=\"avia_inline_auto\" id=\"style-css-av-1t47i2-75859daabc52b30ba6d3252905c47833\">\n#top .hr.hr-invisible.av-1t47i2-75859daabc52b30ba6d3252905c47833{\nheight:50px;\n}\n<\/style>\n<div  class='hr av-1t47i2-75859daabc52b30ba6d3252905c47833 hr-invisible  avia-builder-el-4  el_after_av_image_hotspot  el_before_av_one_half  avia-builder-el-first '><span class='hr-inner '><span class=\"hr-inner-style\"><\/span><\/span><\/div>\n\n<style type=\"text\/css\" data-created_by=\"avia_inline_auto\" id=\"style-css-av-1l8fga-2388a487afc5bcbbf09a12602b3d4671\">\n.flex_column.av-1l8fga-2388a487afc5bcbbf09a12602b3d4671{\nborder-radius:0px 0px 0px 0px;\npadding:0px 0px 0px 0px;\n}\n<\/style>\n<div  class='flex_column av-1l8fga-2388a487afc5bcbbf09a12602b3d4671 av_one_half  avia-builder-el-5  el_after_av_hr  el_before_av_one_half  first flex_column_div av-animated-generic fade-in av-zero-column-padding  '     ><section  class='av_textblock_section av-ecpxa2-da0a2ed53d73511b29460b8cd0a2ad9c '   itemscope=\"itemscope\" itemtype=\"https:\/\/schema.org\/CreativeWork\" ><div class='avia_textblock'  itemprop=\"text\" ><p>Obr\u00e1zek s hotspoty v\u00e1m umo\u017e\u0148uje um\u00edstit na obrazovku bu\u010f obr\u00e1zek v pln\u00e9 \u0161\u00ed\u0159ce, nebo obr\u00e1zek o velikosti obsahu, kter\u00fd m\u00e1 r\u016fzn\u00e9 hotspoty (jak\u00fdkoli po\u010det mo\u017en\u00fd), kter\u00e9 se zobraz\u00ed, jakmile se obr\u00e1zek posune do zobrazen\u00ed prohl\u00ed\u017ee\u010de.<\/p>\n<\/div><\/section><\/div>\n<style type=\"text\/css\" data-created_by=\"avia_inline_auto\" id=\"style-css-av-1akcai-74c07b5a9129eeb1702ca1bf0e3c1a36\">\n.flex_column.av-1akcai-74c07b5a9129eeb1702ca1bf0e3c1a36{\nborder-radius:0px 0px 0px 0px;\npadding:0px 0px 0px 0px;\n}\n<\/style>\n<div  class='flex_column av-1akcai-74c07b5a9129eeb1702ca1bf0e3c1a36 av_one_half  avia-builder-el-7  el_after_av_one_half  avia-builder-el-last  flex_column_div av-animated-generic fade-in av-zero-column-padding  '     ><section  class='av_textblock_section av-a8h7d6-18e0b78dcc33fa90b434bb361ffba04a '   itemscope=\"itemscope\" itemtype=\"https:\/\/schema.org\/CreativeWork\" ><div class='avia_textblock'  itemprop=\"text\" ><p>Existuje &#8211; jako v\u017edy &#8211; n\u011bkolik barevn\u00fdch mo\u017enost\u00ed, stejn\u011b jako mo\u017enosti pro ka\u017ed\u00fd jednotliv\u00fd hotspot. Nap\u0159\u00edklad jak a kdy by m\u011bl b\u00fdt zobrazen textov\u00fd p\u0159ekryv.<\/p>\n<\/div><\/section><\/div><\/div><\/div><\/main><!-- close content main element --><\/div><\/div><div id='after_section_1'  class='main_color av_default_container_wrap container_wrap sidebar_right'  ><div class='container av-section-cont-open' ><div class='template-page content  av-content-small alpha units'><div class='post-entry post-entry-type-page post-entry-3561'><div class='entry-content-wrapper clearfix'><div class='flex_column_table av-9wygt6-03bc9e071c57ab9e3e3811c7baa1b4c9 sc-av_one_full av-equal-height-column-flextable'>\n<style type=\"text\/css\" data-created_by=\"avia_inline_auto\" id=\"style-css-av-9wygt6-03bc9e071c57ab9e3e3811c7baa1b4c9\">\n.flex_column.av-9wygt6-03bc9e071c57ab9e3e3811c7baa1b4c9{\nborder-radius:0px 0px 0px 0px;\npadding:0px 0px 0px 0px;\n}\n<\/style>\n<div  class='flex_column av-9wygt6-03bc9e071c57ab9e3e3811c7baa1b4c9 av_one_full  avia-builder-el-9  el_after_av_section  avia-builder-el-no-sibling  first flex_column_table_cell av-equal-height-column av-align-middle av-zero-column-padding  '     ><p>\n<style type=\"text\/css\" data-created_by=\"avia_inline_auto\" id=\"style-css-sub-av-7f1l16-327c0c7848a43eb3abc3efccc9b3bb48\">\n.av-hotspot-image-container .av-image-hotspot.av-6276ka-781e09226ec205f9090b117785204db8{\ntop:18.8%;\nleft:62.5%;\n}\n.av-hotspot-image-container .av-image-hotspot.av-6276ka-781e09226ec205f9090b117785204db8 .av-image-hotspot_inner{\nbackground-color:#22689e;\ncolor:#ffffff;\n}\n.av-hotspot-image-container .av-image-hotspot.av-6276ka-781e09226ec205f9090b117785204db8 .av-image-hotspot-pulse{\nbackground-color:#22689e;\n}\n.av-hotspot-image-container .av-image-hotspot.av-3obeju-e2428c001b862dae01d0f9aa9945f399{\ntop:70.6%;\nleft:33.1%;\n}\n.av-hotspot-image-container .av-image-hotspot.av-3obeju-e2428c001b862dae01d0f9aa9945f399 .av-image-hotspot_inner{\nbackground-color:#22689e;\ncolor:#ffffff;\n}\n.av-hotspot-image-container .av-image-hotspot.av-3obeju-e2428c001b862dae01d0f9aa9945f399 .av-image-hotspot-pulse{\nbackground-color:#22689e;\n}\n<\/style>\n<div  class='av-hotspot-image-container av-7f1l16-327c0c7848a43eb3abc3efccc9b3bb48  avia-builder-el-10  el_before_av_textblock  avia-builder-el-first  av-hotspot-numbered av-permanent-tooltip avia_animated_image avia_animate_when_almost_visible fade-in av-mobile-fallback-active  av-non-fullwidth-hotspot-image'  itemprop=\"image\" itemscope=\"itemscope\" itemtype=\"https:\/\/schema.org\/ImageObject\" ><div class='av-hotspot-container'><div class='av-hotspot-container-inner-cell'><div class='av-hotspot-container-inner-wrap'><div class='av-image-hotspot av-6276ka-781e09226ec205f9090b117785204db8 av-image-hotspot-1 av-permanent-tooltip' data-avia-tooltip-position='top' data-avia-tooltip-alignment='centered' data-avia-tooltip-class='av-tt-large-width av-tt-pos-above av-tt-align-centered  av-mobile-fallback-active  av-permanent-tooltip-single  main_color av-tooltip-shadow av-tt-hotspot' data-avia-tooltip='&lt;p&gt;Spousta prvk\u016f pro vytvo\u0159en\u00ed va\u0161eho webu&lt;\/p&gt;\n'><div class='av-image-hotspot_inner'>1<\/div><div class='av-image-hotspot-pulse'><\/div><\/div><div class='av-image-hotspot av-3obeju-e2428c001b862dae01d0f9aa9945f399 av-image-hotspot-2 av-permanent-tooltip' data-avia-tooltip-position='right' data-avia-tooltip-alignment='centered' data-avia-tooltip-class='av-tt-large-width av-tt-pos-right av-tt-align-centered  av-mobile-fallback-active  av-permanent-tooltip-single  main_color av-tooltip-shadow av-tt-hotspot' data-avia-tooltip='&lt;p&gt;N\u00e1hled pl\u00e1tna pro vytvo\u0159en\u00ed va\u0161eho rozvr\u017een\u00ed&lt;\/p&gt;\n'><div class='av-image-hotspot_inner'>2<\/div><div class='av-image-hotspot-pulse'><\/div><\/div><img decoding=\"async\" fetchpriority=\"high\" class='wp-image-5177 avia-img-lazy-loading-not-5177 avia_image' src=\"https:\/\/enfold.norbou.com\/wp-content\/uploads\/2017\/02\/features-builder-1.jpg\" alt='' title=''  height=\"1400\" width=\"1400\"  itemprop=\"thumbnailUrl\" srcset=\"https:\/\/enfold.norbou.com\/wp-content\/uploads\/2017\/02\/features-builder-1.jpg 1400w, https:\/\/enfold.norbou.com\/wp-content\/uploads\/2017\/02\/features-builder-1-300x300.jpg 300w, https:\/\/enfold.norbou.com\/wp-content\/uploads\/2017\/02\/features-builder-1-1030x1030.jpg 1030w, https:\/\/enfold.norbou.com\/wp-content\/uploads\/2017\/02\/features-builder-1-80x80.jpg 80w, https:\/\/enfold.norbou.com\/wp-content\/uploads\/2017\/02\/features-builder-1-768x768.jpg 768w, https:\/\/enfold.norbou.com\/wp-content\/uploads\/2017\/02\/features-builder-1-36x36.jpg 36w, https:\/\/enfold.norbou.com\/wp-content\/uploads\/2017\/02\/features-builder-1-180x180.jpg 180w, https:\/\/enfold.norbou.com\/wp-content\/uploads\/2017\/02\/features-builder-1-705x705.jpg 705w, https:\/\/enfold.norbou.com\/wp-content\/uploads\/2017\/02\/features-builder-1-120x120.jpg 120w, https:\/\/enfold.norbou.com\/wp-content\/uploads\/2017\/02\/features-builder-1-450x450.jpg 450w, https:\/\/enfold.norbou.com\/wp-content\/uploads\/2017\/02\/features-builder-1-600x600.jpg 600w, https:\/\/enfold.norbou.com\/wp-content\/uploads\/2017\/02\/features-builder-1-100x100.jpg 100w\" sizes=\"(max-width: 1400px) 100vw, 1400px\" \/><\/div><\/div><\/div><div class='av-hotspot-fallback-tooltip av-image-hotspot-1 av-permanent-tooltip'><div class=\"av-hotspot-fallback-tooltip-count\">1<div class=\"avia-arrow\"><\/div><\/div><div class=\"av-hotspot-fallback-tooltip-inner clearfix\"><p>\nSpousta prvk\u016f pro vytvo\u0159en\u00ed va\u0161eho webu<\/p>\n<\/div><\/div><div class='av-hotspot-fallback-tooltip av-image-hotspot-2 av-permanent-tooltip'><div class=\"av-hotspot-fallback-tooltip-count\">2<div class=\"avia-arrow\"><\/div><\/div><div class=\"av-hotspot-fallback-tooltip-inner clearfix\"><p>\nN\u00e1hled pl\u00e1tna pro vytvo\u0159en\u00ed va\u0161eho rozvr\u017een\u00ed<\/p>\n<\/div><\/div><\/div><br \/>\n<section  class='av_textblock_section av-1zomay-6da7221529089fbfaab8d1e778fe451d '   itemscope=\"itemscope\" itemtype=\"https:\/\/schema.org\/CreativeWork\" ><div class='avia_textblock'  itemprop=\"text\" ><p>Zde m\u016f\u017eete vid\u011bt p\u0159\u00edklad neplnohodnotn\u00e9ho obr\u00e1zku s hotspoty. Tak\u00e9 na tomto obr\u00e1zku jsme nastavili jinou barvu pro hotspot. M\u016f\u017eete p\u0159i\u0159adit barvy jednotliv\u011b pro ka\u017ed\u00fd hotspot.<\/p>\n<\/div><\/section><\/p><\/div><\/div><!--close column table wrapper. Autoclose: 1 --><\/p>\n","protected":false},"excerpt":{"rendered":"","protected":false},"author":1,"featured_media":0,"parent":3400,"menu_order":0,"comment_status":"closed","ping_status":"closed","template":"","meta":{"_bbp_topic_count":0,"_bbp_reply_count":0,"_bbp_total_topic_count":0,"_bbp_total_reply_count":0,"_bbp_voice_count":0,"_bbp_anonymous_reply_count":0,"_bbp_topic_count_hidden":0,"_bbp_reply_count_hidden":0,"_bbp_forum_subforum_count":0,"footnotes":""},"class_list":["post-3561","page","type-page","status-publish","hentry"],"_links":{"self":[{"href":"https:\/\/enfold.norbou.com\/cs\/wp-json\/wp\/v2\/pages\/3561","targetHints":{"allow":["GET"]}}],"collection":[{"href":"https:\/\/enfold.norbou.com\/cs\/wp-json\/wp\/v2\/pages"}],"about":[{"href":"https:\/\/enfold.norbou.com\/cs\/wp-json\/wp\/v2\/types\/page"}],"author":[{"embeddable":true,"href":"https:\/\/enfold.norbou.com\/cs\/wp-json\/wp\/v2\/users\/1"}],"replies":[{"embeddable":true,"href":"https:\/\/enfold.norbou.com\/cs\/wp-json\/wp\/v2\/comments?post=3561"}],"version-history":[{"count":9,"href":"https:\/\/enfold.norbou.com\/cs\/wp-json\/wp\/v2\/pages\/3561\/revisions"}],"predecessor-version":[{"id":4738,"href":"https:\/\/enfold.norbou.com\/cs\/wp-json\/wp\/v2\/pages\/3561\/revisions\/4738"}],"up":[{"embeddable":true,"href":"https:\/\/enfold.norbou.com\/cs\/wp-json\/wp\/v2\/pages\/3400"}],"wp:attachment":[{"href":"https:\/\/enfold.norbou.com\/cs\/wp-json\/wp\/v2\/media?parent=3561"}],"curies":[{"name":"wp","href":"https:\/\/api.w.org\/{rel}","templated":true}]}}