{"id":3565,"date":"2017-02-13T15:05:11","date_gmt":"2017-02-13T15:05:11","guid":{"rendered":"https:\/\/enfold.norbou.com\/prvky\/obrazek\/"},"modified":"2024-08-24T12:25:24","modified_gmt":"2024-08-24T12:25:24","slug":"obrazek","status":"publish","type":"page","link":"https:\/\/enfold.norbou.com\/cs\/prvky\/obrazek\/","title":{"rendered":"Obr\u00e1zek"},"content":{"rendered":"\n<style type=\"text\/css\" data-created_by=\"avia_inline_auto\" id=\"style-css-av-16jfufr-83f08467cd461aef0488663622e9e22f\">\n#top .av-special-heading.av-16jfufr-83f08467cd461aef0488663622e9e22f{\npadding-bottom:15px;\ncolor:#000000;\nfont-size:40px;\n}\nbody .av-special-heading.av-16jfufr-83f08467cd461aef0488663622e9e22f .av-special-heading-tag .heading-char{\nfont-size:25px;\n}\n#top #wrap_all .av-special-heading.av-16jfufr-83f08467cd461aef0488663622e9e22f .av-special-heading-tag{\nfont-size:40px;\n}\n.av-special-heading.av-16jfufr-83f08467cd461aef0488663622e9e22f .special-heading-inner-border{\nborder-color:#000000;\n}\n.av-special-heading.av-16jfufr-83f08467cd461aef0488663622e9e22f .av-subheading{\nfont-size:15px;\n}\n\n@media only screen and (min-width: 480px) and (max-width: 767px){ \n#top #wrap_all .av-special-heading.av-16jfufr-83f08467cd461aef0488663622e9e22f .av-special-heading-tag{\nfont-size:0.8em;\n}\n}\n\n@media only screen and (max-width: 479px){ \n#top #wrap_all .av-special-heading.av-16jfufr-83f08467cd461aef0488663622e9e22f .av-special-heading-tag{\nfont-size:0.8em;\n}\n}\n<\/style>\n<div  class='av-special-heading av-16jfufr-83f08467cd461aef0488663622e9e22f av-special-heading-h1 custom-color-heading blockquote modern-quote  avia-builder-el-0  el_before_av_textblock  avia-builder-el-first  av-inherit-size'><h1 class='av-special-heading-tag '  itemprop=\"headline\"  >Obr\u00e1zkov\u00fd prvek<\/h1><div class=\"special-heading-border\"><div class=\"special-heading-inner-border\"><\/div><\/div><\/div>\n<section  class='av_textblock_section av-14ecuqv-eb397c43e3005e5ab918cff3d0a9608d '   itemscope=\"itemscope\" itemtype=\"https:\/\/schema.org\/CreativeWork\" ><div class='avia_textblock'  itemprop=\"text\" ><p>Obr\u00e1zkov\u00fd prvek m\u016f\u017ee b\u00fdt animov\u00e1n a m\u00e1 r\u016fzn\u00e9 stylov\u00e9 nastaven\u00ed, kter\u00e9 lze pou\u017e\u00edt, jako je polom\u011br okraje, p\u0159ekryt\u00ed, efekty p\u0159i p\u0159ejet\u00ed my\u0161\u00ed atd.<\/p>\n<\/div><\/section>\n\n<style type=\"text\/css\" data-created_by=\"avia_inline_auto\" id=\"style-css-av-3vtohj-34e570c97cb775a783b2c3db26532ae6\">\n#top .hr.hr-invisible.av-3vtohj-34e570c97cb775a783b2c3db26532ae6{\nheight:50px;\n}\n<\/style>\n<div  class='hr av-3vtohj-34e570c97cb775a783b2c3db26532ae6 hr-invisible  avia-builder-el-2  el_after_av_textblock  el_before_av_one_third '><span class='hr-inner '><span class=\"hr-inner-style\"><\/span><\/span><\/div>\n\n<style type=\"text\/css\" data-created_by=\"avia_inline_auto\" id=\"style-css-av-11n6gsn-06e03858f04d7f074fffbd58d9d7aeef\">\n.flex_column.av-11n6gsn-06e03858f04d7f074fffbd58d9d7aeef{\nborder-radius:0px 0px 0px 0px;\npadding:0px 0px 0px 0px;\n}\n<\/style>\n<div  class='flex_column av-11n6gsn-06e03858f04d7f074fffbd58d9d7aeef av_one_third  avia-builder-el-3  el_after_av_hr  el_before_av_one_third  first flex_column_div av-zero-column-padding  '     ><style type=\"text\/css\" data-created_by=\"avia_inline_auto\" id=\"style-css-av-3mjylj-cc9af442cf6343b5ed69630db9a69664\">\n.avia-image-container.av-3mjylj-cc9af442cf6343b5ed69630db9a69664 img.avia_image{\nbox-shadow:none;\n}\n.avia-image-container.av-3mjylj-cc9af442cf6343b5ed69630db9a69664 .av-image-caption-overlay-center{\ncolor:#ffffff;\n}\n<\/style>\n<div  class='avia-image-container av-3mjylj-cc9af442cf6343b5ed69630db9a69664 av-styling- avia_animated_image av-animated-when-visible-95 left-to-right avia-align-center  avia-builder-el-4  avia-builder-el-no-sibling '   itemprop=\"image\" itemscope=\"itemscope\" itemtype=\"https:\/\/schema.org\/ImageObject\" ><div class=\"avia-image-container-inner\"><div class=\"avia-image-overlay-wrap\"><img decoding=\"async\" fetchpriority=\"high\" class='wp-image-3446 avia-img-lazy-loading-not-3446 avia_image ' src=\"https:\/\/enfold.norbou.com\/wp-content\/uploads\/2015\/07\/portfolio-6.jpg\" alt='' title=''  height=\"570\" width=\"800\"  itemprop=\"thumbnailUrl\" srcset=\"https:\/\/enfold.norbou.com\/wp-content\/uploads\/2015\/07\/portfolio-6.jpg 800w, https:\/\/enfold.norbou.com\/wp-content\/uploads\/2015\/07\/portfolio-6-300x214.jpg 300w, https:\/\/enfold.norbou.com\/wp-content\/uploads\/2015\/07\/portfolio-6-768x547.jpg 768w, https:\/\/enfold.norbou.com\/wp-content\/uploads\/2015\/07\/portfolio-6-260x185.jpg 260w, https:\/\/enfold.norbou.com\/wp-content\/uploads\/2015\/07\/portfolio-6-705x502.jpg 705w, https:\/\/enfold.norbou.com\/wp-content\/uploads\/2015\/07\/portfolio-6-450x321.jpg 450w, https:\/\/enfold.norbou.com\/wp-content\/uploads\/2015\/07\/portfolio-6-600x428.jpg 600w\" sizes=\"(max-width: 800px) 100vw, 800px\" \/><\/div><\/div><\/div><\/div>\n<style type=\"text\/css\" data-created_by=\"avia_inline_auto\" id=\"style-css-av-y48umf-d5339b883e33824a310e1313be8b4216\">\n.flex_column.av-y48umf-d5339b883e33824a310e1313be8b4216{\nborder-radius:0px 0px 0px 0px;\npadding:0px 0px 0px 0px;\n}\n<\/style>\n<div  class='flex_column av-y48umf-d5339b883e33824a310e1313be8b4216 av_one_third  avia-builder-el-5  el_after_av_one_third  el_before_av_one_third  flex_column_div av-zero-column-padding  '     ><style type=\"text\/css\" data-created_by=\"avia_inline_auto\" id=\"style-css-av-wg97pj-55b12ce6906e56ea637966e75980965b\">\n.avia-image-container.av-wg97pj-55b12ce6906e56ea637966e75980965b img.avia_image{\nbox-shadow:none;\n}\n.avia-image-container.av-wg97pj-55b12ce6906e56ea637966e75980965b .av-caption-image-overlay-bg{\nopacity:0.4;\nbackground-color:#000000;\n}\n.avia-image-container.av-wg97pj-55b12ce6906e56ea637966e75980965b .av-image-caption-overlay-center{\ncolor:#ffffff;\n}\n<\/style>\n<div  class='avia-image-container av-wg97pj-55b12ce6906e56ea637966e75980965b av-styling- av-hover-grow av-img-linked avia_animated_image av-animated-when-visible-95 top-to-bottom avia-align-center  avia-builder-el-6  avia-builder-el-no-sibling  noHover av-overlay-hover-deactivate'   itemprop=\"image\" itemscope=\"itemscope\" itemtype=\"https:\/\/schema.org\/ImageObject\" ><div class=\"avia-image-container-inner\"><div class=\"avia-image-overlay-wrap\"><a href=\"https:\/\/enfold.norbou.com\/wp-content\/uploads\/2015\/07\/portfolio-1.jpg\" data-srcset=\"https:\/\/enfold.norbou.com\/wp-content\/uploads\/2015\/07\/portfolio-1.jpg 800w, https:\/\/enfold.norbou.com\/wp-content\/uploads\/2015\/07\/portfolio-1-300x214.jpg 300w, https:\/\/enfold.norbou.com\/wp-content\/uploads\/2015\/07\/portfolio-1-768x547.jpg 768w, https:\/\/enfold.norbou.com\/wp-content\/uploads\/2015\/07\/portfolio-1-260x185.jpg 260w, https:\/\/enfold.norbou.com\/wp-content\/uploads\/2015\/07\/portfolio-1-705x502.jpg 705w, https:\/\/enfold.norbou.com\/wp-content\/uploads\/2015\/07\/portfolio-1-450x321.jpg 450w, https:\/\/enfold.norbou.com\/wp-content\/uploads\/2015\/07\/portfolio-1-600x428.jpg 600w\" data-sizes=\"(max-width: 800px) 100vw, 800px\" class='avia_image '  ><div class=\"av-image-caption-overlay\"><div class=\"av-caption-image-overlay-bg\"><\/div><div class=\"av-image-caption-overlay-position\"><div class=\"av-image-caption-overlay-center\"><p>Obr\u00e1zek s titulkem a odkazem<\/p>\n<\/div><\/div><\/div><img decoding=\"async\" fetchpriority=\"high\" class='wp-image-3455 avia-img-lazy-loading-not-3455 avia_image ' src=\"https:\/\/enfold.norbou.com\/wp-content\/uploads\/2015\/07\/portfolio-1.jpg\" alt='' title=''  height=\"570\" width=\"800\"  itemprop=\"thumbnailUrl\" srcset=\"https:\/\/enfold.norbou.com\/wp-content\/uploads\/2015\/07\/portfolio-1.jpg 800w, https:\/\/enfold.norbou.com\/wp-content\/uploads\/2015\/07\/portfolio-1-300x214.jpg 300w, https:\/\/enfold.norbou.com\/wp-content\/uploads\/2015\/07\/portfolio-1-768x547.jpg 768w, https:\/\/enfold.norbou.com\/wp-content\/uploads\/2015\/07\/portfolio-1-260x185.jpg 260w, https:\/\/enfold.norbou.com\/wp-content\/uploads\/2015\/07\/portfolio-1-705x502.jpg 705w, https:\/\/enfold.norbou.com\/wp-content\/uploads\/2015\/07\/portfolio-1-450x321.jpg 450w, https:\/\/enfold.norbou.com\/wp-content\/uploads\/2015\/07\/portfolio-1-600x428.jpg 600w\" sizes=\"(max-width: 800px) 100vw, 800px\" \/><\/a><\/div><\/div><\/div><\/div><\/p>\n\n<style type=\"text\/css\" data-created_by=\"avia_inline_auto\" id=\"style-css-av-vd3qyv-e52d0265449ae38450a2c5900da42ecf\">\n.flex_column.av-vd3qyv-e52d0265449ae38450a2c5900da42ecf{\nborder-radius:0px 0px 0px 0px;\npadding:0px 0px 0px 0px;\n}\n<\/style>\n<div  class='flex_column av-vd3qyv-e52d0265449ae38450a2c5900da42ecf av_one_third  avia-builder-el-7  el_after_av_one_third  el_before_av_hr  flex_column_div av-zero-column-padding  '     ><style type=\"text\/css\" data-created_by=\"avia_inline_auto\" id=\"style-css-av-2w6o7r-cda42d6c509c2dbd93b782e9bed73b69\">\n.avia-image-container.av-2w6o7r-cda42d6c509c2dbd93b782e9bed73b69 img.avia_image{\nbox-shadow:none;\n}\n.avia-image-container.av-2w6o7r-cda42d6c509c2dbd93b782e9bed73b69 .av-caption-image-overlay-bg{\nopacity:0.8;\nbackground-color:#b02b2c;\n}\n.avia-image-container.av-2w6o7r-cda42d6c509c2dbd93b782e9bed73b69 .av-image-caption-overlay-center{\ncolor:#ffffff;\n}\n<\/style>\n<div  class='avia-image-container av-2w6o7r-cda42d6c509c2dbd93b782e9bed73b69 av-styling- av-hover-grow avia_animated_image av-animated-when-visible-95 right-to-left avia-align-center  avia-builder-el-8  avia-builder-el-no-sibling  noHover av-overlay-on-hover'   itemprop=\"image\" itemscope=\"itemscope\" itemtype=\"https:\/\/schema.org\/ImageObject\" ><div class=\"avia-image-container-inner\"><div class=\"avia-image-overlay-wrap\"><div class=\"av-image-caption-overlay\"><div class=\"av-caption-image-overlay-bg\"><\/div><div class=\"av-image-caption-overlay-position\"><div class=\"av-image-caption-overlay-center\"><p>Barevn\u00fd popisek p\u0159i najet\u00ed my\u0161\u00ed<\/p>\n<\/div><\/div><\/div><img decoding=\"async\" fetchpriority=\"high\" class='wp-image-3436 avia-img-lazy-loading-not-3436 avia_image ' src=\"https:\/\/enfold.norbou.com\/wp-content\/uploads\/2015\/07\/portfolio-9.jpg\" alt='' title=''  height=\"570\" width=\"800\"  itemprop=\"thumbnailUrl\" srcset=\"https:\/\/enfold.norbou.com\/wp-content\/uploads\/2015\/07\/portfolio-9.jpg 800w, https:\/\/enfold.norbou.com\/wp-content\/uploads\/2015\/07\/portfolio-9-300x214.jpg 300w, https:\/\/enfold.norbou.com\/wp-content\/uploads\/2015\/07\/portfolio-9-768x547.jpg 768w, https:\/\/enfold.norbou.com\/wp-content\/uploads\/2015\/07\/portfolio-9-260x185.jpg 260w, https:\/\/enfold.norbou.com\/wp-content\/uploads\/2015\/07\/portfolio-9-705x502.jpg 705w, https:\/\/enfold.norbou.com\/wp-content\/uploads\/2015\/07\/portfolio-9-450x321.jpg 450w, https:\/\/enfold.norbou.com\/wp-content\/uploads\/2015\/07\/portfolio-9-600x428.jpg 600w\" sizes=\"(max-width: 800px) 100vw, 800px\" \/><\/div><\/div><\/div><\/div>\n\n<style type=\"text\/css\" data-created_by=\"avia_inline_auto\" id=\"style-css-av-r54ut3-2d72006aeedda484bd58b133f7f29764\">\n#top .hr.hr-invisible.av-r54ut3-2d72006aeedda484bd58b133f7f29764{\nheight:20px;\n}\n<\/style>\n<div  class='hr av-r54ut3-2d72006aeedda484bd58b133f7f29764 hr-invisible  avia-builder-el-9  el_after_av_one_third  el_before_av_textblock '><span class='hr-inner '><span class=\"hr-inner-style\"><\/span><\/span><\/div>\n<section  class='av_textblock_section av-p0svc7-069613a5409a38b2ed6ac27079ddf419 '   itemscope=\"itemscope\" itemtype=\"https:\/\/schema.org\/CreativeWork\" ><div class='avia_textblock'  itemprop=\"text\" ><p>Obr\u00e1zky mohou b\u00fdt propojeny s jak\u00fdmkoli c\u00edlem a text popisku, stejn\u011b jako pozad\u00ed popisku, lze nastavit na jakoukoli barvu, kterou chcete nebo pot\u0159ebujete.<\/p>\n<\/div><\/section>\n\n<style type=\"text\/css\" data-created_by=\"avia_inline_auto\" id=\"style-css-av-ojfnmf-b386932138298bc520a2dcb7dd4e9a20\">\n#top .hr.hr-invisible.av-ojfnmf-b386932138298bc520a2dcb7dd4e9a20{\nheight:50px;\n}\n<\/style>\n<div  class='hr av-ojfnmf-b386932138298bc520a2dcb7dd4e9a20 hr-invisible  avia-builder-el-11  el_after_av_textblock  el_before_av_heading '><span class='hr-inner '><span class=\"hr-inner-style\"><\/span><\/span><\/div>\n\n<style type=\"text\/css\" data-created_by=\"avia_inline_auto\" id=\"style-css-av-29tug7-77c3b66e010e805084cedeeb86eaa9ce\">\n#top .av-special-heading.av-29tug7-77c3b66e010e805084cedeeb86eaa9ce{\npadding-bottom:15px;\ncolor:#000000;\nfont-size:30px;\n}\nbody .av-special-heading.av-29tug7-77c3b66e010e805084cedeeb86eaa9ce .av-special-heading-tag .heading-char{\nfont-size:25px;\n}\n#top #wrap_all .av-special-heading.av-29tug7-77c3b66e010e805084cedeeb86eaa9ce .av-special-heading-tag{\nfont-size:30px;\n}\n.av-special-heading.av-29tug7-77c3b66e010e805084cedeeb86eaa9ce .special-heading-inner-border{\nborder-color:#000000;\n}\n.av-special-heading.av-29tug7-77c3b66e010e805084cedeeb86eaa9ce .av-subheading{\nfont-size:15px;\n}\n\n@media only screen and (min-width: 480px) and (max-width: 767px){ \n#top #wrap_all .av-special-heading.av-29tug7-77c3b66e010e805084cedeeb86eaa9ce .av-special-heading-tag{\nfont-size:0.8em;\n}\n}\n\n@media only screen and (max-width: 479px){ \n#top #wrap_all .av-special-heading.av-29tug7-77c3b66e010e805084cedeeb86eaa9ce .av-special-heading-tag{\nfont-size:0.8em;\n}\n}\n<\/style>\n<div  class='av-special-heading av-29tug7-77c3b66e010e805084cedeeb86eaa9ce av-special-heading-h2 custom-color-heading blockquote modern-quote  avia-builder-el-12  el_after_av_hr  el_before_av_one_fifth  av-inherit-size'><h2 class='av-special-heading-tag '  itemprop=\"headline\"  >Kulat\u00e9 obr\u00e1zky<\/h2><div class=\"special-heading-border\"><div class=\"special-heading-inner-border\"><\/div><\/div><\/div>\n\n<style type=\"text\/css\" data-created_by=\"avia_inline_auto\" id=\"style-css-av-l1m4cn-ecfadc4b36d8b8d07768c30df56b8970\">\n.flex_column.av-l1m4cn-ecfadc4b36d8b8d07768c30df56b8970{\nborder-radius:0px 0px 0px 0px;\npadding:0px 0px 0px 0px;\n}\n<\/style>\n<div  class='flex_column av-l1m4cn-ecfadc4b36d8b8d07768c30df56b8970 av_one_fifth  avia-builder-el-13  el_after_av_heading  el_before_av_one_fifth  first flex_column_div av-zero-column-padding  '     ><style type=\"text\/css\" data-created_by=\"avia_inline_auto\" id=\"style-css-av-jbu6mf-00cc2d986a53d7a1aa0e420fe3310de6\">\n.avia-image-container.av-jbu6mf-00cc2d986a53d7a1aa0e420fe3310de6 img.avia_image{\nbox-shadow:none;\n}\n.avia-image-container.av-jbu6mf-00cc2d986a53d7a1aa0e420fe3310de6 .av-image-caption-overlay-center{\ncolor:#ffffff;\n}\n<\/style>\n<div  class='avia-image-container av-jbu6mf-00cc2d986a53d7a1aa0e420fe3310de6 av-styling-circle avia_animated_image av-animated-when-visible-95 av-rotateIn avia-align-center  avia-builder-el-14  avia-builder-el-no-sibling '   itemprop=\"image\" itemscope=\"itemscope\" itemtype=\"https:\/\/schema.org\/ImageObject\" ><div class=\"avia-image-container-inner\"><div class=\"avia-image-overlay-wrap\"><img decoding=\"async\" fetchpriority=\"high\" class='wp-image-3470 avia-img-lazy-loading-not-3470 avia_image ' src=\"https:\/\/enfold.norbou.com\/wp-content\/uploads\/2015\/07\/portfolio-3-180x180.jpg\" alt='' title=''  height=\"180\" width=\"180\"  itemprop=\"thumbnailUrl\" srcset=\"https:\/\/enfold.norbou.com\/wp-content\/uploads\/2015\/07\/portfolio-3-180x180.jpg 180w, https:\/\/enfold.norbou.com\/wp-content\/uploads\/2015\/07\/portfolio-3-80x80.jpg 80w, https:\/\/enfold.norbou.com\/wp-content\/uploads\/2015\/07\/portfolio-3-36x36.jpg 36w, https:\/\/enfold.norbou.com\/wp-content\/uploads\/2015\/07\/portfolio-3-120x120.jpg 120w, https:\/\/enfold.norbou.com\/wp-content\/uploads\/2015\/07\/portfolio-3-450x450.jpg 450w, https:\/\/enfold.norbou.com\/wp-content\/uploads\/2015\/07\/portfolio-3-300x300.jpg 300w, https:\/\/enfold.norbou.com\/wp-content\/uploads\/2015\/07\/portfolio-3-100x100.jpg 100w\" sizes=\"(max-width: 180px) 100vw, 180px\" \/><\/div><\/div><\/div><\/div>\n\n<style type=\"text\/css\" data-created_by=\"avia_inline_auto\" id=\"style-css-av-gr4s0n-4b4aaa1acfa68a7908303e5e198c4076\">\n.flex_column.av-gr4s0n-4b4aaa1acfa68a7908303e5e198c4076{\nborder-radius:0px 0px 0px 0px;\npadding:0px 0px 0px 0px;\n}\n<\/style>\n<div  class='flex_column av-gr4s0n-4b4aaa1acfa68a7908303e5e198c4076 av_one_fifth  avia-builder-el-15  el_after_av_one_fifth  el_before_av_one_fifth  flex_column_div av-zero-column-padding  '     ><style type=\"text\/css\" data-created_by=\"avia_inline_auto\" id=\"style-css-av-1ikenr-e87a907686d6babd2c1378492a2d42cf\">\n.avia-image-container.av-1ikenr-e87a907686d6babd2c1378492a2d42cf img.avia_image{\nbox-shadow:none;\n}\n.avia-image-container.av-1ikenr-e87a907686d6babd2c1378492a2d42cf .av-image-caption-overlay-center{\ncolor:#ffffff;\n}\n<\/style>\n<div  class='avia-image-container av-1ikenr-e87a907686d6babd2c1378492a2d42cf av-styling-circle avia_animated_image av-animated-when-visible-95 av-rotateInUpLeft avia-align-center  avia-builder-el-16  avia-builder-el-no-sibling '   itemprop=\"image\" itemscope=\"itemscope\" itemtype=\"https:\/\/schema.org\/ImageObject\" ><div class=\"avia-image-container-inner\"><div class=\"avia-image-overlay-wrap\"><img decoding=\"async\" fetchpriority=\"high\" class='wp-image-3465 avia-img-lazy-loading-not-3465 avia_image ' src=\"https:\/\/enfold.norbou.com\/wp-content\/uploads\/2015\/07\/portfolio-4-180x180.jpg\" alt='' title=''  height=\"180\" width=\"180\"  itemprop=\"thumbnailUrl\" srcset=\"https:\/\/enfold.norbou.com\/wp-content\/uploads\/2015\/07\/portfolio-4-180x180.jpg 180w, https:\/\/enfold.norbou.com\/wp-content\/uploads\/2015\/07\/portfolio-4-80x80.jpg 80w, https:\/\/enfold.norbou.com\/wp-content\/uploads\/2015\/07\/portfolio-4-36x36.jpg 36w, https:\/\/enfold.norbou.com\/wp-content\/uploads\/2015\/07\/portfolio-4-120x120.jpg 120w, https:\/\/enfold.norbou.com\/wp-content\/uploads\/2015\/07\/portfolio-4-450x450.jpg 450w, https:\/\/enfold.norbou.com\/wp-content\/uploads\/2015\/07\/portfolio-4-300x300.jpg 300w, https:\/\/enfold.norbou.com\/wp-content\/uploads\/2015\/07\/portfolio-4-100x100.jpg 100w\" sizes=\"(max-width: 180px) 100vw, 180px\" \/><\/div><\/div><\/div><\/div>\n\n<style type=\"text\/css\" data-created_by=\"avia_inline_auto\" id=\"style-css-av-eory9z-abd782652874db6d014d0e138154155d\">\n.flex_column.av-eory9z-abd782652874db6d014d0e138154155d{\nborder-radius:0px 0px 0px 0px;\npadding:0px 0px 0px 0px;\n}\n<\/style>\n<div  class='flex_column av-eory9z-abd782652874db6d014d0e138154155d av_one_fifth  avia-builder-el-17  el_after_av_one_fifth  el_before_av_one_fifth  flex_column_div av-zero-column-padding  '     ><style type=\"text\/css\" data-created_by=\"avia_inline_auto\" id=\"style-css-av-4hmyv-1b1adbeaf7bd0473f56c05b1f9ef496d\">\n.avia-image-container.av-4hmyv-1b1adbeaf7bd0473f56c05b1f9ef496d img.avia_image{\nbox-shadow:none;\n}\n.avia-image-container.av-4hmyv-1b1adbeaf7bd0473f56c05b1f9ef496d .av-image-caption-overlay-center{\ncolor:#ffffff;\n}\n<\/style>\n<div  class='avia-image-container av-4hmyv-1b1adbeaf7bd0473f56c05b1f9ef496d av-styling-circle avia_animated_image av-animated-when-visible-95 av-rotateInUpRight avia-align-center  avia-builder-el-18  avia-builder-el-no-sibling '   itemprop=\"image\" itemscope=\"itemscope\" itemtype=\"https:\/\/schema.org\/ImageObject\" ><div class=\"avia-image-container-inner\"><div class=\"avia-image-overlay-wrap\"><img decoding=\"async\" fetchpriority=\"high\" class='wp-image-3477 avia-img-lazy-loading-not-3477 avia_image ' src=\"https:\/\/enfold.norbou.com\/wp-content\/uploads\/2015\/07\/portfolio-2-180x180.jpg\" alt='' title=''  height=\"180\" width=\"180\"  itemprop=\"thumbnailUrl\" srcset=\"https:\/\/enfold.norbou.com\/wp-content\/uploads\/2015\/07\/portfolio-2-180x180.jpg 180w, https:\/\/enfold.norbou.com\/wp-content\/uploads\/2015\/07\/portfolio-2-80x80.jpg 80w, https:\/\/enfold.norbou.com\/wp-content\/uploads\/2015\/07\/portfolio-2-36x36.jpg 36w, https:\/\/enfold.norbou.com\/wp-content\/uploads\/2015\/07\/portfolio-2-120x120.jpg 120w, https:\/\/enfold.norbou.com\/wp-content\/uploads\/2015\/07\/portfolio-2-450x450.jpg 450w, https:\/\/enfold.norbou.com\/wp-content\/uploads\/2015\/07\/portfolio-2-300x300.jpg 300w, https:\/\/enfold.norbou.com\/wp-content\/uploads\/2015\/07\/portfolio-2-100x100.jpg 100w\" sizes=\"(max-width: 180px) 100vw, 180px\" \/><\/div><\/div><\/div><\/div>\n\n<style type=\"text\/css\" data-created_by=\"avia_inline_auto\" id=\"style-css-av-azas5z-1f71f8d40882770aae2868a19e2b8b80\">\n.flex_column.av-azas5z-1f71f8d40882770aae2868a19e2b8b80{\nborder-radius:0px 0px 0px 0px;\npadding:0px 0px 0px 0px;\n}\n<\/style>\n<div  class='flex_column av-azas5z-1f71f8d40882770aae2868a19e2b8b80 av_one_fifth  avia-builder-el-19  el_after_av_one_fifth  el_before_av_one_fifth  flex_column_div av-zero-column-padding  '     ><style type=\"text\/css\" data-created_by=\"avia_inline_auto\" id=\"style-css-av-9wyoiv-d5bdb7e8bc7418d4af1073dec7051caa\">\n.avia-image-container.av-9wyoiv-d5bdb7e8bc7418d4af1073dec7051caa img.avia_image{\nbox-shadow:none;\n}\n.avia-image-container.av-9wyoiv-d5bdb7e8bc7418d4af1073dec7051caa .av-image-caption-overlay-center{\ncolor:#ffffff;\n}\n<\/style>\n<div  class='avia-image-container av-9wyoiv-d5bdb7e8bc7418d4af1073dec7051caa av-styling-circle avia_animated_image av-animated-when-visible-95 av-rotateInUpRight avia-align-center  avia-builder-el-20  avia-builder-el-no-sibling '   itemprop=\"image\" itemscope=\"itemscope\" itemtype=\"https:\/\/schema.org\/ImageObject\" ><div class=\"avia-image-container-inner\"><div class=\"avia-image-overlay-wrap\"><img decoding=\"async\" fetchpriority=\"high\" class='wp-image-3441 avia-img-lazy-loading-not-3441 avia_image ' src=\"https:\/\/enfold.norbou.com\/wp-content\/uploads\/2015\/07\/portfolio-5-180x180.jpg\" alt='' title=''  height=\"180\" width=\"180\"  itemprop=\"thumbnailUrl\" srcset=\"https:\/\/enfold.norbou.com\/wp-content\/uploads\/2015\/07\/portfolio-5-180x180.jpg 180w, https:\/\/enfold.norbou.com\/wp-content\/uploads\/2015\/07\/portfolio-5-80x80.jpg 80w, https:\/\/enfold.norbou.com\/wp-content\/uploads\/2015\/07\/portfolio-5-36x36.jpg 36w, https:\/\/enfold.norbou.com\/wp-content\/uploads\/2015\/07\/portfolio-5-120x120.jpg 120w, https:\/\/enfold.norbou.com\/wp-content\/uploads\/2015\/07\/portfolio-5-450x450.jpg 450w, https:\/\/enfold.norbou.com\/wp-content\/uploads\/2015\/07\/portfolio-5-300x300.jpg 300w, https:\/\/enfold.norbou.com\/wp-content\/uploads\/2015\/07\/portfolio-5-100x100.jpg 100w\" sizes=\"(max-width: 180px) 100vw, 180px\" \/><\/div><\/div><\/div><\/div>\n\n<style type=\"text\/css\" data-created_by=\"avia_inline_auto\" id=\"style-css-av-71gwfr-08b33106762dbf6dddbb36cdc741165b\">\n.flex_column.av-71gwfr-08b33106762dbf6dddbb36cdc741165b{\nborder-radius:0px 0px 0px 0px;\npadding:0px 0px 0px 0px;\n}\n<\/style>\n<div  class='flex_column av-71gwfr-08b33106762dbf6dddbb36cdc741165b av_one_fifth  avia-builder-el-21  el_after_av_one_fifth  el_before_av_hr  flex_column_div av-zero-column-padding  '     ><style type=\"text\/css\" data-created_by=\"avia_inline_auto\" id=\"style-css-av-6c4h7r-d9b991f35d6293fe78f5e676306c2a47\">\n.avia-image-container.av-6c4h7r-d9b991f35d6293fe78f5e676306c2a47 img.avia_image{\nbox-shadow:none;\n}\n.avia-image-container.av-6c4h7r-d9b991f35d6293fe78f5e676306c2a47 .av-image-caption-overlay-center{\ncolor:#ffffff;\n}\n<\/style>\n<div  class='avia-image-container av-6c4h7r-d9b991f35d6293fe78f5e676306c2a47 av-styling-circle avia_animated_image av-animated-when-visible-95 av-rotateInUpLeft avia-align-center  avia-builder-el-22  avia-builder-el-no-sibling '   itemprop=\"image\" itemscope=\"itemscope\" itemtype=\"https:\/\/schema.org\/ImageObject\" ><div class=\"avia-image-container-inner\"><div class=\"avia-image-overlay-wrap\"><img decoding=\"async\" fetchpriority=\"high\" class='wp-image-3460 avia-img-lazy-loading-not-3460 avia_image ' src=\"https:\/\/enfold.norbou.com\/wp-content\/uploads\/2015\/07\/portfolio-7-180x180.jpg\" alt='' title=''  height=\"180\" width=\"180\"  itemprop=\"thumbnailUrl\" srcset=\"https:\/\/enfold.norbou.com\/wp-content\/uploads\/2015\/07\/portfolio-7-180x180.jpg 180w, https:\/\/enfold.norbou.com\/wp-content\/uploads\/2015\/07\/portfolio-7-80x80.jpg 80w, https:\/\/enfold.norbou.com\/wp-content\/uploads\/2015\/07\/portfolio-7-36x36.jpg 36w, https:\/\/enfold.norbou.com\/wp-content\/uploads\/2015\/07\/portfolio-7-120x120.jpg 120w, https:\/\/enfold.norbou.com\/wp-content\/uploads\/2015\/07\/portfolio-7-450x450.jpg 450w, https:\/\/enfold.norbou.com\/wp-content\/uploads\/2015\/07\/portfolio-7-300x300.jpg 300w, https:\/\/enfold.norbou.com\/wp-content\/uploads\/2015\/07\/portfolio-7-100x100.jpg 100w\" sizes=\"(max-width: 180px) 100vw, 180px\" \/><\/div><\/div><\/div><\/div>\n\n<style type=\"text\/css\" data-created_by=\"avia_inline_auto\" id=\"style-css-av-4571jr-215ef37e32b5639c48cd557ff8ae02d3\">\n#top .hr.hr-invisible.av-4571jr-215ef37e32b5639c48cd557ff8ae02d3{\nheight:20px;\n}\n<\/style>\n<div  class='hr av-4571jr-215ef37e32b5639c48cd557ff8ae02d3 hr-invisible  avia-builder-el-23  el_after_av_one_fifth  el_before_av_textblock '><span class='hr-inner '><span class=\"hr-inner-style\"><\/span><\/span><\/div>\n<section  class='av_textblock_section av-2bysif-2685faff1c4f293c0798323584d8eafb '   itemscope=\"itemscope\" itemtype=\"https:\/\/schema.org\/CreativeWork\" ><div class='avia_textblock'  itemprop=\"text\" ><p>Pokud je obr\u00e1zek \u010dtvercov\u00fd, m\u016f\u017eete nastavit styl na kruhov\u00fd a zobraz\u00ed se jako v p\u0159\u00edkladu v\u00fd\u0161e. Funguje tak\u00e9 velmi dob\u0159e s anima\u010dn\u00ed rotac\u00ed.<\/p>\n<\/div><\/section>\n","protected":false},"excerpt":{"rendered":"","protected":false},"author":1,"featured_media":0,"parent":3400,"menu_order":0,"comment_status":"closed","ping_status":"closed","template":"","meta":{"_bbp_topic_count":0,"_bbp_reply_count":0,"_bbp_total_topic_count":0,"_bbp_total_reply_count":0,"_bbp_voice_count":0,"_bbp_anonymous_reply_count":0,"_bbp_topic_count_hidden":0,"_bbp_reply_count_hidden":0,"_bbp_forum_subforum_count":0,"footnotes":""},"class_list":["post-3565","page","type-page","status-publish","hentry"],"_links":{"self":[{"href":"https:\/\/enfold.norbou.com\/cs\/wp-json\/wp\/v2\/pages\/3565","targetHints":{"allow":["GET"]}}],"collection":[{"href":"https:\/\/enfold.norbou.com\/cs\/wp-json\/wp\/v2\/pages"}],"about":[{"href":"https:\/\/enfold.norbou.com\/cs\/wp-json\/wp\/v2\/types\/page"}],"author":[{"embeddable":true,"href":"https:\/\/enfold.norbou.com\/cs\/wp-json\/wp\/v2\/users\/1"}],"replies":[{"embeddable":true,"href":"https:\/\/enfold.norbou.com\/cs\/wp-json\/wp\/v2\/comments?post=3565"}],"version-history":[{"count":9,"href":"https:\/\/enfold.norbou.com\/cs\/wp-json\/wp\/v2\/pages\/3565\/revisions"}],"predecessor-version":[{"id":4742,"href":"https:\/\/enfold.norbou.com\/cs\/wp-json\/wp\/v2\/pages\/3565\/revisions\/4742"}],"up":[{"embeddable":true,"href":"https:\/\/enfold.norbou.com\/cs\/wp-json\/wp\/v2\/pages\/3400"}],"wp:attachment":[{"href":"https:\/\/enfold.norbou.com\/cs\/wp-json\/wp\/v2\/media?parent=3565"}],"curies":[{"name":"wp","href":"https:\/\/api.w.org\/{rel}","templated":true}]}}