{"id":3569,"date":"2017-02-13T15:04:50","date_gmt":"2017-02-13T15:04:50","guid":{"rendered":"https:\/\/enfold.norbou.com\/prvky\/blok-kodu\/"},"modified":"2024-08-24T12:25:24","modified_gmt":"2024-08-24T12:25:24","slug":"blok-kodu","status":"publish","type":"page","link":"https:\/\/enfold.norbou.com\/cs\/prvky\/blok-kodu\/","title":{"rendered":"Blok k\u00f3du"},"content":{"rendered":"\n<style type=\"text\/css\" data-created_by=\"avia_inline_auto\" id=\"style-css-av-7hptj8-7c80583b5048c291cb4c5fa85f4440f6\">\n#top .av-special-heading.av-7hptj8-7c80583b5048c291cb4c5fa85f4440f6{\npadding-bottom:15px;\ncolor:#000000;\nfont-size:40px;\n}\nbody .av-special-heading.av-7hptj8-7c80583b5048c291cb4c5fa85f4440f6 .av-special-heading-tag .heading-char{\nfont-size:25px;\n}\n#top #wrap_all .av-special-heading.av-7hptj8-7c80583b5048c291cb4c5fa85f4440f6 .av-special-heading-tag{\nfont-size:40px;\n}\n.av-special-heading.av-7hptj8-7c80583b5048c291cb4c5fa85f4440f6 .special-heading-inner-border{\nborder-color:#000000;\n}\n.av-special-heading.av-7hptj8-7c80583b5048c291cb4c5fa85f4440f6 .av-subheading{\nfont-size:15px;\n}\n\n@media only screen and (min-width: 480px) and (max-width: 767px){ \n#top #wrap_all .av-special-heading.av-7hptj8-7c80583b5048c291cb4c5fa85f4440f6 .av-special-heading-tag{\nfont-size:0.8em;\n}\n}\n\n@media only screen and (max-width: 479px){ \n#top #wrap_all .av-special-heading.av-7hptj8-7c80583b5048c291cb4c5fa85f4440f6 .av-special-heading-tag{\nfont-size:0.8em;\n}\n}\n<\/style>\n<div  class='av-special-heading av-7hptj8-7c80583b5048c291cb4c5fa85f4440f6 av-special-heading-h1 custom-color-heading blockquote modern-quote  avia-builder-el-0  el_before_av_textblock  avia-builder-el-first  av-inherit-size'><h1 class='av-special-heading-tag '  itemprop=\"headline\"  >K\u00f3dov\u00fd blok<\/h1><div class=\"special-heading-border\"><div class=\"special-heading-inner-border\"><\/div><\/div><\/div>\n<section  class='av_textblock_section av-5yenfo-8dc8c49fb04e9474ce85a0fa61ec4e08 '   itemscope=\"itemscope\" itemtype=\"https:\/\/schema.org\/CreativeWork\" ><div class='avia_textblock'  itemprop=\"text\" ><p>Tento blok k\u00f3du v\u00e1m umo\u017e\u0148uje p\u0159idat t\u00e9m\u011b\u0159 jak\u00fdkoli html (s v\u00fdjimkou textareas) nebo javascriptov\u00fd k\u00f3d p\u0159\u00edmo na str\u00e1nku. M\u016f\u017ee b\u00fdt tak\u00e9 pou\u017eit k zobrazen\u00ed shortcodes z jin\u00fdch plugin\u016f.<br \/>\nN\u00ed\u017ee m\u016f\u017eete vid\u011bt p\u0159\u00edklad iframe p\u0159idan\u00e9ho do bloku k\u00f3du vlo\u017een\u00edm iframe HTML do prvku:<\/p>\n<\/div><\/section>\n\n<style type=\"text\/css\" data-created_by=\"avia_inline_auto\" id=\"style-css-av-43ltd0-5e0a5aa07defcb46843979a06134dcf6\">\n#top .hr.hr-invisible.av-43ltd0-5e0a5aa07defcb46843979a06134dcf6{\nheight:50px;\n}\n<\/style>\n<div  class='hr av-43ltd0-5e0a5aa07defcb46843979a06134dcf6 hr-invisible  avia-builder-el-2  el_after_av_textblock  el_before_av_codeblock '><span class='hr-inner '><span class=\"hr-inner-style\"><\/span><\/span><\/div>\n\n","protected":false},"excerpt":{"rendered":"","protected":false},"author":1,"featured_media":0,"parent":3400,"menu_order":0,"comment_status":"closed","ping_status":"closed","template":"","meta":{"_bbp_topic_count":0,"_bbp_reply_count":0,"_bbp_total_topic_count":0,"_bbp_total_reply_count":0,"_bbp_voice_count":0,"_bbp_anonymous_reply_count":0,"_bbp_topic_count_hidden":0,"_bbp_reply_count_hidden":0,"_bbp_forum_subforum_count":0,"footnotes":""},"class_list":["post-3569","page","type-page","status-publish","hentry"],"_links":{"self":[{"href":"https:\/\/enfold.norbou.com\/cs\/wp-json\/wp\/v2\/pages\/3569","targetHints":{"allow":["GET"]}}],"collection":[{"href":"https:\/\/enfold.norbou.com\/cs\/wp-json\/wp\/v2\/pages"}],"about":[{"href":"https:\/\/enfold.norbou.com\/cs\/wp-json\/wp\/v2\/types\/page"}],"author":[{"embeddable":true,"href":"https:\/\/enfold.norbou.com\/cs\/wp-json\/wp\/v2\/users\/1"}],"replies":[{"embeddable":true,"href":"https:\/\/enfold.norbou.com\/cs\/wp-json\/wp\/v2\/comments?post=3569"}],"version-history":[{"count":9,"href":"https:\/\/enfold.norbou.com\/cs\/wp-json\/wp\/v2\/pages\/3569\/revisions"}],"predecessor-version":[{"id":4746,"href":"https:\/\/enfold.norbou.com\/cs\/wp-json\/wp\/v2\/pages\/3569\/revisions\/4746"}],"up":[{"embeddable":true,"href":"https:\/\/enfold.norbou.com\/cs\/wp-json\/wp\/v2\/pages\/3400"}],"wp:attachment":[{"href":"https:\/\/enfold.norbou.com\/cs\/wp-json\/wp\/v2\/media?parent=3569"}],"curies":[{"name":"wp","href":"https:\/\/api.w.org\/{rel}","templated":true}]}}