{"id":3573,"date":"2017-02-13T15:04:24","date_gmt":"2017-02-13T15:04:24","guid":{"rendered":"https:\/\/enfold.norbou.com\/prvky\/komentare\/"},"modified":"2024-08-24T12:25:24","modified_gmt":"2024-08-24T12:25:24","slug":"komentare","status":"publish","type":"page","link":"https:\/\/enfold.norbou.com\/cs\/prvky\/komentare\/","title":{"rendered":"Koment\u00e1\u0159e"},"content":{"rendered":"\n<style type=\"text\/css\" data-created_by=\"avia_inline_auto\" id=\"style-css-av-83f2j4-52a96a21ffb286f90472609688f6138e\">\n#top .av-special-heading.av-83f2j4-52a96a21ffb286f90472609688f6138e{\npadding-bottom:15px;\ncolor:#000000;\nfont-size:40px;\n}\nbody .av-special-heading.av-83f2j4-52a96a21ffb286f90472609688f6138e .av-special-heading-tag .heading-char{\nfont-size:25px;\n}\n#top #wrap_all .av-special-heading.av-83f2j4-52a96a21ffb286f90472609688f6138e .av-special-heading-tag{\nfont-size:40px;\n}\n.av-special-heading.av-83f2j4-52a96a21ffb286f90472609688f6138e .special-heading-inner-border{\nborder-color:#000000;\n}\n.av-special-heading.av-83f2j4-52a96a21ffb286f90472609688f6138e .av-subheading{\nfont-size:15px;\n}\n\n@media only screen and (min-width: 480px) and (max-width: 767px){ \n#top #wrap_all .av-special-heading.av-83f2j4-52a96a21ffb286f90472609688f6138e .av-special-heading-tag{\nfont-size:0.8em;\n}\n}\n\n@media only screen and (max-width: 479px){ \n#top #wrap_all .av-special-heading.av-83f2j4-52a96a21ffb286f90472609688f6138e .av-special-heading-tag{\nfont-size:0.8em;\n}\n}\n<\/style>\n<div  class='av-special-heading av-83f2j4-52a96a21ffb286f90472609688f6138e av-special-heading-h1 custom-color-heading blockquote modern-quote  avia-builder-el-0  el_before_av_textblock  avia-builder-el-first  av-inherit-size'><h1 class='av-special-heading-tag '  itemprop=\"headline\"  >Koment\u00e1\u0159e Element<\/h1><div class=\"special-heading-border\"><div class=\"special-heading-inner-border\"><\/div><\/div><\/div>\n<section  class='av_textblock_section av-5hzauo-0f0efe9d65655679a6339e30b8fa80ec '   itemscope=\"itemscope\" itemtype=\"https:\/\/schema.org\/CreativeWork\" ><div class='avia_textblock'  itemprop=\"text\" ><p>M\u016f\u017eete pou\u017e\u00edt prvek koment\u00e1\u0159\u016f k zobrazen\u00ed formul\u00e1\u0159e koment\u00e1\u0159\u016f z aktu\u00e1ln\u00edho p\u0159\u00edsp\u011bvku nebo str\u00e1nky. To je u\u017eite\u010dn\u00e9, pokud chcete navrhnout jednotliv\u00e9 blogov\u00e9 p\u0159\u00edsp\u011bvky pomoc\u00ed pokro\u010dil\u00e9ho editoru rozvr\u017een\u00ed.<\/p>\n<\/div><\/section>\n\n<style type=\"text\/css\" data-created_by=\"avia_inline_auto\" id=\"style-css-av-4dyra8-06eb90f55473a1a289ce49b5786197de\">\n#top .hr.hr-invisible.av-4dyra8-06eb90f55473a1a289ce49b5786197de{\nheight:50px;\n}\n<\/style>\n<div  class='hr av-4dyra8-06eb90f55473a1a289ce49b5786197de hr-invisible  avia-builder-el-2  el_after_av_textblock  el_before_av_comments_list '><span class='hr-inner '><span class=\"hr-inner-style\"><\/span><\/span><\/div>\n<div  class='av-buildercomment av-1z198w-163887952a5beed1cf4d0efc08724586  av-blog-meta-html-info-disabled'><\/div>\n","protected":false},"excerpt":{"rendered":"","protected":false},"author":1,"featured_media":0,"parent":3400,"menu_order":0,"comment_status":"closed","ping_status":"closed","template":"","meta":{"_bbp_topic_count":0,"_bbp_reply_count":0,"_bbp_total_topic_count":0,"_bbp_total_reply_count":0,"_bbp_voice_count":0,"_bbp_anonymous_reply_count":0,"_bbp_topic_count_hidden":0,"_bbp_reply_count_hidden":0,"_bbp_forum_subforum_count":0,"footnotes":""},"class_list":["post-3573","page","type-page","status-publish","hentry"],"_links":{"self":[{"href":"https:\/\/enfold.norbou.com\/cs\/wp-json\/wp\/v2\/pages\/3573","targetHints":{"allow":["GET"]}}],"collection":[{"href":"https:\/\/enfold.norbou.com\/cs\/wp-json\/wp\/v2\/pages"}],"about":[{"href":"https:\/\/enfold.norbou.com\/cs\/wp-json\/wp\/v2\/types\/page"}],"author":[{"embeddable":true,"href":"https:\/\/enfold.norbou.com\/cs\/wp-json\/wp\/v2\/users\/1"}],"replies":[{"embeddable":true,"href":"https:\/\/enfold.norbou.com\/cs\/wp-json\/wp\/v2\/comments?post=3573"}],"version-history":[{"count":9,"href":"https:\/\/enfold.norbou.com\/cs\/wp-json\/wp\/v2\/pages\/3573\/revisions"}],"predecessor-version":[{"id":4750,"href":"https:\/\/enfold.norbou.com\/cs\/wp-json\/wp\/v2\/pages\/3573\/revisions\/4750"}],"up":[{"embeddable":true,"href":"https:\/\/enfold.norbou.com\/cs\/wp-json\/wp\/v2\/pages\/3400"}],"wp:attachment":[{"href":"https:\/\/enfold.norbou.com\/cs\/wp-json\/wp\/v2\/media?parent=3573"}],"curies":[{"name":"wp","href":"https:\/\/api.w.org\/{rel}","templated":true}]}}