{"id":3577,"date":"2017-02-13T15:03:13","date_gmt":"2017-02-13T15:03:13","guid":{"rendered":"https:\/\/enfold.norbou.com\/prvky\/prihlaseni-k-mailchimpu\/"},"modified":"2024-08-24T12:25:24","modified_gmt":"2024-08-24T12:25:24","slug":"prihlaseni-k-mailchimpu","status":"publish","type":"page","link":"https:\/\/enfold.norbou.com\/cs\/prvky\/prihlaseni-k-mailchimpu\/","title":{"rendered":"P\u0159ihl\u00e1\u0161en\u00ed k Mailchimpu"},"content":{"rendered":"\n<style type=\"text\/css\" data-created_by=\"avia_inline_auto\" id=\"style-css-av-ff462l-b21b3d40919a97b63c93f87b1d6fa502\">\n#top .av-special-heading.av-ff462l-b21b3d40919a97b63c93f87b1d6fa502{\npadding-bottom:15px;\ncolor:#000000;\nfont-size:40px;\n}\nbody .av-special-heading.av-ff462l-b21b3d40919a97b63c93f87b1d6fa502 .av-special-heading-tag .heading-char{\nfont-size:25px;\n}\n#top #wrap_all .av-special-heading.av-ff462l-b21b3d40919a97b63c93f87b1d6fa502 .av-special-heading-tag{\nfont-size:40px;\n}\n.av-special-heading.av-ff462l-b21b3d40919a97b63c93f87b1d6fa502 .special-heading-inner-border{\nborder-color:#000000;\n}\n.av-special-heading.av-ff462l-b21b3d40919a97b63c93f87b1d6fa502 .av-subheading{\nfont-size:15px;\n}\n\n@media only screen and (min-width: 480px) and (max-width: 767px){ \n#top #wrap_all .av-special-heading.av-ff462l-b21b3d40919a97b63c93f87b1d6fa502 .av-special-heading-tag{\nfont-size:0.8em;\n}\n}\n\n@media only screen and (max-width: 479px){ \n#top #wrap_all .av-special-heading.av-ff462l-b21b3d40919a97b63c93f87b1d6fa502 .av-special-heading-tag{\nfont-size:0.8em;\n}\n}\n<\/style>\n<div  class='av-special-heading av-ff462l-b21b3d40919a97b63c93f87b1d6fa502 av-special-heading-h1 custom-color-heading blockquote modern-quote  avia-builder-el-0  el_before_av_textblock  avia-builder-el-first  av-inherit-size'><h1 class='av-special-heading-tag '  itemprop=\"headline\"  >Mailchimp Newsletter Element<\/h1><div class=\"special-heading-border\"><div class=\"special-heading-inner-border\"><\/div><\/div><\/div>\n<section  class='av_textblock_section av-1fcnzh-204bd8bc0576b900247adc54b240ebc4 '   itemscope=\"itemscope\" itemtype=\"https:\/\/schema.org\/CreativeWork\" ><div class='avia_textblock'  itemprop=\"text\" ><p>Tento prvek v\u00e1m umo\u017e\u0148uje propojit va\u0161i instalaci WordPress s va\u0161\u00edm \u00fa\u010dtem Mailchimp a zobrazit z\u00e1kladn\u00ed formul\u00e1\u0159e pro odb\u011br zpravodaje, kter\u00e9 odes\u00edlaj\u00ed data, kter\u00e1 va\u0161i n\u00e1v\u0161t\u011bvn\u00edci zad\u00e1vaj\u00ed, p\u0159\u00edmo do va\u0161eho seznamu odb\u011bratel\u016f Mailchimp. Super pohodln\u00e9, pokud budujete publikum, proto\u017ee Mailchimp je slu\u017eba zpravodaje, dostupn\u00e1 <strong>zdarma pro prvn\u00edch 2000 odb\u011bratel\u016f<\/strong>!<\/p>\n<\/div><\/section>\n\n<style type=\"text\/css\" data-created_by=\"avia_inline_auto\" id=\"style-css-av-ctcm0d-0888c021a1871cd7b8abae684d533ffd\">\n#top .hr.hr-invisible.av-ctcm0d-0888c021a1871cd7b8abae684d533ffd{\nheight:50px;\n}\n<\/style>\n<div  class='hr av-ctcm0d-0888c021a1871cd7b8abae684d533ffd hr-invisible  avia-builder-el-2  el_after_av_textblock  el_before_av_one_half '><span class='hr-inner '><span class=\"hr-inner-style\"><\/span><\/span><\/div>\n<div class='flex_column_table av-a443hp-e56be28729d1f4a8706cc7a1f6651b73 sc-av_one_half av-equal-height-column-flextable'>\n<style type=\"text\/css\" data-created_by=\"avia_inline_auto\" id=\"style-css-av-a443hp-e56be28729d1f4a8706cc7a1f6651b73\">\n.flex_column.av-a443hp-e56be28729d1f4a8706cc7a1f6651b73{\nborder-radius:0px 0px 0px 0px;\npadding:40px 40px 40px 40px;\nbackground-color:#f8f8f8;\n}\n<\/style>\n<div  class='flex_column av-a443hp-e56be28729d1f4a8706cc7a1f6651b73 av_one_half  avia-builder-el-3  el_after_av_hr  el_before_av_one_half  first no_margin flex_column_table_cell av-equal-height-column av-align-middle  '     ><section  class='av_textblock_section av-9hwewt-0785ebecc85c4e4b073d3d00958ce3cb '   itemscope=\"itemscope\" itemtype=\"https:\/\/schema.org\/CreativeWork\" ><div class='avia_textblock'  itemprop=\"text\" ><p>Enfold tak\u00e9 p\u0159ich\u00e1z\u00ed s widgetem postrann\u00edho panelu Newsletter, kter\u00fd je je\u0161t\u011b jednodu\u0161\u0161\u00ed nastavit a umo\u017e\u0148uje v\u00e1m um\u00edstit formul\u00e1\u0159 pro odb\u011br do jak\u00e9hokoli postrann\u00edho panelu pomoc\u00ed widgetu<\/p>\n<\/div><\/section><\/div>\n\n<style type=\"text\/css\" data-created_by=\"avia_inline_auto\" id=\"style-css-av-7k5he5-18ae09d8428118af9cef50833038d0f1\">\n.flex_column.av-7k5he5-18ae09d8428118af9cef50833038d0f1{\nborder-radius:0px 0px 0px 0px;\npadding:40px 40px 40px 40px;\nbackground-color:#616161;\n}\n<\/style>\n<div  class='flex_column av-7k5he5-18ae09d8428118af9cef50833038d0f1 av_one_half  avia-builder-el-5  el_after_av_one_half  avia-builder-el-last  no_margin flex_column_table_cell av-equal-height-column av-align-middle  '     ><\/div><\/div><!--close column table wrapper. Autoclose: 1 -->\n","protected":false},"excerpt":{"rendered":"","protected":false},"author":1,"featured_media":0,"parent":3400,"menu_order":0,"comment_status":"closed","ping_status":"closed","template":"","meta":{"_bbp_topic_count":0,"_bbp_reply_count":0,"_bbp_total_topic_count":0,"_bbp_total_reply_count":0,"_bbp_voice_count":0,"_bbp_anonymous_reply_count":0,"_bbp_topic_count_hidden":0,"_bbp_reply_count_hidden":0,"_bbp_forum_subforum_count":0,"footnotes":""},"class_list":["post-3577","page","type-page","status-publish","hentry"],"_links":{"self":[{"href":"https:\/\/enfold.norbou.com\/cs\/wp-json\/wp\/v2\/pages\/3577","targetHints":{"allow":["GET"]}}],"collection":[{"href":"https:\/\/enfold.norbou.com\/cs\/wp-json\/wp\/v2\/pages"}],"about":[{"href":"https:\/\/enfold.norbou.com\/cs\/wp-json\/wp\/v2\/types\/page"}],"author":[{"embeddable":true,"href":"https:\/\/enfold.norbou.com\/cs\/wp-json\/wp\/v2\/users\/1"}],"replies":[{"embeddable":true,"href":"https:\/\/enfold.norbou.com\/cs\/wp-json\/wp\/v2\/comments?post=3577"}],"version-history":[{"count":9,"href":"https:\/\/enfold.norbou.com\/cs\/wp-json\/wp\/v2\/pages\/3577\/revisions"}],"predecessor-version":[{"id":4754,"href":"https:\/\/enfold.norbou.com\/cs\/wp-json\/wp\/v2\/pages\/3577\/revisions\/4754"}],"up":[{"embeddable":true,"href":"https:\/\/enfold.norbou.com\/cs\/wp-json\/wp\/v2\/pages\/3400"}],"wp:attachment":[{"href":"https:\/\/enfold.norbou.com\/cs\/wp-json\/wp\/v2\/media?parent=3577"}],"curies":[{"name":"wp","href":"https:\/\/api.w.org\/{rel}","templated":true}]}}