{"id":3581,"date":"2017-02-13T15:02:48","date_gmt":"2017-02-13T15:02:48","guid":{"rendered":"https:\/\/enfold.norbou.com\/prvky\/animovane-odpocitavani\/"},"modified":"2024-08-24T12:25:24","modified_gmt":"2024-08-24T12:25:24","slug":"animovane-odpocitavani","status":"publish","type":"page","link":"https:\/\/enfold.norbou.com\/cs\/prvky\/animovane-odpocitavani\/","title":{"rendered":"Animovan\u00e9 odpo\u010d\u00edt\u00e1v\u00e1n\u00ed"},"content":{"rendered":"\n<style type=\"text\/css\" data-created_by=\"avia_inline_auto\" id=\"style-css-av-ipmpqy-f583965d95b51bdb11f94ecd7eeb6f8e\">\n.avia-section.av-ipmpqy-f583965d95b51bdb11f94ecd7eeb6f8e{\nbackground-repeat:no-repeat;\nbackground-image:url(https:\/\/enfold.norbou.com\/wp-content\/uploads\/2017\/02\/business-office-work-blurred.jpg);\nbackground-position:0% 0%;\nbackground-attachment:scroll;\n}\n.avia-section.av-ipmpqy-f583965d95b51bdb11f94ecd7eeb6f8e .av-section-color-overlay{\nopacity:0.8;\nbackground-color:#000000;\n}\n<\/style>\n<div id='av_section_1'  class='avia-section av-ipmpqy-f583965d95b51bdb11f94ecd7eeb6f8e main_color avia-section-default avia-no-shadow  avia-builder-el-0  el_before_av_heading  avia-builder-el-first  avia-bg-style-scroll av-section-color-overlay-active container_wrap sidebar_right'  data-section-bg-repeat='no-repeat'><div class=\"av-section-color-overlay-wrap\"><div class=\"av-section-color-overlay\"><\/div><div class='container av-section-cont-open' ><main  role=\"main\" itemprop=\"mainContentOfPage\"  class='template-page content  av-content-small alpha units'><div class='post-entry post-entry-type-page post-entry-3581'><div class='entry-content-wrapper clearfix'>\n\n<style type=\"text\/css\" data-created_by=\"avia_inline_auto\" id=\"style-css-av-i1lnru-ce05eb6f4428c1ccf5ae27076ab69b91\">\n.flex_column.av-i1lnru-ce05eb6f4428c1ccf5ae27076ab69b91{\nborder-radius:0px 0px 0px 0px;\npadding:100px 100px 100px 100px;\n}\n<\/style>\n<div  class='flex_column av-i1lnru-ce05eb6f4428c1ccf5ae27076ab69b91 av_one_full  avia-builder-el-1  avia-builder-el-no-sibling  first flex_column_div  '     ><div  class='av-countdown-timer av-f2bzpm-1fed2d2af57d3df559f499807b4cfaf1 av-align-center av-trans-light-style av-classic-numbers  avia-builder-el-2  avia-builder-el-no-sibling '  data-year=' 2019' data-month='1' data-day=' 02 ' data-hour='12' data-minute='0' data-timezone='0' data-interval='1000' data-maximum='5' ><span class='av-countdown-timer-inner'><span class='av-countdown-cell av-countdown-weeks'><span class='av-countdown-cell-inner'><span class='av-countdown-time' data-upate-width='weeks'>0<\/span><span class='av-countdown-time-label' data-label='T\u00fdden' data-label-multi='T\u00fddny'>T\u00fddny<\/span><\/span><\/span><span class='av-countdown-cell av-countdown-days'><span class='av-countdown-cell-inner'><span class='av-countdown-time' data-upate-width='days'>0<\/span><span class='av-countdown-time-label' data-label='Den' data-label-multi='Dny'>Dny<\/span><\/span><\/span><span class='av-countdown-cell av-countdown-hours'><span class='av-countdown-cell-inner'><span class='av-countdown-time' data-upate-width='hours'>0<\/span><span class='av-countdown-time-label' data-label='Hodiny' data-label-multi='Hodiny'>Hodiny<\/span><\/span><\/span><span class='av-countdown-cell av-countdown-minutes'><span class='av-countdown-cell-inner'><span class='av-countdown-time' data-upate-width='minutes'>0<\/span><span class='av-countdown-time-label' data-label='Minuta' data-label-multi='Minuty'>Minuty<\/span><\/span><\/span><span class='av-countdown-cell av-countdown-seconds'><span class='av-countdown-cell-inner'><span class='av-countdown-time' data-upate-width='seconds'>0<\/span><span class='av-countdown-time-label' data-label='Druh\u00fd' data-label-multi='Sekundy'>Sekundy<\/span><\/span><\/span><\/span><\/div><\/div>\n<\/div><\/div><\/main><!-- close content main element --><\/div><\/div><\/div><div id='after_section_1'  class='main_color av_default_container_wrap container_wrap sidebar_right'  ><div class='container av-section-cont-open' ><div class='template-page content  av-content-small alpha units'><div class='post-entry post-entry-type-page post-entry-3581'><div class='entry-content-wrapper clearfix'>\n\n<style type=\"text\/css\" data-created_by=\"avia_inline_auto\" id=\"style-css-av-dklene-adbe110e4f160e5b044d3a1bb0d8df29\">\n#top .av-special-heading.av-dklene-adbe110e4f160e5b044d3a1bb0d8df29{\npadding-bottom:0;\ncolor:#000000;\nfont-size:40px;\n}\nbody .av-special-heading.av-dklene-adbe110e4f160e5b044d3a1bb0d8df29 .av-special-heading-tag .heading-char{\nfont-size:25px;\n}\n#top #wrap_all .av-special-heading.av-dklene-adbe110e4f160e5b044d3a1bb0d8df29 .av-special-heading-tag{\nfont-size:40px;\n}\n.av-special-heading.av-dklene-adbe110e4f160e5b044d3a1bb0d8df29 .special-heading-inner-border{\nborder-color:#000000;\n}\n.av-special-heading.av-dklene-adbe110e4f160e5b044d3a1bb0d8df29 .av-subheading{\nfont-size:15px;\n}\n\n@media only screen and (min-width: 480px) and (max-width: 767px){ \n#top #wrap_all .av-special-heading.av-dklene-adbe110e4f160e5b044d3a1bb0d8df29 .av-special-heading-tag{\nfont-size:0.8em;\n}\n}\n\n@media only screen and (max-width: 479px){ \n#top #wrap_all .av-special-heading.av-dklene-adbe110e4f160e5b044d3a1bb0d8df29 .av-special-heading-tag{\nfont-size:0.8em;\n}\n}\n<\/style>\n<div  class='av-special-heading av-dklene-adbe110e4f160e5b044d3a1bb0d8df29 av-special-heading-h1 custom-color-heading blockquote modern-quote  avia-builder-el-3  el_after_av_section  el_before_av_textblock  avia-builder-el-first  av-inherit-size'><h1 class='av-special-heading-tag '  itemprop=\"headline\"  >Animovan\u00fd odpo\u010det<\/h1><div class=\"special-heading-border\"><div class=\"special-heading-inner-border\"><\/div><\/div><\/div>\n<section  class='av_textblock_section av-cup1u2-588cb3881351b8b066e767893e5f175c '   itemscope=\"itemscope\" itemtype=\"https:\/\/schema.org\/CreativeWork\" ><div class='avia_textblock'  itemprop=\"text\" ><p>Animovan\u00fd odpo\u010det v\u00e1m umo\u017e\u0148uje nastavit datum v budoucnosti a zobrazit blok \u010d\u00edsel, kter\u00fd odpo\u010d\u00edt\u00e1v\u00e1 ka\u017edou sekundu, minutu nebo hodinu.<\/p>\n<\/div><\/section>\n<div  class='av-countdown-timer av-at9vii-48ac15cab74c908fb2ab67392f699326 av-align-center av-default-style av-classic-numbers  avia-builder-el-5  el_after_av_textblock  el_before_av_textblock '  data-year=' 2019' data-month='1' data-day=' 02 ' data-hour='12' data-minute='0' data-timezone='0' data-interval='1000' data-maximum='5' ><span class='av-countdown-timer-inner'><span class='av-countdown-cell av-countdown-weeks'><span class='av-countdown-cell-inner'><span class='av-countdown-time' data-upate-width='weeks'>0<\/span><span class='av-countdown-time-label' data-label='T\u00fdden' data-label-multi='T\u00fddny'>T\u00fddny<\/span><\/span><\/span><span class='av-countdown-cell av-countdown-days'><span class='av-countdown-cell-inner'><span class='av-countdown-time' data-upate-width='days'>0<\/span><span class='av-countdown-time-label' data-label='Den' data-label-multi='Dny'>Dny<\/span><\/span><\/span><span class='av-countdown-cell av-countdown-hours'><span class='av-countdown-cell-inner'><span class='av-countdown-time' data-upate-width='hours'>0<\/span><span class='av-countdown-time-label' data-label='Hodiny' data-label-multi='Hodiny'>Hodiny<\/span><\/span><\/span><span class='av-countdown-cell av-countdown-minutes'><span class='av-countdown-cell-inner'><span class='av-countdown-time' data-upate-width='minutes'>0<\/span><span class='av-countdown-time-label' data-label='Minuta' data-label-multi='Minuty'>Minuty<\/span><\/span><\/span><span class='av-countdown-cell av-countdown-seconds'><span class='av-countdown-cell-inner'><span class='av-countdown-time' data-upate-width='seconds'>0<\/span><span class='av-countdown-time-label' data-label='Druh\u00fd' data-label-multi='Sekundy'>Sekundy<\/span><\/span><\/span><\/span><\/div>\n<section  class='av_textblock_section av-9mngbe-e7932823c692cfe110e8ece3c59fa06e '   itemscope=\"itemscope\" itemtype=\"https:\/\/schema.org\/CreativeWork\" ><div class='avia_textblock'  itemprop=\"text\" ><p>Element m\u00e1 n\u011bkolik p\u0159eddefinovan\u00fdch styl\u016f, ze kter\u00fdch si m\u016f\u017eete vybrat, nap\u0159\u00edklad v\u00fdchoz\u00ed styl nebo pr\u016fhledn\u00e9 sv\u011btl\u00e9 \u010di tmav\u00e9 styly, kter\u00e9 dob\u0159e funguj\u00ed, kdy\u017e jsou pou\u017eity nad obr\u00e1zky nebo barevn\u00fdm obsahem.<\/p>\n<\/div><\/section>\n<div  class='av-countdown-timer av-7ayjt6-e35c8b4ad682c363331ce33f354e75c6 av-align-center av-trans-dark-style av-classic-numbers  avia-builder-el-7  el_after_av_textblock  el_before_av_textblock '  data-year=' 2019' data-month='1' data-day=' 02 ' data-hour='12' data-minute='0' data-timezone='0' data-interval='1000' data-maximum='4' ><span class='av-countdown-timer-inner'><span class='av-countdown-cell av-countdown-days'><span class='av-countdown-cell-inner'><span class='av-countdown-time' data-upate-width='days'>0<\/span><span class='av-countdown-time-label' data-label='Den' data-label-multi='Dny'>Dny<\/span><\/span><\/span><span class='av-countdown-cell av-countdown-hours'><span class='av-countdown-cell-inner'><span class='av-countdown-time' data-upate-width='hours'>0<\/span><span class='av-countdown-time-label' data-label='Hodiny' data-label-multi='Hodiny'>Hodiny<\/span><\/span><\/span><span class='av-countdown-cell av-countdown-minutes'><span class='av-countdown-cell-inner'><span class='av-countdown-time' data-upate-width='minutes'>0<\/span><span class='av-countdown-time-label' data-label='Minuta' data-label-multi='Minuty'>Minuty<\/span><\/span><\/span><span class='av-countdown-cell av-countdown-seconds'><span class='av-countdown-cell-inner'><span class='av-countdown-time' data-upate-width='seconds'>0<\/span><span class='av-countdown-time-label' data-label='Druh\u00fd' data-label-multi='Sekundy'>Sekundy<\/span><\/span><\/span><\/span><\/div>\n<section  class='av_textblock_section av-6ciu6i-71b471e54743fcafe22e2558947f9493 '   itemscope=\"itemscope\" itemtype=\"https:\/\/schema.org\/CreativeWork\" ><div class='avia_textblock'  itemprop=\"text\" ><p>N\u00ed\u017ee m\u016f\u017eete vid\u011bt prvek odpo\u010d\u00edt\u00e1v\u00e1n\u00ed uvnit\u0159 sloupce obsahu se sv\u011btle modr\u00fdm pozad\u00edm. Odpo\u010d\u00edt\u00e1v\u00e1n\u00ed je nastaveno tak, aby se zobrazovalo jako b\u00edl\u00e9 a pr\u016fhledn\u00e9.<\/p>\n<\/div><\/section>\n\n<style type=\"text\/css\" data-created_by=\"avia_inline_auto\" id=\"style-css-av-3lz64q-21ca0dcc037ec02d0c68d711354fbe01\">\n#top .flex_column.av-3lz64q-21ca0dcc037ec02d0c68d711354fbe01{\nmargin-top:0px;\nmargin-bottom:0px;\n}\n.flex_column.av-3lz64q-21ca0dcc037ec02d0c68d711354fbe01{\nborder-radius:0px 0px 0px 0px;\npadding:100px 100px 100px 100px;\nbackground-color:#9cc2df;\n}\n.responsive #top #wrap_all .flex_column.av-3lz64q-21ca0dcc037ec02d0c68d711354fbe01{\nmargin-top:0px;\nmargin-bottom:0px;\n}\n<\/style>\n<div  class='flex_column av-3lz64q-21ca0dcc037ec02d0c68d711354fbe01 av_one_full  avia-builder-el-9  el_after_av_textblock  avia-builder-el-last  first flex_column_div avia-full-stretch  column-top-margin'     ><div  class='av-countdown-timer av-25q62y-799759ba3e6933523bc6e56d86fb39da av-align-center av-trans-light-style av-classic-numbers  avia-builder-el-10  avia-builder-el-no-sibling '  data-year=' 2019' data-month='1' data-day=' 02 ' data-hour='12' data-minute='0' data-timezone='0' data-interval='60000' data-maximum='4' ><span class='av-countdown-timer-inner'><span class='av-countdown-cell av-countdown-days'><span class='av-countdown-cell-inner'><span class='av-countdown-time' data-upate-width='days'>0<\/span><span class='av-countdown-time-label' data-label='Den' data-label-multi='Dny'>Dny<\/span><\/span><\/span><span class='av-countdown-cell av-countdown-hours'><span class='av-countdown-cell-inner'><span class='av-countdown-time' data-upate-width='hours'>0<\/span><span class='av-countdown-time-label' data-label='Hodiny' data-label-multi='Hodiny'>Hodiny<\/span><\/span><\/span><span class='av-countdown-cell av-countdown-minutes'><span class='av-countdown-cell-inner'><span class='av-countdown-time' data-upate-width='minutes'>0<\/span><span class='av-countdown-time-label' data-label='Minuta' data-label-multi='Minuty'>Minuty<\/span><\/span><\/span><\/span><\/div><\/div>\n","protected":false},"excerpt":{"rendered":"","protected":false},"author":1,"featured_media":0,"parent":3400,"menu_order":0,"comment_status":"closed","ping_status":"closed","template":"","meta":{"_bbp_topic_count":0,"_bbp_reply_count":0,"_bbp_total_topic_count":0,"_bbp_total_reply_count":0,"_bbp_voice_count":0,"_bbp_anonymous_reply_count":0,"_bbp_topic_count_hidden":0,"_bbp_reply_count_hidden":0,"_bbp_forum_subforum_count":0,"footnotes":""},"class_list":["post-3581","page","type-page","status-publish","hentry"],"_links":{"self":[{"href":"https:\/\/enfold.norbou.com\/cs\/wp-json\/wp\/v2\/pages\/3581","targetHints":{"allow":["GET"]}}],"collection":[{"href":"https:\/\/enfold.norbou.com\/cs\/wp-json\/wp\/v2\/pages"}],"about":[{"href":"https:\/\/enfold.norbou.com\/cs\/wp-json\/wp\/v2\/types\/page"}],"author":[{"embeddable":true,"href":"https:\/\/enfold.norbou.com\/cs\/wp-json\/wp\/v2\/users\/1"}],"replies":[{"embeddable":true,"href":"https:\/\/enfold.norbou.com\/cs\/wp-json\/wp\/v2\/comments?post=3581"}],"version-history":[{"count":9,"href":"https:\/\/enfold.norbou.com\/cs\/wp-json\/wp\/v2\/pages\/3581\/revisions"}],"predecessor-version":[{"id":4758,"href":"https:\/\/enfold.norbou.com\/cs\/wp-json\/wp\/v2\/pages\/3581\/revisions\/4758"}],"up":[{"embeddable":true,"href":"https:\/\/enfold.norbou.com\/cs\/wp-json\/wp\/v2\/pages\/3400"}],"wp:attachment":[{"href":"https:\/\/enfold.norbou.com\/cs\/wp-json\/wp\/v2\/media?parent=3581"}],"curies":[{"name":"wp","href":"https:\/\/api.w.org\/{rel}","templated":true}]}}