{"id":3585,"date":"2017-02-13T15:02:34","date_gmt":"2017-02-13T15:02:34","guid":{"rendered":"https:\/\/enfold.norbou.com\/prvky\/animovana-cisla\/"},"modified":"2024-08-24T12:25:24","modified_gmt":"2024-08-24T12:25:24","slug":"animovana-cisla","status":"publish","type":"page","link":"https:\/\/enfold.norbou.com\/cs\/prvky\/animovana-cisla\/","title":{"rendered":"Animovan\u00e1 \u010d\u00edsla"},"content":{"rendered":"<div id='av-layout-grid-1'  class='av-layout-grid-container av-1j314rr-89b3d30601f36e0c37623520e6ff929c entry-content-wrapper main_color av-flex-cells  avia-builder-el-0  el_before_av_heading  avia-builder-el-first   container_wrap sidebar_right'  >\n\n<style type=\"text\/css\" data-created_by=\"avia_inline_auto\" id=\"style-css-av-1hf0mzr-25a02dbbccb88ed6b32a5bafb8f0d996\">\n.flex_cell.av-1hf0mzr-25a02dbbccb88ed6b32a5bafb8f0d996{\nvertical-align:middle;\n}\n.responsive #top #wrap_all .flex_cell.av-1hf0mzr-25a02dbbccb88ed6b32a5bafb8f0d996{\npadding:50px 50px 50px 50px !important;\n}\n<\/style>\n<div class='flex_cell av-1hf0mzr-25a02dbbccb88ed6b32a5bafb8f0d996 av-gridrow-cell av_one_third no_margin  avia-builder-el-1  el_before_av_cell_one_third  avia-builder-el-first  content-align-middle'  ><div class='flex_cell_inner'><p>\n<style type=\"text\/css\" data-created_by=\"avia_inline_auto\" id=\"style-css-av-1g3rgpj-50476003941a071ed2cf31a576f46078\">\n.av_font_icon.av-1g3rgpj-50476003941a071ed2cf31a576f46078 .av-icon-char{\nfont-size:60px;\nline-height:60px;\n}\n<\/style>\n<span  class='av_font_icon av-1g3rgpj-50476003941a071ed2cf31a576f46078 avia_animate_when_visible av-icon-style- avia-icon-pos-center avia-iconfont avia-font-entypo-fontello av-no-color avia-icon-animate'><span class='av-icon-char' data-av_icon='\ue86c' data-av_iconfont='entypo-fontello' aria-hidden=\"true\" ><\/span><\/span><br \/>\n\n<style type=\"text\/css\" data-created_by=\"avia_inline_auto\" id=\"style-css-av-i1193-ce764c1cb5b2ccfd933e898734f48ff1\">\n#top .hr.hr-invisible.av-i1193-ce764c1cb5b2ccfd933e898734f48ff1{\nheight:10px;\n}\n<\/style>\n<div  class='hr av-i1193-ce764c1cb5b2ccfd933e898734f48ff1 hr-invisible  avia-builder-el-3  el_after_av_font_icon  el_before_av_animated_numbers '><span class='hr-inner '><span class=\"hr-inner-style\"><\/span><\/span><\/div><br \/>\n<div  class=\"avia-animated-number av-4w6mdz-e1ed1f76b516d29e6a3f90f4a6785d53 av-force-default-color avia_animate_when_visible  avia-builder-el-4  el_after_av_hr  avia-builder-el-last  \" data-timer=\"3000\"><strong class=\"heading avia-animated-number-title\"><span class=\"avia-single-number __av-single-number\" data-number_format=\"\" data-number=\"25\" data-start_from=\"0\">25<\/span><span class=\"avia-no-number\">+ Demos<\/span><\/strong><div class=\"avia-animated-number-content\"><p>A nov\u00e9 s ka\u017edou aktualizac\u00ed<\/p>\n<\/div><\/div><\/p>\n<\/div><\/div>\n<style type=\"text\/css\" data-created_by=\"avia_inline_auto\" id=\"style-css-av-1bftxtj-efb00fb41f52ebdee436d5887ab0b85b\">\n.flex_cell.av-1bftxtj-efb00fb41f52ebdee436d5887ab0b85b{\nvertical-align:middle;\nbackground-color:#fbfbfb;\n}\n.responsive #top #wrap_all .flex_cell.av-1bftxtj-efb00fb41f52ebdee436d5887ab0b85b{\npadding:50px 50px 50px 50px !important;\n}\n<\/style>\n<div class='flex_cell av-1bftxtj-efb00fb41f52ebdee436d5887ab0b85b av-gridrow-cell av_one_third no_margin  avia-builder-el-5  el_after_av_cell_one_third  el_before_av_cell_one_third  content-align-middle'  ><div class='flex_cell_inner'><p>\n<style type=\"text\/css\" data-created_by=\"avia_inline_auto\" id=\"style-css-av-19yv04n-1d5aa3fcb399d51c3e507784f40a473c\">\n.av_font_icon.av-19yv04n-1d5aa3fcb399d51c3e507784f40a473c .av-icon-char{\nfont-size:60px;\nline-height:60px;\n}\n<\/style>\n<span  class='av_font_icon av-19yv04n-1d5aa3fcb399d51c3e507784f40a473c avia_animate_when_visible av-icon-style- avia-icon-pos-center avia-iconfont avia-font-entypo-fontello av-no-color avia-icon-animate'><span class='av-icon-char' data-av_icon='\ue80b' data-av_iconfont='entypo-fontello' aria-hidden=\"true\" ><\/span><\/span><br \/>\n\n<style type=\"text\/css\" data-created_by=\"avia_inline_auto\" id=\"style-css-av-1800f53-ddfb9fedde13b2c8328f9ebf1a5d6545\">\n#top .hr.hr-invisible.av-1800f53-ddfb9fedde13b2c8328f9ebf1a5d6545{\nheight:10px;\n}\n<\/style>\n<div  class='hr av-1800f53-ddfb9fedde13b2c8328f9ebf1a5d6545 hr-invisible  avia-builder-el-7  el_after_av_font_icon  el_before_av_animated_numbers '><span class='hr-inner '><span class=\"hr-inner-style\"><\/span><\/span><\/div><br \/>\n<div  class=\"avia-animated-number av-16og3mf-cae2e1fe3e0b9e0d6c04d54c99f49062 av-force-default-color avia_animate_when_visible  avia-builder-el-8  el_after_av_hr  avia-builder-el-last  \" data-timer=\"3000\"><strong class=\"heading avia-animated-number-title\"><span class=\"avia-single-number __av-single-number\" data-number_format=\"\" data-number=\"110\" data-start_from=\"0\">110<\/span><span class=\"avia-no-number\">.<\/span><span class=\"avia-single-number __av-single-number\" data-number_format=\"\" data-number=\"000\" data-start_from=\"0\">000<\/span><span class=\"avia-no-number\"> U\u017eivatel\u016f<\/span><\/strong><div class=\"avia-animated-number-content\"><p>kdo d\u016fv\u011b\u0159uje Enfold se sv\u00fdm webem<\/p>\n<\/div><\/div><\/p>\n<\/div><\/div>\n<style type=\"text\/css\" data-created_by=\"avia_inline_auto\" id=\"style-css-av-152o72v-d7ee9b36833e31645ce269159751203c\">\n.flex_cell.av-152o72v-d7ee9b36833e31645ce269159751203c{\nvertical-align:middle;\nbackground-color:#f8f8f8;\n}\n.responsive #top #wrap_all .flex_cell.av-152o72v-d7ee9b36833e31645ce269159751203c{\npadding:50px 50px 50px 50px !important;\n}\n<\/style>\n<div class='flex_cell av-152o72v-d7ee9b36833e31645ce269159751203c av-gridrow-cell av_one_third no_margin  avia-builder-el-9  el_after_av_cell_one_third  avia-builder-el-last  content-align-middle'  ><div class='flex_cell_inner'><p>\n<style type=\"text\/css\" data-created_by=\"avia_inline_auto\" id=\"style-css-av-12s9l8n-275dc5460db01847c4a80b4e5adfae90\">\n.av_font_icon.av-12s9l8n-275dc5460db01847c4a80b4e5adfae90 .av-icon-char{\nfont-size:60px;\nline-height:60px;\n}\n<\/style>\n<span  class='av_font_icon av-12s9l8n-275dc5460db01847c4a80b4e5adfae90 avia_animate_when_visible av-icon-style- avia-icon-pos-center avia-iconfont avia-font-entypo-fontello av-no-color avia-icon-animate'><span class='av-icon-char' data-av_icon='\ue8b9' data-av_iconfont='entypo-fontello' aria-hidden=\"true\" ><\/span><\/span><br \/>\n\n<style type=\"text\/css\" data-created_by=\"avia_inline_auto\" id=\"style-css-av-11u4t4n-6a7fd294b9ff371dce5eaac61c7e3ef9\">\n#top .hr.hr-invisible.av-11u4t4n-6a7fd294b9ff371dce5eaac61c7e3ef9{\nheight:10px;\n}\n<\/style>\n<div  class='hr av-11u4t4n-6a7fd294b9ff371dce5eaac61c7e3ef9 hr-invisible  avia-builder-el-11  el_after_av_font_icon  el_before_av_animated_numbers '><span class='hr-inner '><span class=\"hr-inner-style\"><\/span><\/span><\/div><br \/>\n<div  class=\"avia-animated-number av-yy58lz-faa0cbc432b8a86127dea68839a86d80 av-force-default-color avia_animate_when_visible  avia-builder-el-12  el_after_av_hr  avia-builder-el-last  \" data-timer=\"3000\"><strong class=\"heading avia-animated-number-title\"><span class=\"avia-no-number\">Podpora <\/span><span class=\"avia-single-number __av-single-number\" data-number_format=\"\" data-number=\"24\" data-start_from=\"0\">24<\/span><span class=\"avia-no-number\">\/<\/span><span class=\"avia-single-number __av-single-number\" data-number_format=\"\" data-number=\"7\" data-start_from=\"0\">7<\/span><\/strong><div class=\"avia-animated-number-content\"><p>M\u00e1te n\u011bjak\u00e9 probl\u00e9my? Kontaktujte n\u00e1s!<\/p>\n<\/div><\/div><\/p>\n<\/div><\/div>\n<\/div><div id='after_grid_row_1'  class='main_color av_default_container_wrap container_wrap sidebar_right'  ><div class='container av-section-cont-open' ><div class='template-page content  av-content-small alpha units'><div class='post-entry post-entry-type-page post-entry-3585'><div class='entry-content-wrapper clearfix'>\n\n<style type=\"text\/css\" data-created_by=\"avia_inline_auto\" id=\"style-css-av-x8pazb-f7858aef8cc12073e15330200f3a69b2\">\n#top .av-special-heading.av-x8pazb-f7858aef8cc12073e15330200f3a69b2{\npadding-bottom:0;\ncolor:#000000;\nfont-size:40px;\n}\nbody .av-special-heading.av-x8pazb-f7858aef8cc12073e15330200f3a69b2 .av-special-heading-tag .heading-char{\nfont-size:25px;\n}\n#top #wrap_all .av-special-heading.av-x8pazb-f7858aef8cc12073e15330200f3a69b2 .av-special-heading-tag{\nfont-size:40px;\n}\n.av-special-heading.av-x8pazb-f7858aef8cc12073e15330200f3a69b2 .special-heading-inner-border{\nborder-color:#000000;\n}\n.av-special-heading.av-x8pazb-f7858aef8cc12073e15330200f3a69b2 .av-subheading{\nfont-size:15px;\n}\n\n@media only screen and (min-width: 480px) and (max-width: 767px){ \n#top #wrap_all .av-special-heading.av-x8pazb-f7858aef8cc12073e15330200f3a69b2 .av-special-heading-tag{\nfont-size:0.8em;\n}\n}\n\n@media only screen and (max-width: 479px){ \n#top #wrap_all .av-special-heading.av-x8pazb-f7858aef8cc12073e15330200f3a69b2 .av-special-heading-tag{\nfont-size:0.8em;\n}\n}\n<\/style>\n<div  class='av-special-heading av-x8pazb-f7858aef8cc12073e15330200f3a69b2 av-special-heading-h1 custom-color-heading blockquote modern-quote  avia-builder-el-13  el_after_av_layout_row  el_before_av_textblock  avia-builder-el-first  av-inherit-size'><h1 class='av-special-heading-tag '  itemprop=\"headline\"  >Animovan\u00e1 \u010d\u00edsla<\/h1><div class=\"special-heading-border\"><div class=\"special-heading-inner-border\"><\/div><\/div><\/div>\n<section  class='av_textblock_section av-w358yf-2278969bdfe8311f356d50e9741efaeb '   itemscope=\"itemscope\" itemtype=\"https:\/\/schema.org\/CreativeWork\" ><div class='avia_textblock'  itemprop=\"text\" ><p>Pou\u017eijte tento prvek k zobrazen\u00ed zaj\u00edmav\u00fdch \u010d\u00edsel nebo kr\u00e1tk\u00fdch statistik o va\u0161\u00ed spole\u010dnosti nebo projektu p\u011bkn\u00fdm a zaj\u00edmav\u00fdm zp\u016fsobem.<\/p>\n<\/div><\/section>\n\n<style type=\"text\/css\" data-created_by=\"avia_inline_auto\" id=\"style-css-av-utbiiv-971fbfbd42775cac7ae43a3d64cda9a1\">\n.flex_column.av-utbiiv-971fbfbd42775cac7ae43a3d64cda9a1{\nborder-radius:0px 0px 0px 0px;\npadding:30px 30px 30px 30px;\nbackground-color:#f8f8f8;\n}\n<\/style>\n<div  class='flex_column av-utbiiv-971fbfbd42775cac7ae43a3d64cda9a1 av_one_half  avia-builder-el-15  el_after_av_textblock  el_before_av_one_half  first flex_column_div  column-top-margin'     ><div  class=\"avia-animated-number av-t1xx6f-ba07112aefb8a68b0f8d80a1a80f8178 av-force-default-color avia_animate_when_visible  avia-builder-el-16  avia-builder-el-no-sibling  \" data-timer=\"3000\"><strong class=\"heading avia-animated-number-title\"><span class=\"avia-single-number __av-single-number\" data-number_format=\"\" data-number=\"12\" data-start_from=\"0\">12<\/span><span class=\"avia-no-number\">.<\/span><span class=\"avia-single-number __av-single-number\" data-number_format=\"\" data-number=\"000\" data-start_from=\"0\">000<\/span><span class=\"avia-no-number\"> Hodin<\/span><\/strong><div class=\"avia-animated-number-content\"><p>program\u00e1torsk\u00e9ho \u00fasil\u00ed<\/p>\n<\/div><\/div><\/div>\n\n<style type=\"text\/css\" data-created_by=\"avia_inline_auto\" id=\"style-css-av-r281nb-a5b8ef88fbc1d75c615ae07aff083b0f\">\n.flex_column.av-r281nb-a5b8ef88fbc1d75c615ae07aff083b0f{\nborder-radius:0px 0px 0px 0px;\npadding:30px 30px 30px 30px;\nbackground-color:#f8f8f8;\n}\n<\/style>\n<div  class='flex_column av-r281nb-a5b8ef88fbc1d75c615ae07aff083b0f av_one_half  avia-builder-el-17  el_after_av_one_half  el_before_av_one_half  flex_column_div  column-top-margin'     ><div  class=\"avia-animated-number av-q6yko7-60a6c59bf74c04ce7853ee7d3cfff073 av-force-default-color avia_animate_when_visible  avia-builder-el-18  avia-builder-el-no-sibling  \" data-timer=\"3000\"><strong class=\"heading avia-animated-number-title\"><span class=\"avia-single-number __av-single-number\" data-number_format=\"\" data-number=\"4\" data-start_from=\"0\">4<\/span><span class=\"avia-no-number\"> roky<\/span><\/strong><div class=\"avia-animated-number-content\"><p>Na\u0161\u00edm c\u00edlem je alespo\u0148 desetilet\u00ed!<\/p>\n<\/div><\/div><\/div>\n\n<style type=\"text\/css\" data-created_by=\"avia_inline_auto\" id=\"style-css-av-ohhs6f-2955bb6cb22d5d94cff84f7adb4791e6\">\n.flex_column.av-ohhs6f-2955bb6cb22d5d94cff84f7adb4791e6{\nborder-radius:0px 0px 0px 0px;\npadding:30px 30px 30px 30px;\nbackground-color:#f8f8f8;\n}\n<\/style>\n<div  class='flex_column av-ohhs6f-2955bb6cb22d5d94cff84f7adb4791e6 av_one_half  avia-builder-el-19  el_after_av_one_half  el_before_av_one_half  first flex_column_div  column-top-margin'     ><div  class=\"avia-animated-number av-m5ky6f-4b1345666faab12f874796a28ef1fbb1 av-force-default-color avia_animate_when_visible  avia-builder-el-20  avia-builder-el-no-sibling  \" data-timer=\"3000\"><strong class=\"heading avia-animated-number-title\"><span class=\"avia-single-number __av-single-number\" data-number_format=\"\" data-number=\"500\" data-start_from=\"0\">500<\/span><span class=\"avia-no-number\">+ Mo\u017enost\u00ed<\/span><\/strong><div class=\"avia-animated-number-content\"><p>Chcete-li zm\u011bnit vzhled va\u0161eho webu<\/p>\n<\/div><\/div><\/div>\n\n<style type=\"text\/css\" data-created_by=\"avia_inline_auto\" id=\"style-css-av-244313-3c89c4b1621c06ff437631651fc5048f\">\n.flex_column.av-244313-3c89c4b1621c06ff437631651fc5048f{\nborder-radius:0px 0px 0px 0px;\npadding:30px 30px 30px 30px;\nbackground-color:#f8f8f8;\n}\n<\/style>\n<div  class='flex_column av-244313-3c89c4b1621c06ff437631651fc5048f av_one_half  avia-builder-el-21  el_after_av_one_half  el_before_av_one_half  flex_column_div  column-top-margin'     ><div  class=\"avia-animated-number av-j8qxzb-f3782e873ee902bf8b33bf1280f1bc1f av-force-default-color avia_animate_when_visible  avia-builder-el-22  avia-builder-el-no-sibling  \" data-timer=\"3000\"><strong class=\"heading avia-animated-number-title\"><span class=\"avia-single-number __av-single-number\" data-number_format=\"\" data-number=\"475\" data-start_from=\"0\">475<\/span><span class=\"avia-no-number\"> litr\u016f<\/span><\/strong><div class=\"avia-animated-number-content\"><p>..k\u00e1vy. Abychom p\u0159e\u017eili v\u0161echny no\u010dn\u00ed sm\u011bny.<\/p>\n<\/div><\/div><\/div>\n\n<style type=\"text\/css\" data-created_by=\"avia_inline_auto\" id=\"style-css-av-hjb0cn-e222480661b22fe3da3f2c609e2c0ec0\">\n.flex_column.av-hjb0cn-e222480661b22fe3da3f2c609e2c0ec0{\nborder-radius:0px 0px 0px 0px;\npadding:30px 30px 30px 30px;\nbackground-color:#f8f8f8;\n}\n<\/style>\n<div  class='flex_column av-hjb0cn-e222480661b22fe3da3f2c609e2c0ec0 av_one_half  avia-builder-el-23  el_after_av_one_half  el_before_av_one_half  first flex_column_div  column-top-margin'     ><div  class=\"avia-animated-number av-gfl6l3-2150e33e04a0288d819bb1a9b1e0a44d av-force-default-color avia_animate_when_visible  avia-builder-el-24  avia-builder-el-no-sibling  \" data-timer=\"3000\"><strong class=\"heading avia-animated-number-title\"><span class=\"avia-single-number __av-single-number\" data-number_format=\"\" data-number=\"300\" data-start_from=\"0\">300<\/span><span class=\"avia-no-number\">\u20ac<\/span><\/strong><div class=\"avia-animated-number-content\"><p>Bonus za n\u00e1kup<\/p>\n<\/div><\/div><\/div>\n\n<style type=\"text\/css\" data-created_by=\"avia_inline_auto\" id=\"style-css-av-e0j6if-6a9802897d4e05772088b28e5a9fc692\">\n.flex_column.av-e0j6if-6a9802897d4e05772088b28e5a9fc692{\nborder-radius:0px 0px 0px 0px;\npadding:30px 30px 30px 30px;\nbackground-color:#9cc2df;\n}\n<\/style>\n<div  class='flex_column av-e0j6if-6a9802897d4e05772088b28e5a9fc692 av_one_half  avia-builder-el-25  el_after_av_one_half  el_before_av_hr  flex_column_div  column-top-margin'     ><style type=\"text\/css\" data-created_by=\"avia_inline_auto\" id=\"style-css-av-c54p47-a35373494360bcf1bbc3bc3e9b0a8837\">\n#top .avia-animated-number.av-c54p47-a35373494360bcf1bbc3bc3e9b0a8837 .avia-animated-number-content{\nfont-size:17px;\n}\n<\/style>\n<div  class=\"avia-animated-number av-c54p47-a35373494360bcf1bbc3bc3e9b0a8837 av-force-default-color avia_animate_when_visible  avia-builder-el-26  avia-builder-el-no-sibling  avia-color-font-light \" data-timer=\"3000\"><strong class=\"heading avia-animated-number-title\"><span class=\"avia-single-number __av-single-number\" data-number_format=\"\" data-number=\"110\" data-start_from=\"0\">110<\/span><span class=\"avia-no-number\">.<\/span><span class=\"avia-single-number __av-single-number\" data-number_format=\"\" data-number=\"000\" data-start_from=\"0\">000<\/span><span class=\"avia-no-number\"> Z\u00e1kazn\u00edk\u016f<\/span><\/strong><div class=\"avia-animated-number-content\"><p>Nem\u016f\u017eete se spl\u00e9st! Vyzkou\u0161ejte Enfold je\u0161t\u011b dnes!<\/p>\n<\/div><\/div><\/div>\n\n<style type=\"text\/css\" data-created_by=\"avia_inline_auto\" id=\"style-css-av-a3zt5z-3bd1461515cbbdd00acb9d2c0f9a5734\">\n#top .hr.hr-invisible.av-a3zt5z-3bd1461515cbbdd00acb9d2c0f9a5734{\nheight:50px;\n}\n<\/style>\n<div  class='hr av-a3zt5z-3bd1461515cbbdd00acb9d2c0f9a5734 hr-invisible  avia-builder-el-27  el_after_av_one_half  el_before_av_textblock '><span class='hr-inner '><span class=\"hr-inner-style\"><\/span><\/span><\/div>\n<section  class='av_textblock_section av-yd63b-c2edb1de00b90bbcf0c3a6c7658bad19 '   itemscope=\"itemscope\" itemtype=\"https:\/\/schema.org\/CreativeWork\" ><div class='avia_textblock'  itemprop=\"text\" ><p>Jak je vid\u011bt na horn\u00ed \u010d\u00e1sti str\u00e1nky, m\u016f\u017eete bu\u010f p\u0159idat dal\u0161\u00ed ikonov\u00e9 prvky k va\u0161im \u010d\u00edsl\u016fm, nebo zvolit zobrazen\u00ed ikony p\u0159\u00edmo p\u0159ed nebo za \u010d\u00edslem pomoc\u00ed vlastn\u00edch mo\u017enost\u00ed ikony.<\/p>\n<\/div><\/section>\n\n<style type=\"text\/css\" data-created_by=\"avia_inline_auto\" id=\"style-css-av-77nt47-246ea858740205c2df3297ab5229c550\">\n.flex_column.av-77nt47-246ea858740205c2df3297ab5229c550{\nborder-radius:0px 0px 0px 0px;\npadding:30px 30px 30px 30px;\nbackground-color:#f8f8f8;\n}\n<\/style>\n<div  class='flex_column av-77nt47-246ea858740205c2df3297ab5229c550 av_one_half  avia-builder-el-29  el_after_av_textblock  el_before_av_one_half  first flex_column_div  column-top-margin'     ><div  class=\"avia-animated-number av-64ehhj-80e9cd32615674ecec576448735cd93f av-force-default-color avia_animate_when_visible  avia-builder-el-30  avia-builder-el-no-sibling  \" data-timer=\"3000\"><strong class=\"heading avia-animated-number-title\"><span class='avia-animated-number-icon av-icon-before-number av-icon-char avia-iconfont avia-font-entypo-fontello' data-av_icon='\ue826' data-av_iconfont='entypo-fontello' ><\/span><span class=\"avia-single-number __av-single-number\" data-number_format=\"\" data-number=\"3983\" data-start_from=\"0\">3983<\/span><span class=\"avia-no-number\"> N\u00e1v\u0161t\u011bv<\/span><\/strong><div class=\"avia-animated-number-content\"><p>Na\u0161eho webu. Ka\u017edou sekundu!<\/p>\n<\/div><\/div><\/div>\n\n<style type=\"text\/css\" data-created_by=\"avia_inline_auto\" id=\"style-css-av-4phhtz-ed20500b57fad82b981b3ae731756103\">\n.flex_column.av-4phhtz-ed20500b57fad82b981b3ae731756103{\nborder-radius:0px 0px 0px 0px;\npadding:30px 30px 30px 30px;\nbackground-color:#f8f8f8;\n}\n<\/style>\n<div  class='flex_column av-4phhtz-ed20500b57fad82b981b3ae731756103 av_one_half  avia-builder-el-31  el_after_av_one_half  avia-builder-el-last  flex_column_div  column-top-margin'     ><div  class=\"avia-animated-number av-36xz3r-eda6f5ba79943fffc20fd0f1d54eb2ec av-force-default-color avia_animate_when_visible  avia-builder-el-32  avia-builder-el-no-sibling  \" data-timer=\"3000\"><strong class=\"heading avia-animated-number-title\"><span class=\"avia-single-number __av-single-number\" data-number_format=\"\" data-number=\"12\" data-start_from=\"0\">12<\/span><span class=\"avia-no-number\"> Ocen\u011bn\u00ed<\/span><span class='avia-animated-number-icon av-icon-after-number av-icon-char avia-iconfont avia-font-entypo-fontello' data-av_icon='\ue8a8' data-av_iconfont='entypo-fontello' ><\/span><\/strong><div class=\"avia-animated-number-content\"><p>Pro na\u0161e webov\u00e9 str\u00e1nky. D\u011bkujeme!<\/p>\n<\/div><\/div><\/div>\n","protected":false},"excerpt":{"rendered":"","protected":false},"author":1,"featured_media":0,"parent":3400,"menu_order":0,"comment_status":"closed","ping_status":"closed","template":"","meta":{"_bbp_topic_count":0,"_bbp_reply_count":0,"_bbp_total_topic_count":0,"_bbp_total_reply_count":0,"_bbp_voice_count":0,"_bbp_anonymous_reply_count":0,"_bbp_topic_count_hidden":0,"_bbp_reply_count_hidden":0,"_bbp_forum_subforum_count":0,"footnotes":""},"class_list":["post-3585","page","type-page","status-publish","hentry"],"_links":{"self":[{"href":"https:\/\/enfold.norbou.com\/cs\/wp-json\/wp\/v2\/pages\/3585","targetHints":{"allow":["GET"]}}],"collection":[{"href":"https:\/\/enfold.norbou.com\/cs\/wp-json\/wp\/v2\/pages"}],"about":[{"href":"https:\/\/enfold.norbou.com\/cs\/wp-json\/wp\/v2\/types\/page"}],"author":[{"embeddable":true,"href":"https:\/\/enfold.norbou.com\/cs\/wp-json\/wp\/v2\/users\/1"}],"replies":[{"embeddable":true,"href":"https:\/\/enfold.norbou.com\/cs\/wp-json\/wp\/v2\/comments?post=3585"}],"version-history":[{"count":9,"href":"https:\/\/enfold.norbou.com\/cs\/wp-json\/wp\/v2\/pages\/3585\/revisions"}],"predecessor-version":[{"id":4762,"href":"https:\/\/enfold.norbou.com\/cs\/wp-json\/wp\/v2\/pages\/3585\/revisions\/4762"}],"up":[{"embeddable":true,"href":"https:\/\/enfold.norbou.com\/cs\/wp-json\/wp\/v2\/pages\/3400"}],"wp:attachment":[{"href":"https:\/\/enfold.norbou.com\/cs\/wp-json\/wp\/v2\/media?parent=3585"}],"curies":[{"name":"wp","href":"https:\/\/api.w.org\/{rel}","templated":true}]}}