{"id":3589,"date":"2017-02-13T15:02:14","date_gmt":"2017-02-13T15:02:14","guid":{"rendered":"https:\/\/enfold.norbou.com\/prvky\/katalog\/"},"modified":"2024-08-24T12:25:25","modified_gmt":"2024-08-24T12:25:25","slug":"katalog","status":"publish","type":"page","link":"https:\/\/enfold.norbou.com\/cs\/prvky\/katalog\/","title":{"rendered":"Katalog"},"content":{"rendered":"\n<style type=\"text\/css\" data-created_by=\"avia_inline_auto\" id=\"style-css-av-1oilt9w-df092514438c225bdbfeff80c4640371\">\n#top .av-special-heading.av-1oilt9w-df092514438c225bdbfeff80c4640371{\npadding-bottom:15px;\ncolor:#000000;\nfont-size:40px;\n}\nbody .av-special-heading.av-1oilt9w-df092514438c225bdbfeff80c4640371 .av-special-heading-tag .heading-char{\nfont-size:25px;\n}\n#top #wrap_all .av-special-heading.av-1oilt9w-df092514438c225bdbfeff80c4640371 .av-special-heading-tag{\nfont-size:40px;\n}\n.av-special-heading.av-1oilt9w-df092514438c225bdbfeff80c4640371 .special-heading-inner-border{\nborder-color:#000000;\n}\n.av-special-heading.av-1oilt9w-df092514438c225bdbfeff80c4640371 .av-subheading{\nfont-size:15px;\n}\n\n@media only screen and (min-width: 480px) and (max-width: 767px){ \n#top #wrap_all .av-special-heading.av-1oilt9w-df092514438c225bdbfeff80c4640371 .av-special-heading-tag{\nfont-size:0.8em;\n}\n}\n\n@media only screen and (max-width: 479px){ \n#top #wrap_all .av-special-heading.av-1oilt9w-df092514438c225bdbfeff80c4640371 .av-special-heading-tag{\nfont-size:0.8em;\n}\n}\n<\/style>\n<div  class='av-special-heading av-1oilt9w-df092514438c225bdbfeff80c4640371 av-special-heading-h1 custom-color-heading blockquote modern-quote  avia-builder-el-0  el_before_av_textblock  avia-builder-el-first  av-inherit-size'><h1 class='av-special-heading-tag '  itemprop=\"headline\"  >Katalogov\u00fd prvek<\/h1><div class=\"special-heading-border\"><div class=\"special-heading-inner-border\"><\/div><\/div><\/div>\n<section  class='av_textblock_section av-1m9bi1w-cac061bb399d3880f77f62fc9357a9f6 '   itemscope=\"itemscope\" itemtype=\"https:\/\/schema.org\/CreativeWork\" ><div class='avia_textblock'  itemprop=\"text\" ><p>Tento prvek v\u00e1m umo\u017e\u0148uje zobrazit seznam polo\u017eek s cenou nebo bez n\u00ed. Funguje obzvl\u00e1\u0161t\u011b dob\u0159e pro menu nebo seznam slu\u017eeb, kter\u00e9 nab\u00edz\u00edte. M\u016f\u017ee b\u00fdt tak\u00e9 pou\u017eit ve spojen\u00ed s <strong>WooCommerce<\/strong> k zobrazen\u00ed seznamu produkt\u016f.<\/p>\n<\/div><\/section>\n\n<style type=\"text\/css\" data-created_by=\"avia_inline_auto\" id=\"style-css-av-1l84rlw-352758fe5cc81e9a761afcea951496dc\">\n#top .hr.hr-invisible.av-1l84rlw-352758fe5cc81e9a761afcea951496dc{\nheight:50px;\n}\n<\/style>\n<div  class='hr av-1l84rlw-352758fe5cc81e9a761afcea951496dc hr-invisible  avia-builder-el-2  el_after_av_textblock  el_before_av_one_full '><span class='hr-inner '><span class=\"hr-inner-style\"><\/span><\/span><\/div>\n\n<style type=\"text\/css\" data-created_by=\"avia_inline_auto\" id=\"style-css-av-1iu2rtw-e2876b7c7c3c249bfa5ec78e8fd70e7c\">\n.flex_column.av-1iu2rtw-e2876b7c7c3c249bfa5ec78e8fd70e7c{\nborder-radius:0px 0px 0px 0px;\npadding:0px 0px 0px 0px;\n}\n<\/style>\n<div  class='flex_column av-1iu2rtw-e2876b7c7c3c249bfa5ec78e8fd70e7c av_one_full  avia-builder-el-3  el_after_av_hr  el_before_av_hr  first flex_column_div av-zero-column-padding  '     ><div  class='av-catalogue-container av-1i2nz50-ca35ed88c0086c096e657ed5757ac738  avia-builder-el-4  avia-builder-el-no-sibling '><ul class='av-catalogue-list'>\n<li><a href=\"https:\/\/enfold.norbou.com\/wp-content\/uploads\/2015\/07\/portfolio-1.jpg\" data-srcset=\"https:\/\/enfold.norbou.com\/wp-content\/uploads\/2015\/07\/portfolio-1.jpg 800w, https:\/\/enfold.norbou.com\/wp-content\/uploads\/2015\/07\/portfolio-1-300x214.jpg 300w, https:\/\/enfold.norbou.com\/wp-content\/uploads\/2015\/07\/portfolio-1-768x547.jpg 768w, https:\/\/enfold.norbou.com\/wp-content\/uploads\/2015\/07\/portfolio-1-260x185.jpg 260w, https:\/\/enfold.norbou.com\/wp-content\/uploads\/2015\/07\/portfolio-1-705x502.jpg 705w, https:\/\/enfold.norbou.com\/wp-content\/uploads\/2015\/07\/portfolio-1-450x321.jpg 450w, https:\/\/enfold.norbou.com\/wp-content\/uploads\/2015\/07\/portfolio-1-600x428.jpg 600w\" data-sizes=\"(max-width: 800px) 100vw, 800px\"  class='av-catalogue-item av-1guyjmc-467e49b6b0a64ccfa0630f9755314c31' ><img decoding=\"async\" width=\"180\" height=\"180\" loading=\"lazy\" src=\"https:\/\/enfold.norbou.com\/wp-content\/uploads\/2015\/07\/portfolio-1-180x180.jpg\" title='' alt='' class='wp-image-3455 avia-img-lazy-loading-3455 av-catalogue-image' srcset=\"https:\/\/enfold.norbou.com\/wp-content\/uploads\/2015\/07\/portfolio-1-180x180.jpg 180w, https:\/\/enfold.norbou.com\/wp-content\/uploads\/2015\/07\/portfolio-1-80x80.jpg 80w, https:\/\/enfold.norbou.com\/wp-content\/uploads\/2015\/07\/portfolio-1-36x36.jpg 36w, https:\/\/enfold.norbou.com\/wp-content\/uploads\/2015\/07\/portfolio-1-120x120.jpg 120w, https:\/\/enfold.norbou.com\/wp-content\/uploads\/2015\/07\/portfolio-1-450x450.jpg 450w, https:\/\/enfold.norbou.com\/wp-content\/uploads\/2015\/07\/portfolio-1-300x300.jpg 300w, https:\/\/enfold.norbou.com\/wp-content\/uploads\/2015\/07\/portfolio-1-100x100.jpg 100w\" sizes=\"auto, (max-width: 180px) 100vw, 180px\" \/><div class=\"av-catalogue-item-inner\"><div class=\"av-catalogue-title-container\"><div class='av-catalogue-title'>Sezamov\u00e1 krusta na skotsk\u00e9m fil\u00e9<\/div><div class='av-catalogue-price'>7,50$<\/div><\/div><div class=\"av-catalogue-content\">\ns medovou om\u00e1\u010dkou Pedro Ximenez a bramborov\u00fdm kol\u00e1\u010dem<br \/>\n<\/div><\/div><\/a><\/li>\n<li><a href=\"https:\/\/enfold.norbou.com\/wp-content\/uploads\/2015\/07\/portfolio-7.jpg\" data-srcset=\"https:\/\/enfold.norbou.com\/wp-content\/uploads\/2015\/07\/portfolio-7.jpg 800w, https:\/\/enfold.norbou.com\/wp-content\/uploads\/2015\/07\/portfolio-7-300x214.jpg 300w, https:\/\/enfold.norbou.com\/wp-content\/uploads\/2015\/07\/portfolio-7-768x547.jpg 768w, https:\/\/enfold.norbou.com\/wp-content\/uploads\/2015\/07\/portfolio-7-260x185.jpg 260w, https:\/\/enfold.norbou.com\/wp-content\/uploads\/2015\/07\/portfolio-7-705x502.jpg 705w, https:\/\/enfold.norbou.com\/wp-content\/uploads\/2015\/07\/portfolio-7-450x321.jpg 450w, https:\/\/enfold.norbou.com\/wp-content\/uploads\/2015\/07\/portfolio-7-600x428.jpg 600w\" data-sizes=\"(max-width: 800px) 100vw, 800px\"  class='av-catalogue-item av-1ehh4l0-042e0f1c87f51859ab68c7c36ea562f2' ><img decoding=\"async\" width=\"180\" height=\"180\" loading=\"lazy\" src=\"https:\/\/enfold.norbou.com\/wp-content\/uploads\/2015\/07\/portfolio-7-180x180.jpg\" title='' alt='' class='wp-image-3460 avia-img-lazy-loading-3460 av-catalogue-image' srcset=\"https:\/\/enfold.norbou.com\/wp-content\/uploads\/2015\/07\/portfolio-7-180x180.jpg 180w, https:\/\/enfold.norbou.com\/wp-content\/uploads\/2015\/07\/portfolio-7-80x80.jpg 80w, https:\/\/enfold.norbou.com\/wp-content\/uploads\/2015\/07\/portfolio-7-36x36.jpg 36w, https:\/\/enfold.norbou.com\/wp-content\/uploads\/2015\/07\/portfolio-7-120x120.jpg 120w, https:\/\/enfold.norbou.com\/wp-content\/uploads\/2015\/07\/portfolio-7-450x450.jpg 450w, https:\/\/enfold.norbou.com\/wp-content\/uploads\/2015\/07\/portfolio-7-300x300.jpg 300w, https:\/\/enfold.norbou.com\/wp-content\/uploads\/2015\/07\/portfolio-7-100x100.jpg 100w\" sizes=\"auto, (max-width: 180px) 100vw, 180px\" \/><div class=\"av-catalogue-item-inner\"><div class=\"av-catalogue-title-container\"><div class='av-catalogue-title'>Pe\u010den\u00fd h\u0159bet jehn\u011b\u010d\u00edho<\/div><div class='av-catalogue-price'>7,50$<\/div><\/div><div class=\"av-catalogue-content\">\ns bylinkovou krustou a ovocn\u00fdm mesclun sal\u00e1tem a bramborov\u00fdmi sl\u00e1mkami<br \/>\n<\/div><\/div><\/a><\/li>\n<\/ul><\/div><\/div>\n\n<style type=\"text\/css\" data-created_by=\"avia_inline_auto\" id=\"style-css-av-1d33ut0-01648666f5aecd466ff04c065b02316a\">\n#top .hr.hr-invisible.av-1d33ut0-01648666f5aecd466ff04c065b02316a{\nheight:50px;\n}\n<\/style>\n<div  class='hr av-1d33ut0-01648666f5aecd466ff04c065b02316a hr-invisible  avia-builder-el-5  el_after_av_one_full  el_before_av_heading '><span class='hr-inner '><span class=\"hr-inner-style\"><\/span><\/span><\/div>\n\n<style type=\"text\/css\" data-created_by=\"avia_inline_auto\" id=\"style-css-av-1bmvhwk-daede59759f6ba74c0f4dc09b717aff3\">\n#top .av-special-heading.av-1bmvhwk-daede59759f6ba74c0f4dc09b717aff3{\npadding-bottom:25px;\n}\nbody .av-special-heading.av-1bmvhwk-daede59759f6ba74c0f4dc09b717aff3 .av-special-heading-tag .heading-char{\nfont-size:25px;\n}\n.av-special-heading.av-1bmvhwk-daede59759f6ba74c0f4dc09b717aff3 .av-subheading{\nfont-size:15px;\n}\n<\/style>\n<div  class='av-special-heading av-1bmvhwk-daede59759f6ba74c0f4dc09b717aff3 av-special-heading-h2 blockquote modern-quote  avia-builder-el-6  el_after_av_hr  el_before_av_one_full '><h2 class='av-special-heading-tag '  itemprop=\"headline\"  >Donec pede justo<\/h2><div class=\"special-heading-border\"><div class=\"special-heading-inner-border\"><\/div><\/div><\/div>\n<div  class='flex_column av-191fask-2452bb615f25da6aea6bb45b8f2a5e1b av_one_full  avia-builder-el-7  el_after_av_heading  el_before_av_hr  first flex_column_div  '     ><div  class='av-catalogue-container av-17m6qh0-f5aa182f9f506fb8941e6df22ca658b8  avia-builder-el-8  avia-builder-el-no-sibling '><ul class='av-catalogue-list'>\n<li><div class='av-catalogue-item av-fb30k-cc3a9dad17d3a6e0689686648567fb3f' ><div class=\"av-catalogue-item-inner\"><div class=\"av-catalogue-title-container\"><div class='av-catalogue-title'>Vejce Benedikt<\/div><div class='av-catalogue-price'>21$<\/div><\/div><div class=\"av-catalogue-content\">\ns bu\u010f slaninou nebo lososem<br \/>\n<\/div><\/div><\/div><\/li>\n<li><div class='av-catalogue-item av-13uzu50-26de95b84b5ce2a197a82c29e0e6c5d2' ><div class=\"av-catalogue-item-inner\"><div class=\"av-catalogue-title-container\"><div class='av-catalogue-title'>Enfoldovy slavn\u00e9 pala\u010dinky<\/div><div class='av-catalogue-price'>16$<\/div><\/div><div class=\"av-catalogue-content\">\ns \u010derstv\u00fdm ovocem, slaninou a javorov\u00fdm sirupem<br \/>\n<\/div><\/div><\/div><\/li>\n<li><div class='av-catalogue-item av-13a9ius-49c2d9cdc4c4c8f5f5a53953ddb84185' ><div class=\"av-catalogue-item-inner\"><div class=\"av-catalogue-title-container\"><div class='av-catalogue-title'>Francouzsk\u00fd toustovan\u00fd brio\u0161<\/div><div class='av-catalogue-price'>17$<\/div><\/div><div class=\"av-catalogue-content\">\ns grilovan\u00fdm ban\u00e1nem, slaninou, mascarpone s r\u016f\u017eovou vodou a javorov\u00fdm sirupem<br \/>\n<\/div><\/div><\/div><\/li>\n<\/ul><\/div><\/div>\n\n<style type=\"text\/css\" data-created_by=\"avia_inline_auto\" id=\"style-css-av-115rjc4-60495e649f0b8e962ee510180b28a366\">\n#top .hr.hr-invisible.av-115rjc4-60495e649f0b8e962ee510180b28a366{\nheight:50px;\n}\n<\/style>\n<div  class='hr av-115rjc4-60495e649f0b8e962ee510180b28a366 hr-invisible  avia-builder-el-9  el_after_av_one_full  el_before_av_heading '><span class='hr-inner '><span class=\"hr-inner-style\"><\/span><\/span><\/div>\n\n<style type=\"text\/css\" data-created_by=\"avia_inline_auto\" id=\"style-css-av-z2kpck-427ae018ae303e36102e2d7b6c66749b\">\n#top .av-special-heading.av-z2kpck-427ae018ae303e36102e2d7b6c66749b{\npadding-bottom:25px;\n}\nbody .av-special-heading.av-z2kpck-427ae018ae303e36102e2d7b6c66749b .av-special-heading-tag .heading-char{\nfont-size:25px;\n}\n.av-special-heading.av-z2kpck-427ae018ae303e36102e2d7b6c66749b .av-subheading{\nfont-size:15px;\n}\n<\/style>\n<div  class='av-special-heading av-z2kpck-427ae018ae303e36102e2d7b6c66749b av-special-heading-h2 blockquote modern-quote  avia-builder-el-10  el_after_av_hr  el_before_av_one_full '><h2 class='av-special-heading-tag '  itemprop=\"headline\"  >Lorem Ipsum<\/h2><div class=\"special-heading-border\"><div class=\"special-heading-inner-border\"><\/div><\/div><\/div>\n\n<style type=\"text\/css\" data-created_by=\"avia_inline_auto\" id=\"style-css-av-xymy38-d41643f0737cb85c067202db64a42ea7\">\n.flex_column.av-xymy38-d41643f0737cb85c067202db64a42ea7{\nborder-radius:0px 0px 0px 0px;\npadding:0px 0px 0px 0px;\n}\n<\/style>\n<div  class='flex_column av-xymy38-d41643f0737cb85c067202db64a42ea7 av_one_full  avia-builder-el-11  el_after_av_heading  el_before_av_hr  first flex_column_div av-zero-column-padding  '     ><div  class='av-catalogue-container av-w93l04-507040510727d65e0b470097708ca933  avia-builder-el-12  avia-builder-el-no-sibling '><ul class='av-catalogue-list'>\n<li><div class='av-catalogue-item av-usafn8-53fbd48f06fd4a98d60841a3d56b3489' ><div class=\"av-catalogue-item-inner\"><div class=\"av-catalogue-title-container\"><div class='av-catalogue-title'>Linefish<\/div><div class='av-catalogue-price'>27$<\/div><\/div><div class=\"av-catalogue-content\">\nP\u00e1nev sma\u017een\u00e1 ryba, bylinkov\u00fd brambor Nicola a sal\u00e1t z mu\u0161l\u00ed<br \/>\n<\/div><\/div><\/div><\/li>\n<li><div class='av-catalogue-item av-tjzkis-de72cdc3d198833d9c71843aa733a84c' ><div class=\"av-catalogue-item-inner\"><div class=\"av-catalogue-title-container\"><div class='av-catalogue-title'>Podzimn\u00ed jehn\u011b<\/div><div class='av-catalogue-price'>33$<\/div><\/div><div class=\"av-catalogue-content\">\nPan seared lamb loin, slow roasted lamb shanks<br \/>\n<\/div><\/div><\/div><\/li>\n<li><div class='av-catalogue-item av-qwca6s-58229789656e309324d6ed98646be7f8' ><div class=\"av-catalogue-item-inner\"><div class=\"av-catalogue-title-container\"><div class='av-catalogue-title'>Kachna<\/div><div class='av-catalogue-price'>75$<\/div><\/div><div class=\"av-catalogue-content\">\nKonfitovan\u00e1 kachn\u00ed noha, houbov\u00e1 a j\u00e1trov\u00e1 n\u00e1divka a cibule<br \/>\n<\/div><\/div><\/div><\/li>\n<li><div class='av-catalogue-item av-2j2hqs-be70a4a630c01fb9801eb29b77ddfcd7' ><div class=\"av-catalogue-item-inner\"><div class=\"av-catalogue-title-container\"><div class='av-catalogue-title'>Dom\u00e1c\u00ed su\u0161en\u00e9 raj\u010de<\/div><div class='av-catalogue-price'>22$<\/div><\/div><div class=\"av-catalogue-content\">\nse sezamem, lilkov\u00fdm pyr\u00e9 a \u017eel\u00e9 z op\u00e1len\u00e9ho lilku<br \/>\n<\/div><\/div><\/div><\/li>\n<\/ul><\/div><\/div>\n\n<style type=\"text\/css\" data-created_by=\"avia_inline_auto\" id=\"style-css-av-oc7o1g-c22961300b7b0bc8aedfdf9c222e8e3a\">\n#top .hr.hr-invisible.av-oc7o1g-c22961300b7b0bc8aedfdf9c222e8e3a{\nheight:50px;\n}\n<\/style>\n<div  class='hr av-oc7o1g-c22961300b7b0bc8aedfdf9c222e8e3a hr-invisible  avia-builder-el-13  el_after_av_one_full  el_before_av_heading '><span class='hr-inner '><span class=\"hr-inner-style\"><\/span><\/span><\/div>\n\n<style type=\"text\/css\" data-created_by=\"avia_inline_auto\" id=\"style-css-av-mdgxxw-0adf87676c95229b043f70d40f228a36\">\n#top .av-special-heading.av-mdgxxw-0adf87676c95229b043f70d40f228a36{\npadding-bottom:25px;\n}\nbody .av-special-heading.av-mdgxxw-0adf87676c95229b043f70d40f228a36 .av-special-heading-tag .heading-char{\nfont-size:25px;\n}\n.av-special-heading.av-mdgxxw-0adf87676c95229b043f70d40f228a36 .av-subheading{\nfont-size:15px;\n}\n<\/style>\n<div  class='av-special-heading av-mdgxxw-0adf87676c95229b043f70d40f228a36 av-special-heading-h2 blockquote modern-quote  avia-builder-el-14  el_after_av_hr  el_before_av_one_half '><h2 class='av-special-heading-tag '  itemprop=\"headline\"  >N\u00e1sledky \u017eivota, eleifend<\/h2><div class=\"special-heading-border\"><div class=\"special-heading-inner-border\"><\/div><\/div><\/div>\n<div  class='flex_column av-kpudpg-8ba14135360e97c9ba6de7ee7b5297ab av_one_half  avia-builder-el-15  el_after_av_heading  el_before_av_one_half  first flex_column_div  '     ><div  class='av-catalogue-container av-jpcibo-294d81b5cf4759ba6f87c172a5701b4b  avia-builder-el-16  avia-builder-el-no-sibling '><ul class='av-catalogue-list'>\n<li><div class='av-catalogue-item av-i59wkk-598972bdb9e3d894082b7034bec78c1c' ><div class=\"av-catalogue-item-inner\"><div class=\"av-catalogue-title-container\"><div class='av-catalogue-title'>7UP<\/div><div class='av-catalogue-price'>3,90$<\/div><\/div><div class=\"av-catalogue-content\"><\/div><\/div><\/div><\/li>\n<li><div class='av-catalogue-item av-gj0uqs-0ba0c435c1c1f5b84d16eafc5b05f56e' ><div class=\"av-catalogue-item-inner\"><div class=\"av-catalogue-title-container\"><div class='av-catalogue-title'>Ko\u0159enov\u00e9 pivo<\/div><div class='av-catalogue-price'>3,90$<\/div><\/div><div class=\"av-catalogue-content\"><\/div><\/div><\/div><\/li>\n<li><div class='av-catalogue-item av-dyiiro-73137871ba10dae301991c9088d4ed03' ><div class=\"av-catalogue-item-inner\"><div class=\"av-catalogue-title-container\"><div class='av-catalogue-title'>Jable\u010dn\u00fd d\u017eus<\/div><div class='av-catalogue-price'>3,90$<\/div><\/div><div class=\"av-catalogue-content\"><\/div><\/div><\/div><\/li>\n<li><div class='av-catalogue-item av-cu548k-751f2d7b2d139b5bba0810a43cfe9bf0' ><div class=\"av-catalogue-item-inner\"><div class=\"av-catalogue-title-container\"><div class='av-catalogue-title'>Pomeran\u010dov\u00fd d\u017eus<\/div><div class='av-catalogue-price'>3,90$<\/div><\/div><div class=\"av-catalogue-content\"><\/div><\/div><\/div><\/li>\n<\/ul><\/div><\/div>\n\n<style type=\"text\/css\" data-created_by=\"avia_inline_auto\" id=\"style-css-av-afic04-34cd4c0e78bc530f87cf15f3739441ed\">\n.flex_column.av-afic04-34cd4c0e78bc530f87cf15f3739441ed{\nborder-radius:0px 0px 0px 0px;\npadding:0px 0px 0px 0px;\n}\n<\/style>\n<div  class='flex_column av-afic04-34cd4c0e78bc530f87cf15f3739441ed av_one_half  avia-builder-el-17  el_after_av_one_half  avia-builder-el-last  flex_column_div av-zero-column-padding  '     ><div  class='av-catalogue-container av-9oe1ec-03b133e1e41c79d1905884cf8947a898  avia-builder-el-18  avia-builder-el-no-sibling '><ul class='av-catalogue-list'>\n<li><div class='av-catalogue-item av-7g2g6c-41ec20ff7eef26dcd2bb158368cb5691' ><div class=\"av-catalogue-item-inner\"><div class=\"av-catalogue-title-container\"><div class='av-catalogue-title'>Coca-Cola<\/div><div class='av-catalogue-price'>3,90$<\/div><\/div><div class=\"av-catalogue-content\"><\/div><\/div><\/div><\/li>\n<li><div class='av-catalogue-item av-66jfjo-d611c8e50cecfd84d2ce48ceb6698a01' ><div class=\"av-catalogue-item-inner\"><div class=\"av-catalogue-title-container\"><div class='av-catalogue-title'>Pepsi<\/div><div class='av-catalogue-price'>2,90$<\/div><\/div><div class=\"av-catalogue-content\"><\/div><\/div><\/div><\/li>\n<li><div class='av-catalogue-item av-g78f8-bce7df36f353a7736c865e74db6f109a' ><div class=\"av-catalogue-item-inner\"><div class=\"av-catalogue-title-container\"><div class='av-catalogue-title'>Red Bull<\/div><div class='av-catalogue-price'>4,90$<\/div><\/div><div class=\"av-catalogue-content\"><\/div><\/div><\/div><\/li>\n<li><div class='av-catalogue-item av-2a2f2s-7a567e423b5f76cd1ca9a102c2960e56' ><div class=\"av-catalogue-item-inner\"><div class=\"av-catalogue-title-container\"><div class='av-catalogue-title'>Bitter Lemon<\/div><div class='av-catalogue-price'>2,95$<\/div><\/div><div class=\"av-catalogue-content\"><\/div><\/div><\/div><\/li>\n<\/ul><\/div><\/div>\n","protected":false},"excerpt":{"rendered":"","protected":false},"author":1,"featured_media":0,"parent":3400,"menu_order":0,"comment_status":"closed","ping_status":"closed","template":"","meta":{"_bbp_topic_count":0,"_bbp_reply_count":0,"_bbp_total_topic_count":0,"_bbp_total_reply_count":0,"_bbp_voice_count":0,"_bbp_anonymous_reply_count":0,"_bbp_topic_count_hidden":0,"_bbp_reply_count_hidden":0,"_bbp_forum_subforum_count":0,"footnotes":""},"class_list":["post-3589","page","type-page","status-publish","hentry"],"_links":{"self":[{"href":"https:\/\/enfold.norbou.com\/cs\/wp-json\/wp\/v2\/pages\/3589","targetHints":{"allow":["GET"]}}],"collection":[{"href":"https:\/\/enfold.norbou.com\/cs\/wp-json\/wp\/v2\/pages"}],"about":[{"href":"https:\/\/enfold.norbou.com\/cs\/wp-json\/wp\/v2\/types\/page"}],"author":[{"embeddable":true,"href":"https:\/\/enfold.norbou.com\/cs\/wp-json\/wp\/v2\/users\/1"}],"replies":[{"embeddable":true,"href":"https:\/\/enfold.norbou.com\/cs\/wp-json\/wp\/v2\/comments?post=3589"}],"version-history":[{"count":10,"href":"https:\/\/enfold.norbou.com\/cs\/wp-json\/wp\/v2\/pages\/3589\/revisions"}],"predecessor-version":[{"id":4882,"href":"https:\/\/enfold.norbou.com\/cs\/wp-json\/wp\/v2\/pages\/3589\/revisions\/4882"}],"up":[{"embeddable":true,"href":"https:\/\/enfold.norbou.com\/cs\/wp-json\/wp\/v2\/pages\/3400"}],"wp:attachment":[{"href":"https:\/\/enfold.norbou.com\/cs\/wp-json\/wp\/v2\/media?parent=3589"}],"curies":[{"name":"wp","href":"https:\/\/api.w.org\/{rel}","templated":true}]}}