{"id":3609,"date":"2017-02-13T15:00:43","date_gmt":"2017-02-13T15:00:43","guid":{"rendered":"https:\/\/enfold.norbou.com\/prvky\/clen-tymu\/"},"modified":"2024-08-24T12:25:25","modified_gmt":"2024-08-24T12:25:25","slug":"clen-tymu","status":"publish","type":"page","link":"https:\/\/enfold.norbou.com\/cs\/prvky\/clen-tymu\/","title":{"rendered":"\u010clen t\u00fdmu"},"content":{"rendered":"\n<style type=\"text\/css\" data-created_by=\"avia_inline_auto\" id=\"style-css-av-vqmxit-19a4305cd4548c5834dc4823c3744145\">\n#top .av-special-heading.av-vqmxit-19a4305cd4548c5834dc4823c3744145{\npadding-bottom:15px;\ncolor:#000000;\nfont-size:40px;\n}\nbody .av-special-heading.av-vqmxit-19a4305cd4548c5834dc4823c3744145 .av-special-heading-tag .heading-char{\nfont-size:25px;\n}\n#top #wrap_all .av-special-heading.av-vqmxit-19a4305cd4548c5834dc4823c3744145 .av-special-heading-tag{\nfont-size:40px;\n}\n.av-special-heading.av-vqmxit-19a4305cd4548c5834dc4823c3744145 .special-heading-inner-border{\nborder-color:#000000;\n}\n.av-special-heading.av-vqmxit-19a4305cd4548c5834dc4823c3744145 .av-subheading{\nfont-size:15px;\n}\n\n@media only screen and (min-width: 480px) and (max-width: 767px){ \n#top #wrap_all .av-special-heading.av-vqmxit-19a4305cd4548c5834dc4823c3744145 .av-special-heading-tag{\nfont-size:0.8em;\n}\n}\n\n@media only screen and (max-width: 479px){ \n#top #wrap_all .av-special-heading.av-vqmxit-19a4305cd4548c5834dc4823c3744145 .av-special-heading-tag{\nfont-size:0.8em;\n}\n}\n<\/style>\n<div  class='av-special-heading av-vqmxit-19a4305cd4548c5834dc4823c3744145 av-special-heading-h1 custom-color-heading blockquote modern-quote  avia-builder-el-0  el_before_av_textblock  avia-builder-el-first  av-inherit-size'><h1 class='av-special-heading-tag '  itemprop=\"headline\"  >Prvek \u010clen t\u00fdmu<\/h1><div class=\"special-heading-border\"><div class=\"special-heading-inner-border\"><\/div><\/div><\/div>\n<section  class='av_textblock_section av-ty7m5h-324b08c504af1d9df4c99e6800cd8b65 '   itemscope=\"itemscope\" itemtype=\"https:\/\/schema.org\/CreativeWork\" ><div class='avia_textblock'  itemprop=\"text\" ><p>Tento prvek v\u00e1m umo\u017e\u0148uje zobrazit obr\u00e1zek \u010dlena t\u00fdmu spolu s popisem a n\u011bkolika odkazy na soci\u00e1ln\u00ed s\u00edt\u011b pro ka\u017ed\u00e9ho \u010dlena, kter\u00e9ho zobraz\u00edte<\/p>\n<\/div><\/section>\n\n<style type=\"text\/css\" data-created_by=\"avia_inline_auto\" id=\"style-css-av-2y0h0l-2defd70e72e0db6c63fc86d50af54ddf\">\n#top .hr.hr-invisible.av-2y0h0l-2defd70e72e0db6c63fc86d50af54ddf{\nheight:50px;\n}\n<\/style>\n<div  class='hr av-2y0h0l-2defd70e72e0db6c63fc86d50af54ddf hr-invisible  avia-builder-el-2  el_after_av_textblock  el_before_av_one_full '><span class='hr-inner '><span class=\"hr-inner-style\"><\/span><\/span><\/div>\n<div  class='flex_column av-r088r9-49cdff267c0cbcdd78e3cf2892bd1a58 av_one_full  avia-builder-el-3  el_after_av_hr  el_before_av_one_third  first flex_column_div  '     ><section  class='avia-team-member av-q4g4hh-1cc86a61f33d4ced348cc5bc9b39654a  avia-builder-el-4  avia-builder-el-no-sibling '  itemscope=\"itemscope\" itemtype=\"https:\/\/schema.org\/Person\" ><div class=\"team-img-container\"><img decoding=\"async\" fetchpriority=\"high\" class='wp-image-5175 avia-img-lazy-loading-not-5175 avia_image avia_image_team' src=\"https:\/\/enfold.norbou.com\/wp-content\/uploads\/2015\/07\/business-support-1.jpg\" alt='John, Janna, Sarah, Max, Mikel'  itemprop=\"image\"   height=\"400\" width=\"1000\" srcset=\"https:\/\/enfold.norbou.com\/wp-content\/uploads\/2015\/07\/business-support-1.jpg 1000w, https:\/\/enfold.norbou.com\/wp-content\/uploads\/2015\/07\/business-support-1-300x120.jpg 300w, https:\/\/enfold.norbou.com\/wp-content\/uploads\/2015\/07\/business-support-1-768x307.jpg 768w, https:\/\/enfold.norbou.com\/wp-content\/uploads\/2015\/07\/business-support-1-705x282.jpg 705w, https:\/\/enfold.norbou.com\/wp-content\/uploads\/2015\/07\/business-support-1-450x180.jpg 450w, https:\/\/enfold.norbou.com\/wp-content\/uploads\/2015\/07\/business-support-1-600x240.jpg 600w\" sizes=\"(max-width: 1000px) 100vw, 1000px\" \/><div class=\"team-social\"><div class=\"team-social-inner\"><a class='avia-team-icon av-2ej63p-ab928e24842ba8757ba096aa955ab6d7 avia-svg-icon avia-font-svg_entypo-fontello' data-avia-tooltip=\"John na Twitteru\" data-av_svg_icon='210' data-av_iconset='svg_entypo-fontello'><\/a><a class='avia-team-icon av-lr2m5h-6e3e28d68e3046c625a09786418ece24 avia-svg-icon avia-font-svg_entypo-fontello' data-avia-tooltip=\"Janna na Twitteru\" data-av_svg_icon='210' data-av_iconset='svg_entypo-fontello'><\/a><\/div><\/div><\/div><h3 class='team-member-name '  itemprop=\"name\" >John, Janna, Sarah, Max, Mikel<\/h3><div class='team-member-job-title '  itemprop=\"jobTitle\" >Zakladatel\u00e9<\/div><div class='team-member-description '  itemprop=\"description\" ><p>Lorem ipsum dolor sit amet, consectetuer adipiscing elit. Aenean commodo ligula eget dolor. Aenean massa. Cum sociis natoque penatibus et magnis dis parturient montes, nascetur ridiculus mus.<\/p>\n<\/div><span class='hidden team-member-affiliation'  itemprop=\"affiliation\" >Norbou Enfold Demo<\/span><\/section><\/div>\n<div  class='flex_column av-lhle79-88dfe0e55e730bd8b2725d954d5e0cbb av_one_third  avia-builder-el-5  el_after_av_one_full  el_before_av_one_third  first flex_column_div  column-top-margin'     ><section  class='avia-team-member av-j59zid-f934f4905e7db3c2dcd8385fb90baffb  avia-builder-el-6  avia-builder-el-no-sibling '  itemscope=\"itemscope\" itemtype=\"https:\/\/schema.org\/Person\" ><div class=\"team-img-container\"><img decoding=\"async\" fetchpriority=\"high\" class='wp-image-5193 avia-img-lazy-loading-not-5193 avia_image avia_image_team' src=\"https:\/\/enfold.norbou.com\/wp-content\/uploads\/2017\/02\/people-3.jpg\" alt='Max Mac Man'  itemprop=\"image\"   height=\"600\" width=\"600\" srcset=\"https:\/\/enfold.norbou.com\/wp-content\/uploads\/2017\/02\/people-3.jpg 600w, https:\/\/enfold.norbou.com\/wp-content\/uploads\/2017\/02\/people-3-300x300.jpg 300w, https:\/\/enfold.norbou.com\/wp-content\/uploads\/2017\/02\/people-3-80x80.jpg 80w, https:\/\/enfold.norbou.com\/wp-content\/uploads\/2017\/02\/people-3-36x36.jpg 36w, https:\/\/enfold.norbou.com\/wp-content\/uploads\/2017\/02\/people-3-180x180.jpg 180w, https:\/\/enfold.norbou.com\/wp-content\/uploads\/2017\/02\/people-3-120x120.jpg 120w, https:\/\/enfold.norbou.com\/wp-content\/uploads\/2017\/02\/people-3-450x450.jpg 450w, https:\/\/enfold.norbou.com\/wp-content\/uploads\/2017\/02\/people-3-100x100.jpg 100w\" sizes=\"(max-width: 600px) 100vw, 600px\" \/><div class=\"team-social\"><div class=\"team-social-inner\"><a class='avia-team-icon av-i6dk11-b6ca322b33d408d950f38c27c707777d avia-svg-icon avia-font-svg_entypo-fontello' data-avia-tooltip=\"Max na Behance\" data-av_svg_icon='246' data-av_iconset='svg_entypo-fontello'><\/a><a class='avia-team-icon av-ftwd05-39e5d1875674ac921b0ef39cf32c205b avia-svg-icon avia-font-svg_entypo-fontello' data-avia-tooltip=\"Max na Facebooku\" data-av_svg_icon='214' data-av_iconset='svg_entypo-fontello'><\/a><\/div><\/div><\/div><h3 class='team-member-name '  itemprop=\"name\" >Max Mac Man<\/h3><div class='team-member-job-title '  itemprop=\"jobTitle\" >CTO<\/div><div class='team-member-description '  itemprop=\"description\" ><p>Lorem ipsum dolor sit amet, consectetuer adipiscing elit. Aenean commodo ligula eget dolor.<\/p>\n<\/div><span class='hidden team-member-affiliation'  itemprop=\"affiliation\" >Norbou Enfold Demo<\/span><\/section><\/div>\n<style type=\"text\/css\" data-created_by=\"avia_inline_auto\" id=\"style-css-av-1cbkhx-c6bec8dca3cf27877b2f9c4c3aa3cf42\">\n.flex_column.av-1cbkhx-c6bec8dca3cf27877b2f9c4c3aa3cf42{\nborder-radius:0px 0px 0px 0px;\npadding:0px 0px 0px 0px;\n}\n<\/style>\n<div  class='flex_column av-1cbkhx-c6bec8dca3cf27877b2f9c4c3aa3cf42 av_one_third  avia-builder-el-7  el_after_av_one_third  el_before_av_one_third  flex_column_div av-zero-column-padding  column-top-margin'     ><section  class='avia-team-member av-cawdyd-f7e8e85de0ead52cea39c4fd971a640c  avia-builder-el-8  avia-builder-el-no-sibling '  itemscope=\"itemscope\" itemtype=\"https:\/\/schema.org\/Person\" ><div class=\"team-img-container\"><img decoding=\"async\" fetchpriority=\"high\" class='wp-image-5192 avia-img-lazy-loading-not-5192 avia_image avia_image_team' src=\"https:\/\/enfold.norbou.com\/wp-content\/uploads\/2017\/02\/people-2.jpg\" alt='Kara Kul King'  itemprop=\"image\"   height=\"600\" width=\"600\" srcset=\"https:\/\/enfold.norbou.com\/wp-content\/uploads\/2017\/02\/people-2.jpg 600w, https:\/\/enfold.norbou.com\/wp-content\/uploads\/2017\/02\/people-2-300x300.jpg 300w, https:\/\/enfold.norbou.com\/wp-content\/uploads\/2017\/02\/people-2-80x80.jpg 80w, https:\/\/enfold.norbou.com\/wp-content\/uploads\/2017\/02\/people-2-36x36.jpg 36w, https:\/\/enfold.norbou.com\/wp-content\/uploads\/2017\/02\/people-2-180x180.jpg 180w, https:\/\/enfold.norbou.com\/wp-content\/uploads\/2017\/02\/people-2-120x120.jpg 120w, https:\/\/enfold.norbou.com\/wp-content\/uploads\/2017\/02\/people-2-450x450.jpg 450w, https:\/\/enfold.norbou.com\/wp-content\/uploads\/2017\/02\/people-2-100x100.jpg 100w\" sizes=\"(max-width: 600px) 100vw, 600px\" \/><div class=\"team-social\"><div class=\"team-social-inner\"><a class='avia-team-icon av-akd8ad-e87e0542f91d55d5c122c895dc3bc221 avia-svg-icon avia-font-svg_entypo-fontello' data-avia-tooltip=\"Kr\u00e1l na LinkedIn\" data-av_svg_icon='221' data-av_iconset='svg_entypo-fontello'><\/a><a class='avia-team-icon av-9esj45-1a101f6f2048fae1f2e2166ad7fef234 avia-svg-icon avia-font-svg_entypo-fontello' data-avia-tooltip=\"Kr\u00e1l na Githubu\" data-av_svg_icon='204' data-av_iconset='svg_entypo-fontello'><\/a><\/div><\/div><\/div><h3 class='team-member-name '  itemprop=\"name\" >Kara Kul King<\/h3><div class='team-member-job-title '  itemprop=\"jobTitle\" >Marketing &amp; Sales<\/div><div class='team-member-description '  itemprop=\"description\" ><p>Cum sociis natoque penatibus et magnis dis parturient montes, nascetur ridiculus mus.<\/p>\n<\/div><span class='hidden team-member-affiliation'  itemprop=\"affiliation\" >Norbou Enfold Demo<\/span><\/section><\/div>\n<style type=\"text\/css\" data-created_by=\"avia_inline_auto\" id=\"style-css-av-7tu7dx-5c5da4bfe528ecc91ac5651012aa6a5d\">\n.flex_column.av-7tu7dx-5c5da4bfe528ecc91ac5651012aa6a5d{\nborder-radius:0px 0px 0px 0px;\npadding:0px 0px 0px 0px;\n}\n<\/style>\n<div  class='flex_column av-7tu7dx-5c5da4bfe528ecc91ac5651012aa6a5d av_one_third  avia-builder-el-9  el_after_av_one_third  avia-builder-el-last  flex_column_div av-zero-column-padding  column-top-margin'     ><section  class='avia-team-member av-63xrmd-86f6fcb550ebbaf82463c0ddc41f4402  avia-builder-el-10  avia-builder-el-no-sibling '  itemscope=\"itemscope\" itemtype=\"https:\/\/schema.org\/Person\" ><div class=\"team-img-container\"><img decoding=\"async\" fetchpriority=\"high\" class='wp-image-5194 avia-img-lazy-loading-not-5194 avia_image avia_image_team' src=\"https:\/\/enfold.norbou.com\/wp-content\/uploads\/2017\/02\/people-4.jpg\" alt='Sandra Sounders'  itemprop=\"image\"   height=\"600\" width=\"600\" srcset=\"https:\/\/enfold.norbou.com\/wp-content\/uploads\/2017\/02\/people-4.jpg 600w, https:\/\/enfold.norbou.com\/wp-content\/uploads\/2017\/02\/people-4-300x300.jpg 300w, https:\/\/enfold.norbou.com\/wp-content\/uploads\/2017\/02\/people-4-80x80.jpg 80w, https:\/\/enfold.norbou.com\/wp-content\/uploads\/2017\/02\/people-4-36x36.jpg 36w, https:\/\/enfold.norbou.com\/wp-content\/uploads\/2017\/02\/people-4-180x180.jpg 180w, https:\/\/enfold.norbou.com\/wp-content\/uploads\/2017\/02\/people-4-120x120.jpg 120w, https:\/\/enfold.norbou.com\/wp-content\/uploads\/2017\/02\/people-4-450x450.jpg 450w, https:\/\/enfold.norbou.com\/wp-content\/uploads\/2017\/02\/people-4-100x100.jpg 100w\" sizes=\"(max-width: 600px) 100vw, 600px\" \/><div class=\"team-social\"><div class=\"team-social-inner\"><a class='avia-team-icon av-4g1k5x-8e71e6bdf89247187db0d1428c206aae avia-iconfont avia-font-entypo-fontello' data-avia-tooltip=\"Sandra na Githubu\" data-av_icon='' data-av_iconfont='entypo-fontello' ><\/a><a class='avia-team-icon av-23kkut-1645e32b0d464e768aa1daeda3b3ede8 avia-iconfont avia-font-entypo-fontello' data-avia-tooltip=\"Sandra na LinkedIn\" data-av_icon='' data-av_iconfont='entypo-fontello' ><\/a><\/div><\/div><\/div><h3 class='team-member-name '  itemprop=\"name\" >Sandra Sounders<\/h3><div class='team-member-job-title '  itemprop=\"jobTitle\" >Design &amp; Development<\/div><div class='team-member-description '  itemprop=\"description\" ><p>Aenean massa. Cum sociis natoque penatibus et magnis dis parturient montes, nascetur ridiculus mus.<\/p>\n<\/div><span class='hidden team-member-affiliation'  itemprop=\"affiliation\" >Norbou Enfold Demo<\/span><\/section><\/div><\/p>\n","protected":false},"excerpt":{"rendered":"","protected":false},"author":1,"featured_media":0,"parent":3400,"menu_order":0,"comment_status":"closed","ping_status":"closed","template":"","meta":{"_bbp_topic_count":0,"_bbp_reply_count":0,"_bbp_total_topic_count":0,"_bbp_total_reply_count":0,"_bbp_voice_count":0,"_bbp_anonymous_reply_count":0,"_bbp_topic_count_hidden":0,"_bbp_reply_count_hidden":0,"_bbp_forum_subforum_count":0,"footnotes":""},"class_list":["post-3609","page","type-page","status-publish","hentry"],"_links":{"self":[{"href":"https:\/\/enfold.norbou.com\/cs\/wp-json\/wp\/v2\/pages\/3609","targetHints":{"allow":["GET"]}}],"collection":[{"href":"https:\/\/enfold.norbou.com\/cs\/wp-json\/wp\/v2\/pages"}],"about":[{"href":"https:\/\/enfold.norbou.com\/cs\/wp-json\/wp\/v2\/types\/page"}],"author":[{"embeddable":true,"href":"https:\/\/enfold.norbou.com\/cs\/wp-json\/wp\/v2\/users\/1"}],"replies":[{"embeddable":true,"href":"https:\/\/enfold.norbou.com\/cs\/wp-json\/wp\/v2\/comments?post=3609"}],"version-history":[{"count":9,"href":"https:\/\/enfold.norbou.com\/cs\/wp-json\/wp\/v2\/pages\/3609\/revisions"}],"predecessor-version":[{"id":4786,"href":"https:\/\/enfold.norbou.com\/cs\/wp-json\/wp\/v2\/pages\/3609\/revisions\/4786"}],"up":[{"embeddable":true,"href":"https:\/\/enfold.norbou.com\/cs\/wp-json\/wp\/v2\/pages\/3400"}],"wp:attachment":[{"href":"https:\/\/enfold.norbou.com\/cs\/wp-json\/wp\/v2\/media?parent=3609"}],"curies":[{"name":"wp","href":"https:\/\/api.w.org\/{rel}","templated":true}]}}