{"id":3613,"date":"2017-02-13T15:00:22","date_gmt":"2017-02-13T15:00:22","guid":{"rendered":"https:\/\/enfold.norbou.com\/prvky\/tabulky\/"},"modified":"2024-08-24T12:25:24","modified_gmt":"2024-08-24T12:25:24","slug":"tabulky","status":"publish","type":"page","link":"https:\/\/enfold.norbou.com\/cs\/prvky\/tabulky\/","title":{"rendered":"Tabulky"},"content":{"rendered":"<div id='av_section_1'  class='avia-section av-7dogl5u-b1b8eae5058049c10ebe99b0d0d0f7a8 main_color avia-section-default avia-no-shadow  avia-builder-el-0  el_before_av_section  avia-builder-el-first  avia-bg-style-scroll container_wrap sidebar_right'  ><div class='container av-section-cont-open' ><main  role=\"main\" itemprop=\"mainContentOfPage\"  class='template-page content  av-content-small alpha units'><div class='post-entry post-entry-type-page post-entry-3613'><div class='entry-content-wrapper clearfix'>\n\n<style type=\"text\/css\" data-created_by=\"avia_inline_auto\" id=\"style-css-av-7b97xw2-2e65d400d3959bf8aa0054cbd8126391\">\n#top .av-special-heading.av-7b97xw2-2e65d400d3959bf8aa0054cbd8126391{\npadding-bottom:15px;\ncolor:#000000;\nfont-size:40px;\n}\nbody .av-special-heading.av-7b97xw2-2e65d400d3959bf8aa0054cbd8126391 .av-special-heading-tag .heading-char{\nfont-size:25px;\n}\n#top #wrap_all .av-special-heading.av-7b97xw2-2e65d400d3959bf8aa0054cbd8126391 .av-special-heading-tag{\nfont-size:40px;\n}\n.av-special-heading.av-7b97xw2-2e65d400d3959bf8aa0054cbd8126391 .special-heading-inner-border{\nborder-color:#000000;\n}\n.av-special-heading.av-7b97xw2-2e65d400d3959bf8aa0054cbd8126391 .av-subheading{\nfont-size:15px;\n}\n\n@media only screen and (min-width: 480px) and (max-width: 767px){ \n#top #wrap_all .av-special-heading.av-7b97xw2-2e65d400d3959bf8aa0054cbd8126391 .av-special-heading-tag{\nfont-size:0.8em;\n}\n}\n\n@media only screen and (max-width: 479px){ \n#top #wrap_all .av-special-heading.av-7b97xw2-2e65d400d3959bf8aa0054cbd8126391 .av-special-heading-tag{\nfont-size:0.8em;\n}\n}\n<\/style>\n<div  class='av-special-heading av-7b97xw2-2e65d400d3959bf8aa0054cbd8126391 av-special-heading-h1 custom-color-heading blockquote modern-quote  avia-builder-el-1  el_before_av_textblock  avia-builder-el-first  av-inherit-size'><h1 class='av-special-heading-tag '  itemprop=\"headline\"  >Tabulkov\u00fd prvek<\/h1><div class=\"special-heading-border\"><div class=\"special-heading-inner-border\"><\/div><\/div><\/div>\n<section  class='av_textblock_section av-7aio80y-f151bc4f31ca81d578e75d2555b879a6 '   itemscope=\"itemscope\" itemtype=\"https:\/\/schema.org\/CreativeWork\" ><div class='avia_textblock'  itemprop=\"text\" ><p>Tento prvek v\u00e1m umo\u017e\u0148uje zobrazit bu\u010f seznam tabulkov\u00fdch dat ve v\u00fdchoz\u00edm rozlo\u017een\u00ed tabulky, nebo jej m\u016f\u017eete pou\u017e\u00edt k vytvo\u0159en\u00ed tabulek s vlastn\u00edm stylov\u00e1n\u00edm, co\u017e je ide\u00e1ln\u00ed pro v\u011bci jako cenov\u00e9 tabulky.<\/p>\n<\/div><\/section>\n\n<\/div><\/div><\/main><!-- close content main element --><\/div><\/div><div id='av_section_2'  class='avia-section av-78nko5e-3b1e4fe9d36d1f31cc91cc62b3186e3c alternate_color avia-section-default avia-no-shadow  avia-builder-el-3  el_after_av_section  el_before_av_section  avia-bg-style-scroll container_wrap sidebar_right'  ><div class='container av-section-cont-open' ><div class='template-page content  av-content-small alpha units'><div class='post-entry post-entry-type-page post-entry-3613'><div class='entry-content-wrapper clearfix'>\n<div  class='avia-table av-76sxeoy-9a01fb3d2ab129cffa35b212de50e31f main_color avia-pricing-table-container avia_pricing_default  avia-builder-el-4  avia-builder-el-no-sibling  avia-table-1'  itemscope=\"itemscope\" itemtype=\"https:\/\/schema.org\/Table\" ><div class=\"pricing-table-wrap\"><ul class='pricing-table '><li class='avia-heading-row'><div class='first-table-item'>Soukrom\u00fd pl\u00e1n<\/div><span class='pricing-extra'><\/span><\/li><li class='avia-pricing-row'>10<span class=\"currency-symbol\">$<\/span><br \/>\n<small>za m\u011bs\u00edc<\/small><\/li><li class=''>1 GB \u0160\u00ed\u0159ka p\u00e1sma<\/li><li class=''>10 MB Max velikost souboru<\/li><li class=''>3 GHZ CPU<\/li><li class=''>256 MB Pam\u011b\u0165<\/li><li class='avia-button-row'><div  class='avia-button-wrap av-5xwgw4y-d8e99d2c63636691e42877d53d3f990f-wrap avia-button-center  avia-builder-el-5  el_before_av_button  avia-builder-el-first '><a href=''  class='avia-button av-5xwgw4y-d8e99d2c63636691e42877d53d3f990f av-link-btn avia-icon_select-yes-left-icon avia-size-medium avia-position-center avia-color-theme-color-subtle'   aria-label=\"Z\u00edskat soukrom\u00fd pl\u00e1n\"><span class='avia_button_icon avia_button_icon_left avia-svg-icon avia-font-svg_entypo-fontello' data-av_svg_icon='25' data-av_iconset='svg_entypo-fontello'><\/span><span class='avia_iconbox_title' >Z\u00edskat soukrom\u00fd pl\u00e1n<\/span><\/a><\/div><\/li><\/ul><\/div><div class=\"pricing-table-wrap\"><ul class='pricing-table avia-highlight-col'><li class='avia-heading-row'><div class='first-table-item'>Obchodn\u00ed pl\u00e1n<\/div><span class='pricing-extra'><\/span><\/li><li class='avia-pricing-row'>20<span class=\"currency-symbol\">$<\/span><br \/>\n<small>za m\u011bs\u00edc<\/small><\/li><li class=''>10 GB \u0160\u00ed\u0159ka p\u00e1sma<\/li><li class=''>50 MB Max velikost souboru<\/li><li class=''>5 GHZ CPU<\/li><li class=''>1024 MB Pam\u011b\u0165<\/li><li class='avia-button-row'><div  class='avia-button-wrap av-l1u9j6-db759d5846971a952e03d1d2f5047b73-wrap avia-button-center  avia-builder-el-6  el_after_av_button  el_before_av_button '><a href=''  class='avia-button av-l1u9j6-db759d5846971a952e03d1d2f5047b73 av-link-btn avia-icon_select-yes-left-icon avia-size-medium avia-position-center avia-color-theme-color'   aria-label=\"Z\u00edskejte obchodn\u00ed pl\u00e1n\"><span class='avia_button_icon avia_button_icon_left avia-svg-icon avia-font-svg_entypo-fontello' data-av_svg_icon='29' data-av_iconset='svg_entypo-fontello'><\/span><span class='avia_iconbox_title' >Z\u00edskejte obchodn\u00ed pl\u00e1n<\/span><\/a><\/div><\/li><\/ul><\/div><div class=\"pricing-table-wrap\"><ul class='pricing-table '><li class='avia-heading-row'><div class='first-table-item'>Mega Plan<\/div><span class='pricing-extra'><\/span><\/li><li class='avia-pricing-row'>50<span class=\"currency-symbol\">$<\/span><br \/>\n<small>za m\u011bs\u00edc<\/small><\/li><li class=''>Neomezen\u00e1 \u0161\u00ed\u0159ka p\u00e1sma<\/li><li class=''>\u017d\u00e1dn\u00e1 maxim\u00e1ln\u00ed velikost souboru<\/li><li class=''>5 GHZ CPU<\/li><li class=''>4 GB Pam\u011b\u0165<\/li><li class='avia-button-row'><div  class='avia-button-wrap av-5r0h7j6-a8c555f28bb90bc6687f631229153b1b-wrap avia-button-center  avia-builder-el-7  el_after_av_button  avia-builder-el-last '><a href=''  class='avia-button av-5r0h7j6-a8c555f28bb90bc6687f631229153b1b av-link-btn avia-icon_select-yes-left-icon avia-size-medium avia-position-center avia-color-theme-color-subtle'   aria-label=\"Z\u00edskejte Mega pl\u00e1n\"><span class='avia_button_icon avia_button_icon_left avia-svg-icon avia-font-svg_entypo-fontello' data-av_svg_icon='44' data-av_iconset='svg_entypo-fontello'><\/span><span class='avia_iconbox_title' >Z\u00edskejte Mega pl\u00e1n<\/span><\/a><\/div><\/li><\/ul><\/div><\/div>\n\n<\/div><\/div><\/div><!-- close content main div --><\/div><\/div><div id='av_section_3'  class='avia-section av-5q2ppte-887ee63158eb09e1a3580c815c5d88a4 main_color avia-section-default avia-no-shadow  avia-builder-el-8  el_after_av_section  el_before_av_table  avia-bg-style-scroll container_wrap sidebar_right'  ><div class='container av-section-cont-open' ><div class='template-page content  av-content-small alpha units'><div class='post-entry post-entry-type-page post-entry-3613'><div class='entry-content-wrapper clearfix'>\n<div  class='avia-table av-5o6efv6-bbbad06b210a8145d772136704aa25ff main_color avia-pricing-table-container avia_pricing_minimal  avia-builder-el-9  avia-builder-el-no-sibling  avia-table-2'  itemscope=\"itemscope\" itemtype=\"https:\/\/schema.org\/Table\" ><div class=\"pricing-table-wrap\"><ul class='pricing-table '><li class='avia-heading-row'><div class='first-table-item'>Soukrom\u00fd pl\u00e1n<\/div><span class='pricing-extra'><\/span><\/li><li class='avia-pricing-row'>10<span class=\"currency-symbol\">$<\/span><br \/>\n<small>za m\u011bs\u00edc<\/small><\/li><li class=''>1 GB \u0160\u00ed\u0159ka p\u00e1sma<\/li><li class=''>10 MB Max velikost souboru<\/li><li class=''>3 GHZ CPU<\/li><li class=''>256 MB Pam\u011b\u0165<\/li><li class='avia-button-row'><div  class='avia-button-wrap av-4gexele-63cfc6dd56cd6672416777c952e480d8-wrap avia-button-center  avia-builder-el-10  el_before_av_button  avia-builder-el-first '><a href=''  class='avia-button av-4gexele-63cfc6dd56cd6672416777c952e480d8 av-link-btn avia-icon_select-yes-left-icon avia-size-medium avia-position-center avia-color-theme-color-subtle'   aria-label=\"Z\u00edskat soukrom\u00fd pl\u00e1n\"><span class='avia_button_icon avia_button_icon_left avia-svg-icon avia-font-svg_entypo-fontello' data-av_svg_icon='25' data-av_iconset='svg_entypo-fontello'><\/span><span class='avia_iconbox_title' >Z\u00edskat soukrom\u00fd pl\u00e1n<\/span><\/a><\/div><\/li><\/ul><\/div><div class=\"pricing-table-wrap\"><ul class='pricing-table avia-highlight-col'><li class='avia-heading-row'><div class='first-table-item'>Obchodn\u00ed pl\u00e1n<\/div><span class='pricing-extra'><\/span><\/li><li class='avia-pricing-row'>20<span class=\"currency-symbol\">$<\/span><br \/>\n<small>za m\u011bs\u00edc<\/small><\/li><li class=''>10 GB \u0160\u00ed\u0159ka p\u00e1sma<\/li><li class=''>50 MB Max velikost souboru<\/li><li class=''>5 GHZ CPU<\/li><li class=''>1024 MB Pam\u011b\u0165<\/li><li class='avia-button-row'><div  class='avia-button-wrap av-4cvo7r6-960bce2e612100042c707452e2065510-wrap avia-button-center  avia-builder-el-11  el_after_av_button  el_before_av_button '><a href=''  class='avia-button av-4cvo7r6-960bce2e612100042c707452e2065510 av-link-btn avia-icon_select-yes-left-icon avia-size-medium avia-position-center avia-color-theme-color'   aria-label=\"Z\u00edskejte obchodn\u00ed pl\u00e1n\"><span class='avia_button_icon avia_button_icon_left avia-svg-icon avia-font-svg_entypo-fontello' data-av_svg_icon='29' data-av_iconset='svg_entypo-fontello'><\/span><span class='avia_iconbox_title' >Z\u00edskejte obchodn\u00ed pl\u00e1n<\/span><\/a><\/div><\/li><\/ul><\/div><div class=\"pricing-table-wrap\"><ul class='pricing-table '><li class='avia-heading-row'><div class='first-table-item'>Mega Plan<\/div><span class='pricing-extra'><\/span><\/li><li class='avia-pricing-row'>50<span class=\"currency-symbol\">$<\/span><br \/>\n<small>za m\u011bs\u00edc<\/small><\/li><li class=''>Neomezen\u00e1 \u0161\u00ed\u0159ka p\u00e1sma<\/li><li class=''>\u017d\u00e1dn\u00e1 maxim\u00e1ln\u00ed velikost souboru<\/li><li class=''>5 GHZ CPU<\/li><li class=''>4 GB Pam\u011b\u0165<\/li><li class='avia-button-row'><div  class='avia-button-wrap av-48mqtb6-94baf61395dadc8fa0dc9ba1fb1321ef-wrap avia-button-center  avia-builder-el-12  el_after_av_button  avia-builder-el-last '><a href=''  class='avia-button av-48mqtb6-94baf61395dadc8fa0dc9ba1fb1321ef av-link-btn avia-icon_select-yes-left-icon avia-size-medium avia-position-center avia-color-theme-color-subtle'   aria-label=\"Z\u00edskejte Mega pl\u00e1n\"><span class='avia_button_icon avia_button_icon_left avia-svg-icon avia-font-svg_entypo-fontello' data-av_svg_icon='44' data-av_iconset='svg_entypo-fontello'><\/span><span class='avia_iconbox_title' >Z\u00edskejte Mega pl\u00e1n<\/span><\/a><\/div><\/li><\/ul><\/div><\/div>\n<\/div><\/div><\/div><!-- close content main div --><\/div><\/div><div id='after_section_3'  class='main_color av_default_container_wrap container_wrap sidebar_right'  ><div class='container av-section-cont-open' ><div class='template-page content  av-content-small alpha units'><div class='post-entry post-entry-type-page post-entry-3613'><div class='entry-content-wrapper clearfix'>\n<div  class='avia-table av-473vxmq-ad5aecd34192a46bd15d2041abbf81fe main_color avia-pricing-table-container avia_pricing_default  avia-builder-el-13  el_after_av_section  el_before_av_table  avia-builder-el-first  avia-table-3'  itemscope=\"itemscope\" itemtype=\"https:\/\/schema.org\/Table\" ><div class=\"pricing-table-wrap\"><ul class='pricing-table avia-desc-col'><li class='avia-heading-row'><div class='first-table-item'>Pl\u00e1n<\/div><span class='pricing-extra'><\/span><\/li><li class='avia-pricing-row empty-table-cell'><span class='fallback-table-val'>20$<br \/>\n<small>za m\u011bs\u00edc<\/small><\/span><\/li><li class=''>\u0160\u00ed\u0159ka p\u00e1sma<\/li><li class=''>Maxim\u00e1ln\u00ed velikost souboru<\/li><li class=''>CPU<\/li><li class=''>Pam\u011b\u0165<\/li><li class='avia-button-row empty-table-cell'><span class='fallback-table-val'><div  class='avia-button-wrap av-2xg8c5u-7a8d081bd730655826732614f1092745-wrap avia-button-center  avia-builder-el-14  el_before_av_button  avia-builder-el-first '><a href=''  class='avia-button av-2xg8c5u-7a8d081bd730655826732614f1092745 av-link-btn avia-icon_select-yes-left-icon avia-size-medium avia-position-center avia-color-theme-color'   aria-label=\"Z\u00edskejte obchodn\u00ed pl\u00e1n\"><span class='avia_button_icon avia_button_icon_left avia-svg-icon avia-font-svg_entypo-fontello' data-av_svg_icon='29' data-av_iconset='svg_entypo-fontello'><\/span><span class='avia_iconbox_title' >Z\u00edskejte obchodn\u00ed pl\u00e1n<\/span><\/a><\/div><\/p>\n<p><\/span><\/li><\/ul><\/div><div class=\"pricing-table-wrap\"><ul class='pricing-table '><li class='avia-heading-row'><div class='first-table-item'>Obchod<\/div><span class='pricing-extra'><\/span><\/li><li class='avia-pricing-row'>20<span class=\"currency-symbol\">$<\/span><br \/>\n<small>za m\u011bs\u00edc<\/small><\/li><li class=''>10 GB<\/li><li class=''>50 MB<\/li><li class=''>3 GHZ<\/li><li class=''>1024 MB<\/li><li class='avia-button-row'><div  class='avia-button-wrap av-2xg8c5u-7a8d081bd730655826732614f1092745-wrap avia-button-center  avia-builder-el-14  el_before_av_button  avia-builder-el-first '><a href=''  class='avia-button av-2xg8c5u-7a8d081bd730655826732614f1092745 av-link-btn avia-icon_select-yes-left-icon avia-size-medium avia-position-center avia-color-theme-color'   aria-label=\"Z\u00edskejte obchodn\u00ed pl\u00e1n\"><span class='avia_button_icon avia_button_icon_left avia-svg-icon avia-font-svg_entypo-fontello' data-av_svg_icon='29' data-av_iconset='svg_entypo-fontello'><\/span><span class='avia_iconbox_title' >Z\u00edskejte obchodn\u00ed pl\u00e1n<\/span><\/a><\/div><\/p>\n<p><\/li><\/ul><\/div><div class=\"pricing-table-wrap\"><ul class='pricing-table '><li class='avia-heading-row'><div class='first-table-item'>Mega<\/div><span class='pricing-extra'><\/span><\/li><li class='avia-pricing-row'>50<span class=\"currency-symbol\">$<\/span><br \/>\n<small>za m\u011bs\u00edc<\/small><\/li><li class=''>Neomezen\u00fd<\/li><li class=''>\u017d\u00e1dn\u00e9 maximum<\/li><li class=''>5 GHZ<\/li><li class=''>4 GB<\/li><li class='avia-button-row'><div  class='avia-button-wrap av-2u4ef8i-eb88905763c2520764db165f5dce6982-wrap avia-button-center  avia-builder-el-15  el_after_av_button  avia-builder-el-last '><a href=''  class='avia-button av-2u4ef8i-eb88905763c2520764db165f5dce6982 av-link-btn avia-icon_select-yes-left-icon avia-size-medium avia-position-center avia-color-theme-color-subtle'   aria-label=\"Z\u00edskejte Mega pl\u00e1n\"><span class='avia_button_icon avia_button_icon_left avia-svg-icon avia-font-svg_entypo-fontello' data-av_svg_icon='44' data-av_iconset='svg_entypo-fontello'><\/span><span class='avia_iconbox_title' >Z\u00edskejte Mega pl\u00e1n<\/span><\/a><\/div><\/p>\n<p><\/li><\/ul><\/div><\/div>\n<div class='avia-data-table-wrap av-2rqmi42-ffa5c4332ef7047efb3d8d51d2efc9e4 avia_responsive_table avia-table-4'><table  class='avia-table avia-data-table avia_pricing_default  avia-builder-el-16  el_after_av_table  el_before_av_table '  itemscope=\"itemscope\" itemtype=\"https:\/\/schema.org\/Table\" ><caption>Toto je \u00fahledn\u00fd popisek tabulky<\/caption><tbody><tr class='avia-heading-row'><th class='avia-desc-col'>Konfigurace<\/th><th class=''>DUAL 1,8GHZ<\/th><th class=''>DUAL 2GHZ<\/th><th class=''>DUAL 2,5GHZ<\/th><\/tr><tr class=''><th class='avia-desc-col'>Model<\/th><td class=''>M9454LL\/A<\/td><td class=''>M9455LL\/A<\/td><td class=''>M9457LL\/A<\/td><\/tr><tr class=''><th class='avia-desc-col'>g5 Procesor<\/th><td class=''>Dual 1,8GHz PowerPC G5<\/td><td class=''>Dvouj\u00e1drov\u00fd 2GHz PowerPC G5<\/td><td class=''>Dvouj\u00e1drov\u00fd 2,5GHz PowerPC G5<\/td><\/tr><tr class=''><th class='avia-desc-col'>Frontside Bus<\/th><td class=''>900MHz na procesor<\/td><td class=''>1GHz na procesor<\/td><td class=''>1,25 GHz na procesor<br \/>\n<\/td><\/tr><tr class=''><th class='avia-desc-col'>\u00darove\u0148 2 Cache<\/th><td class=''>512K na procesor <\/td><td class=''>512K na procesor <\/td><td class=''>512K na procesor<br \/>\n<\/td><\/tr><tr class='avia-button-row'><th class='avia-desc-col'><\/th><td class=''><div  class='avia-button-wrap av-1g401c2-8b888ac0d3a3839110abffed69c9ee91-wrap avia-button-center  avia-builder-el-17  el_before_av_button  avia-builder-el-first '><a href=''  class='avia-button av-1g401c2-8b888ac0d3a3839110abffed69c9ee91 av-link-btn avia-icon_select-yes-left-icon avia-size-small avia-position-center avia-color-blue'   aria-label=\"Klikn\u011bte na m\u011b\"><span class='avia_button_icon avia_button_icon_left avia-svg-icon avia-font-svg_entypo-fontello' data-av_svg_icon='25' data-av_iconset='svg_entypo-fontello'><\/span><span class='avia_iconbox_title' >Klikn\u011bte na m\u011b<\/span><\/a><\/div><\/p>\n<p><\/td><td class=''><div  class='avia-button-wrap av-1dlnaki-8a67774c076a38f1917d45f8c6bf9cf6-wrap avia-button-center  avia-builder-el-18  el_after_av_button  el_before_av_button '><a href=''  class='avia-button av-1dlnaki-8a67774c076a38f1917d45f8c6bf9cf6 av-link-btn avia-icon_select-yes-left-icon avia-size-small avia-position-center avia-color-red'   aria-label=\"Klikn\u011bte na m\u011b\"><span class='avia_button_icon avia_button_icon_left avia-svg-icon avia-font-svg_entypo-fontello' data-av_svg_icon='25' data-av_iconset='svg_entypo-fontello'><\/span><span class='avia_iconbox_title' >Klikn\u011bte na m\u011b<\/span><\/a><\/div><\/p>\n<p><\/td><td class=''><div  class='avia-button-wrap av-19c668y-4a0b9f7d2deef7394c7302ec93a10898-wrap avia-button-center  avia-builder-el-19  el_after_av_button  avia-builder-el-last '><a href=''  class='avia-button av-19c668y-4a0b9f7d2deef7394c7302ec93a10898 av-link-btn avia-icon_select-yes-left-icon avia-size-small avia-position-center avia-color-green'   aria-label=\"Klikn\u011bte na m\u011b\"><span class='avia_button_icon avia_button_icon_left avia-svg-icon avia-font-svg_entypo-fontello' data-av_svg_icon='25' data-av_iconset='svg_entypo-fontello'><\/span><span class='avia_iconbox_title' >Klikn\u011bte na m\u011b<\/span><\/a><\/div><\/p>\n<p><\/td><\/tr><\/tbody><\/table><\/div><style type='text\/css'>.avia-table-4 td:nth-of-type(0):before { content: 'Konfigurace'; } .avia-table-4 td:nth-of-type(1):before { content: 'DUAL 1,8GHZ'; } .avia-table-4 td:nth-of-type(2):before { content: 'DUAL 2GHZ'; } .avia-table-4 td:nth-of-type(3):before { content: 'DUAL 2,5GHZ'; } <\/style>\n<div class='avia-data-table-wrap av-184syjm-c49c51351b796971f12848f241550f5e avia_responsive_table avia-table-5'><table  class='avia-table avia-data-table avia_pricing_default  avia-builder-el-20  el_after_av_table  avia-builder-el-last '  itemscope=\"itemscope\" itemtype=\"https:\/\/schema.org\/Table\" ><caption>Toto je \u00fahledn\u00fd popisek tabulky<\/caption><tbody><tr class='avia-heading-row'><th class=''>Konfigurace<\/th><th class=''>DUAL 1,8GHZ<\/th><th class=''>DUAL 2GHZ<\/th><th class=''>DUAL 2,5GHZ<\/th><\/tr><tr class=''><td class=''>Model<\/td><td class=''>M9454LL\/A<\/td><td class=''>M9455LL\/A<\/td><td class=''>M9457LL\/A<\/td><\/tr><tr class=''><td class=''>g5 Procesor<\/td><td class=''>Dual 1,8GHz PowerPC G5<\/td><td class=''>Dvouj\u00e1drov\u00fd 2GHz PowerPC G5<\/td><td class=''>Dvouj\u00e1drov\u00fd 2,5GHz PowerPC G5<\/td><\/tr><tr class=''><td class=''>Frontside Bus<\/td><td class=''>900MHz na procesor<\/td><td class=''>1GHz na procesor<\/td><td class=''>1,25 GHz na procesor<br \/>\n<\/td><\/tr><tr class=''><td class=''>\u00darove\u0148 2 Cache<\/td><td class=''>512K na procesor <\/td><td class=''>512K na procesor <\/td><td class=''>512K na procesor<br \/>\n<\/td><\/tr><\/tbody><\/table><\/div><style type='text\/css'>.avia-table-5 td:nth-of-type(1):before { content: 'Konfigurace'; } .avia-table-5 td:nth-of-type(2):before { content: 'DUAL 1,8GHZ'; } .avia-table-5 td:nth-of-type(3):before { content: 'DUAL 2GHZ'; } .avia-table-5 td:nth-of-type(4):before { content: 'DUAL 2,5GHZ'; } <\/style>\n","protected":false},"excerpt":{"rendered":"","protected":false},"author":1,"featured_media":0,"parent":3400,"menu_order":0,"comment_status":"closed","ping_status":"closed","template":"","meta":{"_bbp_topic_count":0,"_bbp_reply_count":0,"_bbp_total_topic_count":0,"_bbp_total_reply_count":0,"_bbp_voice_count":0,"_bbp_anonymous_reply_count":0,"_bbp_topic_count_hidden":0,"_bbp_reply_count_hidden":0,"_bbp_forum_subforum_count":0,"footnotes":""},"class_list":["post-3613","page","type-page","status-publish","hentry"],"_links":{"self":[{"href":"https:\/\/enfold.norbou.com\/cs\/wp-json\/wp\/v2\/pages\/3613","targetHints":{"allow":["GET"]}}],"collection":[{"href":"https:\/\/enfold.norbou.com\/cs\/wp-json\/wp\/v2\/pages"}],"about":[{"href":"https:\/\/enfold.norbou.com\/cs\/wp-json\/wp\/v2\/types\/page"}],"author":[{"embeddable":true,"href":"https:\/\/enfold.norbou.com\/cs\/wp-json\/wp\/v2\/users\/1"}],"replies":[{"embeddable":true,"href":"https:\/\/enfold.norbou.com\/cs\/wp-json\/wp\/v2\/comments?post=3613"}],"version-history":[{"count":9,"href":"https:\/\/enfold.norbou.com\/cs\/wp-json\/wp\/v2\/pages\/3613\/revisions"}],"predecessor-version":[{"id":4790,"href":"https:\/\/enfold.norbou.com\/cs\/wp-json\/wp\/v2\/pages\/3613\/revisions\/4790"}],"up":[{"embeddable":true,"href":"https:\/\/enfold.norbou.com\/cs\/wp-json\/wp\/v2\/pages\/3400"}],"wp:attachment":[{"href":"https:\/\/enfold.norbou.com\/cs\/wp-json\/wp\/v2\/media?parent=3613"}],"curies":[{"name":"wp","href":"https:\/\/api.w.org\/{rel}","templated":true}]}}