{"id":3617,"date":"2017-02-13T15:00:10","date_gmt":"2017-02-13T15:00:10","guid":{"rendered":"https:\/\/enfold.norbou.com\/prvky\/prokladane-zobrazeni\/"},"modified":"2024-08-24T12:25:24","modified_gmt":"2024-08-24T12:25:24","slug":"prokladane-zobrazeni","status":"publish","type":"page","link":"https:\/\/enfold.norbou.com\/cs\/prvky\/prokladane-zobrazeni\/","title":{"rendered":"Prokl\u00e1dan\u00e9 zobrazen\u00ed"},"content":{"rendered":"\n<style type=\"text\/css\" data-created_by=\"avia_inline_auto\" id=\"style-css-av-13hxb3-8d7be1a55b0ab756e6aac7459694f21a\">\n.flex_column.av-13hxb3-8d7be1a55b0ab756e6aac7459694f21a{\nborder-radius:0px 0px 0px 0px;\npadding:0px 0px 0px 0px;\n}\n<\/style>\n<div  class='flex_column av-13hxb3-8d7be1a55b0ab756e6aac7459694f21a av_one_full  avia-builder-el-0  avia-builder-el-no-sibling  first flex_column_div av-zero-column-padding  '     ><p>\n<style type=\"text\/css\" data-created_by=\"avia_inline_auto\" id=\"style-css-av-9gpbyn-84bf3a59ff4dc443032825c768ef11ae\">\n#top .av-special-heading.av-9gpbyn-84bf3a59ff4dc443032825c768ef11ae{\npadding-bottom:15px;\ncolor:#000000;\nfont-size:40px;\n}\nbody .av-special-heading.av-9gpbyn-84bf3a59ff4dc443032825c768ef11ae .av-special-heading-tag .heading-char{\nfont-size:25px;\n}\n#top #wrap_all .av-special-heading.av-9gpbyn-84bf3a59ff4dc443032825c768ef11ae .av-special-heading-tag{\nfont-size:40px;\n}\n.av-special-heading.av-9gpbyn-84bf3a59ff4dc443032825c768ef11ae .special-heading-inner-border{\nborder-color:#000000;\n}\n.av-special-heading.av-9gpbyn-84bf3a59ff4dc443032825c768ef11ae .av-subheading{\nfont-size:15px;\n}\n\n@media only screen and (min-width: 480px) and (max-width: 767px){ \n#top #wrap_all .av-special-heading.av-9gpbyn-84bf3a59ff4dc443032825c768ef11ae .av-special-heading-tag{\nfont-size:0.8em;\n}\n}\n\n@media only screen and (max-width: 479px){ \n#top #wrap_all .av-special-heading.av-9gpbyn-84bf3a59ff4dc443032825c768ef11ae .av-special-heading-tag{\nfont-size:0.8em;\n}\n}\n<\/style>\n<div  class='av-special-heading av-9gpbyn-84bf3a59ff4dc443032825c768ef11ae av-special-heading-h1 custom-color-heading blockquote modern-quote  avia-builder-el-1  el_before_av_textblock  avia-builder-el-first  av-inherit-size'><h1 class='av-special-heading-tag '  itemprop=\"headline\"  >Masonry Element<\/h1><div class=\"special-heading-border\"><div class=\"special-heading-inner-border\"><\/div><\/div><\/div><br \/>\n<section  class='av_textblock_section av-7pwbcv-f895b3931e2d2df430c2a3b187971727 '   itemscope=\"itemscope\" itemtype=\"https:\/\/schema.org\/CreativeWork\" ><div class='avia_textblock'  itemprop=\"text\" ><ul>\n<li>M\u016f\u017eete zobrazit polo\u017eky r\u016fzn\u00fdch typ\u016f p\u0159\u00edsp\u011bvk\u016f (blogov\u00e9 p\u0159\u00edsp\u011bvky, portfolio polo\u017eky, produkty) nebo seznam obr\u00e1zk\u016f<\/li>\n<li>M\u016f\u017eete t\u0159\u00eddit zobrazen\u00e9 polo\u017eky podle kategori\u00ed\/tag\u016f nebo t\u0159\u00edd\u011bn\u00ed \u00fapln\u011b zak\u00e1zat<\/li>\n<li>M\u016f\u017eete si vybrat mezi \u017e\u00e1dnou mezerou, 1px mezerou a 15px mezerou mezi jednotliv\u00fdmi prvky<\/li>\n<li>M\u016f\u017eete pou\u017e\u00edt p\u0159irozen\u00fd pom\u011br obr\u00e1zku (bez o\u0159ezu, skv\u011bl\u00e9 pro fotografie) nebo pou\u017e\u00edt p\u0159eddefinovan\u00fd pom\u011br, kter\u00fd zobraz\u00ed kr\u00e1sn\u00e9 m\u0159\u00ed\u017eky (skv\u011bl\u00e9 pro portfolia a blogy)<\/li>\n<li>M\u016f\u017eete si vybrat, zda v\u017edy zobrazovat n\u00e1zev + v\u00fd\u0148atek\/titulek, zobrazit je p\u0159i p\u0159ejet\u00ed my\u0161\u00ed nebo je skr\u00fdt<\/li>\n<li>M\u016f\u017eete zobrazit v\u00fdchoz\u00ed str\u00e1nkov\u00e1n\u00ed, ajax tla\u010d\u00edtko pro na\u010dten\u00ed dal\u0161\u00edch polo\u017eek nebo \u017e\u00e1dnou mo\u017enost pro dal\u0161\u00ed polo\u017eky<\/li>\n<\/ul>\n<\/div><\/section><br \/>\n<div  class='avia-button-wrap av-5bujan-85246b5996118766f421890493611a45-wrap avia-button-left  avia-builder-el-3  el_after_av_textblock  el_before_av_hr '><a href='https:\/\/enfold.norbou.com\/cs\/portfolio\/prokladane-portfolio-se-4-sloupci\/'  class='avia-button av-5bujan-85246b5996118766f421890493611a45 av-link-btn avia-icon_select-no avia-size-x-large avia-position-left avia-color-dark'   aria-label=\"V\u00edce p\u0159\u00edklad\u016f zdiva v Portfoliu\"><span class='avia_iconbox_title' >V\u00edce p\u0159\u00edklad\u016f zdiva v Portfoliu<\/span><\/a><\/div><br \/>\n\n<style type=\"text\/css\" data-created_by=\"avia_inline_auto\" id=\"style-css-av-4dee8f-04431d2503eefdf8e9c513334e7db1e9\">\n#top .hr.hr-invisible.av-4dee8f-04431d2503eefdf8e9c513334e7db1e9{\nheight:50px;\n}\n<\/style>\n<div  class='hr av-4dee8f-04431d2503eefdf8e9c513334e7db1e9 hr-invisible  avia-builder-el-4  el_after_av_button  el_before_av_masonry_entries  avia-builder-el-last '><span class='hr-inner '><span class=\"hr-inner-style\"><\/span><\/span><\/div><br \/>\n<div id='av-masonry-1' class='av-masonry av-1tv7ov-c8cb02697b5e9914a0141f21edc8e012 noHover av-fixed-size av-large-gap av-hover-overlay-active av-masonry-animation-active av-masonry-col-2 av-caption-always av-caption-style- av-masonry-entries ' data-post_id=\"3617\"><div class='av-masonry-sort main_color av-sort-yes-tax' data-masonry-id='1' ><div class='av-current-sort-title'><span class=\"inner_sort_button\"><span>V\u0161echny<\/span><small class=\"avia-term-count\"> 6 <\/small><\/span><\/div><div class='av-sort-by-term  ' data-av-allowed-sort='[\"design-cs_sort\",\"fotografie_sort\",\"ilustrace_sort\"]' ><a href=\"#\" data-filter=\"all_sort\" class=\"all_sort_button active_sort\"><span class=\"inner_sort_button\"><span>V\u0161echny<\/span><small class=\"avia-term-count\"> 6 <\/small><\/span><\/a><span class='text-sep design-cs_sort_sep avia_show_sort'>\/<\/span><a href=\"#\" data-filter=\"design-cs_sort\" class=\"design-cs_sort_button avia_show_sort\" ><span class=\"inner_sort_button\"><span>Design<\/span><small class='avia-term-count'> 4 <\/small><\/span><\/a><span class='text-sep fotografie_sort_sep avia_show_sort'>\/<\/span><a href=\"#\" data-filter=\"fotografie_sort\" class=\"fotografie_sort_button avia_show_sort\" ><span class=\"inner_sort_button\"><span>Fotografie<\/span><small class='avia-term-count'> 2 <\/small><\/span><\/a><span class='text-sep ilustrace_sort_sep avia_show_sort'>\/<\/span><a href=\"#\" data-filter=\"ilustrace_sort\" class=\"ilustrace_sort_button avia_show_sort\" ><span class=\"inner_sort_button\"><span>Ilustrace<\/span><small class='avia-term-count'> 4 <\/small><\/span><\/a><\/div><\/div><div class=\"av-masonry-container isotope av-js-disabled\"><div class='av-masonry-entry isotope-item av-masonry-item-no-image all_sort fotografie_sort  ilustrace_sort  design-cs_sort '><\/div><a href=\"https:\/\/enfold.norbou.com\/cs\/portfolio-item\/moderni-jednoduchy-vstup\/\"  id='av-masonry-1-item-3430' data-av-masonry-item='3430' class='av-masonry-entry isotope-item post-3430 portfolio type-portfolio status-publish has-post-thumbnail hentry tag-na-sirku tag-na-vysku portfolio_entries-fotografie portfolio_entries-ilustrace all_sort fotografie_sort  ilustrace_sort  av-masonry-item-with-image' title=\"Modern\u00ed jednoduch\u00fd vstup\"   itemscope=\"itemscope\" itemtype=\"https:\/\/schema.org\/CreativeWork\" ><div class='av-inner-masonry-sizer'><\/div><figure class='av-inner-masonry main_color'><div class=\"av-masonry-outerimage-container\"><div class='av-masonry-image-container' style=\"background-image: url(https:\/\/enfold.norbou.com\/wp-content\/uploads\/2015\/07\/portfolio-10.jpg);\" ><\/div><\/div><figcaption class='av-inner-masonry-content site-background'><div class='av-inner-masonry-content-pos'><div class='av-inner-masonry-content-pos-content'><div class='avia-arrow'><\/div><h3 class='av-masonry-entry-title entry-title '  itemprop=\"headline\" >Modern\u00ed jednoduch\u00fd vstup<\/h3><\/div><\/div><\/figcaption><\/figure><\/a><!--end av-masonry entry--><a href=\"https:\/\/enfold.norbou.com\/cs\/portfolio-item\/klasicky-jednoduchy-vstup\/\"  id='av-masonry-1-item-3435' data-av-masonry-item='3435' class='av-masonry-entry isotope-item post-3435 portfolio type-portfolio status-publish has-post-thumbnail hentry portfolio_entries-design-cs all_sort design-cs_sort  av-masonry-item-with-image' title=\"Klasick\u00fd jednoduch\u00fd vstup\"   itemscope=\"itemscope\" itemtype=\"https:\/\/schema.org\/CreativeWork\" ><div class='av-inner-masonry-sizer'><\/div><figure class='av-inner-masonry main_color'><div class=\"av-masonry-outerimage-container\"><div class='av-masonry-image-container' style=\"background-image: url(https:\/\/enfold.norbou.com\/wp-content\/uploads\/2015\/07\/portfolio-9-705x502.jpg);\" ><\/div><\/div><figcaption class='av-inner-masonry-content site-background'><div class='av-inner-masonry-content-pos'><div class='av-inner-masonry-content-pos-content'><div class='avia-arrow'><\/div><h3 class='av-masonry-entry-title entry-title '  itemprop=\"headline\" >Klasick\u00fd jednoduch\u00fd vstup<\/h3><\/div><\/div><\/figcaption><\/figure><\/a><!--end av-masonry entry--><a href=\"https:\/\/enfold.norbou.com\/cs\/portfolio-item\/klasicka-jednotliva-polozka-c-2\/\"  id='av-masonry-1-item-3440' data-av-masonry-item='3440' class='av-masonry-entry isotope-item post-3440 portfolio type-portfolio status-publish has-post-thumbnail hentry tag-na-vysku portfolio_entries-design-cs all_sort design-cs_sort  av-masonry-item-with-image' title=\"Klasick\u00e1 jednotliv\u00e1 polo\u017eka \u010d. 2\"   itemscope=\"itemscope\" itemtype=\"https:\/\/schema.org\/CreativeWork\" ><div class='av-inner-masonry-sizer'><\/div><figure class='av-inner-masonry main_color'><div class=\"av-masonry-outerimage-container\"><div class='av-masonry-image-container' style=\"background-image: url(https:\/\/enfold.norbou.com\/wp-content\/uploads\/2015\/07\/portfolio-5-705x502.jpg);\" ><\/div><\/div><figcaption class='av-inner-masonry-content site-background'><div class='av-inner-masonry-content-pos'><div class='av-inner-masonry-content-pos-content'><div class='avia-arrow'><\/div><h3 class='av-masonry-entry-title entry-title '  itemprop=\"headline\" >Klasick\u00e1 jednotliv\u00e1 polo\u017eka \u010d. 2<\/h3><\/div><\/div><\/figcaption><\/figure><\/a><!--end av-masonry entry--><a href=\"https:\/\/enfold.norbou.com\/cs\/portfolio-item\/macbook-pro-a-ssd\/\"  id='av-masonry-1-item-3445' data-av-masonry-item='3445' class='av-masonry-entry isotope-item post-3445 portfolio type-portfolio status-publish has-post-thumbnail hentry portfolio_entries-design-cs portfolio_entries-ilustrace all_sort design-cs_sort  ilustrace_sort  av-masonry-item-with-image' title=\"MacBook PRO a SSD\"   itemscope=\"itemscope\" itemtype=\"https:\/\/schema.org\/CreativeWork\" ><div class='av-inner-masonry-sizer'><\/div><figure class='av-inner-masonry main_color'><div class=\"av-masonry-outerimage-container\"><div class='av-masonry-image-container' style=\"background-image: url(https:\/\/enfold.norbou.com\/wp-content\/uploads\/2015\/07\/portfolio-6-705x502.jpg);\" ><\/div><\/div><figcaption class='av-inner-masonry-content site-background'><div class='av-inner-masonry-content-pos'><div class='av-inner-masonry-content-pos-content'><div class='avia-arrow'><\/div><h3 class='av-masonry-entry-title entry-title '  itemprop=\"headline\" >MacBook PRO a SSD<\/h3><\/div><\/div><\/figcaption><\/figure><\/a><!--end av-masonry entry--><a href=\"https:\/\/enfold.norbou.com\/cs\/portfolio-item\/plant-plant\/\"  id='av-masonry-1-item-3454' data-av-masonry-item='3454' class='av-masonry-entry isotope-item post-3454 portfolio type-portfolio status-publish has-post-thumbnail hentry portfolio_entries-fotografie portfolio_entries-ilustrace all_sort fotografie_sort  ilustrace_sort  av-masonry-item-with-image' title=\"Plant &#038; Plant\"   itemscope=\"itemscope\" itemtype=\"https:\/\/schema.org\/CreativeWork\" ><div class='av-inner-masonry-sizer'><\/div><figure class='av-inner-masonry main_color'><div class=\"av-masonry-outerimage-container\"><div class='av-masonry-image-container' style=\"background-image: url(https:\/\/enfold.norbou.com\/wp-content\/uploads\/2015\/07\/portfolio-1-705x502.jpg);\" ><\/div><\/div><figcaption class='av-inner-masonry-content site-background'><div class='av-inner-masonry-content-pos'><div class='av-inner-masonry-content-pos-content'><div class='avia-arrow'><\/div><h3 class='av-masonry-entry-title entry-title '  itemprop=\"headline\" >Plant &#038; Plant<\/h3><\/div><\/div><\/figcaption><\/figure><\/a><!--end av-masonry entry--><a href=\"https:\/\/enfold.norbou.com\/cs\/portfolio-item\/slunecni-bryle\/\"  id='av-masonry-1-item-3459' data-av-masonry-item='3459' class='av-masonry-entry isotope-item post-3459 portfolio type-portfolio status-publish has-post-thumbnail hentry tag-na-sirku portfolio_entries-design-cs portfolio_entries-ilustrace all_sort design-cs_sort  ilustrace_sort  av-masonry-item-with-image' title=\"Slune\u010dn\u00ed br\u00fdle\"   itemscope=\"itemscope\" itemtype=\"https:\/\/schema.org\/CreativeWork\" ><div class='av-inner-masonry-sizer'><\/div><figure class='av-inner-masonry main_color'><div class=\"av-masonry-outerimage-container\"><div class='av-masonry-image-container' style=\"background-image: url(https:\/\/enfold.norbou.com\/wp-content\/uploads\/2015\/07\/portfolio-7-705x502.jpg);\" ><\/div><\/div><figcaption class='av-inner-masonry-content site-background'><div class='av-inner-masonry-content-pos'><div class='av-inner-masonry-content-pos-content'><div class='avia-arrow'><\/div><h3 class='av-masonry-entry-title entry-title '  itemprop=\"headline\" >Slune\u010dn\u00ed br\u00fdle<\/h3><\/div><\/div><\/figcaption><\/figure><\/a><!--end av-masonry entry--><\/div><a class='av-masonry-pagination av-masonry-load-more' href='#load-more'  data-link='portfolio_entries'  data-term_rel='IN'  data-wc_prod_visible=''  data-wc_prod_hidden=''  data-wc_prod_featured=''  data-wc_prod_sale=''  data-prod_order_by=''  data-prod_order=''  data-date_filter=''  data-date_filter_start=''  data-date_filter_end=''  data-date_filter_format='yy\/mm\/dd'  data-period_filter_unit_1=''  data-period_filter_unit_2=''  data-page_element_filter=''  data-sort='yes-tax'  data-query_orderby='date'  data-query_order='DESC'  data-caption_elements='title excerpt'  data-caption_styling=''  data-caption_display='always'  data-img_copyright=''  data-size='fixed'  data-orientation=''  data-image_size='masonry'  data-gap='large'  data-columns='2'  data-av-desktop-columns=''  data-av-medium-columns=''  data-av-small-columns=''  data-av-mini-columns=''  data-items='6'  data-paginate='load_more'  data-color=''  data-custom_bg=''  data-img_copyright_font=''  data-av-desktop-font-img_copyright_font=''  data-av-medium-font-img_copyright_font=''  data-av-small-font-img_copyright_font=''  data-av-mini-font-img_copyright_font=''  data-img_copyright_color=''  data-img_copyright_bg=''  data-animation='active'  data-animation_duration=''  data-animation_custom_bg_color=''  data-animation_custom_bg_color_multi_list=''  data-animation_z_index_curtain='100'  data-overlay_fx='active'  data-img_scrset=''  data-lazy_loading='disabled'  data-av-desktop-hide=''  data-av-medium-hide=''  data-av-small-hide=''  data-av-mini-hide=''  data-alb_description=''  data-id=''  data-custom_class=''  data-template_class=''  data-av_uid='av-1tv7ov'  data-sc_version='1.0'  data-ids=''  data-action=''  data-post_type='post, page, attachment, revision, nav_menu_item, custom_css, customize_changeset, oembed_cache, user_request, wp_block, wp_template, wp_template_part, wp_global_styles, wp_navigation, wp_font_family, wp_font_face, forum, topic, reply, product, product_variation, shop_order, shop_order_refund, shop_coupon, shop_order_placehold, alb_custom_layout, avia_framework_post, wpcf7_contact_form, mailpoet_email, mailpoet_page, portfolio'  data-offset='0'  data-container_links='active'  data-link_dest=''  data-lightbox_text=''  data-container_class='av-masonry-entries'  data-auto_ratio='1.7'  data-set_breadcrumb='1'  data-custom_markup=''  data-taxonomy='portfolio_entries'  data-categories='50,47,46'  data-avno='f462eefd07'>Na\u010d\u00edst dal\u0161\u00ed<\/a><\/div><\/p><\/div>\n","protected":false},"excerpt":{"rendered":"","protected":false},"author":1,"featured_media":0,"parent":3400,"menu_order":0,"comment_status":"closed","ping_status":"closed","template":"","meta":{"_bbp_topic_count":0,"_bbp_reply_count":0,"_bbp_total_topic_count":0,"_bbp_total_reply_count":0,"_bbp_voice_count":0,"_bbp_anonymous_reply_count":0,"_bbp_topic_count_hidden":0,"_bbp_reply_count_hidden":0,"_bbp_forum_subforum_count":0,"footnotes":""},"class_list":["post-3617","page","type-page","status-publish","hentry"],"_links":{"self":[{"href":"https:\/\/enfold.norbou.com\/cs\/wp-json\/wp\/v2\/pages\/3617","targetHints":{"allow":["GET"]}}],"collection":[{"href":"https:\/\/enfold.norbou.com\/cs\/wp-json\/wp\/v2\/pages"}],"about":[{"href":"https:\/\/enfold.norbou.com\/cs\/wp-json\/wp\/v2\/types\/page"}],"author":[{"embeddable":true,"href":"https:\/\/enfold.norbou.com\/cs\/wp-json\/wp\/v2\/users\/1"}],"replies":[{"embeddable":true,"href":"https:\/\/enfold.norbou.com\/cs\/wp-json\/wp\/v2\/comments?post=3617"}],"version-history":[{"count":10,"href":"https:\/\/enfold.norbou.com\/cs\/wp-json\/wp\/v2\/pages\/3617\/revisions"}],"predecessor-version":[{"id":4798,"href":"https:\/\/enfold.norbou.com\/cs\/wp-json\/wp\/v2\/pages\/3617\/revisions\/4798"}],"up":[{"embeddable":true,"href":"https:\/\/enfold.norbou.com\/cs\/wp-json\/wp\/v2\/pages\/3400"}],"wp:attachment":[{"href":"https:\/\/enfold.norbou.com\/cs\/wp-json\/wp\/v2\/media?parent=3617"}],"curies":[{"name":"wp","href":"https:\/\/api.w.org\/{rel}","templated":true}]}}