{"id":3621,"date":"2017-02-13T14:59:55","date_gmt":"2017-02-13T14:59:55","guid":{"rendered":"https:\/\/enfold.norbou.com\/prvky\/portfolio-mrizka\/"},"modified":"2024-08-24T12:25:24","modified_gmt":"2024-08-24T12:25:24","slug":"portfolio-mrizka","status":"publish","type":"page","link":"https:\/\/enfold.norbou.com\/cs\/prvky\/portfolio-mrizka\/","title":{"rendered":"Portfolio m\u0159\u00ed\u017eka"},"content":{"rendered":"\n<style type=\"text\/css\" data-created_by=\"avia_inline_auto\" id=\"style-css-av-8swf70-4558ccd2027c2f81f1ba0dbb5cd4da43\">\n#top .av-special-heading.av-8swf70-4558ccd2027c2f81f1ba0dbb5cd4da43{\npadding-bottom:15px;\ncolor:#000000;\nfont-size:40px;\n}\nbody .av-special-heading.av-8swf70-4558ccd2027c2f81f1ba0dbb5cd4da43 .av-special-heading-tag .heading-char{\nfont-size:25px;\n}\n#top #wrap_all .av-special-heading.av-8swf70-4558ccd2027c2f81f1ba0dbb5cd4da43 .av-special-heading-tag{\nfont-size:40px;\n}\n.av-special-heading.av-8swf70-4558ccd2027c2f81f1ba0dbb5cd4da43 .special-heading-inner-border{\nborder-color:#000000;\n}\n.av-special-heading.av-8swf70-4558ccd2027c2f81f1ba0dbb5cd4da43 .av-subheading{\nfont-size:15px;\n}\n\n@media only screen and (min-width: 480px) and (max-width: 767px){ \n#top #wrap_all .av-special-heading.av-8swf70-4558ccd2027c2f81f1ba0dbb5cd4da43 .av-special-heading-tag{\nfont-size:0.8em;\n}\n}\n\n@media only screen and (max-width: 479px){ \n#top #wrap_all .av-special-heading.av-8swf70-4558ccd2027c2f81f1ba0dbb5cd4da43 .av-special-heading-tag{\nfont-size:0.8em;\n}\n}\n<\/style>\n<div  class='av-special-heading av-8swf70-4558ccd2027c2f81f1ba0dbb5cd4da43 av-special-heading-h1 custom-color-heading blockquote modern-quote  avia-builder-el-0  el_before_av_textblock  avia-builder-el-first  av-inherit-size'><h1 class='av-special-heading-tag '  itemprop=\"headline\"  >Portfolio Element<\/h1><div class=\"special-heading-border\"><div class=\"special-heading-inner-border\"><\/div><\/div><\/div>\n<section  class='av_textblock_section av-72vp3w-dc66249ca75b27da448b574aa07ac719 '   itemscope=\"itemscope\" itemtype=\"https:\/\/schema.org\/CreativeWork\" ><div class='avia_textblock'  itemprop=\"text\" ><p>Tento prvek v\u00e1m umo\u017e\u0148uje zobrazit m\u0159\u00ed\u017eku s polo\u017ekami portfolia, kter\u00e9 mohou odkazovat na celou polo\u017eku portfolia, pouze jeden obr\u00e1zek nebo otev\u0159\u00edt n\u00e1hledovou verzi polo\u017eky pomoc\u00ed ajaxu. Pros\u00edm, pod\u00edvejte se na v\u0161echny mo\u017enosti v\u00a0<strong>hlavn\u00edm menu portfolia<\/strong>, kde ukazujeme r\u016fzn\u00e9 zp\u016fsoby, jak kr\u00e1sn\u011b prezentovat va\u0161i pr\u00e1ci.<\/p>\n<\/div><\/section>\n\n<style type=\"text\/css\" data-created_by=\"avia_inline_auto\" id=\"style-css-av-5catpo-d1a42a15712a0260741f460934d20628\">\n#top .hr.hr-invisible.av-5catpo-d1a42a15712a0260741f460934d20628{\nheight:50px;\n}\n<\/style>\n<div  class='hr av-5catpo-d1a42a15712a0260741f460934d20628 hr-invisible  avia-builder-el-2  el_after_av_textblock  el_before_av_one_full '><span class='hr-inner '><span class=\"hr-inner-style\"><\/span><\/span><\/div>\n\n<style type=\"text\/css\" data-created_by=\"avia_inline_auto\" id=\"style-css-av-ct9z0-6d013f7775864b1664f4e0c852ca6823\">\n.flex_column.av-ct9z0-6d013f7775864b1664f4e0c852ca6823{\nborder-radius:0px 0px 0px 0px;\npadding:0px 0px 0px 0px;\n}\n<\/style>\n<div  class='flex_column av-ct9z0-6d013f7775864b1664f4e0c852ca6823 av_one_full  avia-builder-el-3  el_after_av_hr  avia-builder-el-last  first flex_column_div av-zero-column-padding  '     ><div  id=\"av-sc-portfolio-1\"  class=\"av-portfolio-grid-sorting-container\"><div class='sort_width_container  av-sort-yes' data-portfolio-id='1' ><div id='js_sort_items' ><div class='sort_by_cat '><a href=\"#\" data-filter=\"all_sort\" class=\"all_sort_button active_sort\"><span class=\"inner_sort_button\"><span>V\u0161echny<\/span><small class=\"av-cat-count\"> 6 <\/small><\/span><\/a><span class=\"text-sep design-cs_sort_sep\">\/<\/span><a href=\"#\" data-filter=\"design-cs_sort\" class=\"design-cs_sort_button\" ><span class=\"inner_sort_button\"><span>Design<\/span><small class=\"av-cat-count\"> 4 <\/small><\/span><\/a><span class=\"text-sep fotografie_sort_sep\">\/<\/span><a href=\"#\" data-filter=\"fotografie_sort\" class=\"fotografie_sort_button\" ><span class=\"inner_sort_button\"><span>Fotografie<\/span><small class=\"av-cat-count\"> 2 <\/small><\/span><\/a><span class=\"text-sep ilustrace_sort_sep\">\/<\/span><a href=\"#\" data-filter=\"ilustrace_sort\" class=\"ilustrace_sort_button\" ><span class=\"inner_sort_button\"><span>Ilustrace<\/span><small class=\"av-cat-count\"> 4 <\/small><\/span><\/a><\/div><\/div><\/div><div  class=' grid-sort-container isotope   no_margin-container with-excerpt-container grid-total-even grid-col-2 grid-links-' data-portfolio-id='1'><div data-ajax-id='3430' class=' grid-entry flex_column isotope-item all_sort no_margin post-entry post-entry-3430 grid-entry-overview grid-loop-1 grid-parity-odd  fotografie_sort ilustrace_sort  av_one_half first default_av_fullwidth '><article class='main_color inner-entry'  itemscope=\"itemscope\" itemtype=\"https:\/\/schema.org\/CreativeWork\" ><a href=\"https:\/\/enfold.norbou.com\/cs\/portfolio-item\/moderni-jednoduchy-vstup\/\" title='Modern\u00ed jednoduch\u00fd vstup'  data-rel='grid-1' class='grid-image avia-hover-fx'> <img decoding=\"async\" fetchpriority=\"high\" width=\"800\" height=\"570\" src=\"https:\/\/enfold.norbou.com\/wp-content\/uploads\/2015\/07\/portfolio-10.jpg\" class=\"wp-image-3431 avia-img-lazy-loading-not-3431 attachment-no scaling size-no scaling wp-post-image\" alt=\"\" srcset=\"https:\/\/enfold.norbou.com\/wp-content\/uploads\/2015\/07\/portfolio-10.jpg 800w, https:\/\/enfold.norbou.com\/wp-content\/uploads\/2015\/07\/portfolio-10-300x214.jpg 300w, https:\/\/enfold.norbou.com\/wp-content\/uploads\/2015\/07\/portfolio-10-768x547.jpg 768w, https:\/\/enfold.norbou.com\/wp-content\/uploads\/2015\/07\/portfolio-10-260x185.jpg 260w, https:\/\/enfold.norbou.com\/wp-content\/uploads\/2015\/07\/portfolio-10-705x502.jpg 705w, https:\/\/enfold.norbou.com\/wp-content\/uploads\/2015\/07\/portfolio-10-450x321.jpg 450w, https:\/\/enfold.norbou.com\/wp-content\/uploads\/2015\/07\/portfolio-10-600x428.jpg 600w\" sizes=\"(max-width: 800px) 100vw, 800px\" \/><\/a><div class='grid-content'><div class='avia-arrow'><\/div><header class=\"entry-content-header\" aria-label=\"Portfolio: Modern\u00ed jednoduch\u00fd vstup\"><h3 class='grid-entry-title entry-title '  itemprop=\"headline\" ><a href='https:\/\/enfold.norbou.com\/cs\/portfolio-item\/moderni-jednoduchy-vstup\/' title='Modern\u00ed jednoduch\u00fd vstup'>Modern\u00ed jednoduch\u00fd vstup<\/a><\/h3><\/header><\/div><footer class=\"entry-footer\"><\/footer><\/article><\/div><div data-ajax-id='3435' class=' grid-entry flex_column isotope-item all_sort no_margin post-entry post-entry-3435 grid-entry-overview grid-loop-2 grid-parity-even  design-cs_sort  av_one_half  default_av_fullwidth '><article class='main_color inner-entry'  itemscope=\"itemscope\" itemtype=\"https:\/\/schema.org\/CreativeWork\" ><a href=\"https:\/\/enfold.norbou.com\/cs\/portfolio-item\/klasicky-jednoduchy-vstup\/\" title='Klasick\u00fd jednoduch\u00fd vstup'  data-rel='grid-1' class='grid-image avia-hover-fx'> <img decoding=\"async\" fetchpriority=\"high\" width=\"800\" height=\"570\" src=\"https:\/\/enfold.norbou.com\/wp-content\/uploads\/2015\/07\/portfolio-9.jpg\" class=\"wp-image-3436 avia-img-lazy-loading-not-3436 attachment-no scaling size-no scaling wp-post-image\" alt=\"\" srcset=\"https:\/\/enfold.norbou.com\/wp-content\/uploads\/2015\/07\/portfolio-9.jpg 800w, https:\/\/enfold.norbou.com\/wp-content\/uploads\/2015\/07\/portfolio-9-300x214.jpg 300w, https:\/\/enfold.norbou.com\/wp-content\/uploads\/2015\/07\/portfolio-9-768x547.jpg 768w, https:\/\/enfold.norbou.com\/wp-content\/uploads\/2015\/07\/portfolio-9-260x185.jpg 260w, https:\/\/enfold.norbou.com\/wp-content\/uploads\/2015\/07\/portfolio-9-705x502.jpg 705w, https:\/\/enfold.norbou.com\/wp-content\/uploads\/2015\/07\/portfolio-9-450x321.jpg 450w, https:\/\/enfold.norbou.com\/wp-content\/uploads\/2015\/07\/portfolio-9-600x428.jpg 600w\" sizes=\"(max-width: 800px) 100vw, 800px\" \/><\/a><div class='grid-content'><div class='avia-arrow'><\/div><header class=\"entry-content-header\" aria-label=\"Portfolio: Klasick\u00fd jednoduch\u00fd vstup\"><h3 class='grid-entry-title entry-title '  itemprop=\"headline\" ><a href='https:\/\/enfold.norbou.com\/cs\/portfolio-item\/klasicky-jednoduchy-vstup\/' title='Klasick\u00fd jednoduch\u00fd vstup'>Klasick\u00fd jednoduch\u00fd vstup<\/a><\/h3><\/header><\/div><footer class=\"entry-footer\"><\/footer><\/article><\/div><div data-ajax-id='3440' class=' grid-entry flex_column isotope-item all_sort no_margin post-entry post-entry-3440 grid-entry-overview grid-loop-3 grid-parity-odd  design-cs_sort  av_one_half first default_av_fullwidth '><article class='main_color inner-entry'  itemscope=\"itemscope\" itemtype=\"https:\/\/schema.org\/CreativeWork\" ><a href=\"https:\/\/enfold.norbou.com\/cs\/portfolio-item\/klasicka-jednotliva-polozka-c-2\/\" title='Klasick\u00e1 jednotliv\u00e1 polo\u017eka \u010d. 2'  data-rel='grid-1' class='grid-image avia-hover-fx'> <img decoding=\"async\" fetchpriority=\"high\" width=\"800\" height=\"570\" src=\"https:\/\/enfold.norbou.com\/wp-content\/uploads\/2015\/07\/portfolio-5.jpg\" class=\"wp-image-3441 avia-img-lazy-loading-not-3441 attachment-no scaling size-no scaling wp-post-image\" alt=\"\" srcset=\"https:\/\/enfold.norbou.com\/wp-content\/uploads\/2015\/07\/portfolio-5.jpg 800w, https:\/\/enfold.norbou.com\/wp-content\/uploads\/2015\/07\/portfolio-5-300x214.jpg 300w, https:\/\/enfold.norbou.com\/wp-content\/uploads\/2015\/07\/portfolio-5-768x547.jpg 768w, https:\/\/enfold.norbou.com\/wp-content\/uploads\/2015\/07\/portfolio-5-260x185.jpg 260w, https:\/\/enfold.norbou.com\/wp-content\/uploads\/2015\/07\/portfolio-5-705x502.jpg 705w, https:\/\/enfold.norbou.com\/wp-content\/uploads\/2015\/07\/portfolio-5-450x321.jpg 450w, https:\/\/enfold.norbou.com\/wp-content\/uploads\/2015\/07\/portfolio-5-600x428.jpg 600w\" sizes=\"(max-width: 800px) 100vw, 800px\" \/><\/a><div class='grid-content'><div class='avia-arrow'><\/div><header class=\"entry-content-header\" aria-label=\"Portfolio: Klasick\u00e1 jednotliv\u00e1 polo\u017eka \u010d. 2\"><h3 class='grid-entry-title entry-title '  itemprop=\"headline\" ><a href='https:\/\/enfold.norbou.com\/cs\/portfolio-item\/klasicka-jednotliva-polozka-c-2\/' title='Klasick\u00e1 jednotliv\u00e1 polo\u017eka \u010d. 2'>Klasick\u00e1 jednotliv\u00e1 polo\u017eka \u010d. 2<\/a><\/h3><\/header><\/div><footer class=\"entry-footer\"><\/footer><\/article><\/div><div data-ajax-id='3445' class=' grid-entry flex_column isotope-item all_sort no_margin post-entry post-entry-3445 grid-entry-overview grid-loop-4 grid-parity-even  design-cs_sort ilustrace_sort  av_one_half  default_av_fullwidth '><article class='main_color inner-entry'  itemscope=\"itemscope\" itemtype=\"https:\/\/schema.org\/CreativeWork\" ><a href=\"https:\/\/enfold.norbou.com\/cs\/portfolio-item\/macbook-pro-a-ssd\/\" title='MacBook PRO a SSD'  data-rel='grid-1' class='grid-image avia-hover-fx'> <img decoding=\"async\" fetchpriority=\"high\" width=\"800\" height=\"570\" src=\"https:\/\/enfold.norbou.com\/wp-content\/uploads\/2015\/07\/portfolio-6.jpg\" class=\"wp-image-3446 avia-img-lazy-loading-not-3446 attachment-no scaling size-no scaling wp-post-image\" alt=\"\" srcset=\"https:\/\/enfold.norbou.com\/wp-content\/uploads\/2015\/07\/portfolio-6.jpg 800w, https:\/\/enfold.norbou.com\/wp-content\/uploads\/2015\/07\/portfolio-6-300x214.jpg 300w, https:\/\/enfold.norbou.com\/wp-content\/uploads\/2015\/07\/portfolio-6-768x547.jpg 768w, https:\/\/enfold.norbou.com\/wp-content\/uploads\/2015\/07\/portfolio-6-260x185.jpg 260w, https:\/\/enfold.norbou.com\/wp-content\/uploads\/2015\/07\/portfolio-6-705x502.jpg 705w, https:\/\/enfold.norbou.com\/wp-content\/uploads\/2015\/07\/portfolio-6-450x321.jpg 450w, https:\/\/enfold.norbou.com\/wp-content\/uploads\/2015\/07\/portfolio-6-600x428.jpg 600w\" sizes=\"(max-width: 800px) 100vw, 800px\" \/><\/a><div class='grid-content'><div class='avia-arrow'><\/div><header class=\"entry-content-header\" aria-label=\"Portfolio: MacBook PRO a SSD\"><h3 class='grid-entry-title entry-title '  itemprop=\"headline\" ><a href='https:\/\/enfold.norbou.com\/cs\/portfolio-item\/macbook-pro-a-ssd\/' title='MacBook PRO a SSD'>MacBook PRO a SSD<\/a><\/h3><\/header><\/div><footer class=\"entry-footer\"><\/footer><\/article><\/div><div data-ajax-id='3454' class=' grid-entry flex_column isotope-item all_sort no_margin post-entry post-entry-3454 grid-entry-overview grid-loop-5 grid-parity-odd  fotografie_sort ilustrace_sort  av_one_half first default_av_fullwidth '><article class='main_color inner-entry'  itemscope=\"itemscope\" itemtype=\"https:\/\/schema.org\/CreativeWork\" ><a href=\"https:\/\/enfold.norbou.com\/cs\/portfolio-item\/plant-plant\/\" title='Plant &#038; Plant'  data-rel='grid-1' class='grid-image avia-hover-fx'> <img decoding=\"async\" fetchpriority=\"high\" width=\"800\" height=\"570\" src=\"https:\/\/enfold.norbou.com\/wp-content\/uploads\/2015\/07\/portfolio-1.jpg\" class=\"wp-image-3455 avia-img-lazy-loading-not-3455 attachment-no scaling size-no scaling wp-post-image\" alt=\"\" srcset=\"https:\/\/enfold.norbou.com\/wp-content\/uploads\/2015\/07\/portfolio-1.jpg 800w, https:\/\/enfold.norbou.com\/wp-content\/uploads\/2015\/07\/portfolio-1-300x214.jpg 300w, https:\/\/enfold.norbou.com\/wp-content\/uploads\/2015\/07\/portfolio-1-768x547.jpg 768w, https:\/\/enfold.norbou.com\/wp-content\/uploads\/2015\/07\/portfolio-1-260x185.jpg 260w, https:\/\/enfold.norbou.com\/wp-content\/uploads\/2015\/07\/portfolio-1-705x502.jpg 705w, https:\/\/enfold.norbou.com\/wp-content\/uploads\/2015\/07\/portfolio-1-450x321.jpg 450w, https:\/\/enfold.norbou.com\/wp-content\/uploads\/2015\/07\/portfolio-1-600x428.jpg 600w\" sizes=\"(max-width: 800px) 100vw, 800px\" \/><\/a><div class='grid-content'><div class='avia-arrow'><\/div><header class=\"entry-content-header\" aria-label=\"Portfolio: Plant &#038; Plant\"><h3 class='grid-entry-title entry-title '  itemprop=\"headline\" ><a href='https:\/\/enfold.norbou.com\/cs\/portfolio-item\/plant-plant\/' title='Plant &#038; Plant'>Plant &#038; Plant<\/a><\/h3><\/header><\/div><footer class=\"entry-footer\"><\/footer><\/article><\/div><div data-ajax-id='3459' class=' grid-entry flex_column isotope-item all_sort no_margin post-entry post-entry-3459 grid-entry-overview grid-loop-6 grid-parity-even  post-entry-last  design-cs_sort ilustrace_sort  av_one_half  default_av_fullwidth '><article class='main_color inner-entry'  itemscope=\"itemscope\" itemtype=\"https:\/\/schema.org\/CreativeWork\" ><a href=\"https:\/\/enfold.norbou.com\/cs\/portfolio-item\/slunecni-bryle\/\" title='Slune\u010dn\u00ed br\u00fdle'  data-rel='grid-1' class='grid-image avia-hover-fx'> <img decoding=\"async\" fetchpriority=\"high\" width=\"800\" height=\"570\" src=\"https:\/\/enfold.norbou.com\/wp-content\/uploads\/2015\/07\/portfolio-7.jpg\" class=\"wp-image-3460 avia-img-lazy-loading-not-3460 attachment-no scaling size-no scaling wp-post-image\" alt=\"\" srcset=\"https:\/\/enfold.norbou.com\/wp-content\/uploads\/2015\/07\/portfolio-7.jpg 800w, https:\/\/enfold.norbou.com\/wp-content\/uploads\/2015\/07\/portfolio-7-300x214.jpg 300w, https:\/\/enfold.norbou.com\/wp-content\/uploads\/2015\/07\/portfolio-7-768x547.jpg 768w, https:\/\/enfold.norbou.com\/wp-content\/uploads\/2015\/07\/portfolio-7-260x185.jpg 260w, https:\/\/enfold.norbou.com\/wp-content\/uploads\/2015\/07\/portfolio-7-705x502.jpg 705w, https:\/\/enfold.norbou.com\/wp-content\/uploads\/2015\/07\/portfolio-7-450x321.jpg 450w, https:\/\/enfold.norbou.com\/wp-content\/uploads\/2015\/07\/portfolio-7-600x428.jpg 600w\" sizes=\"(max-width: 800px) 100vw, 800px\" \/><\/a><div class='grid-content'><div class='avia-arrow'><\/div><header class=\"entry-content-header\" aria-label=\"Portfolio: Slune\u010dn\u00ed br\u00fdle\"><h3 class='grid-entry-title entry-title '  itemprop=\"headline\" ><a href='https:\/\/enfold.norbou.com\/cs\/portfolio-item\/slunecni-bryle\/' title='Slune\u010dn\u00ed br\u00fdle'>Slune\u010dn\u00ed br\u00fdle<\/a><\/h3><\/header><\/div><footer class=\"entry-footer\"><\/footer><\/article><\/div><\/div><\/div>   <!--   class=\"av-portfolio-grid-sorting-container\"  --><div class='pagination-wrap  '><nav class='pagination'><span class='pagination-meta'>Str\u00e1nka 1 z 2<\/span><span class='current'>1<\/span><a href='https:\/\/enfold.norbou.com\/cs\/wp-json\/wp\/v2\/pages\/3621\/?avia-element-paging=2' class='inactive next_page' >2<\/a><\/nav>\n<\/div><\/div>\n","protected":false},"excerpt":{"rendered":"","protected":false},"author":1,"featured_media":0,"parent":3400,"menu_order":0,"comment_status":"closed","ping_status":"closed","template":"","meta":{"_bbp_topic_count":0,"_bbp_reply_count":0,"_bbp_total_topic_count":0,"_bbp_total_reply_count":0,"_bbp_voice_count":0,"_bbp_anonymous_reply_count":0,"_bbp_topic_count_hidden":0,"_bbp_reply_count_hidden":0,"_bbp_forum_subforum_count":0,"footnotes":""},"class_list":["post-3621","page","type-page","status-publish","hentry"],"_links":{"self":[{"href":"https:\/\/enfold.norbou.com\/cs\/wp-json\/wp\/v2\/pages\/3621","targetHints":{"allow":["GET"]}}],"collection":[{"href":"https:\/\/enfold.norbou.com\/cs\/wp-json\/wp\/v2\/pages"}],"about":[{"href":"https:\/\/enfold.norbou.com\/cs\/wp-json\/wp\/v2\/types\/page"}],"author":[{"embeddable":true,"href":"https:\/\/enfold.norbou.com\/cs\/wp-json\/wp\/v2\/users\/1"}],"replies":[{"embeddable":true,"href":"https:\/\/enfold.norbou.com\/cs\/wp-json\/wp\/v2\/comments?post=3621"}],"version-history":[{"count":9,"href":"https:\/\/enfold.norbou.com\/cs\/wp-json\/wp\/v2\/pages\/3621\/revisions"}],"predecessor-version":[{"id":4799,"href":"https:\/\/enfold.norbou.com\/cs\/wp-json\/wp\/v2\/pages\/3621\/revisions\/4799"}],"up":[{"embeddable":true,"href":"https:\/\/enfold.norbou.com\/cs\/wp-json\/wp\/v2\/pages\/3400"}],"wp:attachment":[{"href":"https:\/\/enfold.norbou.com\/cs\/wp-json\/wp\/v2\/media?parent=3621"}],"curies":[{"name":"wp","href":"https:\/\/api.w.org\/{rel}","templated":true}]}}