{"id":3625,"date":"2017-02-13T14:59:40","date_gmt":"2017-02-13T14:59:40","guid":{"rendered":"https:\/\/enfold.norbou.com\/prvky\/magazin\/"},"modified":"2024-08-24T12:25:24","modified_gmt":"2024-08-24T12:25:24","slug":"magazin","status":"publish","type":"page","link":"https:\/\/enfold.norbou.com\/cs\/prvky\/magazin\/","title":{"rendered":"Magaz\u00edn"},"content":{"rendered":"\n<style type=\"text\/css\" data-created_by=\"avia_inline_auto\" id=\"style-css-av-g6bgo9-f052a4215f965fa2bf9eed26fd249658\">\n#top .av-special-heading.av-g6bgo9-f052a4215f965fa2bf9eed26fd249658{\npadding-bottom:15px;\ncolor:#000000;\nfont-size:40px;\n}\nbody .av-special-heading.av-g6bgo9-f052a4215f965fa2bf9eed26fd249658 .av-special-heading-tag .heading-char{\nfont-size:25px;\n}\n#top #wrap_all .av-special-heading.av-g6bgo9-f052a4215f965fa2bf9eed26fd249658 .av-special-heading-tag{\nfont-size:40px;\n}\n.av-special-heading.av-g6bgo9-f052a4215f965fa2bf9eed26fd249658 .special-heading-inner-border{\nborder-color:#000000;\n}\n.av-special-heading.av-g6bgo9-f052a4215f965fa2bf9eed26fd249658 .av-subheading{\nfont-size:15px;\n}\n\n@media only screen and (min-width: 480px) and (max-width: 767px){ \n#top #wrap_all .av-special-heading.av-g6bgo9-f052a4215f965fa2bf9eed26fd249658 .av-special-heading-tag{\nfont-size:0.8em;\n}\n}\n\n@media only screen and (max-width: 479px){ \n#top #wrap_all .av-special-heading.av-g6bgo9-f052a4215f965fa2bf9eed26fd249658 .av-special-heading-tag{\nfont-size:0.8em;\n}\n}\n<\/style>\n<div  class='av-special-heading av-g6bgo9-f052a4215f965fa2bf9eed26fd249658 av-special-heading-h1 custom-color-heading blockquote modern-quote  avia-builder-el-0  el_before_av_textblock  avia-builder-el-first  av-inherit-size'><h1 class='av-special-heading-tag '  itemprop=\"headline\"  >Magaz\u00ednov\u00fd prvek<\/h1><div class=\"special-heading-border\"><div class=\"special-heading-inner-border\"><\/div><\/div><\/div>\n<section  class='av_textblock_section av-1d7pw9-ea2f4b9bc5abec6eb301ff55ecaa74c5 '   itemscope=\"itemscope\" itemtype=\"https:\/\/schema.org\/CreativeWork\" ><div class='avia_textblock'  itemprop=\"text\" ><p>Tento prvek v\u00e1m umo\u017e\u0148uje zobrazit seznam z\u00e1znam\u016f v rozlo\u017een\u00ed \u010dasopisu a umo\u017e\u0148uje v\u00e1m vytv\u00e1\u0159et kr\u00e1sn\u00e9 zpravodajsk\u00e9 weby ve stylu \u010dasopisu. Prvek podporuje jak\u00fdkoli typ p\u0159\u00edsp\u011bvku, kter\u00fd je registrov\u00e1n ve WordPressu, nap\u0159. blogov\u00e9 p\u0159\u00edsp\u011bvky, portfolio z\u00e1znamy, produkty a tak\u00e9 dopl\u0148ky plugin\u016f, jako jsou ud\u00e1losti&#8230;<\/p>\n<\/div><\/section>\n\n<style type=\"text\/css\" data-created_by=\"avia_inline_auto\" id=\"style-css-av-16nit5-518341f0c8eaad4feccb5594620bc638\">\n#top .hr.hr-invisible.av-16nit5-518341f0c8eaad4feccb5594620bc638{\nheight:50px;\n}\n<\/style>\n<div  class='hr av-16nit5-518341f0c8eaad4feccb5594620bc638 hr-invisible  avia-builder-el-2  el_after_av_textblock  el_before_av_magazine '><span class='hr-inner '><span class=\"hr-inner-style\"><\/span><\/span><\/div>\n\n<div  id=\"avia-magazine-2\"  class='av-magazine av-9er8t5-2b63d658143afce7901f86408faf4d67 av-magazine-top-bar-active av-magazine-hero-left av-magazine-tabs-active  avia-builder-el-4  el_after_av_magazine  el_before_av_one_half   avia-builder-el-4  el_after_av_magazine  el_before_av_one_half ' ><div class='av-magazine-top-bar avia-font-color-green avia-inherit-font-color'><a href='kategorie,14' class='av-magazine-top-heading '  >\u017divotn\u00ed styl<\/a><\/div><div class='av-magazine-group sort_all'><div class='av-magazine-hero first flex_column av_one_half '><article class='av-magazine-entry av-magazine-entry-id-3435 av-magazine-format-standard av-magazine-type-portfolio av-magazine-entry-1 av-magazine-entry-big '  itemscope=\"itemscope\" itemtype=\"https:\/\/schema.org\/CreativeWork\" ><div class=\"av-magazine-thumbnail\"><a href='https:\/\/enfold.norbou.com\/cs\/portfolio-item\/klasicky-jednoduchy-vstup\/' title='Odkaz na: Klasick\u00fd jednoduch\u00fd vstup' class='av-magazine-thumbnail-link'><img decoding=\"async\" fetchpriority=\"high\" width=\"710\" height=\"375\" src=\"https:\/\/enfold.norbou.com\/wp-content\/uploads\/2015\/07\/portfolio-9-710x375.jpg\" class=\"wp-image-3436 avia-img-lazy-loading-not-3436 attachment-magazine size-magazine wp-post-image\" alt=\"\" srcset=\"https:\/\/enfold.norbou.com\/wp-content\/uploads\/2015\/07\/portfolio-9-710x375.jpg 710w, https:\/\/enfold.norbou.com\/wp-content\/uploads\/2015\/07\/portfolio-9-800x423.jpg 800w\" sizes=\"(max-width: 710px) 100vw, 710px\" \/><\/a><\/div><div class=\"av-magazine-content-wrap\"><header class=\"entry-content-header\" aria-label=\"Post: Klasick\u00fd jednoduch\u00fd vstup\"><time class='av-magazine-time updated'  itemprop=\"datePublished\" datetime=\"2015-07-15T15:48:11+00:00\" >15. 7. 2015<\/time><h3 class='av-magazine-title entry-title '  itemprop=\"headline\" ><a href='https:\/\/enfold.norbou.com\/cs\/portfolio-item\/klasicky-jednoduchy-vstup\/' title='Odkaz na: Klasick\u00fd jednoduch\u00fd vstup'>Klasick\u00fd jednoduch\u00fd vstup<\/a><\/h3><\/header><\/div><footer class=\"entry-footer\"><\/footer><\/article><\/div><div class='av-magazine-sideshow flex_column av_one_half '><article class='av-magazine-entry av-magazine-entry-id-3440 av-magazine-format-standard av-magazine-type-portfolio av-magazine-entry-2 av-magazine-entry-small '  itemscope=\"itemscope\" itemtype=\"https:\/\/schema.org\/CreativeWork\" ><div class=\"av-magazine-thumbnail\"><a href='https:\/\/enfold.norbou.com\/cs\/portfolio-item\/klasicka-jednotliva-polozka-c-2\/' title='Odkaz na: Klasick\u00e1 jednotliv\u00e1 polo\u017eka \u010d. 2' class='av-magazine-thumbnail-link'><img decoding=\"async\" fetchpriority=\"high\" width=\"80\" height=\"80\" src=\"https:\/\/enfold.norbou.com\/wp-content\/uploads\/2015\/07\/portfolio-5-80x80.jpg\" class=\"wp-image-3441 avia-img-lazy-loading-not-3441 attachment-thumbnail size-thumbnail wp-post-image\" alt=\"\" srcset=\"https:\/\/enfold.norbou.com\/wp-content\/uploads\/2015\/07\/portfolio-5-80x80.jpg 80w, https:\/\/enfold.norbou.com\/wp-content\/uploads\/2015\/07\/portfolio-5-36x36.jpg 36w, https:\/\/enfold.norbou.com\/wp-content\/uploads\/2015\/07\/portfolio-5-180x180.jpg 180w, https:\/\/enfold.norbou.com\/wp-content\/uploads\/2015\/07\/portfolio-5-120x120.jpg 120w, https:\/\/enfold.norbou.com\/wp-content\/uploads\/2015\/07\/portfolio-5-450x450.jpg 450w, https:\/\/enfold.norbou.com\/wp-content\/uploads\/2015\/07\/portfolio-5-300x300.jpg 300w, https:\/\/enfold.norbou.com\/wp-content\/uploads\/2015\/07\/portfolio-5-100x100.jpg 100w\" sizes=\"(max-width: 80px) 100vw, 80px\" \/><\/a><\/div><div class=\"av-magazine-content-wrap\"><header class=\"entry-content-header\" aria-label=\"Post: Klasick\u00e1 jednotliv\u00e1 polo\u017eka \u010d. 2\"><time class='av-magazine-time updated'  itemprop=\"datePublished\" datetime=\"2015-07-15T15:46:03+00:00\" >15. 7. 2015<\/time><h3 class='av-magazine-title entry-title '  itemprop=\"headline\" ><a href='https:\/\/enfold.norbou.com\/cs\/portfolio-item\/klasicka-jednotliva-polozka-c-2\/' title='Odkaz na: Klasick\u00e1 jednotliv\u00e1 polo\u017eka \u010d. 2'>Klasick\u00e1 jednotliv\u00e1 polo\u017eka \u010d. 2<\/a><\/h3><\/header><\/div><footer class=\"entry-footer\"><\/footer><\/article><article class='av-magazine-entry av-magazine-entry-id-3445 av-magazine-format-standard av-magazine-type-portfolio av-magazine-entry-3 av-magazine-entry-small '  itemscope=\"itemscope\" itemtype=\"https:\/\/schema.org\/CreativeWork\" ><div class=\"av-magazine-thumbnail\"><a href='https:\/\/enfold.norbou.com\/cs\/portfolio-item\/macbook-pro-a-ssd\/' title='Odkaz na: MacBook PRO a SSD' class='av-magazine-thumbnail-link'><img decoding=\"async\" fetchpriority=\"high\" width=\"80\" height=\"80\" src=\"https:\/\/enfold.norbou.com\/wp-content\/uploads\/2015\/07\/portfolio-6-80x80.jpg\" class=\"wp-image-3446 avia-img-lazy-loading-not-3446 attachment-thumbnail size-thumbnail wp-post-image\" alt=\"\" srcset=\"https:\/\/enfold.norbou.com\/wp-content\/uploads\/2015\/07\/portfolio-6-80x80.jpg 80w, https:\/\/enfold.norbou.com\/wp-content\/uploads\/2015\/07\/portfolio-6-36x36.jpg 36w, https:\/\/enfold.norbou.com\/wp-content\/uploads\/2015\/07\/portfolio-6-180x180.jpg 180w, https:\/\/enfold.norbou.com\/wp-content\/uploads\/2015\/07\/portfolio-6-120x120.jpg 120w, https:\/\/enfold.norbou.com\/wp-content\/uploads\/2015\/07\/portfolio-6-450x450.jpg 450w, https:\/\/enfold.norbou.com\/wp-content\/uploads\/2015\/07\/portfolio-6-300x300.jpg 300w, https:\/\/enfold.norbou.com\/wp-content\/uploads\/2015\/07\/portfolio-6-100x100.jpg 100w\" sizes=\"(max-width: 80px) 100vw, 80px\" \/><\/a><\/div><div class=\"av-magazine-content-wrap\"><header class=\"entry-content-header\" aria-label=\"Post: MacBook PRO a SSD\"><time class='av-magazine-time updated'  itemprop=\"datePublished\" datetime=\"2015-07-15T15:41:41+00:00\" >15. 7. 2015<\/time><h3 class='av-magazine-title entry-title '  itemprop=\"headline\" ><a href='https:\/\/enfold.norbou.com\/cs\/portfolio-item\/macbook-pro-a-ssd\/' title='Odkaz na: MacBook PRO a SSD'>MacBook PRO a SSD<\/a><\/h3><\/header><\/div><footer class=\"entry-footer\"><\/footer><\/article><article class='av-magazine-entry av-magazine-entry-id-3459 av-magazine-format-standard av-magazine-type-portfolio av-magazine-entry-4 av-magazine-entry-small '  itemscope=\"itemscope\" itemtype=\"https:\/\/schema.org\/CreativeWork\" ><div class=\"av-magazine-thumbnail\"><a href='https:\/\/enfold.norbou.com\/cs\/portfolio-item\/slunecni-bryle\/' title='Odkaz na: Slune\u010dn\u00ed br\u00fdle' class='av-magazine-thumbnail-link'><img decoding=\"async\" fetchpriority=\"high\" width=\"80\" height=\"80\" src=\"https:\/\/enfold.norbou.com\/wp-content\/uploads\/2015\/07\/portfolio-7-80x80.jpg\" class=\"wp-image-3460 avia-img-lazy-loading-not-3460 attachment-thumbnail size-thumbnail wp-post-image\" alt=\"\" srcset=\"https:\/\/enfold.norbou.com\/wp-content\/uploads\/2015\/07\/portfolio-7-80x80.jpg 80w, https:\/\/enfold.norbou.com\/wp-content\/uploads\/2015\/07\/portfolio-7-36x36.jpg 36w, https:\/\/enfold.norbou.com\/wp-content\/uploads\/2015\/07\/portfolio-7-180x180.jpg 180w, https:\/\/enfold.norbou.com\/wp-content\/uploads\/2015\/07\/portfolio-7-120x120.jpg 120w, https:\/\/enfold.norbou.com\/wp-content\/uploads\/2015\/07\/portfolio-7-450x450.jpg 450w, https:\/\/enfold.norbou.com\/wp-content\/uploads\/2015\/07\/portfolio-7-300x300.jpg 300w, https:\/\/enfold.norbou.com\/wp-content\/uploads\/2015\/07\/portfolio-7-100x100.jpg 100w\" sizes=\"(max-width: 80px) 100vw, 80px\" \/><\/a><\/div><div class=\"av-magazine-content-wrap\"><header class=\"entry-content-header\" aria-label=\"Post: Slune\u010dn\u00ed br\u00fdle\"><time class='av-magazine-time updated'  itemprop=\"datePublished\" datetime=\"2015-07-15T15:39:09+00:00\" >15. 7. 2015<\/time><h3 class='av-magazine-title entry-title '  itemprop=\"headline\" ><a href='https:\/\/enfold.norbou.com\/cs\/portfolio-item\/slunecni-bryle\/' title='Odkaz na: Slune\u010dn\u00ed br\u00fdle'>Slune\u010dn\u00ed br\u00fdle<\/a><\/h3><\/header><\/div><footer class=\"entry-footer\"><\/footer><\/article><article class='av-magazine-entry av-magazine-entry-id-3464 av-magazine-format-standard av-magazine-type-portfolio av-magazine-entry-5 av-magazine-entry-small '  itemscope=\"itemscope\" itemtype=\"https:\/\/schema.org\/CreativeWork\" ><div class=\"av-magazine-thumbnail\"><a href='https:\/\/enfold.norbou.com\/cs\/portfolio-item\/mapa-pokladu\/' title='Odkaz na: Mapa poklad\u016f' class='av-magazine-thumbnail-link'><img decoding=\"async\" fetchpriority=\"high\" width=\"80\" height=\"80\" src=\"https:\/\/enfold.norbou.com\/wp-content\/uploads\/2015\/07\/portfolio-4-80x80.jpg\" class=\"wp-image-3465 avia-img-lazy-loading-not-3465 attachment-thumbnail size-thumbnail wp-post-image\" alt=\"\" srcset=\"https:\/\/enfold.norbou.com\/wp-content\/uploads\/2015\/07\/portfolio-4-80x80.jpg 80w, https:\/\/enfold.norbou.com\/wp-content\/uploads\/2015\/07\/portfolio-4-36x36.jpg 36w, https:\/\/enfold.norbou.com\/wp-content\/uploads\/2015\/07\/portfolio-4-180x180.jpg 180w, https:\/\/enfold.norbou.com\/wp-content\/uploads\/2015\/07\/portfolio-4-120x120.jpg 120w, https:\/\/enfold.norbou.com\/wp-content\/uploads\/2015\/07\/portfolio-4-450x450.jpg 450w, https:\/\/enfold.norbou.com\/wp-content\/uploads\/2015\/07\/portfolio-4-300x300.jpg 300w, https:\/\/enfold.norbou.com\/wp-content\/uploads\/2015\/07\/portfolio-4-100x100.jpg 100w\" sizes=\"(max-width: 80px) 100vw, 80px\" \/><\/a><\/div><div class=\"av-magazine-content-wrap\"><header class=\"entry-content-header\" aria-label=\"Post: Mapa poklad\u016f\"><time class='av-magazine-time updated'  itemprop=\"datePublished\" datetime=\"2015-07-15T15:24:11+00:00\" >15. 7. 2015<\/time><h3 class='av-magazine-title entry-title '  itemprop=\"headline\" ><a href='https:\/\/enfold.norbou.com\/cs\/portfolio-item\/mapa-pokladu\/' title='Odkaz na: Mapa poklad\u016f'>Mapa poklad\u016f<\/a><\/h3><\/header><\/div><footer class=\"entry-footer\"><\/footer><\/article><\/div><\/div><\/div>\n<div  class='flex_column av-7edksp-e84befa7a57c7ba0c305d2bb408ee7f2 av_one_half  avia-builder-el-5  el_after_av_magazine  el_before_av_one_half  first flex_column_div  '     ><div  id=\"avia-magazine-3\"  class='av-magazine av-5c292h-f9b60460d63e9610370b8cdf9da17af0 av-magazine-top-bar-active av-magazine-hero-top av-magazine-tabs-active  avia-builder-el-6  avia-builder-el-no-sibling   avia-builder-el-6  avia-builder-el-no-sibling ' ><div class='av-magazine-top-bar avia-font-color-teal avia-inherit-font-color'><a href='kategorie,14' class='av-magazine-top-heading '  >V\u011bda<\/a><\/div><div class='av-magazine-group sort_all'><div class='av-magazine-hero first '><article class='av-magazine-entry av-magazine-entry-id-3505 av-magazine-format-standard av-magazine-type-post av-magazine-entry-1 av-magazine-entry-big '  itemscope=\"itemscope\" itemtype=\"https:\/\/schema.org\/CreativeWork\" ><div class=\"av-magazine-thumbnail\"><a href='https:\/\/enfold.norbou.com\/cs\/ahoj-svete\/' title='Odkaz na: Ahoj sv\u011bte!' class='av-magazine-entry-icon avia-svg-icon avia-font-svg_entypo-fontello' data-av_svg_icon='pencil' data-av_iconset='svg_entypo-fontello'><svg version=\"1.1\" xmlns=\"http:\/\/www.w3.org\/2000\/svg\" width=\"25\" height=\"32\" viewBox=\"0 0 25 32\" preserveAspectRatio=\"xMidYMid meet\" role=\"graphics-symbol\" aria-hidden=\"true\">\n<path d=\"M22.976 5.44q1.024 1.024 1.504 2.048t0.48 1.536v0.512l-8.064 8.064-9.28 9.216-7.616 1.664 1.6-7.68 9.28-9.216 8.064-8.064q1.728-0.384 4.032 1.92zM7.168 25.92l0.768-0.768q-0.064-1.408-1.664-3.008-0.704-0.704-1.44-1.12t-1.12-0.416l-0.448-0.064-0.704 0.768-0.576 2.56q0.896 0.512 1.472 1.088 0.768 0.768 1.152 1.536z\"><\/path>\n<\/svg><\/a><\/div><div class=\"av-magazine-content-wrap\"><header class=\"entry-content-header\" aria-label=\"Post: Ahoj sv\u011bte!\"><time class='av-magazine-time updated'  itemprop=\"datePublished\" datetime=\"2022-08-23T20:16:11+00:00\" >23. 8. 2022<\/time><h3 class='av-magazine-title entry-title '  itemprop=\"headline\" ><a href='https:\/\/enfold.norbou.com\/cs\/ahoj-svete\/' title='Odkaz na: Ahoj sv\u011bte!'>Ahoj sv\u011bte!<\/a><\/h3><\/header><div class='av-magazine-content entry-content'  itemprop=\"text\" ><p>V\u00edtejte ve WordPressu. Toto je v\u00e1\u0161 prvn\u00ed p\u0159\u00edsp\u011bvek. Upravte\u2026<\/p>\n<\/div><\/div><footer class=\"entry-footer\"><\/footer><\/article><\/div><div class='av-magazine-sideshow '><article class='av-magazine-entry av-magazine-entry-id-3474 av-magazine-format-audio av-magazine-type-post av-magazine-entry-2 av-magazine-entry-small '  itemscope=\"itemscope\" itemtype=\"https:\/\/schema.org\/CreativeWork\" ><div class=\"av-magazine-thumbnail\"><a href='https:\/\/enfold.norbou.com\/cs\/vstup-se-zvukem\/' title='Odkaz na: Vstup se zvukem' class='av-magazine-thumbnail-link'><img decoding=\"async\" fetchpriority=\"high\" width=\"80\" height=\"80\" src=\"https:\/\/enfold.norbou.com\/wp-content\/uploads\/2015\/07\/portfolio-large-2-80x80.jpg\" class=\"wp-image-3475 avia-img-lazy-loading-not-3475 attachment-thumbnail size-thumbnail wp-post-image\" alt=\"\" srcset=\"https:\/\/enfold.norbou.com\/wp-content\/uploads\/2015\/07\/portfolio-large-2-80x80.jpg 80w, https:\/\/enfold.norbou.com\/wp-content\/uploads\/2015\/07\/portfolio-large-2-36x36.jpg 36w, https:\/\/enfold.norbou.com\/wp-content\/uploads\/2015\/07\/portfolio-large-2-180x180.jpg 180w, https:\/\/enfold.norbou.com\/wp-content\/uploads\/2015\/07\/portfolio-large-2-120x120.jpg 120w, https:\/\/enfold.norbou.com\/wp-content\/uploads\/2015\/07\/portfolio-large-2-450x450.jpg 450w, https:\/\/enfold.norbou.com\/wp-content\/uploads\/2015\/07\/portfolio-large-2-300x300.jpg 300w, https:\/\/enfold.norbou.com\/wp-content\/uploads\/2015\/07\/portfolio-large-2-100x100.jpg 100w\" sizes=\"(max-width: 80px) 100vw, 80px\" \/><\/a><\/div><div class=\"av-magazine-content-wrap\"><header class=\"entry-content-header\" aria-label=\"Post: Vstup se zvukem\"><time class='av-magazine-time updated'  itemprop=\"datePublished\" datetime=\"2015-05-11T18:55:31+00:00\" >11. 5. 2015<\/time><h3 class='av-magazine-title entry-title '  itemprop=\"headline\" ><a href='https:\/\/enfold.norbou.com\/cs\/vstup-se-zvukem\/' title='Odkaz na: Vstup se zvukem'>Vstup se zvukem<\/a><\/h3><\/header><\/div><footer class=\"entry-footer\"><\/footer><\/article><article class='av-magazine-entry av-magazine-entry-id-3481 av-magazine-format-gallery av-magazine-type-post av-magazine-entry-3 av-magazine-entry-small '  itemscope=\"itemscope\" itemtype=\"https:\/\/schema.org\/CreativeWork\" ><div class=\"av-magazine-thumbnail\"><a href='https:\/\/enfold.norbou.com\/cs\/mala-galerie\/' title='Odkaz na: Mal\u00e1 galerie' class='av-magazine-thumbnail-link'><img decoding=\"async\" fetchpriority=\"high\" width=\"80\" height=\"80\" src=\"https:\/\/enfold.norbou.com\/wp-content\/uploads\/2015\/07\/portfolio-large-1-80x80.jpg\" class=\"wp-image-3482 avia-img-lazy-loading-not-3482 attachment-thumbnail size-thumbnail wp-post-image\" alt=\"\" srcset=\"https:\/\/enfold.norbou.com\/wp-content\/uploads\/2015\/07\/portfolio-large-1-80x80.jpg 80w, https:\/\/enfold.norbou.com\/wp-content\/uploads\/2015\/07\/portfolio-large-1-36x36.jpg 36w, https:\/\/enfold.norbou.com\/wp-content\/uploads\/2015\/07\/portfolio-large-1-180x180.jpg 180w, https:\/\/enfold.norbou.com\/wp-content\/uploads\/2015\/07\/portfolio-large-1-120x120.jpg 120w, https:\/\/enfold.norbou.com\/wp-content\/uploads\/2015\/07\/portfolio-large-1-450x450.jpg 450w, https:\/\/enfold.norbou.com\/wp-content\/uploads\/2015\/07\/portfolio-large-1-300x300.jpg 300w, https:\/\/enfold.norbou.com\/wp-content\/uploads\/2015\/07\/portfolio-large-1-100x100.jpg 100w\" sizes=\"(max-width: 80px) 100vw, 80px\" \/><\/a><\/div><div class=\"av-magazine-content-wrap\"><header class=\"entry-content-header\" aria-label=\"Post: Mal\u00e1 galerie\"><time class='av-magazine-time updated'  itemprop=\"datePublished\" datetime=\"2015-01-24T18:20:21+00:00\" >24. 1. 2015<\/time><h3 class='av-magazine-title entry-title '  itemprop=\"headline\" ><a href='https:\/\/enfold.norbou.com\/cs\/mala-galerie\/' title='Odkaz na: Mal\u00e1 galerie'>Mal\u00e1 galerie<\/a><\/h3><\/header><\/div><footer class=\"entry-footer\"><\/footer><\/article><article class='av-magazine-entry av-magazine-entry-id-3488 av-magazine-format-standard av-magazine-type-post av-magazine-entry-4 av-magazine-entry-small '  itemscope=\"itemscope\" itemtype=\"https:\/\/schema.org\/CreativeWork\" ><div class=\"av-magazine-thumbnail\"><a href='https:\/\/enfold.norbou.com\/cs\/pekny-zaznam\/' title='Odkaz na: P\u011bkn\u00fd z\u00e1znam' class='av-magazine-thumbnail-link'><img decoding=\"async\" fetchpriority=\"high\" width=\"80\" height=\"80\" src=\"https:\/\/enfold.norbou.com\/wp-content\/uploads\/2015\/07\/business-office-work-80x80.jpg\" class=\"wp-image-3489 avia-img-lazy-loading-not-3489 attachment-thumbnail size-thumbnail wp-post-image\" alt=\"\" srcset=\"https:\/\/enfold.norbou.com\/wp-content\/uploads\/2015\/07\/business-office-work-80x80.jpg 80w, https:\/\/enfold.norbou.com\/wp-content\/uploads\/2015\/07\/business-office-work-36x36.jpg 36w, https:\/\/enfold.norbou.com\/wp-content\/uploads\/2015\/07\/business-office-work-180x180.jpg 180w, https:\/\/enfold.norbou.com\/wp-content\/uploads\/2015\/07\/business-office-work-120x120.jpg 120w, https:\/\/enfold.norbou.com\/wp-content\/uploads\/2015\/07\/business-office-work-450x450.jpg 450w, https:\/\/enfold.norbou.com\/wp-content\/uploads\/2015\/07\/business-office-work-300x300.jpg 300w, https:\/\/enfold.norbou.com\/wp-content\/uploads\/2015\/07\/business-office-work-100x100.jpg 100w\" sizes=\"(max-width: 80px) 100vw, 80px\" \/><\/a><\/div><div class=\"av-magazine-content-wrap\"><header class=\"entry-content-header\" aria-label=\"Post: P\u011bkn\u00fd z\u00e1znam\"><time class='av-magazine-time updated'  itemprop=\"datePublished\" datetime=\"2014-08-24T18:56:26+00:00\" >24. 8. 2014<\/time><h3 class='av-magazine-title entry-title '  itemprop=\"headline\" ><a href='https:\/\/enfold.norbou.com\/cs\/pekny-zaznam\/' title='Odkaz na: P\u011bkn\u00fd z\u00e1znam'>P\u011bkn\u00fd z\u00e1znam<\/a><\/h3><\/header><\/div><footer class=\"entry-footer\"><\/footer><\/article><article class='av-magazine-entry av-magazine-entry-id-3490 av-magazine-format-standard av-magazine-type-post av-magazine-entry-5 av-magazine-entry-small '  itemscope=\"itemscope\" itemtype=\"https:\/\/schema.org\/CreativeWork\" ><div class=\"av-magazine-thumbnail\"><a href='https:\/\/enfold.norbou.com\/cs\/polozka-bez-nahledoveho-obrazku\/' title='Odkaz na: Polo\u017eka bez n\u00e1hledov\u00e9ho obr\u00e1zku' class='av-magazine-entry-icon avia-svg-icon avia-font-svg_entypo-fontello' data-av_svg_icon='pencil' data-av_iconset='svg_entypo-fontello'><svg version=\"1.1\" xmlns=\"http:\/\/www.w3.org\/2000\/svg\" width=\"25\" height=\"32\" viewBox=\"0 0 25 32\" preserveAspectRatio=\"xMidYMid meet\" role=\"graphics-symbol\" aria-hidden=\"true\">\n<path d=\"M22.976 5.44q1.024 1.024 1.504 2.048t0.48 1.536v0.512l-8.064 8.064-9.28 9.216-7.616 1.664 1.6-7.68 9.28-9.216 8.064-8.064q1.728-0.384 4.032 1.92zM7.168 25.92l0.768-0.768q-0.064-1.408-1.664-3.008-0.704-0.704-1.44-1.12t-1.12-0.416l-0.448-0.064-0.704 0.768-0.576 2.56q0.896 0.512 1.472 1.088 0.768 0.768 1.152 1.536z\"><\/path>\n<\/svg><\/a><\/div><div class=\"av-magazine-content-wrap\"><header class=\"entry-content-header\" aria-label=\"Post: Polo\u017eka bez n\u00e1hledov\u00e9ho obr\u00e1zku\"><time class='av-magazine-time updated'  itemprop=\"datePublished\" datetime=\"2014-02-12T18:49:48+00:00\" >12. 2. 2014<\/time><h3 class='av-magazine-title entry-title '  itemprop=\"headline\" ><a href='https:\/\/enfold.norbou.com\/cs\/polozka-bez-nahledoveho-obrazku\/' title='Odkaz na: Polo\u017eka bez n\u00e1hledov\u00e9ho obr\u00e1zku'>Polo\u017eka bez n\u00e1hledov\u00e9ho obr\u00e1zku<\/a><\/h3><\/header><\/div><footer class=\"entry-footer\"><\/footer><\/article><\/div><\/div><\/div><\/div>\n\n<style type=\"text\/css\" data-created_by=\"avia_inline_auto\" id=\"style-css-av-3sjd6x-8b94694787b146ffb730b408553f1c71\">\n.flex_column.av-3sjd6x-8b94694787b146ffb730b408553f1c71{\nborder-radius:0px 0px 0px 0px;\npadding:0px 0px 0px 0px;\n}\n<\/style>\n<div  class='flex_column av-3sjd6x-8b94694787b146ffb730b408553f1c71 av_one_half  avia-builder-el-7  el_after_av_one_half  avia-builder-el-last  flex_column_div av-zero-column-padding  '     ><\/div>\n","protected":false},"excerpt":{"rendered":"","protected":false},"author":1,"featured_media":0,"parent":3400,"menu_order":0,"comment_status":"closed","ping_status":"closed","template":"","meta":{"_bbp_topic_count":0,"_bbp_reply_count":0,"_bbp_total_topic_count":0,"_bbp_total_reply_count":0,"_bbp_voice_count":0,"_bbp_anonymous_reply_count":0,"_bbp_topic_count_hidden":0,"_bbp_reply_count_hidden":0,"_bbp_forum_subforum_count":0,"footnotes":""},"class_list":["post-3625","page","type-page","status-publish","hentry"],"_links":{"self":[{"href":"https:\/\/enfold.norbou.com\/cs\/wp-json\/wp\/v2\/pages\/3625","targetHints":{"allow":["GET"]}}],"collection":[{"href":"https:\/\/enfold.norbou.com\/cs\/wp-json\/wp\/v2\/pages"}],"about":[{"href":"https:\/\/enfold.norbou.com\/cs\/wp-json\/wp\/v2\/types\/page"}],"author":[{"embeddable":true,"href":"https:\/\/enfold.norbou.com\/cs\/wp-json\/wp\/v2\/users\/1"}],"replies":[{"embeddable":true,"href":"https:\/\/enfold.norbou.com\/cs\/wp-json\/wp\/v2\/comments?post=3625"}],"version-history":[{"count":9,"href":"https:\/\/enfold.norbou.com\/cs\/wp-json\/wp\/v2\/pages\/3625\/revisions"}],"predecessor-version":[{"id":4803,"href":"https:\/\/enfold.norbou.com\/cs\/wp-json\/wp\/v2\/pages\/3625\/revisions\/4803"}],"up":[{"embeddable":true,"href":"https:\/\/enfold.norbou.com\/cs\/wp-json\/wp\/v2\/pages\/3400"}],"wp:attachment":[{"href":"https:\/\/enfold.norbou.com\/cs\/wp-json\/wp\/v2\/media?parent=3625"}],"curies":[{"name":"wp","href":"https:\/\/api.w.org\/{rel}","templated":true}]}}