{"id":3633,"date":"2017-02-13T14:59:09","date_gmt":"2017-02-13T14:59:09","guid":{"rendered":"https:\/\/enfold.norbou.com\/prvky\/kontaktni-formular\/"},"modified":"2024-08-24T12:25:24","modified_gmt":"2024-08-24T12:25:24","slug":"kontaktni-formular","status":"publish","type":"page","link":"https:\/\/enfold.norbou.com\/cs\/prvky\/kontaktni-formular\/","title":{"rendered":"Kontaktn\u00ed formul\u00e1\u0159"},"content":{"rendered":"\n<style type=\"text\/css\" data-created_by=\"avia_inline_auto\" id=\"style-css-av-vogp5f-24cba697c97f251f063e57031013d05a\">\n#top .av-special-heading.av-vogp5f-24cba697c97f251f063e57031013d05a{\npadding-bottom:15px;\ncolor:#000000;\nfont-size:40px;\n}\nbody .av-special-heading.av-vogp5f-24cba697c97f251f063e57031013d05a .av-special-heading-tag .heading-char{\nfont-size:25px;\n}\n#top #wrap_all .av-special-heading.av-vogp5f-24cba697c97f251f063e57031013d05a .av-special-heading-tag{\nfont-size:40px;\n}\n.av-special-heading.av-vogp5f-24cba697c97f251f063e57031013d05a .special-heading-inner-border{\nborder-color:#000000;\n}\n.av-special-heading.av-vogp5f-24cba697c97f251f063e57031013d05a .av-subheading{\nfont-size:15px;\n}\n\n@media only screen and (min-width: 480px) and (max-width: 767px){ \n#top #wrap_all .av-special-heading.av-vogp5f-24cba697c97f251f063e57031013d05a .av-special-heading-tag{\nfont-size:0.8em;\n}\n}\n\n@media only screen and (max-width: 479px){ \n#top #wrap_all .av-special-heading.av-vogp5f-24cba697c97f251f063e57031013d05a .av-special-heading-tag{\nfont-size:0.8em;\n}\n}\n<\/style>\n<div  class='av-special-heading av-vogp5f-24cba697c97f251f063e57031013d05a av-special-heading-h1 custom-color-heading blockquote modern-quote  avia-builder-el-0  el_before_av_textblock  avia-builder-el-first  av-inherit-size'><h1 class='av-special-heading-tag '  itemprop=\"headline\"  >Kontaktn\u00ed formul\u00e1\u0159e<\/h1><div class=\"special-heading-border\"><div class=\"special-heading-inner-border\"><\/div><\/div><\/div>\n<section  class='av_textblock_section av-urictf-6240c43b5896bbb488a2036fceca8dd0 '   itemscope=\"itemscope\" itemtype=\"https:\/\/schema.org\/CreativeWork\" ><div class='avia_textblock'  itemprop=\"text\" ><ul>\n<li>M\u016f\u017eete p\u0159idat libovoln\u00fd po\u010det kontaktn\u00edch formul\u00e1\u0159\u016f do \u0161ablony<\/li>\n<li>Ka\u017ed\u00fd kontaktn\u00ed formul\u00e1\u0159 lze p\u0159izp\u016fsobit: M\u016f\u017eete p\u0159idat r\u016fzn\u00e9 vstupn\u00ed pole, textov\u00e1 pole, rozbalovac\u00ed nab\u00eddky a za\u0161krt\u00e1vac\u00ed pol\u00ed\u010dka<\/li>\n<li>Kontaktn\u00ed formul\u00e1\u0159e maj\u00ed skrytou ochranu proti spamu a pokud to nesta\u010d\u00ed, tak\u00e9 jednoduch\u00fd matematick\u00fd <a href=\"http:\/\/en.wikipedia.org\/wiki\/CAPTCHA\">CAPTCHA<\/a><\/li>\n<\/ul>\n<\/div><\/section>\n<div  class='hr av-sqmonn-7995ab2616fd500c60b33a34bb482ee7 hr-full  avia-builder-el-2  el_after_av_textblock  el_before_av_contact  hr-no-shadow'><span class='hr-inner '><span class=\"hr-inner-style\"><\/span><\/span><\/div>\n<form action=\"https:\/\/enfold.norbou.com\/cs\/prvky\/kontaktni-formular\/\" method=\"post\" data-fields-with-error=\"Nalezeny chyby v n\u00e1sleduj\u00edc\u00edch pol\u00edch:\" class=\"avia_ajax_form av-form-labels-hidden   avia-builder-el-3  el_after_av_hr  el_before_av_hr   \" data-avia-form-id=\"1\" data-avia-redirect='' ><h3 class=''>P\u0159ihlaste se k odb\u011bru na\u0161eho zpravodaje<\/h3><fieldset><p class='  first_form  form_element form_element_third' id='element_avia_1_1'><label for=\"avia_1_1\">Jm\u00e9no <abbr class=\"required\" title=\"po\u017eadov\u00e1no\">*<\/abbr><\/label> <input name=\"avia_1_1\" class=\"text_input is_empty\" type=\"text\" id=\"avia_1_1\" value=\"\"  placeholder='Jm\u00e9no*'\/><\/p><p class='  form_element form_element_third av-last-visible-form-element' id='element_avia_2_1'><label for=\"avia_2_1\">E-Mail <abbr class=\"required\" title=\"po\u017eadov\u00e1no\">*<\/abbr><\/label> <input name=\"avia_2_1\" class=\"text_input is_email\" type=\"text\" id=\"avia_2_1\" value=\"\"  placeholder='E-Mail*'\/><\/p><p class=\"hidden\"><input type=\"text\" name=\"avia_3_1\" class=\"hidden \" id=\"avia_3_1\" value=\"\" \/><\/p><p class=\"form_element form_element_third modified_width\"><input type=\"hidden\" value=\"1\" name=\"avia_generated_form1\" \/><input type=\"submit\" value=\"P\u0159ihl\u00e1sit se k odb\u011bru\" class=\"button\"  data-sending-label=\"Odesl\u00e1n\u00ed na\"\/><\/p><\/fieldset><\/form><div id=\"ajaxresponse_1\" class=\"ajaxresponse ajaxresponse_1 hidden\"><\/div>\n<div  class='hr av-mv9dgz-a464b59c75c41027826aa8c92b1c8858 hr-full  avia-builder-el-4  el_after_av_contact  el_before_av_contact  hr-no-shadow'><span class='hr-inner '><span class=\"hr-inner-style\"><\/span><\/span><\/div>\n<form action=\"https:\/\/enfold.norbou.com\/cs\/prvky\/kontaktni-formular\/\" method=\"post\" data-fields-with-error=\"Nalezeny chyby v n\u00e1sleduj\u00edc\u00edch pol\u00edch:\" class=\"avia_ajax_form av-form-labels-visible   avia-builder-el-5  el_after_av_hr  el_before_av_hr   \" data-avia-form-id=\"2\" data-avia-redirect='' ><h3 class=''>Po\u017e\u00e1dejte o vlastn\u00ed pr\u00e1ci<\/h3><fieldset><p class='  first_form  form_element form_element_half' id='element_avia_1_2'><label for=\"avia_1_2\">Jm\u00e9no <abbr class=\"required\" title=\"po\u017eadov\u00e1no\">*<\/abbr><\/label> <input name=\"avia_1_2\" class=\"text_input is_empty\" type=\"text\" id=\"avia_1_2\" value=\"\" \/><\/p><p class='  form_element form_element_half' id='element_avia_2_2'><label for=\"avia_2_2\">E-Mail <abbr class=\"required\" title=\"po\u017eadov\u00e1no\">*<\/abbr><\/label> <input name=\"avia_2_2\" class=\"text_input is_email\" type=\"text\" id=\"avia_2_2\" value=\"\" \/><\/p><p class='  first_form  form_element form_element_half' id='element_avia_3_2'><label for=\"avia_3_2\">Datum <abbr class=\"required\" title=\"po\u017eadov\u00e1no\">*<\/abbr><\/label> <input name=\"avia_3_2\" class=\"avia_datepicker text_input is_empty\" type=\"text\" id=\"avia_3_2\" value=\"\" placeholder=\"DD \/ MM \/ YY\" inputmode=\"none\" \/><\/p><p class='  form_element form_element_half av-last-visible-form-element' id='element_avia_4_2'><label for=\"avia_4_2\">Rozpo\u010det<\/label><select  name=\"avia_4_2\" class=\"select \" id=\"avia_4_2\"><option   value='100-500'>100-500<\/option><option   value='500-1000'>500-1000<\/option><option   value='1000-5000'>1000-5000<\/option><option   value='5000-15000'>5000-15000<\/option><\/select><\/p><p class=\"hidden\"><input type=\"text\" name=\"avia_5_2\" class=\"hidden \" id=\"avia_5_2\" value=\"\" \/><\/p><p class=\"form_element \"><input type=\"hidden\" value=\"1\" name=\"avia_generated_form2\" \/><input type=\"submit\" value=\"\u017d\u00e1dost\" class=\"button\"  data-sending-label=\"Odesl\u00e1n\u00ed na\"\/><\/p><\/fieldset><\/form><div id=\"ajaxresponse_2\" class=\"ajaxresponse ajaxresponse_2 hidden\"><\/div>\n<div  class='hr av-cdop1v-06a772d714a504b64ca9d581be5429b8 hr-full  avia-builder-el-6  el_after_av_contact  el_before_av_contact  hr-no-shadow'><span class='hr-inner '><span class=\"hr-inner-style\"><\/span><\/span><\/div>\n<form action=\"https:\/\/enfold.norbou.com\/cs\/prvky\/kontaktni-formular\/\" method=\"post\" data-fields-with-error=\"Nalezeny chyby v n\u00e1sleduj\u00edc\u00edch pol\u00edch:\" class=\"avia_ajax_form av-form-labels-visible   avia-builder-el-7  el_after_av_hr  el_before_av_codeblock   \" data-avia-form-id=\"3\" data-avia-redirect='' ><h3 class=''>Po\u0161lete n\u00e1m e-mail<\/h3><fieldset><p class='  first_form  form_element form_element_half' id='element_avia_1_3'><label for=\"avia_1_3\">Jm\u00e9no <abbr class=\"required\" title=\"po\u017eadov\u00e1no\">*<\/abbr><\/label> <input name=\"avia_1_3\" class=\"text_input is_empty\" type=\"text\" id=\"avia_1_3\" value=\"\" \/><\/p><p class='  form_element form_element_half' id='element_avia_2_3'><label for=\"avia_2_3\">E-Mail <abbr class=\"required\" title=\"po\u017eadov\u00e1no\">*<\/abbr><\/label> <input name=\"avia_2_3\" class=\"text_input is_email\" type=\"text\" id=\"avia_2_3\" value=\"\" \/><\/p><p class='  first_form  form_element form_fullwidth' id='element_avia_3_3'><label for=\"avia_3_3\">P\u0159edm\u011bt <abbr class=\"required\" title=\"po\u017eadov\u00e1no\">*<\/abbr><\/label> <input name=\"avia_3_3\" class=\"text_input is_empty\" type=\"text\" id=\"avia_3_3\" value=\"\" \/><\/p><p class='  first_form  form_element form_fullwidth' id='element_avia_4_3'><label for=\"avia_4_3\" class=\"textare_label hidden textare_label_avia_4_3\">Zpr\u00e1va <abbr class=\"required\" title=\"po\u017eadov\u00e1no\">*<\/abbr><\/label><textarea  name=\"avia_4_3\" class=\"text_area is_empty\" cols=\"40\" rows=\"7\" id=\"avia_4_3\" ><\/textarea><\/p><p class='  first_form  form_element form_element_half' id='element_avia_5_3'><input  name=\"avia_5_3\" class=\"input_checkbox is_empty\" type=\"checkbox\" id=\"avia_5_3\" value=\"true\"\/><label class=\"input_checkbox_label\" for=\"avia_5_3\">P\u0159e\u010detl(a) jsem si a pochopil(a) va\u0161e rozumn\u00e9 podm\u00ednky <abbr class=\"required\" title=\"po\u017eadov\u00e1no\">*<\/abbr><\/label><\/p><p class=\"hidden\"><input type=\"text\" name=\"avia_6_3\" class=\"hidden \" id=\"avia_6_3\" value=\"\" \/><\/p><p class=' form_element_half  form_element form_fullwidth' id='element_avia_7_3'><span class='value_verifier_label'>3 + 1 = ?<\/span><input name=\"avia_7_3_verifier\" type=\"hidden\" id=\"avia_7_3_verifier\" value=\"745145434\"\/><label for=\"avia_7_3\">Doka\u017ete pros\u00edm, \u017ee jste \u010dlov\u011bk, vy\u0159e\u0161en\u00edm rovnice <abbr class=\"required\" title=\"po\u017eadov\u00e1no\">*<\/abbr><\/label><input name=\"avia_7_3\" class=\"text_input captcha\" type=\"text\" id=\"avia_7_3\" value=\"\"\/><\/p><p class=\"form_element \"><input type=\"hidden\" value=\"1\" name=\"avia_generated_form3\" \/><input type=\"submit\" value=\"Odeslat\" class=\"button\"  data-sending-label=\"Odesl\u00e1n\u00ed na\"\/><\/p><\/fieldset><\/form><div id=\"ajaxresponse_3\" class=\"ajaxresponse ajaxresponse_3 hidden\"><\/div>\n\n","protected":false},"excerpt":{"rendered":"","protected":false},"author":1,"featured_media":0,"parent":3400,"menu_order":0,"comment_status":"closed","ping_status":"closed","template":"","meta":{"_bbp_topic_count":0,"_bbp_reply_count":0,"_bbp_total_topic_count":0,"_bbp_total_reply_count":0,"_bbp_voice_count":0,"_bbp_anonymous_reply_count":0,"_bbp_topic_count_hidden":0,"_bbp_reply_count_hidden":0,"_bbp_forum_subforum_count":0,"footnotes":""},"class_list":["post-3633","page","type-page","status-publish","hentry"],"_links":{"self":[{"href":"https:\/\/enfold.norbou.com\/cs\/wp-json\/wp\/v2\/pages\/3633","targetHints":{"allow":["GET"]}}],"collection":[{"href":"https:\/\/enfold.norbou.com\/cs\/wp-json\/wp\/v2\/pages"}],"about":[{"href":"https:\/\/enfold.norbou.com\/cs\/wp-json\/wp\/v2\/types\/page"}],"author":[{"embeddable":true,"href":"https:\/\/enfold.norbou.com\/cs\/wp-json\/wp\/v2\/users\/1"}],"replies":[{"embeddable":true,"href":"https:\/\/enfold.norbou.com\/cs\/wp-json\/wp\/v2\/comments?post=3633"}],"version-history":[{"count":9,"href":"https:\/\/enfold.norbou.com\/cs\/wp-json\/wp\/v2\/pages\/3633\/revisions"}],"predecessor-version":[{"id":4811,"href":"https:\/\/enfold.norbou.com\/cs\/wp-json\/wp\/v2\/pages\/3633\/revisions\/4811"}],"up":[{"embeddable":true,"href":"https:\/\/enfold.norbou.com\/cs\/wp-json\/wp\/v2\/pages\/3400"}],"wp:attachment":[{"href":"https:\/\/enfold.norbou.com\/cs\/wp-json\/wp\/v2\/media?parent=3633"}],"curies":[{"name":"wp","href":"https:\/\/api.w.org\/{rel}","templated":true}]}}