{"id":3637,"date":"2017-02-13T14:58:49","date_gmt":"2017-02-13T14:58:49","guid":{"rendered":"https:\/\/enfold.norbou.com\/prvky\/promo-box\/"},"modified":"2024-08-24T12:25:24","modified_gmt":"2024-08-24T12:25:24","slug":"promo-box","status":"publish","type":"page","link":"https:\/\/enfold.norbou.com\/cs\/prvky\/promo-box\/","title":{"rendered":"Promo box"},"content":{"rendered":"\n<style type=\"text\/css\" data-created_by=\"avia_inline_auto\" id=\"style-css-av-ai52gw-ecf92dc542e6ad4ceea02a685013f5d7\">\n#top .av-special-heading.av-ai52gw-ecf92dc542e6ad4ceea02a685013f5d7{\npadding-bottom:15px;\ncolor:#000000;\nfont-size:40px;\n}\nbody .av-special-heading.av-ai52gw-ecf92dc542e6ad4ceea02a685013f5d7 .av-special-heading-tag .heading-char{\nfont-size:25px;\n}\n#top #wrap_all .av-special-heading.av-ai52gw-ecf92dc542e6ad4ceea02a685013f5d7 .av-special-heading-tag{\nfont-size:40px;\n}\n.av-special-heading.av-ai52gw-ecf92dc542e6ad4ceea02a685013f5d7 .special-heading-inner-border{\nborder-color:#000000;\n}\n.av-special-heading.av-ai52gw-ecf92dc542e6ad4ceea02a685013f5d7 .av-subheading{\nfont-size:15px;\n}\n\n@media only screen and (min-width: 480px) and (max-width: 767px){ \n#top #wrap_all .av-special-heading.av-ai52gw-ecf92dc542e6ad4ceea02a685013f5d7 .av-special-heading-tag{\nfont-size:0.8em;\n}\n}\n\n@media only screen and (max-width: 479px){ \n#top #wrap_all .av-special-heading.av-ai52gw-ecf92dc542e6ad4ceea02a685013f5d7 .av-special-heading-tag{\nfont-size:0.8em;\n}\n}\n<\/style>\n<div  class='av-special-heading av-ai52gw-ecf92dc542e6ad4ceea02a685013f5d7 av-special-heading-h1 custom-color-heading blockquote modern-quote  avia-builder-el-0  el_before_av_textblock  avia-builder-el-first  av-inherit-size'><h1 class='av-special-heading-tag '  itemprop=\"headline\"  >Promo Box Element<\/h1><div class=\"special-heading-border\"><div class=\"special-heading-inner-border\"><\/div><\/div><\/div>\n<section  class='av_textblock_section av-9f617k-745b5bfb2e46202c948a622da1e47a53 '   itemscope=\"itemscope\" itemtype=\"https:\/\/schema.org\/CreativeWork\" ><div class='avia_textblock'  itemprop=\"text\" ><p>Shortcode Promo Box umo\u017e\u0148uje p\u0159idat speci\u00e1ln\u00ed ozn\u00e1men\u00ed s tla\u010d\u00edtkem v\u00fdzvy k akci, kter\u00e9 upout\u00e1 pozornost n\u00e1v\u0161t\u011bvn\u00edk\u016f. Je to pohodln\u00fd prvek pro n\u011bco, co lze nyn\u00ed dos\u00e1hnout flexibiln\u011bj\u0161\u00edm zp\u016fsobem pomoc\u00ed shortcodu sloupce a tla\u010d\u00edtka \ud83d\ude09<\/p>\n<\/div><\/section>\n\n<style type=\"text\/css\" data-created_by=\"avia_inline_auto\" id=\"style-css-av-76ksrk-5994325937d99e0bdaa6171fb0b12c10\">\n#top .hr.hr-invisible.av-76ksrk-5994325937d99e0bdaa6171fb0b12c10{\nheight:50px;\n}\n<\/style>\n<div  class='hr av-76ksrk-5994325937d99e0bdaa6171fb0b12c10 hr-invisible  avia-builder-el-2  el_after_av_textblock  el_before_av_promobox '><span class='hr-inner '><span class=\"hr-inner-style\"><\/span><\/span><\/div>\n<div  class='av_promobox av-5bcj4w-85c4070623cb5920601945f31592ac3b avia-button-yes  avia-builder-el-3  el_after_av_hr  el_before_av_promobox '><div class='avia-promocontent'><p>\nToto je uk\u00e1zkov\u00fd text pro va\u0161i fantastickou promo box! Nyn\u00ed p\u0159idejte svou vlastn\u00ed skv\u011blou zpr\u00e1vu!<\/p>\n<\/div><div  class='avia-button-wrap av-5bcj4w-983f0a808303db1334dd373e5d6f8fe0-wrap avia-button-right '><a href=''  class='avia-button av-5bcj4w-983f0a808303db1334dd373e5d6f8fe0 av-link-btn avia-icon_select-no avia-size-large avia-position-right avia-color-theme-color'   aria-label=\"Klikn\u011bte na m\u011b\"><span class='avia_iconbox_title' >Klikn\u011bte na m\u011b<\/span><\/a><\/div><\/div>\n<div  class='av_promobox av-3pf1z4-4c5e47773d76fb96e8cd0284bf1a7a2a avia-button-no  avia-builder-el-4  el_after_av_promobox  el_before_av_promobox '><div class='avia-promocontent'><p>\nV\u00edtejte, cizin\u010de! Toto je uk\u00e1zkov\u00fd text pro va\u0161i fantastickou promo box! Tentokr\u00e1t bez tla\u010d\u00edtka \ud83d\ude09 &#8211; Toho lze snadno dos\u00e1hnout tak\u00e9 pomoc\u00ed zkr\u00e1cen\u00e9ho k\u00f3du sloupce<\/p>\n<\/div><\/div>\n\n<style type=\"text\/css\" data-created_by=\"avia_inline_auto\" id=\"style-css-av-1wzb68-86736ee02cd6da355355c803dcfaa91c\">\n.av_promobox.av-1wzb68-86736ee02cd6da355355c803dcfaa91c{\ncolor:#ffffff;\nbackground:#9cc2df;\nborder-color:#9cc2df;\n}\n<\/style>\n<div  class='av_promobox av-1wzb68-86736ee02cd6da355355c803dcfaa91c avia-button-yes  avia-builder-el-5  el_after_av_promobox  avia-builder-el-last '><div class='avia-promocontent'><p>\nToto je uk\u00e1zkov\u00fd text pro va\u0161i fantastickou promo box! Nyn\u00ed p\u0159idejte svou vlastn\u00ed skv\u011blou zpr\u00e1vu!<\/p>\n<\/div><div  class='avia-button-wrap av-1wzb68-56f93ad3c02649dc1fb5c252e1c17743-wrap avia-button-right '>\n<style type=\"text\/css\" data-created_by=\"avia_inline_auto\" id=\"style-css-av-1wzb68-56f93ad3c02649dc1fb5c252e1c17743\">\n#top #wrap_all .avia-button.av-1wzb68-56f93ad3c02649dc1fb5c252e1c17743{\nbackground-color:#629dca;\nborder-color:#629dca;\ncolor:#ffffff;\ntransition:all 0.4s ease-in-out;\n}\n#top #wrap_all .avia-button.av-1wzb68-56f93ad3c02649dc1fb5c252e1c17743 .avia-svg-icon svg:first-child{\nfill:#ffffff;\nstroke:#ffffff;\n}\n<\/style>\n<a href=''  class='avia-button av-1wzb68-56f93ad3c02649dc1fb5c252e1c17743 av-link-btn avia-icon_select-no avia-size-large avia-position-right'   aria-label=\"Klikn\u011bte na m\u011b\"><span class='avia_iconbox_title' >Klikn\u011bte na m\u011b<\/span><\/a><\/div><\/div>\n","protected":false},"excerpt":{"rendered":"","protected":false},"author":1,"featured_media":0,"parent":3400,"menu_order":0,"comment_status":"closed","ping_status":"closed","template":"","meta":{"_bbp_topic_count":0,"_bbp_reply_count":0,"_bbp_total_topic_count":0,"_bbp_total_reply_count":0,"_bbp_voice_count":0,"_bbp_anonymous_reply_count":0,"_bbp_topic_count_hidden":0,"_bbp_reply_count_hidden":0,"_bbp_forum_subforum_count":0,"footnotes":""},"class_list":["post-3637","page","type-page","status-publish","hentry"],"_links":{"self":[{"href":"https:\/\/enfold.norbou.com\/cs\/wp-json\/wp\/v2\/pages\/3637","targetHints":{"allow":["GET"]}}],"collection":[{"href":"https:\/\/enfold.norbou.com\/cs\/wp-json\/wp\/v2\/pages"}],"about":[{"href":"https:\/\/enfold.norbou.com\/cs\/wp-json\/wp\/v2\/types\/page"}],"author":[{"embeddable":true,"href":"https:\/\/enfold.norbou.com\/cs\/wp-json\/wp\/v2\/users\/1"}],"replies":[{"embeddable":true,"href":"https:\/\/enfold.norbou.com\/cs\/wp-json\/wp\/v2\/comments?post=3637"}],"version-history":[{"count":9,"href":"https:\/\/enfold.norbou.com\/cs\/wp-json\/wp\/v2\/pages\/3637\/revisions"}],"predecessor-version":[{"id":4815,"href":"https:\/\/enfold.norbou.com\/cs\/wp-json\/wp\/v2\/pages\/3637\/revisions\/4815"}],"up":[{"embeddable":true,"href":"https:\/\/enfold.norbou.com\/cs\/wp-json\/wp\/v2\/pages\/3400"}],"wp:attachment":[{"href":"https:\/\/enfold.norbou.com\/cs\/wp-json\/wp\/v2\/media?parent=3637"}],"curies":[{"name":"wp","href":"https:\/\/api.w.org\/{rel}","templated":true}]}}