{"id":3645,"date":"2017-02-13T14:58:25","date_gmt":"2017-02-13T14:58:25","guid":{"rendered":"https:\/\/enfold.norbou.com\/prvky\/zalozky-zalozky-obsahu\/"},"modified":"2024-08-24T12:25:24","modified_gmt":"2024-08-24T12:25:24","slug":"zalozky-zalozky-obsahu","status":"publish","type":"page","link":"https:\/\/enfold.norbou.com\/cs\/prvky\/zalozky-zalozky-obsahu\/","title":{"rendered":"Z\u00e1lo\u017eky (z\u00e1lo\u017eky obsahu)"},"content":{"rendered":"\n<style type=\"text\/css\" data-created_by=\"avia_inline_auto\" id=\"style-css-av-1aqy8ey-db13dd839a7e3967f36f7fe90d85affd\">\n#top .av-special-heading.av-1aqy8ey-db13dd839a7e3967f36f7fe90d85affd{\npadding-bottom:15px;\ncolor:#000000;\nfont-size:40px;\n}\nbody .av-special-heading.av-1aqy8ey-db13dd839a7e3967f36f7fe90d85affd .av-special-heading-tag .heading-char{\nfont-size:25px;\n}\n#top #wrap_all .av-special-heading.av-1aqy8ey-db13dd839a7e3967f36f7fe90d85affd .av-special-heading-tag{\nfont-size:40px;\n}\n.av-special-heading.av-1aqy8ey-db13dd839a7e3967f36f7fe90d85affd .special-heading-inner-border{\nborder-color:#000000;\n}\n.av-special-heading.av-1aqy8ey-db13dd839a7e3967f36f7fe90d85affd .av-subheading{\nfont-size:15px;\n}\n\n@media only screen and (min-width: 480px) and (max-width: 767px){ \n#top #wrap_all .av-special-heading.av-1aqy8ey-db13dd839a7e3967f36f7fe90d85affd .av-special-heading-tag{\nfont-size:0.8em;\n}\n}\n\n@media only screen and (max-width: 479px){ \n#top #wrap_all .av-special-heading.av-1aqy8ey-db13dd839a7e3967f36f7fe90d85affd .av-special-heading-tag{\nfont-size:0.8em;\n}\n}\n<\/style>\n<div  class='av-special-heading av-1aqy8ey-db13dd839a7e3967f36f7fe90d85affd av-special-heading-h1 custom-color-heading blockquote modern-quote  avia-builder-el-0  el_before_av_textblock  avia-builder-el-first  av-inherit-size'><h1 class='av-special-heading-tag '  itemprop=\"headline\"  >Prvek z\u00e1lo\u017eky<\/h1><div class=\"special-heading-border\"><div class=\"special-heading-inner-border\"><\/div><\/div><\/div>\n<section  class='av_textblock_section av-19uzonu-fd455542e6d25b27f62cbbd86c0dee56 '   itemscope=\"itemscope\" itemtype=\"https:\/\/schema.org\/CreativeWork\" ><div class='avia_textblock'  itemprop=\"text\" ><p>Tento prvek v\u00e1m umo\u017e\u0148uje zobrazit men\u0161\u00ed obsahov\u00e9 z\u00e1lo\u017eky, kter\u00e9 mohou b\u00fdt um\u00edst\u011bny uvnit\u0159 sloupc\u016f a sekc\u00ed (na rozd\u00edl od prvku sekce z\u00e1lo\u017eek, kter\u00fd je prvkem na celou \u0161\u00ed\u0159ku). M\u00e1te r\u016fzn\u00e9 mo\u017enosti stylov\u00e1n\u00ed a um\u00edst\u011bn\u00ed z\u00e1lo\u017eek a m\u016f\u017eete si vybrat, zda chcete zobrazit tak\u00e9 ikony u ka\u017ed\u00e9 z\u00e1lo\u017eky.<\/p>\n<\/div><\/section>\n\n<style type=\"text\/css\" data-created_by=\"avia_inline_auto\" id=\"style-css-av-17ff90a-33e51ff37d6ec0c33620f23f92dfe510\">\n#top .hr.hr-invisible.av-17ff90a-33e51ff37d6ec0c33620f23f92dfe510{\nheight:50px;\n}\n<\/style>\n<div  class='hr av-17ff90a-33e51ff37d6ec0c33620f23f92dfe510 hr-invisible  avia-builder-el-2  el_after_av_textblock  el_before_av_tab_container '><span class='hr-inner '><span class=\"hr-inner-style\"><\/span><\/span><\/div>\n<div  class='tabcontainer av-16aau96-11d9364ec3a909bf871ca7e46b4ddc92 top_tab  avia-builder-el-3  el_after_av_hr  el_before_av_one_full '>\n<section class='av_tab_section av_tab_section av-13zmdh6-d01343ea00972c7e6a6b2bd038868e5c'  itemscope=\"itemscope\" itemtype=\"https:\/\/schema.org\/CreativeWork\" ><div id='tab-id-1-tab' class='tab active_tab' role='tab' aria-selected=\"true\" tabindex=\"0\" data-fake-id='#tab-id-1' aria-controls='tab-id-1-content'  itemprop=\"headline\" >Bez ikony Karta 1<\/div><div id='tab-id-1-content' class='tab_content active_tab_content' role='tabpanel' aria-labelledby='tab-id-1-tab' aria-hidden=\"false\"><div class='tab_inner_content invers-color'  itemprop=\"text\" ><p>Lorem ipsum dolor sit amet,\u00a0<strong>consectetuer<\/strong>\u00a0adipiscing elit. Aenean commodo ligula eget dolor. Aenean massa. Cum sociis natoque penatibus et magnis dis parturient montes, nascetur ridiculus mus.<br \/>\nDonec quam felis, ultricies nec, pellentesque eu, pretium quis, sem. Nulla\u00a0<strong>consequat<\/strong>\u00a0massa quis enim. Donec pede justo, fringilla vel, aliquet nec, vulputate eget, arcu.<\/p>\n<\/div><\/div><\/section>\n<section class='av_tab_section av_tab_section av-135army-06c5a40a2e19487cce9724b334b55541'  itemscope=\"itemscope\" itemtype=\"https:\/\/schema.org\/CreativeWork\" ><div id='tab-id-2-tab' class='tab' role='tab' aria-selected=\"false\" tabindex=\"0\" data-fake-id='#tab-id-2' aria-controls='tab-id-2-content'  itemprop=\"headline\" >Bez ikony Karta 2<\/div><div id='tab-id-2-content' class='tab_content' role='tabpanel' aria-labelledby='tab-id-2-tab' aria-hidden=\"true\"><div class='tab_inner_content invers-color'  itemprop=\"text\" ><p>Vestibulum ante ipsum <strong>primis<\/strong> in faucibus orci luctus et ultrices posuere cubilia Curae; Fusce id purus. Ut varius tincidunt libero. Phasellus dolor. Maecenas vestibulum mollis<br \/>\nAlutpat a, suscipit non, turpis. Nullam sagittis. Suspendisse pulvinar, augue ac venenatis <strong>condimentum<\/strong>, sem libero volutpat nibh, nec pellentesque velit pede quis nunc.<\/p>\n<\/div><\/div><\/section>\n<section class='av_tab_section av_tab_section av-11qhmve-b93e5fbdace9de3e26889d59e2e07ba6'  itemscope=\"itemscope\" itemtype=\"https:\/\/schema.org\/CreativeWork\" ><div id='tab-id-3-tab' class='tab' role='tab' aria-selected=\"false\" tabindex=\"0\" data-fake-id='#tab-id-3' aria-controls='tab-id-3-content'  itemprop=\"headline\" >\u017d\u00e1dn\u00e1 ikona Karta 3<\/div><div id='tab-id-3-content' class='tab_content' role='tabpanel' aria-labelledby='tab-id-3-tab' aria-hidden=\"true\"><div class='tab_inner_content invers-color'  itemprop=\"text\" ><p>Alutpat a, suscipit non, turpis. Nullam sagittis. Suspendisse pulvinar, augue ac venenatis condimentum, sem libero volutpat nibh, nec pellentesque velit pede quis nunc. Vestibulum ante ipsum primis in faucibus orci luctus et ultrices posuere cubilia Curae; Fusce id purus. Ut varius tincidunt libero. Phasellus dolor. Maecenas vestibulum mollis<\/p>\n<\/div><\/div><\/section>\n<\/div>\n<div  class='flex_column av-10b4zy2-8a0a1531691515a576134808e8b7f755 av_one_full  avia-builder-el-4  el_after_av_tab_container  el_before_av_one_full  first flex_column_div  '     ><div  class='tabcontainer av-xrg12i-e4e782c7c422260edb44c178a20e9f57 sidebar_tab sidebar_tab_left  avia-builder-el-5  avia-builder-el-no-sibling  noborder_tabs'>\n<section class='av_tab_section av_tab_section av-wsk10q-548fd2fc00069be245289526ce0ddbf9'  itemscope=\"itemscope\" itemtype=\"https:\/\/schema.org\/CreativeWork\" ><div id='tab-id-4-tab' class='tab active_tab' role='tab' aria-selected=\"true\" tabindex=\"0\" data-fake-id='#tab-id-4' aria-controls='tab-id-4-content'  itemprop=\"headline\" ><span class='tab_icon avia-svg-icon avia-font-svg_entypo-fontello' data-av_svg_icon='1' data-av_iconset='svg_entypo-fontello'><\/span>Zavolej mi<\/div><div id='tab-id-4-content' class='tab_content active_tab_content' role='tabpanel' aria-labelledby='tab-id-4-tab' aria-hidden=\"false\"><div class='tab_inner_content invers-color'  itemprop=\"text\" ><p>Lorem ipsum dolor sit amet, consectetuer adipiscing elit. Aenean commodo ligula eget dolor.<br \/>\nAenean massa. Cum sociis <strong>natoque<\/strong> penatibus et magnis dis parturient montes, nascetur ridiculus <strong>mus<\/strong>. Donec quam felis, ultricies nec, pellentesque eu, pretium quis, sem.\u00a0\u00a0Aenean commodo ligula eget dolor.<\/p>\n<\/div><\/div><\/section>\n<section class='av_tab_section av_tab_section av-us4uzu-4389eacb78c6a2f6a7b0bfe2775b372a'  itemscope=\"itemscope\" itemtype=\"https:\/\/schema.org\/CreativeWork\" ><div id='tab-id-5-tab' class='tab' role='tab' aria-selected=\"false\" tabindex=\"0\" data-fake-id='#tab-id-5' aria-controls='tab-id-5-content'  itemprop=\"headline\" ><span class='tab_icon avia-svg-icon avia-font-svg_entypo-fontello' data-av_svg_icon='25' data-av_iconset='svg_entypo-fontello'><\/span>Srdce m\u011b<\/div><div id='tab-id-5-content' class='tab_content' role='tabpanel' aria-labelledby='tab-id-5-tab' aria-hidden=\"true\"><div class='tab_inner_content invers-color'  itemprop=\"text\" ><p>Vestibulum ante ipsum primis in faucibus orci luctus et ultrices posuere cubilia Curae; Fusce id purus. Ut varius tincidunt libero. Phasellus dolor. Maecenas vestibulum mollis<br \/>\nAlutpat a, suscipit non, turpis. Nullam sagittis. Suspendisse pulvinar, augue ac venenatis condimentum, sem libero volutpat nibh, nec pellentesque velit pede quis nunc.<\/p>\n<\/div><\/div><\/section>\n<section class='av_tab_section av_tab_section av-sll55m-7e21bbc1a0ae970a2df17548274b2ae6'  itemscope=\"itemscope\" itemtype=\"https:\/\/schema.org\/CreativeWork\" ><div id='tab-id-6-tab' class='tab' role='tab' aria-selected=\"false\" tabindex=\"0\" data-fake-id='#tab-id-6' aria-controls='tab-id-6-content'  itemprop=\"headline\" ><span class='tab_icon avia-svg-icon avia-font-svg_entypo-fontello' data-av_svg_icon='59' data-av_iconset='svg_entypo-fontello'><\/span>Zachra\u0148 m\u011b<\/div><div id='tab-id-6-content' class='tab_content' role='tabpanel' aria-labelledby='tab-id-6-tab' aria-hidden=\"true\"><div class='tab_inner_content invers-color'  itemprop=\"text\" ><p>Alutpat a, suscipit non, turpis. Nullam sagittis. Suspendisse pulvinar, augue ac venenatis condimentum, sem libero volutpat nibh, nec pellentesque velit pede quis nunc. Vestibulum ante ipsum primis in faucibus orci luctus et ultrices posuere cubilia Curae; Fusce id purus. Ut varius tincidunt libero. Phasellus dolor. Maecenas vestibulum mollis<\/p>\n<\/div><\/div><\/section>\n<section class='av_tab_section av_tab_section av-rks4je-fec08959d87f049935e968277df1c534'  itemscope=\"itemscope\" itemtype=\"https:\/\/schema.org\/CreativeWork\" ><div id='tab-id-7-tab' class='tab' role='tab' aria-selected=\"false\" tabindex=\"0\" data-fake-id='#tab-id-7' aria-controls='tab-id-7-content'  itemprop=\"headline\" >Tab bez ikony<\/div><div id='tab-id-7-content' class='tab_content' role='tabpanel' aria-labelledby='tab-id-7-tab' aria-hidden=\"true\"><div class='tab_inner_content invers-color'  itemprop=\"text\" ><p>Alagitrpis. Ns. Suspendisse pulvinar, tiutpat a, suscipit non, tuaugue ac venenatis condimentum, sem libero volutpat nibh, nec pellentesque velit pede quis nunc.ullAlutpat a, suscipit non, turpis. Nullam sagittis. Suspendisse pulvinar, augue ac venenatis condimentum, sem libero volutpat nibh, nec pellentesque velit pede quis nunc.am s<\/p>\n<\/div><\/div><\/section>\n<\/div><\/div>\n<div  class='flex_column av-pncroq-133d0e7d1713138a2c173b2d7320bcf4 av_one_full  avia-builder-el-6  el_after_av_one_full  el_before_av_one_full  first flex_column_div  column-top-margin'     ><div  class='tabcontainer av-op022y-87b4d38abf5af43c8747cd27b3b2858f sidebar_tab sidebar_tab_right  avia-builder-el-7  avia-builder-el-no-sibling  noborder_tabs'>\n<section class='av_tab_section av_tab_section av-n49g4q-3f7240479c17a4fef101e3d44a1fcb47'  itemscope=\"itemscope\" itemtype=\"https:\/\/schema.org\/CreativeWork\" ><div id='tab-id-8-tab' class='tab active_tab' role='tab' aria-selected=\"true\" tabindex=\"0\" data-fake-id='#tab-id-8' aria-controls='tab-id-8-content'  itemprop=\"headline\" ><span class='tab_icon avia-svg-icon avia-font-svg_entypo-fontello' data-av_svg_icon='1' data-av_iconset='svg_entypo-fontello'><\/span>Tab 1<\/div><div id='tab-id-8-content' class='tab_content active_tab_content' role='tabpanel' aria-labelledby='tab-id-8-tab' aria-hidden=\"false\"><div class='tab_inner_content invers-color'  itemprop=\"text\" ><p>Lorem ipsum dolor sit amet, consectetuer adipiscing elit. Aenean commodo ligula eget dolor. Aenean massa. Cum sociis natoque penatibus et magnis dis parturient montes, nascetur ridiculus mus. Donec quam felis, ultricies nec, pellentesque eu, pretium quis, sem.<\/p>\n<\/div><\/div><\/section>\n<section class='av_tab_section av_tab_section av-lhu6je-78cbb34229904fe1e6614cff670662f5'  itemscope=\"itemscope\" itemtype=\"https:\/\/schema.org\/CreativeWork\" ><div id='tab-id-9-tab' class='tab' role='tab' aria-selected=\"false\" tabindex=\"0\" data-fake-id='#tab-id-9' aria-controls='tab-id-9-content'  itemprop=\"headline\" ><span class='tab_icon avia-svg-icon avia-font-svg_entypo-fontello' data-av_svg_icon='25' data-av_iconset='svg_entypo-fontello'><\/span>Karta 2<\/div><div id='tab-id-9-content' class='tab_content' role='tabpanel' aria-labelledby='tab-id-9-tab' aria-hidden=\"true\"><div class='tab_inner_content invers-color'  itemprop=\"text\" ><p>Vestibulum ante ipsum primis in faucibus orci luctus et ultrices posuere cubilia Curae; Fusce id purus. Ut varius tincidunt libero. Phasellus dolor. Maecenas vestibulum mollis<br \/>\nAlutpat a, suscipit non, turpis. Nullam sagittis. Suspendisse pulvinar, augue ac venenatis condimentum, sem libero volutpat nibh, nec pellentesque velit pede quis nunc.<\/p>\n<\/div><\/div><\/section>\n<section class='av_tab_section av_tab_section av-1ubpt6-331966c20d51301d30bcf2476faccac8'  itemscope=\"itemscope\" itemtype=\"https:\/\/schema.org\/CreativeWork\" ><div id='tab-id-10-tab' class='tab' role='tab' aria-selected=\"false\" tabindex=\"0\" data-fake-id='#tab-id-10' aria-controls='tab-id-10-content'  itemprop=\"headline\" ><span class='tab_icon avia-svg-icon avia-font-svg_entypo-fontello' data-av_svg_icon='59' data-av_iconset='svg_entypo-fontello'><\/span>Tab \u010d. 3 yoyo<\/div><div id='tab-id-10-content' class='tab_content' role='tabpanel' aria-labelledby='tab-id-10-tab' aria-hidden=\"true\"><div class='tab_inner_content invers-color'  itemprop=\"text\" ><p>Alutpat a, suscipit non, turpis. Nullam sagittis. Suspendisse pulvinar, augue ac venenatis condimentum, sem libero volutpat nibh, nec pellentesque velit pede quis nunc. Vestibulum ante ipsum primis in faucibus orci luctus et ultrices posuere cubilia Curae; Fusce id purus. Ut varius tincidunt libero. Phasellus dolor. Maecenas vestibulum mollis<\/p>\n<\/div><\/div><\/section>\n<\/div><\/div>\n<div  class='flex_column av-hi2n3e-211a715220301af169bb9e57665fe85a av_one_full  avia-builder-el-8  el_after_av_one_full  el_before_av_one_full  first flex_column_div  column-top-margin'     ><div  class='tabcontainer av-ghwziy-f58716ae4297f4d7faf3089aa9012e2a sidebar_tab sidebar_tab_left  avia-builder-el-9  avia-builder-el-no-sibling  border_tabs'>\n<section class='av_tab_section av_tab_section av-dhso2i-9c7ad0d69776c30cb2439542688a156f'  itemscope=\"itemscope\" itemtype=\"https:\/\/schema.org\/CreativeWork\" ><div id='tab-id-11-tab' class='tab active_tab' role='tab' aria-selected=\"true\" tabindex=\"0\" data-fake-id='#tab-id-11' aria-controls='tab-id-11-content'  itemprop=\"headline\" ><span class='tab_icon avia-svg-icon avia-font-svg_entypo-fontello' data-av_svg_icon='1' data-av_iconset='svg_entypo-fontello'><\/span>Tab 1<\/div><div id='tab-id-11-content' class='tab_content active_tab_content' role='tabpanel' aria-labelledby='tab-id-11-tab' aria-hidden=\"false\"><div class='tab_inner_content invers-color'  itemprop=\"text\" ><p>Lorem ipsum dolor sit amet, consectetuer adipiscing elit. Aenean commodo ligula eget dolor. Aenean massa. Cum sociis natoque penatibus et magnis dis parturient montes, nascetur ridiculus mus.<br \/>\nDonec quam felis, ultricies nec, pellentesque eu, pretium quis, sem. Nulla consequat massa quis enim. Donec pede justo, fringilla vel, aliquet nec, vulputate eget, arcu. In enim justo, rhoncus ut, imperdiet a, venenatis vitae, justo. Nullam dictum felis eu pede mollis pretium. Integer tincidunt. Cras dapibus. Vivamus elementum semper nisi.<\/p>\n<\/div><\/div><\/section>\n<section class='av_tab_section av_tab_section av-cs2j0q-3a261126f2cc4f31dfc3b580c0541504'  itemscope=\"itemscope\" itemtype=\"https:\/\/schema.org\/CreativeWork\" ><div id='tab-id-12-tab' class='tab' role='tab' aria-selected=\"false\" tabindex=\"0\" data-fake-id='#tab-id-12' aria-controls='tab-id-12-content'  itemprop=\"headline\" ><span class='tab_icon avia-svg-icon avia-font-svg_entypo-fontello' data-av_svg_icon='25' data-av_iconset='svg_entypo-fontello'><\/span>Karta 2<\/div><div id='tab-id-12-content' class='tab_content' role='tabpanel' aria-labelledby='tab-id-12-tab' aria-hidden=\"true\"><div class='tab_inner_content invers-color'  itemprop=\"text\" ><p>Vestibulum ante ipsum primis in faucibus orci luctus et ultrices posuere cubilia Curae; Fusce id purus. Ut varius tincidunt libero. Phasellus dolor. Maecenas vestibulum mollis<br \/>\nAlutpat a, suscipit non, turpis. Nullam sagittis. Suspendisse pulvinar, augue ac venenatis condimentum, sem libero volutpat nibh, nec pellentesque velit pede quis nunc.<\/p>\n<\/div><\/div><\/section>\n<section class='av_tab_section av_tab_section av-ala0tm-9b6b702c7e2a0f619ff44e7f7b5a711a'  itemscope=\"itemscope\" itemtype=\"https:\/\/schema.org\/CreativeWork\" ><div id='tab-id-13-tab' class='tab' role='tab' aria-selected=\"false\" tabindex=\"0\" data-fake-id='#tab-id-13' aria-controls='tab-id-13-content'  itemprop=\"headline\" ><span class='tab_icon avia-svg-icon avia-font-svg_entypo-fontello' data-av_svg_icon='59' data-av_iconset='svg_entypo-fontello'><\/span>Tab \u010d. 3 yoyo<\/div><div id='tab-id-13-content' class='tab_content' role='tabpanel' aria-labelledby='tab-id-13-tab' aria-hidden=\"true\"><div class='tab_inner_content invers-color'  itemprop=\"text\" ><p>Alutpat a, suscipit non, turpis. Nullam sagittis. Suspendisse pulvinar, augue ac venenatis condimentum, sem libero volutpat nibh, nec pellentesque velit pede quis nunc. Vestibulum ante ipsum primis in faucibus orci luctus et ultrices posuere cubilia Curae; Fusce id purus. Ut varius tincidunt libero. Phasellus dolor. Maecenas vestibulum mollis<\/p>\n<\/div><\/div><\/section>\n<\/div><\/div><div  class='flex_column av-919cii-1fe57c1d06fb8c41cca08de0f1f75bb8 av_one_full  avia-builder-el-10  el_after_av_one_full  avia-builder-el-last  first flex_column_div  column-top-margin'     ><div  class='tabcontainer av-7hoj6y-3d0f1ca75423d95c6dad8c9ad196cfb2 sidebar_tab sidebar_tab_right  avia-builder-el-11  avia-builder-el-no-sibling  border_tabs'>\n<section class='av_tab_section av_tab_section av-615o7e-92dd7df9d5a6164d90602caa77a610ff'  itemscope=\"itemscope\" itemtype=\"https:\/\/schema.org\/CreativeWork\" ><div id='tab-id-14-tab' class='tab active_tab' role='tab' aria-selected=\"true\" tabindex=\"0\" data-fake-id='#tab-id-14' aria-controls='tab-id-14-content'  itemprop=\"headline\" ><span class='tab_icon avia-svg-icon avia-font-svg_entypo-fontello' data-av_svg_icon='1' data-av_iconset='svg_entypo-fontello'><\/span>Hv\u011bzda<\/div><div id='tab-id-14-content' class='tab_content active_tab_content' role='tabpanel' aria-labelledby='tab-id-14-tab' aria-hidden=\"false\"><div class='tab_inner_content invers-color'  itemprop=\"text\" ><p>Alutpat a, suscipit non, turpis. Nullam sagittis. Suspendisse pulvinar, augue ac venenatis condimentum, sem libero volutpat nibh, nec pellentesque velit pede quis nunc.<br \/>\nVestibulum ante ipsum primis in faucibus orci luctus et ultrices posuere cubilia Curae; Fusce id purus. Ut varius tincidunt libero. Phasellus dolor. Maecenas vestibulum mollis<\/p>\n<\/div><\/div><\/section>\n<section class='av_tab_section av_tab_section av-4xfmq2-8d372077ecbcd71b6a5c7ac0ebe64a9b'  itemscope=\"itemscope\" itemtype=\"https:\/\/schema.org\/CreativeWork\" ><div id='tab-id-15-tab' class='tab' role='tab' aria-selected=\"false\" tabindex=\"0\" data-fake-id='#tab-id-15' aria-controls='tab-id-15-content'  itemprop=\"headline\" ><span class='tab_icon avia-svg-icon avia-font-svg_entypo-fontello' data-av_svg_icon='25' data-av_iconset='svg_entypo-fontello'><\/span>Srdce<\/div><div id='tab-id-15-content' class='tab_content' role='tabpanel' aria-labelledby='tab-id-15-tab' aria-hidden=\"true\"><div class='tab_inner_content invers-color'  itemprop=\"text\" ><p>Vestibulum ante ipsum primis in faucibus orci luctus et ultrices posuere cubilia Curae; Fusce id purus. Ut varius tincidunt libero. Phasellus dolor. Maecenas vestibulum mollis<br \/>\nAlutpat a, suscipit non, turpis. Nullam sagittis. Suspendisse pulvinar, augue ac venenatis condimentum, sem libero volutpat nibh, nec pellentesque velit pede quis nunc.<\/p>\n<\/div><\/div><\/section>\n<section class='av_tab_section av_tab_section av-27ztuy-ce16f489e1e44ca257600dbd10f3256b'  itemscope=\"itemscope\" itemtype=\"https:\/\/schema.org\/CreativeWork\" ><div id='tab-id-16-tab' class='tab' role='tab' aria-selected=\"false\" tabindex=\"0\" data-fake-id='#tab-id-16' aria-controls='tab-id-16-content'  itemprop=\"headline\" ><span class='tab_icon avia-svg-icon avia-font-svg_entypo-fontello' data-av_svg_icon='64' data-av_iconset='svg_entypo-fontello'><\/span>Blesk<\/div><div id='tab-id-16-content' class='tab_content' role='tabpanel' aria-labelledby='tab-id-16-tab' aria-hidden=\"true\"><div class='tab_inner_content invers-color'  itemprop=\"text\" ><p>Alutpat a, suscipit non, turpis. Nullam sagittis. Suspendisse pulvinar, augue ac venenatis condimentum, sem libero volutpat nibh, nec pellentesque velit pede quis nunc. Vestibulum ante ipsum primis in faucibus orci luctus et ultrices posuere cubilia Curae; Fusce id purus. Ut varius tincidunt libero. Phasellus dolor. Maecenas vestibulum mollis<\/p>\n<\/div><\/div><\/section>\n<\/div><\/div><\/p>\n","protected":false},"excerpt":{"rendered":"","protected":false},"author":1,"featured_media":0,"parent":3400,"menu_order":0,"comment_status":"closed","ping_status":"closed","template":"","meta":{"_bbp_topic_count":0,"_bbp_reply_count":0,"_bbp_total_topic_count":0,"_bbp_total_reply_count":0,"_bbp_voice_count":0,"_bbp_anonymous_reply_count":0,"_bbp_topic_count_hidden":0,"_bbp_reply_count_hidden":0,"_bbp_forum_subforum_count":0,"footnotes":""},"class_list":["post-3645","page","type-page","status-publish","hentry"],"_links":{"self":[{"href":"https:\/\/enfold.norbou.com\/cs\/wp-json\/wp\/v2\/pages\/3645","targetHints":{"allow":["GET"]}}],"collection":[{"href":"https:\/\/enfold.norbou.com\/cs\/wp-json\/wp\/v2\/pages"}],"about":[{"href":"https:\/\/enfold.norbou.com\/cs\/wp-json\/wp\/v2\/types\/page"}],"author":[{"embeddable":true,"href":"https:\/\/enfold.norbou.com\/cs\/wp-json\/wp\/v2\/users\/1"}],"replies":[{"embeddable":true,"href":"https:\/\/enfold.norbou.com\/cs\/wp-json\/wp\/v2\/comments?post=3645"}],"version-history":[{"count":9,"href":"https:\/\/enfold.norbou.com\/cs\/wp-json\/wp\/v2\/pages\/3645\/revisions"}],"predecessor-version":[{"id":4823,"href":"https:\/\/enfold.norbou.com\/cs\/wp-json\/wp\/v2\/pages\/3645\/revisions\/4823"}],"up":[{"embeddable":true,"href":"https:\/\/enfold.norbou.com\/cs\/wp-json\/wp\/v2\/pages\/3400"}],"wp:attachment":[{"href":"https:\/\/enfold.norbou.com\/cs\/wp-json\/wp\/v2\/media?parent=3645"}],"curies":[{"name":"wp","href":"https:\/\/api.w.org\/{rel}","templated":true}]}}