{"id":3649,"date":"2017-02-13T14:58:15","date_gmt":"2017-02-13T14:58:15","guid":{"rendered":"https:\/\/enfold.norbou.com\/prvky\/oznameni\/"},"modified":"2024-08-24T12:25:24","modified_gmt":"2024-08-24T12:25:24","slug":"oznameni","status":"publish","type":"page","link":"https:\/\/enfold.norbou.com\/cs\/prvky\/oznameni\/","title":{"rendered":"Ozn\u00e1men\u00ed"},"content":{"rendered":"\n<style type=\"text\/css\" data-created_by=\"avia_inline_auto\" id=\"style-css-av-uivzyv-b49ae1c396e4dc0b30d97be4299d5ddc\">\n#top .av-special-heading.av-uivzyv-b49ae1c396e4dc0b30d97be4299d5ddc{\npadding-bottom:15px;\ncolor:#000000;\nfont-size:40px;\n}\nbody .av-special-heading.av-uivzyv-b49ae1c396e4dc0b30d97be4299d5ddc .av-special-heading-tag .heading-char{\nfont-size:25px;\n}\n#top #wrap_all .av-special-heading.av-uivzyv-b49ae1c396e4dc0b30d97be4299d5ddc .av-special-heading-tag{\nfont-size:40px;\n}\n.av-special-heading.av-uivzyv-b49ae1c396e4dc0b30d97be4299d5ddc .special-heading-inner-border{\nborder-color:#000000;\n}\n.av-special-heading.av-uivzyv-b49ae1c396e4dc0b30d97be4299d5ddc .av-subheading{\nfont-size:15px;\n}\n\n@media only screen and (min-width: 480px) and (max-width: 767px){ \n#top #wrap_all .av-special-heading.av-uivzyv-b49ae1c396e4dc0b30d97be4299d5ddc .av-special-heading-tag{\nfont-size:0.8em;\n}\n}\n\n@media only screen and (max-width: 479px){ \n#top #wrap_all .av-special-heading.av-uivzyv-b49ae1c396e4dc0b30d97be4299d5ddc .av-special-heading-tag{\nfont-size:0.8em;\n}\n}\n<\/style>\n<div  class='av-special-heading av-uivzyv-b49ae1c396e4dc0b30d97be4299d5ddc av-special-heading-h1 custom-color-heading blockquote modern-quote  avia-builder-el-0  el_before_av_textblock  avia-builder-el-first  av-inherit-size'><h1 class='av-special-heading-tag '  itemprop=\"headline\"  >Notifika\u010dn\u00ed prvek<\/h1><div class=\"special-heading-border\"><div class=\"special-heading-inner-border\"><\/div><\/div><\/div>\n<section  class='av_textblock_section av-timp87-96749f20cc1083ddcd7d6ea5754c7783 '   itemscope=\"itemscope\" itemtype=\"https:\/\/schema.org\/CreativeWork\" ><div class='avia_textblock'  itemprop=\"text\" ><p>Tento prvek v\u00e1m umo\u017e\u0148uje zobrazit oznamovac\u00ed box se zpr\u00e1vou pro va\u0161eho n\u00e1v\u0161t\u011bvn\u00edka. Existuje n\u011bkolik mo\u017enost\u00ed stylov\u00e1n\u00ed, kter\u00e9 v\u00e1m umo\u017e\u0148uj\u00ed zm\u011bnit zobrazen\u00ed podle d\u016fle\u017eitosti zpr\u00e1vy.<\/p>\n<\/div><\/section>\n\n<style type=\"text\/css\" data-created_by=\"avia_inline_auto\" id=\"style-css-av-qyjddj-eb4eaf593d8ad507faf062c344955dc2\">\n#top .hr.hr-invisible.av-qyjddj-eb4eaf593d8ad507faf062c344955dc2{\nheight:50px;\n}\n<\/style>\n<div  class='hr av-qyjddj-eb4eaf593d8ad507faf062c344955dc2 hr-invisible  avia-builder-el-2  el_after_av_textblock  el_before_av_notification '><span class='hr-inner '><span class=\"hr-inner-style\"><\/span><\/span><\/div>\n<div id='avia-messagebox-' class='avia_message_box av_notification av-pu0lxz-6c57aed87f366793680f97593ad0e53b avia-color-green avia-size-large avia-icon_select-yes avia-border-  avia-builder-el-3  el_after_av_hr  el_before_av_notification ' ><span class='avia_message_box_title' >Pozn\u00e1mka<\/span><div class=\"avia_message_box_content\"><span class='avia_message_box_icon avia-svg-icon avia-font-svg_entypo-fontello' data-av_svg_icon='120' data-av_iconset='svg_entypo-fontello'><\/span><p>Toto je n\u011bjak\u00e9 ozn\u00e1men\u00ed.<\/p>\n<\/div><\/div>\n<div id='avia-messagebox-' class='avia_message_box av_notification av-nh9rp3-1ae6477933842461c474fe3b5f8ac09a avia-color-blue avia-size-large avia-icon_select-yes avia-border-  avia-builder-el-4  el_after_av_notification  el_before_av_notification ' ><span class='avia_message_box_title' >Pozn\u00e1mka<\/span><div class=\"avia_message_box_content\"><span class='avia_message_box_icon avia-svg-icon avia-font-svg_entypo-fontello' data-av_svg_icon='29' data-av_iconset='svg_entypo-fontello'><\/span><p>Vyberte si jakoukoli ikonu, kterou chcete<\/p>\n<\/div><\/div>\n<div id='avia-messagebox-' class='avia_message_box av_notification av-lxd5zr-244adede53cbebfe20a5d752bdf328ea avia-color-red avia-size-large avia-icon_select-yes avia-border-  avia-builder-el-5  el_after_av_notification  el_before_av_notification ' ><span class='avia_message_box_title' >Podnadpis dle va\u0161eho v\u00fdb\u011bru<\/span><div class=\"avia_message_box_content\"><span class='avia_message_box_icon avia-svg-icon avia-font-svg_entypo-fontello' data-av_svg_icon='53' data-av_iconset='svg_entypo-fontello'><\/span><p>R\u016fzn\u00e9 p\u0159eddefinovan\u00e9 barvy<\/p>\n<\/div><\/div>\n<div id='avia-messagebox-' class='avia_message_box av_notification av-k0j8qv-144850a4a3880711a41890ba9eb34f16 avia-color-orange avia-size-large avia-icon_select-yes avia-border-  avia-builder-el-6  el_after_av_notification  el_before_av_notification ' ><span class='avia_message_box_title' >Pozn\u00e1mka<\/span><div class=\"avia_message_box_content\"><span class='avia_message_box_icon avia-svg-icon avia-font-svg_entypo-fontello' data-av_svg_icon='124' data-av_iconset='svg_entypo-fontello'><\/span><p>Pou\u017eijte je k upozorn\u011bn\u00ed nebo informov\u00e1n\u00ed va\u0161ich n\u00e1v\u0161t\u011bvn\u00edk\u016f<\/p>\n<\/div><\/div>\n<div id='avia-messagebox-' class='avia_message_box av_notification av-jue9hz-66f66f0d3949144bb09e77ef3b956d02 avia-color-silver avia-size-large avia-icon_select-yes avia-border-  avia-builder-el-7  el_after_av_notification  el_before_av_notification ' ><div class=\"avia_message_box_content\"><span class='avia_message_box_icon avia-svg-icon avia-font-svg_entypo-fontello' data-av_svg_icon='15' data-av_iconset='svg_entypo-fontello'><\/span><p>\u017d\u00e1dn\u00fd podnadpis<\/p>\n<\/div><\/div>\n<div id='avia-messagebox-' class='avia_message_box av_notification av-h1bxk7-049b0f328a262dffc686e27bb5062950 avia-color-grey avia-size-large avia-icon_select-yes avia-border-  avia-builder-el-8  el_after_av_notification  el_before_av_hr ' ><span class='avia_message_box_title' >Pozn\u00e1mka<\/span><div class=\"avia_message_box_content\"><span class='avia_message_box_icon avia-svg-icon avia-font-svg_entypo-fontello' data-av_svg_icon='210' data-av_iconset='svg_entypo-fontello'><\/span><p>Toto je n\u011bjak\u00e9 ozn\u00e1men\u00ed.<\/p>\n<\/div><\/div>\n\n<style type=\"text\/css\" data-created_by=\"avia_inline_auto\" id=\"style-css-av-fglr1j-89c355acb3e1a2f72e0e980ba500c51f\">\n#top .hr.hr-invisible.av-fglr1j-89c355acb3e1a2f72e0e980ba500c51f{\nheight:20px;\n}\n<\/style>\n<div  class='hr av-fglr1j-89c355acb3e1a2f72e0e980ba500c51f hr-invisible  avia-builder-el-9  el_after_av_notification  el_before_av_one_half '><span class='hr-inner '><span class=\"hr-inner-style\"><\/span><\/span><\/div>\n<div  class='flex_column av-eg7itz-a0fc76fda2cf21bbc4f606b43daee02b av_one_half  avia-builder-el-10  el_after_av_hr  el_before_av_one_half  first flex_column_div  '     ><div id='avia-messagebox-' class='avia_message_box av_notification av-d4hezb-a28239ed335e5b02021a5798d9ccdcbb avia-color-orange avia-size-normal avia-icon_select-no avia-border-solid  avia-builder-el-11  avia-builder-el-no-sibling ' ><div class=\"avia_message_box_content\"><p>s pevn\u00fdm okrajem<\/p>\n<\/div><\/div><\/div>\n\n<style type=\"text\/css\" data-created_by=\"avia_inline_auto\" id=\"style-css-av-aux13r-841cf90d326166e7779806666a54127b\">\n.flex_column.av-aux13r-841cf90d326166e7779806666a54127b{\nborder-radius:0px 0px 0px 0px;\npadding:0px 0px 0px 0px;\n}\n<\/style>\n<div  class='flex_column av-aux13r-841cf90d326166e7779806666a54127b av_one_half  avia-builder-el-12  el_after_av_one_half  el_before_av_one_half  flex_column_div av-zero-column-padding  '     ><div id='avia-messagebox-' class='avia_message_box av_notification av-97swg7-145d854c8a79ce1eefe2f4f7b6ffab59 avia-color-blue avia-size-normal avia-icon_select-no avia-border-dashed  avia-builder-el-13  avia-builder-el-no-sibling ' ><div class=\"avia_message_box_content\"><p>S\u00a0p\u0159eru\u0161ovan\u00fdm okrajem<\/p>\n<\/div><\/div><\/div>\n<div  class='flex_column av-7snrl3-485110f53f50698c725dd96a63f9ca09 av_one_half  avia-builder-el-14  el_after_av_one_half  el_before_av_one_half  first flex_column_div  column-top-margin'     ><div id='avia-messagebox-' class='avia_message_box av_notification av-5sroaf-0362afa420ef5913221c2a99fe121325 avia-color-red avia-size-normal avia-icon_select-no avia-border-  avia-builder-el-15  avia-builder-el-no-sibling ' ><div class=\"avia_message_box_content\"><p>Bez ikon<\/p>\n<\/div><\/div><\/div>\n\n<style type=\"text\/css\" data-created_by=\"avia_inline_auto\" id=\"style-css-av-482cmv-90d1429475bb2eb78579ba281884b925\">\n.flex_column.av-482cmv-90d1429475bb2eb78579ba281884b925{\nborder-radius:0px 0px 0px 0px;\npadding:0px 0px 0px 0px;\n}\n<\/style>\n<div  class='flex_column av-482cmv-90d1429475bb2eb78579ba281884b925 av_one_half  avia-builder-el-16  el_after_av_one_half  avia-builder-el-last  flex_column_div av-zero-column-padding  column-top-margin'     ><div id='avia-messagebox-' class='avia_message_box av_notification av-2dtg5j-c3675e2569dc2c190513c81c3e129e5c avia-color-green avia-size-normal avia-icon_select-yes avia-border-  avia-builder-el-17  avia-builder-el-no-sibling ' ><div class=\"avia_message_box_content\"><span class='avia_message_box_icon avia-svg-icon avia-font-svg_entypo-fontello' data-av_svg_icon='50' data-av_iconset='svg_entypo-fontello'><\/span><p>Mal\u00fd<\/p>\n<\/div><\/div><\/div>\n","protected":false},"excerpt":{"rendered":"","protected":false},"author":1,"featured_media":0,"parent":3400,"menu_order":0,"comment_status":"closed","ping_status":"closed","template":"","meta":{"_bbp_topic_count":0,"_bbp_reply_count":0,"_bbp_total_topic_count":0,"_bbp_total_reply_count":0,"_bbp_voice_count":0,"_bbp_anonymous_reply_count":0,"_bbp_topic_count_hidden":0,"_bbp_reply_count_hidden":0,"_bbp_forum_subforum_count":0,"footnotes":""},"class_list":["post-3649","page","type-page","status-publish","hentry"],"_links":{"self":[{"href":"https:\/\/enfold.norbou.com\/cs\/wp-json\/wp\/v2\/pages\/3649","targetHints":{"allow":["GET"]}}],"collection":[{"href":"https:\/\/enfold.norbou.com\/cs\/wp-json\/wp\/v2\/pages"}],"about":[{"href":"https:\/\/enfold.norbou.com\/cs\/wp-json\/wp\/v2\/types\/page"}],"author":[{"embeddable":true,"href":"https:\/\/enfold.norbou.com\/cs\/wp-json\/wp\/v2\/users\/1"}],"replies":[{"embeddable":true,"href":"https:\/\/enfold.norbou.com\/cs\/wp-json\/wp\/v2\/comments?post=3649"}],"version-history":[{"count":9,"href":"https:\/\/enfold.norbou.com\/cs\/wp-json\/wp\/v2\/pages\/3649\/revisions"}],"predecessor-version":[{"id":4827,"href":"https:\/\/enfold.norbou.com\/cs\/wp-json\/wp\/v2\/pages\/3649\/revisions\/4827"}],"up":[{"embeddable":true,"href":"https:\/\/enfold.norbou.com\/cs\/wp-json\/wp\/v2\/pages\/3400"}],"wp:attachment":[{"href":"https:\/\/enfold.norbou.com\/cs\/wp-json\/wp\/v2\/media?parent=3649"}],"curies":[{"name":"wp","href":"https:\/\/api.w.org\/{rel}","templated":true}]}}