{"id":3661,"date":"2017-02-13T14:57:13","date_gmt":"2017-02-13T14:57:13","guid":{"rendered":"https:\/\/enfold.norbou.com\/prvky\/rotator-titulku\/"},"modified":"2024-08-24T12:25:24","modified_gmt":"2024-08-24T12:25:24","slug":"rotator-titulku","status":"publish","type":"page","link":"https:\/\/enfold.norbou.com\/cs\/prvky\/rotator-titulku\/","title":{"rendered":"Rot\u00e1tor titulk\u016f"},"content":{"rendered":"\n<style type=\"text\/css\" data-created_by=\"avia_inline_auto\" id=\"style-css-av-12i6xn2-bf3d0f19057de43eb1319702dd718a44\">\n.avia-section.av-12i6xn2-bf3d0f19057de43eb1319702dd718a44{\nbackground-repeat:no-repeat;\nbackground-image:url(https:\/\/enfold.norbou.com\/wp-content\/uploads\/2017\/02\/business-office-work-blurred.jpg);\nbackground-position:0% 0%;\nbackground-attachment:scroll;\n}\n.avia-section.av-12i6xn2-bf3d0f19057de43eb1319702dd718a44 .av-section-color-overlay{\nopacity:0.7;\nbackground-color:#000000;\n}\n<\/style>\n<div id='av_section_1'  class='avia-section av-12i6xn2-bf3d0f19057de43eb1319702dd718a44 main_color avia-section-huge avia-no-border-styling  avia-builder-el-0  el_before_av_heading  avia-builder-el-first  avia-full-stretch avia-bg-style-scroll av-section-color-overlay-active container_wrap sidebar_right'  data-section-bg-repeat='stretch'><div class=\"av-section-color-overlay-wrap\"><div class=\"av-section-color-overlay\"><\/div><div class='container av-section-cont-open' ><main  role=\"main\" itemprop=\"mainContentOfPage\"  class='template-page content  av-content-small alpha units'><div class='post-entry post-entry-type-page post-entry-3661'><div class='entry-content-wrapper clearfix'>\n\n<style type=\"text\/css\" data-created_by=\"avia_inline_auto\" id=\"style-css-av-11ro2n2-ac99303ce9df3f433f43da9db118732c\">\n.flex_column.av-11ro2n2-ac99303ce9df3f433f43da9db118732c{\nborder-radius:0px 0px 0px 0px;\npadding:0px 0px 0px 0px;\n}\n<\/style>\n<div  class='flex_column av-11ro2n2-ac99303ce9df3f433f43da9db118732c av_three_fourth  avia-builder-el-1  el_before_av_one_fourth  avia-builder-el-first  first flex_column_div av-zero-column-padding  '     ><style type=\"text\/css\" data-created_by=\"avia_inline_auto\" id=\"style-css-av-1090wqm-34bc6a872dde7a3585dbcbe6892e3271\">\n#top .av-rotator-container.av-1090wqm-34bc6a872dde7a3585dbcbe6892e3271{\ntext-align:left;\ncolor:#ffffff;\n}\n#top #wrap_all .av-rotator-container.av-1090wqm-34bc6a872dde7a3585dbcbe6892e3271 .av-rotator-container-inner{\nfont-size:63px;\n}\n<\/style>\n\n<style type=\"text\/css\" data-created_by=\"avia_inline_auto\" id=\"style-css-sub-av-1090wqm-34bc6a872dde7a3585dbcbe6892e3271\">\n#top .av-rotator-container .av-rotator-text-single.av-xvrumm-ab7d74a76231de355db98dd1a21015c1{\ncolor:#9cc2df;\n}\n#top .av-rotator-container .av-rotator-text-single.av-whyq5q-b8dc9a4f0d39fb6f89fb24c1915570a7{\ncolor:#9cc2df;\n}\n#top .av-rotator-container .av-rotator-text-single.av-urha7y-d9f0baf2e0a81a57c3e0d3bc1d05eb8d{\ncolor:#9cc2df;\n}\n#top .av-rotator-container .av-rotator-text-single.av-tm7qa6-5db6bea9f085d722bad554b46af1caa2{\ncolor:#9cc2df;\n}\n<\/style>\n<div  class='av-rotator-container av-rotation-container-left av-1090wqm-34bc6a872dde7a3585dbcbe6892e3271  avia-builder-el-2  avia-builder-el-no-sibling ' data-interval='3' data-animation='1'><h2 class='av-rotator-container-inner'>V\u0160E POD JEDNOU ST\u0158ECHOU! NAB\u00cdZ\u00cdME SKV\u011aL\u00c9<span class='av-rotator-text av-rotator-multiline-on'>\n<span class='av-rotator-text-single av-xvrumm-ab7d74a76231de355db98dd1a21015c1 av-rotator-text-single-1' >MARKETING<\/span>\n<span class='av-rotator-text-single av-whyq5q-b8dc9a4f0d39fb6f89fb24c1915570a7 av-rotator-text-single-2' >U\u017dIVATELSK\u00dd Z\u00c1\u017dITEK<\/span>\n<span class='av-rotator-text-single av-urha7y-d9f0baf2e0a81a57c3e0d3bc1d05eb8d av-rotator-text-single-3' >Z\u00c1KAZNICK\u00c1 PODPORA<\/span>\n<span class='av-rotator-text-single av-tm7qa6-5db6bea9f085d722bad554b46af1caa2 av-rotator-text-single-4' >DESIGN SKILLS<\/span>\n<\/span><\/h2><\/div><\/div>\n<style type=\"text\/css\" data-created_by=\"avia_inline_auto\" id=\"style-css-av-rq4dtq-7d3b3b59a089d61874af1d50ee360264\">\n.flex_column.av-rq4dtq-7d3b3b59a089d61874af1d50ee360264{\nborder-radius:0px 0px 0px 0px;\npadding:0px 0px 0px 0px;\n}\n<\/style>\n<div  class='flex_column av-rq4dtq-7d3b3b59a089d61874af1d50ee360264 av_one_fourth  avia-builder-el-3  el_after_av_three_fourth  avia-builder-el-last  flex_column_div av-zero-column-padding  '     ><\/div>\n<\/div><\/div><\/main><!-- close content main element --><\/div><\/div><\/div><div id='after_section_1'  class='main_color av_default_container_wrap container_wrap sidebar_right'  ><div class='container av-section-cont-open' ><div class='template-page content  av-content-small alpha units'><div class='post-entry post-entry-type-page post-entry-3661'><div class='entry-content-wrapper clearfix'>\n\n<style type=\"text\/css\" data-created_by=\"avia_inline_auto\" id=\"style-css-av-p022ry-0cc8cf5ec7a014b307296abc45d49ad4\">\n#top .av-special-heading.av-p022ry-0cc8cf5ec7a014b307296abc45d49ad4{\npadding-bottom:15px;\ncolor:#000000;\nfont-size:40px;\n}\nbody .av-special-heading.av-p022ry-0cc8cf5ec7a014b307296abc45d49ad4 .av-special-heading-tag .heading-char{\nfont-size:25px;\n}\n#top #wrap_all .av-special-heading.av-p022ry-0cc8cf5ec7a014b307296abc45d49ad4 .av-special-heading-tag{\nfont-size:40px;\n}\n.av-special-heading.av-p022ry-0cc8cf5ec7a014b307296abc45d49ad4 .special-heading-inner-border{\nborder-color:#000000;\n}\n.av-special-heading.av-p022ry-0cc8cf5ec7a014b307296abc45d49ad4 .av-subheading{\nfont-size:15px;\n}\n\n@media only screen and (min-width: 480px) and (max-width: 767px){ \n#top #wrap_all .av-special-heading.av-p022ry-0cc8cf5ec7a014b307296abc45d49ad4 .av-special-heading-tag{\nfont-size:0.8em;\n}\n}\n\n@media only screen and (max-width: 479px){ \n#top #wrap_all .av-special-heading.av-p022ry-0cc8cf5ec7a014b307296abc45d49ad4 .av-special-heading-tag{\nfont-size:0.8em;\n}\n}\n<\/style>\n<div  class='av-special-heading av-p022ry-0cc8cf5ec7a014b307296abc45d49ad4 av-special-heading-h1 custom-color-heading blockquote modern-quote  avia-builder-el-4  el_after_av_section  el_before_av_textblock  avia-builder-el-first  av-inherit-size'><h1 class='av-special-heading-tag '  itemprop=\"headline\"  >Headline Rotator<\/h1><div class=\"special-heading-border\"><div class=\"special-heading-inner-border\"><\/div><\/div><\/div>\n<section  class='av_textblock_section av-og2rpq-4c29d31a04c11b8c479a55ffd0a62212 '   itemscope=\"itemscope\" itemtype=\"https:\/\/schema.org\/CreativeWork\" ><div class='avia_textblock'  itemprop=\"text\" ><p>Tento prvek v\u00e1m umo\u017e\u0148uje zobrazit nadpis s neust\u00e1le se m\u011bn\u00edc\u00edm sd\u011blen\u00edm. M\u016f\u017eete nastavit n\u011bkolik styl\u016f, jako je zarovn\u00e1n\u00ed, velikost a barva, abyste upravili vizu\u00e1ln\u00ed vzhled prvku.<\/p>\n<\/div><\/section>\n\n<style type=\"text\/css\" data-created_by=\"avia_inline_auto\" id=\"style-css-av-m72yku-07038c49a5a5a14c3e585a0d3dfa31ec\">\n#top .hr.hr-invisible.av-m72yku-07038c49a5a5a14c3e585a0d3dfa31ec{\nheight:50px;\n}\n<\/style>\n<div  class='hr av-m72yku-07038c49a5a5a14c3e585a0d3dfa31ec hr-invisible  avia-builder-el-6  el_after_av_textblock  el_before_av_headline_rotator '><span class='hr-inner '><span class=\"hr-inner-style\"><\/span><\/span><\/div>\n\n<style type=\"text\/css\" data-created_by=\"avia_inline_auto\" id=\"style-css-av-kzooam-1db51ba4d7ab6bf7e6fba0d660cb035b\">\n#top .av-rotator-container.av-kzooam-1db51ba4d7ab6bf7e6fba0d660cb035b{\ntext-align:left;\n}\n#top #wrap_all .av-rotator-container.av-kzooam-1db51ba4d7ab6bf7e6fba0d660cb035b .av-rotator-container-inner{\nfont-size:25px;\n}\n<\/style>\n\n<style type=\"text\/css\" data-created_by=\"avia_inline_auto\" id=\"style-css-sub-av-kzooam-1db51ba4d7ab6bf7e6fba0d660cb035b\">\n#top .av-rotator-container .av-rotator-text-single.av-jd9u4u-ccfec7940faaa4a33991ab750a297b21{\ncolor:#000000;\n}\n#top .av-rotator-container .av-rotator-text-single.av-h5tbqm-69f392cbcde3d29093d0a16b06189e45{\ncolor:#000000;\n}\n#top .av-rotator-container .av-rotator-text-single.av-flgnby-703a565aefac66a15f1eb7bfd52cfeac{\ncolor:#000000;\n}\n#top .av-rotator-container .av-rotator-text-single.av-et1ewu-e4934d6873a64bdb3ce842a4db035b06{\ncolor:#000000;\n}\n<\/style>\n<div  class='av-rotator-container av-rotation-container-left av-kzooam-1db51ba4d7ab6bf7e6fba0d660cb035b  avia-builder-el-7  el_after_av_hr  el_before_av_hr ' data-interval='3' data-animation='0'><h2 class='av-rotator-container-inner'>V\u0160E POD JEDNOU ST\u0158ECHOU!&lt;br\/&gt;NAB\u00cdZ\u00cdME SKV\u011aL\u00c9<span class='av-rotator-text av-rotator-multiline-off'>\n<span class='av-rotator-text-single av-jd9u4u-ccfec7940faaa4a33991ab750a297b21 av-rotator-text-single-1' >MARKETING<\/span>\n<span class='av-rotator-text-single av-h5tbqm-69f392cbcde3d29093d0a16b06189e45 av-rotator-text-single-2' >U\u017dIVATELSK\u00dd Z\u00c1\u017dITEK<\/span>\n<span class='av-rotator-text-single av-flgnby-703a565aefac66a15f1eb7bfd52cfeac av-rotator-text-single-3' >Z\u00c1KAZNICK\u00c1 PODPORA<\/span>\n<span class='av-rotator-text-single av-et1ewu-e4934d6873a64bdb3ce842a4db035b06 av-rotator-text-single-4' >DESIGN SKILLS<\/span>\n<\/span><\/h2><\/div>\n\n<style type=\"text\/css\" data-created_by=\"avia_inline_auto\" id=\"style-css-av-cuvh9q-b38066f8f56cf45f0aa77f5e501061a0\">\n#top .hr.hr-invisible.av-cuvh9q-b38066f8f56cf45f0aa77f5e501061a0{\nheight:50px;\n}\n<\/style>\n<div  class='hr av-cuvh9q-b38066f8f56cf45f0aa77f5e501061a0 hr-invisible  avia-builder-el-8  el_after_av_headline_rotator  el_before_av_one_full '><span class='hr-inner '><span class=\"hr-inner-style\"><\/span><\/span><\/div>\n\n<style type=\"text\/css\" data-created_by=\"avia_inline_auto\" id=\"style-css-av-a4lo5q-b7cc1d1d42ca6b00049d45b212feb24e\">\n.flex_column.av-a4lo5q-b7cc1d1d42ca6b00049d45b212feb24e{\nborder-radius:0px 0px 0px 0px;\npadding:40px 40px 40px 40px;\nbackground-color:#f7f7f7;\n}\n<\/style>\n<div  class='flex_column av-a4lo5q-b7cc1d1d42ca6b00049d45b212feb24e av_one_full  avia-builder-el-9  el_after_av_hr  avia-builder-el-last  first flex_column_div  '     ><style type=\"text\/css\" data-created_by=\"avia_inline_auto\" id=\"style-css-av-9sd7oe-0d880442ff0df24d12f2881be30f3b17\">\n#top .av-rotator-container.av-9sd7oe-0d880442ff0df24d12f2881be30f3b17{\ntext-align:center;\n}\n<\/style>\n\n<style type=\"text\/css\" data-created_by=\"avia_inline_auto\" id=\"style-css-sub-av-9sd7oe-0d880442ff0df24d12f2881be30f3b17\">\n#top .av-rotator-container .av-rotator-text-single.av-72gwoe-7f803f3f8793bb1ea51ffe9972e22121{\ncolor:#000000;\n}\n#top .av-rotator-container .av-rotator-text-single.av-5xmcv2-84cc317c626076bcf684957ae9326800{\ncolor:#000000;\n}\n#top .av-rotator-container .av-rotator-text-single.av-3nr96m-e9985641019d77f93cd7d89df963bc07{\ncolor:#000000;\n}\n#top .av-rotator-container .av-rotator-text-single.av-29iwvi-3b083a05aa5309c63c5e0f8da905cdd9{\ncolor:#000000;\n}\n<\/style>\n<div  class='av-rotator-container av-rotation-container-center av-9sd7oe-0d880442ff0df24d12f2881be30f3b17  avia-builder-el-10  avia-builder-el-no-sibling  av-fixed-rotator-width' data-interval='3' data-animation='1' data-fixWidth='1'><p class='av-rotator-container-inner'>V\u0160E POD JEDNOU ST\u0158ECHOU!&lt;br\/&gt;NAB\u00cdZ\u00cdME SKV\u011aL\u00c9<span class='av-rotator-text av-rotator-multiline-off'>\n<span class='av-rotator-text-single av-72gwoe-7f803f3f8793bb1ea51ffe9972e22121 av-rotator-text-single-1' >MARKETING<\/span>\n<span class='av-rotator-text-single av-5xmcv2-84cc317c626076bcf684957ae9326800 av-rotator-text-single-2' >DESIGN SKILLS<\/span>\n<span class='av-rotator-text-single av-3nr96m-e9985641019d77f93cd7d89df963bc07 av-rotator-text-single-3' >Z\u00c1KAZNICK\u00c1 PODPORA<\/span>\n<span class='av-rotator-text-single av-29iwvi-3b083a05aa5309c63c5e0f8da905cdd9 av-rotator-text-single-4' >U\u017dIVATELSK\u00dd Z\u00c1\u017dITEK<\/span>\n<\/span><\/p><\/div><\/div>\n","protected":false},"excerpt":{"rendered":"","protected":false},"author":1,"featured_media":0,"parent":3400,"menu_order":0,"comment_status":"closed","ping_status":"closed","template":"","meta":{"_bbp_topic_count":0,"_bbp_reply_count":0,"_bbp_total_topic_count":0,"_bbp_total_reply_count":0,"_bbp_voice_count":0,"_bbp_anonymous_reply_count":0,"_bbp_topic_count_hidden":0,"_bbp_reply_count_hidden":0,"_bbp_forum_subforum_count":0,"footnotes":""},"class_list":["post-3661","page","type-page","status-publish","hentry"],"_links":{"self":[{"href":"https:\/\/enfold.norbou.com\/cs\/wp-json\/wp\/v2\/pages\/3661","targetHints":{"allow":["GET"]}}],"collection":[{"href":"https:\/\/enfold.norbou.com\/cs\/wp-json\/wp\/v2\/pages"}],"about":[{"href":"https:\/\/enfold.norbou.com\/cs\/wp-json\/wp\/v2\/types\/page"}],"author":[{"embeddable":true,"href":"https:\/\/enfold.norbou.com\/cs\/wp-json\/wp\/v2\/users\/1"}],"replies":[{"embeddable":true,"href":"https:\/\/enfold.norbou.com\/cs\/wp-json\/wp\/v2\/comments?post=3661"}],"version-history":[{"count":9,"href":"https:\/\/enfold.norbou.com\/cs\/wp-json\/wp\/v2\/pages\/3661\/revisions"}],"predecessor-version":[{"id":4839,"href":"https:\/\/enfold.norbou.com\/cs\/wp-json\/wp\/v2\/pages\/3661\/revisions\/4839"}],"up":[{"embeddable":true,"href":"https:\/\/enfold.norbou.com\/cs\/wp-json\/wp\/v2\/pages\/3400"}],"wp:attachment":[{"href":"https:\/\/enfold.norbou.com\/cs\/wp-json\/wp\/v2\/media?parent=3661"}],"curies":[{"name":"wp","href":"https:\/\/api.w.org\/{rel}","templated":true}]}}