{"id":3669,"date":"2017-02-13T14:56:52","date_gmt":"2017-02-13T14:56:52","guid":{"rendered":"https:\/\/enfold.norbou.com\/prvky\/ikona-v-ramecku\/"},"modified":"2024-08-24T12:25:24","modified_gmt":"2024-08-24T12:25:24","slug":"ikona-v-ramecku","status":"publish","type":"page","link":"https:\/\/enfold.norbou.com\/cs\/prvky\/ikona-v-ramecku\/","title":{"rendered":"Ikona v r\u00e1me\u010dku"},"content":{"rendered":"\n<style type=\"text\/css\" data-created_by=\"avia_inline_auto\" id=\"style-css-av-t4l320-8e45989be06d2eb0953c8abb2de718a9\">\n#top .av-special-heading.av-t4l320-8e45989be06d2eb0953c8abb2de718a9{\npadding-bottom:15px;\ncolor:#000000;\nfont-size:40px;\n}\nbody .av-special-heading.av-t4l320-8e45989be06d2eb0953c8abb2de718a9 .av-special-heading-tag .heading-char{\nfont-size:25px;\n}\n#top #wrap_all .av-special-heading.av-t4l320-8e45989be06d2eb0953c8abb2de718a9 .av-special-heading-tag{\nfont-size:40px;\n}\n.av-special-heading.av-t4l320-8e45989be06d2eb0953c8abb2de718a9 .special-heading-inner-border{\nborder-color:#000000;\n}\n.av-special-heading.av-t4l320-8e45989be06d2eb0953c8abb2de718a9 .av-subheading{\nfont-size:15px;\n}\n\n@media only screen and (min-width: 480px) and (max-width: 767px){ \n#top #wrap_all .av-special-heading.av-t4l320-8e45989be06d2eb0953c8abb2de718a9 .av-special-heading-tag{\nfont-size:0.8em;\n}\n}\n\n@media only screen and (max-width: 479px){ \n#top #wrap_all .av-special-heading.av-t4l320-8e45989be06d2eb0953c8abb2de718a9 .av-special-heading-tag{\nfont-size:0.8em;\n}\n}\n<\/style>\n<div  class='av-special-heading av-t4l320-8e45989be06d2eb0953c8abb2de718a9 av-special-heading-h1 custom-color-heading blockquote modern-quote  avia-builder-el-0  el_before_av_textblock  avia-builder-el-first  av-inherit-size'><h1 class='av-special-heading-tag '  itemprop=\"headline\"  >Ikonov\u00e1 krabice<\/h1><div class=\"special-heading-border\"><div class=\"special-heading-inner-border\"><\/div><\/div><\/div>\n<section  class='av_textblock_section av-r2y6yg-118e0c1e1e69fe399ddf2fca3cb2395d '   itemscope=\"itemscope\" itemtype=\"https:\/\/schema.org\/CreativeWork\" ><div class='avia_textblock'  itemprop=\"text\" ><p>Tento prvek v\u00e1m umo\u017e\u0148uje zobrazit blok s ikonou, nadpisem a n\u011bjak\u00fdm obsahem. Vzhled ikony lze stylizovat r\u016fzn\u00fdmi zp\u016fsoby.<\/p>\n<\/div><\/section>\n<div  class='hr av-pxma54-59b56ff396cec6da6045b99255aa3ae3 hr-full  avia-builder-el-2  el_after_av_textblock  el_before_av_one_full  hr-no-shadow'><span class='hr-inner '><span class=\"hr-inner-style\"><\/span><\/span><\/div>\n<div  class='flex_column av-2cfal4-0a375ebac8e2172502eacc8cec112909 av_one_full  avia-builder-el-3  el_after_av_hr  el_before_av_hr  first flex_column_div  '     ><article  class='iconbox iconbox_left_content av-lyt19k-eda416e8c57a38c67c2a80f2992399cc  avia-builder-el-4  avia-builder-el-no-sibling '  itemscope=\"itemscope\" itemtype=\"https:\/\/schema.org\/CreativeWork\" ><div class='iconbox_icon heading-color avia-iconfont avia-font-entypo-fontello' data-av_icon='\ue80a' data-av_iconfont='entypo-fontello'  ><\/div><div class=\"iconbox_content\"><header class=\"entry-content-header\" aria-label=\"Icon: Lorem Ipsum\"><h3 class='iconbox_content_title '  itemprop=\"headline\" >Lorem Ipsum<\/h3><\/header><div class='iconbox_content_container '  itemprop=\"text\" ><p>Aenean e penatibus et magnis dis parturient montes, nascetur ridiculus mus.\u00a0Lorem ipsum dolor sitg elit.<\/p>\n<\/div><\/div><footer class=\"entry-footer\"><\/footer><\/article><\/div>\n<div  class='hr av-kgi36g-83204041129854563eee6b3e57655e29 hr-full  avia-builder-el-5  el_after_av_one_full  el_before_av_one_full  hr-no-shadow'><span class='hr-inner '><span class=\"hr-inner-style\"><\/span><\/span><\/div>\n\n<style type=\"text\/css\" data-created_by=\"avia_inline_auto\" id=\"style-css-av-jnq7ig-9b8315b2d2f4ab430643f0b9027d72e8\">\n.flex_column.av-jnq7ig-9b8315b2d2f4ab430643f0b9027d72e8{\nborder-radius:0px 0px 0px 0px;\npadding:0px 0px 0px 0px;\n}\n<\/style>\n<div  class='flex_column av-jnq7ig-9b8315b2d2f4ab430643f0b9027d72e8 av_one_full  avia-builder-el-6  el_after_av_hr  el_before_av_hr  first flex_column_div av-zero-column-padding  '     ><article  class='iconbox iconbox_left_content av-hd912w-1dc7bf7fadc981ad59816bf9e48a09c2 av-icon-style-no-border  avia-builder-el-7  avia-builder-el-no-sibling '  itemscope=\"itemscope\" itemtype=\"https:\/\/schema.org\/CreativeWork\" ><div class='iconbox_icon heading-color avia-iconfont avia-font-entypo-fontello' data-av_icon='\ue803' data-av_iconfont='entypo-fontello'  ><\/div><div class=\"iconbox_content\"><header class=\"entry-content-header\" aria-label=\"Icon: Nascetur ridiculus\"><h3 class='iconbox_content_title '  itemprop=\"headline\" >Nascetur ridiculus<\/h3><\/header><div class='iconbox_content_container '  itemprop=\"text\" ><p>Aenean e penatibus et magnis dis parturient montes, nascetur ridiculus mus.\u00a0Lorem ipsum dolor sit iscing elit.<\/p>\n<\/div><\/div><footer class=\"entry-footer\"><\/footer><\/article><\/div>\n<div  class='hr av-1kr2e0-00e249a05b8dc0b1d9fb914d37d22bb6 hr-full  avia-builder-el-8  el_after_av_one_full  el_before_av_one_full  hr-no-shadow'><span class='hr-inner '><span class=\"hr-inner-style\"><\/span><\/span><\/div>\n<div  class='flex_column av-dz762g-6cc0f467c015a1630c486846d197255b av_one_full  avia-builder-el-9  el_after_av_hr  el_before_av_hr  first flex_column_div  '     ><article  class='iconbox iconbox_left av-c9c8bc-273867f78cda89ea41ee0f7eb8406d81 av-icon-style-no-border  avia-builder-el-10  avia-builder-el-no-sibling '  itemscope=\"itemscope\" itemtype=\"https:\/\/schema.org\/CreativeWork\" ><div class=\"iconbox_content\"><header class=\"entry-content-header\" aria-label=\"Icon: Lorem Ipsum\"><div class='iconbox_icon heading-color avia-iconfont avia-font-entypo-fontello' data-av_icon='\ue827' data-av_iconfont='entypo-fontello'  ><\/div><h3 class='iconbox_content_title '  itemprop=\"headline\" >Lorem Ipsum<\/h3><\/header><div class='iconbox_content_container '  itemprop=\"text\" ><p>Aenean e penatibus et magnis dis parturient montes, nascetur ridiculus mus.\u00a0Lorem ipsum dolor sit amet, consectetuer adipiscing elit.<\/p>\n<\/div><\/div><footer class=\"entry-footer\"><\/footer><\/article><\/div>\n<div  class='hr av-ape4lk-4a70e2bb1927aefdbd6b9d7e6c90b33e hr-full  avia-builder-el-11  el_after_av_one_full  el_before_av_one_full  hr-no-shadow'><span class='hr-inner '><span class=\"hr-inner-style\"><\/span><\/span><\/div>\n\n<style type=\"text\/css\" data-created_by=\"avia_inline_auto\" id=\"style-css-av-9b0n3s-dad7c2ccadfc9c71afe270ff349c4e4a\">\n.flex_column.av-9b0n3s-dad7c2ccadfc9c71afe270ff349c4e4a{\nborder-radius:0px 0px 0px 0px;\npadding:0px 0px 0px 0px;\n}\n<\/style>\n<div  class='flex_column av-9b0n3s-dad7c2ccadfc9c71afe270ff349c4e4a av_one_full  avia-builder-el-12  el_after_av_hr  el_before_av_hr  first flex_column_div av-zero-column-padding  '     ><article  class='iconbox iconbox_top av-7n9sjs-bab15873f7cb752d8cd07465035b1e20 av-icon-style-no-border  avia-builder-el-13  avia-builder-el-no-sibling  main_color'  itemscope=\"itemscope\" itemtype=\"https:\/\/schema.org\/CreativeWork\" ><div class=\"iconbox_content\"><header class=\"entry-content-header\" aria-label=\"Icon: Nascetur ridiculus\"><div class='iconbox_icon heading-color avia-iconfont avia-font-entypo-fontello' data-av_icon='\ue82b' data-av_iconfont='entypo-fontello'  ><\/div><h3 class='iconbox_content_title '  itemprop=\"headline\" >Nascetur ridiculus<\/h3><\/header><div class='iconbox_content_container '  itemprop=\"text\" ><p>Donec pede justo, fringilla vel, aliquet nec, vulputate eget, arcu. In enim justo, rhoncus ut, imperdiet a, venenatis vitae, justo.<\/p>\n<\/div><\/div><footer class=\"entry-footer\"><\/footer><\/article><\/div>\n<div  class='hr av-5c592g-c0389003f30d3771919019d1fdba7874 hr-full  avia-builder-el-14  el_after_av_one_full  el_before_av_one_full  hr-no-shadow'><span class='hr-inner '><span class=\"hr-inner-style\"><\/span><\/span><\/div>\n\n<style type=\"text\/css\" data-created_by=\"avia_inline_auto\" id=\"style-css-av-frstk-c24b84609cc8b48f4904e2a0d1a85fda\">\n.flex_column.av-frstk-c24b84609cc8b48f4904e2a0d1a85fda{\nborder-radius:0px 0px 0px 0px;\npadding:0px 0px 0px 0px;\n}\n<\/style>\n<div  class='flex_column av-frstk-c24b84609cc8b48f4904e2a0d1a85fda av_one_full  avia-builder-el-15  el_after_av_hr  avia-builder-el-last  first flex_column_div av-zero-column-padding  '     ><article  class='iconbox iconbox_top av-1wpvnc-2c4fe90758e9f89db63fcd482e5efbcf av-no-box av-icon-style-no-border  avia-builder-el-16  avia-builder-el-no-sibling '  itemscope=\"itemscope\" itemtype=\"https:\/\/schema.org\/CreativeWork\" ><div class=\"iconbox_content\"><header class=\"entry-content-header\" aria-label=\"Icon: Lorem Ipsum\"><div class='iconbox_icon heading-color avia-iconfont avia-font-entypo-fontello' data-av_icon='\ue859' data-av_iconfont='entypo-fontello'  ><\/div><h3 class='iconbox_content_title '  itemprop=\"headline\" >Lorem Ipsum<\/h3><\/header><div class='iconbox_content_container '  itemprop=\"text\" ><p>Aenean e penatibus et magnis dis parturient montes, nascetur ridiculus mus.\u00a0Lorem ipsum dolor sit amet, consectetuer adipiscing elit.<\/p>\n<\/div><\/div><footer class=\"entry-footer\"><\/footer><\/article><\/div>\n","protected":false},"excerpt":{"rendered":"","protected":false},"author":1,"featured_media":0,"parent":3400,"menu_order":0,"comment_status":"closed","ping_status":"closed","template":"","meta":{"_bbp_topic_count":0,"_bbp_reply_count":0,"_bbp_total_topic_count":0,"_bbp_total_reply_count":0,"_bbp_voice_count":0,"_bbp_anonymous_reply_count":0,"_bbp_topic_count_hidden":0,"_bbp_reply_count_hidden":0,"_bbp_forum_subforum_count":0,"footnotes":""},"class_list":["post-3669","page","type-page","status-publish","hentry"],"_links":{"self":[{"href":"https:\/\/enfold.norbou.com\/cs\/wp-json\/wp\/v2\/pages\/3669","targetHints":{"allow":["GET"]}}],"collection":[{"href":"https:\/\/enfold.norbou.com\/cs\/wp-json\/wp\/v2\/pages"}],"about":[{"href":"https:\/\/enfold.norbou.com\/cs\/wp-json\/wp\/v2\/types\/page"}],"author":[{"embeddable":true,"href":"https:\/\/enfold.norbou.com\/cs\/wp-json\/wp\/v2\/users\/1"}],"replies":[{"embeddable":true,"href":"https:\/\/enfold.norbou.com\/cs\/wp-json\/wp\/v2\/comments?post=3669"}],"version-history":[{"count":9,"href":"https:\/\/enfold.norbou.com\/cs\/wp-json\/wp\/v2\/pages\/3669\/revisions"}],"predecessor-version":[{"id":4847,"href":"https:\/\/enfold.norbou.com\/cs\/wp-json\/wp\/v2\/pages\/3669\/revisions\/4847"}],"up":[{"embeddable":true,"href":"https:\/\/enfold.norbou.com\/cs\/wp-json\/wp\/v2\/pages\/3400"}],"wp:attachment":[{"href":"https:\/\/enfold.norbou.com\/cs\/wp-json\/wp\/v2\/media?parent=3669"}],"curies":[{"name":"wp","href":"https:\/\/api.w.org\/{rel}","templated":true}]}}