{"id":3673,"date":"2017-02-13T14:56:39","date_gmt":"2017-02-13T14:56:39","guid":{"rendered":"https:\/\/enfold.norbou.com\/prvky\/ikona\/"},"modified":"2024-08-24T12:25:24","modified_gmt":"2024-08-24T12:25:24","slug":"ikona","status":"publish","type":"page","link":"https:\/\/enfold.norbou.com\/cs\/prvky\/ikona\/","title":{"rendered":"Ikona"},"content":{"rendered":"\n<style type=\"text\/css\" data-created_by=\"avia_inline_auto\" id=\"style-css-av-xvxmyd-049b7008cc2b371ee8ee64991b6d3cb9\">\n#top .av-special-heading.av-xvxmyd-049b7008cc2b371ee8ee64991b6d3cb9{\npadding-bottom:15px;\ncolor:#000000;\nfont-size:40px;\n}\nbody .av-special-heading.av-xvxmyd-049b7008cc2b371ee8ee64991b6d3cb9 .av-special-heading-tag .heading-char{\nfont-size:25px;\n}\n#top #wrap_all .av-special-heading.av-xvxmyd-049b7008cc2b371ee8ee64991b6d3cb9 .av-special-heading-tag{\nfont-size:40px;\n}\n.av-special-heading.av-xvxmyd-049b7008cc2b371ee8ee64991b6d3cb9 .special-heading-inner-border{\nborder-color:#000000;\n}\n.av-special-heading.av-xvxmyd-049b7008cc2b371ee8ee64991b6d3cb9 .av-subheading{\nfont-size:15px;\n}\n\n@media only screen and (min-width: 480px) and (max-width: 767px){ \n#top #wrap_all .av-special-heading.av-xvxmyd-049b7008cc2b371ee8ee64991b6d3cb9 .av-special-heading-tag{\nfont-size:0.8em;\n}\n}\n\n@media only screen and (max-width: 479px){ \n#top #wrap_all .av-special-heading.av-xvxmyd-049b7008cc2b371ee8ee64991b6d3cb9 .av-special-heading-tag{\nfont-size:0.8em;\n}\n}\n<\/style>\n<div  class='av-special-heading av-xvxmyd-049b7008cc2b371ee8ee64991b6d3cb9 av-special-heading-h1 custom-color-heading blockquote modern-quote  avia-builder-el-0  el_before_av_textblock  avia-builder-el-first  av-inherit-size'><h1 class='av-special-heading-tag '  itemprop=\"headline\"  >Ikona Element<\/h1><div class=\"special-heading-border\"><div class=\"special-heading-inner-border\"><\/div><\/div><\/div>\n<section  class='av_textblock_section av-vyuhx1-2a9fc989d5a26ed90e56982b2a00fd90 '   itemscope=\"itemscope\" itemtype=\"https:\/\/schema.org\/CreativeWork\" ><div class='avia_textblock'  itemprop=\"text\" ><p>Tento prvek v\u00e1m umo\u017e\u0148uje zobrazit jednu ikonu, bu\u010f z v\u00fdchoz\u00ed sady ikon, kter\u00e1 je sou\u010d\u00e1st\u00ed t\u00e9matu (naz\u00fdvan\u00e1 Entypo), nebo ikonu zalo\u017eenou na vlastn\u00ed sad\u011b ikon, kterou m\u016f\u017eete nahr\u00e1t v administra\u010dn\u00edm panelu t\u00e9matu.<\/p>\n<\/div><\/section>\n\n<style type=\"text\/css\" data-created_by=\"avia_inline_auto\" id=\"style-css-av-v2wdlh-c211f2da423fbba33af525a2ee163084\">\n#top .av-special-heading.av-v2wdlh-c211f2da423fbba33af525a2ee163084{\npadding-bottom:15px;\ncolor:#000000;\nfont-size:30px;\n}\nbody .av-special-heading.av-v2wdlh-c211f2da423fbba33af525a2ee163084 .av-special-heading-tag .heading-char{\nfont-size:25px;\n}\n#top #wrap_all .av-special-heading.av-v2wdlh-c211f2da423fbba33af525a2ee163084 .av-special-heading-tag{\nfont-size:30px;\n}\n.av-special-heading.av-v2wdlh-c211f2da423fbba33af525a2ee163084 .special-heading-inner-border{\nborder-color:#000000;\n}\n.av-special-heading.av-v2wdlh-c211f2da423fbba33af525a2ee163084 .av-subheading{\nfont-size:15px;\n}\n\n@media only screen and (min-width: 480px) and (max-width: 767px){ \n#top #wrap_all .av-special-heading.av-v2wdlh-c211f2da423fbba33af525a2ee163084 .av-special-heading-tag{\nfont-size:0.8em;\n}\n}\n\n@media only screen and (max-width: 479px){ \n#top #wrap_all .av-special-heading.av-v2wdlh-c211f2da423fbba33af525a2ee163084 .av-special-heading-tag{\nfont-size:0.8em;\n}\n}\n<\/style>\n<div  class='av-special-heading av-v2wdlh-c211f2da423fbba33af525a2ee163084 av-special-heading-h1 custom-color-heading blockquote modern-quote  avia-builder-el-2  el_after_av_textblock  el_before_av_hr  av-inherit-size'><h1 class='av-special-heading-tag '  itemprop=\"headline\"  >V\u00fdchoz\u00ed styl ikony<\/h1><div class=\"special-heading-border\"><div class=\"special-heading-inner-border\"><\/div><\/div><\/div>\n\n<style type=\"text\/css\" data-created_by=\"avia_inline_auto\" id=\"style-css-av-a9jh1-3e6a4b5b3bcdd0bc6eebd9dd43e4a952\">\n#top .hr.hr-invisible.av-a9jh1-3e6a4b5b3bcdd0bc6eebd9dd43e4a952{\nheight:50px;\n}\n<\/style>\n<div  class='hr av-a9jh1-3e6a4b5b3bcdd0bc6eebd9dd43e4a952 hr-invisible  avia-builder-el-3  el_after_av_heading  el_before_av_one_third '><span class='hr-inner '><span class=\"hr-inner-style\"><\/span><\/span><\/div>\n\n<style type=\"text\/css\" data-created_by=\"avia_inline_auto\" id=\"style-css-av-s1g9gl-0d68f03dc9d6f4c1211a728d77bd3176\">\n.flex_column.av-s1g9gl-0d68f03dc9d6f4c1211a728d77bd3176{\nborder-radius:0px 0px 0px 0px;\npadding:0px 0px 0px 0px;\n}\n<\/style>\n<div  class='flex_column av-s1g9gl-0d68f03dc9d6f4c1211a728d77bd3176 av_one_third  avia-builder-el-4  el_after_av_hr  el_before_av_one_third  first flex_column_div av-zero-column-padding  '     ><style type=\"text\/css\" data-created_by=\"avia_inline_auto\" id=\"style-css-av-qe4ugl-8ecfda6b60d50910365e9d70032c0b00\">\n.av_font_icon.av-qe4ugl-8ecfda6b60d50910365e9d70032c0b00 .av-icon-char{\nfont-size:40px;\nline-height:40px;\n}\n<\/style>\n<span  class='av_font_icon av-qe4ugl-8ecfda6b60d50910365e9d70032c0b00 avia_animate_when_visible av-icon-style- avia-icon-pos-center avia-iconfont avia-font-entypo-fontello av-no-color avia-icon-animate'><span class='av-icon-char' data-av_icon='\ue80e' data-av_iconfont='entypo-fontello' aria-hidden=\"true\" ><\/span><\/span><\/div>\n\n<style type=\"text\/css\" data-created_by=\"avia_inline_auto\" id=\"style-css-av-oc5b45-22fe3a0b50247a66fe7e6c46c83160db\">\n.flex_column.av-oc5b45-22fe3a0b50247a66fe7e6c46c83160db{\nborder-radius:0px 0px 0px 0px;\npadding:0px 0px 0px 0px;\n}\n<\/style>\n<div  class='flex_column av-oc5b45-22fe3a0b50247a66fe7e6c46c83160db av_one_third  avia-builder-el-6  el_after_av_one_third  el_before_av_one_third  flex_column_div av-zero-column-padding  '     ><style type=\"text\/css\" data-created_by=\"avia_inline_auto\" id=\"style-css-av-mpgm0l-79334331d226f4c2fa85cdf192e9b140\">\n.av_font_icon.av-mpgm0l-79334331d226f4c2fa85cdf192e9b140{\ncolor:#7bb0e7;\nborder-color:#7bb0e7;\n}\n.avia-svg-icon.av-mpgm0l-79334331d226f4c2fa85cdf192e9b140 svg:first-child{\nstroke:#7bb0e7;\nfill:#7bb0e7;\n}\n.av_font_icon.av-mpgm0l-79334331d226f4c2fa85cdf192e9b140 .av-icon-char{\nfont-size:40px;\nline-height:40px;\n}\n<\/style>\n<span  class='av_font_icon av-mpgm0l-79334331d226f4c2fa85cdf192e9b140 avia_animate_when_visible av-icon-style- avia-icon-pos-center avia-iconfont avia-font-entypo-fontello avia-icon-animate'><span class='av-icon-char' data-av_icon='\ue822' data-av_iconfont='entypo-fontello' aria-hidden=\"true\" ><\/span><\/span><\/div>\n\n<style type=\"text\/css\" data-created_by=\"avia_inline_auto\" id=\"style-css-av-kpg0ol-20da1ff51e9c344f04d91fe7c5622c6f\">\n.flex_column.av-kpg0ol-20da1ff51e9c344f04d91fe7c5622c6f{\nborder-radius:0px 0px 0px 0px;\npadding:0px 0px 0px 0px;\n}\n<\/style>\n<div  class='flex_column av-kpg0ol-20da1ff51e9c344f04d91fe7c5622c6f av_one_third  avia-builder-el-8  el_after_av_one_third  el_before_av_hr  flex_column_div av-zero-column-padding  '     ><style type=\"text\/css\" data-created_by=\"avia_inline_auto\" id=\"style-css-av-ipaa5x-81cd0850fd5f93451a1dfcd34ac48d93\">\n.av_font_icon.av-ipaa5x-81cd0850fd5f93451a1dfcd34ac48d93{\ncolor:#000000;\nborder-color:#000000;\n}\n.avia-svg-icon.av-ipaa5x-81cd0850fd5f93451a1dfcd34ac48d93 svg:first-child{\nstroke:#000000;\nfill:#000000;\n}\n.av_font_icon.av-ipaa5x-81cd0850fd5f93451a1dfcd34ac48d93 .av-icon-char{\nfont-size:80px;\nline-height:80px;\n}\n<\/style>\n<span  class='av_font_icon av-ipaa5x-81cd0850fd5f93451a1dfcd34ac48d93 avia_animate_when_visible av-icon-style- avia-icon-pos-center avia-iconfont avia-font-entypo-fontello avia-icon-animate'><span class='av-icon-char' data-av_icon='\ue82f' data-av_iconfont='entypo-fontello' aria-hidden=\"true\" ><\/span><\/span><\/div>\n\n<style type=\"text\/css\" data-created_by=\"avia_inline_auto\" id=\"style-css-av-h1dn9x-581aa96a3bcdac981a7bd5a2a7b642f1\">\n#top .hr.hr-invisible.av-h1dn9x-581aa96a3bcdac981a7bd5a2a7b642f1{\nheight:50px;\n}\n<\/style>\n<div  class='hr av-h1dn9x-581aa96a3bcdac981a7bd5a2a7b642f1 hr-invisible  avia-builder-el-10  el_after_av_one_third  el_before_av_heading '><span class='hr-inner '><span class=\"hr-inner-style\"><\/span><\/span><\/div>\n\n<style type=\"text\/css\" data-created_by=\"avia_inline_auto\" id=\"style-css-av-fdjkz9-cf97db86106bfc18e44b0494bbdb90c4\">\n#top .av-special-heading.av-fdjkz9-cf97db86106bfc18e44b0494bbdb90c4{\npadding-bottom:15px;\ncolor:#000000;\nfont-size:30px;\n}\nbody .av-special-heading.av-fdjkz9-cf97db86106bfc18e44b0494bbdb90c4 .av-special-heading-tag .heading-char{\nfont-size:25px;\n}\n#top #wrap_all .av-special-heading.av-fdjkz9-cf97db86106bfc18e44b0494bbdb90c4 .av-special-heading-tag{\nfont-size:30px;\n}\n.av-special-heading.av-fdjkz9-cf97db86106bfc18e44b0494bbdb90c4 .special-heading-inner-border{\nborder-color:#000000;\n}\n.av-special-heading.av-fdjkz9-cf97db86106bfc18e44b0494bbdb90c4 .av-subheading{\nfont-size:15px;\n}\n\n@media only screen and (min-width: 480px) and (max-width: 767px){ \n#top #wrap_all .av-special-heading.av-fdjkz9-cf97db86106bfc18e44b0494bbdb90c4 .av-special-heading-tag{\nfont-size:0.8em;\n}\n}\n\n@media only screen and (max-width: 479px){ \n#top #wrap_all .av-special-heading.av-fdjkz9-cf97db86106bfc18e44b0494bbdb90c4 .av-special-heading-tag{\nfont-size:0.8em;\n}\n}\n<\/style>\n<div  class='av-special-heading av-fdjkz9-cf97db86106bfc18e44b0494bbdb90c4 av-special-heading-h1 custom-color-heading blockquote modern-quote  avia-builder-el-11  el_after_av_hr  el_before_av_hr  av-inherit-size'><h1 class='av-special-heading-tag '  itemprop=\"headline\"  >Ikona samostatn\u00fd styl<\/h1><div class=\"special-heading-border\"><div class=\"special-heading-inner-border\"><\/div><\/div><\/div>\n\n<style type=\"text\/css\" data-created_by=\"avia_inline_auto\" id=\"style-css-av-e2l4hx-7e26974b35e86b732d11f8af394d4f5c\">\n#top .hr.hr-invisible.av-e2l4hx-7e26974b35e86b732d11f8af394d4f5c{\nheight:50px;\n}\n<\/style>\n<div  class='hr av-e2l4hx-7e26974b35e86b732d11f8af394d4f5c hr-invisible  avia-builder-el-12  el_after_av_heading  el_before_av_one_third '><span class='hr-inner '><span class=\"hr-inner-style\"><\/span><\/span><\/div>\n\n<style type=\"text\/css\" data-created_by=\"avia_inline_auto\" id=\"style-css-av-c9aav9-6055a8dff39f8e9f880715282233bb2d\">\n.flex_column.av-c9aav9-6055a8dff39f8e9f880715282233bb2d{\nborder-radius:0px 0px 0px 0px;\npadding:0px 0px 0px 0px;\n}\n<\/style>\n<div  class='flex_column av-c9aav9-6055a8dff39f8e9f880715282233bb2d av_one_third  avia-builder-el-13  el_after_av_hr  el_before_av_one_third  first flex_column_div av-zero-column-padding  '     ><style type=\"text\/css\" data-created_by=\"avia_inline_auto\" id=\"style-css-av-bbo61x-147ab128bf7e32ef1c0ab628264733bf\">\n.av_font_icon.av-bbo61x-147ab128bf7e32ef1c0ab628264733bf .av-icon-char{\nfont-size:40px;\nline-height:40px;\nwidth:40px;\n}\n<\/style>\n<span  class='av_font_icon av-bbo61x-147ab128bf7e32ef1c0ab628264733bf avia_animate_when_visible av-icon-style-border avia-icon-pos-center avia-iconfont avia-font-entypo-fontello av-no-color avia-icon-animate'><span class='av-icon-char' data-av_icon='\ue834' data-av_iconfont='entypo-fontello' aria-hidden=\"true\" data-avia-icon-tooltip=\"&lt;br \/&gt;\nLorem ipsum dolor sit amet, consectetuer adipiscing elit. Aenean commodo ligula eget dolor.&lt;br \/&gt;\n\"><\/span><span class='av_icon_caption av-special-font'>Lorem Ipsum<\/span><\/span><\/div>\n<style type=\"text\/css\" data-created_by=\"avia_inline_auto\" id=\"style-css-av-9ejj05-f2b264ce05df89195fb1373bb758a0e2\">\n.flex_column.av-9ejj05-f2b264ce05df89195fb1373bb758a0e2{\nborder-radius:0px 0px 0px 0px;\npadding:0px 0px 0px 0px;\n}\n<\/style>\n<div  class='flex_column av-9ejj05-f2b264ce05df89195fb1373bb758a0e2 av_one_third  avia-builder-el-15  el_after_av_one_third  el_before_av_one_third  flex_column_div av-zero-column-padding  '     ><style type=\"text\/css\" data-created_by=\"avia_inline_auto\" id=\"style-css-av-7gplgl-17bb76341ec99725e35218d38415ebbb\">\n.av_font_icon.av-7gplgl-17bb76341ec99725e35218d38415ebbb .av-icon-char{\nfont-size:40px;\nline-height:40px;\nwidth:40px;\n}\n<\/style>\n<span  class='av_font_icon av-7gplgl-17bb76341ec99725e35218d38415ebbb avia_animate_when_visible av-icon-style-border avia-icon-pos-center avia-iconfont avia-font-entypo-fontello av-no-color avia-icon-animate'><span class='av-icon-char' data-av_icon='\ue8c4' data-av_iconfont='entypo-fontello' aria-hidden=\"true\" data-avia-icon-tooltip=\"&lt;br \/&gt;\nLorem ipsum dolor sit amet, consectetuer adipiscing elit. Aenean commodo ligula eget dolor.&lt;br \/&gt;\n\"><\/span><span class='av_icon_caption av-special-font'>Multi Media<\/span><\/span><\/div>\n<style type=\"text\/css\" data-created_by=\"avia_inline_auto\" id=\"style-css-av-6luhgl-7591adfe66c529733fe0b1bb29b0cac8\">\n.flex_column.av-6luhgl-7591adfe66c529733fe0b1bb29b0cac8{\nborder-radius:0px 0px 0px 0px;\npadding:0px 0px 0px 0px;\n}\n<\/style>\n<div  class='flex_column av-6luhgl-7591adfe66c529733fe0b1bb29b0cac8 av_one_third  avia-builder-el-17  el_after_av_one_third  el_before_av_hr  flex_column_div av-zero-column-padding  '     ><style type=\"text\/css\" data-created_by=\"avia_inline_auto\" id=\"style-css-av-3mf8s5-7548678df4070f467643c3f098d70bae\">\n.av_font_icon.av-3mf8s5-7548678df4070f467643c3f098d70bae{\ncolor:#af6666;\nborder-color:#af6666;\n}\n.avia-svg-icon.av-3mf8s5-7548678df4070f467643c3f098d70bae svg:first-child{\nstroke:#af6666;\nfill:#af6666;\n}\n.av_font_icon.av-3mf8s5-7548678df4070f467643c3f098d70bae .av-icon-char{\nfont-size:40px;\nline-height:40px;\nwidth:40px;\n}\n<\/style>\n<span  class='av_font_icon av-3mf8s5-7548678df4070f467643c3f098d70bae avia_animate_when_visible av-icon-style-border avia-icon-pos-center avia-iconfont avia-font-entypo-fontello avia-icon-animate'><span class='av-icon-char' data-av_icon='\ue856' data-av_iconfont='entypo-fontello' aria-hidden=\"true\" data-avia-icon-tooltip=\"&lt;br \/&gt;\nLorem ipsum dolor sit amet, consectetuer adipiscing elit. Aenean commodo ligula eget dolor.&lt;br \/&gt;\n\"><\/span><span class='av_icon_caption av-special-font'>Cloud Based<\/span><\/span><\/div>\n<style type=\"text\/css\" data-created_by=\"avia_inline_auto\" id=\"style-css-av-26elnp-d39bc66373657cb2cb2ca3672d9088f9\">\n#top .hr.hr-invisible.av-26elnp-d39bc66373657cb2cb2ca3672d9088f9{\nheight:50px;\n}\n<\/style>\n<div  class='hr av-26elnp-d39bc66373657cb2cb2ca3672d9088f9 hr-invisible  avia-builder-el-19  el_after_av_one_third  avia-builder-el-last '><span class='hr-inner '><span class=\"hr-inner-style\"><\/span><\/span><\/div><\/p>\n","protected":false},"excerpt":{"rendered":"","protected":false},"author":1,"featured_media":0,"parent":3400,"menu_order":0,"comment_status":"closed","ping_status":"closed","template":"","meta":{"_bbp_topic_count":0,"_bbp_reply_count":0,"_bbp_total_topic_count":0,"_bbp_total_reply_count":0,"_bbp_voice_count":0,"_bbp_anonymous_reply_count":0,"_bbp_topic_count_hidden":0,"_bbp_reply_count_hidden":0,"_bbp_forum_subforum_count":0,"footnotes":""},"class_list":["post-3673","page","type-page","status-publish","hentry"],"_links":{"self":[{"href":"https:\/\/enfold.norbou.com\/cs\/wp-json\/wp\/v2\/pages\/3673","targetHints":{"allow":["GET"]}}],"collection":[{"href":"https:\/\/enfold.norbou.com\/cs\/wp-json\/wp\/v2\/pages"}],"about":[{"href":"https:\/\/enfold.norbou.com\/cs\/wp-json\/wp\/v2\/types\/page"}],"author":[{"embeddable":true,"href":"https:\/\/enfold.norbou.com\/cs\/wp-json\/wp\/v2\/users\/1"}],"replies":[{"embeddable":true,"href":"https:\/\/enfold.norbou.com\/cs\/wp-json\/wp\/v2\/comments?post=3673"}],"version-history":[{"count":8,"href":"https:\/\/enfold.norbou.com\/cs\/wp-json\/wp\/v2\/pages\/3673\/revisions"}],"predecessor-version":[{"id":4851,"href":"https:\/\/enfold.norbou.com\/cs\/wp-json\/wp\/v2\/pages\/3673\/revisions\/4851"}],"up":[{"embeddable":true,"href":"https:\/\/enfold.norbou.com\/cs\/wp-json\/wp\/v2\/pages\/3400"}],"wp:attachment":[{"href":"https:\/\/enfold.norbou.com\/cs\/wp-json\/wp\/v2\/media?parent=3673"}],"curies":[{"name":"wp","href":"https:\/\/api.w.org\/{rel}","templated":true}]}}