{"id":3963,"date":"2017-02-13T14:56:27","date_gmt":"2017-02-13T14:56:27","guid":{"rendered":"https:\/\/enfold.norbou.com\/prvky\/specialni-nadpis\/"},"modified":"2024-08-24T12:25:24","modified_gmt":"2024-08-24T12:25:24","slug":"specialni-nadpis","status":"publish","type":"page","link":"https:\/\/enfold.norbou.com\/cs\/prvky\/specialni-nadpis\/","title":{"rendered":"Speci\u00e1ln\u00ed nadpis"},"content":{"rendered":"\n<style type=\"text\/css\" data-created_by=\"avia_inline_auto\" id=\"style-css-av-pkt176-fd9e70406e9506592006935d3ff07515\">\n#top .av-special-heading.av-pkt176-fd9e70406e9506592006935d3ff07515{\npadding-bottom:15px;\ncolor:#000000;\nfont-size:40px;\n}\nbody .av-special-heading.av-pkt176-fd9e70406e9506592006935d3ff07515 .av-special-heading-tag .heading-char{\nfont-size:25px;\n}\n#top #wrap_all .av-special-heading.av-pkt176-fd9e70406e9506592006935d3ff07515 .av-special-heading-tag{\nfont-size:40px;\n}\n.av-special-heading.av-pkt176-fd9e70406e9506592006935d3ff07515 .special-heading-inner-border{\nborder-color:#000000;\n}\n.av-special-heading.av-pkt176-fd9e70406e9506592006935d3ff07515 .av-subheading{\nfont-size:15px;\n}\n\n@media only screen and (min-width: 480px) and (max-width: 767px){ \n#top #wrap_all .av-special-heading.av-pkt176-fd9e70406e9506592006935d3ff07515 .av-special-heading-tag{\nfont-size:0.8em;\n}\n}\n\n@media only screen and (max-width: 479px){ \n#top #wrap_all .av-special-heading.av-pkt176-fd9e70406e9506592006935d3ff07515 .av-special-heading-tag{\nfont-size:0.8em;\n}\n}\n<\/style>\n<div  class='av-special-heading av-pkt176-fd9e70406e9506592006935d3ff07515 av-special-heading-h1 custom-color-heading blockquote modern-quote  avia-builder-el-0  el_before_av_textblock  avia-builder-el-first  av-inherit-size'><h1 class='av-special-heading-tag '  itemprop=\"headline\"  >Speci\u00e1ln\u00ed prvek nadpisu<\/h1><div class=\"special-heading-border\"><div class=\"special-heading-inner-border\"><\/div><\/div><\/div>\n<section  class='av_textblock_section av-nttstu-ebaf0169ae140c1b9c28c70991459c1a '   itemscope=\"itemscope\" itemtype=\"https:\/\/schema.org\/CreativeWork\" ><div class='avia_textblock'  itemprop=\"text\" ><p>Tento prvek v\u00e1m umo\u017e\u0148uje vytv\u00e1\u0159et vlastn\u00ed nadpisy s r\u016fzn\u00fdmi styly, r\u016fzn\u00fdmi fonty, barvami atd. N\u00ed\u017ee najdete n\u011bkolik p\u0159\u00edklad\u016f, jak by mohl nadpis vypadat.<\/p>\n<\/div><\/section>\n\n<style type=\"text\/css\" data-created_by=\"avia_inline_auto\" id=\"style-css-av-mvot02-b8f5a284665d9daa73e350b3e1ba2a72\">\n#top .hr.hr-invisible.av-mvot02-b8f5a284665d9daa73e350b3e1ba2a72{\nheight:50px;\n}\n<\/style>\n<div  class='hr av-mvot02-b8f5a284665d9daa73e350b3e1ba2a72 hr-invisible  avia-builder-el-2  el_after_av_textblock  el_before_av_heading '><span class='hr-inner '><span class=\"hr-inner-style\"><\/span><\/span><\/div>\n\n<style type=\"text\/css\" data-created_by=\"avia_inline_auto\" id=\"style-css-av-l4acsi-39e107f0912cb07bf7d016270f9abd45\">\n#top .av-special-heading.av-l4acsi-39e107f0912cb07bf7d016270f9abd45{\npadding-bottom:15px;\n}\nbody .av-special-heading.av-l4acsi-39e107f0912cb07bf7d016270f9abd45 .av-special-heading-tag .heading-char{\nfont-size:25px;\n}\n.av-special-heading.av-l4acsi-39e107f0912cb07bf7d016270f9abd45 .av-subheading{\nfont-size:15px;\n}\n<\/style>\n<div  class='av-special-heading av-l4acsi-39e107f0912cb07bf7d016270f9abd45 av-special-heading-h3  avia-builder-el-3  el_after_av_hr  el_before_av_textblock '><h3 class='av-special-heading-tag '  itemprop=\"headline\"  >Speci\u00e1ln\u00ed nadpis v\u00fdchoz\u00ed<\/h3><div class=\"special-heading-border\"><div class=\"special-heading-inner-border\"><\/div><\/div><\/div>\n<section  class='av_textblock_section av-jehrwy-67d9eab57ec71dacd5030a7d2a8ffb57 '   itemscope=\"itemscope\" itemtype=\"https:\/\/schema.org\/CreativeWork\" ><div class='avia_textblock'  itemprop=\"text\" ><p>Lorem ipsum dolor sit amet, consectetuer adipiscing elit. Aenean commodo ligula eget dolor. Aenean massa. Cum sociis natoque penatibus et magnis dis parturient montes, nascetur ridiculus mus. Donec quam felis, ultricies nec, pellentesque eu, pretium quis, sem. Nulla consequat massa quis enim.<\/p>\n<\/div><\/section>\n\n<style type=\"text\/css\" data-created_by=\"avia_inline_auto\" id=\"style-css-av-gvf3ia-612d0af5966d2b856162caf548a75c66\">\n#top .hr.hr-invisible.av-gvf3ia-612d0af5966d2b856162caf548a75c66{\nheight:50px;\n}\n<\/style>\n<div  class='hr av-gvf3ia-612d0af5966d2b856162caf548a75c66 hr-invisible  avia-builder-el-5  el_after_av_textblock  el_before_av_heading '><span class='hr-inner '><span class=\"hr-inner-style\"><\/span><\/span><\/div>\n\n<style type=\"text\/css\" data-created_by=\"avia_inline_auto\" id=\"style-css-av-f9fh6q-b9662015a0885f0f16d4e2faa69eca7a\">\n#top .av-special-heading.av-f9fh6q-b9662015a0885f0f16d4e2faa69eca7a{\npadding-bottom:15px;\nfont-size:40px;\n}\nbody .av-special-heading.av-f9fh6q-b9662015a0885f0f16d4e2faa69eca7a .av-special-heading-tag .heading-char{\nfont-size:25px;\n}\n#top #wrap_all .av-special-heading.av-f9fh6q-b9662015a0885f0f16d4e2faa69eca7a .av-special-heading-tag{\nfont-size:40px;\n}\n.av-special-heading.av-f9fh6q-b9662015a0885f0f16d4e2faa69eca7a .av-subheading{\nfont-size:15px;\n}\n\n@media only screen and (min-width: 480px) and (max-width: 767px){ \n#top #wrap_all .av-special-heading.av-f9fh6q-b9662015a0885f0f16d4e2faa69eca7a .av-special-heading-tag{\nfont-size:0.8em;\n}\n}\n\n@media only screen and (max-width: 479px){ \n#top #wrap_all .av-special-heading.av-f9fh6q-b9662015a0885f0f16d4e2faa69eca7a .av-special-heading-tag{\nfont-size:0.8em;\n}\n}\n<\/style>\n<div  class='av-special-heading av-f9fh6q-b9662015a0885f0f16d4e2faa69eca7a av-special-heading-h3 blockquote classic-quote  avia-builder-el-6  el_after_av_hr  el_before_av_textblock  av-inherit-size'><h3 class='av-special-heading-tag '  itemprop=\"headline\"  >Speci\u00e1ln\u00ed prvek nadpisu<\/h3><div class='av-subheading av-subheading_below'><p>klasick\u00e1 kurz\u00edva &#8211; s podnadpisem<\/p>\n<\/div><div class=\"special-heading-border\"><div class=\"special-heading-inner-border\"><\/div><\/div><\/div>\n<section  class='av_textblock_section av-dmjx6a-f6d8296e1fdcd25e8c23635a5e21638e '   itemscope=\"itemscope\" itemtype=\"https:\/\/schema.org\/CreativeWork\" ><div class='avia_textblock'  itemprop=\"text\" ><p>Lorem ipsum dolor sit amet, consectetuer adipiscing elit. Aenean commodo ligula eget dolor. Aenean massa. Cum sociis natoque penatibus et magnis dis parturient montes, nascetur ridiculus mus. Donec quam felis, ultricies nec, pellentesque eu, pretium quis, sem. Nulla consequat massa quis enim.<\/p>\n<\/div><\/section>\n\n<style type=\"text\/css\" data-created_by=\"avia_inline_auto\" id=\"style-css-av-bxguia-e03686d180a127436ef905cd0f8c6960\">\n#top .hr.hr-invisible.av-bxguia-e03686d180a127436ef905cd0f8c6960{\nheight:50px;\n}\n<\/style>\n<div  class='hr av-bxguia-e03686d180a127436ef905cd0f8c6960 hr-invisible  avia-builder-el-8  el_after_av_textblock  el_before_av_heading '><span class='hr-inner '><span class=\"hr-inner-style\"><\/span><\/span><\/div>\n\n<style type=\"text\/css\" data-created_by=\"avia_inline_auto\" id=\"style-css-av-a4u12q-5ffc3e70577587f0c36c468d98381b6f\">\n#top .av-special-heading.av-a4u12q-5ffc3e70577587f0c36c468d98381b6f{\npadding-bottom:15px;\ncolor:#000000;\nfont-size:40px;\n}\nbody .av-special-heading.av-a4u12q-5ffc3e70577587f0c36c468d98381b6f .av-special-heading-tag .heading-char{\nfont-size:25px;\n}\n#top #wrap_all .av-special-heading.av-a4u12q-5ffc3e70577587f0c36c468d98381b6f .av-special-heading-tag{\nfont-size:40px;\n}\n.av-special-heading.av-a4u12q-5ffc3e70577587f0c36c468d98381b6f .special-heading-inner-border{\nborder-color:#000000;\n}\n.av-special-heading.av-a4u12q-5ffc3e70577587f0c36c468d98381b6f .av-subheading{\nfont-size:15px;\n}\n\n@media only screen and (min-width: 480px) and (max-width: 767px){ \n#top #wrap_all .av-special-heading.av-a4u12q-5ffc3e70577587f0c36c468d98381b6f .av-special-heading-tag{\nfont-size:0.8em;\n}\n}\n\n@media only screen and (max-width: 479px){ \n#top #wrap_all .av-special-heading.av-a4u12q-5ffc3e70577587f0c36c468d98381b6f .av-special-heading-tag{\nfont-size:0.8em;\n}\n}\n<\/style>\n<div  class='av-special-heading av-a4u12q-5ffc3e70577587f0c36c468d98381b6f av-special-heading-h1 custom-color-heading blockquote modern-quote modern-centered  avia-builder-el-9  el_after_av_hr  el_before_av_textblock  av-inherit-size'><h1 class='av-special-heading-tag '  itemprop=\"headline\"  >Speci\u00e1ln\u00ed Nadpis Modern\u00ed Centrovan\u00fd<\/h1><div class=\"special-heading-border\"><div class=\"special-heading-inner-border\"><\/div><\/div><\/div>\n<section  class='av_textblock_section av-8fot8y-8d346547fa852b6663162ef895084643 '   itemscope=\"itemscope\" itemtype=\"https:\/\/schema.org\/CreativeWork\" ><div class='avia_textblock'  itemprop=\"text\" ><p>Lorem ipsum dolor sit amet, consectetuer adipiscing elit. Aenean commodo ligula eget dolor. Aenean massa. Cum sociis natoque penatibus et magnis dis parturient montes, nascetur ridiculus mus. Donec quam felis, ultricies nec, pellentesque eu, pretium quis, sem. Nulla consequat massa quis enim.<\/p>\n<\/div><\/section>\n\n<style type=\"text\/css\" data-created_by=\"avia_inline_auto\" id=\"style-css-av-7v9fhe-6498a5aefddf05c10b5d2798efdc308e\">\n#top .hr.hr-invisible.av-7v9fhe-6498a5aefddf05c10b5d2798efdc308e{\nheight:50px;\n}\n<\/style>\n<div  class='hr av-7v9fhe-6498a5aefddf05c10b5d2798efdc308e hr-invisible  avia-builder-el-11  el_after_av_textblock  el_before_av_heading '><span class='hr-inner '><span class=\"hr-inner-style\"><\/span><\/span><\/div>\n\n<style type=\"text\/css\" data-created_by=\"avia_inline_auto\" id=\"style-css-av-69vo76-ddbe637a3abc382145cd1bd322569e23\">\n#top .av-special-heading.av-69vo76-ddbe637a3abc382145cd1bd322569e23{\npadding-bottom:15px;\n}\nbody .av-special-heading.av-69vo76-ddbe637a3abc382145cd1bd322569e23 .av-special-heading-tag .heading-char{\nfont-size:25px;\n}\n.av-special-heading.av-69vo76-ddbe637a3abc382145cd1bd322569e23 .av-subheading{\nfont-size:15px;\n}\n<\/style>\n<div  class='av-special-heading av-69vo76-ddbe637a3abc382145cd1bd322569e23 av-special-heading-h2 blockquote modern-quote  avia-builder-el-12  el_after_av_hr  el_before_av_textblock '><div class='av-subheading av-subheading_above'><p>Podnadpis tentokr\u00e1t naho\u0159e&#8230;<\/p>\n<\/div><h2 class='av-special-heading-tag '  itemprop=\"headline\"  >Speci\u00e1ln\u00ed nadpis Modern\u00ed<\/h2><div class=\"special-heading-border\"><div class=\"special-heading-inner-border\"><\/div><\/div><\/div>\n<section  class='av_textblock_section av-3m564i-e89a8439e37799e1e9b3af7ec40faff7 '   itemscope=\"itemscope\" itemtype=\"https:\/\/schema.org\/CreativeWork\" ><div class='avia_textblock'  itemprop=\"text\" ><p>Lorem ipsum dolor sit amet, consectetuer adipiscing elit. Aenean commodo ligula eget dolor. Aenean massa. Cum sociis natoque penatibus et magnis dis parturient montes, nascetur ridiculus mus. Donec quam felis, ultricies nec, pellentesque eu, pretium quis, sem. Nulla consequat massa quis enim.<\/p>\n<\/div><\/section>\n\n<style type=\"text\/css\" data-created_by=\"avia_inline_auto\" id=\"style-css-av-2ia76a-c6bfc012a61cdac7eda7423e91bf2503\">\n#top .hr.hr-invisible.av-2ia76a-c6bfc012a61cdac7eda7423e91bf2503{\nheight:50px;\n}\n<\/style>\n<div  class='hr av-2ia76a-c6bfc012a61cdac7eda7423e91bf2503 hr-invisible  avia-builder-el-14  el_after_av_textblock  avia-builder-el-last '><span class='hr-inner '><span class=\"hr-inner-style\"><\/span><\/span><\/div>\n","protected":false},"excerpt":{"rendered":"","protected":false},"author":1,"featured_media":0,"parent":3400,"menu_order":0,"comment_status":"closed","ping_status":"closed","template":"","meta":{"_bbp_topic_count":0,"_bbp_reply_count":0,"_bbp_total_topic_count":0,"_bbp_total_reply_count":0,"_bbp_voice_count":0,"_bbp_anonymous_reply_count":0,"_bbp_topic_count_hidden":0,"_bbp_reply_count_hidden":0,"_bbp_forum_subforum_count":0,"footnotes":""},"class_list":["post-3963","page","type-page","status-publish","hentry"],"_links":{"self":[{"href":"https:\/\/enfold.norbou.com\/cs\/wp-json\/wp\/v2\/pages\/3963","targetHints":{"allow":["GET"]}}],"collection":[{"href":"https:\/\/enfold.norbou.com\/cs\/wp-json\/wp\/v2\/pages"}],"about":[{"href":"https:\/\/enfold.norbou.com\/cs\/wp-json\/wp\/v2\/types\/page"}],"author":[{"embeddable":true,"href":"https:\/\/enfold.norbou.com\/cs\/wp-json\/wp\/v2\/users\/1"}],"replies":[{"embeddable":true,"href":"https:\/\/enfold.norbou.com\/cs\/wp-json\/wp\/v2\/comments?post=3963"}],"version-history":[{"count":7,"href":"https:\/\/enfold.norbou.com\/cs\/wp-json\/wp\/v2\/pages\/3963\/revisions"}],"predecessor-version":[{"id":4855,"href":"https:\/\/enfold.norbou.com\/cs\/wp-json\/wp\/v2\/pages\/3963\/revisions\/4855"}],"up":[{"embeddable":true,"href":"https:\/\/enfold.norbou.com\/cs\/wp-json\/wp\/v2\/pages\/3400"}],"wp:attachment":[{"href":"https:\/\/enfold.norbou.com\/cs\/wp-json\/wp\/v2\/media?parent=3963"}],"curies":[{"name":"wp","href":"https:\/\/api.w.org\/{rel}","templated":true}]}}