{"id":3967,"date":"2017-02-13T14:56:14","date_gmt":"2017-02-13T14:56:14","guid":{"rendered":"https:\/\/enfold.norbou.com\/prvky\/oddelovac-prazdne-misto\/"},"modified":"2024-08-24T12:25:24","modified_gmt":"2024-08-24T12:25:24","slug":"oddelovac-prazdne-misto","status":"publish","type":"page","link":"https:\/\/enfold.norbou.com\/cs\/prvky\/oddelovac-prazdne-misto\/","title":{"rendered":"Odd\u011blova\u010d\/pr\u00e1zdn\u00e9 m\u00edsto"},"content":{"rendered":"\n<style type=\"text\/css\" data-created_by=\"avia_inline_auto\" id=\"style-css-av-2xmyv3-afa1b191d40096c5acdbaa8f31e4492c\">\n#top .av-special-heading.av-2xmyv3-afa1b191d40096c5acdbaa8f31e4492c{\npadding-bottom:15px;\ncolor:#000000;\nfont-size:40px;\n}\nbody .av-special-heading.av-2xmyv3-afa1b191d40096c5acdbaa8f31e4492c .av-special-heading-tag .heading-char{\nfont-size:25px;\n}\n#top #wrap_all .av-special-heading.av-2xmyv3-afa1b191d40096c5acdbaa8f31e4492c .av-special-heading-tag{\nfont-size:40px;\n}\n.av-special-heading.av-2xmyv3-afa1b191d40096c5acdbaa8f31e4492c .special-heading-inner-border{\nborder-color:#000000;\n}\n.av-special-heading.av-2xmyv3-afa1b191d40096c5acdbaa8f31e4492c .av-subheading{\nfont-size:15px;\n}\n\n@media only screen and (min-width: 480px) and (max-width: 767px){ \n#top #wrap_all .av-special-heading.av-2xmyv3-afa1b191d40096c5acdbaa8f31e4492c .av-special-heading-tag{\nfont-size:0.8em;\n}\n}\n\n@media only screen and (max-width: 479px){ \n#top #wrap_all .av-special-heading.av-2xmyv3-afa1b191d40096c5acdbaa8f31e4492c .av-special-heading-tag{\nfont-size:0.8em;\n}\n}\n<\/style>\n<div  class='av-special-heading av-2xmyv3-afa1b191d40096c5acdbaa8f31e4492c av-special-heading-h1 custom-color-heading blockquote modern-quote  avia-builder-el-0  el_before_av_textblock  avia-builder-el-first  av-inherit-size'><h1 class='av-special-heading-tag '  itemprop=\"headline\"  >Odd\u011blova\u010d\/Mezera<\/h1><div class=\"special-heading-border\"><div class=\"special-heading-inner-border\"><\/div><\/div><\/div>\n<section  class='av_textblock_section av-rk09fj-f145767ca17a418c09672716e3811fca '   itemscope=\"itemscope\" itemtype=\"https:\/\/schema.org\/CreativeWork\" ><div class='avia_textblock'  itemprop=\"text\" ><p>Tento prvek v\u00e1m umo\u017e\u0148uje odd\u011blit obsah neviditeln\u00fdm pr\u00e1zdn\u00fdm m\u00edstem, p\u0159eddefinovan\u00fdmi vertik\u00e1ln\u00edmi odd\u011blova\u010di nebo vlastn\u00edmi, kter\u00e9 si m\u016f\u017eete navrhnout sami. N\u00ed\u017ee je n\u011bkolik p\u0159\u00edklad\u016f.<\/p>\n<\/div><\/section>\n<div  class='hr av-pplsbz-bc4ec33c650a00c30f2798fa94eb3d0f hr-full  avia-builder-el-2  el_after_av_textblock  el_before_av_heading  hr-shadow'><span class='hr-inner '><span class=\"hr-inner-style\"><\/span><\/span><\/div>\n\n<style type=\"text\/css\" data-created_by=\"avia_inline_auto\" id=\"style-css-av-obhy27-de90d646d74fbfeb1ed4cafa90ee8acf\">\n#top .av-special-heading.av-obhy27-de90d646d74fbfeb1ed4cafa90ee8acf{\npadding-bottom:15px;\ncolor:#000000;\nfont-size:30px;\n}\nbody .av-special-heading.av-obhy27-de90d646d74fbfeb1ed4cafa90ee8acf .av-special-heading-tag .heading-char{\nfont-size:25px;\n}\n#top #wrap_all .av-special-heading.av-obhy27-de90d646d74fbfeb1ed4cafa90ee8acf .av-special-heading-tag{\nfont-size:30px;\n}\n.av-special-heading.av-obhy27-de90d646d74fbfeb1ed4cafa90ee8acf .special-heading-inner-border{\nborder-color:#000000;\n}\n.av-special-heading.av-obhy27-de90d646d74fbfeb1ed4cafa90ee8acf .av-subheading{\nfont-size:15px;\n}\n\n@media only screen and (min-width: 480px) and (max-width: 767px){ \n#top #wrap_all .av-special-heading.av-obhy27-de90d646d74fbfeb1ed4cafa90ee8acf .av-special-heading-tag{\nfont-size:0.8em;\n}\n}\n\n@media only screen and (max-width: 479px){ \n#top #wrap_all .av-special-heading.av-obhy27-de90d646d74fbfeb1ed4cafa90ee8acf .av-special-heading-tag{\nfont-size:0.8em;\n}\n}\n<\/style>\n<div  class='av-special-heading av-obhy27-de90d646d74fbfeb1ed4cafa90ee8acf av-special-heading-h1 custom-color-heading blockquote modern-quote  avia-builder-el-3  el_after_av_hr  el_before_av_textblock  av-inherit-size'><h1 class='av-special-heading-tag '  itemprop=\"headline\"  >Toto je nadpis<\/h1><div class=\"special-heading-border\"><div class=\"special-heading-inner-border\"><\/div><\/div><\/div>\n<section  class='av_textblock_section av-luq7rj-6dc5ca6839a40f34154d33251f217bf9 '   itemscope=\"itemscope\" itemtype=\"https:\/\/schema.org\/CreativeWork\" ><div class='avia_textblock'  itemprop=\"text\" ><p>Lorem ipsum dolor sit amet, consectetuer adipiscing elit. Aenean commodo ligula eget dolor. Aenean massa. Cum sociis natoque penatibus et magnis dis parturient montes, nascetur ridiculus mus.<\/p>\n<\/div><\/section>\n<div  class='hr av-lakh7z-12a2c2733043fc398b05375cdac6498b hr-default  avia-builder-el-5  el_after_av_textblock  el_before_av_heading '><span class='hr-inner '><span class=\"hr-inner-style\"><\/span><\/span><\/div>\n\n<style type=\"text\/css\" data-created_by=\"avia_inline_auto\" id=\"style-css-av-1w0dfj-dde65c265700f25adc94ed423f08d839\">\n#top .av-special-heading.av-1w0dfj-dde65c265700f25adc94ed423f08d839{\npadding-bottom:15px;\ncolor:#000000;\nfont-size:30px;\n}\nbody .av-special-heading.av-1w0dfj-dde65c265700f25adc94ed423f08d839 .av-special-heading-tag .heading-char{\nfont-size:25px;\n}\n#top #wrap_all .av-special-heading.av-1w0dfj-dde65c265700f25adc94ed423f08d839 .av-special-heading-tag{\nfont-size:30px;\n}\n.av-special-heading.av-1w0dfj-dde65c265700f25adc94ed423f08d839 .special-heading-inner-border{\nborder-color:#000000;\n}\n.av-special-heading.av-1w0dfj-dde65c265700f25adc94ed423f08d839 .av-subheading{\nfont-size:15px;\n}\n\n@media only screen and (min-width: 480px) and (max-width: 767px){ \n#top #wrap_all .av-special-heading.av-1w0dfj-dde65c265700f25adc94ed423f08d839 .av-special-heading-tag{\nfont-size:0.8em;\n}\n}\n\n@media only screen and (max-width: 479px){ \n#top #wrap_all .av-special-heading.av-1w0dfj-dde65c265700f25adc94ed423f08d839 .av-special-heading-tag{\nfont-size:0.8em;\n}\n}\n<\/style>\n<div  class='av-special-heading av-1w0dfj-dde65c265700f25adc94ed423f08d839 av-special-heading-h1 custom-color-heading blockquote modern-quote  avia-builder-el-6  el_after_av_hr  el_before_av_textblock  av-inherit-size'><h1 class='av-special-heading-tag '  itemprop=\"headline\"  >Toto je nadpis<\/h1><div class=\"special-heading-border\"><div class=\"special-heading-inner-border\"><\/div><\/div><\/div>\n<section  class='av_textblock_section av-hsyg0f-3a3b57df4bef528d19ed4a866b2bfe70 '   itemscope=\"itemscope\" itemtype=\"https:\/\/schema.org\/CreativeWork\" ><div class='avia_textblock'  itemprop=\"text\" ><p>Donec quam felis, ultricies nec, pellentesque eu, pretium quis, sem. Nulla consequat massa quis enim. Donec pede justo, fringilla vel, aliquet nec, vulputate eget, arcu. In enim justo, rhoncus ut, imperdiet a, venenatis vitae,<\/p>\n<\/div><\/section>\n\n<style type=\"text\/css\" data-created_by=\"avia_inline_auto\" id=\"style-css-av-fx3o73-ac84d74e5ff9ae6433e81e1777447d8d\">\n#top .hr.av-fx3o73-ac84d74e5ff9ae6433e81e1777447d8d{\nmargin-top:30px;\nmargin-bottom:30px;\n}\n.hr.av-fx3o73-ac84d74e5ff9ae6433e81e1777447d8d .hr-inner{\nwidth:50px;\nborder-color:#000000;\n}\n<\/style>\n<div  class='hr av-fx3o73-ac84d74e5ff9ae6433e81e1777447d8d hr-custom  avia-builder-el-8  el_after_av_textblock  el_before_av_heading  hr-left hr-icon-no'><span class='hr-inner inner-border-av-border-fat'><span class=\"hr-inner-style\"><\/span><\/span><\/div>\n\n<style type=\"text\/css\" data-created_by=\"avia_inline_auto\" id=\"style-css-av-ed5zwv-14be886fe0ead082c0d51ce287a4b9a1\">\n#top .av-special-heading.av-ed5zwv-14be886fe0ead082c0d51ce287a4b9a1{\npadding-bottom:15px;\ncolor:#000000;\nfont-size:30px;\n}\nbody .av-special-heading.av-ed5zwv-14be886fe0ead082c0d51ce287a4b9a1 .av-special-heading-tag .heading-char{\nfont-size:25px;\n}\n#top #wrap_all .av-special-heading.av-ed5zwv-14be886fe0ead082c0d51ce287a4b9a1 .av-special-heading-tag{\nfont-size:30px;\n}\n.av-special-heading.av-ed5zwv-14be886fe0ead082c0d51ce287a4b9a1 .special-heading-inner-border{\nborder-color:#000000;\n}\n.av-special-heading.av-ed5zwv-14be886fe0ead082c0d51ce287a4b9a1 .av-subheading{\nfont-size:15px;\n}\n\n@media only screen and (min-width: 480px) and (max-width: 767px){ \n#top #wrap_all .av-special-heading.av-ed5zwv-14be886fe0ead082c0d51ce287a4b9a1 .av-special-heading-tag{\nfont-size:0.8em;\n}\n}\n\n@media only screen and (max-width: 479px){ \n#top #wrap_all .av-special-heading.av-ed5zwv-14be886fe0ead082c0d51ce287a4b9a1 .av-special-heading-tag{\nfont-size:0.8em;\n}\n}\n<\/style>\n<div  class='av-special-heading av-ed5zwv-14be886fe0ead082c0d51ce287a4b9a1 av-special-heading-h1 custom-color-heading blockquote modern-quote  avia-builder-el-9  el_after_av_hr  el_before_av_textblock  av-inherit-size'><h1 class='av-special-heading-tag '  itemprop=\"headline\"  >Toto je nadpis<\/h1><div class=\"special-heading-border\"><div class=\"special-heading-inner-border\"><\/div><\/div><\/div>\n<section  class='av_textblock_section av-cmljy7-56c6de53c4bde6856ba12adcffcd3010 '   itemscope=\"itemscope\" itemtype=\"https:\/\/schema.org\/CreativeWork\" ><div class='avia_textblock'  itemprop=\"text\" ><p>justo. Nullam dictum felis eu pede mollis pretium. Integer tincidunt. Cras dapibus. Vivamus elementum semper nisi. Aenean vulputate eleifend tellus. Aenean leo ligula, porttitor eu, consequat vitae, eleifend ac, enim. Aliquam lorem ante, dapibus in, viverra quis, feugiat a, tellus.<\/p>\n<\/div><\/section>\n<div  class='hr av-bk98lb-9d8220e550a28455e5279c050d2b7dee hr-short  avia-builder-el-11  el_after_av_textblock  el_before_av_heading  hr-left'><span class='hr-inner '><span class=\"hr-inner-style\"><\/span><\/span><\/div>\n\n<style type=\"text\/css\" data-created_by=\"avia_inline_auto\" id=\"style-css-av-8q01fz-7844e9d2863b7e58415ba0f5a3cee358\">\n#top .av-special-heading.av-8q01fz-7844e9d2863b7e58415ba0f5a3cee358{\npadding-bottom:15px;\ncolor:#000000;\nfont-size:30px;\n}\nbody .av-special-heading.av-8q01fz-7844e9d2863b7e58415ba0f5a3cee358 .av-special-heading-tag .heading-char{\nfont-size:25px;\n}\n#top #wrap_all .av-special-heading.av-8q01fz-7844e9d2863b7e58415ba0f5a3cee358 .av-special-heading-tag{\nfont-size:30px;\n}\n.av-special-heading.av-8q01fz-7844e9d2863b7e58415ba0f5a3cee358 .special-heading-inner-border{\nborder-color:#000000;\n}\n.av-special-heading.av-8q01fz-7844e9d2863b7e58415ba0f5a3cee358 .av-subheading{\nfont-size:15px;\n}\n\n@media only screen and (min-width: 480px) and (max-width: 767px){ \n#top #wrap_all .av-special-heading.av-8q01fz-7844e9d2863b7e58415ba0f5a3cee358 .av-special-heading-tag{\nfont-size:0.8em;\n}\n}\n\n@media only screen and (max-width: 479px){ \n#top #wrap_all .av-special-heading.av-8q01fz-7844e9d2863b7e58415ba0f5a3cee358 .av-special-heading-tag{\nfont-size:0.8em;\n}\n}\n<\/style>\n<div  class='av-special-heading av-8q01fz-7844e9d2863b7e58415ba0f5a3cee358 av-special-heading-h1 custom-color-heading blockquote modern-quote  avia-builder-el-12  el_after_av_hr  el_before_av_textblock  av-inherit-size'><h1 class='av-special-heading-tag '  itemprop=\"headline\"  >Toto je nadpis<\/h1><div class=\"special-heading-border\"><div class=\"special-heading-inner-border\"><\/div><\/div><\/div>\n<section  class='av_textblock_section av-t6hcv-946dd74241fc127b5daf523438755c2d '   itemscope=\"itemscope\" itemtype=\"https:\/\/schema.org\/CreativeWork\" ><div class='avia_textblock'  itemprop=\"text\" ><p>justo. Nullam dictum felis eu pede mollis pretium. Integer tincidunt. Cras dapibus. Vivamus elementum semper nisi. Aenean vulputate eleifend tellus. Aenean leo ligula, porttitor eu, consequat vitae, eleifend ac, enim. Aliquam lorem ante, dapibus in, viverra quis, feugiat a, tellus.<\/p>\n<\/div><\/section>\n\n<style type=\"text\/css\" data-created_by=\"avia_inline_auto\" id=\"style-css-av-5dhh67-8001224a60648b2aca2ef433e9f6b782\">\n#top .hr.av-5dhh67-8001224a60648b2aca2ef433e9f6b782{\nmargin-top:30px;\nmargin-bottom:30px;\n}\n.hr.av-5dhh67-8001224a60648b2aca2ef433e9f6b782 .hr-inner{\nwidth:50px;\nmax-width:45%;\n}\n<\/style>\n<div  class='hr av-5dhh67-8001224a60648b2aca2ef433e9f6b782 hr-custom  avia-builder-el-14  el_after_av_textblock  el_before_av_heading  hr-center hr-icon-yes'><span class='hr-inner inner-border-av-border-thin'><span class=\"hr-inner-style\"><\/span><\/span><span class='av-seperator-icon avia-iconfont avia-font-entypo-fontello' data-av_icon='\ue808' data-av_iconfont='entypo-fontello' ><\/span><span class='hr-inner inner-border-av-border-thin'><span class=\"hr-inner-style\"><\/span><\/span><\/div>\n\n<style type=\"text\/css\" data-created_by=\"avia_inline_auto\" id=\"style-css-av-4rkie7-159a8e131f09edf5e47ecdb14033035b\">\n#top .av-special-heading.av-4rkie7-159a8e131f09edf5e47ecdb14033035b{\npadding-bottom:15px;\ncolor:#000000;\nfont-size:30px;\n}\nbody .av-special-heading.av-4rkie7-159a8e131f09edf5e47ecdb14033035b .av-special-heading-tag .heading-char{\nfont-size:25px;\n}\n#top #wrap_all .av-special-heading.av-4rkie7-159a8e131f09edf5e47ecdb14033035b .av-special-heading-tag{\nfont-size:30px;\n}\n.av-special-heading.av-4rkie7-159a8e131f09edf5e47ecdb14033035b .special-heading-inner-border{\nborder-color:#000000;\n}\n.av-special-heading.av-4rkie7-159a8e131f09edf5e47ecdb14033035b .av-subheading{\nfont-size:15px;\n}\n\n@media only screen and (min-width: 480px) and (max-width: 767px){ \n#top #wrap_all .av-special-heading.av-4rkie7-159a8e131f09edf5e47ecdb14033035b .av-special-heading-tag{\nfont-size:0.8em;\n}\n}\n\n@media only screen and (max-width: 479px){ \n#top #wrap_all .av-special-heading.av-4rkie7-159a8e131f09edf5e47ecdb14033035b .av-special-heading-tag{\nfont-size:0.8em;\n}\n}\n<\/style>\n<div  class='av-special-heading av-4rkie7-159a8e131f09edf5e47ecdb14033035b av-special-heading-h1 custom-color-heading blockquote modern-quote  avia-builder-el-15  el_after_av_hr  el_before_av_textblock  av-inherit-size'><h1 class='av-special-heading-tag '  itemprop=\"headline\"  >Toto je nadpis<\/h1><div class=\"special-heading-border\"><div class=\"special-heading-inner-border\"><\/div><\/div><\/div>\n<section  class='av_textblock_section av-2cuif3-f35be8911720ecdf66e332071d25a6c3 '   itemscope=\"itemscope\" itemtype=\"https:\/\/schema.org\/CreativeWork\" ><div class='avia_textblock'  itemprop=\"text\" ><p>justo. Nullam dictum felis eu pede mollis pretium. Integer tincidunt. Cras dapibus. Vivamus elementum semper nisi. Aenean vulputate eleifend tellus. Aenean leo ligula, porttitor eu, consequat vitae, eleifend ac, enim. Aliquam lorem ante, dapibus in, viverra quis, feugiat a, tellus.<\/p>\n<\/div><\/section>\n","protected":false},"excerpt":{"rendered":"","protected":false},"author":1,"featured_media":0,"parent":3400,"menu_order":0,"comment_status":"closed","ping_status":"closed","template":"","meta":{"_bbp_topic_count":0,"_bbp_reply_count":0,"_bbp_total_topic_count":0,"_bbp_total_reply_count":0,"_bbp_voice_count":0,"_bbp_anonymous_reply_count":0,"_bbp_topic_count_hidden":0,"_bbp_reply_count_hidden":0,"_bbp_forum_subforum_count":0,"footnotes":""},"class_list":["post-3967","page","type-page","status-publish","hentry"],"_links":{"self":[{"href":"https:\/\/enfold.norbou.com\/cs\/wp-json\/wp\/v2\/pages\/3967","targetHints":{"allow":["GET"]}}],"collection":[{"href":"https:\/\/enfold.norbou.com\/cs\/wp-json\/wp\/v2\/pages"}],"about":[{"href":"https:\/\/enfold.norbou.com\/cs\/wp-json\/wp\/v2\/types\/page"}],"author":[{"embeddable":true,"href":"https:\/\/enfold.norbou.com\/cs\/wp-json\/wp\/v2\/users\/1"}],"replies":[{"embeddable":true,"href":"https:\/\/enfold.norbou.com\/cs\/wp-json\/wp\/v2\/comments?post=3967"}],"version-history":[{"count":7,"href":"https:\/\/enfold.norbou.com\/cs\/wp-json\/wp\/v2\/pages\/3967\/revisions"}],"predecessor-version":[{"id":4859,"href":"https:\/\/enfold.norbou.com\/cs\/wp-json\/wp\/v2\/pages\/3967\/revisions\/4859"}],"up":[{"embeddable":true,"href":"https:\/\/enfold.norbou.com\/cs\/wp-json\/wp\/v2\/pages\/3400"}],"wp:attachment":[{"href":"https:\/\/enfold.norbou.com\/cs\/wp-json\/wp\/v2\/media?parent=3967"}],"curies":[{"name":"wp","href":"https:\/\/api.w.org\/{rel}","templated":true}]}}