{"id":3971,"date":"2017-02-13T14:55:50","date_gmt":"2017-02-13T14:55:50","guid":{"rendered":"https:\/\/enfold.norbou.com\/prvky\/textovy-blok\/"},"modified":"2024-08-24T12:25:24","modified_gmt":"2024-08-24T12:25:24","slug":"textovy-blok","status":"publish","type":"page","link":"https:\/\/enfold.norbou.com\/cs\/prvky\/textovy-blok\/","title":{"rendered":"Textov\u00fd blok"},"content":{"rendered":"\n<style type=\"text\/css\" data-created_by=\"avia_inline_auto\" id=\"style-css-av-mlev3g-95f8ee5900d6a63d0fe3a6b57164fc8e\">\n#top .av-special-heading.av-mlev3g-95f8ee5900d6a63d0fe3a6b57164fc8e{\npadding-bottom:15px;\ncolor:#000000;\nfont-size:40px;\n}\nbody .av-special-heading.av-mlev3g-95f8ee5900d6a63d0fe3a6b57164fc8e .av-special-heading-tag .heading-char{\nfont-size:25px;\n}\n#top #wrap_all .av-special-heading.av-mlev3g-95f8ee5900d6a63d0fe3a6b57164fc8e .av-special-heading-tag{\nfont-size:40px;\n}\n.av-special-heading.av-mlev3g-95f8ee5900d6a63d0fe3a6b57164fc8e .special-heading-inner-border{\nborder-color:#000000;\n}\n.av-special-heading.av-mlev3g-95f8ee5900d6a63d0fe3a6b57164fc8e .av-subheading{\nfont-size:15px;\n}\n\n@media only screen and (min-width: 480px) and (max-width: 767px){ \n#top #wrap_all .av-special-heading.av-mlev3g-95f8ee5900d6a63d0fe3a6b57164fc8e .av-special-heading-tag{\nfont-size:0.8em;\n}\n}\n\n@media only screen and (max-width: 479px){ \n#top #wrap_all .av-special-heading.av-mlev3g-95f8ee5900d6a63d0fe3a6b57164fc8e .av-special-heading-tag{\nfont-size:0.8em;\n}\n}\n<\/style>\n<div  class='av-special-heading av-mlev3g-95f8ee5900d6a63d0fe3a6b57164fc8e av-special-heading-h1 custom-color-heading blockquote modern-quote  avia-builder-el-0  el_before_av_textblock  avia-builder-el-first  av-inherit-size'><h1 class='av-special-heading-tag '  itemprop=\"headline\"  >Textblock Element<\/h1><div class=\"special-heading-border\"><div class=\"special-heading-inner-border\"><\/div><\/div><\/div>\n<section  class='av_textblock_section av-lh4ob0-17ac303880408a92ca491f4a2d11d0b6 '   itemscope=\"itemscope\" itemtype=\"https:\/\/schema.org\/CreativeWork\" ><div class='avia_textblock'  itemprop=\"text\" ><p>Tento prvek v\u00e1m umo\u017e\u0148uje zobrazit text v r\u016fzn\u00fdch stylech. Je to p\u00e1te\u0159 ka\u017ed\u00e9ho webu, v\u011bt\u0161ina obsahu je zobrazena v tomto jednoduch\u00e9m prvku, kter\u00fd v\u00e1m umo\u017e\u0148uje p\u0159id\u00e1vat text v r\u016fzn\u00fdch barv\u00e1ch, stylech a velikostech.<\/p>\n<\/div><\/section>\n\n<style type=\"text\/css\" data-created_by=\"avia_inline_auto\" id=\"style-css-av-jhzsy4-3d3a94d11db52002fc06007c58b2318c\">\n#top .hr.hr-invisible.av-jhzsy4-3d3a94d11db52002fc06007c58b2318c{\nheight:50px;\n}\n<\/style>\n<div  class='hr av-jhzsy4-3d3a94d11db52002fc06007c58b2318c hr-invisible  avia-builder-el-2  el_after_av_textblock  el_before_av_textblock '><span class='hr-inner '><span class=\"hr-inner-style\"><\/span><\/span><\/div>\n<section  class='av_textblock_section av-h2qat8-c728798f7ce4bd45151c758ae300f34c '   itemscope=\"itemscope\" itemtype=\"https:\/\/schema.org\/CreativeWork\" ><div class='avia_textblock'  itemprop=\"text\" ><h1>Toto je H1 nadpis<\/h1>\n<p>Donec pede justo, fringilla vel, aliquet nec, vulputate eget, arcu. In enim justo, rhoncus ut, imperdiet a, venenatis vitae, justo. Nullam dictum felis eu pede mollis pretium. Integer tincidunt. Cras dapibus. Vivamus elementum semper nisi.<br \/>\n<div  class='hr av-gf06cs-3975ddb5e139d949106a658b24e5b620 hr-default  avia-builder-el-4  el_before_av_hr  avia-builder-el-first '><span class='hr-inner '><span class=\"hr-inner-style\"><\/span><\/span><\/div><\/p>\n<h2>Toto je H2 nadpis<\/h2>\n<p>Aenean commodo ligula eget dolor. Aenean massa. Cum sociis natoque penatibus et magnis dis parturient montes, nascetur ridiculus mus. Donec quam felis, ultricies nec, pellentesque eu, pretium quis, sem. Nulla consequat massa quis enim.<br \/>\n<div  class='hr av-dzevu4-2da834c0d2fda2b4f2cb30d2db40ef73 hr-default  avia-builder-el-5  el_after_av_hr  el_before_av_hr '><span class='hr-inner '><span class=\"hr-inner-style\"><\/span><\/span><\/div><\/p>\n<h3>Toto je H3 nadpis<\/h3>\n<p>Donec pede justo, fringilla vel, aliquet nec, vulputate eget, arcu. In enim justo, rhoncus ut, imperdiet a, venenatis vitae, justo. Nullam dictum felis eu pede mollis pretium. Integer tincidunt. Cras dapibus. Vivamus elementum semper nisi.<br \/>\n<div  class='hr av-cda4bw-b482b0c4705341a9a8b56ec33a29c5e0 hr-default  avia-builder-el-6  el_after_av_hr  el_before_av_hr '><span class='hr-inner '><span class=\"hr-inner-style\"><\/span><\/span><\/div><\/p>\n<h4>Toto je H4 nadpis<\/h4>\n<p>Aenean commodo ligula eget dolor. Aenean massa. Cum sociis natoque penatibus et magnis dis parturient montes, nascetur ridiculus mus. Donec quam felis, ultricies nec, pellentesque eu, pretium quis, sem. Nulla consequat massa quis enim.<br \/>\n<div  class='hr av-asnsp8-05d8652e0635228ad2208feb5eb1dfbf hr-default  avia-builder-el-7  el_after_av_hr  el_before_av_hr '><span class='hr-inner '><span class=\"hr-inner-style\"><\/span><\/span><\/div><\/p>\n<h5>Toto je H5 nadpis<\/h5>\n<p>Donec pede justo, fringilla vel, aliquet nec, vulputate eget, arcu. In enim justo, rhoncus ut, imperdiet a, venenatis vitae, justo. Nullam dictum felis eu pede mollis pretium. Integer tincidunt. Cras dapibus. Vivamus elementum semper nisi.<br \/>\n<div  class='hr av-9vflfg-cf226e80b0b3426331993a7fa9ef2bf4 hr-default  avia-builder-el-8  el_after_av_hr  avia-builder-el-last '><span class='hr-inner '><span class=\"hr-inner-style\"><\/span><\/span><\/div><\/p>\n<h6>Toto je H6 nadpis<\/h6>\n<p>Aenean commodo ligula eget dolor. Aenean massa. Cum sociis natoque penatibus et magnis dis parturient montes, nascetur ridiculus mus. Donec quam felis, ultricies nec, pellentesque eu, pretium quis, sem. Nulla consequat massa quis enim.<\/p>\n<\/div><\/section>\n<div  class='flex_column av-oi898-1ddf9654106671074f84eb5e52296c3b av_one_half  avia-builder-el-9  el_after_av_textblock  el_before_av_one_half  first flex_column_div  column-top-margin'     ><section  class='av_textblock_section av-66zpws-d55c0949b1a3b7a79e9720791a949cbb '   itemscope=\"itemscope\" itemtype=\"https:\/\/schema.org\/CreativeWork\" ><div class='avia_textblock'  itemprop=\"text\" ><h4>Seznamy<\/h4>\n<ul>\n<li>Anan commodo ligula eget dolor. Aenean massa.<\/li>\n<li>Cum sociis natoque penatibus et magni.<\/li>\n<li>Donec quam felis, ultricies nec, pelleenim<\/li>\n<\/ul>\n<ol>\n<li>Donec pede justo, fringilla velvulputate eget, arcu.<\/li>\n<li>In enim justo, rhoncus ut, is ium.<\/li>\n<li>Integer tinciduntentum semper nisi.<\/li>\n<\/ol>\n<\/div><\/section><\/div>\n\n<style type=\"text\/css\" data-created_by=\"avia_inline_auto\" id=\"style-css-av-4qhi2k-dec5a534af7e3b926afb5c0b0150baed\">\n.flex_column.av-4qhi2k-dec5a534af7e3b926afb5c0b0150baed{\nborder-radius:0px 0px 0px 0px;\npadding:0px 0px 0px 0px;\n}\n<\/style>\n<div  class='flex_column av-4qhi2k-dec5a534af7e3b926afb5c0b0150baed av_one_half  avia-builder-el-11  el_after_av_one_half  avia-builder-el-last  flex_column_div av-zero-column-padding  column-top-margin'     ><section  class='av_textblock_section av-36peek-b1392e5c54595e907cbe34ae0c8bd53d '   itemscope=\"itemscope\" itemtype=\"https:\/\/schema.org\/CreativeWork\" ><div class='avia_textblock'  itemprop=\"text\" ><h4>Dropcaps<\/h4>\n<p><span class='av_dropcap1 av-av_dropcap1-3cd9da5fea0ef5fb27aee617571c39a3'>H<\/span>anan commodo ligula eget dolor. Aenean massa. Cum sociis natoque penatibus et magnis dis parturient montes, nascetur ridiculus mus. Donec quam felis, ultricies nec, pellentesque eu, pretium quis, sem. Nulla consequat massa quis enim.<br \/>\n<span class='av_dropcap2 av-av_dropcap2-21c86f7a1fbddaa06b9d9923710e6bba'>H<\/span>onec pede justo, fringilla vel, aliquet nec, vulputate eget, arcu. In enim justo, rhoncus ut, imperdiet a, venenatis vitae, justo. Nullam dictum felis eu pede mollis pretium. Integer tincidunt. Cras dapibus. Vivamus elementum semper nisi.<\/p>\n<\/div><\/section><\/div>\n","protected":false},"excerpt":{"rendered":"","protected":false},"author":1,"featured_media":0,"parent":3400,"menu_order":0,"comment_status":"closed","ping_status":"closed","template":"","meta":{"_bbp_topic_count":0,"_bbp_reply_count":0,"_bbp_total_topic_count":0,"_bbp_total_reply_count":0,"_bbp_voice_count":0,"_bbp_anonymous_reply_count":0,"_bbp_topic_count_hidden":0,"_bbp_reply_count_hidden":0,"_bbp_forum_subforum_count":0,"footnotes":""},"class_list":["post-3971","page","type-page","status-publish","hentry"],"_links":{"self":[{"href":"https:\/\/enfold.norbou.com\/cs\/wp-json\/wp\/v2\/pages\/3971","targetHints":{"allow":["GET"]}}],"collection":[{"href":"https:\/\/enfold.norbou.com\/cs\/wp-json\/wp\/v2\/pages"}],"about":[{"href":"https:\/\/enfold.norbou.com\/cs\/wp-json\/wp\/v2\/types\/page"}],"author":[{"embeddable":true,"href":"https:\/\/enfold.norbou.com\/cs\/wp-json\/wp\/v2\/users\/1"}],"replies":[{"embeddable":true,"href":"https:\/\/enfold.norbou.com\/cs\/wp-json\/wp\/v2\/comments?post=3971"}],"version-history":[{"count":7,"href":"https:\/\/enfold.norbou.com\/cs\/wp-json\/wp\/v2\/pages\/3971\/revisions"}],"predecessor-version":[{"id":4863,"href":"https:\/\/enfold.norbou.com\/cs\/wp-json\/wp\/v2\/pages\/3971\/revisions\/4863"}],"up":[{"embeddable":true,"href":"https:\/\/enfold.norbou.com\/cs\/wp-json\/wp\/v2\/pages\/3400"}],"wp:attachment":[{"href":"https:\/\/enfold.norbou.com\/cs\/wp-json\/wp\/v2\/media?parent=3971"}],"curies":[{"name":"wp","href":"https:\/\/api.w.org\/{rel}","templated":true}]}}