{"id":3979,"date":"2017-02-13T14:54:34","date_gmt":"2017-02-13T14:54:34","guid":{"rendered":"https:\/\/enfold.norbou.com\/prvky\/radek-mrizky\/"},"modified":"2024-08-24T12:25:24","modified_gmt":"2024-08-24T12:25:24","slug":"radek-mrizky","status":"publish","type":"page","link":"https:\/\/enfold.norbou.com\/cs\/prvky\/radek-mrizky\/","title":{"rendered":"\u0158\u00e1dek m\u0159\u00ed\u017eky"},"content":{"rendered":"<div id='av-layout-grid-1'  class='av-layout-grid-container av-16h5jee-9dc55a5ccecaffb7befe1067f0bc7b0a entry-content-wrapper main_color av-flex-cells  avia-builder-el-0  el_before_av_layout_row  avia-builder-el-first   container_wrap sidebar_right'  >\n\n<style type=\"text\/css\" data-created_by=\"avia_inline_auto\" id=\"style-css-av-147h2x2-7f86bd96c37f1fff50c37c84a1081fdd\">\n.flex_cell.av-147h2x2-7f86bd96c37f1fff50c37c84a1081fdd{\nvertical-align:middle;\nheight:300px;\nmin-height:300px;\nbackground-color:#2a2a2a;\n}\n.responsive #top #wrap_all .flex_cell.av-147h2x2-7f86bd96c37f1fff50c37c84a1081fdd{\npadding:60px 60px 60px 60px !important;\n}\n<\/style>\n<div class='flex_cell av-147h2x2-7f86bd96c37f1fff50c37c84a1081fdd av-gridrow-cell av_one_fourth no_margin  avia-builder-el-1  el_before_av_cell_one_fourth  avia-builder-el-first  content-align-middle'  ><div class='flex_cell_inner'>\n<style type=\"text\/css\" data-created_by=\"avia_inline_auto\" id=\"style-css-av-129q5ee-bc53623120a73ca65172ceae27efda17\">\n#top .av-special-heading.av-129q5ee-bc53623120a73ca65172ceae27efda17{\npadding-bottom:15px;\ncolor:#ffffff;\nfont-size:40px;\n}\nbody .av-special-heading.av-129q5ee-bc53623120a73ca65172ceae27efda17 .av-special-heading-tag .heading-char{\nfont-size:25px;\n}\n#top #wrap_all .av-special-heading.av-129q5ee-bc53623120a73ca65172ceae27efda17 .av-special-heading-tag{\nfont-size:40px;\n}\n.av-special-heading.av-129q5ee-bc53623120a73ca65172ceae27efda17 .special-heading-inner-border{\nborder-color:#ffffff;\n}\n.av-special-heading.av-129q5ee-bc53623120a73ca65172ceae27efda17 .av-subheading{\nfont-size:15px;\n}\n\n@media only screen and (min-width: 480px) and (max-width: 767px){ \n#top #wrap_all .av-special-heading.av-129q5ee-bc53623120a73ca65172ceae27efda17 .av-special-heading-tag{\nfont-size:0.8em;\n}\n}\n\n@media only screen and (max-width: 479px){ \n#top #wrap_all .av-special-heading.av-129q5ee-bc53623120a73ca65172ceae27efda17 .av-special-heading-tag{\nfont-size:0.8em;\n}\n}\n<\/style>\n<div  class='av-special-heading av-129q5ee-bc53623120a73ca65172ceae27efda17 av-special-heading-h1 custom-color-heading blockquote modern-quote modern-centered  avia-builder-el-2  avia-builder-el-no-sibling  av-inherit-size'><h1 class='av-special-heading-tag '  itemprop=\"headline\"  >\u0158\u00e1dek m\u0159\u00ed\u017eky<\/h1><div class=\"special-heading-border\"><div class=\"special-heading-inner-border\"><\/div><\/div><\/div>\n<\/div><\/div>\n<style type=\"text\/css\" data-created_by=\"avia_inline_auto\" id=\"style-css-av-11l4392-5c9b2bcd70f801b4de135e9244baae44\">\n.flex_cell.av-11l4392-5c9b2bcd70f801b4de135e9244baae44{\nvertical-align:middle;\nheight:300px;\nmin-height:300px;\nbackground-color:#757575;\n}\n.responsive #top #wrap_all .flex_cell.av-11l4392-5c9b2bcd70f801b4de135e9244baae44{\npadding:60px 60px 60px 60px !important;\n}\n<\/style>\n<div class='flex_cell av-11l4392-5c9b2bcd70f801b4de135e9244baae44 av-gridrow-cell av_one_fourth no_margin  avia-builder-el-3  el_after_av_cell_one_fourth  el_before_av_cell_one_fourth  content-align-middle'  ><div class='flex_cell_inner'>\n<style type=\"text\/css\" data-created_by=\"avia_inline_auto\" id=\"style-css-av-3iun52-4d403ffbe6bd7a42feb90f9e24ebfa9e\">\n#top .av_textblock_section.av-3iun52-4d403ffbe6bd7a42feb90f9e24ebfa9e .avia_textblock{\ncolor:#ffffff;\n}\n<\/style>\n<section  class='av_textblock_section av-3iun52-4d403ffbe6bd7a42feb90f9e24ebfa9e '   itemscope=\"itemscope\" itemtype=\"https:\/\/schema.org\/CreativeWork\" ><div class='avia_textblock av_inherit_color'  itemprop=\"text\" ><p style=\"text-align: center;\">Prvek, kter\u00fd v\u00e1m umo\u017en\u00ed vytv\u00e1\u0159et zaj\u00edmav\u00e9 rozvr\u017een\u00ed m\u0159\u00ed\u017eky<\/p>\n<\/div><\/section>\n<\/div><\/div>\n<style type=\"text\/css\" data-created_by=\"avia_inline_auto\" id=\"style-css-av-c89ra-91089c59ddb5402c2c02ce25002c3251\">\n.flex_cell.av-c89ra-91089c59ddb5402c2c02ce25002c3251{\nvertical-align:middle;\nheight:300px;\nmin-height:300px;\nbackground-color:#cacaca;\n}\n.responsive #top #wrap_all .flex_cell.av-c89ra-91089c59ddb5402c2c02ce25002c3251{\npadding:60px 60px 60px 60px !important;\n}\n<\/style>\n<div class='flex_cell av-c89ra-91089c59ddb5402c2c02ce25002c3251 av-gridrow-cell av_one_fourth no_margin  avia-builder-el-5  el_after_av_cell_one_fourth  el_before_av_cell_one_fourth  content-align-middle'  ><div class='flex_cell_inner'>\n<style type=\"text\/css\" data-created_by=\"avia_inline_auto\" id=\"style-css-av-wq1kti-023d3c2efe918b5124197d89590c4c38\">\n#top .av_textblock_section.av-wq1kti-023d3c2efe918b5124197d89590c4c38 .avia_textblock{\ncolor:#ffffff;\n}\n<\/style>\n<section  class='av_textblock_section av-wq1kti-023d3c2efe918b5124197d89590c4c38 '   itemscope=\"itemscope\" itemtype=\"https:\/\/schema.org\/CreativeWork\" ><div class='avia_textblock av_inherit_color'  itemprop=\"text\" ><p style=\"text-align: center;\">M\u0159\u00ed\u017ekov\u00e9 \u0159\u00e1dky jsou prvky na celou \u0161\u00ed\u0159ku a m\u016f\u017eete um\u00edstit libovoln\u00fd po\u010det \u0159\u00e1dk\u016f pod sebe<\/p>\n<\/div><\/section>\n<\/div><\/div>\n<style type=\"text\/css\" data-created_by=\"avia_inline_auto\" id=\"style-css-av-veptxy-aaac927fb07b0f47d128726907b889cd\">\n.flex_cell.av-veptxy-aaac927fb07b0f47d128726907b889cd{\nvertical-align:top;\nheight:300px;\nmin-height:300px;\nbackground:url(https:\/\/enfold.norbou.com\/wp-content\/uploads\/2015\/07\/portfolio-4.jpg) 50% 50% no-repeat scroll ;\n}\n.responsive #top #wrap_all .flex_cell.av-veptxy-aaac927fb07b0f47d128726907b889cd{\npadding:30px 30px 30px 30px !important;\n}\n<\/style>\n<div class='flex_cell av-veptxy-aaac927fb07b0f47d128726907b889cd av-gridrow-cell av_one_fourth no_margin  avia-builder-el-7  el_after_av_cell_one_fourth  avia-builder-el-last  content-align-top avia-full-stretch'  ><div class='flex_cell_inner'><\/div><\/div>\n<\/div>\n<div id='av-layout-grid-2'  class='av-layout-grid-container av-t94u3q-7953d538335f5ae63e51c14c8708df4e entry-content-wrapper main_color av-flex-cells  avia-builder-el-8  el_after_av_layout_row  el_before_av_layout_row  grid-row-not-first  container_wrap sidebar_right'  >\n\n<style type=\"text\/css\" data-created_by=\"avia_inline_auto\" id=\"style-css-av-2ogw52-2de26983f5fb8599ad2d508adefeb60f\">\n.flex_cell.av-2ogw52-2de26983f5fb8599ad2d508adefeb60f{\nvertical-align:middle;\nheight:300px;\nmin-height:300px;\nbackground-color:#cacaca;\n}\n.responsive #top #wrap_all .flex_cell.av-2ogw52-2de26983f5fb8599ad2d508adefeb60f{\npadding:60px 60px 60px 60px !important;\n}\n<\/style>\n<div class='flex_cell av-2ogw52-2de26983f5fb8599ad2d508adefeb60f av-gridrow-cell av_one_third no_margin  avia-builder-el-9  el_before_av_cell_one_third  avia-builder-el-first  content-align-middle'  ><div class='flex_cell_inner'>\n<style type=\"text\/css\" data-created_by=\"avia_inline_auto\" id=\"style-css-av-ozgffq-975d09935d61cfe0c1385090c5b2904a\">\n#top .av_textblock_section.av-ozgffq-975d09935d61cfe0c1385090c5b2904a .avia_textblock{\ncolor:#ffffff;\n}\n<\/style>\n<section  class='av_textblock_section av-ozgffq-975d09935d61cfe0c1385090c5b2904a '   itemscope=\"itemscope\" itemtype=\"https:\/\/schema.org\/CreativeWork\" ><div class='avia_textblock av_inherit_color'  itemprop=\"text\" ><p style=\"text-align: center;\">M\u016f\u017eete nastavit barvu pozad\u00ed a obr\u00e1zek pro ka\u017edou bu\u0148ku jednotliv\u011b<\/p>\n<\/div><\/section>\n<\/div><\/div>\n<style type=\"text\/css\" data-created_by=\"avia_inline_auto\" id=\"style-css-av-nho4na-e594e9e289f14aa626335c50b2a52907\">\n.flex_cell.av-nho4na-e594e9e289f14aa626335c50b2a52907{\nvertical-align:middle;\nheight:300px;\nmin-height:300px;\nbackground:url(https:\/\/enfold.norbou.com\/wp-content\/uploads\/2015\/07\/portfolio-1.jpg) 50% 50% no-repeat scroll ;\n}\n.responsive #top #wrap_all .flex_cell.av-nho4na-e594e9e289f14aa626335c50b2a52907{\npadding:60px 60px 60px 60px !important;\n}\n<\/style>\n<div class='flex_cell av-nho4na-e594e9e289f14aa626335c50b2a52907 av-gridrow-cell av_one_third no_margin  avia-builder-el-11  el_after_av_cell_one_third  el_before_av_cell_one_third  content-align-middle avia-full-stretch'  ><div class='flex_cell_inner'><\/div><\/div>\n<style type=\"text\/css\" data-created_by=\"avia_inline_auto\" id=\"style-css-av-lpmj3q-d6b57103c8836512e7e7b70276ce00b5\">\n.flex_cell.av-lpmj3q-d6b57103c8836512e7e7b70276ce00b5{\nvertical-align:middle;\nheight:300px;\nmin-height:300px;\nbackground-color:#757575;\n}\n.responsive #top #wrap_all .flex_cell.av-lpmj3q-d6b57103c8836512e7e7b70276ce00b5{\npadding:60px 60px 60px 60px !important;\n}\n<\/style>\n<div class='flex_cell av-lpmj3q-d6b57103c8836512e7e7b70276ce00b5 av-gridrow-cell av_one_third no_margin  avia-builder-el-12  el_after_av_cell_one_third  avia-builder-el-last  content-align-middle'  ><div class='flex_cell_inner'>\n<style type=\"text\/css\" data-created_by=\"avia_inline_auto\" id=\"style-css-av-kcdzdi-cca947fda894353fb02664d77643da2b\">\n#top .av_textblock_section.av-kcdzdi-cca947fda894353fb02664d77643da2b .avia_textblock{\ncolor:#ffffff;\n}\n<\/style>\n<section  class='av_textblock_section av-kcdzdi-cca947fda894353fb02664d77643da2b '   itemscope=\"itemscope\" itemtype=\"https:\/\/schema.org\/CreativeWork\" ><div class='avia_textblock av_inherit_color'  itemprop=\"text\" ><p style=\"text-align: center;\">\u0158\u00e1dek m\u016f\u017ee obsahovat a\u017e 5 bun\u011bk, kter\u00e9 jsou zarovn\u00e1ny vedle sebe<\/p>\n<\/div><\/section>\n<\/div><\/div>\n<\/div>\n<div id='av-layout-grid-3'  class='av-layout-grid-container av-j02vcm-8208c36757bc96fc2e148963509ac2ca entry-content-wrapper main_color av-flex-cells  avia-builder-el-14  el_after_av_layout_row  el_before_av_layout_row  grid-row-not-first  container_wrap sidebar_right'  >\n\n<style type=\"text\/css\" data-created_by=\"avia_inline_auto\" id=\"style-css-av-i2qlh2-c5e416209c7be840da8d5a919c46cb03\">\n.flex_cell.av-i2qlh2-c5e416209c7be840da8d5a919c46cb03{\nvertical-align:middle;\nheight:300px;\nmin-height:300px;\nbackground-color:#2a2a2a;\n}\n.responsive #top #wrap_all .flex_cell.av-i2qlh2-c5e416209c7be840da8d5a919c46cb03{\npadding:60px 60px 60px 60px !important;\n}\n<\/style>\n<div class='flex_cell av-i2qlh2-c5e416209c7be840da8d5a919c46cb03 av-gridrow-cell av_one_half no_margin  avia-builder-el-15  el_before_av_cell_one_half  avia-builder-el-first  content-align-middle'  ><div class='flex_cell_inner'>\n<style type=\"text\/css\" data-created_by=\"avia_inline_auto\" id=\"style-css-av-ggmh46-bc9b0b6c2bb563b2a210275ab05f174f\">\n#top .av_textblock_section.av-ggmh46-bc9b0b6c2bb563b2a210275ab05f174f .avia_textblock{\ncolor:#ffffff;\n}\n<\/style>\n<section  class='av_textblock_section av-ggmh46-bc9b0b6c2bb563b2a210275ab05f174f '   itemscope=\"itemscope\" itemtype=\"https:\/\/schema.org\/CreativeWork\" ><div class='avia_textblock av_inherit_color'  itemprop=\"text\" ><p style=\"text-align: center;\">Pou\u017eijte svou p\u0159edstavivost p\u0159i pou\u017e\u00edv\u00e1n\u00ed tohoto prvku a m\u016f\u017eete vytvo\u0159it opravdu zaj\u00edmav\u00e9 v\u011bci<\/p>\n<\/div><\/section>\n<\/div><\/div>\n<style type=\"text\/css\" data-created_by=\"avia_inline_auto\" id=\"style-css-av-dvp50m-842fc61fd6c80e86fa1c1c028b456eb5\">\n.flex_cell.av-dvp50m-842fc61fd6c80e86fa1c1c028b456eb5{\nvertical-align:middle;\nheight:300px;\nmin-height:300px;\nbackground-color:#cacaca;\n}\n.responsive #top #wrap_all .flex_cell.av-dvp50m-842fc61fd6c80e86fa1c1c028b456eb5{\npadding:60px 60px 60px 60px !important;\n}\n<\/style>\n<div class='flex_cell av-dvp50m-842fc61fd6c80e86fa1c1c028b456eb5 av-gridrow-cell av_one_half no_margin  avia-builder-el-17  el_after_av_cell_one_half  avia-builder-el-last  content-align-middle'  ><div class='flex_cell_inner'>\n<style type=\"text\/css\" data-created_by=\"avia_inline_auto\" id=\"style-css-av-c0il46-dff22417f2c72bd48744a55dc001636f\">\n#top .av_textblock_section.av-c0il46-dff22417f2c72bd48744a55dc001636f .avia_textblock{\ncolor:#ffffff;\n}\n<\/style>\n<section  class='av_textblock_section av-c0il46-dff22417f2c72bd48744a55dc001636f '   itemscope=\"itemscope\" itemtype=\"https:\/\/schema.org\/CreativeWork\" ><div class='avia_textblock av_inherit_color'  itemprop=\"text\" ><p style=\"text-align: center;\">Jak je vid\u011bt n\u00ed\u017ee (4 modr\u00e9 pruhy), m\u016f\u017eete tento prvek pou\u017e\u00edt i pro \u010dist\u00fd styl<\/p>\n<\/div><\/section><br \/>\n<div  class='avia-button-wrap av-bk6vpi-8392577bf5528c86b412e316083a00a8-wrap avia-button-center  avia-builder-el-19  el_after_av_textblock  avia-builder-el-last '><a href='https:\/\/enfold.norbou.com\/pages\/meet-the-team\/'  class='avia-button av-bk6vpi-8392577bf5528c86b412e316083a00a8 av-link-btn avia-icon_select-no avia-size-x-large avia-position-center avia-color-light'   aria-label=\"Pod\u00edvejte se na dal\u0161\u00ed p\u0159\u00edklad m\u0159\u00ed\u017ekov\u00e9 str\u00e1nky\"><span class='avia_iconbox_title' >Pod\u00edvejte se na dal\u0161\u00ed p\u0159\u00edklad m\u0159\u00ed\u017ekov\u00e9 str\u00e1nky<\/span><\/a><\/div><\/p>\n<\/div><\/div><\/div><div id='av-layout-grid-4'  class='av-layout-grid-container av-9mq8k6-a1f364895dc730466df44ff4c52155aa entry-content-wrapper main_color av-fixed-cells  avia-builder-el-20  el_after_av_layout_row  avia-builder-el-last  grid-row-not-first  container_wrap sidebar_right'  >\n\n<style type=\"text\/css\" data-created_by=\"avia_inline_auto\" id=\"style-css-av-7xb5sm-f9f5222ad692b3a6fce6ec0786d7237f\">\n.flex_cell.av-7xb5sm-f9f5222ad692b3a6fce6ec0786d7237f{\nvertical-align:middle;\nheight:10px;\nmin-height:10px;\nbackground-color:#bad3e6;\n}\n.responsive #top #wrap_all .flex_cell.av-7xb5sm-f9f5222ad692b3a6fce6ec0786d7237f{\npadding:0px 0px 0px 0px !important;\n}\n<\/style>\n<div class='flex_cell av-7xb5sm-f9f5222ad692b3a6fce6ec0786d7237f av-gridrow-cell av_one_fourth no_margin  avia-builder-el-21  el_before_av_cell_one_fourth  avia-builder-el-first  content-align-middle av-zero-padding'  ><div class='flex_cell_inner'><\/div><\/div>\n<style type=\"text\/css\" data-created_by=\"avia_inline_auto\" id=\"style-css-av-5b6bc6-7e85bb937d488c9b456072869ff7b27e\">\n.flex_cell.av-5b6bc6-7e85bb937d488c9b456072869ff7b27e{\nvertical-align:middle;\nheight:10px;\nmin-height:10px;\nbackground-color:#9cc2df;\n}\n.responsive #top #wrap_all .flex_cell.av-5b6bc6-7e85bb937d488c9b456072869ff7b27e{\npadding:0px 0px 0px 0px !important;\n}\n<\/style>\n<div class='flex_cell av-5b6bc6-7e85bb937d488c9b456072869ff7b27e av-gridrow-cell av_one_fourth no_margin  avia-builder-el-22  el_after_av_cell_one_fourth  el_before_av_cell_one_fourth  content-align-middle av-zero-padding'  ><div class='flex_cell_inner'><\/div><\/div>\n<style type=\"text\/css\" data-created_by=\"avia_inline_auto\" id=\"style-css-av-4h9pme-5e5191ba1bedc18ec9f59a3843882c9b\">\n.flex_cell.av-4h9pme-5e5191ba1bedc18ec9f59a3843882c9b{\nvertical-align:middle;\nheight:10px;\nmin-height:10px;\nbackground-color:#84bbe4;\n}\n.responsive #top #wrap_all .flex_cell.av-4h9pme-5e5191ba1bedc18ec9f59a3843882c9b{\npadding:0px 0px 0px 0px !important;\n}\n<\/style>\n<div class='flex_cell av-4h9pme-5e5191ba1bedc18ec9f59a3843882c9b av-gridrow-cell av_one_fourth no_margin  avia-builder-el-23  el_after_av_cell_one_fourth  el_before_av_cell_one_fourth  content-align-middle av-zero-padding'  ><div class='flex_cell_inner'><\/div><\/div>\n<style type=\"text\/css\" data-created_by=\"avia_inline_auto\" id=\"style-css-av-2axa4m-a8a78a16a5b626848f5d08eec7978b9b\">\n.flex_cell.av-2axa4m-a8a78a16a5b626848f5d08eec7978b9b{\nvertical-align:middle;\nheight:10px;\nmin-height:10px;\nbackground-color:#67a2ce;\n}\n.responsive #top #wrap_all .flex_cell.av-2axa4m-a8a78a16a5b626848f5d08eec7978b9b{\npadding:0px 0px 0px 0px !important;\n}\n<\/style>\n<div class='flex_cell av-2axa4m-a8a78a16a5b626848f5d08eec7978b9b av-gridrow-cell av_one_fourth no_margin  avia-builder-el-24  el_after_av_cell_one_fourth  avia-builder-el-last  content-align-middle av-zero-padding'  ><div class='flex_cell_inner'><\/div><\/div>\n<\/div><\/p>\n","protected":false},"excerpt":{"rendered":"","protected":false},"author":1,"featured_media":0,"parent":3400,"menu_order":0,"comment_status":"closed","ping_status":"closed","template":"","meta":{"_bbp_topic_count":0,"_bbp_reply_count":0,"_bbp_total_topic_count":0,"_bbp_total_reply_count":0,"_bbp_voice_count":0,"_bbp_anonymous_reply_count":0,"_bbp_topic_count_hidden":0,"_bbp_reply_count_hidden":0,"_bbp_forum_subforum_count":0,"footnotes":""},"class_list":["post-3979","page","type-page","status-publish","hentry"],"_links":{"self":[{"href":"https:\/\/enfold.norbou.com\/cs\/wp-json\/wp\/v2\/pages\/3979","targetHints":{"allow":["GET"]}}],"collection":[{"href":"https:\/\/enfold.norbou.com\/cs\/wp-json\/wp\/v2\/pages"}],"about":[{"href":"https:\/\/enfold.norbou.com\/cs\/wp-json\/wp\/v2\/types\/page"}],"author":[{"embeddable":true,"href":"https:\/\/enfold.norbou.com\/cs\/wp-json\/wp\/v2\/users\/1"}],"replies":[{"embeddable":true,"href":"https:\/\/enfold.norbou.com\/cs\/wp-json\/wp\/v2\/comments?post=3979"}],"version-history":[{"count":7,"href":"https:\/\/enfold.norbou.com\/cs\/wp-json\/wp\/v2\/pages\/3979\/revisions"}],"predecessor-version":[{"id":4871,"href":"https:\/\/enfold.norbou.com\/cs\/wp-json\/wp\/v2\/pages\/3979\/revisions\/4871"}],"up":[{"embeddable":true,"href":"https:\/\/enfold.norbou.com\/cs\/wp-json\/wp\/v2\/pages\/3400"}],"wp:attachment":[{"href":"https:\/\/enfold.norbou.com\/cs\/wp-json\/wp\/v2\/media?parent=3979"}],"curies":[{"name":"wp","href":"https:\/\/api.w.org\/{rel}","templated":true}]}}