{"id":3983,"date":"2017-02-13T14:54:19","date_gmt":"2017-02-13T14:54:19","guid":{"rendered":"https:\/\/enfold.norbou.com\/prvky\/barevna-sekce\/"},"modified":"2024-08-24T12:25:24","modified_gmt":"2024-08-24T12:25:24","slug":"barevna-sekce","status":"publish","type":"page","link":"https:\/\/enfold.norbou.com\/cs\/prvky\/barevna-sekce\/","title":{"rendered":"Barevn\u00e1 sekce"},"content":{"rendered":"<div id='av_section_1'  class='avia-section av-13ib36b-8d3e6f76baf1ab33659a01bb19b026f1 main_color avia-section-default avia-no-shadow  avia-builder-el-0  el_before_av_section  avia-builder-el-first  avia-bg-style-scroll container_wrap sidebar_right'  ><div class='container av-section-cont-open' ><main  role=\"main\" itemprop=\"mainContentOfPage\"  class='template-page content  av-content-small alpha units'><div class='post-entry post-entry-type-page post-entry-3983'><div class='entry-content-wrapper clearfix'>\n\n<style type=\"text\/css\" data-created_by=\"avia_inline_auto\" id=\"style-css-av-113enpv-7654e4b458cad936aba5373632f52068\">\n#top .av-special-heading.av-113enpv-7654e4b458cad936aba5373632f52068{\npadding-bottom:15px;\ncolor:#000000;\nfont-size:40px;\n}\nbody .av-special-heading.av-113enpv-7654e4b458cad936aba5373632f52068 .av-special-heading-tag .heading-char{\nfont-size:25px;\n}\n#top #wrap_all .av-special-heading.av-113enpv-7654e4b458cad936aba5373632f52068 .av-special-heading-tag{\nfont-size:40px;\n}\n.av-special-heading.av-113enpv-7654e4b458cad936aba5373632f52068 .special-heading-inner-border{\nborder-color:#000000;\n}\n.av-special-heading.av-113enpv-7654e4b458cad936aba5373632f52068 .av-subheading{\nfont-size:15px;\n}\n\n@media only screen and (min-width: 480px) and (max-width: 767px){ \n#top #wrap_all .av-special-heading.av-113enpv-7654e4b458cad936aba5373632f52068 .av-special-heading-tag{\nfont-size:0.8em;\n}\n}\n\n@media only screen and (max-width: 479px){ \n#top #wrap_all .av-special-heading.av-113enpv-7654e4b458cad936aba5373632f52068 .av-special-heading-tag{\nfont-size:0.8em;\n}\n}\n<\/style>\n<div  class='av-special-heading av-113enpv-7654e4b458cad936aba5373632f52068 av-special-heading-h1 custom-color-heading blockquote modern-quote  avia-builder-el-1  el_before_av_textblock  avia-builder-el-first  av-inherit-size'><h1 class='av-special-heading-tag '  itemprop=\"headline\"  >Barevn\u00e1 sekce<\/h1><div class=\"special-heading-border\"><div class=\"special-heading-inner-border\"><\/div><\/div><\/div>\n<section  class='av_textblock_section av-ztta7n-4968083e40e7959a9b8222e0ad18175c '   itemscope=\"itemscope\" itemtype=\"https:\/\/schema.org\/CreativeWork\" ><div class='avia_textblock'  itemprop=\"text\" ><p>Barevn\u00e1 sekce je nejsiln\u011bj\u0161\u00edm prvkem rozvr\u017een\u00ed ve va\u0161em arzen\u00e1lu pro vytv\u00e1\u0159en\u00ed jedine\u010dn\u00fdch webov\u00fdch str\u00e1nek. Umo\u017e\u0148uje v\u00e1m zobrazit sekci na celou \u0161\u00ed\u0159ku, kter\u00e1 obsahuje r\u016fzn\u00e9 prvky, a tak\u00e9 v\u00e1m umo\u017e\u0148uje nastavit styl t\u00e9to sekce zm\u011bnou obr\u00e1zk\u016f na pozad\u00ed a barvy, v\u00fd\u0161ky, horn\u00edho a spodn\u00edho okraje atd.<br \/>\nBarevn\u00e1 sekce je prvek na celou \u0161\u00ed\u0159ku, kter\u00fd nem\u016f\u017ee koexistovat vedle postrann\u00edho panelu. M\u016f\u017eete v\u0161ak zobrazit postrann\u00ed panel pod posledn\u00edm prvkem na celou \u0161\u00ed\u0159ku, pokud chcete.<br \/>\nN\u00ed\u017ee jsou uvedeny n\u011bkter\u00e9 p\u0159\u00edklady barevn\u00fdch sekc\u00ed<\/p>\n<\/div><\/section>\n\n<\/div><\/div><\/main><!-- close content main element --><\/div><\/div>\n<style type=\"text\/css\" data-created_by=\"avia_inline_auto\" id=\"style-css-av-y2oh83-bd5f6d30c9f6f1a50e4656b04c38081f\">\n.avia-section.av-y2oh83-bd5f6d30c9f6f1a50e4656b04c38081f{\nbackground-repeat:no-repeat;\nbackground-image:url(https:\/\/enfold.norbou.com\/wp-content\/uploads\/2015\/07\/business-office-work.jpg);\nbackground-position:50% 50%;\nbackground-attachment:fixed;\n}\n.avia-section.av-y2oh83-bd5f6d30c9f6f1a50e4656b04c38081f .av-section-color-overlay{\nopacity:0.7;\nbackground-color:#000000;\n}\n.avia-section.av-y2oh83-bd5f6d30c9f6f1a50e4656b04c38081f .av-extra-border-element .av-extra-border-inner{\nbackground-color:#ffffff;\n}\n<\/style>\n<div id='av_section_2'  class='avia-section av-y2oh83-bd5f6d30c9f6f1a50e4656b04c38081f main_color avia-section-huge avia-no-border-styling  avia-builder-el-3  el_after_av_section  el_before_av_section  avia-full-stretch avia-bg-style-fixed av-section-color-overlay-active av-minimum-height av-minimum-height-custom av-height-custom  container_wrap sidebar_right'  data-section-bg-repeat='stretch' data-av_minimum_height_px='500'><div class=\"av-section-color-overlay-wrap\"><div class=\"av-section-color-overlay\"><\/div><div class='container av-section-cont-open' style='height:500px'><div class='template-page content  av-content-small alpha units'><div class='post-entry post-entry-type-page post-entry-3983'><div class='entry-content-wrapper clearfix'>\n\n<style type=\"text\/css\" data-created_by=\"avia_inline_auto\" id=\"style-css-av-vpxf9f-fd3a2d951fa3755f2ddc5f1be52817db\">\n#top .av-special-heading.av-vpxf9f-fd3a2d951fa3755f2ddc5f1be52817db{\npadding-bottom:0;\ncolor:#ffffff;\nfont-size:40px;\n}\nbody .av-special-heading.av-vpxf9f-fd3a2d951fa3755f2ddc5f1be52817db .av-special-heading-tag .heading-char{\nfont-size:25px;\n}\n#top #wrap_all .av-special-heading.av-vpxf9f-fd3a2d951fa3755f2ddc5f1be52817db .av-special-heading-tag{\nfont-size:40px;\n}\n.av-special-heading.av-vpxf9f-fd3a2d951fa3755f2ddc5f1be52817db .special-heading-inner-border{\nborder-color:#ffffff;\n}\n.av-special-heading.av-vpxf9f-fd3a2d951fa3755f2ddc5f1be52817db .av-subheading{\nfont-size:15px;\n}\n\n@media only screen and (min-width: 480px) and (max-width: 767px){ \n#top #wrap_all .av-special-heading.av-vpxf9f-fd3a2d951fa3755f2ddc5f1be52817db .av-special-heading-tag{\nfont-size:0.8em;\n}\n}\n\n@media only screen and (max-width: 479px){ \n#top #wrap_all .av-special-heading.av-vpxf9f-fd3a2d951fa3755f2ddc5f1be52817db .av-special-heading-tag{\nfont-size:0.8em;\n}\n}\n<\/style>\n<div  class='av-special-heading av-vpxf9f-fd3a2d951fa3755f2ddc5f1be52817db av-special-heading-h1 custom-color-heading blockquote modern-quote modern-centered  avia-builder-el-4  avia-builder-el-no-sibling  av-inherit-size'><h1 class='av-special-heading-tag '  itemprop=\"headline\"  >Toto je barevn\u00e1 sekce s pevn\u00fdm pozad\u00edm a \u0161ikm\u00fdm okrajem<\/h1><div class=\"special-heading-border\"><div class=\"special-heading-inner-border\"><\/div><\/div><\/div>\n\n<\/div><\/div><\/div><!-- close content main div --><\/div><div class='av-extra-border-element border-extra-diagonal  '><div class='av-extra-border-outer'><div class='av-extra-border-inner'><\/div><\/div><\/div><\/div><\/div>\n<style type=\"text\/css\" data-created_by=\"avia_inline_auto\" id=\"style-css-av-vcsdxv-2016f4dceb8b91b2208d453ac3969d0e\">\n.avia-section.av-vcsdxv-2016f4dceb8b91b2208d453ac3969d0e{\nbackground-color:#ffffff;\nbackground-image:unset;\n}\n<\/style>\n<div id='av_section_3'  class='avia-section av-vcsdxv-2016f4dceb8b91b2208d453ac3969d0e main_color avia-section-huge avia-no-border-styling  avia-builder-el-5  el_after_av_section  el_before_av_section  avia-bg-style-scroll av-minimum-height av-minimum-height-25 av-height-25  container_wrap sidebar_right'   data-av_minimum_height_pc='25' data-av_min_height_opt='25'><div class='container av-section-cont-open' ><div class='template-page content  av-content-small alpha units'><div class='post-entry post-entry-type-page post-entry-3983'><div class='entry-content-wrapper clearfix'>\n\n<style type=\"text\/css\" data-created_by=\"avia_inline_auto\" id=\"style-css-av-t0e6xv-a09f603e50b757ef67d5590d3d582acc\">\n#top .av-special-heading.av-t0e6xv-a09f603e50b757ef67d5590d3d582acc{\npadding-bottom:0;\nfont-size:40px;\n}\nbody .av-special-heading.av-t0e6xv-a09f603e50b757ef67d5590d3d582acc .av-special-heading-tag .heading-char{\nfont-size:25px;\n}\n#top #wrap_all .av-special-heading.av-t0e6xv-a09f603e50b757ef67d5590d3d582acc .av-special-heading-tag{\nfont-size:40px;\n}\n.av-special-heading.av-t0e6xv-a09f603e50b757ef67d5590d3d582acc .av-subheading{\nfont-size:15px;\n}\n\n@media only screen and (min-width: 480px) and (max-width: 767px){ \n#top #wrap_all .av-special-heading.av-t0e6xv-a09f603e50b757ef67d5590d3d582acc .av-special-heading-tag{\nfont-size:0.8em;\n}\n}\n\n@media only screen and (max-width: 479px){ \n#top #wrap_all .av-special-heading.av-t0e6xv-a09f603e50b757ef67d5590d3d582acc .av-special-heading-tag{\nfont-size:0.8em;\n}\n}\n<\/style>\n<div  class='av-special-heading av-t0e6xv-a09f603e50b757ef67d5590d3d582acc av-special-heading-h1 blockquote modern-quote modern-centered  avia-builder-el-6  avia-builder-el-no-sibling  av-inherit-size'><h1 class='av-special-heading-tag '  itemprop=\"headline\"  >Toto je barevn\u00e1 sekce s pevn\u00fdm pozad\u00edm<\/h1><div class=\"special-heading-border\"><div class=\"special-heading-inner-border\"><\/div><\/div><\/div>\n\n<\/div><\/div><\/div><!-- close content main div --><\/div><\/div>\n<style type=\"text\/css\" data-created_by=\"avia_inline_auto\" id=\"style-css-av-2pjoqr-e852ce9865461f4e29f0d67df73b6f05\">\n.avia-section.av-2pjoqr-e852ce9865461f4e29f0d67df73b6f05 .av-section-color-overlay{\nopacity:0.8;\nbackground-color:#000000;\n}\n<\/style>\n<div id='av_section_4'  class='avia-section av-2pjoqr-e852ce9865461f4e29f0d67df73b6f05 alternate_color avia-section-huge avia-no-border-styling  avia-builder-el-7  el_after_av_section  avia-builder-el-last  avia-bg-style-fixed av-section-color-overlay-active av-section-with-video-bg av-section-mobile-video-disabled container_wrap sidebar_right'   data-section-video-ratio='16:9'><div  class='avia-slideshow av_slideshow_obj-1-69de97d91692b avia-slideshow-featured av_slideshow avia-slide-slider av-slideshow-ui av-control-default av-slideshow-manual av-loop-once av-loop-manual-endless av-default-height-applied  av-section-video-bg avia-slideshow-1' data-slideshow-options=\"{&quot;animation&quot;:&quot;slide&quot;,&quot;autoplay&quot;:false,&quot;loop_autoplay&quot;:&quot;once&quot;,&quot;interval&quot;:5,&quot;loop_manual&quot;:&quot;manual-endless&quot;,&quot;autoplay_stopper&quot;:false,&quot;noNavigation&quot;:false,&quot;bg_slider&quot;:false,&quot;keep_padding&quot;:false,&quot;hoverpause&quot;:false,&quot;show_slide_delay&quot;:0}\"  itemprop=\"image\" itemscope=\"itemscope\" itemtype=\"https:\/\/schema.org\/ImageObject\" ><ul class='avia-slideshow-inner ' style='padding-bottom: 28.666666666667%;'><li  data-controls='disabled' data-mute='aviaTBaviaTBvideo_mute' data-loop='1' data-disable-autoplay=''  data-video-ratio='1.7777777777778' class='avia-slideshow-slide av_slideshow_obj-1-69de97d91692b__0  av-video-slide  av-video-service-youtube  av-hide-video-controls av-mute-video av-loop-video  av-single-slide slide-1 slide-odd'><div data-rel='slideshow-1' class='avia-slide-wrap '   ><div class='av-click-overlay'><\/div><div class='mejs-mediaelement'  itemprop=\"video\" itemtype=\"https:\/\/schema.org\/VideoObject\" ><div height='1600' width='900' class='av_youtube_frame' id='player_3983_1807620820_1133394770'  data-autoplay='0'  data-videoid='oXdzvMLiE7Q'  data-hd='1'  data-rel='0'  data-wmode='opaque'  data-loop='0'  data-version='3'  data-autohide='1'  data-color='white'  data-controls='0'  data-iv_load_policy='3'  data-original_url='https:\/\/www.youtube.com\/watch?v=oXdzvMLiE7Q' ><\/div><\/div><div class=\"av-click-to-play-overlay\"><div class=\"avia_playpause_icon\"><\/div><\/div><\/div><\/li><\/ul><\/div><div class=\"av-section-color-overlay-wrap\"><div class=\"av-section-color-overlay\"><\/div><div class='container av-section-cont-open' ><div class='template-page content  av-content-small alpha units'><div class='post-entry post-entry-type-page post-entry-3983'><div class='entry-content-wrapper clearfix'>\n\n<style type=\"text\/css\" data-created_by=\"avia_inline_auto\" id=\"style-css-av-pjt0w3-7bc10b4a2843310e491f664649c7f5a8\">\n#top .av-special-heading.av-pjt0w3-7bc10b4a2843310e491f664649c7f5a8{\npadding-bottom:0;\ncolor:#ffffff;\nfont-size:40px;\n}\nbody .av-special-heading.av-pjt0w3-7bc10b4a2843310e491f664649c7f5a8 .av-special-heading-tag .heading-char{\nfont-size:25px;\n}\n#top #wrap_all .av-special-heading.av-pjt0w3-7bc10b4a2843310e491f664649c7f5a8 .av-special-heading-tag{\nfont-size:40px;\n}\n.av-special-heading.av-pjt0w3-7bc10b4a2843310e491f664649c7f5a8 .special-heading-inner-border{\nborder-color:#ffffff;\n}\n.av-special-heading.av-pjt0w3-7bc10b4a2843310e491f664649c7f5a8 .av-subheading{\nfont-size:15px;\n}\n\n@media only screen and (min-width: 480px) and (max-width: 767px){ \n#top #wrap_all .av-special-heading.av-pjt0w3-7bc10b4a2843310e491f664649c7f5a8 .av-special-heading-tag{\nfont-size:0.8em;\n}\n}\n\n@media only screen and (max-width: 479px){ \n#top #wrap_all .av-special-heading.av-pjt0w3-7bc10b4a2843310e491f664649c7f5a8 .av-special-heading-tag{\nfont-size:0.8em;\n}\n}\n<\/style>\n<div  class='av-special-heading av-pjt0w3-7bc10b4a2843310e491f664649c7f5a8 av-special-heading-h1 custom-color-heading blockquote modern-quote modern-centered  avia-builder-el-8  el_before_av_one_fifth  avia-builder-el-first  av-inherit-size'><h1 class='av-special-heading-tag '  itemprop=\"headline\"  >Toto je barevn\u00e1 sekce s videem na pozad\u00ed a n\u011bkter\u00fdmi prvky obsahu<\/h1><div class=\"special-heading-border\"><div class=\"special-heading-inner-border\"><\/div><\/div><\/div>\n\n<style type=\"text\/css\" data-created_by=\"avia_inline_auto\" id=\"style-css-av-o1rxqr-8c6ceda5d4cbaf024760d3ef5098b192\">\n.flex_column.av-o1rxqr-8c6ceda5d4cbaf024760d3ef5098b192{\nborder-radius:0px 0px 0px 0px;\npadding:0px 0px 0px 0px;\n}\n<\/style>\n<div  class='flex_column av-o1rxqr-8c6ceda5d4cbaf024760d3ef5098b192 av_one_fifth  avia-builder-el-9  el_after_av_heading  el_before_av_three_fifth  first flex_column_div av-zero-column-padding  '     ><\/div>\n<style type=\"text\/css\" data-created_by=\"avia_inline_auto\" id=\"style-css-av-lue7nn-b148d130d242c9d2b65108bdc8c97d5f\">\n.flex_column.av-lue7nn-b148d130d242c9d2b65108bdc8c97d5f{\nborder-radius:0px 0px 0px 0px;\npadding:0px 0px 0px 0px;\n}\n<\/style>\n<div  class='flex_column av-lue7nn-b148d130d242c9d2b65108bdc8c97d5f av_three_fifth  avia-builder-el-10  el_after_av_one_fifth  el_before_av_one_fifth  flex_column_div av-zero-column-padding  '     ><section  class='av_textblock_section av-lfsg6r-9a3019f573faee2686d972710e479f19 '   itemscope=\"itemscope\" itemtype=\"https:\/\/schema.org\/CreativeWork\" ><div class='avia_textblock'  itemprop=\"text\" ><p style=\"text-align: center;\">Lorem ipsum dolor sit amet, consectetuer adipiscing elit. Aenean commodo ligula eget dolor. Aenean massa. Cum spellentesque eu, pretium quis, sem. Nulla consequat massa quis enim.<\/p>\n<\/div><\/section><\/div>\n<style type=\"text\/css\" data-created_by=\"avia_inline_auto\" id=\"style-css-av-jtxjmb-e427e8fc8c7ad1ef0e5b9e95de219554\">\n.flex_column.av-jtxjmb-e427e8fc8c7ad1ef0e5b9e95de219554{\nborder-radius:0px 0px 0px 0px;\npadding:0px 0px 0px 0px;\n}\n<\/style>\n<div  class='flex_column av-jtxjmb-e427e8fc8c7ad1ef0e5b9e95de219554 av_one_fifth  avia-builder-el-12  el_after_av_three_fifth  el_before_av_one_fifth  flex_column_div av-zero-column-padding  '     ><\/div>\n<style type=\"text\/css\" data-created_by=\"avia_inline_auto\" id=\"style-css-av-hmww7n-3849644a832d7839e43bbe40700cc874\">\n.flex_column.av-hmww7n-3849644a832d7839e43bbe40700cc874{\nborder-radius:0px 0px 0px 0px;\npadding:0px 0px 0px 0px;\n}\n<\/style>\n<div  class='flex_column av-hmww7n-3849644a832d7839e43bbe40700cc874 av_one_fifth  avia-builder-el-13  el_after_av_one_fifth  el_before_av_one_fifth  first flex_column_div av-zero-column-padding  column-top-margin'     ><style type=\"text\/css\" data-created_by=\"avia_inline_auto\" id=\"style-css-av-frd9mr-9aa11a1ba08c9ca406b2ca538c9f1fdb\">\n.av_font_icon.av-frd9mr-9aa11a1ba08c9ca406b2ca538c9f1fdb .av-icon-char{\nfont-size:40px;\nline-height:40px;\nwidth:40px;\n}\n<\/style>\n<span  class='av_font_icon av-frd9mr-9aa11a1ba08c9ca406b2ca538c9f1fdb avia_animate_when_visible av-icon-style-border avia-icon-pos-center avia-iconfont avia-font-entypo-fontello av-no-color avia-icon-animate'><span class='av-icon-char' data-av_icon='\ue822' data-av_iconfont='entypo-fontello' aria-hidden=\"true\" data-avia-icon-tooltip=\"&lt;br \/&gt;\nLorem ipsum dolor sit amet, consectetuer adipiscing elit. Aenean commodo ligula eget dolor.&lt;br \/&gt;\n\"><\/span><span class='av_icon_caption av-special-font'>Lorem Ipsum<\/span><\/span><\/div>\n<style type=\"text\/css\" data-created_by=\"avia_inline_auto\" id=\"style-css-av-epuj37-a84c81e1f24278ed16819f698c61d032\">\n.flex_column.av-epuj37-a84c81e1f24278ed16819f698c61d032{\nborder-radius:0px 0px 0px 0px;\npadding:0px 0px 0px 0px;\n}\n<\/style>\n<div  class='flex_column av-epuj37-a84c81e1f24278ed16819f698c61d032 av_one_fifth  avia-builder-el-15  el_after_av_one_fifth  el_before_av_one_fifth  flex_column_div av-zero-column-padding  column-top-margin'     ><style type=\"text\/css\" data-created_by=\"avia_inline_auto\" id=\"style-css-av-d7f2yr-6119f21d384c04d583dcbfcdee0cd172\">\n.av_font_icon.av-d7f2yr-6119f21d384c04d583dcbfcdee0cd172 .av-icon-char{\nfont-size:40px;\nline-height:40px;\nwidth:40px;\n}\n<\/style>\n<span  class='av_font_icon av-d7f2yr-6119f21d384c04d583dcbfcdee0cd172 avia_animate_when_visible av-icon-style-border avia-icon-pos-center avia-iconfont avia-font-entypo-fontello av-no-color avia-icon-animate'><span class='av-icon-char' data-av_icon='\ue80e' data-av_iconfont='entypo-fontello' aria-hidden=\"true\" data-avia-icon-tooltip=\"&lt;br \/&gt;\nLorem ipsum dolor sit amet, consectetuer adipiscing elit. Aenean commodo ligula eget dolor.&lt;br \/&gt;\n\"><\/span><span class='av_icon_caption av-special-font'>Multi Media<\/span><\/span><\/div>\n<style type=\"text\/css\" data-created_by=\"avia_inline_auto\" id=\"style-css-av-avd3s3-2f71184a4460e317390c973622170f53\">\n.flex_column.av-avd3s3-2f71184a4460e317390c973622170f53{\nborder-radius:0px 0px 0px 0px;\npadding:0px 0px 0px 0px;\n}\n<\/style>\n<div  class='flex_column av-avd3s3-2f71184a4460e317390c973622170f53 av_one_fifth  avia-builder-el-17  el_after_av_one_fifth  el_before_av_one_fifth  flex_column_div av-zero-column-padding  column-top-margin'     ><style type=\"text\/css\" data-created_by=\"avia_inline_auto\" id=\"style-css-av-9u1nkz-db68774acba0bd656f255155f2dfeecc\">\n.av_font_icon.av-9u1nkz-db68774acba0bd656f255155f2dfeecc .av-icon-char{\nfont-size:40px;\nline-height:40px;\nwidth:40px;\n}\n<\/style>\n<span  class='av_font_icon av-9u1nkz-db68774acba0bd656f255155f2dfeecc avia_animate_when_visible av-icon-style-border avia-icon-pos-center avia-iconfont avia-font-entypo-fontello av-no-color avia-icon-animate'><span class='av-icon-char' data-av_icon='\ue82f' data-av_iconfont='entypo-fontello' aria-hidden=\"true\" data-avia-icon-tooltip=\"&lt;br \/&gt;\nLorem ipsum dolor sit amet, consectetuer adipiscing elit. Aenean commodo ligula eget dolor.&lt;br \/&gt;\n\"><\/span><span class='av_icon_caption av-special-font'>Cloud Based<\/span><\/span><\/div>\n<style type=\"text\/css\" data-created_by=\"avia_inline_auto\" id=\"style-css-av-6yzy77-283f8f0935fd594561c01c51115a6131\">\n.flex_column.av-6yzy77-283f8f0935fd594561c01c51115a6131{\nborder-radius:0px 0px 0px 0px;\npadding:0px 0px 0px 0px;\n}\n<\/style>\n<div  class='flex_column av-6yzy77-283f8f0935fd594561c01c51115a6131 av_one_fifth  avia-builder-el-19  el_after_av_one_fifth  el_before_av_one_fifth  flex_column_div av-zero-column-padding  column-top-margin'     ><style type=\"text\/css\" data-created_by=\"avia_inline_auto\" id=\"style-css-av-59dssz-d6a7272f95e78b40e38c69e04503b590\">\n.av_font_icon.av-59dssz-d6a7272f95e78b40e38c69e04503b590 .av-icon-char{\nfont-size:40px;\nline-height:40px;\nwidth:40px;\n}\n<\/style>\n<span  class='av_font_icon av-59dssz-d6a7272f95e78b40e38c69e04503b590 avia_animate_when_visible av-icon-style-border avia-icon-pos-center avia-iconfont avia-font-entypo-fontello av-no-color avia-icon-animate'><span class='av-icon-char' data-av_icon='\ue826' data-av_iconfont='entypo-fontello' aria-hidden=\"true\" data-avia-icon-tooltip=\"&lt;br \/&gt;\nLorem ipsum dolor sit amet, consectetuer adipiscing elit. Aenean commodo ligula eget dolor.&lt;br \/&gt;\n\"><\/span><span class='av_icon_caption av-special-font'>Velk\u00fd bratr<\/span><\/span><\/div>\n<style type=\"text\/css\" data-created_by=\"avia_inline_auto\" id=\"style-css-av-3lro03-2280fba19e379b11b986b1ac2c420c1d\">\n.flex_column.av-3lro03-2280fba19e379b11b986b1ac2c420c1d{\nborder-radius:0px 0px 0px 0px;\npadding:0px 0px 0px 0px;\n}\n<\/style>\n<div  class='flex_column av-3lro03-2280fba19e379b11b986b1ac2c420c1d av_one_fifth  avia-builder-el-21  el_after_av_one_fifth  avia-builder-el-last  flex_column_div av-zero-column-padding  column-top-margin'     ><style type=\"text\/css\" data-created_by=\"avia_inline_auto\" id=\"style-css-av-326pwz-1fc7754016986e8c4d817cb5c85e769a\">\n.av_font_icon.av-326pwz-1fc7754016986e8c4d817cb5c85e769a .av-icon-char{\nfont-size:40px;\nline-height:40px;\nwidth:40px;\n}\n<\/style>\n<span  class='av_font_icon av-326pwz-1fc7754016986e8c4d817cb5c85e769a avia_animate_when_visible av-icon-style-border avia-icon-pos-center avia-iconfont avia-font-entypo-fontello av-no-color avia-icon-animate'><span class='av-icon-char' data-av_icon='\ue863' data-av_iconfont='entypo-fontello' aria-hidden=\"true\" data-avia-icon-tooltip=\"&lt;br \/&gt;\nLorem ipsum dolor sit amet, consectetuer adipiscing elit. Aenean commodo ligula eget dolor.&lt;br \/&gt;\n\"><\/span><span class='av_icon_caption av-special-font'>\u010cas vypr\u0161el<\/span><\/span><\/div><\/div><\/div><\/div><!-- close content main div --><\/div><\/div><\/div><div id='after_section_4'  class='main_color av_default_container_wrap container_wrap sidebar_right'  ><div class='container av-section-cont-open' ><div class='template-page content  av-content-small alpha units'><div class='post-entry post-entry-type-page post-entry-3983'><div class='entry-content-wrapper clearfix'>\n","protected":false},"excerpt":{"rendered":"","protected":false},"author":1,"featured_media":0,"parent":3400,"menu_order":0,"comment_status":"closed","ping_status":"closed","template":"","meta":{"_bbp_topic_count":0,"_bbp_reply_count":0,"_bbp_total_topic_count":0,"_bbp_total_reply_count":0,"_bbp_voice_count":0,"_bbp_anonymous_reply_count":0,"_bbp_topic_count_hidden":0,"_bbp_reply_count_hidden":0,"_bbp_forum_subforum_count":0,"footnotes":""},"class_list":["post-3983","page","type-page","status-publish","hentry"],"_links":{"self":[{"href":"https:\/\/enfold.norbou.com\/cs\/wp-json\/wp\/v2\/pages\/3983","targetHints":{"allow":["GET"]}}],"collection":[{"href":"https:\/\/enfold.norbou.com\/cs\/wp-json\/wp\/v2\/pages"}],"about":[{"href":"https:\/\/enfold.norbou.com\/cs\/wp-json\/wp\/v2\/types\/page"}],"author":[{"embeddable":true,"href":"https:\/\/enfold.norbou.com\/cs\/wp-json\/wp\/v2\/users\/1"}],"replies":[{"embeddable":true,"href":"https:\/\/enfold.norbou.com\/cs\/wp-json\/wp\/v2\/comments?post=3983"}],"version-history":[{"count":7,"href":"https:\/\/enfold.norbou.com\/cs\/wp-json\/wp\/v2\/pages\/3983\/revisions"}],"predecessor-version":[{"id":4875,"href":"https:\/\/enfold.norbou.com\/cs\/wp-json\/wp\/v2\/pages\/3983\/revisions\/4875"}],"up":[{"embeddable":true,"href":"https:\/\/enfold.norbou.com\/cs\/wp-json\/wp\/v2\/pages\/3400"}],"wp:attachment":[{"href":"https:\/\/enfold.norbou.com\/cs\/wp-json\/wp\/v2\/media?parent=3983"}],"curies":[{"name":"wp","href":"https:\/\/api.w.org\/{rel}","templated":true}]}}