{"id":3987,"date":"2017-02-13T14:53:27","date_gmt":"2017-02-13T14:53:27","guid":{"rendered":"https:\/\/enfold.norbou.com\/prvky\/sloupce\/"},"modified":"2024-08-24T12:23:32","modified_gmt":"2024-08-24T12:23:32","slug":"sloupce","status":"publish","type":"page","link":"https:\/\/enfold.norbou.com\/cs\/prvky\/sloupce\/","title":{"rendered":"Sloupce"},"content":{"rendered":"<div id='av_section_1'  class='avia-section av-2boao65-88ee2f2f75fff940a8dae189cdfc7656 main_color avia-section-default avia-no-border-styling  avia-builder-el-0  el_before_av_section  avia-builder-el-first  avia-bg-style-scroll container_wrap sidebar_right'  ><div class='container av-section-cont-open' ><main  role=\"main\" itemprop=\"mainContentOfPage\"  class='template-page content  av-content-small alpha units'><div class='post-entry post-entry-type-page post-entry-3987'><div class='entry-content-wrapper clearfix'>\n\n<style type=\"text\/css\" data-created_by=\"avia_inline_auto\" id=\"style-css-av-29xnvbx-05575a0f8ecd246b1de3d93108204130\">\n#top .av-special-heading.av-29xnvbx-05575a0f8ecd246b1de3d93108204130{\npadding-bottom:15px;\ncolor:#000000;\nfont-size:40px;\n}\nbody .av-special-heading.av-29xnvbx-05575a0f8ecd246b1de3d93108204130 .av-special-heading-tag .heading-char{\nfont-size:25px;\n}\n#top #wrap_all .av-special-heading.av-29xnvbx-05575a0f8ecd246b1de3d93108204130 .av-special-heading-tag{\nfont-size:40px;\n}\n.av-special-heading.av-29xnvbx-05575a0f8ecd246b1de3d93108204130 .special-heading-inner-border{\nborder-color:#000000;\n}\n.av-special-heading.av-29xnvbx-05575a0f8ecd246b1de3d93108204130 .av-subheading{\nfont-size:15px;\n}\n\n@media only screen and (min-width: 480px) and (max-width: 767px){ \n#top #wrap_all .av-special-heading.av-29xnvbx-05575a0f8ecd246b1de3d93108204130 .av-special-heading-tag{\nfont-size:0.8em;\n}\n}\n\n@media only screen and (max-width: 479px){ \n#top #wrap_all .av-special-heading.av-29xnvbx-05575a0f8ecd246b1de3d93108204130 .av-special-heading-tag{\nfont-size:0.8em;\n}\n}\n<\/style>\n<div  class='av-special-heading av-29xnvbx-05575a0f8ecd246b1de3d93108204130 av-special-heading-h1 custom-color-heading blockquote modern-quote  avia-builder-el-1  el_before_av_textblock  avia-builder-el-first  av-inherit-size'><h1 class='av-special-heading-tag '  itemprop=\"headline\"  >Element sloupce<\/h1><div class=\"special-heading-border\"><div class=\"special-heading-inner-border\"><\/div><\/div><\/div>\n<section  class='av_textblock_section av-28brw6l-ead3438343bc63f09f900d51c97459b5 '   itemscope=\"itemscope\" itemtype=\"https:\/\/schema.org\/CreativeWork\" ><div class='avia_textblock'  itemprop=\"text\" ><p>Tento prvek sloupce v\u00e1m umo\u017e\u0148uje zobrazit obsah v r\u016fzn\u00fdch \u0161\u00ed\u0159k\u00e1ch sloupc\u016f. Sloupce mohou b\u00fdt stylizov\u00e1ny a m\u016f\u017eete zm\u011bnit jejich barvu pozad\u00ed a obr\u00e1zek, padding, polom\u011br ohrani\u010den\u00ed atd.<\/p>\n<\/div><\/section>\n\n<\/div><\/div><\/main><!-- close content main element --><\/div><\/div><div id='av_section_2'  class='avia-section av-26r07nh-9d129478eff20aebd9f178712353b218 main_color avia-section-default avia-no-shadow  avia-builder-el-3  el_after_av_section  el_before_av_section  avia-bg-style-scroll container_wrap sidebar_right'  ><div class='container av-section-cont-open' ><div class='template-page content  av-content-small alpha units'><div class='post-entry post-entry-type-page post-entry-3987'><div class='entry-content-wrapper clearfix'>\n\n<style type=\"text\/css\" data-created_by=\"avia_inline_auto\" id=\"style-css-av-24i5jp9-37c9126bbd7396a232483c311ec8ed1a\">\n#top .av-special-heading.av-24i5jp9-37c9126bbd7396a232483c311ec8ed1a{\npadding-bottom:15px;\ncolor:#000000;\nfont-size:30px;\n}\nbody .av-special-heading.av-24i5jp9-37c9126bbd7396a232483c311ec8ed1a .av-special-heading-tag .heading-char{\nfont-size:25px;\n}\n#top #wrap_all .av-special-heading.av-24i5jp9-37c9126bbd7396a232483c311ec8ed1a .av-special-heading-tag{\nfont-size:30px;\n}\n.av-special-heading.av-24i5jp9-37c9126bbd7396a232483c311ec8ed1a .special-heading-inner-border{\nborder-color:#000000;\n}\n.av-special-heading.av-24i5jp9-37c9126bbd7396a232483c311ec8ed1a .av-subheading{\nfont-size:15px;\n}\n\n@media only screen and (min-width: 480px) and (max-width: 767px){ \n#top #wrap_all .av-special-heading.av-24i5jp9-37c9126bbd7396a232483c311ec8ed1a .av-special-heading-tag{\nfont-size:0.8em;\n}\n}\n\n@media only screen and (max-width: 479px){ \n#top #wrap_all .av-special-heading.av-24i5jp9-37c9126bbd7396a232483c311ec8ed1a .av-special-heading-tag{\nfont-size:0.8em;\n}\n}\n<\/style>\n<div  class='av-special-heading av-24i5jp9-37c9126bbd7396a232483c311ec8ed1a av-special-heading-h2 custom-color-heading blockquote modern-quote  avia-builder-el-4  el_before_av_hr  avia-builder-el-first  av-inherit-size'><h2 class='av-special-heading-tag '  itemprop=\"headline\"  >Tyto sloupce jsou um\u00edst\u011bny v sekci pln\u00e9 \u0161\u00ed\u0159ky s barvou<\/h2><div class=\"special-heading-border\"><div class=\"special-heading-inner-border\"><\/div><\/div><\/div>\n\n<style type=\"text\/css\" data-created_by=\"avia_inline_auto\" id=\"style-css-av-22pk8a5-eb7e71616bf074c94a51784241f4d3e3\">\n#top .hr.hr-invisible.av-22pk8a5-eb7e71616bf074c94a51784241f4d3e3{\nheight:50px;\n}\n<\/style>\n<div  class='hr av-22pk8a5-eb7e71616bf074c94a51784241f4d3e3 hr-invisible  avia-builder-el-5  el_after_av_heading  el_before_av_one_half '><span class='hr-inner '><span class=\"hr-inner-style\"><\/span><\/span><\/div>\n<div  class='flex_column av-2192nl9-15b3aa28fa017fbc51826036711d4cd4 av_one_half  avia-builder-el-6  el_after_av_hr  el_before_av_one_half  first flex_column_div  '     ><section  class='av_textblock_section av-1zmxw31-66abc02bcd31ebd5a51d00398cb3d306 '   itemscope=\"itemscope\" itemtype=\"https:\/\/schema.org\/CreativeWork\" ><div class='avia_textblock'  itemprop=\"text\" ><h3>Jedna polovina<\/h3>\n<p>Consectetuer adipiscing elit. Aenean <strong>commodo<\/strong> ligula eget dolor. Aenean massa. Cum sociis natoque penatibus et magnis dis parturient montes, nascetur ridiculus mus. Donec quam felis, ultricies nec, pellentesque eu, <strong>pretium<\/strong> quis, sem.<\/p>\n<\/div><\/section><\/div>\n<style type=\"text\/css\" data-created_by=\"avia_inline_auto\" id=\"style-css-av-1yyw6yl-c7a3f694be74ca2701d30acf09bd6a66\">\n.flex_column.av-1yyw6yl-c7a3f694be74ca2701d30acf09bd6a66{\nborder-radius:0px 0px 0px 0px;\npadding:0px 0px 0px 0px;\n}\n<\/style>\n<div  class='flex_column av-1yyw6yl-c7a3f694be74ca2701d30acf09bd6a66 av_one_half  avia-builder-el-8  el_after_av_one_half  avia-builder-el-last  flex_column_div av-zero-column-padding  '     ><section  class='av_textblock_section av-1wtuhkd-dac8ee263cf57c56fdee92e2b26bde12 '   itemscope=\"itemscope\" itemtype=\"https:\/\/schema.org\/CreativeWork\" ><div class='avia_textblock'  itemprop=\"text\" ><h3>Jedna polovina<\/h3>\n<p>Consectetuer adipiscing elit. Aenean <strong>commodo<\/strong> ligula eget dolor. Aenean massa. Cum sociis natoque penatibus et magnis dis parturient montes, nascetur ridiculus mus. Donec quam felis, ultricies nec, pellentesque eu, <strong>pretium<\/strong> quis, sem.<\/p>\n<\/div><\/section><\/div>\n\n<\/div><\/div><\/div><!-- close content main div --><\/div><\/div><div id='av_section_3'  class='avia-section av-1vqbipp-fe8502c4816b999952f4e46ca07258e2 alternate_color avia-section-default avia-no-shadow  avia-builder-el-10  el_after_av_section  el_before_av_section  avia-bg-style-scroll container_wrap sidebar_right'  ><div class='container av-section-cont-open' ><div class='template-page content  av-content-small alpha units'><div class='post-entry post-entry-type-page post-entry-3987'><div class='entry-content-wrapper clearfix'>\n<div  class='flex_column av-1tbpdml-728efd583a8e3e675332d9861ccf9a4d av_one_third  avia-builder-el-11  el_before_av_one_third  avia-builder-el-first  first flex_column_div  '     ><section  class='av_textblock_section av-1r32uvx-d6f587359c2f2906b75b800c767eb923 '   itemscope=\"itemscope\" itemtype=\"https:\/\/schema.org\/CreativeWork\" ><div class='avia_textblock'  itemprop=\"text\" ><h3>Jedna t\u0159etina<\/h3>\n<p>Consectetuer adipiscing elit. Aenean <strong>commodo<\/strong> ligula eget dolor. Aenean massa. Cum sociis natoque penatibus et magnis dis parturient montes, nascetur ridiculus mus. Donec quam felis, ultricies nec, pellentesque eu, <strong>pretium<\/strong> quis, sem.<\/p>\n<\/div><\/section><\/div>\n<style type=\"text\/css\" data-created_by=\"avia_inline_auto\" id=\"style-css-av-1q53v3x-68353974b01209479ac65f2e65ee8d76\">\n.flex_column.av-1q53v3x-68353974b01209479ac65f2e65ee8d76{\nborder-radius:0px 0px 0px 0px;\npadding:0px 0px 0px 0px;\n}\n<\/style>\n<div  class='flex_column av-1q53v3x-68353974b01209479ac65f2e65ee8d76 av_one_third  avia-builder-el-13  el_after_av_one_third  el_before_av_one_third  flex_column_div av-zero-column-padding  '     ><section  class='av_textblock_section av-1oivvv1-638cf5db55ea267a855b469f79ee1f30 '   itemscope=\"itemscope\" itemtype=\"https:\/\/schema.org\/CreativeWork\" ><div class='avia_textblock'  itemprop=\"text\" ><h3>Jedna t\u0159etina<\/h3>\n<p>Consectetuer adipiscing elit. Aenean <strong>commodo<\/strong> ligula eget dolor. Aenean massa. Cum sociis natoque penatibus et magnis dis parturient montes, nascetur ridiculus mus. Donec quam felis, ultricies nec, pellentesque eu, <strong>pretium<\/strong> quis, sem.<\/p>\n<\/div><\/section><\/div>\n<style type=\"text\/css\" data-created_by=\"avia_inline_auto\" id=\"style-css-av-1n9giel-31a81e0032a0208588eeb96ea0a37e4e\">\n.flex_column.av-1n9giel-31a81e0032a0208588eeb96ea0a37e4e{\nborder-radius:0px 0px 0px 0px;\npadding:0px 0px 0px 0px;\n}\n<\/style>\n<div  class='flex_column av-1n9giel-31a81e0032a0208588eeb96ea0a37e4e av_one_third  avia-builder-el-15  el_after_av_one_third  avia-builder-el-last  flex_column_div av-zero-column-padding  '     ><section  class='av_textblock_section av-1lpsp25-8ee4c8b8473d2476f9af8f38fd6d2855 '   itemscope=\"itemscope\" itemtype=\"https:\/\/schema.org\/CreativeWork\" ><div class='avia_textblock'  itemprop=\"text\" ><h3>Jedna t\u0159etina<\/h3>\n<p>Consectetuer adipiscing elit. Aenean <strong>commodo<\/strong> ligula eget dolor. Aenean massa. Cum sociis natoque penatibus et magnis dis parturient montes, nascetur ridiculus mus. Donec quam felis, ultricies nec, pellentesque eu, <strong>pretium<\/strong> quis, sem.<\/p>\n<\/div><\/section><\/div>\n\n<\/div><\/div><\/div><!-- close content main div --><\/div><\/div><div id='av_section_4'  class='avia-section av-1j5lxr1-dab9e35c8f011c3b38f8efd3b9cf482d main_color avia-section-default avia-no-shadow  avia-builder-el-17  el_after_av_section  el_before_av_one_third  avia-bg-style-scroll container_wrap sidebar_right'  ><div class='container av-section-cont-open' ><div class='template-page content  av-content-small alpha units'><div class='post-entry post-entry-type-page post-entry-3987'><div class='entry-content-wrapper clearfix'>\n<div class='flex_column_table av-5dpenh-99cd4d7509296c26958ea8d3017b1f6e sc-av_one_third av-equal-height-column-flextable'>\n<style type=\"text\/css\" data-created_by=\"avia_inline_auto\" id=\"style-css-av-5dpenh-99cd4d7509296c26958ea8d3017b1f6e\">\n.flex_column.av-5dpenh-99cd4d7509296c26958ea8d3017b1f6e{\nborder-radius:0px 0px 0px 0px;\npadding:30px 30px 30px 30px;\nbackground-color:#f7f7f7;\n}\n<\/style>\n<div  class='flex_column av-5dpenh-99cd4d7509296c26958ea8d3017b1f6e av_one_third  avia-builder-el-18  el_before_av_one_third  avia-builder-el-first  first no_margin flex_column_table_cell av-equal-height-column av-align-middle  '     ><section  class='av_textblock_section av-1fgpcdp-4387628b26466d8750c88403030d5ffa '   itemscope=\"itemscope\" itemtype=\"https:\/\/schema.org\/CreativeWork\" ><div class='avia_textblock'  itemprop=\"text\" ><h3>Jedna t\u0159etina<\/h3>\n<p>Consectetuer adipiscing elit. Aenean <strong>commodo<\/strong> ligula eget dolor. Aenean massa. Cum sociis natoque penatibus et magnis dis parturient montes, nascetur ridiculus mus. Donec quam felis, ultricies nec, pellentesque eu, <strong>pretium<\/strong> quis, sem.<\/p>\n<\/div><\/section><\/div>\n<style type=\"text\/css\" data-created_by=\"avia_inline_auto\" id=\"style-css-av-1e4w0sd-67bf29ad0e4114a621040fd77eccd193\">\n.flex_column.av-1e4w0sd-67bf29ad0e4114a621040fd77eccd193{\nborder-radius:0px 0px 0px 0px;\npadding:30px 30px 30px 30px;\nbackground-color:#f2f2f2;\n}\n<\/style>\n<div  class='flex_column av-1e4w0sd-67bf29ad0e4114a621040fd77eccd193 av_one_third  avia-builder-el-20  el_after_av_one_third  el_before_av_one_third  no_margin flex_column_table_cell av-equal-height-column av-align-middle  '     ><section  class='av_textblock_section av-1dejdjx-58274cb35608f2b884f4e8d2dab5c883 '   itemscope=\"itemscope\" itemtype=\"https:\/\/schema.org\/CreativeWork\" ><div class='avia_textblock'  itemprop=\"text\" ><h3>Jedna t\u0159etina<\/h3>\n<p>Consectetuer adipiscing elit. Aenean <strong>commodo<\/strong> ligula eget dolor. Aenean massa. Cum sociis natoque penatibus et magnis dis parturient montes, nascetur ridiculus mus. Donec quam felis, ultricies nec, pellentesque eu, <strong>pretium<\/strong> quis, sem.<\/p>\n<\/div><\/section><\/div>\n<style type=\"text\/css\" data-created_by=\"avia_inline_auto\" id=\"style-css-av-1bkl6vh-443dc97c07ba0d3ebee4fb3515375929\">\n.flex_column.av-1bkl6vh-443dc97c07ba0d3ebee4fb3515375929{\nborder-radius:0px 0px 0px 0px;\npadding:30px 30px 30px 30px;\nbackground-color:#4c4c4c;\n}\n<\/style>\n<div  class='flex_column av-1bkl6vh-443dc97c07ba0d3ebee4fb3515375929 av_one_third  avia-builder-el-22  el_after_av_one_third  avia-builder-el-last  no_margin flex_column_table_cell av-equal-height-column av-align-middle  '     ><style type=\"text\/css\" data-created_by=\"avia_inline_auto\" id=\"style-css-av-1a7cffh-6d32ddf413291f28f9dcd6df04d837aa\">\n#top .av_textblock_section.av-1a7cffh-6d32ddf413291f28f9dcd6df04d837aa .avia_textblock{\ncolor:#ffffff;\n}\n<\/style>\n<section  class='av_textblock_section av-1a7cffh-6d32ddf413291f28f9dcd6df04d837aa '   itemscope=\"itemscope\" itemtype=\"https:\/\/schema.org\/CreativeWork\" ><div class='avia_textblock av_inherit_color'  itemprop=\"text\" ><h3>Jedna t\u0159etina<\/h3>\n<p>Consectetuer adipiscing elit. Aenean <strong>commodo<\/strong> ligula eget dolor. Aenean massa. Cum sociis natoque penatibus et magnis dis parturient montes, nascetur ridiculus mus. Donec quam felis, ultricies nec, pellentesque eu, <strong>pretium<\/strong> quis, sem.<\/p>\n<\/div><\/section><\/div><\/div><!--close column table wrapper. Autoclose: 1 --><\/div><\/div><\/div><!-- close content main div --><\/div><\/div><div id='after_section_4'  class='main_color av_default_container_wrap container_wrap sidebar_right'  ><div class='container av-section-cont-open' ><div class='template-page content  av-content-small alpha units'><div class='post-entry post-entry-type-page post-entry-3987'><div class='entry-content-wrapper clearfix'><div  class='flex_column av-1868ecd-f5bbe7314aa7ee35f81a2fbd34ad1939 av_one_third  avia-builder-el-24  el_after_av_section  el_before_av_two_third  avia-builder-el-first  first flex_column_div  '     ><section  class='av_textblock_section av-160h6ql-7001872e64f5e4870762b04f3e6149c0 '   itemscope=\"itemscope\" itemtype=\"https:\/\/schema.org\/CreativeWork\" ><div class='avia_textblock'  itemprop=\"text\" ><h3>Jedna t\u0159etina<\/h3>\n<p>Consectetuer adipiscing elit. Aenean <strong>commodo<\/strong> ligula eget dolor. Aenean massa. Cum sociis natoque penatibus et magnis dis parturient montes, nascetur ridiculus mus. Donec quam felis, ultricies nec, pellentesque eu, <strong>pretium<\/strong> quis, sem.<\/p>\n<\/div><\/section><\/div><\/p>\n\n<style type=\"text\/css\" data-created_by=\"avia_inline_auto\" id=\"style-css-av-14dgp99-5d02f308b9169274f82acd67cdee86e2\">\n.flex_column.av-14dgp99-5d02f308b9169274f82acd67cdee86e2{\nborder-radius:0px 0px 0px 0px;\npadding:0px 0px 0px 0px;\n}\n<\/style>\n<div  class='flex_column av-14dgp99-5d02f308b9169274f82acd67cdee86e2 av_two_third  avia-builder-el-26  el_after_av_one_third  el_before_av_one_fourth  flex_column_div av-zero-column-padding  '     ><section  class='av_textblock_section av-137efd9-8a8282d5d705c83acd19edb7ec063463 '   itemscope=\"itemscope\" itemtype=\"https:\/\/schema.org\/CreativeWork\" ><div class='avia_textblock'  itemprop=\"text\" ><h3>Dv\u011b t\u0159etiny<\/h3>\n<p>Consectetuer adipiscing elit. Aenean <strong>commodo<\/strong> ligula eget dolor. Aenean massa. Cum sociis natoque penatibus et magnis dis parturient montes, nascetur ridiculus mus. Donec quam felis, ultricies nec, pellentesque eu, <strong>pretium<\/strong> quis, sem. Aenean massa. Cum sociis natoque penatibus et magnis dis parturient montes, nascetur ridiculus mu.<\/p>\n<\/div><\/section><\/div>\n<div  class='flex_column av-3r62gd-ad87fec69089f625d51ea537837f7933 av_one_fourth  avia-builder-el-28  el_after_av_two_third  el_before_av_one_fourth  first flex_column_div  column-top-margin'     ><section  class='av_textblock_section av-zvxl4d-5f8e4c9b74382e002f816729080f3e9a '   itemscope=\"itemscope\" itemtype=\"https:\/\/schema.org\/CreativeWork\" ><div class='avia_textblock'  itemprop=\"text\" ><h3>Jedna \u010dtvrtina<\/h3>\n<p>Consectetuer adipiscing elit. Aenean <strong>commodo<\/strong> ligula eget dolor. Aenean massa.<\/p>\n<\/div><\/section><\/div>\n\n<style type=\"text\/css\" data-created_by=\"avia_inline_auto\" id=\"style-css-av-xq6dil-031cced7dc60e640515442f1b3905354\">\n.flex_column.av-xq6dil-031cced7dc60e640515442f1b3905354{\nborder-radius:0px 0px 0px 0px;\npadding:0px 0px 0px 0px;\n}\n<\/style>\n<div  class='flex_column av-xq6dil-031cced7dc60e640515442f1b3905354 av_one_fourth  avia-builder-el-30  el_after_av_one_fourth  el_before_av_one_fourth  flex_column_div av-zero-column-padding  column-top-margin'     ><section  class='av_textblock_section av-wutost-90dffdbe7d26056a46ba8f824205be1a '   itemscope=\"itemscope\" itemtype=\"https:\/\/schema.org\/CreativeWork\" ><div class='avia_textblock'  itemprop=\"text\" ><h3>Jedna \u010dtvrtina<\/h3>\n<p>Consectetuer adipiscing elit. Aenean <strong>commodo<\/strong> ligula eget dolor. Aenean massa.<\/p>\n<\/div><\/section><\/div>\n\n<style type=\"text\/css\" data-created_by=\"avia_inline_auto\" id=\"style-css-av-u5tyn1-8d82f8dbef32655ffb2031b96249d936\">\n.flex_column.av-u5tyn1-8d82f8dbef32655ffb2031b96249d936{\nborder-radius:0px 0px 0px 0px;\npadding:0px 0px 0px 0px;\n}\n<\/style>\n<div  class='flex_column av-u5tyn1-8d82f8dbef32655ffb2031b96249d936 av_one_fourth  avia-builder-el-32  el_after_av_one_fourth  el_before_av_one_fourth  flex_column_div av-zero-column-padding  column-top-margin'     ><section  class='av_textblock_section av-teyge5-995a06ca1490d0e6c144c47336c723a9 '   itemscope=\"itemscope\" itemtype=\"https:\/\/schema.org\/CreativeWork\" ><div class='avia_textblock'  itemprop=\"text\" ><h3>Jedna \u010dtvrtina<\/h3>\n<p>Consectetuer adipiscing elit. Aenean <strong>commodo<\/strong> ligula eget dolor. Aenean massa.<\/p>\n<\/div><\/section><\/div>\n\n<style type=\"text\/css\" data-created_by=\"avia_inline_auto\" id=\"style-css-av-rclmnh-69d1fdd49a0a9153d1d8296fdaaaa076\">\n.flex_column.av-rclmnh-69d1fdd49a0a9153d1d8296fdaaaa076{\nborder-radius:0px 0px 0px 0px;\npadding:0px 0px 0px 0px;\n}\n<\/style>\n<div  class='flex_column av-rclmnh-69d1fdd49a0a9153d1d8296fdaaaa076 av_one_fourth  avia-builder-el-34  el_after_av_one_fourth  el_before_av_one_fourth  flex_column_div av-zero-column-padding  column-top-margin'     ><section  class='av_textblock_section av-qehhot-7af9fa5c884bf2c30f2833ba82b00c97 '   itemscope=\"itemscope\" itemtype=\"https:\/\/schema.org\/CreativeWork\" ><div class='avia_textblock'  itemprop=\"text\" ><h3>Jedna \u010dtvrtina<\/h3>\n<p>Consectetuer adipiscing elit. Aenean <strong>commodo<\/strong> ligula eget dolor. Aenean massa.<\/p>\n<\/div><\/section><\/div>\n<div  class='flex_column av-nkexql-d930c1e9e6ac63a2f57d46c78730dde3 av_one_fourth  avia-builder-el-36  el_after_av_one_fourth  el_before_av_three_fourth  first flex_column_div  column-top-margin'     ><section  class='av_textblock_section av-mbws9p-1b113ee62801d25dcf56d1d840c8da07 '   itemscope=\"itemscope\" itemtype=\"https:\/\/schema.org\/CreativeWork\" ><div class='avia_textblock'  itemprop=\"text\" ><h3>Jedna \u010dtvrtina<\/h3>\n<p>Consectetuer adipiscing elit. Aenean <strong>commodo<\/strong> ligula eget dolor. Aenean massa.<\/p>\n<\/div><\/section><\/div>\n\n<style type=\"text\/css\" data-created_by=\"avia_inline_auto\" id=\"style-css-av-7adfh-eabc95e76b9ea7e439a8281085765fcf\">\n.flex_column.av-7adfh-eabc95e76b9ea7e439a8281085765fcf{\nborder-radius:0px 0px 0px 0px;\npadding:0px 0px 0px 0px;\n}\n<\/style>\n<div  class='flex_column av-7adfh-eabc95e76b9ea7e439a8281085765fcf av_three_fourth  avia-builder-el-38  el_after_av_one_fourth  el_before_av_one_fifth  flex_column_div av-zero-column-padding  column-top-margin'     ><section  class='av_textblock_section av-jf7x99-16222a8235bc52e20905d52b6b48db53 '   itemscope=\"itemscope\" itemtype=\"https:\/\/schema.org\/CreativeWork\" ><div class='avia_textblock'  itemprop=\"text\" ><h3>T\u0159i \u010dtvrtiny<\/h3>\n<p>Consectetuer adipiscing elit. Aenean <strong>commodo<\/strong> ligula eget dolor. Aenean massa. Cum sociis natoque penatibus et magnis dis parturient montes, nascetur ridiculus mus. Donec quam felis, ultricies nec, pellentesque eu, <strong>pretium<\/strong> quis, sem.<\/p>\n<\/div><\/section><\/div>\n<div  class='flex_column av-1ox3lp-f0b24861391b7a054184399ca9aaddaa av_one_fifth  avia-builder-el-40  el_after_av_three_fourth  el_before_av_one_fifth  first flex_column_div  column-top-margin'     ><section  class='av_textblock_section av-fu0n9p-746e8e14ca8ec00f0fe884513b12ce74 '   itemscope=\"itemscope\" itemtype=\"https:\/\/schema.org\/CreativeWork\" ><div class='avia_textblock'  itemprop=\"text\" ><h3>Jedna p\u011btina<\/h3>\n<p>Consectetuer adipiscing elit. Aenean <strong>commodo<\/strong> ligula eget dolor. Aenean massa.<\/p>\n<\/div><\/section><\/div>\n\n<style type=\"text\/css\" data-created_by=\"avia_inline_auto\" id=\"style-css-av-ebbc7h-b9a444edbbf9c5fb13a11f0205574032\">\n.flex_column.av-ebbc7h-b9a444edbbf9c5fb13a11f0205574032{\nborder-radius:0px 0px 0px 0px;\npadding:0px 0px 0px 0px;\n}\n<\/style>\n<div  class='flex_column av-ebbc7h-b9a444edbbf9c5fb13a11f0205574032 av_one_fifth  avia-builder-el-42  el_after_av_one_fifth  el_before_av_one_fifth  flex_column_div av-zero-column-padding  column-top-margin'     ><section  class='av_textblock_section av-cupowt-758a4e4176e1d443537a35d34deac860 '   itemscope=\"itemscope\" itemtype=\"https:\/\/schema.org\/CreativeWork\" ><div class='avia_textblock'  itemprop=\"text\" ><h3>Jedna p\u011btina<\/h3>\n<p>Consectetuer adipiscing elit. Aenean <strong>commodo<\/strong> ligula eget dolor. Aenean massa.<\/p>\n<\/div><\/section><\/div>\n\n<style type=\"text\/css\" data-created_by=\"avia_inline_auto\" id=\"style-css-av-aqda0d-2e79b9182063cad2a30dc84630c0337b\">\n.flex_column.av-aqda0d-2e79b9182063cad2a30dc84630c0337b{\nborder-radius:0px 0px 0px 0px;\npadding:0px 0px 0px 0px;\n}\n<\/style>\n<div  class='flex_column av-aqda0d-2e79b9182063cad2a30dc84630c0337b av_one_fifth  avia-builder-el-44  el_after_av_one_fifth  el_before_av_one_fifth  flex_column_div av-zero-column-padding  column-top-margin'     ><section  class='av_textblock_section av-8rt73x-30cf6eeb0fcbb74a6cffd0ef85caa45f '   itemscope=\"itemscope\" itemtype=\"https:\/\/schema.org\/CreativeWork\" ><div class='avia_textblock'  itemprop=\"text\" ><h3>Jedna p\u011btina<\/h3>\n<p>Consectetuer adipiscing elit. Aenean <strong>commodo<\/strong> ligula eget dolor. Aenean massa.<\/p>\n<\/div><\/section><\/div>\n\n<style type=\"text\/css\" data-created_by=\"avia_inline_auto\" id=\"style-css-av-7q9lp9-f21e8024bbb21f7b8c179b50c925ff04\">\n.flex_column.av-7q9lp9-f21e8024bbb21f7b8c179b50c925ff04{\nborder-radius:0px 0px 0px 0px;\npadding:0px 0px 0px 0px;\n}\n<\/style>\n<div  class='flex_column av-7q9lp9-f21e8024bbb21f7b8c179b50c925ff04 av_one_fifth  avia-builder-el-46  el_after_av_one_fifth  el_before_av_one_fifth  flex_column_div av-zero-column-padding  column-top-margin'     ><section  class='av_textblock_section av-5opxcd-1e6f9336e7e23155e4eb86ce831722a1 '   itemscope=\"itemscope\" itemtype=\"https:\/\/schema.org\/CreativeWork\" ><div class='avia_textblock'  itemprop=\"text\" ><h3>Jedna p\u011btina<\/h3>\n<p>Consectetuer adipiscing elit. Aenean <strong>commodo<\/strong> ligula eget dolor. Aenean massa.<\/p>\n<\/div><\/section><\/div>\n\n<style type=\"text\/css\" data-created_by=\"avia_inline_auto\" id=\"style-css-av-43ldul-0e97c42fcb56084f582d17da40791209\">\n.flex_column.av-43ldul-0e97c42fcb56084f582d17da40791209{\nborder-radius:0px 0px 0px 0px;\npadding:0px 0px 0px 0px;\n}\n<\/style>\n<div  class='flex_column av-43ldul-0e97c42fcb56084f582d17da40791209 av_one_fifth  avia-builder-el-48  el_after_av_one_fifth  avia-builder-el-last  flex_column_div av-zero-column-padding  column-top-margin'     ><section  class='av_textblock_section av-23hshp-9e5d852a526a72c6ef6ab420072ac5fe '   itemscope=\"itemscope\" itemtype=\"https:\/\/schema.org\/CreativeWork\" ><div class='avia_textblock'  itemprop=\"text\" ><h3>Jedna p\u011btina<\/h3>\n<p>Consectetuer adipiscing elit. Aenean <strong>commodo<\/strong> ligula eget dolor. Aenean massa.<\/p>\n<\/div><\/section><\/div>\n","protected":false},"excerpt":{"rendered":"","protected":false},"author":1,"featured_media":0,"parent":3400,"menu_order":0,"comment_status":"closed","ping_status":"closed","template":"","meta":{"_bbp_topic_count":0,"_bbp_reply_count":0,"_bbp_total_topic_count":0,"_bbp_total_reply_count":0,"_bbp_voice_count":0,"_bbp_anonymous_reply_count":0,"_bbp_topic_count_hidden":0,"_bbp_reply_count_hidden":0,"_bbp_forum_subforum_count":0,"footnotes":""},"class_list":["post-3987","page","type-page","status-publish","hentry"],"_links":{"self":[{"href":"https:\/\/enfold.norbou.com\/cs\/wp-json\/wp\/v2\/pages\/3987","targetHints":{"allow":["GET"]}}],"collection":[{"href":"https:\/\/enfold.norbou.com\/cs\/wp-json\/wp\/v2\/pages"}],"about":[{"href":"https:\/\/enfold.norbou.com\/cs\/wp-json\/wp\/v2\/types\/page"}],"author":[{"embeddable":true,"href":"https:\/\/enfold.norbou.com\/cs\/wp-json\/wp\/v2\/users\/1"}],"replies":[{"embeddable":true,"href":"https:\/\/enfold.norbou.com\/cs\/wp-json\/wp\/v2\/comments?post=3987"}],"version-history":[{"count":44,"href":"https:\/\/enfold.norbou.com\/cs\/wp-json\/wp\/v2\/pages\/3987\/revisions"}],"predecessor-version":[{"id":4713,"href":"https:\/\/enfold.norbou.com\/cs\/wp-json\/wp\/v2\/pages\/3987\/revisions\/4713"}],"up":[{"embeddable":true,"href":"https:\/\/enfold.norbou.com\/cs\/wp-json\/wp\/v2\/pages\/3400"}],"wp:attachment":[{"href":"https:\/\/enfold.norbou.com\/cs\/wp-json\/wp\/v2\/media?parent=3987"}],"curies":[{"name":"wp","href":"https:\/\/api.w.org\/{rel}","templated":true}]}}