{"id":3991,"date":"2017-02-10T13:07:53","date_gmt":"2017-02-10T13:07:53","guid":{"rendered":"https:\/\/enfold.norbou.com\/obchod\/prokladane-zobrazeni-polozek\/"},"modified":"2024-08-24T12:23:32","modified_gmt":"2024-08-24T12:23:32","slug":"prokladane-zobrazeni-polozek","status":"publish","type":"page","link":"https:\/\/enfold.norbou.com\/cs\/obchod\/prokladane-zobrazeni-polozek\/","title":{"rendered":"Prokl\u00e1dan\u00e9 zobrazen\u00ed polo\u017eek"},"content":{"rendered":"\n<style type=\"text\/css\" data-created_by=\"avia_inline_auto\" id=\"style-css-av-5ptcz0-1fa1494b08197ac01007ab58689a1719\">\n#top .av-special-heading.av-5ptcz0-1fa1494b08197ac01007ab58689a1719{\npadding-bottom:10px;\n}\nbody .av-special-heading.av-5ptcz0-1fa1494b08197ac01007ab58689a1719 .av-special-heading-tag .heading-char{\nfont-size:25px;\n}\n.av-special-heading.av-5ptcz0-1fa1494b08197ac01007ab58689a1719 .av-subheading{\nfont-size:10px;\n}\n<\/style>\n<div  class='av-special-heading av-5ptcz0-1fa1494b08197ac01007ab58689a1719 av-special-heading-h2 blockquote modern-quote modern-centered  avia-builder-el-0  el_before_av_textblock  avia-builder-el-first '><h2 class='av-special-heading-tag '  itemprop=\"headline\"  >P\u0159\u00edklad m\u0159\u00ed\u017eky obchodu Masonry<\/h2><div class=\"special-heading-border\"><div class=\"special-heading-inner-border\"><\/div><\/div><\/div>\n<section  class='av_textblock_section av-3xq9f0-1b6662cb303aa066760bbe54808745e8 '   itemscope=\"itemscope\" itemtype=\"https:\/\/schema.org\/CreativeWork\" ><div class='avia_textblock'  itemprop=\"text\" ><p>Vezm\u011bte pros\u00edm na v\u011bdom\u00ed: Masonry Shop nen\u00ed vhodn\u00fd pro obchod se stovkami produkt\u016f (v takov\u00e9m p\u0159\u00edpad\u011b pou\u017eijte v\u00fdchoz\u00ed obchod), ale pokud prod\u00e1v\u00e1te jen n\u011bkolik polo\u017eek a chcete je zobrazit stylov\u00fdm zp\u016fsobem, m\u016f\u017ee to b\u00fdt zp\u016fsob, jak to ud\u011blat. Masonry Shop m\u00e1 tak\u00e9 n\u011bkter\u00e1 omezen\u00ed, kter\u00e1 &#8222;v\u00fdchoz\u00ed obchod&#8220; nem\u00e1. Nem\u016f\u017ee b\u00fdt vybr\u00e1n jako v\u00fdchoz\u00ed obchod nebo archiv obchodu. Je ur\u010den jako dopl\u0148kov\u00fd prvek na va\u0161\u00ed hlavn\u00ed str\u00e1nce, nikoli k zobrazen\u00ed plnohodnotn\u00e9ho obchodu. K tomu slou\u017e\u00ed v\u00fdchoz\u00ed obchod \ud83d\ude09<\/p>\n<\/div><\/section>\n<div id='av-masonry-1' class='av-masonry av-2sbcks-e8d6ed3ee7653cc48fc820775ea0ccb1 noHover av-fixed-size av-no-gap av-hover-overlay-active av-masonry-animation-active av-masonry-col-flexible av-caption-always av-caption-style- av-masonry-entries ' data-post_id=\"3991\"><div class=\"av-masonry-container isotope av-js-disabled\"><div class='av-masonry-entry isotope-item av-masonry-item-no-image all_sort grafiky_sort '><\/div><a href=\"https:\/\/enfold.norbou.com\/cs\/product\/grafika-pilulek\/\"  id='av-masonry-1-item-4607' data-av-masonry-item='4607' class='av-masonry-entry isotope-item post-4607 product type-product status-publish has-post-thumbnail product_cat-grafiky first instock sale shipping-taxable purchasable product-type-simple all_sort grafiky_sort  av-masonry-item-with-image' title=\"Grafika pilulek\"   itemscope=\"itemscope\" itemtype=\"https:\/\/schema.org\/CreativeWork\" ><div class='av-inner-masonry-sizer'><\/div><figure class='av-inner-masonry main_color'><div class=\"av-masonry-outerimage-container\"><div class='av-masonry-image-container' style=\"background-image: url(https:\/\/enfold.norbou.com\/wp-content\/uploads\/2015\/07\/portfolio-5-705x502.jpg);\" ><\/div><\/div><figcaption class='av-inner-masonry-content site-background'><div class='av-inner-masonry-content-pos'><div class='av-inner-masonry-content-pos-content'><div class='avia-arrow'><\/div><h3 class='av-masonry-entry-title entry-title '  itemprop=\"headline\" >Grafika pilulek<\/h3><span class=\"av-masonry-price price\"><del aria-hidden=\"true\"><span class=\"woocommerce-Price-amount amount\"><bdi>12&nbsp;<span class=\"woocommerce-Price-currencySymbol\">&#75;&#269;<\/span><\/bdi><\/span><\/del> <span class=\"screen-reader-text\">P\u016fvodn\u00ed cena byla: 12&nbsp;&#075;&#269;.<\/span><ins aria-hidden=\"true\"><span class=\"woocommerce-Price-amount amount\"><bdi>9&nbsp;<span class=\"woocommerce-Price-currencySymbol\">&#75;&#269;<\/span><\/bdi><\/span><\/ins><span class=\"screen-reader-text\">Aktu\u00e1ln\u00ed cena je: 9&nbsp;&#075;&#269;.<\/span><\/span><span class=\"onsale\">Prodej!<\/span><\/div><\/div><\/figcaption><\/figure><\/a><!--end av-masonry entry--><a href=\"https:\/\/enfold.norbou.com\/cs\/product\/kaligraficka-sada\/\"  id='av-masonry-1-item-4605' data-av-masonry-item='4605' class='av-masonry-entry isotope-item post-4605 product type-product status-publish has-post-thumbnail product_cat-grafiky  instock sale shipping-taxable purchasable product-type-simple all_sort grafiky_sort  av-masonry-item-with-image' title=\"Kaligrafick\u00e1 sada\"   itemscope=\"itemscope\" itemtype=\"https:\/\/schema.org\/CreativeWork\" ><div class='av-inner-masonry-sizer'><\/div><figure class='av-inner-masonry main_color'><div class=\"av-masonry-outerimage-container\"><div class='av-masonry-image-container' style=\"background-image: url(https:\/\/enfold.norbou.com\/wp-content\/uploads\/2015\/07\/portfolio-8-705x502.jpg);\" ><\/div><\/div><figcaption class='av-inner-masonry-content site-background'><div class='av-inner-masonry-content-pos'><div class='av-inner-masonry-content-pos-content'><div class='avia-arrow'><\/div><h3 class='av-masonry-entry-title entry-title '  itemprop=\"headline\" >Kaligrafick\u00e1 sada<\/h3><span class=\"av-masonry-price price\"><del aria-hidden=\"true\"><span class=\"woocommerce-Price-amount amount\"><bdi>89&nbsp;<span class=\"woocommerce-Price-currencySymbol\">&#75;&#269;<\/span><\/bdi><\/span><\/del> <span class=\"screen-reader-text\">P\u016fvodn\u00ed cena byla: 89&nbsp;&#075;&#269;.<\/span><ins aria-hidden=\"true\"><span class=\"woocommerce-Price-amount amount\"><bdi>77&nbsp;<span class=\"woocommerce-Price-currencySymbol\">&#75;&#269;<\/span><\/bdi><\/span><\/ins><span class=\"screen-reader-text\">Aktu\u00e1ln\u00ed cena je: 77&nbsp;&#075;&#269;.<\/span><\/span><span class=\"onsale\">Prodej!<\/span><\/div><\/div><\/figcaption><\/figure><\/a><!--end av-masonry entry--><a href=\"https:\/\/enfold.norbou.com\/cs\/product\/letak-o-rostline\/\"  id='av-masonry-1-item-4608' data-av-masonry-item='4608' class='av-masonry-entry isotope-item post-4608 product type-product status-publish has-post-thumbnail product_cat-grafiky last instock shipping-taxable purchasable product-type-simple all_sort grafiky_sort  av-masonry-item-with-image' title=\"Let\u00e1k o rostlin\u011b\"   itemscope=\"itemscope\" itemtype=\"https:\/\/schema.org\/CreativeWork\" ><div class='av-inner-masonry-sizer'><\/div><figure class='av-inner-masonry main_color'><div class=\"av-masonry-outerimage-container\"><div class='av-masonry-image-container' style=\"background-image: url(https:\/\/enfold.norbou.com\/wp-content\/uploads\/2015\/07\/portfolio-1-705x502.jpg);\" ><\/div><\/div><figcaption class='av-inner-masonry-content site-background'><div class='av-inner-masonry-content-pos'><div class='av-inner-masonry-content-pos-content'><div class='avia-arrow'><\/div><h3 class='av-masonry-entry-title entry-title '  itemprop=\"headline\" >Let\u00e1k o rostlin\u011b<\/h3><span class=\"av-masonry-price price\"><span class=\"woocommerce-Price-amount amount\"><bdi>20&nbsp;<span class=\"woocommerce-Price-currencySymbol\">&#75;&#269;<\/span><\/bdi><\/span><\/span><\/div><\/div><\/figcaption><\/figure><\/a><!--end av-masonry entry--><a href=\"https:\/\/enfold.norbou.com\/cs\/product\/letak-s-mapou\/\"  id='av-masonry-1-item-4600' data-av-masonry-item='4600' class='av-masonry-entry isotope-item post-4600 product type-product status-publish has-post-thumbnail product_cat-grafiky first instock shipping-taxable purchasable product-type-simple all_sort grafiky_sort  av-masonry-item-with-image' title=\"Let\u00e1k s mapou\"   itemscope=\"itemscope\" itemtype=\"https:\/\/schema.org\/CreativeWork\" ><div class='av-inner-masonry-sizer'><\/div><figure class='av-inner-masonry main_color'><div class=\"av-masonry-outerimage-container\"><div class='av-masonry-image-container' style=\"background-image: url(https:\/\/enfold.norbou.com\/wp-content\/uploads\/2015\/07\/portfolio-4-705x502.jpg);\" ><\/div><\/div><figcaption class='av-inner-masonry-content site-background'><div class='av-inner-masonry-content-pos'><div class='av-inner-masonry-content-pos-content'><div class='avia-arrow'><\/div><h3 class='av-masonry-entry-title entry-title '  itemprop=\"headline\" >Let\u00e1k s mapou<\/h3><span class=\"av-masonry-price price\"><span class=\"woocommerce-Price-amount amount\"><bdi>23&nbsp;<span class=\"woocommerce-Price-currencySymbol\">&#75;&#269;<\/span><\/bdi><\/span><\/span><\/div><\/div><\/figcaption><\/figure><\/a><!--end av-masonry entry--><a href=\"https:\/\/enfold.norbou.com\/cs\/product\/makety-pocitacu-mac\/\"  id='av-masonry-1-item-4604' data-av-masonry-item='4604' class='av-masonry-entry isotope-item post-4604 product type-product status-publish has-post-thumbnail product_cat-grafiky  instock shipping-taxable purchasable product-type-simple all_sort grafiky_sort  av-masonry-item-with-image' title=\"Makety po\u010d\u00edta\u010d\u016f Mac\"   itemscope=\"itemscope\" itemtype=\"https:\/\/schema.org\/CreativeWork\" ><div class='av-inner-masonry-sizer'><\/div><figure class='av-inner-masonry main_color'><div class=\"av-masonry-outerimage-container\"><div class='av-masonry-image-container' style=\"background-image: url(https:\/\/enfold.norbou.com\/wp-content\/uploads\/2015\/07\/portfolio-9-705x502.jpg);\" ><\/div><\/div><figcaption class='av-inner-masonry-content site-background'><div class='av-inner-masonry-content-pos'><div class='av-inner-masonry-content-pos-content'><div class='avia-arrow'><\/div><h3 class='av-masonry-entry-title entry-title '  itemprop=\"headline\" >Makety po\u010d\u00edta\u010d\u016f Mac<\/h3><span class=\"av-masonry-price price\"><span class=\"woocommerce-Price-amount amount\"><bdi>33&nbsp;<span class=\"woocommerce-Price-currencySymbol\">&#75;&#269;<\/span><\/bdi><\/span><\/span><\/div><\/div><\/figcaption><\/figure><\/a><!--end av-masonry entry--><a href=\"https:\/\/enfold.norbou.com\/cs\/product\/plakat-produktu\/\"  id='av-masonry-1-item-4614' data-av-masonry-item='4614' class='av-masonry-entry isotope-item post-4614 product type-product status-publish has-post-thumbnail product_cat-grafiky last instock sale shipping-taxable purchasable product-type-simple all_sort grafiky_sort  av-masonry-item-with-image' title=\"Plak\u00e1t produktu\"   itemscope=\"itemscope\" itemtype=\"https:\/\/schema.org\/CreativeWork\" ><div class='av-inner-masonry-sizer'><\/div><figure class='av-inner-masonry main_color'><div class=\"av-masonry-outerimage-container\"><div class='av-masonry-image-container' style=\"background-image: url(https:\/\/enfold.norbou.com\/wp-content\/uploads\/2015\/07\/portfolio-10-705x502.jpg);\" ><\/div><\/div><figcaption class='av-inner-masonry-content site-background'><div class='av-inner-masonry-content-pos'><div class='av-inner-masonry-content-pos-content'><div class='avia-arrow'><\/div><h3 class='av-masonry-entry-title entry-title '  itemprop=\"headline\" >Plak\u00e1t produktu<\/h3><span class=\"av-masonry-price price\"><del aria-hidden=\"true\"><span class=\"woocommerce-Price-amount amount\"><bdi>55&nbsp;<span class=\"woocommerce-Price-currencySymbol\">&#75;&#269;<\/span><\/bdi><\/span><\/del> <span class=\"screen-reader-text\">P\u016fvodn\u00ed cena byla: 55&nbsp;&#075;&#269;.<\/span><ins aria-hidden=\"true\"><span class=\"woocommerce-Price-amount amount\"><bdi>45&nbsp;<span class=\"woocommerce-Price-currencySymbol\">&#75;&#269;<\/span><\/bdi><\/span><\/ins><span class=\"screen-reader-text\">Aktu\u00e1ln\u00ed cena je: 45&nbsp;&#075;&#269;.<\/span><\/span><span class=\"onsale\">Prodej!<\/span><\/div><\/div><\/figcaption><\/figure><\/a><!--end av-masonry entry--><a href=\"https:\/\/enfold.norbou.com\/cs\/product\/plakat-s-obedem\/\"  id='av-masonry-1-item-4603' data-av-masonry-item='4603' class='av-masonry-entry isotope-item post-4603 product type-product status-publish has-post-thumbnail product_cat-grafiky first instock shipping-taxable purchasable product-type-simple all_sort grafiky_sort  av-masonry-item-with-image' title=\"Plak\u00e1t s ob\u011bdem\"   itemscope=\"itemscope\" itemtype=\"https:\/\/schema.org\/CreativeWork\" ><div class='av-inner-masonry-sizer'><\/div><figure class='av-inner-masonry main_color'><div class=\"av-masonry-outerimage-container\"><div class='av-masonry-image-container' style=\"background-image: url(https:\/\/enfold.norbou.com\/wp-content\/uploads\/2015\/07\/portfolio-3-705x502.jpg);\" ><\/div><\/div><figcaption class='av-inner-masonry-content site-background'><div class='av-inner-masonry-content-pos'><div class='av-inner-masonry-content-pos-content'><div class='avia-arrow'><\/div><h3 class='av-masonry-entry-title entry-title '  itemprop=\"headline\" >Plak\u00e1t s ob\u011bdem<\/h3><span class=\"av-masonry-price price\"><span class=\"woocommerce-Price-amount amount\"><bdi>20&nbsp;<span class=\"woocommerce-Price-currencySymbol\">&#75;&#269;<\/span><\/bdi><\/span><\/span><\/div><\/div><\/figcaption><\/figure><\/a><!--end av-masonry entry--><a href=\"https:\/\/enfold.norbou.com\/cs\/product\/replika-rambam\/\"  id='av-masonry-1-item-4606' data-av-masonry-item='4606' class='av-masonry-entry isotope-item post-4606 product type-product status-publish has-post-thumbnail product_cat-grafiky  instock shipping-taxable purchasable product-type-simple all_sort grafiky_sort  av-masonry-item-with-image' title=\"Replika RamBam\"   itemscope=\"itemscope\" itemtype=\"https:\/\/schema.org\/CreativeWork\" ><div class='av-inner-masonry-sizer'><\/div><figure class='av-inner-masonry main_color'><div class=\"av-masonry-outerimage-container\"><div class='av-masonry-image-container' style=\"background-image: url(https:\/\/enfold.norbou.com\/wp-content\/uploads\/2015\/07\/portfolio-7-705x502.jpg);\" ><\/div><\/div><figcaption class='av-inner-masonry-content site-background'><div class='av-inner-masonry-content-pos'><div class='av-inner-masonry-content-pos-content'><div class='avia-arrow'><\/div><h3 class='av-masonry-entry-title entry-title '  itemprop=\"headline\" >Replika RamBam<\/h3><span class=\"av-masonry-price price\"><span class=\"woocommerce-Price-amount amount\"><bdi>120&nbsp;<span class=\"woocommerce-Price-currencySymbol\">&#75;&#269;<\/span><\/bdi><\/span><\/span><\/div><\/div><\/figcaption><\/figure><\/a><!--end av-masonry entry--><\/div><a class='av-masonry-pagination av-masonry-load-more' href='#load-more'  data-link='product_cat, 17'  data-term_rel='IN'  data-wc_prod_visible=''  data-wc_prod_hidden=''  data-wc_prod_featured=''  data-wc_prod_sale=''  data-prod_order_by=''  data-prod_order=''  data-date_filter=''  data-date_filter_start=''  data-date_filter_end=''  data-date_filter_format='yy\/mm\/dd'  data-period_filter_unit_1=''  data-period_filter_unit_2=''  data-page_element_filter=''  data-sort='yes'  data-query_orderby='date'  data-query_order='DESC'  data-caption_elements='title'  data-caption_styling=''  data-caption_display='always'  data-img_copyright=''  data-size='fixed'  data-orientation=''  data-image_size='masonry'  data-gap='no'  data-columns='flexible'  data-av-desktop-columns=''  data-av-medium-columns=''  data-av-small-columns=''  data-av-mini-columns=''  data-items='8'  data-paginate='load_more'  data-color=''  data-custom_bg=''  data-img_copyright_font=''  data-av-desktop-font-img_copyright_font=''  data-av-medium-font-img_copyright_font=''  data-av-small-font-img_copyright_font=''  data-av-mini-font-img_copyright_font=''  data-img_copyright_color=''  data-img_copyright_bg=''  data-animation='active'  data-animation_duration=''  data-animation_custom_bg_color=''  data-animation_custom_bg_color_multi_list=''  data-animation_z_index_curtain='100'  data-overlay_fx='active'  data-img_scrset=''  data-lazy_loading='disabled'  data-av-desktop-hide=''  data-av-medium-hide=''  data-av-small-hide=''  data-av-mini-hide=''  data-alb_description=''  data-id=''  data-custom_class=''  data-template_class=''  data-av_uid='av-2sbcks'  data-sc_version='1.0'  data-ids=''  data-action=''  data-post_type='post, page, attachment, revision, nav_menu_item, custom_css, customize_changeset, oembed_cache, user_request, wp_block, wp_template, wp_template_part, wp_global_styles, wp_navigation, wp_font_family, wp_font_face, forum, topic, reply, product, product_variation, shop_order, shop_order_refund, shop_coupon, shop_order_placehold, alb_custom_layout, avia_framework_post, wpcf7_contact_form, mailpoet_email, mailpoet_page, portfolio'  data-offset='0'  data-container_links='active'  data-link_dest=''  data-lightbox_text=''  data-container_class='av-masonry-entries'  data-auto_ratio='1.7'  data-set_breadcrumb='1'  data-custom_markup=''  data-taxonomy='product_cat'  data-categories='41'  data-avno='f462eefd07'>Na\u010d\u00edst dal\u0161\u00ed<\/a><\/div>\n","protected":false},"excerpt":{"rendered":"","protected":false},"author":1,"featured_media":0,"parent":3425,"menu_order":0,"comment_status":"closed","ping_status":"closed","template":"","meta":{"_bbp_topic_count":0,"_bbp_reply_count":0,"_bbp_total_topic_count":0,"_bbp_total_reply_count":0,"_bbp_voice_count":0,"_bbp_anonymous_reply_count":0,"_bbp_topic_count_hidden":0,"_bbp_reply_count_hidden":0,"_bbp_forum_subforum_count":0,"footnotes":""},"class_list":["post-3991","page","type-page","status-publish","hentry"],"_links":{"self":[{"href":"https:\/\/enfold.norbou.com\/cs\/wp-json\/wp\/v2\/pages\/3991","targetHints":{"allow":["GET"]}}],"collection":[{"href":"https:\/\/enfold.norbou.com\/cs\/wp-json\/wp\/v2\/pages"}],"about":[{"href":"https:\/\/enfold.norbou.com\/cs\/wp-json\/wp\/v2\/types\/page"}],"author":[{"embeddable":true,"href":"https:\/\/enfold.norbou.com\/cs\/wp-json\/wp\/v2\/users\/1"}],"replies":[{"embeddable":true,"href":"https:\/\/enfold.norbou.com\/cs\/wp-json\/wp\/v2\/comments?post=3991"}],"version-history":[{"count":6,"href":"https:\/\/enfold.norbou.com\/cs\/wp-json\/wp\/v2\/pages\/3991\/revisions"}],"predecessor-version":[{"id":4646,"href":"https:\/\/enfold.norbou.com\/cs\/wp-json\/wp\/v2\/pages\/3991\/revisions\/4646"}],"up":[{"embeddable":true,"href":"https:\/\/enfold.norbou.com\/cs\/wp-json\/wp\/v2\/pages\/3425"}],"wp:attachment":[{"href":"https:\/\/enfold.norbou.com\/cs\/wp-json\/wp\/v2\/media?parent=3991"}],"curies":[{"name":"wp","href":"https:\/\/api.w.org\/{rel}","templated":true}]}}