{"id":4633,"date":"2017-02-02T15:18:55","date_gmt":"2017-02-02T15:18:55","guid":{"rendered":"https:\/\/enfold.norbou.com\/stranky\/prazdne-stranky\/stranka-o-spusteni-webu\/"},"modified":"2024-08-24T12:21:47","modified_gmt":"2024-08-24T12:21:47","slug":"stranka-o-spusteni-webu","status":"publish","type":"page","link":"https:\/\/enfold.norbou.com\/cs\/stranky\/prazdne-stranky\/stranka-o-spusteni-webu\/","title":{"rendered":"Str\u00e1nka o spu\u0161t\u011bn\u00ed webu"},"content":{"rendered":"\n<style type=\"text\/css\" data-created_by=\"avia_inline_auto\" id=\"style-css-av-2owf2s-7bacd0a62013287a6642c64c9ad9416f\">\n.avia-section.av-2owf2s-7bacd0a62013287a6642c64c9ad9416f{\nbackground-repeat:no-repeat;\nbackground-image:url(https:\/\/enfold.norbou.com\/wp-content\/uploads\/2017\/02\/business-office-work-blurred.jpg);\nbackground-position:50% 50%;\nbackground-attachment:fixed;\n}\n.avia-section.av-2owf2s-7bacd0a62013287a6642c64c9ad9416f .av-section-color-overlay{\nopacity:0.7;\nbackground-color:#000000;\n}\n<\/style>\n<div id='av_section_1'  class='avia-section av-2owf2s-7bacd0a62013287a6642c64c9ad9416f main_color avia-section-large avia-no-border-styling  avia-builder-el-0  avia-builder-el-no-sibling  avia-full-stretch avia-bg-style-fixed av-section-color-overlay-active av-minimum-height av-minimum-height-100 av-height-100  container_wrap sidebar_right'  data-section-bg-repeat='stretch' data-av_minimum_height_pc='100' data-av_min_height_opt='100'><div class=\"av-section-color-overlay-wrap\"><div class=\"av-section-color-overlay\"><\/div><div class='container av-section-cont-open' ><main  role=\"main\" itemprop=\"mainContentOfPage\"  class='template-page content  av-content-small alpha units'><div class='post-entry post-entry-type-page post-entry-4633'><div class='entry-content-wrapper clearfix'>\n<div  class='flex_column av-2i2ljg-943a8123dd946b27d2126191c38d059d av_one_fourth  avia-builder-el-1  el_before_av_one_half  avia-builder-el-first  first flex_column_div  '     ><\/div>\n<style type=\"text\/css\" data-created_by=\"avia_inline_auto\" id=\"style-css-av-2h91hw-9fd0bfd75d29bd245cdee37f64771ee4\">\n.flex_column.av-2h91hw-9fd0bfd75d29bd245cdee37f64771ee4{\nborder-radius:0px 0px 0px 0px;\npadding:0px 0px 0px 0px;\n}\n<\/style>\n<div  class='flex_column av-2h91hw-9fd0bfd75d29bd245cdee37f64771ee4 av_one_half  avia-builder-el-2  el_after_av_one_fourth  el_before_av_one_fourth  flex_column_div av-zero-column-padding  '     ><p>\n<style type=\"text\/css\" data-created_by=\"avia_inline_auto\" id=\"style-css-av-27m8xg-ff1e8320be0a697d8466f98a2a5ffc08\">\n.avia-image-container.av-27m8xg-ff1e8320be0a697d8466f98a2a5ffc08 img.avia_image{\nbox-shadow:none;\n}\n.avia-image-container.av-27m8xg-ff1e8320be0a697d8466f98a2a5ffc08 .av-image-caption-overlay-center{\ncolor:#ffffff;\n}\n<\/style>\n<div  class='avia-image-container av-27m8xg-ff1e8320be0a697d8466f98a2a5ffc08 av-styling-no-styling avia_animated_image av-animated-when-visible-95 pop-up avia-align-center  avia-builder-el-3  el_before_av_heading  avia-builder-el-first '   itemprop=\"image\" itemscope=\"itemscope\" itemtype=\"https:\/\/schema.org\/ImageObject\" ><div class=\"avia-image-container-inner\"><div class=\"avia-image-overlay-wrap\"><img decoding=\"async\" fetchpriority=\"high\" class='wp-image- avia-img-lazy-loading-not- avia_image ' src=\"http:\/\/www.kriesi.at\/themes\/enfold-2017\/files\/2017\/02\/logo-white.png\" alt='' title=''   itemprop=\"thumbnailUrl\"  \/><\/div><\/div><\/div><br \/>\n\n<style type=\"text\/css\" data-created_by=\"avia_inline_auto\" id=\"style-css-av-24rdzw-8af6376114e9ce67e3d8098615ba2760\">\n#top .av-special-heading.av-24rdzw-8af6376114e9ce67e3d8098615ba2760{\npadding-bottom:10px;\ncolor:#ffffff;\nfont-size:44px;\n}\nbody .av-special-heading.av-24rdzw-8af6376114e9ce67e3d8098615ba2760 .av-special-heading-tag .heading-char{\nfont-size:25px;\n}\n#top #wrap_all .av-special-heading.av-24rdzw-8af6376114e9ce67e3d8098615ba2760 .av-special-heading-tag{\nfont-size:44px;\n}\n.av-special-heading.av-24rdzw-8af6376114e9ce67e3d8098615ba2760 .special-heading-inner-border{\nborder-color:#ffffff;\n}\n.av-special-heading.av-24rdzw-8af6376114e9ce67e3d8098615ba2760 .av-subheading{\nfont-size:15px;\n}\n\n@media only screen and (min-width: 480px) and (max-width: 767px){ \n#top #wrap_all .av-special-heading.av-24rdzw-8af6376114e9ce67e3d8098615ba2760 .av-special-heading-tag{\nfont-size:0.8em;\n}\n}\n\n@media only screen and (max-width: 479px){ \n#top #wrap_all .av-special-heading.av-24rdzw-8af6376114e9ce67e3d8098615ba2760 .av-special-heading-tag{\nfont-size:0.8em;\n}\n}\n<\/style>\n<div  class='av-special-heading av-24rdzw-8af6376114e9ce67e3d8098615ba2760 av-special-heading-h1 custom-color-heading blockquote modern-quote modern-centered  avia-builder-el-4  el_after_av_image  avia-builder-el-last  av-inherit-size'><h1 class='av-special-heading-tag '  itemprop=\"headline\"  >Ji\u017e brzy <br \/>na m\u00edst\u011b bl\u00edzko v\u00e1s!<\/h1><div class='av_custom_color av-subheading av-subheading_below'><p>Lorem ipsum dolor sit amet, consectetuer adipiscing elit. Aenean commodo ligula eget dolor. Aenean massa. Cum sociis natoque penatibus et magnis dis parturient montes, nascetur ridiculus mus.sellus dolor. Maecenas vestibulum mollis<\/p>\n<\/div><div class=\"special-heading-border\"><div class=\"special-heading-inner-border\"><\/div><\/div><\/div><\/p><\/div>\n<style type=\"text\/css\" data-created_by=\"avia_inline_auto\" id=\"style-css-av-1xa20c-0a7ed325087a8b1a30ab9d280183f2ee\">\n.flex_column.av-1xa20c-0a7ed325087a8b1a30ab9d280183f2ee{\nborder-radius:0px 0px 0px 0px;\npadding:0px 0px 0px 0px;\n}\n<\/style>\n<div  class='flex_column av-1xa20c-0a7ed325087a8b1a30ab9d280183f2ee av_one_fourth  avia-builder-el-5  el_after_av_one_half  el_before_av_hr  flex_column_div av-zero-column-padding  '     ><\/div>\n<style type=\"text\/css\" data-created_by=\"avia_inline_auto\" id=\"style-css-av-1pdm1g-8aedf0ceb038bd34d71b00237d7d9389\">\n#top .hr.hr-invisible.av-1pdm1g-8aedf0ceb038bd34d71b00237d7d9389{\nheight:100px;\n}\n<\/style>\n<div  class='hr av-1pdm1g-8aedf0ceb038bd34d71b00237d7d9389 hr-invisible  avia-builder-el-6  el_after_av_one_fourth  el_before_av_countdown '><span class='hr-inner '><span class=\"hr-inner-style\"><\/span><\/span><\/div>\n<div  class='av-countdown-timer av-5su9g-ff65af797f08bcd092bfc59da2731f5e av-align-center av-trans-light-style av-classic-numbers  avia-builder-el-7  el_after_av_hr  el_before_av_hr '  data-year=' 2019' data-month='1' data-day=' 13 ' data-hour='12' data-minute='0' data-timezone='0' data-interval='1000' data-maximum='5' ><span class='av-countdown-timer-inner'><span class='av-countdown-cell av-countdown-weeks'><span class='av-countdown-cell-inner'><span class='av-countdown-time' data-upate-width='weeks'>0<\/span><span class='av-countdown-time-label' data-label='T\u00fdden' data-label-multi='T\u00fddny'>T\u00fddny<\/span><\/span><\/span><span class='av-countdown-cell av-countdown-days'><span class='av-countdown-cell-inner'><span class='av-countdown-time' data-upate-width='days'>0<\/span><span class='av-countdown-time-label' data-label='Den' data-label-multi='Dny'>Dny<\/span><\/span><\/span><span class='av-countdown-cell av-countdown-hours'><span class='av-countdown-cell-inner'><span class='av-countdown-time' data-upate-width='hours'>0<\/span><span class='av-countdown-time-label' data-label='Hodiny' data-label-multi='Hodiny'>Hodiny<\/span><\/span><\/span><span class='av-countdown-cell av-countdown-minutes'><span class='av-countdown-cell-inner'><span class='av-countdown-time' data-upate-width='minutes'>0<\/span><span class='av-countdown-time-label' data-label='Minuta' data-label-multi='Minuty'>Minuty<\/span><\/span><\/span><span class='av-countdown-cell av-countdown-seconds'><span class='av-countdown-cell-inner'><span class='av-countdown-time' data-upate-width='seconds'>0<\/span><span class='av-countdown-time-label' data-label='Druh\u00fd' data-label-multi='Sekundy'>Sekundy<\/span><\/span><\/span><\/span><\/div>\n\n<style type=\"text\/css\" data-created_by=\"avia_inline_auto\" id=\"style-css-av-1dgff8-86d97c8d307c3f37b73459a47f58b280\">\n#top .hr.hr-invisible.av-1dgff8-86d97c8d307c3f37b73459a47f58b280{\nheight:100px;\n}\n<\/style>\n<div  class='hr av-1dgff8-86d97c8d307c3f37b73459a47f58b280 hr-invisible  avia-builder-el-8  el_after_av_countdown  el_before_av_one_fifth '><span class='hr-inner '><span class=\"hr-inner-style\"><\/span><\/span><\/div>\n<div  class='flex_column av-19xl2c-8a4228a29d86296f5eedbf48be4e1631 av_one_fifth  avia-builder-el-9  el_after_av_hr  el_before_av_three_fifth  first flex_column_div  '     ><\/div>\n<style type=\"text\/css\" data-created_by=\"avia_inline_auto\" id=\"style-css-av-14oo50-ab0ffebc6112f317c0d21299ac2cfb7c\">\n.flex_column.av-14oo50-ab0ffebc6112f317c0d21299ac2cfb7c{\nborder-radius:0px 0px 0px 0px;\npadding:0px 0px 0px 0px;\n}\n<\/style>\n<div  class='flex_column av-14oo50-ab0ffebc6112f317c0d21299ac2cfb7c av_three_fifth  avia-builder-el-10  el_after_av_one_fifth  el_before_av_one_fifth  flex_column_div av-zero-column-padding  '     ><p><form action=\"https:\/\/enfold.norbou.com\/cs\/stranky\/prazdne-stranky\/stranka-o-spusteni-webu\/\" method=\"post\" data-fields-with-error=\"Nalezeny chyby v n\u00e1sleduj\u00edc\u00edch pol\u00edch:\" class=\"avia_ajax_form av-form-labels-visible   avia-builder-el-11  el_before_av_textblock  avia-builder-el-first  av-custom-form-color av-light-form \" data-avia-form-id=\"1\" data-avia-redirect='' ><fieldset><p class='  first_form  form_element form_element_third' id='element_avia_1_1'><label for=\"avia_1_1\">Jm\u00e9no <abbr class=\"required\" title=\"po\u017eadov\u00e1no\">*<\/abbr><\/label> <input name=\"avia_1_1\" class=\"text_input is_empty\" type=\"text\" id=\"avia_1_1\" value=\"\" \/><\/p><p class='  form_element form_element_third av-last-visible-form-element' id='element_avia_2_1'><label for=\"avia_2_1\">E-Mail <abbr class=\"required\" title=\"po\u017eadov\u00e1no\">*<\/abbr><\/label> <input name=\"avia_2_1\" class=\"text_input is_email\" type=\"text\" id=\"avia_2_1\" value=\"\" \/><\/p><p class=\"hidden\"><input type=\"text\" name=\"avia_3_1\" class=\"hidden \" id=\"avia_3_1\" value=\"\" \/><\/p><p class=\"form_element form_element_third modified_width\"><input type=\"hidden\" value=\"1\" name=\"avia_generated_form1\" \/><input type=\"submit\" value=\"Upozorn\u011bte m\u011b p\u0159i spu\u0161t\u011bn\u00ed\" class=\"button\"  data-sending-label=\"Odesl\u00e1n\u00ed na\"\/><\/p><\/fieldset><\/form><div id=\"ajaxresponse_1\" class=\"ajaxresponse ajaxresponse_1 hidden\"><\/div><br \/>\n\n<style type=\"text\/css\" data-created_by=\"avia_inline_auto\" id=\"style-css-av-gwanw-5aaf5e4b2004dcbd4172a4197343b665\">\n#top .av_textblock_section.av-gwanw-5aaf5e4b2004dcbd4172a4197343b665 .avia_textblock{\nfont-size:21px;\ncolor:#ffffff;\n}\n<\/style>\n<section  class='av_textblock_section av-gwanw-5aaf5e4b2004dcbd4172a4197343b665 '   itemscope=\"itemscope\" itemtype=\"https:\/\/schema.org\/CreativeWork\" ><div class='avia_textblock av_inherit_color'  itemprop=\"text\" ><p style=\"text-align: center;\">Chcete b\u00fdt informov\u00e1ni, jakmile budeme p\u0159ipraveni ke spu\u0161t\u011bn\u00ed? Zanechte n\u00e1m svou e-mailovou adresu a my v\u00e1s budeme informovat!<\/p>\n<\/div><\/section><\/p><\/div>\n<style type=\"text\/css\" data-created_by=\"avia_inline_auto\" id=\"style-css-av-amux8-a77acaca6e8218e3a10a1f535d9218d4\">\n.flex_column.av-amux8-a77acaca6e8218e3a10a1f535d9218d4{\nborder-radius:0px 0px 0px 0px;\npadding:0px 0px 0px 0px;\n}\n<\/style>\n<div  class='flex_column av-amux8-a77acaca6e8218e3a10a1f535d9218d4 av_one_fifth  avia-builder-el-13  el_after_av_three_fifth  avia-builder-el-last  flex_column_div av-zero-column-padding  '     ><\/div><\/div><\/div><\/main><!-- close content main element --><\/div><\/div><\/div><div id='after_section_1'  class='main_color av_default_container_wrap container_wrap sidebar_right'  ><div class='container av-section-cont-open' ><div class='template-page content  av-content-small alpha units'><div class='post-entry post-entry-type-page post-entry-4633'><div class='entry-content-wrapper clearfix'>\n","protected":false},"excerpt":{"rendered":"","protected":false},"author":1,"featured_media":0,"parent":3383,"menu_order":0,"comment_status":"closed","ping_status":"closed","template":"template-blank.php","meta":{"_bbp_topic_count":0,"_bbp_reply_count":0,"_bbp_total_topic_count":0,"_bbp_total_reply_count":0,"_bbp_voice_count":0,"_bbp_anonymous_reply_count":0,"_bbp_topic_count_hidden":0,"_bbp_reply_count_hidden":0,"_bbp_forum_subforum_count":0,"footnotes":""},"class_list":["post-4633","page","type-page","status-publish","hentry"],"_links":{"self":[{"href":"https:\/\/enfold.norbou.com\/cs\/wp-json\/wp\/v2\/pages\/4633","targetHints":{"allow":["GET"]}}],"collection":[{"href":"https:\/\/enfold.norbou.com\/cs\/wp-json\/wp\/v2\/pages"}],"about":[{"href":"https:\/\/enfold.norbou.com\/cs\/wp-json\/wp\/v2\/types\/page"}],"author":[{"embeddable":true,"href":"https:\/\/enfold.norbou.com\/cs\/wp-json\/wp\/v2\/users\/1"}],"replies":[{"embeddable":true,"href":"https:\/\/enfold.norbou.com\/cs\/wp-json\/wp\/v2\/comments?post=4633"}],"version-history":[{"count":4,"href":"https:\/\/enfold.norbou.com\/cs\/wp-json\/wp\/v2\/pages\/4633\/revisions"}],"predecessor-version":[{"id":4638,"href":"https:\/\/enfold.norbou.com\/cs\/wp-json\/wp\/v2\/pages\/4633\/revisions\/4638"}],"up":[{"embeddable":true,"href":"https:\/\/enfold.norbou.com\/cs\/wp-json\/wp\/v2\/pages\/3383"}],"wp:attachment":[{"href":"https:\/\/enfold.norbou.com\/cs\/wp-json\/wp\/v2\/media?parent=4633"}],"curies":[{"name":"wp","href":"https:\/\/api.w.org\/{rel}","templated":true}]}}