{"id":4636,"date":"2017-02-02T15:18:43","date_gmt":"2017-02-02T15:18:43","guid":{"rendered":"https:\/\/enfold.norbou.com\/stranky\/prazdne-stranky\/rezim-udrzby\/"},"modified":"2024-08-24T12:21:47","modified_gmt":"2024-08-24T12:21:47","slug":"rezim-udrzby","status":"publish","type":"page","link":"https:\/\/enfold.norbou.com\/cs\/stranky\/prazdne-stranky\/rezim-udrzby\/","title":{"rendered":"Re\u017eim \u00fadr\u017eby"},"content":{"rendered":"\n<style type=\"text\/css\" data-created_by=\"avia_inline_auto\" id=\"style-css-av-3p21vd-bde6fbad21230ec76bea4f9a67405fb9\">\n.avia-section.av-3p21vd-bde6fbad21230ec76bea4f9a67405fb9{\nbackground-repeat:no-repeat;\nbackground-image:url(https:\/\/enfold.norbou.com\/wp-content\/uploads\/2017\/02\/banner-cc.jpg);\nbackground-position:50% 50%;\nbackground-attachment:fixed;\n}\n.avia-section.av-3p21vd-bde6fbad21230ec76bea4f9a67405fb9 .av-section-color-overlay{\nopacity:0.8;\nbackground-color:#000000;\n}\n<\/style>\n<div id='av_section_1'  class='avia-section av-3p21vd-bde6fbad21230ec76bea4f9a67405fb9 main_color avia-section-large avia-no-border-styling  avia-builder-el-0  avia-builder-el-no-sibling  avia-full-stretch avia-bg-style-fixed av-section-color-overlay-active av-minimum-height av-minimum-height-100 av-height-100  container_wrap sidebar_right'  data-section-bg-repeat='stretch' data-av_minimum_height_pc='100' data-av_min_height_opt='100'><div class=\"av-section-color-overlay-wrap\"><div class=\"av-section-color-overlay\"><\/div><div class='container av-section-cont-open' ><main  role=\"main\" itemprop=\"mainContentOfPage\"  class='template-page content  av-content-small alpha units'><div class='post-entry post-entry-type-page post-entry-4636'><div class='entry-content-wrapper clearfix'>\n<div  class='flex_column av-3i10ax-739acee2970856f8beec9e22cfc6d02f av_one_fourth  avia-builder-el-1  el_before_av_one_half  avia-builder-el-first  first flex_column_div  '     ><\/div>\n<style type=\"text\/css\" data-created_by=\"avia_inline_auto\" id=\"style-css-av-3cht09-6ff7fca928766ce78ad85affece5d4cc\">\n.flex_column.av-3cht09-6ff7fca928766ce78ad85affece5d4cc{\nborder-radius:0px 0px 0px 0px;\npadding:0px 0px 0px 0px;\n}\n<\/style>\n<div  class='flex_column av-3cht09-6ff7fca928766ce78ad85affece5d4cc av_one_half  avia-builder-el-2  el_after_av_one_fourth  el_before_av_one_fourth  flex_column_div av-zero-column-padding  '     ><p>\n<style type=\"text\/css\" data-created_by=\"avia_inline_auto\" id=\"style-css-av-39ft4p-9c01b517dc0f3608aa230729ec8c8da7\">\n.avia-image-container.av-39ft4p-9c01b517dc0f3608aa230729ec8c8da7 img.avia_image{\nbox-shadow:none;\n}\n.avia-image-container.av-39ft4p-9c01b517dc0f3608aa230729ec8c8da7 .av-image-caption-overlay-center{\ncolor:#ffffff;\n}\n<\/style>\n<div  class='avia-image-container av-39ft4p-9c01b517dc0f3608aa230729ec8c8da7 av-styling-no-styling avia_animated_image av-animated-when-visible-95 pop-up avia-align-center  avia-builder-el-3  el_before_av_heading  avia-builder-el-first '   itemprop=\"image\" itemscope=\"itemscope\" itemtype=\"https:\/\/schema.org\/ImageObject\" ><div class=\"avia-image-container-inner\"><div class=\"avia-image-overlay-wrap\"><img decoding=\"async\" fetchpriority=\"high\" class='wp-image- avia-img-lazy-loading-not- avia_image ' src=\"http:\/\/www.kriesi.at\/themes\/enfold-2017\/files\/2017\/02\/logo-white.png\" alt='' title=''   itemprop=\"thumbnailUrl\"  \/><\/div><\/div><\/div><br \/>\n\n<style type=\"text\/css\" data-created_by=\"avia_inline_auto\" id=\"style-css-av-32efzl-eabfde2bc57c80cc52efc58c4376deaf\">\n#top .av-special-heading.av-32efzl-eabfde2bc57c80cc52efc58c4376deaf{\npadding-bottom:10px;\ncolor:#ffffff;\nfont-size:44px;\n}\nbody .av-special-heading.av-32efzl-eabfde2bc57c80cc52efc58c4376deaf .av-special-heading-tag .heading-char{\nfont-size:25px;\n}\n#top #wrap_all .av-special-heading.av-32efzl-eabfde2bc57c80cc52efc58c4376deaf .av-special-heading-tag{\nfont-size:44px;\n}\n.av-special-heading.av-32efzl-eabfde2bc57c80cc52efc58c4376deaf .special-heading-inner-border{\nborder-color:#ffffff;\n}\n.av-special-heading.av-32efzl-eabfde2bc57c80cc52efc58c4376deaf .av-subheading{\nfont-size:15px;\n}\n\n@media only screen and (min-width: 480px) and (max-width: 767px){ \n#top #wrap_all .av-special-heading.av-32efzl-eabfde2bc57c80cc52efc58c4376deaf .av-special-heading-tag{\nfont-size:0.8em;\n}\n}\n\n@media only screen and (max-width: 479px){ \n#top #wrap_all .av-special-heading.av-32efzl-eabfde2bc57c80cc52efc58c4376deaf .av-special-heading-tag{\nfont-size:0.8em;\n}\n}\n<\/style>\n<div  class='av-special-heading av-32efzl-eabfde2bc57c80cc52efc58c4376deaf av-special-heading-h1 custom-color-heading blockquote modern-quote modern-centered  avia-builder-el-4  el_after_av_image  avia-builder-el-last  av-inherit-size'><h1 class='av-special-heading-tag '  itemprop=\"headline\"  >Tato str\u00e1nka je moment\u00e1ln\u011b mimo provoz kv\u016fli \u00fadr\u017eb\u011b<\/h1><div class='av_custom_color av-subheading av-subheading_below'><p>Brzy se vr\u00e1t\u00edme, tak z\u016fsta\u0148te nalad\u011bni.<\/p>\n<\/div><div class=\"special-heading-border\"><div class=\"special-heading-inner-border\"><\/div><\/div><\/div><\/p><\/div>\n<style type=\"text\/css\" data-created_by=\"avia_inline_auto\" id=\"style-css-av-2x4z01-07ebc050b3da4afd1fd6ad456c00de5d\">\n.flex_column.av-2x4z01-07ebc050b3da4afd1fd6ad456c00de5d{\nborder-radius:0px 0px 0px 0px;\npadding:0px 0px 0px 0px;\n}\n<\/style>\n<div  class='flex_column av-2x4z01-07ebc050b3da4afd1fd6ad456c00de5d av_one_fourth  avia-builder-el-5  el_after_av_one_half  el_before_av_hr  flex_column_div av-zero-column-padding  '     ><\/div>\n<style type=\"text\/css\" data-created_by=\"avia_inline_auto\" id=\"style-css-av-2p1hy1-450fb9c637d9232bc221f1b9ddc80a06\">\n#top .hr.hr-invisible.av-2p1hy1-450fb9c637d9232bc221f1b9ddc80a06{\nheight:100px;\n}\n<\/style>\n<div  class='hr av-2p1hy1-450fb9c637d9232bc221f1b9ddc80a06 hr-invisible  avia-builder-el-6  el_after_av_one_fourth  el_before_av_one_fifth '><span class='hr-inner '><span class=\"hr-inner-style\"><\/span><\/span><\/div>\n<div  class='flex_column av-2jj6a9-947cf05c99266a06e79ab3027f7b7321 av_one_fifth  avia-builder-el-7  el_after_av_hr  el_before_av_three_fifth  first flex_column_div  '     ><\/div>\n<style type=\"text\/css\" data-created_by=\"avia_inline_auto\" id=\"style-css-av-2eecqh-f7318dd8411ad549312ee041219547b7\">\n.flex_column.av-2eecqh-f7318dd8411ad549312ee041219547b7{\nborder-radius:0px 0px 0px 0px;\npadding:0px 0px 0px 0px;\n}\n<\/style>\n<div  class='flex_column av-2eecqh-f7318dd8411ad549312ee041219547b7 av_three_fifth  avia-builder-el-8  el_after_av_one_fifth  el_before_av_one_fifth  flex_column_div av-zero-column-padding  '     ><style type=\"text\/css\" data-created_by=\"avia_inline_auto\" id=\"style-css-sub-av-7zdf5-a69987a7fb48710883163d8f3d4ab84b\">\n#top .avia-progress-bar-container .avia-progress-bar.av-2240cp-15f1f18a746c120b1afc62f0463504fd .bar{\nwidth:100%;\nbackground:#555;\n}\n#top .avia-progress-bar-container .avia-progress-bar.av-1wiiht-3021d249898a382fe4a688f570192a97 .bar{\nwidth:100%;\nbackground:#555;\n}\n#top .avia-progress-bar-container .avia-progress-bar.av-1p4ni9-5284566bdc318e5d70f68a3ffb344a0b .bar{\nwidth:60%;\nbackground:#555;\n}\n<\/style>\n<div  class='avia-progress-bar-container av-7zdf5-a69987a7fb48710883163d8f3d4ab84b av-flat-bar av-animated-bar avia_animate_when_almost_visible  avia-builder-el-9  avia-builder-el-no-sibling '><div class='avia-progress-bar av-2240cp-15f1f18a746c120b1afc62f0463504fd icon-bar-no blue-bar icon-bar-no'><div class=\"progressbar-title-wrap\"><div class=\"progressbar-icon\"><span class='progressbar-char avia-iconfont avia-font-entypo-fontello' data-av_icon='' data-av_iconfont='entypo-fontello' ><\/span><\/div><div class='progressbar-title'>\u00dakol A: Dokon\u010deno<\/div><\/div><div class=\"progress\"><div class=\"bar-outer\"><div class='bar' data-progress='100'><\/div><\/div><\/div><\/div><div class='avia-progress-bar av-1wiiht-3021d249898a382fe4a688f570192a97 icon-bar-no blue-bar icon-bar-no'><div class=\"progressbar-title-wrap\"><div class=\"progressbar-icon\"><span class='progressbar-char avia-iconfont avia-font-entypo-fontello' data-av_icon='' data-av_iconfont='entypo-fontello' ><\/span><\/div><div class='progressbar-title'>\u00dakol B: Dokon\u010deno<\/div><\/div><div class=\"progress\"><div class=\"bar-outer\"><div class='bar' data-progress='100'><\/div><\/div><\/div><\/div><div class='avia-progress-bar av-1p4ni9-5284566bdc318e5d70f68a3ffb344a0b icon-bar-no blue-bar icon-bar-no'><div class=\"progressbar-title-wrap\"><div class=\"progressbar-icon\"><span class='progressbar-char avia-iconfont avia-font-entypo-fontello' data-av_icon='' data-av_iconfont='entypo-fontello' ><\/span><\/div><div class='progressbar-title'>\u00dakol C: T\u00e9m\u011b\u0159 hotovo<\/div><\/div><div class=\"progress\"><div class=\"bar-outer\"><div class='bar' data-progress='60'><\/div><\/div><\/div><\/div><\/div><\/div>\n<style type=\"text\/css\" data-created_by=\"avia_inline_auto\" id=\"style-css-av-1j437l-b23e31ed5e0df3504ee62dedec2aba39\">\n.flex_column.av-1j437l-b23e31ed5e0df3504ee62dedec2aba39{\nborder-radius:0px 0px 0px 0px;\npadding:0px 0px 0px 0px;\n}\n<\/style>\n<div  class='flex_column av-1j437l-b23e31ed5e0df3504ee62dedec2aba39 av_one_fifth  avia-builder-el-10  el_after_av_three_fifth  el_before_av_hr  flex_column_div av-zero-column-padding  '     ><\/div>\n<style type=\"text\/css\" data-created_by=\"avia_inline_auto\" id=\"style-css-av-1d2wjd-b5f982fde0cdf7ced9e953621e7ff913\">\n#top .hr.hr-invisible.av-1d2wjd-b5f982fde0cdf7ced9e953621e7ff913{\nheight:100px;\n}\n<\/style>\n<div  class='hr av-1d2wjd-b5f982fde0cdf7ced9e953621e7ff913 hr-invisible  avia-builder-el-11  el_after_av_one_fifth  el_before_av_one_fifth '><span class='hr-inner '><span class=\"hr-inner-style\"><\/span><\/span><\/div>\n<div  class='flex_column av-1aupyp-d46c36114539aa33aa4004ea1c8a1b96 av_one_fifth  avia-builder-el-12  el_after_av_hr  el_before_av_three_fifth  first flex_column_div  '     ><\/div>\n<style type=\"text\/css\" data-created_by=\"avia_inline_auto\" id=\"style-css-av-126y75-0b1b66f1c86debb929eb8fd21087b390\">\n.flex_column.av-126y75-0b1b66f1c86debb929eb8fd21087b390{\nborder-radius:0px 0px 0px 0px;\npadding:0px 0px 0px 0px;\n}\n<\/style>\n<div  class='flex_column av-126y75-0b1b66f1c86debb929eb8fd21087b390 av_three_fifth  avia-builder-el-13  el_after_av_one_fifth  el_before_av_one_fifth  flex_column_div av-zero-column-padding  '     ><p><form action=\"https:\/\/enfold.norbou.com\/cs\/stranky\/prazdne-stranky\/rezim-udrzby\/\" method=\"post\" data-fields-with-error=\"Nalezeny chyby v n\u00e1sleduj\u00edc\u00edch pol\u00edch:\" class=\"avia_ajax_form av-form-labels-visible   avia-builder-el-14  el_before_av_textblock  avia-builder-el-first  av-custom-form-color av-light-form \" data-avia-form-id=\"1\" data-avia-redirect='' ><fieldset><p class='  first_form  form_element form_element_third' id='element_avia_1_1'><label for=\"avia_1_1\">Jm\u00e9no <abbr class=\"required\" title=\"po\u017eadov\u00e1no\">*<\/abbr><\/label> <input name=\"avia_1_1\" class=\"text_input is_empty\" type=\"text\" id=\"avia_1_1\" value=\"\" \/><\/p><p class='  form_element form_element_third av-last-visible-form-element' id='element_avia_2_1'><label for=\"avia_2_1\">E-Mail <abbr class=\"required\" title=\"po\u017eadov\u00e1no\">*<\/abbr><\/label> <input name=\"avia_2_1\" class=\"text_input is_email\" type=\"text\" id=\"avia_2_1\" value=\"\" \/><\/p><p class=\"hidden\"><input type=\"text\" name=\"avia_3_1\" class=\"hidden \" id=\"avia_3_1\" value=\"\" \/><\/p><p class=\"form_element form_element_third modified_width\"><input type=\"hidden\" value=\"1\" name=\"avia_generated_form1\" \/><input type=\"submit\" value=\"Upozorn\u011bte m\u011b p\u0159i spu\u0161t\u011bn\u00ed\" class=\"button\"  data-sending-label=\"Odesl\u00e1n\u00ed na\"\/><\/p><\/fieldset><\/form><div id=\"ajaxresponse_1\" class=\"ajaxresponse ajaxresponse_1 hidden\"><\/div><br \/>\n\n<style type=\"text\/css\" data-created_by=\"avia_inline_auto\" id=\"style-css-av-1q3up-20235f46f2d40429928ac55571e29be9\">\n#top .av_textblock_section.av-1q3up-20235f46f2d40429928ac55571e29be9 .avia_textblock{\nfont-size:21px;\ncolor:#ffffff;\n}\n<\/style>\n<section  class='av_textblock_section av-1q3up-20235f46f2d40429928ac55571e29be9 '   itemscope=\"itemscope\" itemtype=\"https:\/\/schema.org\/CreativeWork\" ><div class='avia_textblock av_inherit_color'  itemprop=\"text\" ><p style=\"text-align: center;\">Chcete b\u00fdt informov\u00e1ni, jakmile budeme zp\u011bt online? Zanechte n\u00e1m svou e-mailovou adresu a my se ozveme!<\/p>\n<\/div><\/section><\/p><\/div>\n<style type=\"text\/css\" data-created_by=\"avia_inline_auto\" id=\"style-css-av-9i76p-0988ec8213c09bc7dbdc463337d81a83\">\n.flex_column.av-9i76p-0988ec8213c09bc7dbdc463337d81a83{\nborder-radius:0px 0px 0px 0px;\npadding:0px 0px 0px 0px;\n}\n<\/style>\n<div  class='flex_column av-9i76p-0988ec8213c09bc7dbdc463337d81a83 av_one_fifth  avia-builder-el-16  el_after_av_three_fifth  avia-builder-el-last  flex_column_div av-zero-column-padding  '     ><\/div><\/div><\/div><\/main><!-- close content main element --><\/div><\/div><\/div><div id='after_section_1'  class='main_color av_default_container_wrap container_wrap sidebar_right'  ><div class='container av-section-cont-open' ><div class='template-page content  av-content-small alpha units'><div class='post-entry post-entry-type-page post-entry-4636'><div class='entry-content-wrapper clearfix'>\n","protected":false},"excerpt":{"rendered":"","protected":false},"author":1,"featured_media":0,"parent":3383,"menu_order":0,"comment_status":"closed","ping_status":"closed","template":"template-blank.php","meta":{"_bbp_topic_count":0,"_bbp_reply_count":0,"_bbp_total_topic_count":0,"_bbp_total_reply_count":0,"_bbp_voice_count":0,"_bbp_anonymous_reply_count":0,"_bbp_topic_count_hidden":0,"_bbp_reply_count_hidden":0,"_bbp_forum_subforum_count":0,"footnotes":""},"class_list":["post-4636","page","type-page","status-publish","hentry"],"_links":{"self":[{"href":"https:\/\/enfold.norbou.com\/cs\/wp-json\/wp\/v2\/pages\/4636","targetHints":{"allow":["GET"]}}],"collection":[{"href":"https:\/\/enfold.norbou.com\/cs\/wp-json\/wp\/v2\/pages"}],"about":[{"href":"https:\/\/enfold.norbou.com\/cs\/wp-json\/wp\/v2\/types\/page"}],"author":[{"embeddable":true,"href":"https:\/\/enfold.norbou.com\/cs\/wp-json\/wp\/v2\/users\/1"}],"replies":[{"embeddable":true,"href":"https:\/\/enfold.norbou.com\/cs\/wp-json\/wp\/v2\/comments?post=4636"}],"version-history":[{"count":1,"href":"https:\/\/enfold.norbou.com\/cs\/wp-json\/wp\/v2\/pages\/4636\/revisions"}],"predecessor-version":[{"id":4639,"href":"https:\/\/enfold.norbou.com\/cs\/wp-json\/wp\/v2\/pages\/4636\/revisions\/4639"}],"up":[{"embeddable":true,"href":"https:\/\/enfold.norbou.com\/cs\/wp-json\/wp\/v2\/pages\/3383"}],"wp:attachment":[{"href":"https:\/\/enfold.norbou.com\/cs\/wp-json\/wp\/v2\/media?parent=4636"}],"curies":[{"name":"wp","href":"https:\/\/api.w.org\/{rel}","templated":true}]}}