{"id":4671,"date":"2017-02-08T14:52:31","date_gmt":"2017-02-08T14:52:31","guid":{"rendered":"https:\/\/enfold.norbou.com\/portfolio\/prokladane-portfolio-galerie\/"},"modified":"2024-08-24T12:23:32","modified_gmt":"2024-08-24T12:23:32","slug":"prokladane-portfolio-galerie","status":"publish","type":"page","link":"https:\/\/enfold.norbou.com\/cs\/portfolio\/prokladane-portfolio-galerie\/","title":{"rendered":"Prokl\u00e1dan\u00e9 portfolio \u2013 galerie"},"content":{"rendered":"\n<style type=\"text\/css\" data-created_by=\"avia_inline_auto\" id=\"style-css-av-369f2-3f87dfedf4634643fe29c0e9f0f4c636\">\n.avia-section.av-369f2-3f87dfedf4634643fe29c0e9f0f4c636{\nbackground-repeat:no-repeat;\nbackground-image:url(https:\/\/enfold.norbou.com\/wp-content\/uploads\/2017\/02\/business-office-work-blurred.jpg);\nbackground-position:50% 0%;\nbackground-attachment:scroll;\n}\n.avia-section.av-369f2-3f87dfedf4634643fe29c0e9f0f4c636 .av-section-color-overlay{\nopacity:0.6;\nbackground-color:#000000;\n}\n<\/style>\n<div id='av_section_1'  class='avia-section av-369f2-3f87dfedf4634643fe29c0e9f0f4c636 main_color avia-section-huge avia-no-shadow  avia-builder-el-0  el_before_av_masonry_gallery  avia-builder-el-first  avia-full-stretch avia-bg-style-scroll av-section-color-overlay-active container_wrap sidebar_right'  data-section-bg-repeat='stretch'><div class=\"av-section-color-overlay-wrap\"><div class=\"av-section-color-overlay\"><\/div><div class='container av-section-cont-open' ><main  role=\"main\" itemprop=\"mainContentOfPage\"  class='template-page content  av-content-small alpha units'><div class='post-entry post-entry-type-page post-entry-4671'><div class='entry-content-wrapper clearfix'>\n\n<style type=\"text\/css\" data-created_by=\"avia_inline_auto\" id=\"style-css-av-qpp4u-1e31d265e892ed3b036ca052410b50b0\">\n#top .av-special-heading.av-qpp4u-1e31d265e892ed3b036ca052410b50b0{\npadding-bottom:0;\ncolor:#ffffff;\nfont-size:40px;\n}\nbody .av-special-heading.av-qpp4u-1e31d265e892ed3b036ca052410b50b0 .av-special-heading-tag .heading-char{\nfont-size:25px;\n}\n#top #wrap_all .av-special-heading.av-qpp4u-1e31d265e892ed3b036ca052410b50b0 .av-special-heading-tag{\nfont-size:40px;\n}\n.av-special-heading.av-qpp4u-1e31d265e892ed3b036ca052410b50b0 .special-heading-inner-border{\nborder-color:#ffffff;\n}\n.av-special-heading.av-qpp4u-1e31d265e892ed3b036ca052410b50b0 .av-subheading{\nfont-size:15px;\n}\n\n@media only screen and (min-width: 480px) and (max-width: 767px){ \n#top #wrap_all .av-special-heading.av-qpp4u-1e31d265e892ed3b036ca052410b50b0 .av-special-heading-tag{\nfont-size:0.8em;\n}\n}\n\n@media only screen and (max-width: 479px){ \n#top #wrap_all .av-special-heading.av-qpp4u-1e31d265e892ed3b036ca052410b50b0 .av-special-heading-tag{\nfont-size:0.8em;\n}\n}\n<\/style>\n<div  class='av-special-heading av-qpp4u-1e31d265e892ed3b036ca052410b50b0 av-special-heading-h1 custom-color-heading blockquote modern-quote modern-centered  avia-builder-el-1  el_before_av_hr  avia-builder-el-first  av-inherit-size'><h1 class='av-special-heading-tag '  itemprop=\"headline\"  >P\u0159\u00edklad galerie Masonry:<br \/>3 sloupcov\u00e9 obr\u00e1zky<\/h1><div class=\"special-heading-border\"><div class=\"special-heading-inner-border\"><\/div><\/div><\/div>\n\n<style type=\"text\/css\" data-created_by=\"avia_inline_auto\" id=\"style-css-av-kmzoe-5dfc3a3bd5002deb34efa556945b0e9a\">\n#top .hr.av-kmzoe-5dfc3a3bd5002deb34efa556945b0e9a{\nmargin-top:30px;\nmargin-bottom:30px;\n}\n.hr.av-kmzoe-5dfc3a3bd5002deb34efa556945b0e9a .hr-inner{\nwidth:50px;\nborder-color:#ffffff;\n}\n<\/style>\n<div  class='hr av-kmzoe-5dfc3a3bd5002deb34efa556945b0e9a hr-custom  avia-builder-el-2  el_after_av_heading  el_before_av_textblock  hr-center hr-icon-no'><span class='hr-inner inner-border-av-border-fat'><span class=\"hr-inner-style\"><\/span><\/span><\/div>\n\n<style type=\"text\/css\" data-created_by=\"avia_inline_auto\" id=\"style-css-av-cix0m-c130747b53704a427aad822a8ece18a5\">\n#top .av_textblock_section.av-cix0m-c130747b53704a427aad822a8ece18a5 .avia_textblock{\ncolor:#dddddd;\n}\n<\/style>\n<section  class='av_textblock_section av-cix0m-c130747b53704a427aad822a8ece18a5 '   itemscope=\"itemscope\" itemtype=\"https:\/\/schema.org\/CreativeWork\" ><div class='avia_textblock av_inherit_color'  itemprop=\"text\" ><p style=\"text-align: center;\">Ahoj! Jsme Enfold a vytv\u00e1\u0159\u00edme opravdu kr\u00e1sn\u00e9 a \u00fa\u017easn\u00e9 v\u011bci.<br \/>\nTohle m\u016f\u017ee b\u00fdt pou\u017eito k popisu toho, co d\u011bl\u00e1te, jak to d\u011bl\u00e1te a pro koho to d\u011bl\u00e1te.<\/p>\n<\/div><\/section>\n\n\n<style type=\"text\/css\" data-created_by=\"avia_inline_auto\" id=\"style-css-av-1535q-588091e4f655d40276abae06d10935dc\">\n#top .av-masonry.av-1535q-588091e4f655d40276abae06d10935dc{\nbackground-color:#35383c;\n}\n<\/style>\n<div id='av-masonry-1' class='av-masonry av-1535q-588091e4f655d40276abae06d10935dc noHover av-flex-size av-large-gap av-hover-overlay- av-masonry-animation-active av-masonry-col-3 av-caption-always av-caption-style- av-masonry-gallery ' data-post_id=\"4671\"><div class=\"av-masonry-container isotope av-js-disabled\"><div class='av-masonry-entry isotope-item av-masonry-item-no-image '><\/div><a href=\"https:\/\/enfold.norbou.com\/wp-content\/uploads\/2015\/07\/portfolio-10.jpg\" data-srcset=\"https:\/\/enfold.norbou.com\/wp-content\/uploads\/2015\/07\/portfolio-10.jpg 800w, https:\/\/enfold.norbou.com\/wp-content\/uploads\/2015\/07\/portfolio-10-300x214.jpg 300w, https:\/\/enfold.norbou.com\/wp-content\/uploads\/2015\/07\/portfolio-10-768x547.jpg 768w, https:\/\/enfold.norbou.com\/wp-content\/uploads\/2015\/07\/portfolio-10-260x185.jpg 260w, https:\/\/enfold.norbou.com\/wp-content\/uploads\/2015\/07\/portfolio-10-705x502.jpg 705w, https:\/\/enfold.norbou.com\/wp-content\/uploads\/2015\/07\/portfolio-10-450x321.jpg 450w, https:\/\/enfold.norbou.com\/wp-content\/uploads\/2015\/07\/portfolio-10-600x428.jpg 600w\" data-sizes=\"(max-width: 800px) 100vw, 800px\"  aria-label=\"obr\u00e1zek obr\u00e1zek bez n\u00e1zvu\"  id='av-masonry-1-item-3431' data-av-masonry-item='3431' class='av-masonry-entry isotope-item post-3431 attachment type-attachment status-inherit hentry  av-masonry-item-with-image' title=\"\" alt=\"\"    itemprop=\"thumbnailUrl\" ><div class='av-inner-masonry-sizer'><\/div><figure class='av-inner-masonry main_color'><div class=\"av-masonry-outerimage-container\"><div class='av-masonry-image-container'  ><img decoding=\"async\" width=\"705\" height=\"502\" fetchpriority=\"high\" class=\"wp-image-3431 avia-img-lazy-loading-not-3431\"  src=\"https:\/\/enfold.norbou.com\/wp-content\/uploads\/2015\/07\/portfolio-10-705x502.jpg\" title=\"\" alt=\"\" srcset=\"https:\/\/enfold.norbou.com\/wp-content\/uploads\/2015\/07\/portfolio-10-705x502.jpg 705w, https:\/\/enfold.norbou.com\/wp-content\/uploads\/2015\/07\/portfolio-10-300x214.jpg 300w, https:\/\/enfold.norbou.com\/wp-content\/uploads\/2015\/07\/portfolio-10-768x547.jpg 768w, https:\/\/enfold.norbou.com\/wp-content\/uploads\/2015\/07\/portfolio-10-260x185.jpg 260w, https:\/\/enfold.norbou.com\/wp-content\/uploads\/2015\/07\/portfolio-10-450x321.jpg 450w, https:\/\/enfold.norbou.com\/wp-content\/uploads\/2015\/07\/portfolio-10-600x428.jpg 600w, https:\/\/enfold.norbou.com\/wp-content\/uploads\/2015\/07\/portfolio-10.jpg 800w\" sizes=\"(max-width: 705px) 100vw, 705px\" \/><\/div><\/div><\/figure><\/a><!--end av-masonry entry--><a href=\"https:\/\/enfold.norbou.com\/wp-content\/uploads\/2015\/07\/portfolio-large-1-1030x515.jpg\" data-srcset=\"https:\/\/enfold.norbou.com\/wp-content\/uploads\/2015\/07\/portfolio-large-1-1030x515.jpg 1030w, https:\/\/enfold.norbou.com\/wp-content\/uploads\/2015\/07\/portfolio-large-1-300x150.jpg 300w, https:\/\/enfold.norbou.com\/wp-content\/uploads\/2015\/07\/portfolio-large-1-768x384.jpg 768w, https:\/\/enfold.norbou.com\/wp-content\/uploads\/2015\/07\/portfolio-large-1-1536x768.jpg 1536w, https:\/\/enfold.norbou.com\/wp-content\/uploads\/2015\/07\/portfolio-large-1-1500x750.jpg 1500w, https:\/\/enfold.norbou.com\/wp-content\/uploads\/2015\/07\/portfolio-large-1-705x353.jpg 705w, https:\/\/enfold.norbou.com\/wp-content\/uploads\/2015\/07\/portfolio-large-1-450x225.jpg 450w, https:\/\/enfold.norbou.com\/wp-content\/uploads\/2015\/07\/portfolio-large-1-600x300.jpg 600w, https:\/\/enfold.norbou.com\/wp-content\/uploads\/2015\/07\/portfolio-large-1.jpg 1600w\" data-sizes=\"(max-width: 1030px) 100vw, 1030px\"  aria-label=\"obr\u00e1zek obr\u00e1zek bez n\u00e1zvu\"  id='av-masonry-1-item-3482' data-av-masonry-item='3482' class='av-masonry-entry isotope-item post-3482 attachment type-attachment status-inherit hentry  av-masonry-item-with-image' title=\"\" alt=\"\"    itemprop=\"thumbnailUrl\" ><div class='av-inner-masonry-sizer'><\/div><figure class='av-inner-masonry main_color'><div class=\"av-masonry-outerimage-container\"><div class='av-masonry-image-container'  ><img decoding=\"async\" width=\"705\" height=\"353\" fetchpriority=\"high\" class=\"wp-image-3482 avia-img-lazy-loading-not-3482\"  src=\"https:\/\/enfold.norbou.com\/wp-content\/uploads\/2015\/07\/portfolio-large-1-705x353.jpg\" title=\"\" alt=\"\" srcset=\"https:\/\/enfold.norbou.com\/wp-content\/uploads\/2015\/07\/portfolio-large-1-705x353.jpg 705w, https:\/\/enfold.norbou.com\/wp-content\/uploads\/2015\/07\/portfolio-large-1-300x150.jpg 300w, https:\/\/enfold.norbou.com\/wp-content\/uploads\/2015\/07\/portfolio-large-1-1030x515.jpg 1030w, https:\/\/enfold.norbou.com\/wp-content\/uploads\/2015\/07\/portfolio-large-1-768x384.jpg 768w, https:\/\/enfold.norbou.com\/wp-content\/uploads\/2015\/07\/portfolio-large-1-1536x768.jpg 1536w, https:\/\/enfold.norbou.com\/wp-content\/uploads\/2015\/07\/portfolio-large-1-1500x750.jpg 1500w, https:\/\/enfold.norbou.com\/wp-content\/uploads\/2015\/07\/portfolio-large-1-450x225.jpg 450w, https:\/\/enfold.norbou.com\/wp-content\/uploads\/2015\/07\/portfolio-large-1-600x300.jpg 600w, https:\/\/enfold.norbou.com\/wp-content\/uploads\/2015\/07\/portfolio-large-1.jpg 1600w\" sizes=\"(max-width: 705px) 100vw, 705px\" \/><\/div><\/div><\/figure><\/a><!--end av-masonry entry--><a href=\"https:\/\/enfold.norbou.com\/wp-content\/uploads\/2015\/07\/portfolio-8.jpg\" data-srcset=\"https:\/\/enfold.norbou.com\/wp-content\/uploads\/2015\/07\/portfolio-8.jpg 800w, https:\/\/enfold.norbou.com\/wp-content\/uploads\/2015\/07\/portfolio-8-300x214.jpg 300w, https:\/\/enfold.norbou.com\/wp-content\/uploads\/2015\/07\/portfolio-8-768x547.jpg 768w, https:\/\/enfold.norbou.com\/wp-content\/uploads\/2015\/07\/portfolio-8-260x185.jpg 260w, https:\/\/enfold.norbou.com\/wp-content\/uploads\/2015\/07\/portfolio-8-705x502.jpg 705w, https:\/\/enfold.norbou.com\/wp-content\/uploads\/2015\/07\/portfolio-8-450x321.jpg 450w, https:\/\/enfold.norbou.com\/wp-content\/uploads\/2015\/07\/portfolio-8-600x428.jpg 600w\" data-sizes=\"(max-width: 800px) 100vw, 800px\"  aria-label=\"obr\u00e1zek obr\u00e1zek bez n\u00e1zvu\"  id='av-masonry-1-item-3484' data-av-masonry-item='3484' class='av-masonry-entry isotope-item post-3484 attachment type-attachment status-inherit hentry  av-masonry-item-with-image' title=\"\" alt=\"\"    itemprop=\"thumbnailUrl\" ><div class='av-inner-masonry-sizer'><\/div><figure class='av-inner-masonry main_color'><div class=\"av-masonry-outerimage-container\"><div class='av-masonry-image-container'  ><img decoding=\"async\" width=\"705\" height=\"502\" fetchpriority=\"high\" class=\"wp-image-3484 avia-img-lazy-loading-not-3484\"  src=\"https:\/\/enfold.norbou.com\/wp-content\/uploads\/2015\/07\/portfolio-8-705x502.jpg\" title=\"\" alt=\"\" srcset=\"https:\/\/enfold.norbou.com\/wp-content\/uploads\/2015\/07\/portfolio-8-705x502.jpg 705w, https:\/\/enfold.norbou.com\/wp-content\/uploads\/2015\/07\/portfolio-8-300x214.jpg 300w, https:\/\/enfold.norbou.com\/wp-content\/uploads\/2015\/07\/portfolio-8-768x547.jpg 768w, https:\/\/enfold.norbou.com\/wp-content\/uploads\/2015\/07\/portfolio-8-260x185.jpg 260w, https:\/\/enfold.norbou.com\/wp-content\/uploads\/2015\/07\/portfolio-8-450x321.jpg 450w, https:\/\/enfold.norbou.com\/wp-content\/uploads\/2015\/07\/portfolio-8-600x428.jpg 600w, https:\/\/enfold.norbou.com\/wp-content\/uploads\/2015\/07\/portfolio-8.jpg 800w\" sizes=\"(max-width: 705px) 100vw, 705px\" \/><\/div><\/div><\/figure><\/a><!--end av-masonry entry--><a href=\"https:\/\/enfold.norbou.com\/wp-content\/uploads\/2015\/07\/portfolio-7.jpg\" data-srcset=\"https:\/\/enfold.norbou.com\/wp-content\/uploads\/2015\/07\/portfolio-7.jpg 800w, https:\/\/enfold.norbou.com\/wp-content\/uploads\/2015\/07\/portfolio-7-300x214.jpg 300w, https:\/\/enfold.norbou.com\/wp-content\/uploads\/2015\/07\/portfolio-7-768x547.jpg 768w, https:\/\/enfold.norbou.com\/wp-content\/uploads\/2015\/07\/portfolio-7-260x185.jpg 260w, https:\/\/enfold.norbou.com\/wp-content\/uploads\/2015\/07\/portfolio-7-705x502.jpg 705w, https:\/\/enfold.norbou.com\/wp-content\/uploads\/2015\/07\/portfolio-7-450x321.jpg 450w, https:\/\/enfold.norbou.com\/wp-content\/uploads\/2015\/07\/portfolio-7-600x428.jpg 600w\" data-sizes=\"(max-width: 800px) 100vw, 800px\"  aria-label=\"obr\u00e1zek obr\u00e1zek bez n\u00e1zvu\"  id='av-masonry-1-item-3460' data-av-masonry-item='3460' class='av-masonry-entry isotope-item post-3460 attachment type-attachment status-inherit hentry  av-masonry-item-with-image' title=\"\" alt=\"\"    itemprop=\"thumbnailUrl\" ><div class='av-inner-masonry-sizer'><\/div><figure class='av-inner-masonry main_color'><div class=\"av-masonry-outerimage-container\"><div class='av-masonry-image-container'  ><img decoding=\"async\" width=\"705\" height=\"502\" fetchpriority=\"high\" class=\"wp-image-3460 avia-img-lazy-loading-not-3460\"  src=\"https:\/\/enfold.norbou.com\/wp-content\/uploads\/2015\/07\/portfolio-7-705x502.jpg\" title=\"\" alt=\"\" srcset=\"https:\/\/enfold.norbou.com\/wp-content\/uploads\/2015\/07\/portfolio-7-705x502.jpg 705w, https:\/\/enfold.norbou.com\/wp-content\/uploads\/2015\/07\/portfolio-7-300x214.jpg 300w, https:\/\/enfold.norbou.com\/wp-content\/uploads\/2015\/07\/portfolio-7-768x547.jpg 768w, https:\/\/enfold.norbou.com\/wp-content\/uploads\/2015\/07\/portfolio-7-260x185.jpg 260w, https:\/\/enfold.norbou.com\/wp-content\/uploads\/2015\/07\/portfolio-7-450x321.jpg 450w, https:\/\/enfold.norbou.com\/wp-content\/uploads\/2015\/07\/portfolio-7-600x428.jpg 600w, https:\/\/enfold.norbou.com\/wp-content\/uploads\/2015\/07\/portfolio-7.jpg 800w\" sizes=\"(max-width: 705px) 100vw, 705px\" \/><\/div><\/div><\/figure><\/a><!--end av-masonry entry--><a href=\"https:\/\/enfold.norbou.com\/wp-content\/uploads\/2015\/07\/portfolio-5.jpg\" data-srcset=\"https:\/\/enfold.norbou.com\/wp-content\/uploads\/2015\/07\/portfolio-5.jpg 800w, https:\/\/enfold.norbou.com\/wp-content\/uploads\/2015\/07\/portfolio-5-300x214.jpg 300w, https:\/\/enfold.norbou.com\/wp-content\/uploads\/2015\/07\/portfolio-5-768x547.jpg 768w, https:\/\/enfold.norbou.com\/wp-content\/uploads\/2015\/07\/portfolio-5-260x185.jpg 260w, https:\/\/enfold.norbou.com\/wp-content\/uploads\/2015\/07\/portfolio-5-705x502.jpg 705w, https:\/\/enfold.norbou.com\/wp-content\/uploads\/2015\/07\/portfolio-5-450x321.jpg 450w, https:\/\/enfold.norbou.com\/wp-content\/uploads\/2015\/07\/portfolio-5-600x428.jpg 600w\" data-sizes=\"(max-width: 800px) 100vw, 800px\"  aria-label=\"obr\u00e1zek obr\u00e1zek bez n\u00e1zvu\"  id='av-masonry-1-item-3441' data-av-masonry-item='3441' class='av-masonry-entry isotope-item post-3441 attachment type-attachment status-inherit hentry  av-masonry-item-with-image' title=\"\" alt=\"\"    itemprop=\"thumbnailUrl\" ><div class='av-inner-masonry-sizer'><\/div><figure class='av-inner-masonry main_color'><div class=\"av-masonry-outerimage-container\"><div class='av-masonry-image-container'  ><img decoding=\"async\" width=\"705\" height=\"502\" fetchpriority=\"high\" class=\"wp-image-3441 avia-img-lazy-loading-not-3441\"  src=\"https:\/\/enfold.norbou.com\/wp-content\/uploads\/2015\/07\/portfolio-5-705x502.jpg\" title=\"\" alt=\"\" srcset=\"https:\/\/enfold.norbou.com\/wp-content\/uploads\/2015\/07\/portfolio-5-705x502.jpg 705w, https:\/\/enfold.norbou.com\/wp-content\/uploads\/2015\/07\/portfolio-5-300x214.jpg 300w, https:\/\/enfold.norbou.com\/wp-content\/uploads\/2015\/07\/portfolio-5-768x547.jpg 768w, https:\/\/enfold.norbou.com\/wp-content\/uploads\/2015\/07\/portfolio-5-260x185.jpg 260w, https:\/\/enfold.norbou.com\/wp-content\/uploads\/2015\/07\/portfolio-5-450x321.jpg 450w, https:\/\/enfold.norbou.com\/wp-content\/uploads\/2015\/07\/portfolio-5-600x428.jpg 600w, https:\/\/enfold.norbou.com\/wp-content\/uploads\/2015\/07\/portfolio-5.jpg 800w\" sizes=\"(max-width: 705px) 100vw, 705px\" \/><\/div><\/div><\/figure><\/a><!--end av-masonry entry--><a href=\"https:\/\/enfold.norbou.com\/wp-content\/uploads\/2015\/07\/portfolio-6.jpg\" data-srcset=\"https:\/\/enfold.norbou.com\/wp-content\/uploads\/2015\/07\/portfolio-6.jpg 800w, https:\/\/enfold.norbou.com\/wp-content\/uploads\/2015\/07\/portfolio-6-300x214.jpg 300w, https:\/\/enfold.norbou.com\/wp-content\/uploads\/2015\/07\/portfolio-6-768x547.jpg 768w, https:\/\/enfold.norbou.com\/wp-content\/uploads\/2015\/07\/portfolio-6-260x185.jpg 260w, https:\/\/enfold.norbou.com\/wp-content\/uploads\/2015\/07\/portfolio-6-705x502.jpg 705w, https:\/\/enfold.norbou.com\/wp-content\/uploads\/2015\/07\/portfolio-6-450x321.jpg 450w, https:\/\/enfold.norbou.com\/wp-content\/uploads\/2015\/07\/portfolio-6-600x428.jpg 600w\" data-sizes=\"(max-width: 800px) 100vw, 800px\"  aria-label=\"obr\u00e1zek obr\u00e1zek bez n\u00e1zvu\"  id='av-masonry-1-item-3446' data-av-masonry-item='3446' class='av-masonry-entry isotope-item post-3446 attachment type-attachment status-inherit hentry  av-masonry-item-with-image' title=\"\" alt=\"\"    itemprop=\"thumbnailUrl\" ><div class='av-inner-masonry-sizer'><\/div><figure class='av-inner-masonry main_color'><div class=\"av-masonry-outerimage-container\"><div class='av-masonry-image-container'  ><img decoding=\"async\" width=\"705\" height=\"502\" fetchpriority=\"high\" class=\"wp-image-3446 avia-img-lazy-loading-not-3446\"  src=\"https:\/\/enfold.norbou.com\/wp-content\/uploads\/2015\/07\/portfolio-6-705x502.jpg\" title=\"\" alt=\"\" srcset=\"https:\/\/enfold.norbou.com\/wp-content\/uploads\/2015\/07\/portfolio-6-705x502.jpg 705w, https:\/\/enfold.norbou.com\/wp-content\/uploads\/2015\/07\/portfolio-6-300x214.jpg 300w, https:\/\/enfold.norbou.com\/wp-content\/uploads\/2015\/07\/portfolio-6-768x547.jpg 768w, https:\/\/enfold.norbou.com\/wp-content\/uploads\/2015\/07\/portfolio-6-260x185.jpg 260w, https:\/\/enfold.norbou.com\/wp-content\/uploads\/2015\/07\/portfolio-6-450x321.jpg 450w, https:\/\/enfold.norbou.com\/wp-content\/uploads\/2015\/07\/portfolio-6-600x428.jpg 600w, https:\/\/enfold.norbou.com\/wp-content\/uploads\/2015\/07\/portfolio-6.jpg 800w\" sizes=\"(max-width: 705px) 100vw, 705px\" \/><\/div><\/div><\/figure><\/a><!--end av-masonry entry--><\/div><a class='av-masonry-pagination av-masonry-load-more' href='#load-more'  data-ids='871,965,870,869,868,867,866,865,864,863'  data-ids_dynamic=''  data-caption_elements='none'  data-caption_styling=''  data-caption_display='always'  data-img_copyright=''  data-size='flex'  data-orientation=''  data-image_size='masonry'  data-gap='large'  data-columns='3'  data-av-desktop-columns=''  data-av-medium-columns=''  data-av-small-columns=''  data-av-mini-columns=''  data-items='6'  data-paginate='load_more'  data-color='custom'  data-custom_bg='#35383c'  data-img_copyright_font=''  data-av-desktop-font-img_copyright_font=''  data-av-medium-font-img_copyright_font=''  data-av-small-font-img_copyright_font=''  data-av-mini-font-img_copyright_font=''  data-img_copyright_color=''  data-img_copyright_bg=''  data-animation='active'  data-animation_duration=''  data-animation_custom_bg_color=''  data-animation_custom_bg_color_multi_list=''  data-animation_z_index_curtain='100'  data-overlay_fx=''  data-container_links='active'  data-link_dest=''  data-lightbox_text=''  data-img_scrset=''  data-lazy_loading='disabled'  data-av-desktop-hide=''  data-av-medium-hide=''  data-av-small-hide=''  data-av-mini-hide=''  data-alb_description=''  data-id=''  data-custom_class=''  data-template_class=''  data-av_uid='av-1535q'  data-sc_version='1.0'  data-action=''  data-link='category'  data-post_type='post, page, attachment, revision, nav_menu_item, custom_css, customize_changeset, oembed_cache, user_request, wp_block, wp_template, wp_template_part, wp_global_styles, wp_navigation, wp_font_family, wp_font_face, forum, topic, reply, product, product_variation, shop_order, shop_order_refund, shop_coupon, shop_order_placehold, alb_custom_layout, avia_framework_post, wpcf7_contact_form, mailpoet_email, mailpoet_page, portfolio'  data-term_rel='IN'  data-offset='0'  data-container_class='av-masonry-gallery'  data-wc_prod_visible=''  data-wc_prod_hidden=''  data-wc_prod_featured=''  data-wc_prod_sale=''  data-prod_order_by=''  data-prod_order=''  data-sort='no'  data-auto_ratio='1.7'  data-set_breadcrumb='1'  data-custom_markup=''  data-query_orderby='date'  data-query_order='DESC'  data-date_filter=''  data-date_filter_start=''  data-date_filter_end=''  data-date_filter_format='yy\/mm\/dd'  data-period_filter_unit_1=''  data-period_filter_unit_2=''  data-page_element_filter=''  data-avno='f462eefd07'>Na\u010d\u00edst dal\u0161\u00ed<\/a><\/div>\n","protected":false},"excerpt":{"rendered":"","protected":false},"author":1,"featured_media":0,"parent":3413,"menu_order":0,"comment_status":"closed","ping_status":"closed","template":"","meta":{"_bbp_topic_count":0,"_bbp_reply_count":0,"_bbp_total_topic_count":0,"_bbp_total_reply_count":0,"_bbp_voice_count":0,"_bbp_anonymous_reply_count":0,"_bbp_topic_count_hidden":0,"_bbp_reply_count_hidden":0,"_bbp_forum_subforum_count":0,"footnotes":""},"class_list":["post-4671","page","type-page","status-publish","hentry"],"_links":{"self":[{"href":"https:\/\/enfold.norbou.com\/cs\/wp-json\/wp\/v2\/pages\/4671","targetHints":{"allow":["GET"]}}],"collection":[{"href":"https:\/\/enfold.norbou.com\/cs\/wp-json\/wp\/v2\/pages"}],"about":[{"href":"https:\/\/enfold.norbou.com\/cs\/wp-json\/wp\/v2\/types\/page"}],"author":[{"embeddable":true,"href":"https:\/\/enfold.norbou.com\/cs\/wp-json\/wp\/v2\/users\/1"}],"replies":[{"embeddable":true,"href":"https:\/\/enfold.norbou.com\/cs\/wp-json\/wp\/v2\/comments?post=4671"}],"version-history":[{"count":1,"href":"https:\/\/enfold.norbou.com\/cs\/wp-json\/wp\/v2\/pages\/4671\/revisions"}],"predecessor-version":[{"id":4674,"href":"https:\/\/enfold.norbou.com\/cs\/wp-json\/wp\/v2\/pages\/4671\/revisions\/4674"}],"up":[{"embeddable":true,"href":"https:\/\/enfold.norbou.com\/cs\/wp-json\/wp\/v2\/pages\/3413"}],"wp:attachment":[{"href":"https:\/\/enfold.norbou.com\/cs\/wp-json\/wp\/v2\/media?parent=4671"}],"curies":[{"name":"wp","href":"https:\/\/api.w.org\/{rel}","templated":true}]}}